{"id":2313,"date":"2025-09-03T08:30:21","date_gmt":"2025-09-03T06:30:21","guid":{"rendered":"https:\/\/rutana.webdemo.lt\/?post_type=product&#038;p=2313"},"modified":"2025-10-13T15:13:21","modified_gmt":"2025-10-13T13:13:21","slug":"standartinis-segtuvas-no-1-power-a4-75mm-raudonas-811330-esselte","status":"publish","type":"product","link":"https:\/\/rutana.lt\/en\/product\/standartinis-segtuvas-no-1-power-a4-75mm-raudonas-811330-esselte\/","title":{"rendered":"Standartinis segtuvas No.1 Power A4 75mm raudonas 811330 Esselte"},"content":{"rendered":"<div style=\"\">Segtuvas Esselte No.1 Power A4 formato. Su svertiniu mechanizmu. Stiprus mechanizmas, kuris atidaromas ir u\u017efiksuojamas idealiai net po 10000 kart\u0173 panaudojim\u0173. Dengtas raudonos spalvos plastiko pl\u0117vele i\u0161 abiej\u0173 pusi\u0173. Metalu kaustyta apa\u010dia ir kampu\u010diai. Skaidri ki\u0161en\u0117l\u0117 etiketei. Itin tvirtas segtuvas, d\u0117l to ypa\u010d stabilus lentynoje, net tuomet, kai segtuvas visi\u0161kai u\u017epildytas dokumentais. Telpa iki 500 lap\u0173 ( 80 g\/m2 ).<\/p>\n<p style=\"margin-bottom: 10px;\">Formatas: A4<\/p>\n<p style=\"margin-bottom: 10px;\">Segtuvo spalva: raudona <\/p>\n<p style=\"margin-bottom: 10px;\">Nugar\u0117l\u0117s plotis: 75 mm<\/p>\n<p style=\"margin-bottom: 10px;\">Matmenys: 72 x 318 x 290 mm<\/p>\n<p style=\"margin-bottom: 10px;\">Svoris: 0.45 kg <\/p>\n<p style=\"margin-bottom: 10px;\">Kilm\u0117s \u0161alis: Vokietija<\/p>\n<p style=\"margin-bottom: 10px; color: rgb(0, 0, 0); font-size: 14px;\"><\/p>\n<p style=\"margin-bottom: 10px; color: rgb(0, 0, 0); font-size: 14px; text-align: start;\"><\/p>\n<\/div>","protected":false},"excerpt":{"rendered":"<p>Segtuvas Esselte No.1 Power A4 formato. Su svertiniu mechanizmu. Stiprus mechanizmas, kuris atidaromas ir u\u017efiksuojamas idealiai net po 10000 kart\u0173 panaudojim\u0173. Dengtas raudonos spalvos plastiko pl\u0117vele i\u0161 abiej\u0173 pusi\u0173. Metalu kaustyta apa\u010dia ir kampu\u010diai. Skaidri ki\u0161en\u0117l\u0117 etiketei. Itin tvirtas segtuvas, d\u0117l to ypa\u010d stabilus lentynoje, net tuomet, kai segtuvas visi\u0161kai u\u017epildytas dokumentais. Telpa iki 500 [&hellip;]<\/p>","protected":false},"featured_media":24458,"comment_status":"open","ping_status":"closed","template":"","meta":{"_season_start":"","_season_end":"","_season_days":"","_season_months":"","_season_auto_visibility":""},"product_brand":[79],"product_cat":[1742],"product_tag":[],"class_list":{"0":"post-2313","1":"product","2":"type-product","3":"status-publish","4":"has-post-thumbnail","6":"product_brand-esselte","7":"product_cat-standartiniai-segtuvai","9":"first","10":"instock","11":"taxable","12":"shipping-taxable","13":"purchasable","14":"product-type-simple"},"yoast_head":"<!-- This site is optimized with the Yoast SEO plugin v26.1.1 - https:\/\/yoast.com\/wordpress\/plugins\/seo\/ -->\n<title>Standartinis segtuvas No.1 Power A4 75mm raudonas 811330 Esselte - Rutana - Ra\u0161tin\u0117s reikmenys<\/title>\n<meta name=\"robots\" content=\"index, follow, max-snippet:-1, max-image-preview:large, max-video-preview:-1\" \/>\n<link rel=\"canonical\" href=\"https:\/\/rutana.lt\/en\/product\/standartinis-segtuvas-no-1-power-a4-75mm-raudonas-811330-esselte\/\" \/>\n<meta property=\"og:locale\" content=\"en_US\" \/>\n<meta property=\"og:type\" content=\"article\" \/>\n<meta property=\"og:title\" content=\"Standartinis segtuvas No.1 Power A4 75mm raudonas 811330 Esselte - Rutana - Ra\u0161tin\u0117s reikmenys\" \/>\n<meta property=\"og:description\" content=\"Segtuvas Esselte No.1 Power A4 formato. Su svertiniu mechanizmu. Stiprus mechanizmas, kuris atidaromas ir u\u017efiksuojamas idealiai net po 10000 kart\u0173 panaudojim\u0173. Dengtas raudonos spalvos plastiko pl\u0117vele i\u0161 abiej\u0173 pusi\u0173. Metalu kaustyta apa\u010dia ir kampu\u010diai. Skaidri ki\u0161en\u0117l\u0117 etiketei. Itin tvirtas segtuvas, d\u0117l to ypa\u010d stabilus lentynoje, net tuomet, kai segtuvas visi\u0161kai u\u017epildytas dokumentais. Telpa iki 500 [&hellip;]\" \/>\n<meta property=\"og:url\" content=\"https:\/\/rutana.lt\/en\/product\/standartinis-segtuvas-no-1-power-a4-75mm-raudonas-811330-esselte\/\" \/>\n<meta property=\"og:site_name\" content=\"Rutana - Ra\u0161tin\u0117s reikmenys\" \/>\n<meta property=\"article:publisher\" content=\"https:\/\/www.facebook.com\/RutanaKanceliarinesPrekes\/\" \/>\n<meta property=\"article:modified_time\" content=\"2025-10-13T13:13:21+00:00\" \/>\n<meta property=\"og:image\" content=\"https:\/\/rutana.lt\/wp-content\/uploads\/2025\/09\/A155-291.jpg\" \/>\n\t<meta property=\"og:image:width\" content=\"617\" \/>\n\t<meta property=\"og:image:height\" content=\"454\" \/>\n\t<meta property=\"og:image:type\" content=\"image\/jpeg\" \/>\n<meta name=\"twitter:card\" content=\"summary_large_image\" \/>\n<script type=\"application\/ld+json\" class=\"yoast-schema-graph\">{\"@context\":\"https:\/\/schema.org\",\"@graph\":[{\"@type\":\"WebPage\",\"@id\":\"https:\/\/rutana.lt\/produktas\/standartinis-segtuvas-no-1-power-a4-75mm-raudonas-811330-esselte\/\",\"url\":\"https:\/\/rutana.lt\/produktas\/standartinis-segtuvas-no-1-power-a4-75mm-raudonas-811330-esselte\/\",\"name\":\"Standartinis segtuvas No.1 Power A4 75mm raudonas 811330 Esselte - Rutana - Ra\u0161tin\u0117s reikmenys\",\"isPartOf\":{\"@id\":\"https:\/\/rutana.lt\/#website\"},\"primaryImageOfPage\":{\"@id\":\"https:\/\/rutana.lt\/produktas\/standartinis-segtuvas-no-1-power-a4-75mm-raudonas-811330-esselte\/#primaryimage\"},\"image\":{\"@id\":\"https:\/\/rutana.lt\/produktas\/standartinis-segtuvas-no-1-power-a4-75mm-raudonas-811330-esselte\/#primaryimage\"},\"thumbnailUrl\":\"https:\/\/rutana.lt\/wp-content\/uploads\/2025\/09\/A155-291-1.jpg?v=1763623871\",\"datePublished\":\"2025-09-03T06:30:21+00:00\",\"dateModified\":\"2025-10-13T13:13:21+00:00\",\"breadcrumb\":{\"@id\":\"https:\/\/rutana.lt\/produktas\/standartinis-segtuvas-no-1-power-a4-75mm-raudonas-811330-esselte\/#breadcrumb\"},\"inLanguage\":\"en-US\",\"potentialAction\":[{\"@type\":\"ReadAction\",\"target\":[\"https:\/\/rutana.lt\/produktas\/standartinis-segtuvas-no-1-power-a4-75mm-raudonas-811330-esselte\/\"]}]},{\"@type\":\"ImageObject\",\"inLanguage\":\"en-US\",\"@id\":\"https:\/\/rutana.lt\/produktas\/standartinis-segtuvas-no-1-power-a4-75mm-raudonas-811330-esselte\/#primaryimage\",\"url\":\"https:\/\/rutana.lt\/wp-content\/uploads\/2025\/09\/A155-291-1.jpg?v=1763623871\",\"contentUrl\":\"https:\/\/rutana.lt\/wp-content\/uploads\/2025\/09\/A155-291-1.jpg?v=1763623871\",\"width\":617,\"height\":454},{\"@type\":\"BreadcrumbList\",\"@id\":\"https:\/\/rutana.lt\/produktas\/standartinis-segtuvas-no-1-power-a4-75mm-raudonas-811330-esselte\/#breadcrumb\",\"itemListElement\":[{\"@type\":\"ListItem\",\"position\":1,\"name\":\"Home\",\"item\":\"https:\/\/rutana.lt\/\"},{\"@type\":\"ListItem\",\"position\":2,\"name\":\"Parduotuv\u0117\",\"item\":\"https:\/\/rutana.lt\/parduotuve\/\"},{\"@type\":\"ListItem\",\"position\":3,\"name\":\"Standartinis segtuvas No.1 Power A4 75mm raudonas 811330 Esselte\"}]},{\"@type\":\"WebSite\",\"@id\":\"https:\/\/rutana.lt\/#website\",\"url\":\"https:\/\/rutana.lt\/\",\"name\":\"Rutana - Ra\u0161tin\u0117s reikmenys\",\"description\":\"Prekiaujame pasaulin\u0117je rinkoje pripa\u017eintomis, kokybi\u0161komis biuro prek\u0117mis toki\u0173  gamintoj\u0173 kaip: Schneider, Esselte, Novus, 3M, Faber-Castell, Citizen, Milan, Leitz, Colop, Zebra, Staedtler, Durable, Tork, Parker, Waterman ir kt.\",\"publisher\":{\"@id\":\"https:\/\/rutana.lt\/#organization\"},\"potentialAction\":[{\"@type\":\"SearchAction\",\"target\":{\"@type\":\"EntryPoint\",\"urlTemplate\":\"https:\/\/rutana.lt\/?s={search_term_string}\"},\"query-input\":{\"@type\":\"PropertyValueSpecification\",\"valueRequired\":true,\"valueName\":\"search_term_string\"}}],\"inLanguage\":\"en-US\"},{\"@type\":\"Organization\",\"@id\":\"https:\/\/rutana.lt\/#organization\",\"name\":\"Rutana - Ra\u0161tin\u0117s reikmenys\",\"url\":\"https:\/\/rutana.lt\/\",\"logo\":{\"@type\":\"ImageObject\",\"inLanguage\":\"en-US\",\"@id\":\"https:\/\/rutana.lt\/#\/schema\/logo\/image\/\",\"url\":\"https:\/\/rutana.lt\/wp-content\/uploads\/2025\/10\/Asset-32.png\",\"contentUrl\":\"https:\/\/rutana.lt\/wp-content\/uploads\/2025\/10\/Asset-32.png\",\"width\":433,\"height\":119,\"caption\":\"Rutana - Ra\u0161tin\u0117s reikmenys\"},\"image\":{\"@id\":\"https:\/\/rutana.lt\/#\/schema\/logo\/image\/\"},\"sameAs\":[\"https:\/\/www.facebook.com\/RutanaKanceliarinesPrekes\/\"]}]}<\/script>\n<!-- \/ Yoast SEO plugin. -->","yoast_head_json":{"title":"Standartinis segtuvas No.1 Power A4 75mm raudonas 811330 Esselte - Rutana - Ra\u0161tin\u0117s reikmenys","robots":{"index":"index","follow":"follow","max-snippet":"max-snippet:-1","max-image-preview":"max-image-preview:large","max-video-preview":"max-video-preview:-1"},"canonical":"https:\/\/rutana.lt\/en\/product\/standartinis-segtuvas-no-1-power-a4-75mm-raudonas-811330-esselte\/","og_locale":"en_US","og_type":"article","og_title":"Standartinis segtuvas No.1 Power A4 75mm raudonas 811330 Esselte - Rutana - Ra\u0161tin\u0117s reikmenys","og_description":"Segtuvas Esselte No.1 Power A4 formato. Su svertiniu mechanizmu. Stiprus mechanizmas, kuris atidaromas ir u\u017efiksuojamas idealiai net po 10000 kart\u0173 panaudojim\u0173. Dengtas raudonos spalvos plastiko pl\u0117vele i\u0161 abiej\u0173 pusi\u0173. Metalu kaustyta apa\u010dia ir kampu\u010diai. Skaidri ki\u0161en\u0117l\u0117 etiketei. Itin tvirtas segtuvas, d\u0117l to ypa\u010d stabilus lentynoje, net tuomet, kai segtuvas visi\u0161kai u\u017epildytas dokumentais. Telpa iki 500 [&hellip;]","og_url":"https:\/\/rutana.lt\/en\/product\/standartinis-segtuvas-no-1-power-a4-75mm-raudonas-811330-esselte\/","og_site_name":"Rutana - Ra\u0161tin\u0117s reikmenys","article_publisher":"https:\/\/www.facebook.com\/RutanaKanceliarinesPrekes\/","article_modified_time":"2025-10-13T13:13:21+00:00","og_image":[{"width":617,"height":454,"url":"https:\/\/rutana.lt\/wp-content\/uploads\/2025\/09\/A155-291.jpg","type":"image\/jpeg"}],"twitter_card":"summary_large_image","schema":{"@context":"https:\/\/schema.org","@graph":[{"@type":"WebPage","@id":"https:\/\/rutana.lt\/produktas\/standartinis-segtuvas-no-1-power-a4-75mm-raudonas-811330-esselte\/","url":"https:\/\/rutana.lt\/produktas\/standartinis-segtuvas-no-1-power-a4-75mm-raudonas-811330-esselte\/","name":"Standartinis segtuvas No.1 Power A4 75mm raudonas 811330 Esselte - Rutana - Ra\u0161tin\u0117s reikmenys","isPartOf":{"@id":"https:\/\/rutana.lt\/#website"},"primaryImageOfPage":{"@id":"https:\/\/rutana.lt\/produktas\/standartinis-segtuvas-no-1-power-a4-75mm-raudonas-811330-esselte\/#primaryimage"},"image":{"@id":"https:\/\/rutana.lt\/produktas\/standartinis-segtuvas-no-1-power-a4-75mm-raudonas-811330-esselte\/#primaryimage"},"thumbnailUrl":"https:\/\/rutana.lt\/wp-content\/uploads\/2025\/09\/A155-291-1.jpg?v=1763623871","datePublished":"2025-09-03T06:30:21+00:00","dateModified":"2025-10-13T13:13:21+00:00","breadcrumb":{"@id":"https:\/\/rutana.lt\/produktas\/standartinis-segtuvas-no-1-power-a4-75mm-raudonas-811330-esselte\/#breadcrumb"},"inLanguage":"en-US","potentialAction":[{"@type":"ReadAction","target":["https:\/\/rutana.lt\/produktas\/standartinis-segtuvas-no-1-power-a4-75mm-raudonas-811330-esselte\/"]}]},{"@type":"ImageObject","inLanguage":"en-US","@id":"https:\/\/rutana.lt\/produktas\/standartinis-segtuvas-no-1-power-a4-75mm-raudonas-811330-esselte\/#primaryimage","url":"https:\/\/rutana.lt\/wp-content\/uploads\/2025\/09\/A155-291-1.jpg?v=1763623871","contentUrl":"https:\/\/rutana.lt\/wp-content\/uploads\/2025\/09\/A155-291-1.jpg?v=1763623871","width":617,"height":454},{"@type":"BreadcrumbList","@id":"https:\/\/rutana.lt\/produktas\/standartinis-segtuvas-no-1-power-a4-75mm-raudonas-811330-esselte\/#breadcrumb","itemListElement":[{"@type":"ListItem","position":1,"name":"Home","item":"https:\/\/rutana.lt\/"},{"@type":"ListItem","position":2,"name":"Parduotuv\u0117","item":"https:\/\/rutana.lt\/parduotuve\/"},{"@type":"ListItem","position":3,"name":"Standartinis segtuvas No.1 Power A4 75mm raudonas 811330 Esselte"}]},{"@type":"WebSite","@id":"https:\/\/rutana.lt\/#website","url":"https:\/\/rutana.lt\/","name":"Rutana - Ra\u0161tin\u0117s reikmenys","description":"Prekiaujame pasaulin\u0117je rinkoje pripa\u017eintomis, kokybi\u0161komis biuro prek\u0117mis toki\u0173  gamintoj\u0173 kaip: Schneider, Esselte, Novus, 3M, Faber-Castell, Citizen, Milan, Leitz, Colop, Zebra, Staedtler, Durable, Tork, Parker, Waterman ir kt.","publisher":{"@id":"https:\/\/rutana.lt\/#organization"},"potentialAction":[{"@type":"SearchAction","target":{"@type":"EntryPoint","urlTemplate":"https:\/\/rutana.lt\/?s={search_term_string}"},"query-input":{"@type":"PropertyValueSpecification","valueRequired":true,"valueName":"search_term_string"}}],"inLanguage":"en-US"},{"@type":"Organization","@id":"https:\/\/rutana.lt\/#organization","name":"Rutana - Ra\u0161tin\u0117s reikmenys","url":"https:\/\/rutana.lt\/","logo":{"@type":"ImageObject","inLanguage":"en-US","@id":"https:\/\/rutana.lt\/#\/schema\/logo\/image\/","url":"https:\/\/rutana.lt\/wp-content\/uploads\/2025\/10\/Asset-32.png","contentUrl":"https:\/\/rutana.lt\/wp-content\/uploads\/2025\/10\/Asset-32.png","width":433,"height":119,"caption":"Rutana - Ra\u0161tin\u0117s reikmenys"},"image":{"@id":"https:\/\/rutana.lt\/#\/schema\/logo\/image\/"},"sameAs":["https:\/\/www.facebook.com\/RutanaKanceliarinesPrekes\/"]}]}},"_links":{"self":[{"href":"https:\/\/rutana.lt\/en\/wp-json\/wp\/v2\/product\/2313","targetHints":{"allow":["GET"]}}],"collection":[{"href":"https:\/\/rutana.lt\/en\/wp-json\/wp\/v2\/product"}],"about":[{"href":"https:\/\/rutana.lt\/en\/wp-json\/wp\/v2\/types\/product"}],"replies":[{"embeddable":true,"href":"https:\/\/rutana.lt\/en\/wp-json\/wp\/v2\/comments?post=2313"}],"version-history":[{"count":1,"href":"https:\/\/rutana.lt\/en\/wp-json\/wp\/v2\/product\/2313\/revisions"}],"predecessor-version":[{"id":2345,"href":"https:\/\/rutana.lt\/en\/wp-json\/wp\/v2\/product\/2313\/revisions\/2345"}],"wp:featuredmedia":[{"embeddable":true,"href":"https:\/\/rutana.lt\/en\/wp-json\/wp\/v2\/media\/24458"}],"wp:attachment":[{"href":"https:\/\/rutana.lt\/en\/wp-json\/wp\/v2\/media?parent=2313"}],"wp:term":[{"taxonomy":"product_brand","embeddable":true,"href":"https:\/\/rutana.lt\/en\/wp-json\/wp\/v2\/product_brand?post=2313"},{"taxonomy":"product_cat","embeddable":true,"href":"https:\/\/rutana.lt\/en\/wp-json\/wp\/v2\/product_cat?post=2313"},{"taxonomy":"product_tag","embeddable":true,"href":"https:\/\/rutana.lt\/en\/wp-json\/wp\/v2\/product_tag?post=2313"}],"curies":[{"name":"wp","href":"https:\/\/api.w.org\/{rel}","templated":true}]}}