{"id":20724,"date":"2025-09-03T10:15:09","date_gmt":"2025-09-03T08:15:09","guid":{"rendered":"https:\/\/rutana.webdemo.lt\/?post_type=product&#038;p=20724"},"modified":"2025-10-13T16:02:37","modified_gmt":"2025-10-13T14:02:37","slug":"deklas-kartoninis-su-gumele-pastelini-a4-35mm-alyvines-sp-axent-47844","status":"publish","type":"product","link":"https:\/\/rutana.lt\/en\/product\/deklas-kartoninis-su-gumele-pastelini-a4-35mm-alyvines-sp-axent-47844\/","title":{"rendered":"D\u0117klas kartoninis su gumele &#8222;Pastelini&#8221; A4 35mm alyvin\u0117s sp. Axent 47844"},"content":{"rendered":"<p>D\u0117klas, pagamintas i\u0161 kieto laminuoto kartono, puikiai tinka popieriaus lapams, s\u0105siuviniams, albumams, knygoms ir kt. laikyti. Trys vidiniai atvartai ir elastin\u0117s gumel\u0117s u\u017esegimas u\u017etikrina, kad svarb\u016bs dokumentai iki A4 formato b\u016bt\u0173 gerai apsaugoti d\u0117kle ir negal\u0117t\u0173 i\u0161kristi.<\/p>\n<p>Formatas: A4<\/p>\n<p>Nugar\u0117l\u0117s plotis: 35 mm<\/p>\n<p>Kartono storis: 430 mikron\u0173<\/p>\n<p>Spalva: alyvin\u0117<\/p>\n<p>Kilm\u0117s \u0161alis: ES<\/p>","protected":false},"excerpt":{"rendered":"<p>D\u0117klas, pagamintas i\u0161 kieto laminuoto kartono, puikiai tinka popieriaus lapams, s\u0105siuviniams, albumams, knygoms ir kt. laikyti. Trys vidiniai atvartai ir elastin\u0117s gumel\u0117s u\u017esegimas u\u017etikrina, kad svarb\u016bs dokumentai iki A4 formato b\u016bt\u0173 gerai apsaugoti d\u0117kle ir negal\u0117t\u0173 i\u0161kristi. Formatas: A4 Nugar\u0117l\u0117s plotis: 35 mm Kartono storis: 430 mikron\u0173 Spalva: alyvin\u0117 Kilm\u0117s \u0161alis: ES<\/p>","protected":false},"featured_media":30483,"comment_status":"open","ping_status":"closed","template":"","meta":{"_season_start":"","_season_end":"","_season_days":"","_season_months":"","_season_auto_visibility":""},"product_brand":[1013],"product_cat":[1610],"product_tag":[],"class_list":{"0":"post-20724","1":"product","2":"type-product","3":"status-publish","4":"has-post-thumbnail","6":"product_brand-axent","7":"product_cat-kartoniniai-segtuvai-ir-aplankai","9":"first","10":"instock","11":"taxable","12":"shipping-taxable","13":"purchasable","14":"product-type-simple"},"yoast_head":"<!-- This site is optimized with the Yoast SEO plugin v27.4 - https:\/\/yoast.com\/product\/yoast-seo-wordpress\/ -->\n<title>D\u0117klas kartoninis su gumele &quot;Pastelini&quot; A4 35mm alyvin\u0117s sp. Axent 47844 - Rutana - Ra\u0161tin\u0117s reikmenys<\/title>\n<meta name=\"robots\" content=\"index, follow, max-snippet:-1, max-image-preview:large, max-video-preview:-1\" \/>\n<link rel=\"canonical\" href=\"https:\/\/rutana.lt\/en\/product\/deklas-kartoninis-su-gumele-pastelini-a4-35mm-alyvines-sp-axent-47844\/\" \/>\n<meta property=\"og:locale\" content=\"en_US\" \/>\n<meta property=\"og:type\" content=\"article\" \/>\n<meta property=\"og:title\" content=\"D\u0117klas kartoninis su gumele &quot;Pastelini&quot; A4 35mm alyvin\u0117s sp. Axent 47844 - Rutana - Ra\u0161tin\u0117s reikmenys\" \/>\n<meta property=\"og:description\" content=\"D\u0117klas, pagamintas i\u0161 kieto laminuoto kartono, puikiai tinka popieriaus lapams, s\u0105siuviniams, albumams, knygoms ir kt. laikyti. Trys vidiniai atvartai ir elastin\u0117s gumel\u0117s u\u017esegimas u\u017etikrina, kad svarb\u016bs dokumentai iki A4 formato b\u016bt\u0173 gerai apsaugoti d\u0117kle ir negal\u0117t\u0173 i\u0161kristi. Formatas: A4 Nugar\u0117l\u0117s plotis: 35 mm Kartono storis: 430 mikron\u0173 Spalva: alyvin\u0117 Kilm\u0117s \u0161alis: ES\" \/>\n<meta property=\"og:url\" content=\"https:\/\/rutana.lt\/en\/product\/deklas-kartoninis-su-gumele-pastelini-a4-35mm-alyvines-sp-axent-47844\/\" \/>\n<meta property=\"og:site_name\" content=\"Rutana - Ra\u0161tin\u0117s reikmenys\" \/>\n<meta property=\"article:publisher\" content=\"https:\/\/www.facebook.com\/RutanaKanceliarinesPrekes\/\" \/>\n<meta property=\"article:modified_time\" content=\"2025-10-13T14:02:37+00:00\" \/>\n<meta property=\"og:image\" content=\"https:\/\/rutana.lt\/wp-content\/uploads\/2025\/09\/D028-411.jpg\" \/>\n\t<meta property=\"og:image:width\" content=\"1000\" \/>\n\t<meta property=\"og:image:height\" content=\"1000\" \/>\n\t<meta property=\"og:image:type\" content=\"image\/jpeg\" \/>\n<meta name=\"twitter:card\" content=\"summary_large_image\" \/>\n<script type=\"application\/ld+json\" class=\"yoast-schema-graph\">{\"@context\":\"https:\\\/\\\/schema.org\",\"@graph\":[{\"@type\":\"WebPage\",\"@id\":\"https:\\\/\\\/rutana.lt\\\/produktas\\\/deklas-kartoninis-su-gumele-pastelini-a4-35mm-alyvines-sp-axent-47844\\\/\",\"url\":\"https:\\\/\\\/rutana.lt\\\/produktas\\\/deklas-kartoninis-su-gumele-pastelini-a4-35mm-alyvines-sp-axent-47844\\\/\",\"name\":\"D\u0117klas kartoninis su gumele \\\"Pastelini\\\" A4 35mm alyvin\u0117s sp. Axent 47844 - Rutana - Ra\u0161tin\u0117s reikmenys\",\"isPartOf\":{\"@id\":\"https:\\\/\\\/rutana.lt\\\/#website\"},\"primaryImageOfPage\":{\"@id\":\"https:\\\/\\\/rutana.lt\\\/produktas\\\/deklas-kartoninis-su-gumele-pastelini-a4-35mm-alyvines-sp-axent-47844\\\/#primaryimage\"},\"image\":{\"@id\":\"https:\\\/\\\/rutana.lt\\\/produktas\\\/deklas-kartoninis-su-gumele-pastelini-a4-35mm-alyvines-sp-axent-47844\\\/#primaryimage\"},\"thumbnailUrl\":\"https:\\\/\\\/rutana.lt\\\/wp-content\\\/uploads\\\/2025\\\/09\\\/D028-411-2.jpg?v=1763562824\",\"datePublished\":\"2025-09-03T08:15:09+00:00\",\"dateModified\":\"2025-10-13T14:02:37+00:00\",\"breadcrumb\":{\"@id\":\"https:\\\/\\\/rutana.lt\\\/produktas\\\/deklas-kartoninis-su-gumele-pastelini-a4-35mm-alyvines-sp-axent-47844\\\/#breadcrumb\"},\"inLanguage\":\"en-US\",\"potentialAction\":[{\"@type\":\"ReadAction\",\"target\":[\"https:\\\/\\\/rutana.lt\\\/produktas\\\/deklas-kartoninis-su-gumele-pastelini-a4-35mm-alyvines-sp-axent-47844\\\/\"]}]},{\"@type\":\"ImageObject\",\"inLanguage\":\"en-US\",\"@id\":\"https:\\\/\\\/rutana.lt\\\/produktas\\\/deklas-kartoninis-su-gumele-pastelini-a4-35mm-alyvines-sp-axent-47844\\\/#primaryimage\",\"url\":\"https:\\\/\\\/rutana.lt\\\/wp-content\\\/uploads\\\/2025\\\/09\\\/D028-411-2.jpg?v=1763562824\",\"contentUrl\":\"https:\\\/\\\/rutana.lt\\\/wp-content\\\/uploads\\\/2025\\\/09\\\/D028-411-2.jpg?v=1763562824\",\"width\":1000,\"height\":1000},{\"@type\":\"BreadcrumbList\",\"@id\":\"https:\\\/\\\/rutana.lt\\\/produktas\\\/deklas-kartoninis-su-gumele-pastelini-a4-35mm-alyvines-sp-axent-47844\\\/#breadcrumb\",\"itemListElement\":[{\"@type\":\"ListItem\",\"position\":1,\"name\":\"Home\",\"item\":\"https:\\\/\\\/rutana.lt\\\/\"},{\"@type\":\"ListItem\",\"position\":2,\"name\":\"Parduotuv\u0117\",\"item\":\"https:\\\/\\\/rutana.lt\\\/parduotuve\\\/\"},{\"@type\":\"ListItem\",\"position\":3,\"name\":\"D\u0117klas kartoninis su gumele &#8222;Pastelini&#8221; A4 35mm alyvin\u0117s sp. Axent 47844\"}]},{\"@type\":\"WebSite\",\"@id\":\"https:\\\/\\\/rutana.lt\\\/#website\",\"url\":\"https:\\\/\\\/rutana.lt\\\/\",\"name\":\"Rutana - Ra\u0161tin\u0117s reikmenys\",\"description\":\"Prekiaujame pasaulin\u0117je rinkoje pripa\u017eintomis, kokybi\u0161komis biuro prek\u0117mis toki\u0173  gamintoj\u0173 kaip: Schneider, Esselte, Novus, 3M, Faber-Castell, Citizen, Milan, Leitz, Colop, Zebra, Staedtler, Durable, Tork, Parker, Waterman ir kt.\",\"publisher\":{\"@id\":\"https:\\\/\\\/rutana.lt\\\/#organization\"},\"potentialAction\":[{\"@type\":\"SearchAction\",\"target\":{\"@type\":\"EntryPoint\",\"urlTemplate\":\"https:\\\/\\\/rutana.lt\\\/?s={search_term_string}\"},\"query-input\":{\"@type\":\"PropertyValueSpecification\",\"valueRequired\":true,\"valueName\":\"search_term_string\"}}],\"inLanguage\":\"en-US\"},{\"@type\":\"Organization\",\"@id\":\"https:\\\/\\\/rutana.lt\\\/#organization\",\"name\":\"Rutana - Ra\u0161tin\u0117s reikmenys\",\"url\":\"https:\\\/\\\/rutana.lt\\\/\",\"logo\":{\"@type\":\"ImageObject\",\"inLanguage\":\"en-US\",\"@id\":\"https:\\\/\\\/rutana.lt\\\/#\\\/schema\\\/logo\\\/image\\\/\",\"url\":\"https:\\\/\\\/rutana.lt\\\/wp-content\\\/uploads\\\/2025\\\/10\\\/Asset-32.png\",\"contentUrl\":\"https:\\\/\\\/rutana.lt\\\/wp-content\\\/uploads\\\/2025\\\/10\\\/Asset-32.png\",\"width\":433,\"height\":119,\"caption\":\"Rutana - Ra\u0161tin\u0117s reikmenys\"},\"image\":{\"@id\":\"https:\\\/\\\/rutana.lt\\\/#\\\/schema\\\/logo\\\/image\\\/\"},\"sameAs\":[\"https:\\\/\\\/www.facebook.com\\\/RutanaKanceliarinesPrekes\\\/\"]}]}<\/script>\n<!-- \/ Yoast SEO plugin. -->","yoast_head_json":{"title":"D\u0117klas kartoninis su gumele \"Pastelini\" A4 35mm alyvin\u0117s sp. Axent 47844 - Rutana - Ra\u0161tin\u0117s reikmenys","robots":{"index":"index","follow":"follow","max-snippet":"max-snippet:-1","max-image-preview":"max-image-preview:large","max-video-preview":"max-video-preview:-1"},"canonical":"https:\/\/rutana.lt\/en\/product\/deklas-kartoninis-su-gumele-pastelini-a4-35mm-alyvines-sp-axent-47844\/","og_locale":"en_US","og_type":"article","og_title":"D\u0117klas kartoninis su gumele \"Pastelini\" A4 35mm alyvin\u0117s sp. Axent 47844 - Rutana - Ra\u0161tin\u0117s reikmenys","og_description":"D\u0117klas, pagamintas i\u0161 kieto laminuoto kartono, puikiai tinka popieriaus lapams, s\u0105siuviniams, albumams, knygoms ir kt. laikyti. Trys vidiniai atvartai ir elastin\u0117s gumel\u0117s u\u017esegimas u\u017etikrina, kad svarb\u016bs dokumentai iki A4 formato b\u016bt\u0173 gerai apsaugoti d\u0117kle ir negal\u0117t\u0173 i\u0161kristi. Formatas: A4 Nugar\u0117l\u0117s plotis: 35 mm Kartono storis: 430 mikron\u0173 Spalva: alyvin\u0117 Kilm\u0117s \u0161alis: ES","og_url":"https:\/\/rutana.lt\/en\/product\/deklas-kartoninis-su-gumele-pastelini-a4-35mm-alyvines-sp-axent-47844\/","og_site_name":"Rutana - Ra\u0161tin\u0117s reikmenys","article_publisher":"https:\/\/www.facebook.com\/RutanaKanceliarinesPrekes\/","article_modified_time":"2025-10-13T14:02:37+00:00","og_image":[{"width":1000,"height":1000,"url":"https:\/\/rutana.lt\/wp-content\/uploads\/2025\/09\/D028-411.jpg","type":"image\/jpeg"}],"twitter_card":"summary_large_image","schema":{"@context":"https:\/\/schema.org","@graph":[{"@type":"WebPage","@id":"https:\/\/rutana.lt\/produktas\/deklas-kartoninis-su-gumele-pastelini-a4-35mm-alyvines-sp-axent-47844\/","url":"https:\/\/rutana.lt\/produktas\/deklas-kartoninis-su-gumele-pastelini-a4-35mm-alyvines-sp-axent-47844\/","name":"D\u0117klas kartoninis su gumele \"Pastelini\" A4 35mm alyvin\u0117s sp. Axent 47844 - Rutana - Ra\u0161tin\u0117s reikmenys","isPartOf":{"@id":"https:\/\/rutana.lt\/#website"},"primaryImageOfPage":{"@id":"https:\/\/rutana.lt\/produktas\/deklas-kartoninis-su-gumele-pastelini-a4-35mm-alyvines-sp-axent-47844\/#primaryimage"},"image":{"@id":"https:\/\/rutana.lt\/produktas\/deklas-kartoninis-su-gumele-pastelini-a4-35mm-alyvines-sp-axent-47844\/#primaryimage"},"thumbnailUrl":"https:\/\/rutana.lt\/wp-content\/uploads\/2025\/09\/D028-411-2.jpg?v=1763562824","datePublished":"2025-09-03T08:15:09+00:00","dateModified":"2025-10-13T14:02:37+00:00","breadcrumb":{"@id":"https:\/\/rutana.lt\/produktas\/deklas-kartoninis-su-gumele-pastelini-a4-35mm-alyvines-sp-axent-47844\/#breadcrumb"},"inLanguage":"en-US","potentialAction":[{"@type":"ReadAction","target":["https:\/\/rutana.lt\/produktas\/deklas-kartoninis-su-gumele-pastelini-a4-35mm-alyvines-sp-axent-47844\/"]}]},{"@type":"ImageObject","inLanguage":"en-US","@id":"https:\/\/rutana.lt\/produktas\/deklas-kartoninis-su-gumele-pastelini-a4-35mm-alyvines-sp-axent-47844\/#primaryimage","url":"https:\/\/rutana.lt\/wp-content\/uploads\/2025\/09\/D028-411-2.jpg?v=1763562824","contentUrl":"https:\/\/rutana.lt\/wp-content\/uploads\/2025\/09\/D028-411-2.jpg?v=1763562824","width":1000,"height":1000},{"@type":"BreadcrumbList","@id":"https:\/\/rutana.lt\/produktas\/deklas-kartoninis-su-gumele-pastelini-a4-35mm-alyvines-sp-axent-47844\/#breadcrumb","itemListElement":[{"@type":"ListItem","position":1,"name":"Home","item":"https:\/\/rutana.lt\/"},{"@type":"ListItem","position":2,"name":"Parduotuv\u0117","item":"https:\/\/rutana.lt\/parduotuve\/"},{"@type":"ListItem","position":3,"name":"D\u0117klas kartoninis su gumele &#8222;Pastelini&#8221; A4 35mm alyvin\u0117s sp. Axent 47844"}]},{"@type":"WebSite","@id":"https:\/\/rutana.lt\/#website","url":"https:\/\/rutana.lt\/","name":"Rutana - Ra\u0161tin\u0117s reikmenys","description":"Prekiaujame pasaulin\u0117je rinkoje pripa\u017eintomis, kokybi\u0161komis biuro prek\u0117mis toki\u0173  gamintoj\u0173 kaip: Schneider, Esselte, Novus, 3M, Faber-Castell, Citizen, Milan, Leitz, Colop, Zebra, Staedtler, Durable, Tork, Parker, Waterman ir kt.","publisher":{"@id":"https:\/\/rutana.lt\/#organization"},"potentialAction":[{"@type":"SearchAction","target":{"@type":"EntryPoint","urlTemplate":"https:\/\/rutana.lt\/?s={search_term_string}"},"query-input":{"@type":"PropertyValueSpecification","valueRequired":true,"valueName":"search_term_string"}}],"inLanguage":"en-US"},{"@type":"Organization","@id":"https:\/\/rutana.lt\/#organization","name":"Rutana - Ra\u0161tin\u0117s reikmenys","url":"https:\/\/rutana.lt\/","logo":{"@type":"ImageObject","inLanguage":"en-US","@id":"https:\/\/rutana.lt\/#\/schema\/logo\/image\/","url":"https:\/\/rutana.lt\/wp-content\/uploads\/2025\/10\/Asset-32.png","contentUrl":"https:\/\/rutana.lt\/wp-content\/uploads\/2025\/10\/Asset-32.png","width":433,"height":119,"caption":"Rutana - Ra\u0161tin\u0117s reikmenys"},"image":{"@id":"https:\/\/rutana.lt\/#\/schema\/logo\/image\/"},"sameAs":["https:\/\/www.facebook.com\/RutanaKanceliarinesPrekes\/"]}]}},"_links":{"self":[{"href":"https:\/\/rutana.lt\/en\/wp-json\/wp\/v2\/product\/20724","targetHints":{"allow":["GET"]}}],"collection":[{"href":"https:\/\/rutana.lt\/en\/wp-json\/wp\/v2\/product"}],"about":[{"href":"https:\/\/rutana.lt\/en\/wp-json\/wp\/v2\/types\/product"}],"replies":[{"embeddable":true,"href":"https:\/\/rutana.lt\/en\/wp-json\/wp\/v2\/comments?post=20724"}],"version-history":[{"count":1,"href":"https:\/\/rutana.lt\/en\/wp-json\/wp\/v2\/product\/20724\/revisions"}],"predecessor-version":[{"id":20757,"href":"https:\/\/rutana.lt\/en\/wp-json\/wp\/v2\/product\/20724\/revisions\/20757"}],"wp:featuredmedia":[{"embeddable":true,"href":"https:\/\/rutana.lt\/en\/wp-json\/wp\/v2\/media\/30483"}],"wp:attachment":[{"href":"https:\/\/rutana.lt\/en\/wp-json\/wp\/v2\/media?parent=20724"}],"wp:term":[{"taxonomy":"product_brand","embeddable":true,"href":"https:\/\/rutana.lt\/en\/wp-json\/wp\/v2\/product_brand?post=20724"},{"taxonomy":"product_cat","embeddable":true,"href":"https:\/\/rutana.lt\/en\/wp-json\/wp\/v2\/product_cat?post=20724"},{"taxonomy":"product_tag","embeddable":true,"href":"https:\/\/rutana.lt\/en\/wp-json\/wp\/v2\/product_tag?post=20724"}],"curies":[{"name":"wp","href":"https:\/\/api.w.org\/{rel}","templated":true}]}}