{"id":20720,"date":"2025-09-03T10:15:08","date_gmt":"2025-09-03T08:15:08","guid":{"rendered":"https:\/\/rutana.webdemo.lt\/?post_type=product&#038;p=20720"},"modified":"2025-10-13T16:02:35","modified_gmt":"2025-10-13T14:02:35","slug":"parkeris-kapsulinis-desiniarankiams-griffix-4-r-lovely-pink-pelikan-820301","status":"publish","type":"product","link":"https:\/\/rutana.lt\/en\/product\/parkeris-kapsulinis-desiniarankiams-griffix-4-r-lovely-pink-pelikan-820301\/","title":{"rendered":"Parkeris kapsulinis de\u0161iniarankiams Griffix 4 R Lovely Pink Pelikan 820301"},"content":{"rendered":"<p style=\"margin-bottom: 0px; padding: 0px; border: 0px; font-variant-numeric: inherit; font-variant-east-asian: inherit; font-stretch: inherit; line-height: inherit; vertical-align: baseline;\">Gamintojas Pelikan pristato pirm\u0105 pasaulyje ra\u0161ymo priemoni\u0173 sistem\u0105 GRIFFIX &#8211; \u017eingsnis po \u017eingsnio. Ra\u0161ymo priemon\u0117s skirtos j\u016bs\u0173 vaik\u0105 i\u0161mokinti teisingai ra\u0161yti. Sistema susideda i\u0161:<\/p>\n<p style=\"margin-bottom: 0px; padding: 0px; border: 0px; font-variant-numeric: inherit; font-variant-east-asian: inherit; font-stretch: inherit; line-height: inherit; vertical-align: baseline;\">1 \u017eingsnis : ra\u0161ymo priemon\u0117s ra\u0161yti ( pie\u0161ti ) kreida -1vnt. + 2 papildomos \u0161erdel\u0117s.<\/p>\n<p style=\"margin-bottom: 0px; padding: 0px; border: 0px; font-variant-numeric: inherit; font-variant-east-asian: inherit; font-stretch: inherit; line-height: inherit; vertical-align: baseline;\">2 \u017eingsnis : ra\u0161ymo priemon\u0117s ra\u0161yti ( pie\u0161ti ) grafitu -1vnt. + 2 papildomos \u0161erdel\u0117s.<\/p>\n<p style=\"margin-bottom: 0px; padding: 0px; border: 0px; font-variant-numeric: inherit; font-variant-east-asian: inherit; font-stretch: inherit; line-height: inherit; vertical-align: baseline;\">3 \u017eingsnis : ra\u0161iklio -1vnt. + 1 papildoma kapsul\u0117.<\/p>\n<p>Plunksnako\u010diai yra 4-as keturi\u0173 lygi\u0173 griffix\u00ae mokymosi ra\u0161yti sistemos lygis \u2013 mokymosi ra\u0161yti vir\u0161\u016bn\u0117. Su plunksnako\u010diu vaikai mokosi taisyklingai ra\u0161yti ir optimizuoti sklandan\u010dius ra\u0161ymo judesius. Sl\u0117giui atsparus ner\u016bdijan\u010dio plieno antgalis pradedantiesiems lengvai slysta per popieri\u0173 ir palieka gra\u017e\u0173 bei \u0161var\u0173 \u0161rift\u0105. Didelis ra\u0161alo langelis leid\u017eia optimaliai valdyti ra\u0161alo lyg\u012f.<\/p>\n<p>Ergonomi\u0161kas griffix\u00ae ra\u0161ymo priemoni\u0173 dizainas skatina taisykling\u0105 rankos pad\u0117t\u012f nat\u016braliam ir atsipalaidavusiam ra\u0161ymui kiekviename mokymosi etape, nes visi ra\u0161ikliai \u2013 nuo kreidini\u0173 ra\u0161ikli\u0173 iki pie\u0161tuk\u0173, kapsulini\u0173 ra\u0161ikli\u0173, iki mokyklini\u0173 plunksnako\u010di\u0173 \u2013 yra optimaliai pritaikyti prie individualaus mokymosi lygio. D\u0117l vienodos \u012fleistos rankenos koncepcijos vaikui nebereikia keisti rankos pad\u0117ties i\u0161 vieno lygio \u012f kit\u0105 nuoseklaus mokymosi ra\u0161yti sistemoje. Laimingas veidas rodo, kad ra\u0161iklis laikomas teisingai. Griffix\u00ae optimaliai palaiko vaiko rank\u0105 viso mokymosi ra\u0161yti proceso metu \u2013 nuo \u200b\u200bpat prad\u017ei\u0173.<\/p>\n<p>I\u0161mokti ra\u0161yti smagu naudojant Griffix\u00ae.<\/p>\n<p>Korpuso spalva: lovely pink ( ro\u017ein\u0117 )<\/p>\n<p>Tinkamas: de\u0161iniarankiams<\/p>\n<p>Kilm\u0117s \u0161alis: Vokietija<\/p>\n<p><\/p>\n<p><iframe src=\"\/\/www.youtube.com\/embed\/bfxNkhZSPwk\" width=\"640\" height=\"360\" frameborder=\"0\"><\/iframe><\/p>\n<p><\/p>\n<p><\/p>","protected":false},"excerpt":{"rendered":"<p>Gamintojas Pelikan pristato pirm\u0105 pasaulyje ra\u0161ymo priemoni\u0173 sistem\u0105 GRIFFIX &#8211; \u017eingsnis po \u017eingsnio. Ra\u0161ymo priemon\u0117s skirtos j\u016bs\u0173 vaik\u0105 i\u0161mokinti teisingai ra\u0161yti. Sistema susideda i\u0161: 1 \u017eingsnis : ra\u0161ymo priemon\u0117s ra\u0161yti ( pie\u0161ti ) kreida -1vnt. + 2 papildomos \u0161erdel\u0117s. 2 \u017eingsnis : ra\u0161ymo priemon\u0117s ra\u0161yti ( pie\u0161ti ) grafitu -1vnt. + 2 papildomos \u0161erdel\u0117s. 3 [&hellip;]<\/p>","protected":false},"featured_media":30479,"comment_status":"open","ping_status":"closed","template":"","meta":{"_season_start":"","_season_end":"","_season_days":"","_season_months":"","_season_auto_visibility":""},"product_brand":[540],"product_cat":[1537],"product_tag":[],"class_list":{"0":"post-20720","1":"product","2":"type-product","3":"status-publish","4":"has-post-thumbnail","6":"product_brand-pelikan","7":"product_cat-mokykliniai-parkeriai-mokyklines-prekes","9":"first","10":"instock","11":"taxable","12":"shipping-taxable","13":"purchasable","14":"product-type-simple"},"yoast_head":"<!-- This site is optimized with the Yoast SEO plugin v26.1.1 - https:\/\/yoast.com\/wordpress\/plugins\/seo\/ -->\n<title>Parkeris kapsulinis de\u0161iniarankiams Griffix 4 R Lovely Pink Pelikan 820301 - Rutana - Ra\u0161tin\u0117s reikmenys<\/title>\n<meta name=\"robots\" content=\"index, follow, max-snippet:-1, max-image-preview:large, max-video-preview:-1\" \/>\n<link rel=\"canonical\" href=\"https:\/\/rutana.lt\/en\/product\/parkeris-kapsulinis-desiniarankiams-griffix-4-r-lovely-pink-pelikan-820301\/\" \/>\n<meta property=\"og:locale\" content=\"en_US\" \/>\n<meta property=\"og:type\" content=\"article\" \/>\n<meta property=\"og:title\" content=\"Parkeris kapsulinis de\u0161iniarankiams Griffix 4 R Lovely Pink Pelikan 820301 - Rutana - Ra\u0161tin\u0117s reikmenys\" \/>\n<meta property=\"og:description\" content=\"Gamintojas Pelikan pristato pirm\u0105 pasaulyje ra\u0161ymo priemoni\u0173 sistem\u0105 GRIFFIX &#8211; \u017eingsnis po \u017eingsnio. Ra\u0161ymo priemon\u0117s skirtos j\u016bs\u0173 vaik\u0105 i\u0161mokinti teisingai ra\u0161yti. Sistema susideda i\u0161: 1 \u017eingsnis : ra\u0161ymo priemon\u0117s ra\u0161yti ( pie\u0161ti ) kreida -1vnt. + 2 papildomos \u0161erdel\u0117s. 2 \u017eingsnis : ra\u0161ymo priemon\u0117s ra\u0161yti ( pie\u0161ti ) grafitu -1vnt. + 2 papildomos \u0161erdel\u0117s. 3 [&hellip;]\" \/>\n<meta property=\"og:url\" content=\"https:\/\/rutana.lt\/en\/product\/parkeris-kapsulinis-desiniarankiams-griffix-4-r-lovely-pink-pelikan-820301\/\" \/>\n<meta property=\"og:site_name\" content=\"Rutana - Ra\u0161tin\u0117s reikmenys\" \/>\n<meta property=\"article:publisher\" content=\"https:\/\/www.facebook.com\/RutanaKanceliarinesPrekes\/\" \/>\n<meta property=\"article:modified_time\" content=\"2025-10-13T14:02:35+00:00\" \/>\n<meta property=\"og:image\" content=\"https:\/\/rutana.lt\/wp-content\/uploads\/2025\/09\/C051-291.jpg\" \/>\n\t<meta property=\"og:image:width\" content=\"1000\" \/>\n\t<meta property=\"og:image:height\" content=\"1000\" \/>\n\t<meta property=\"og:image:type\" content=\"image\/jpeg\" \/>\n<meta name=\"twitter:card\" content=\"summary_large_image\" \/>\n<meta name=\"twitter:label1\" content=\"Est. reading time\" \/>\n\t<meta name=\"twitter:data1\" content=\"1 minute\" \/>\n<script type=\"application\/ld+json\" class=\"yoast-schema-graph\">{\"@context\":\"https:\/\/schema.org\",\"@graph\":[{\"@type\":\"WebPage\",\"@id\":\"https:\/\/rutana.lt\/produktas\/parkeris-kapsulinis-desiniarankiams-griffix-4-r-lovely-pink-pelikan-820301\/\",\"url\":\"https:\/\/rutana.lt\/produktas\/parkeris-kapsulinis-desiniarankiams-griffix-4-r-lovely-pink-pelikan-820301\/\",\"name\":\"Parkeris kapsulinis de\u0161iniarankiams Griffix 4 R Lovely Pink Pelikan 820301 - Rutana - Ra\u0161tin\u0117s reikmenys\",\"isPartOf\":{\"@id\":\"https:\/\/rutana.lt\/#website\"},\"primaryImageOfPage\":{\"@id\":\"https:\/\/rutana.lt\/produktas\/parkeris-kapsulinis-desiniarankiams-griffix-4-r-lovely-pink-pelikan-820301\/#primaryimage\"},\"image\":{\"@id\":\"https:\/\/rutana.lt\/produktas\/parkeris-kapsulinis-desiniarankiams-griffix-4-r-lovely-pink-pelikan-820301\/#primaryimage\"},\"thumbnailUrl\":\"https:\/\/rutana.lt\/wp-content\/uploads\/2025\/09\/C051-291-2.jpg?v=1763562831\",\"datePublished\":\"2025-09-03T08:15:08+00:00\",\"dateModified\":\"2025-10-13T14:02:35+00:00\",\"breadcrumb\":{\"@id\":\"https:\/\/rutana.lt\/produktas\/parkeris-kapsulinis-desiniarankiams-griffix-4-r-lovely-pink-pelikan-820301\/#breadcrumb\"},\"inLanguage\":\"en-US\",\"potentialAction\":[{\"@type\":\"ReadAction\",\"target\":[\"https:\/\/rutana.lt\/produktas\/parkeris-kapsulinis-desiniarankiams-griffix-4-r-lovely-pink-pelikan-820301\/\"]}]},{\"@type\":\"ImageObject\",\"inLanguage\":\"en-US\",\"@id\":\"https:\/\/rutana.lt\/produktas\/parkeris-kapsulinis-desiniarankiams-griffix-4-r-lovely-pink-pelikan-820301\/#primaryimage\",\"url\":\"https:\/\/rutana.lt\/wp-content\/uploads\/2025\/09\/C051-291-2.jpg?v=1763562831\",\"contentUrl\":\"https:\/\/rutana.lt\/wp-content\/uploads\/2025\/09\/C051-291-2.jpg?v=1763562831\",\"width\":1000,\"height\":1000},{\"@type\":\"BreadcrumbList\",\"@id\":\"https:\/\/rutana.lt\/produktas\/parkeris-kapsulinis-desiniarankiams-griffix-4-r-lovely-pink-pelikan-820301\/#breadcrumb\",\"itemListElement\":[{\"@type\":\"ListItem\",\"position\":1,\"name\":\"Home\",\"item\":\"https:\/\/rutana.lt\/\"},{\"@type\":\"ListItem\",\"position\":2,\"name\":\"Parduotuv\u0117\",\"item\":\"https:\/\/rutana.lt\/parduotuve\/\"},{\"@type\":\"ListItem\",\"position\":3,\"name\":\"Parkeris kapsulinis de\u0161iniarankiams Griffix 4 R Lovely Pink Pelikan 820301\"}]},{\"@type\":\"WebSite\",\"@id\":\"https:\/\/rutana.lt\/#website\",\"url\":\"https:\/\/rutana.lt\/\",\"name\":\"Rutana - Ra\u0161tin\u0117s reikmenys\",\"description\":\"Prekiaujame pasaulin\u0117je rinkoje pripa\u017eintomis, kokybi\u0161komis biuro prek\u0117mis toki\u0173  gamintoj\u0173 kaip: Schneider, Esselte, Novus, 3M, Faber-Castell, Citizen, Milan, Leitz, Colop, Zebra, Staedtler, Durable, Tork, Parker, Waterman ir kt.\",\"publisher\":{\"@id\":\"https:\/\/rutana.lt\/#organization\"},\"potentialAction\":[{\"@type\":\"SearchAction\",\"target\":{\"@type\":\"EntryPoint\",\"urlTemplate\":\"https:\/\/rutana.lt\/?s={search_term_string}\"},\"query-input\":{\"@type\":\"PropertyValueSpecification\",\"valueRequired\":true,\"valueName\":\"search_term_string\"}}],\"inLanguage\":\"en-US\"},{\"@type\":\"Organization\",\"@id\":\"https:\/\/rutana.lt\/#organization\",\"name\":\"Rutana - Ra\u0161tin\u0117s reikmenys\",\"url\":\"https:\/\/rutana.lt\/\",\"logo\":{\"@type\":\"ImageObject\",\"inLanguage\":\"en-US\",\"@id\":\"https:\/\/rutana.lt\/#\/schema\/logo\/image\/\",\"url\":\"https:\/\/rutana.lt\/wp-content\/uploads\/2025\/10\/Asset-32.png\",\"contentUrl\":\"https:\/\/rutana.lt\/wp-content\/uploads\/2025\/10\/Asset-32.png\",\"width\":433,\"height\":119,\"caption\":\"Rutana - Ra\u0161tin\u0117s reikmenys\"},\"image\":{\"@id\":\"https:\/\/rutana.lt\/#\/schema\/logo\/image\/\"},\"sameAs\":[\"https:\/\/www.facebook.com\/RutanaKanceliarinesPrekes\/\"]}]}<\/script>\n<!-- \/ Yoast SEO plugin. -->","yoast_head_json":{"title":"Parkeris kapsulinis de\u0161iniarankiams Griffix 4 R Lovely Pink Pelikan 820301 - Rutana - Ra\u0161tin\u0117s reikmenys","robots":{"index":"index","follow":"follow","max-snippet":"max-snippet:-1","max-image-preview":"max-image-preview:large","max-video-preview":"max-video-preview:-1"},"canonical":"https:\/\/rutana.lt\/en\/product\/parkeris-kapsulinis-desiniarankiams-griffix-4-r-lovely-pink-pelikan-820301\/","og_locale":"en_US","og_type":"article","og_title":"Parkeris kapsulinis de\u0161iniarankiams Griffix 4 R Lovely Pink Pelikan 820301 - Rutana - Ra\u0161tin\u0117s reikmenys","og_description":"Gamintojas Pelikan pristato pirm\u0105 pasaulyje ra\u0161ymo priemoni\u0173 sistem\u0105 GRIFFIX &#8211; \u017eingsnis po \u017eingsnio. Ra\u0161ymo priemon\u0117s skirtos j\u016bs\u0173 vaik\u0105 i\u0161mokinti teisingai ra\u0161yti. Sistema susideda i\u0161: 1 \u017eingsnis : ra\u0161ymo priemon\u0117s ra\u0161yti ( pie\u0161ti ) kreida -1vnt. + 2 papildomos \u0161erdel\u0117s. 2 \u017eingsnis : ra\u0161ymo priemon\u0117s ra\u0161yti ( pie\u0161ti ) grafitu -1vnt. + 2 papildomos \u0161erdel\u0117s. 3 [&hellip;]","og_url":"https:\/\/rutana.lt\/en\/product\/parkeris-kapsulinis-desiniarankiams-griffix-4-r-lovely-pink-pelikan-820301\/","og_site_name":"Rutana - Ra\u0161tin\u0117s reikmenys","article_publisher":"https:\/\/www.facebook.com\/RutanaKanceliarinesPrekes\/","article_modified_time":"2025-10-13T14:02:35+00:00","og_image":[{"width":1000,"height":1000,"url":"https:\/\/rutana.lt\/wp-content\/uploads\/2025\/09\/C051-291.jpg","type":"image\/jpeg"}],"twitter_card":"summary_large_image","twitter_misc":{"Est. reading time":"1 minute"},"schema":{"@context":"https:\/\/schema.org","@graph":[{"@type":"WebPage","@id":"https:\/\/rutana.lt\/produktas\/parkeris-kapsulinis-desiniarankiams-griffix-4-r-lovely-pink-pelikan-820301\/","url":"https:\/\/rutana.lt\/produktas\/parkeris-kapsulinis-desiniarankiams-griffix-4-r-lovely-pink-pelikan-820301\/","name":"Parkeris kapsulinis de\u0161iniarankiams Griffix 4 R Lovely Pink Pelikan 820301 - Rutana - Ra\u0161tin\u0117s reikmenys","isPartOf":{"@id":"https:\/\/rutana.lt\/#website"},"primaryImageOfPage":{"@id":"https:\/\/rutana.lt\/produktas\/parkeris-kapsulinis-desiniarankiams-griffix-4-r-lovely-pink-pelikan-820301\/#primaryimage"},"image":{"@id":"https:\/\/rutana.lt\/produktas\/parkeris-kapsulinis-desiniarankiams-griffix-4-r-lovely-pink-pelikan-820301\/#primaryimage"},"thumbnailUrl":"https:\/\/rutana.lt\/wp-content\/uploads\/2025\/09\/C051-291-2.jpg?v=1763562831","datePublished":"2025-09-03T08:15:08+00:00","dateModified":"2025-10-13T14:02:35+00:00","breadcrumb":{"@id":"https:\/\/rutana.lt\/produktas\/parkeris-kapsulinis-desiniarankiams-griffix-4-r-lovely-pink-pelikan-820301\/#breadcrumb"},"inLanguage":"en-US","potentialAction":[{"@type":"ReadAction","target":["https:\/\/rutana.lt\/produktas\/parkeris-kapsulinis-desiniarankiams-griffix-4-r-lovely-pink-pelikan-820301\/"]}]},{"@type":"ImageObject","inLanguage":"en-US","@id":"https:\/\/rutana.lt\/produktas\/parkeris-kapsulinis-desiniarankiams-griffix-4-r-lovely-pink-pelikan-820301\/#primaryimage","url":"https:\/\/rutana.lt\/wp-content\/uploads\/2025\/09\/C051-291-2.jpg?v=1763562831","contentUrl":"https:\/\/rutana.lt\/wp-content\/uploads\/2025\/09\/C051-291-2.jpg?v=1763562831","width":1000,"height":1000},{"@type":"BreadcrumbList","@id":"https:\/\/rutana.lt\/produktas\/parkeris-kapsulinis-desiniarankiams-griffix-4-r-lovely-pink-pelikan-820301\/#breadcrumb","itemListElement":[{"@type":"ListItem","position":1,"name":"Home","item":"https:\/\/rutana.lt\/"},{"@type":"ListItem","position":2,"name":"Parduotuv\u0117","item":"https:\/\/rutana.lt\/parduotuve\/"},{"@type":"ListItem","position":3,"name":"Parkeris kapsulinis de\u0161iniarankiams Griffix 4 R Lovely Pink Pelikan 820301"}]},{"@type":"WebSite","@id":"https:\/\/rutana.lt\/#website","url":"https:\/\/rutana.lt\/","name":"Rutana - Ra\u0161tin\u0117s reikmenys","description":"Prekiaujame pasaulin\u0117je rinkoje pripa\u017eintomis, kokybi\u0161komis biuro prek\u0117mis toki\u0173  gamintoj\u0173 kaip: Schneider, Esselte, Novus, 3M, Faber-Castell, Citizen, Milan, Leitz, Colop, Zebra, Staedtler, Durable, Tork, Parker, Waterman ir kt.","publisher":{"@id":"https:\/\/rutana.lt\/#organization"},"potentialAction":[{"@type":"SearchAction","target":{"@type":"EntryPoint","urlTemplate":"https:\/\/rutana.lt\/?s={search_term_string}"},"query-input":{"@type":"PropertyValueSpecification","valueRequired":true,"valueName":"search_term_string"}}],"inLanguage":"en-US"},{"@type":"Organization","@id":"https:\/\/rutana.lt\/#organization","name":"Rutana - Ra\u0161tin\u0117s reikmenys","url":"https:\/\/rutana.lt\/","logo":{"@type":"ImageObject","inLanguage":"en-US","@id":"https:\/\/rutana.lt\/#\/schema\/logo\/image\/","url":"https:\/\/rutana.lt\/wp-content\/uploads\/2025\/10\/Asset-32.png","contentUrl":"https:\/\/rutana.lt\/wp-content\/uploads\/2025\/10\/Asset-32.png","width":433,"height":119,"caption":"Rutana - Ra\u0161tin\u0117s reikmenys"},"image":{"@id":"https:\/\/rutana.lt\/#\/schema\/logo\/image\/"},"sameAs":["https:\/\/www.facebook.com\/RutanaKanceliarinesPrekes\/"]}]}},"_links":{"self":[{"href":"https:\/\/rutana.lt\/en\/wp-json\/wp\/v2\/product\/20720","targetHints":{"allow":["GET"]}}],"collection":[{"href":"https:\/\/rutana.lt\/en\/wp-json\/wp\/v2\/product"}],"about":[{"href":"https:\/\/rutana.lt\/en\/wp-json\/wp\/v2\/types\/product"}],"replies":[{"embeddable":true,"href":"https:\/\/rutana.lt\/en\/wp-json\/wp\/v2\/comments?post=20720"}],"version-history":[{"count":1,"href":"https:\/\/rutana.lt\/en\/wp-json\/wp\/v2\/product\/20720\/revisions"}],"predecessor-version":[{"id":20749,"href":"https:\/\/rutana.lt\/en\/wp-json\/wp\/v2\/product\/20720\/revisions\/20749"}],"wp:featuredmedia":[{"embeddable":true,"href":"https:\/\/rutana.lt\/en\/wp-json\/wp\/v2\/media\/30479"}],"wp:attachment":[{"href":"https:\/\/rutana.lt\/en\/wp-json\/wp\/v2\/media?parent=20720"}],"wp:term":[{"taxonomy":"product_brand","embeddable":true,"href":"https:\/\/rutana.lt\/en\/wp-json\/wp\/v2\/product_brand?post=20720"},{"taxonomy":"product_cat","embeddable":true,"href":"https:\/\/rutana.lt\/en\/wp-json\/wp\/v2\/product_cat?post=20720"},{"taxonomy":"product_tag","embeddable":true,"href":"https:\/\/rutana.lt\/en\/wp-json\/wp\/v2\/product_tag?post=20720"}],"curies":[{"name":"wp","href":"https:\/\/api.w.org\/{rel}","templated":true}]}}