{"id":20712,"date":"2025-09-03T10:15:08","date_gmt":"2025-09-03T08:15:08","guid":{"rendered":"https:\/\/rutana.webdemo.lt\/?post_type=product&#038;p=20712"},"modified":"2025-10-13T16:02:30","modified_gmt":"2025-10-13T14:02:30","slug":"teptuku-rinkinys-ponio-plauko-5-vnt-pelikan-701549","status":"publish","type":"product","link":"https:\/\/rutana.lt\/en\/product\/teptuku-rinkinys-ponio-plauko-5-vnt-pelikan-701549\/","title":{"rendered":"Teptuk\u0173 rinkinys ponio plauko 5 vnt. Pelikan 701549"},"content":{"rendered":"<p>\u201ePelikan\u201c teptuk\u0173 rinkin\u012f sudaro penki ponio plauko teptukai. \u0160is teptuk\u0173 rinkinys yra idealus pradinis rinkinys pradedantiesiems menininkams. \u012evair\u016bs teptuk\u0173 dyd\u017eiai puikiai patenkina visus poreikius.<\/p>\n<p>Besi\u016bl\u0117 aliuminio mova patikimai laiko teptuko ranken\u0105 ir \u0161erelius kartu. Tinkami pie\u0161ti akvarele.<\/p>\n<p>Teptuk\u0173 kiekis rinkinyje: 5<\/p>\n<p>Teptuko plauko tipas ir numeris: apval\u016bs ponio plauko ( Nr. 2, 6, 8, 10, 12 )<\/p>\n<p>Kilm\u0117s \u0161alis: Vokietija<\/p>","protected":false},"excerpt":{"rendered":"<p>\u201ePelikan\u201c teptuk\u0173 rinkin\u012f sudaro penki ponio plauko teptukai. \u0160is teptuk\u0173 rinkinys yra idealus pradinis rinkinys pradedantiesiems menininkams. \u012evair\u016bs teptuk\u0173 dyd\u017eiai puikiai patenkina visus poreikius. Besi\u016bl\u0117 aliuminio mova patikimai laiko teptuko ranken\u0105 ir \u0161erelius kartu. Tinkami pie\u0161ti akvarele. Teptuk\u0173 kiekis rinkinyje: 5 Teptuko plauko tipas ir numeris: apval\u016bs ponio plauko ( Nr. 2, 6, 8, 10, [&hellip;]<\/p>","protected":false},"featured_media":30471,"comment_status":"open","ping_status":"closed","template":"","meta":{"_season_start":"","_season_end":"","_season_days":"","_season_months":"","_season_auto_visibility":""},"product_brand":[540],"product_cat":[1869],"product_tag":[],"class_list":{"0":"post-20712","1":"product","2":"type-product","3":"status-publish","4":"has-post-thumbnail","6":"product_brand-pelikan","7":"product_cat-teptukai-akvarelei","9":"first","10":"instock","11":"taxable","12":"shipping-taxable","13":"purchasable","14":"product-type-simple"},"yoast_head":"<!-- This site is optimized with the Yoast SEO plugin v27.4 - https:\/\/yoast.com\/product\/yoast-seo-wordpress\/ -->\n<title>Teptuk\u0173 rinkinys ponio plauko 5 vnt. Pelikan 701549 - Rutana - Ra\u0161tin\u0117s reikmenys<\/title>\n<meta name=\"robots\" content=\"index, follow, max-snippet:-1, max-image-preview:large, max-video-preview:-1\" \/>\n<link rel=\"canonical\" href=\"https:\/\/rutana.lt\/en\/product\/teptuku-rinkinys-ponio-plauko-5-vnt-pelikan-701549\/\" \/>\n<meta property=\"og:locale\" content=\"en_US\" \/>\n<meta property=\"og:type\" content=\"article\" \/>\n<meta property=\"og:title\" content=\"Teptuk\u0173 rinkinys ponio plauko 5 vnt. Pelikan 701549 - Rutana - Ra\u0161tin\u0117s reikmenys\" \/>\n<meta property=\"og:description\" content=\"\u201ePelikan\u201c teptuk\u0173 rinkin\u012f sudaro penki ponio plauko teptukai. \u0160is teptuk\u0173 rinkinys yra idealus pradinis rinkinys pradedantiesiems menininkams. \u012evair\u016bs teptuk\u0173 dyd\u017eiai puikiai patenkina visus poreikius. Besi\u016bl\u0117 aliuminio mova patikimai laiko teptuko ranken\u0105 ir \u0161erelius kartu. Tinkami pie\u0161ti akvarele. Teptuk\u0173 kiekis rinkinyje: 5 Teptuko plauko tipas ir numeris: apval\u016bs ponio plauko ( Nr. 2, 6, 8, 10, [&hellip;]\" \/>\n<meta property=\"og:url\" content=\"https:\/\/rutana.lt\/en\/product\/teptuku-rinkinys-ponio-plauko-5-vnt-pelikan-701549\/\" \/>\n<meta property=\"og:site_name\" content=\"Rutana - Ra\u0161tin\u0117s reikmenys\" \/>\n<meta property=\"article:publisher\" content=\"https:\/\/www.facebook.com\/RutanaKanceliarinesPrekes\/\" \/>\n<meta property=\"article:modified_time\" content=\"2025-10-13T14:02:30+00:00\" \/>\n<meta property=\"og:image\" content=\"https:\/\/rutana.lt\/wp-content\/uploads\/2025\/09\/D034-932-1.jpg\" \/>\n\t<meta property=\"og:image:width\" content=\"1000\" \/>\n\t<meta property=\"og:image:height\" content=\"1000\" \/>\n\t<meta property=\"og:image:type\" content=\"image\/jpeg\" \/>\n<meta name=\"twitter:card\" content=\"summary_large_image\" \/>\n<script type=\"application\/ld+json\" class=\"yoast-schema-graph\">{\"@context\":\"https:\\\/\\\/schema.org\",\"@graph\":[{\"@type\":\"WebPage\",\"@id\":\"https:\\\/\\\/rutana.lt\\\/produktas\\\/teptuku-rinkinys-ponio-plauko-5-vnt-pelikan-701549\\\/\",\"url\":\"https:\\\/\\\/rutana.lt\\\/produktas\\\/teptuku-rinkinys-ponio-plauko-5-vnt-pelikan-701549\\\/\",\"name\":\"Teptuk\u0173 rinkinys ponio plauko 5 vnt. Pelikan 701549 - Rutana - Ra\u0161tin\u0117s reikmenys\",\"isPartOf\":{\"@id\":\"https:\\\/\\\/rutana.lt\\\/#website\"},\"primaryImageOfPage\":{\"@id\":\"https:\\\/\\\/rutana.lt\\\/produktas\\\/teptuku-rinkinys-ponio-plauko-5-vnt-pelikan-701549\\\/#primaryimage\"},\"image\":{\"@id\":\"https:\\\/\\\/rutana.lt\\\/produktas\\\/teptuku-rinkinys-ponio-plauko-5-vnt-pelikan-701549\\\/#primaryimage\"},\"thumbnailUrl\":\"https:\\\/\\\/rutana.lt\\\/wp-content\\\/uploads\\\/2025\\\/09\\\/D034-932-1-1.jpg?v=1763562845\",\"datePublished\":\"2025-09-03T08:15:08+00:00\",\"dateModified\":\"2025-10-13T14:02:30+00:00\",\"breadcrumb\":{\"@id\":\"https:\\\/\\\/rutana.lt\\\/produktas\\\/teptuku-rinkinys-ponio-plauko-5-vnt-pelikan-701549\\\/#breadcrumb\"},\"inLanguage\":\"en-US\",\"potentialAction\":[{\"@type\":\"ReadAction\",\"target\":[\"https:\\\/\\\/rutana.lt\\\/produktas\\\/teptuku-rinkinys-ponio-plauko-5-vnt-pelikan-701549\\\/\"]}]},{\"@type\":\"ImageObject\",\"inLanguage\":\"en-US\",\"@id\":\"https:\\\/\\\/rutana.lt\\\/produktas\\\/teptuku-rinkinys-ponio-plauko-5-vnt-pelikan-701549\\\/#primaryimage\",\"url\":\"https:\\\/\\\/rutana.lt\\\/wp-content\\\/uploads\\\/2025\\\/09\\\/D034-932-1-1.jpg?v=1763562845\",\"contentUrl\":\"https:\\\/\\\/rutana.lt\\\/wp-content\\\/uploads\\\/2025\\\/09\\\/D034-932-1-1.jpg?v=1763562845\",\"width\":1000,\"height\":1000},{\"@type\":\"BreadcrumbList\",\"@id\":\"https:\\\/\\\/rutana.lt\\\/produktas\\\/teptuku-rinkinys-ponio-plauko-5-vnt-pelikan-701549\\\/#breadcrumb\",\"itemListElement\":[{\"@type\":\"ListItem\",\"position\":1,\"name\":\"Home\",\"item\":\"https:\\\/\\\/rutana.lt\\\/\"},{\"@type\":\"ListItem\",\"position\":2,\"name\":\"Parduotuv\u0117\",\"item\":\"https:\\\/\\\/rutana.lt\\\/parduotuve\\\/\"},{\"@type\":\"ListItem\",\"position\":3,\"name\":\"Teptuk\u0173 rinkinys ponio plauko 5 vnt. Pelikan 701549\"}]},{\"@type\":\"WebSite\",\"@id\":\"https:\\\/\\\/rutana.lt\\\/#website\",\"url\":\"https:\\\/\\\/rutana.lt\\\/\",\"name\":\"Rutana - Ra\u0161tin\u0117s reikmenys\",\"description\":\"Prekiaujame pasaulin\u0117je rinkoje pripa\u017eintomis, kokybi\u0161komis biuro prek\u0117mis toki\u0173  gamintoj\u0173 kaip: Schneider, Esselte, Novus, 3M, Faber-Castell, Citizen, Milan, Leitz, Colop, Zebra, Staedtler, Durable, Tork, Parker, Waterman ir kt.\",\"publisher\":{\"@id\":\"https:\\\/\\\/rutana.lt\\\/#organization\"},\"potentialAction\":[{\"@type\":\"SearchAction\",\"target\":{\"@type\":\"EntryPoint\",\"urlTemplate\":\"https:\\\/\\\/rutana.lt\\\/?s={search_term_string}\"},\"query-input\":{\"@type\":\"PropertyValueSpecification\",\"valueRequired\":true,\"valueName\":\"search_term_string\"}}],\"inLanguage\":\"en-US\"},{\"@type\":\"Organization\",\"@id\":\"https:\\\/\\\/rutana.lt\\\/#organization\",\"name\":\"Rutana - Ra\u0161tin\u0117s reikmenys\",\"url\":\"https:\\\/\\\/rutana.lt\\\/\",\"logo\":{\"@type\":\"ImageObject\",\"inLanguage\":\"en-US\",\"@id\":\"https:\\\/\\\/rutana.lt\\\/#\\\/schema\\\/logo\\\/image\\\/\",\"url\":\"https:\\\/\\\/rutana.lt\\\/wp-content\\\/uploads\\\/2025\\\/10\\\/Asset-32.png\",\"contentUrl\":\"https:\\\/\\\/rutana.lt\\\/wp-content\\\/uploads\\\/2025\\\/10\\\/Asset-32.png\",\"width\":433,\"height\":119,\"caption\":\"Rutana - Ra\u0161tin\u0117s reikmenys\"},\"image\":{\"@id\":\"https:\\\/\\\/rutana.lt\\\/#\\\/schema\\\/logo\\\/image\\\/\"},\"sameAs\":[\"https:\\\/\\\/www.facebook.com\\\/RutanaKanceliarinesPrekes\\\/\"]}]}<\/script>\n<!-- \/ Yoast SEO plugin. -->","yoast_head_json":{"title":"Teptuk\u0173 rinkinys ponio plauko 5 vnt. Pelikan 701549 - Rutana - Ra\u0161tin\u0117s reikmenys","robots":{"index":"index","follow":"follow","max-snippet":"max-snippet:-1","max-image-preview":"max-image-preview:large","max-video-preview":"max-video-preview:-1"},"canonical":"https:\/\/rutana.lt\/en\/product\/teptuku-rinkinys-ponio-plauko-5-vnt-pelikan-701549\/","og_locale":"en_US","og_type":"article","og_title":"Teptuk\u0173 rinkinys ponio plauko 5 vnt. Pelikan 701549 - Rutana - Ra\u0161tin\u0117s reikmenys","og_description":"\u201ePelikan\u201c teptuk\u0173 rinkin\u012f sudaro penki ponio plauko teptukai. \u0160is teptuk\u0173 rinkinys yra idealus pradinis rinkinys pradedantiesiems menininkams. \u012evair\u016bs teptuk\u0173 dyd\u017eiai puikiai patenkina visus poreikius. Besi\u016bl\u0117 aliuminio mova patikimai laiko teptuko ranken\u0105 ir \u0161erelius kartu. Tinkami pie\u0161ti akvarele. Teptuk\u0173 kiekis rinkinyje: 5 Teptuko plauko tipas ir numeris: apval\u016bs ponio plauko ( Nr. 2, 6, 8, 10, [&hellip;]","og_url":"https:\/\/rutana.lt\/en\/product\/teptuku-rinkinys-ponio-plauko-5-vnt-pelikan-701549\/","og_site_name":"Rutana - Ra\u0161tin\u0117s reikmenys","article_publisher":"https:\/\/www.facebook.com\/RutanaKanceliarinesPrekes\/","article_modified_time":"2025-10-13T14:02:30+00:00","og_image":[{"width":1000,"height":1000,"url":"https:\/\/rutana.lt\/wp-content\/uploads\/2025\/09\/D034-932-1.jpg","type":"image\/jpeg"}],"twitter_card":"summary_large_image","schema":{"@context":"https:\/\/schema.org","@graph":[{"@type":"WebPage","@id":"https:\/\/rutana.lt\/produktas\/teptuku-rinkinys-ponio-plauko-5-vnt-pelikan-701549\/","url":"https:\/\/rutana.lt\/produktas\/teptuku-rinkinys-ponio-plauko-5-vnt-pelikan-701549\/","name":"Teptuk\u0173 rinkinys ponio plauko 5 vnt. Pelikan 701549 - Rutana - Ra\u0161tin\u0117s reikmenys","isPartOf":{"@id":"https:\/\/rutana.lt\/#website"},"primaryImageOfPage":{"@id":"https:\/\/rutana.lt\/produktas\/teptuku-rinkinys-ponio-plauko-5-vnt-pelikan-701549\/#primaryimage"},"image":{"@id":"https:\/\/rutana.lt\/produktas\/teptuku-rinkinys-ponio-plauko-5-vnt-pelikan-701549\/#primaryimage"},"thumbnailUrl":"https:\/\/rutana.lt\/wp-content\/uploads\/2025\/09\/D034-932-1-1.jpg?v=1763562845","datePublished":"2025-09-03T08:15:08+00:00","dateModified":"2025-10-13T14:02:30+00:00","breadcrumb":{"@id":"https:\/\/rutana.lt\/produktas\/teptuku-rinkinys-ponio-plauko-5-vnt-pelikan-701549\/#breadcrumb"},"inLanguage":"en-US","potentialAction":[{"@type":"ReadAction","target":["https:\/\/rutana.lt\/produktas\/teptuku-rinkinys-ponio-plauko-5-vnt-pelikan-701549\/"]}]},{"@type":"ImageObject","inLanguage":"en-US","@id":"https:\/\/rutana.lt\/produktas\/teptuku-rinkinys-ponio-plauko-5-vnt-pelikan-701549\/#primaryimage","url":"https:\/\/rutana.lt\/wp-content\/uploads\/2025\/09\/D034-932-1-1.jpg?v=1763562845","contentUrl":"https:\/\/rutana.lt\/wp-content\/uploads\/2025\/09\/D034-932-1-1.jpg?v=1763562845","width":1000,"height":1000},{"@type":"BreadcrumbList","@id":"https:\/\/rutana.lt\/produktas\/teptuku-rinkinys-ponio-plauko-5-vnt-pelikan-701549\/#breadcrumb","itemListElement":[{"@type":"ListItem","position":1,"name":"Home","item":"https:\/\/rutana.lt\/"},{"@type":"ListItem","position":2,"name":"Parduotuv\u0117","item":"https:\/\/rutana.lt\/parduotuve\/"},{"@type":"ListItem","position":3,"name":"Teptuk\u0173 rinkinys ponio plauko 5 vnt. Pelikan 701549"}]},{"@type":"WebSite","@id":"https:\/\/rutana.lt\/#website","url":"https:\/\/rutana.lt\/","name":"Rutana - Ra\u0161tin\u0117s reikmenys","description":"Prekiaujame pasaulin\u0117je rinkoje pripa\u017eintomis, kokybi\u0161komis biuro prek\u0117mis toki\u0173  gamintoj\u0173 kaip: Schneider, Esselte, Novus, 3M, Faber-Castell, Citizen, Milan, Leitz, Colop, Zebra, Staedtler, Durable, Tork, Parker, Waterman ir kt.","publisher":{"@id":"https:\/\/rutana.lt\/#organization"},"potentialAction":[{"@type":"SearchAction","target":{"@type":"EntryPoint","urlTemplate":"https:\/\/rutana.lt\/?s={search_term_string}"},"query-input":{"@type":"PropertyValueSpecification","valueRequired":true,"valueName":"search_term_string"}}],"inLanguage":"en-US"},{"@type":"Organization","@id":"https:\/\/rutana.lt\/#organization","name":"Rutana - Ra\u0161tin\u0117s reikmenys","url":"https:\/\/rutana.lt\/","logo":{"@type":"ImageObject","inLanguage":"en-US","@id":"https:\/\/rutana.lt\/#\/schema\/logo\/image\/","url":"https:\/\/rutana.lt\/wp-content\/uploads\/2025\/10\/Asset-32.png","contentUrl":"https:\/\/rutana.lt\/wp-content\/uploads\/2025\/10\/Asset-32.png","width":433,"height":119,"caption":"Rutana - Ra\u0161tin\u0117s reikmenys"},"image":{"@id":"https:\/\/rutana.lt\/#\/schema\/logo\/image\/"},"sameAs":["https:\/\/www.facebook.com\/RutanaKanceliarinesPrekes\/"]}]}},"_links":{"self":[{"href":"https:\/\/rutana.lt\/en\/wp-json\/wp\/v2\/product\/20712","targetHints":{"allow":["GET"]}}],"collection":[{"href":"https:\/\/rutana.lt\/en\/wp-json\/wp\/v2\/product"}],"about":[{"href":"https:\/\/rutana.lt\/en\/wp-json\/wp\/v2\/types\/product"}],"replies":[{"embeddable":true,"href":"https:\/\/rutana.lt\/en\/wp-json\/wp\/v2\/comments?post=20712"}],"version-history":[{"count":1,"href":"https:\/\/rutana.lt\/en\/wp-json\/wp\/v2\/product\/20712\/revisions"}],"predecessor-version":[{"id":20734,"href":"https:\/\/rutana.lt\/en\/wp-json\/wp\/v2\/product\/20712\/revisions\/20734"}],"wp:featuredmedia":[{"embeddable":true,"href":"https:\/\/rutana.lt\/en\/wp-json\/wp\/v2\/media\/30471"}],"wp:attachment":[{"href":"https:\/\/rutana.lt\/en\/wp-json\/wp\/v2\/media?parent=20712"}],"wp:term":[{"taxonomy":"product_brand","embeddable":true,"href":"https:\/\/rutana.lt\/en\/wp-json\/wp\/v2\/product_brand?post=20712"},{"taxonomy":"product_cat","embeddable":true,"href":"https:\/\/rutana.lt\/en\/wp-json\/wp\/v2\/product_cat?post=20712"},{"taxonomy":"product_tag","embeddable":true,"href":"https:\/\/rutana.lt\/en\/wp-json\/wp\/v2\/product_tag?post=20712"}],"curies":[{"name":"wp","href":"https:\/\/api.w.org\/{rel}","templated":true}]}}