{"id":20666,"date":"2025-09-03T10:14:45","date_gmt":"2025-09-03T08:14:45","guid":{"rendered":"https:\/\/rutana.webdemo.lt\/?post_type=product&#038;p=20666"},"modified":"2025-10-13T16:02:27","modified_gmt":"2025-10-13T14:02:27","slug":"tusinukas-jazz-noble-elegance-k36-raudonas-pelikan-826679","status":"publish","type":"product","link":"https:\/\/rutana.lt\/en\/product\/tusinukas-jazz-noble-elegance-k36-raudonas-pelikan-826679\/","title":{"rendered":"Tu\u0161inukas Jazz Noble Elegance K36 raudonas Pelikan 826679"},"content":{"rendered":"<p>Eleganti\u0161kas metalinis \u201eJazz\u201c tu\u0161inukas pasi\u017eymi i\u0161lenktomis linijomis, kurios suteikia ra\u0161ikliui lengvumo ir gyvumo. Perliniu laku padengta vir\u0161utin\u0117 ir apatin\u0117 dalys puikiai dera su spalvotu antgaliu, \u017eiedu ir spaustuku. Tipi\u0161kas \u201ePelikan\u201c snapo formos spaustukas yra spyruoklinis, tod\u0117l ypa\u010d tvirtas. Tu\u0161inukas su pasukamu mechanizmu turi labai didel\u012f \u0161erdel\u0119 ir m\u0117lynos spalvos, atitinkant\u012f ISO 12757-2 standart\u0105, dokumentams atspar\u0173 ra\u0161al\u0105. Parduodamas dovan\u0173 d\u0117\u017eut\u0117je.<\/p>\n<p>Tu\u0161o spalva: m\u0117lyna<\/p>\n<p>Korpuso spalva: raudona<\/p>\n<p>Kilm\u0117s \u0161alis: Vokietija<\/p>\n<p><\/p>\n<p><\/p>","protected":false},"excerpt":{"rendered":"<p>Eleganti\u0161kas metalinis \u201eJazz\u201c tu\u0161inukas pasi\u017eymi i\u0161lenktomis linijomis, kurios suteikia ra\u0161ikliui lengvumo ir gyvumo. Perliniu laku padengta vir\u0161utin\u0117 ir apatin\u0117 dalys puikiai dera su spalvotu antgaliu, \u017eiedu ir spaustuku. Tipi\u0161kas \u201ePelikan\u201c snapo formos spaustukas yra spyruoklinis, tod\u0117l ypa\u010d tvirtas. Tu\u0161inukas su pasukamu mechanizmu turi labai didel\u012f \u0161erdel\u0119 ir m\u0117lynos spalvos, atitinkant\u012f ISO 12757-2 standart\u0105, dokumentams atspar\u0173 [&hellip;]<\/p>","protected":false},"featured_media":30465,"comment_status":"open","ping_status":"closed","template":"","meta":{"_season_start":"","_season_end":"","_season_days":"","_season_months":"","_season_auto_visibility":""},"product_brand":[540],"product_cat":[1750],"product_tag":[],"class_list":{"0":"post-20666","1":"product","2":"type-product","3":"status-publish","4":"has-post-thumbnail","6":"product_brand-pelikan","7":"product_cat-tusinukai","9":"first","10":"instock","11":"taxable","12":"shipping-taxable","13":"purchasable","14":"product-type-simple"},"yoast_head":"<!-- This site is optimized with the Yoast SEO plugin v26.1.1 - https:\/\/yoast.com\/wordpress\/plugins\/seo\/ -->\n<title>Tu\u0161inukas Jazz Noble Elegance K36 raudonas Pelikan 826679 - Rutana - Ra\u0161tin\u0117s reikmenys<\/title>\n<meta name=\"robots\" content=\"index, follow, max-snippet:-1, max-image-preview:large, max-video-preview:-1\" \/>\n<link rel=\"canonical\" href=\"https:\/\/rutana.lt\/en\/product\/tusinukas-jazz-noble-elegance-k36-raudonas-pelikan-826679\/\" \/>\n<meta property=\"og:locale\" content=\"en_US\" \/>\n<meta property=\"og:type\" content=\"article\" \/>\n<meta property=\"og:title\" content=\"Tu\u0161inukas Jazz Noble Elegance K36 raudonas Pelikan 826679 - Rutana - Ra\u0161tin\u0117s reikmenys\" \/>\n<meta property=\"og:description\" content=\"Eleganti\u0161kas metalinis \u201eJazz\u201c tu\u0161inukas pasi\u017eymi i\u0161lenktomis linijomis, kurios suteikia ra\u0161ikliui lengvumo ir gyvumo. Perliniu laku padengta vir\u0161utin\u0117 ir apatin\u0117 dalys puikiai dera su spalvotu antgaliu, \u017eiedu ir spaustuku. Tipi\u0161kas \u201ePelikan\u201c snapo formos spaustukas yra spyruoklinis, tod\u0117l ypa\u010d tvirtas. Tu\u0161inukas su pasukamu mechanizmu turi labai didel\u012f \u0161erdel\u0119 ir m\u0117lynos spalvos, atitinkant\u012f ISO 12757-2 standart\u0105, dokumentams atspar\u0173 [&hellip;]\" \/>\n<meta property=\"og:url\" content=\"https:\/\/rutana.lt\/en\/product\/tusinukas-jazz-noble-elegance-k36-raudonas-pelikan-826679\/\" \/>\n<meta property=\"og:site_name\" content=\"Rutana - Ra\u0161tin\u0117s reikmenys\" \/>\n<meta property=\"article:publisher\" content=\"https:\/\/www.facebook.com\/RutanaKanceliarinesPrekes\/\" \/>\n<meta property=\"article:modified_time\" content=\"2025-10-13T14:02:27+00:00\" \/>\n<meta property=\"og:image\" content=\"https:\/\/rutana.lt\/wp-content\/uploads\/2025\/09\/C133-636-2.jpg\" \/>\n\t<meta property=\"og:image:width\" content=\"1000\" \/>\n\t<meta property=\"og:image:height\" content=\"1000\" \/>\n\t<meta property=\"og:image:type\" content=\"image\/jpeg\" \/>\n<meta name=\"twitter:card\" content=\"summary_large_image\" \/>\n<script type=\"application\/ld+json\" class=\"yoast-schema-graph\">{\"@context\":\"https:\/\/schema.org\",\"@graph\":[{\"@type\":\"WebPage\",\"@id\":\"https:\/\/rutana.lt\/produktas\/tusinukas-jazz-noble-elegance-k36-raudonas-pelikan-826679\/\",\"url\":\"https:\/\/rutana.lt\/produktas\/tusinukas-jazz-noble-elegance-k36-raudonas-pelikan-826679\/\",\"name\":\"Tu\u0161inukas Jazz Noble Elegance K36 raudonas Pelikan 826679 - Rutana - Ra\u0161tin\u0117s reikmenys\",\"isPartOf\":{\"@id\":\"https:\/\/rutana.lt\/#website\"},\"primaryImageOfPage\":{\"@id\":\"https:\/\/rutana.lt\/produktas\/tusinukas-jazz-noble-elegance-k36-raudonas-pelikan-826679\/#primaryimage\"},\"image\":{\"@id\":\"https:\/\/rutana.lt\/produktas\/tusinukas-jazz-noble-elegance-k36-raudonas-pelikan-826679\/#primaryimage\"},\"thumbnailUrl\":\"https:\/\/rutana.lt\/wp-content\/uploads\/2025\/09\/C133-636-2-1.jpg?v=1763562857\",\"datePublished\":\"2025-09-03T08:14:45+00:00\",\"dateModified\":\"2025-10-13T14:02:27+00:00\",\"breadcrumb\":{\"@id\":\"https:\/\/rutana.lt\/produktas\/tusinukas-jazz-noble-elegance-k36-raudonas-pelikan-826679\/#breadcrumb\"},\"inLanguage\":\"en-US\",\"potentialAction\":[{\"@type\":\"ReadAction\",\"target\":[\"https:\/\/rutana.lt\/produktas\/tusinukas-jazz-noble-elegance-k36-raudonas-pelikan-826679\/\"]}]},{\"@type\":\"ImageObject\",\"inLanguage\":\"en-US\",\"@id\":\"https:\/\/rutana.lt\/produktas\/tusinukas-jazz-noble-elegance-k36-raudonas-pelikan-826679\/#primaryimage\",\"url\":\"https:\/\/rutana.lt\/wp-content\/uploads\/2025\/09\/C133-636-2-1.jpg?v=1763562857\",\"contentUrl\":\"https:\/\/rutana.lt\/wp-content\/uploads\/2025\/09\/C133-636-2-1.jpg?v=1763562857\",\"width\":1000,\"height\":1000},{\"@type\":\"BreadcrumbList\",\"@id\":\"https:\/\/rutana.lt\/produktas\/tusinukas-jazz-noble-elegance-k36-raudonas-pelikan-826679\/#breadcrumb\",\"itemListElement\":[{\"@type\":\"ListItem\",\"position\":1,\"name\":\"Home\",\"item\":\"https:\/\/rutana.lt\/\"},{\"@type\":\"ListItem\",\"position\":2,\"name\":\"Parduotuv\u0117\",\"item\":\"https:\/\/rutana.lt\/parduotuve\/\"},{\"@type\":\"ListItem\",\"position\":3,\"name\":\"Tu\u0161inukas Jazz Noble Elegance K36 raudonas Pelikan 826679\"}]},{\"@type\":\"WebSite\",\"@id\":\"https:\/\/rutana.lt\/#website\",\"url\":\"https:\/\/rutana.lt\/\",\"name\":\"Rutana - Ra\u0161tin\u0117s reikmenys\",\"description\":\"Prekiaujame pasaulin\u0117je rinkoje pripa\u017eintomis, kokybi\u0161komis biuro prek\u0117mis toki\u0173  gamintoj\u0173 kaip: Schneider, Esselte, Novus, 3M, Faber-Castell, Citizen, Milan, Leitz, Colop, Zebra, Staedtler, Durable, Tork, Parker, Waterman ir kt.\",\"publisher\":{\"@id\":\"https:\/\/rutana.lt\/#organization\"},\"potentialAction\":[{\"@type\":\"SearchAction\",\"target\":{\"@type\":\"EntryPoint\",\"urlTemplate\":\"https:\/\/rutana.lt\/?s={search_term_string}\"},\"query-input\":{\"@type\":\"PropertyValueSpecification\",\"valueRequired\":true,\"valueName\":\"search_term_string\"}}],\"inLanguage\":\"en-US\"},{\"@type\":\"Organization\",\"@id\":\"https:\/\/rutana.lt\/#organization\",\"name\":\"Rutana - Ra\u0161tin\u0117s reikmenys\",\"url\":\"https:\/\/rutana.lt\/\",\"logo\":{\"@type\":\"ImageObject\",\"inLanguage\":\"en-US\",\"@id\":\"https:\/\/rutana.lt\/#\/schema\/logo\/image\/\",\"url\":\"https:\/\/rutana.lt\/wp-content\/uploads\/2025\/10\/Asset-32.png\",\"contentUrl\":\"https:\/\/rutana.lt\/wp-content\/uploads\/2025\/10\/Asset-32.png\",\"width\":433,\"height\":119,\"caption\":\"Rutana - Ra\u0161tin\u0117s reikmenys\"},\"image\":{\"@id\":\"https:\/\/rutana.lt\/#\/schema\/logo\/image\/\"},\"sameAs\":[\"https:\/\/www.facebook.com\/RutanaKanceliarinesPrekes\/\"]}]}<\/script>\n<!-- \/ Yoast SEO plugin. -->","yoast_head_json":{"title":"Tu\u0161inukas Jazz Noble Elegance K36 raudonas Pelikan 826679 - Rutana - Ra\u0161tin\u0117s reikmenys","robots":{"index":"index","follow":"follow","max-snippet":"max-snippet:-1","max-image-preview":"max-image-preview:large","max-video-preview":"max-video-preview:-1"},"canonical":"https:\/\/rutana.lt\/en\/product\/tusinukas-jazz-noble-elegance-k36-raudonas-pelikan-826679\/","og_locale":"en_US","og_type":"article","og_title":"Tu\u0161inukas Jazz Noble Elegance K36 raudonas Pelikan 826679 - Rutana - Ra\u0161tin\u0117s reikmenys","og_description":"Eleganti\u0161kas metalinis \u201eJazz\u201c tu\u0161inukas pasi\u017eymi i\u0161lenktomis linijomis, kurios suteikia ra\u0161ikliui lengvumo ir gyvumo. Perliniu laku padengta vir\u0161utin\u0117 ir apatin\u0117 dalys puikiai dera su spalvotu antgaliu, \u017eiedu ir spaustuku. Tipi\u0161kas \u201ePelikan\u201c snapo formos spaustukas yra spyruoklinis, tod\u0117l ypa\u010d tvirtas. Tu\u0161inukas su pasukamu mechanizmu turi labai didel\u012f \u0161erdel\u0119 ir m\u0117lynos spalvos, atitinkant\u012f ISO 12757-2 standart\u0105, dokumentams atspar\u0173 [&hellip;]","og_url":"https:\/\/rutana.lt\/en\/product\/tusinukas-jazz-noble-elegance-k36-raudonas-pelikan-826679\/","og_site_name":"Rutana - Ra\u0161tin\u0117s reikmenys","article_publisher":"https:\/\/www.facebook.com\/RutanaKanceliarinesPrekes\/","article_modified_time":"2025-10-13T14:02:27+00:00","og_image":[{"width":1000,"height":1000,"url":"https:\/\/rutana.lt\/wp-content\/uploads\/2025\/09\/C133-636-2.jpg","type":"image\/jpeg"}],"twitter_card":"summary_large_image","schema":{"@context":"https:\/\/schema.org","@graph":[{"@type":"WebPage","@id":"https:\/\/rutana.lt\/produktas\/tusinukas-jazz-noble-elegance-k36-raudonas-pelikan-826679\/","url":"https:\/\/rutana.lt\/produktas\/tusinukas-jazz-noble-elegance-k36-raudonas-pelikan-826679\/","name":"Tu\u0161inukas Jazz Noble Elegance K36 raudonas Pelikan 826679 - Rutana - Ra\u0161tin\u0117s reikmenys","isPartOf":{"@id":"https:\/\/rutana.lt\/#website"},"primaryImageOfPage":{"@id":"https:\/\/rutana.lt\/produktas\/tusinukas-jazz-noble-elegance-k36-raudonas-pelikan-826679\/#primaryimage"},"image":{"@id":"https:\/\/rutana.lt\/produktas\/tusinukas-jazz-noble-elegance-k36-raudonas-pelikan-826679\/#primaryimage"},"thumbnailUrl":"https:\/\/rutana.lt\/wp-content\/uploads\/2025\/09\/C133-636-2-1.jpg?v=1763562857","datePublished":"2025-09-03T08:14:45+00:00","dateModified":"2025-10-13T14:02:27+00:00","breadcrumb":{"@id":"https:\/\/rutana.lt\/produktas\/tusinukas-jazz-noble-elegance-k36-raudonas-pelikan-826679\/#breadcrumb"},"inLanguage":"en-US","potentialAction":[{"@type":"ReadAction","target":["https:\/\/rutana.lt\/produktas\/tusinukas-jazz-noble-elegance-k36-raudonas-pelikan-826679\/"]}]},{"@type":"ImageObject","inLanguage":"en-US","@id":"https:\/\/rutana.lt\/produktas\/tusinukas-jazz-noble-elegance-k36-raudonas-pelikan-826679\/#primaryimage","url":"https:\/\/rutana.lt\/wp-content\/uploads\/2025\/09\/C133-636-2-1.jpg?v=1763562857","contentUrl":"https:\/\/rutana.lt\/wp-content\/uploads\/2025\/09\/C133-636-2-1.jpg?v=1763562857","width":1000,"height":1000},{"@type":"BreadcrumbList","@id":"https:\/\/rutana.lt\/produktas\/tusinukas-jazz-noble-elegance-k36-raudonas-pelikan-826679\/#breadcrumb","itemListElement":[{"@type":"ListItem","position":1,"name":"Home","item":"https:\/\/rutana.lt\/"},{"@type":"ListItem","position":2,"name":"Parduotuv\u0117","item":"https:\/\/rutana.lt\/parduotuve\/"},{"@type":"ListItem","position":3,"name":"Tu\u0161inukas Jazz Noble Elegance K36 raudonas Pelikan 826679"}]},{"@type":"WebSite","@id":"https:\/\/rutana.lt\/#website","url":"https:\/\/rutana.lt\/","name":"Rutana - Ra\u0161tin\u0117s reikmenys","description":"Prekiaujame pasaulin\u0117je rinkoje pripa\u017eintomis, kokybi\u0161komis biuro prek\u0117mis toki\u0173  gamintoj\u0173 kaip: Schneider, Esselte, Novus, 3M, Faber-Castell, Citizen, Milan, Leitz, Colop, Zebra, Staedtler, Durable, Tork, Parker, Waterman ir kt.","publisher":{"@id":"https:\/\/rutana.lt\/#organization"},"potentialAction":[{"@type":"SearchAction","target":{"@type":"EntryPoint","urlTemplate":"https:\/\/rutana.lt\/?s={search_term_string}"},"query-input":{"@type":"PropertyValueSpecification","valueRequired":true,"valueName":"search_term_string"}}],"inLanguage":"en-US"},{"@type":"Organization","@id":"https:\/\/rutana.lt\/#organization","name":"Rutana - Ra\u0161tin\u0117s reikmenys","url":"https:\/\/rutana.lt\/","logo":{"@type":"ImageObject","inLanguage":"en-US","@id":"https:\/\/rutana.lt\/#\/schema\/logo\/image\/","url":"https:\/\/rutana.lt\/wp-content\/uploads\/2025\/10\/Asset-32.png","contentUrl":"https:\/\/rutana.lt\/wp-content\/uploads\/2025\/10\/Asset-32.png","width":433,"height":119,"caption":"Rutana - Ra\u0161tin\u0117s reikmenys"},"image":{"@id":"https:\/\/rutana.lt\/#\/schema\/logo\/image\/"},"sameAs":["https:\/\/www.facebook.com\/RutanaKanceliarinesPrekes\/"]}]}},"_links":{"self":[{"href":"https:\/\/rutana.lt\/en\/wp-json\/wp\/v2\/product\/20666","targetHints":{"allow":["GET"]}}],"collection":[{"href":"https:\/\/rutana.lt\/en\/wp-json\/wp\/v2\/product"}],"about":[{"href":"https:\/\/rutana.lt\/en\/wp-json\/wp\/v2\/types\/product"}],"replies":[{"embeddable":true,"href":"https:\/\/rutana.lt\/en\/wp-json\/wp\/v2\/comments?post=20666"}],"version-history":[{"count":1,"href":"https:\/\/rutana.lt\/en\/wp-json\/wp\/v2\/product\/20666\/revisions"}],"predecessor-version":[{"id":20697,"href":"https:\/\/rutana.lt\/en\/wp-json\/wp\/v2\/product\/20666\/revisions\/20697"}],"wp:featuredmedia":[{"embeddable":true,"href":"https:\/\/rutana.lt\/en\/wp-json\/wp\/v2\/media\/30465"}],"wp:attachment":[{"href":"https:\/\/rutana.lt\/en\/wp-json\/wp\/v2\/media?parent=20666"}],"wp:term":[{"taxonomy":"product_brand","embeddable":true,"href":"https:\/\/rutana.lt\/en\/wp-json\/wp\/v2\/product_brand?post=20666"},{"taxonomy":"product_cat","embeddable":true,"href":"https:\/\/rutana.lt\/en\/wp-json\/wp\/v2\/product_cat?post=20666"},{"taxonomy":"product_tag","embeddable":true,"href":"https:\/\/rutana.lt\/en\/wp-json\/wp\/v2\/product_tag?post=20666"}],"curies":[{"name":"wp","href":"https:\/\/api.w.org\/{rel}","templated":true}]}}