{"id":20661,"date":"2025-09-03T10:14:45","date_gmt":"2025-09-03T08:14:45","guid":{"rendered":"https:\/\/rutana.webdemo.lt\/?post_type=product&#038;p=20661"},"modified":"2025-10-13T16:02:25","modified_gmt":"2025-10-13T14:02:25","slug":"lipnus-lapeliai-su-linijomis-125-x-75-mm-geltoni-erichkrause-61712","status":"publish","type":"product","link":"https:\/\/rutana.lt\/en\/product\/lipnus-lapeliai-su-linijomis-125-x-75-mm-geltoni-erichkrause-61712\/","title":{"rendered":"Lipn\u016bs lapeliai su linijomis 125 x 75 mm geltoni ErichKrause 61712"},"content":{"rendered":"<p style=\"margin-bottom: 10px;\">Lipn\u016bs lapeliai puikiai tinka priminim\u0173 ra\u0161ymui, prid\u0117ti pastaboms prie knyg\u0173 ar dokument\u0173, informacijai ar prane\u0161imams perduoti. Tvirtai prilimpa prie daugumos \u0161vari\u0173 plok\u0161\u010di\u0173 pavir\u0161i\u0173. Lengva nuimti, nu\u0117mus nepalieka joki\u0173 \u017eymi\u0173. Lapeliai yra su linijomis.<\/p>\n<p style=\"margin-bottom: 10px;\">Lapelio i\u0161matavimai: 125 x 75 mm<\/p>\n<p style=\"margin-bottom: 10px;\">Lapelio storis: 75 g \/ m<span style=\"vertical-align: super;\">2<\/span><\/p>\n<p style=\"margin-bottom: 10px;\"><span style=\"vertical-align: super;\">Lapeli\u0173 kiekis: 100 vnt.<\/span><\/p>\n<p style=\"margin-bottom: 10px;\">Lapelio spalva: geltona<\/p>\n<p style=\"margin-bottom: 10px;\">Kilm\u0117s \u0161alis: Vokietija<\/p>\n<p style=\"margin-bottom: 10px;\">\n<p style=\"margin-bottom: 10px;\"><\/p>","protected":false},"excerpt":{"rendered":"<p>Lipn\u016bs lapeliai puikiai tinka priminim\u0173 ra\u0161ymui, prid\u0117ti pastaboms prie knyg\u0173 ar dokument\u0173, informacijai ar prane\u0161imams perduoti. Tvirtai prilimpa prie daugumos \u0161vari\u0173 plok\u0161\u010di\u0173 pavir\u0161i\u0173. Lengva nuimti, nu\u0117mus nepalieka joki\u0173 \u017eymi\u0173. Lapeliai yra su linijomis. Lapelio i\u0161matavimai: 125 x 75 mm Lapelio storis: 75 g \/ m2 Lapeli\u0173 kiekis: 100 vnt. Lapelio spalva: geltona Kilm\u0117s \u0161alis: Vokietija<\/p>","protected":false},"featured_media":30460,"comment_status":"open","ping_status":"closed","template":"","meta":{"_season_start":"","_season_end":"","_season_days":"","_season_months":"","_season_auto_visibility":""},"product_brand":[648],"product_cat":[1770],"product_tag":[],"class_list":{"0":"post-20661","1":"product","2":"type-product","3":"status-publish","4":"has-post-thumbnail","6":"product_brand-erichkrause","7":"product_cat-75-x-125-mm","9":"first","10":"instock","11":"taxable","12":"shipping-taxable","13":"purchasable","14":"product-type-simple"},"yoast_head":"<!-- This site is optimized with the Yoast SEO plugin v26.1.1 - https:\/\/yoast.com\/wordpress\/plugins\/seo\/ -->\n<title>Lipn\u016bs lapeliai su linijomis 125 x 75 mm geltoni ErichKrause 61712 - Rutana - Ra\u0161tin\u0117s reikmenys<\/title>\n<meta name=\"robots\" content=\"index, follow, max-snippet:-1, max-image-preview:large, max-video-preview:-1\" \/>\n<link rel=\"canonical\" href=\"https:\/\/rutana.lt\/en\/product\/lipnus-lapeliai-su-linijomis-125-x-75-mm-geltoni-erichkrause-61712\/\" \/>\n<meta property=\"og:locale\" content=\"en_US\" \/>\n<meta property=\"og:type\" content=\"article\" \/>\n<meta property=\"og:title\" content=\"Lipn\u016bs lapeliai su linijomis 125 x 75 mm geltoni ErichKrause 61712 - Rutana - Ra\u0161tin\u0117s reikmenys\" \/>\n<meta property=\"og:description\" content=\"Lipn\u016bs lapeliai puikiai tinka priminim\u0173 ra\u0161ymui, prid\u0117ti pastaboms prie knyg\u0173 ar dokument\u0173, informacijai ar prane\u0161imams perduoti. Tvirtai prilimpa prie daugumos \u0161vari\u0173 plok\u0161\u010di\u0173 pavir\u0161i\u0173. Lengva nuimti, nu\u0117mus nepalieka joki\u0173 \u017eymi\u0173. Lapeliai yra su linijomis. Lapelio i\u0161matavimai: 125 x 75 mm Lapelio storis: 75 g \/ m2 Lapeli\u0173 kiekis: 100 vnt. Lapelio spalva: geltona Kilm\u0117s \u0161alis: Vokietija\" \/>\n<meta property=\"og:url\" content=\"https:\/\/rutana.lt\/en\/product\/lipnus-lapeliai-su-linijomis-125-x-75-mm-geltoni-erichkrause-61712\/\" \/>\n<meta property=\"og:site_name\" content=\"Rutana - Ra\u0161tin\u0117s reikmenys\" \/>\n<meta property=\"article:publisher\" content=\"https:\/\/www.facebook.com\/RutanaKanceliarinesPrekes\/\" \/>\n<meta property=\"article:modified_time\" content=\"2025-10-13T14:02:25+00:00\" \/>\n<meta property=\"og:image\" content=\"https:\/\/rutana.lt\/wp-content\/uploads\/2025\/09\/A103-303.jpg\" \/>\n\t<meta property=\"og:image:width\" content=\"1000\" \/>\n\t<meta property=\"og:image:height\" content=\"1000\" \/>\n\t<meta property=\"og:image:type\" content=\"image\/jpeg\" \/>\n<meta name=\"twitter:card\" content=\"summary_large_image\" \/>\n<script type=\"application\/ld+json\" class=\"yoast-schema-graph\">{\"@context\":\"https:\/\/schema.org\",\"@graph\":[{\"@type\":\"WebPage\",\"@id\":\"https:\/\/rutana.lt\/produktas\/lipnus-lapeliai-su-linijomis-125-x-75-mm-geltoni-erichkrause-61712\/\",\"url\":\"https:\/\/rutana.lt\/produktas\/lipnus-lapeliai-su-linijomis-125-x-75-mm-geltoni-erichkrause-61712\/\",\"name\":\"Lipn\u016bs lapeliai su linijomis 125 x 75 mm geltoni ErichKrause 61712 - Rutana - Ra\u0161tin\u0117s reikmenys\",\"isPartOf\":{\"@id\":\"https:\/\/rutana.lt\/#website\"},\"primaryImageOfPage\":{\"@id\":\"https:\/\/rutana.lt\/produktas\/lipnus-lapeliai-su-linijomis-125-x-75-mm-geltoni-erichkrause-61712\/#primaryimage\"},\"image\":{\"@id\":\"https:\/\/rutana.lt\/produktas\/lipnus-lapeliai-su-linijomis-125-x-75-mm-geltoni-erichkrause-61712\/#primaryimage\"},\"thumbnailUrl\":\"https:\/\/rutana.lt\/wp-content\/uploads\/2025\/09\/A103-303-1.jpg?v=1763562863\",\"datePublished\":\"2025-09-03T08:14:45+00:00\",\"dateModified\":\"2025-10-13T14:02:25+00:00\",\"breadcrumb\":{\"@id\":\"https:\/\/rutana.lt\/produktas\/lipnus-lapeliai-su-linijomis-125-x-75-mm-geltoni-erichkrause-61712\/#breadcrumb\"},\"inLanguage\":\"en-US\",\"potentialAction\":[{\"@type\":\"ReadAction\",\"target\":[\"https:\/\/rutana.lt\/produktas\/lipnus-lapeliai-su-linijomis-125-x-75-mm-geltoni-erichkrause-61712\/\"]}]},{\"@type\":\"ImageObject\",\"inLanguage\":\"en-US\",\"@id\":\"https:\/\/rutana.lt\/produktas\/lipnus-lapeliai-su-linijomis-125-x-75-mm-geltoni-erichkrause-61712\/#primaryimage\",\"url\":\"https:\/\/rutana.lt\/wp-content\/uploads\/2025\/09\/A103-303-1.jpg?v=1763562863\",\"contentUrl\":\"https:\/\/rutana.lt\/wp-content\/uploads\/2025\/09\/A103-303-1.jpg?v=1763562863\",\"width\":1000,\"height\":1000},{\"@type\":\"BreadcrumbList\",\"@id\":\"https:\/\/rutana.lt\/produktas\/lipnus-lapeliai-su-linijomis-125-x-75-mm-geltoni-erichkrause-61712\/#breadcrumb\",\"itemListElement\":[{\"@type\":\"ListItem\",\"position\":1,\"name\":\"Home\",\"item\":\"https:\/\/rutana.lt\/\"},{\"@type\":\"ListItem\",\"position\":2,\"name\":\"Parduotuv\u0117\",\"item\":\"https:\/\/rutana.lt\/parduotuve\/\"},{\"@type\":\"ListItem\",\"position\":3,\"name\":\"Lipn\u016bs lapeliai su linijomis 125 x 75 mm geltoni ErichKrause 61712\"}]},{\"@type\":\"WebSite\",\"@id\":\"https:\/\/rutana.lt\/#website\",\"url\":\"https:\/\/rutana.lt\/\",\"name\":\"Rutana - Ra\u0161tin\u0117s reikmenys\",\"description\":\"Prekiaujame pasaulin\u0117je rinkoje pripa\u017eintomis, kokybi\u0161komis biuro prek\u0117mis toki\u0173  gamintoj\u0173 kaip: Schneider, Esselte, Novus, 3M, Faber-Castell, Citizen, Milan, Leitz, Colop, Zebra, Staedtler, Durable, Tork, Parker, Waterman ir kt.\",\"publisher\":{\"@id\":\"https:\/\/rutana.lt\/#organization\"},\"potentialAction\":[{\"@type\":\"SearchAction\",\"target\":{\"@type\":\"EntryPoint\",\"urlTemplate\":\"https:\/\/rutana.lt\/?s={search_term_string}\"},\"query-input\":{\"@type\":\"PropertyValueSpecification\",\"valueRequired\":true,\"valueName\":\"search_term_string\"}}],\"inLanguage\":\"en-US\"},{\"@type\":\"Organization\",\"@id\":\"https:\/\/rutana.lt\/#organization\",\"name\":\"Rutana - Ra\u0161tin\u0117s reikmenys\",\"url\":\"https:\/\/rutana.lt\/\",\"logo\":{\"@type\":\"ImageObject\",\"inLanguage\":\"en-US\",\"@id\":\"https:\/\/rutana.lt\/#\/schema\/logo\/image\/\",\"url\":\"https:\/\/rutana.lt\/wp-content\/uploads\/2025\/10\/Asset-32.png\",\"contentUrl\":\"https:\/\/rutana.lt\/wp-content\/uploads\/2025\/10\/Asset-32.png\",\"width\":433,\"height\":119,\"caption\":\"Rutana - Ra\u0161tin\u0117s reikmenys\"},\"image\":{\"@id\":\"https:\/\/rutana.lt\/#\/schema\/logo\/image\/\"},\"sameAs\":[\"https:\/\/www.facebook.com\/RutanaKanceliarinesPrekes\/\"]}]}<\/script>\n<!-- \/ Yoast SEO plugin. -->","yoast_head_json":{"title":"Lipn\u016bs lapeliai su linijomis 125 x 75 mm geltoni ErichKrause 61712 - Rutana - Ra\u0161tin\u0117s reikmenys","robots":{"index":"index","follow":"follow","max-snippet":"max-snippet:-1","max-image-preview":"max-image-preview:large","max-video-preview":"max-video-preview:-1"},"canonical":"https:\/\/rutana.lt\/en\/product\/lipnus-lapeliai-su-linijomis-125-x-75-mm-geltoni-erichkrause-61712\/","og_locale":"en_US","og_type":"article","og_title":"Lipn\u016bs lapeliai su linijomis 125 x 75 mm geltoni ErichKrause 61712 - Rutana - Ra\u0161tin\u0117s reikmenys","og_description":"Lipn\u016bs lapeliai puikiai tinka priminim\u0173 ra\u0161ymui, prid\u0117ti pastaboms prie knyg\u0173 ar dokument\u0173, informacijai ar prane\u0161imams perduoti. Tvirtai prilimpa prie daugumos \u0161vari\u0173 plok\u0161\u010di\u0173 pavir\u0161i\u0173. Lengva nuimti, nu\u0117mus nepalieka joki\u0173 \u017eymi\u0173. Lapeliai yra su linijomis. Lapelio i\u0161matavimai: 125 x 75 mm Lapelio storis: 75 g \/ m2 Lapeli\u0173 kiekis: 100 vnt. Lapelio spalva: geltona Kilm\u0117s \u0161alis: Vokietija","og_url":"https:\/\/rutana.lt\/en\/product\/lipnus-lapeliai-su-linijomis-125-x-75-mm-geltoni-erichkrause-61712\/","og_site_name":"Rutana - Ra\u0161tin\u0117s reikmenys","article_publisher":"https:\/\/www.facebook.com\/RutanaKanceliarinesPrekes\/","article_modified_time":"2025-10-13T14:02:25+00:00","og_image":[{"width":1000,"height":1000,"url":"https:\/\/rutana.lt\/wp-content\/uploads\/2025\/09\/A103-303.jpg","type":"image\/jpeg"}],"twitter_card":"summary_large_image","schema":{"@context":"https:\/\/schema.org","@graph":[{"@type":"WebPage","@id":"https:\/\/rutana.lt\/produktas\/lipnus-lapeliai-su-linijomis-125-x-75-mm-geltoni-erichkrause-61712\/","url":"https:\/\/rutana.lt\/produktas\/lipnus-lapeliai-su-linijomis-125-x-75-mm-geltoni-erichkrause-61712\/","name":"Lipn\u016bs lapeliai su linijomis 125 x 75 mm geltoni ErichKrause 61712 - Rutana - Ra\u0161tin\u0117s reikmenys","isPartOf":{"@id":"https:\/\/rutana.lt\/#website"},"primaryImageOfPage":{"@id":"https:\/\/rutana.lt\/produktas\/lipnus-lapeliai-su-linijomis-125-x-75-mm-geltoni-erichkrause-61712\/#primaryimage"},"image":{"@id":"https:\/\/rutana.lt\/produktas\/lipnus-lapeliai-su-linijomis-125-x-75-mm-geltoni-erichkrause-61712\/#primaryimage"},"thumbnailUrl":"https:\/\/rutana.lt\/wp-content\/uploads\/2025\/09\/A103-303-1.jpg?v=1763562863","datePublished":"2025-09-03T08:14:45+00:00","dateModified":"2025-10-13T14:02:25+00:00","breadcrumb":{"@id":"https:\/\/rutana.lt\/produktas\/lipnus-lapeliai-su-linijomis-125-x-75-mm-geltoni-erichkrause-61712\/#breadcrumb"},"inLanguage":"en-US","potentialAction":[{"@type":"ReadAction","target":["https:\/\/rutana.lt\/produktas\/lipnus-lapeliai-su-linijomis-125-x-75-mm-geltoni-erichkrause-61712\/"]}]},{"@type":"ImageObject","inLanguage":"en-US","@id":"https:\/\/rutana.lt\/produktas\/lipnus-lapeliai-su-linijomis-125-x-75-mm-geltoni-erichkrause-61712\/#primaryimage","url":"https:\/\/rutana.lt\/wp-content\/uploads\/2025\/09\/A103-303-1.jpg?v=1763562863","contentUrl":"https:\/\/rutana.lt\/wp-content\/uploads\/2025\/09\/A103-303-1.jpg?v=1763562863","width":1000,"height":1000},{"@type":"BreadcrumbList","@id":"https:\/\/rutana.lt\/produktas\/lipnus-lapeliai-su-linijomis-125-x-75-mm-geltoni-erichkrause-61712\/#breadcrumb","itemListElement":[{"@type":"ListItem","position":1,"name":"Home","item":"https:\/\/rutana.lt\/"},{"@type":"ListItem","position":2,"name":"Parduotuv\u0117","item":"https:\/\/rutana.lt\/parduotuve\/"},{"@type":"ListItem","position":3,"name":"Lipn\u016bs lapeliai su linijomis 125 x 75 mm geltoni ErichKrause 61712"}]},{"@type":"WebSite","@id":"https:\/\/rutana.lt\/#website","url":"https:\/\/rutana.lt\/","name":"Rutana - Ra\u0161tin\u0117s reikmenys","description":"Prekiaujame pasaulin\u0117je rinkoje pripa\u017eintomis, kokybi\u0161komis biuro prek\u0117mis toki\u0173  gamintoj\u0173 kaip: Schneider, Esselte, Novus, 3M, Faber-Castell, Citizen, Milan, Leitz, Colop, Zebra, Staedtler, Durable, Tork, Parker, Waterman ir kt.","publisher":{"@id":"https:\/\/rutana.lt\/#organization"},"potentialAction":[{"@type":"SearchAction","target":{"@type":"EntryPoint","urlTemplate":"https:\/\/rutana.lt\/?s={search_term_string}"},"query-input":{"@type":"PropertyValueSpecification","valueRequired":true,"valueName":"search_term_string"}}],"inLanguage":"en-US"},{"@type":"Organization","@id":"https:\/\/rutana.lt\/#organization","name":"Rutana - Ra\u0161tin\u0117s reikmenys","url":"https:\/\/rutana.lt\/","logo":{"@type":"ImageObject","inLanguage":"en-US","@id":"https:\/\/rutana.lt\/#\/schema\/logo\/image\/","url":"https:\/\/rutana.lt\/wp-content\/uploads\/2025\/10\/Asset-32.png","contentUrl":"https:\/\/rutana.lt\/wp-content\/uploads\/2025\/10\/Asset-32.png","width":433,"height":119,"caption":"Rutana - Ra\u0161tin\u0117s reikmenys"},"image":{"@id":"https:\/\/rutana.lt\/#\/schema\/logo\/image\/"},"sameAs":["https:\/\/www.facebook.com\/RutanaKanceliarinesPrekes\/"]}]}},"_links":{"self":[{"href":"https:\/\/rutana.lt\/en\/wp-json\/wp\/v2\/product\/20661","targetHints":{"allow":["GET"]}}],"collection":[{"href":"https:\/\/rutana.lt\/en\/wp-json\/wp\/v2\/product"}],"about":[{"href":"https:\/\/rutana.lt\/en\/wp-json\/wp\/v2\/types\/product"}],"replies":[{"embeddable":true,"href":"https:\/\/rutana.lt\/en\/wp-json\/wp\/v2\/comments?post=20661"}],"version-history":[{"count":1,"href":"https:\/\/rutana.lt\/en\/wp-json\/wp\/v2\/product\/20661\/revisions"}],"predecessor-version":[{"id":20687,"href":"https:\/\/rutana.lt\/en\/wp-json\/wp\/v2\/product\/20661\/revisions\/20687"}],"wp:featuredmedia":[{"embeddable":true,"href":"https:\/\/rutana.lt\/en\/wp-json\/wp\/v2\/media\/30460"}],"wp:attachment":[{"href":"https:\/\/rutana.lt\/en\/wp-json\/wp\/v2\/media?parent=20661"}],"wp:term":[{"taxonomy":"product_brand","embeddable":true,"href":"https:\/\/rutana.lt\/en\/wp-json\/wp\/v2\/product_brand?post=20661"},{"taxonomy":"product_cat","embeddable":true,"href":"https:\/\/rutana.lt\/en\/wp-json\/wp\/v2\/product_cat?post=20661"},{"taxonomy":"product_tag","embeddable":true,"href":"https:\/\/rutana.lt\/en\/wp-json\/wp\/v2\/product_tag?post=20661"}],"curies":[{"name":"wp","href":"https:\/\/api.w.org\/{rel}","templated":true}]}}