{"id":20622,"date":"2025-09-03T10:14:24","date_gmt":"2025-09-03T08:14:24","guid":{"rendered":"https:\/\/rutana.webdemo.lt\/?post_type=product&#038;p=20622"},"modified":"2025-10-13T16:02:24","modified_gmt":"2025-10-13T14:02:24","slug":"sasiuvinis-a5-1-klasei-12-lapu-langeliais-32008","status":"publish","type":"product","link":"https:\/\/rutana.lt\/en\/product\/sasiuvinis-a5-1-klasei-12-lapu-langeliais-32008\/","title":{"rendered":"S\u0105siuvinis A5 1 klasei 12 lap\u0173 langeliais 32008"},"content":{"rendered":"<p style=\"margin-bottom: 0px; padding: 0px;\">Mokyklinis s\u0105siuvinis 1 klasei su specialiais reikalaujamo dyd\u017eio langeliais. S\u0105siuvinis pagamintas i\u0161 auk\u0161tos kokyb\u0117s popieriaus. Popieriuje nesilieja ra\u0161alas, ra\u0161ant su plunksniniu parkeriu. Spalvoti ir gra\u017e\u016bs vir\u0161eliai. Su para\u0161t\u0117mis ( ir lapo priekyje taip pat ).<\/p>\n<p>Formatas: A5<\/p>\n<p>Lap\u0173 kiekis: 12<\/p>\n<p>Vidus: langeliais<\/p>\n<p>Vidinio lapo storis: 80 g \/ m<span style=\"vertical-align: super;\">2<\/span><\/p>\n<p>Vir\u0161elio storis: 115 g \/ m<span style=\"vertical-align: super;\">2<\/span><\/p>\n<p>Tinkamas mokykloje: 1 klasei<\/p>\n<p>Kilm\u0117s \u0161alis: Latvija<\/p>","protected":false},"excerpt":{"rendered":"<p>Mokyklinis s\u0105siuvinis 1 klasei su specialiais reikalaujamo dyd\u017eio langeliais. S\u0105siuvinis pagamintas i\u0161 auk\u0161tos kokyb\u0117s popieriaus. Popieriuje nesilieja ra\u0161alas, ra\u0161ant su plunksniniu parkeriu. Spalvoti ir gra\u017e\u016bs vir\u0161eliai. Su para\u0161t\u0117mis ( ir lapo priekyje taip pat ). Formatas: A5 Lap\u0173 kiekis: 12 Vidus: langeliais Vidinio lapo storis: 80 g \/ m2 Vir\u0161elio storis: 115 g \/ m2 [&hellip;]<\/p>","protected":false},"featured_media":30457,"comment_status":"open","ping_status":"closed","template":"","meta":{"_season_start":"","_season_end":"","_season_days":"","_season_months":"","_season_auto_visibility":""},"product_brand":[83],"product_cat":[1552],"product_tag":[],"class_list":{"0":"post-20622","1":"product","2":"type-product","3":"status-publish","4":"has-post-thumbnail","6":"product_brand-null","7":"product_cat-mokykliniai-sasiuviniai-mokyklines-prekes","9":"first","10":"instock","11":"taxable","12":"shipping-taxable","13":"purchasable","14":"product-type-simple"},"yoast_head":"<!-- This site is optimized with the Yoast SEO plugin v26.1.1 - https:\/\/yoast.com\/wordpress\/plugins\/seo\/ -->\n<title>S\u0105siuvinis A5 1 klasei 12 lap\u0173 langeliais 32008 - Rutana - Ra\u0161tin\u0117s reikmenys<\/title>\n<meta name=\"robots\" content=\"index, follow, max-snippet:-1, max-image-preview:large, max-video-preview:-1\" \/>\n<link rel=\"canonical\" href=\"https:\/\/rutana.lt\/en\/product\/sasiuvinis-a5-1-klasei-12-lapu-langeliais-32008\/\" \/>\n<meta property=\"og:locale\" content=\"en_US\" \/>\n<meta property=\"og:type\" content=\"article\" \/>\n<meta property=\"og:title\" content=\"S\u0105siuvinis A5 1 klasei 12 lap\u0173 langeliais 32008 - Rutana - Ra\u0161tin\u0117s reikmenys\" \/>\n<meta property=\"og:description\" content=\"Mokyklinis s\u0105siuvinis 1 klasei su specialiais reikalaujamo dyd\u017eio langeliais. S\u0105siuvinis pagamintas i\u0161 auk\u0161tos kokyb\u0117s popieriaus. Popieriuje nesilieja ra\u0161alas, ra\u0161ant su plunksniniu parkeriu. Spalvoti ir gra\u017e\u016bs vir\u0161eliai. Su para\u0161t\u0117mis ( ir lapo priekyje taip pat ). Formatas: A5 Lap\u0173 kiekis: 12 Vidus: langeliais Vidinio lapo storis: 80 g \/ m2 Vir\u0161elio storis: 115 g \/ m2 [&hellip;]\" \/>\n<meta property=\"og:url\" content=\"https:\/\/rutana.lt\/en\/product\/sasiuvinis-a5-1-klasei-12-lapu-langeliais-32008\/\" \/>\n<meta property=\"og:site_name\" content=\"Rutana - Ra\u0161tin\u0117s reikmenys\" \/>\n<meta property=\"article:publisher\" content=\"https:\/\/www.facebook.com\/RutanaKanceliarinesPrekes\/\" \/>\n<meta property=\"article:modified_time\" content=\"2025-10-13T14:02:24+00:00\" \/>\n<meta property=\"og:image\" content=\"https:\/\/rutana.lt\/wp-content\/uploads\/2025\/09\/A011-017.jpg\" \/>\n\t<meta property=\"og:image:width\" content=\"598\" \/>\n\t<meta property=\"og:image:height\" content=\"710\" \/>\n\t<meta property=\"og:image:type\" content=\"image\/jpeg\" \/>\n<meta name=\"twitter:card\" content=\"summary_large_image\" \/>\n<script type=\"application\/ld+json\" class=\"yoast-schema-graph\">{\"@context\":\"https:\/\/schema.org\",\"@graph\":[{\"@type\":\"WebPage\",\"@id\":\"https:\/\/rutana.lt\/produktas\/sasiuvinis-a5-1-klasei-12-lapu-langeliais-32008\/\",\"url\":\"https:\/\/rutana.lt\/produktas\/sasiuvinis-a5-1-klasei-12-lapu-langeliais-32008\/\",\"name\":\"S\u0105siuvinis A5 1 klasei 12 lap\u0173 langeliais 32008 - Rutana - Ra\u0161tin\u0117s reikmenys\",\"isPartOf\":{\"@id\":\"https:\/\/rutana.lt\/#website\"},\"primaryImageOfPage\":{\"@id\":\"https:\/\/rutana.lt\/produktas\/sasiuvinis-a5-1-klasei-12-lapu-langeliais-32008\/#primaryimage\"},\"image\":{\"@id\":\"https:\/\/rutana.lt\/produktas\/sasiuvinis-a5-1-klasei-12-lapu-langeliais-32008\/#primaryimage\"},\"thumbnailUrl\":\"https:\/\/rutana.lt\/wp-content\/uploads\/2025\/09\/A011-017-2.jpg?v=1763562868\",\"datePublished\":\"2025-09-03T08:14:24+00:00\",\"dateModified\":\"2025-10-13T14:02:24+00:00\",\"breadcrumb\":{\"@id\":\"https:\/\/rutana.lt\/produktas\/sasiuvinis-a5-1-klasei-12-lapu-langeliais-32008\/#breadcrumb\"},\"inLanguage\":\"en-US\",\"potentialAction\":[{\"@type\":\"ReadAction\",\"target\":[\"https:\/\/rutana.lt\/produktas\/sasiuvinis-a5-1-klasei-12-lapu-langeliais-32008\/\"]}]},{\"@type\":\"ImageObject\",\"inLanguage\":\"en-US\",\"@id\":\"https:\/\/rutana.lt\/produktas\/sasiuvinis-a5-1-klasei-12-lapu-langeliais-32008\/#primaryimage\",\"url\":\"https:\/\/rutana.lt\/wp-content\/uploads\/2025\/09\/A011-017-2.jpg?v=1763562868\",\"contentUrl\":\"https:\/\/rutana.lt\/wp-content\/uploads\/2025\/09\/A011-017-2.jpg?v=1763562868\",\"width\":598,\"height\":710},{\"@type\":\"BreadcrumbList\",\"@id\":\"https:\/\/rutana.lt\/produktas\/sasiuvinis-a5-1-klasei-12-lapu-langeliais-32008\/#breadcrumb\",\"itemListElement\":[{\"@type\":\"ListItem\",\"position\":1,\"name\":\"Home\",\"item\":\"https:\/\/rutana.lt\/\"},{\"@type\":\"ListItem\",\"position\":2,\"name\":\"Parduotuv\u0117\",\"item\":\"https:\/\/rutana.lt\/parduotuve\/\"},{\"@type\":\"ListItem\",\"position\":3,\"name\":\"S\u0105siuvinis A5 1 klasei 12 lap\u0173 langeliais 32008\"}]},{\"@type\":\"WebSite\",\"@id\":\"https:\/\/rutana.lt\/#website\",\"url\":\"https:\/\/rutana.lt\/\",\"name\":\"Rutana - Ra\u0161tin\u0117s reikmenys\",\"description\":\"Prekiaujame pasaulin\u0117je rinkoje pripa\u017eintomis, kokybi\u0161komis biuro prek\u0117mis toki\u0173  gamintoj\u0173 kaip: Schneider, Esselte, Novus, 3M, Faber-Castell, Citizen, Milan, Leitz, Colop, Zebra, Staedtler, Durable, Tork, Parker, Waterman ir kt.\",\"publisher\":{\"@id\":\"https:\/\/rutana.lt\/#organization\"},\"potentialAction\":[{\"@type\":\"SearchAction\",\"target\":{\"@type\":\"EntryPoint\",\"urlTemplate\":\"https:\/\/rutana.lt\/?s={search_term_string}\"},\"query-input\":{\"@type\":\"PropertyValueSpecification\",\"valueRequired\":true,\"valueName\":\"search_term_string\"}}],\"inLanguage\":\"en-US\"},{\"@type\":\"Organization\",\"@id\":\"https:\/\/rutana.lt\/#organization\",\"name\":\"Rutana - Ra\u0161tin\u0117s reikmenys\",\"url\":\"https:\/\/rutana.lt\/\",\"logo\":{\"@type\":\"ImageObject\",\"inLanguage\":\"en-US\",\"@id\":\"https:\/\/rutana.lt\/#\/schema\/logo\/image\/\",\"url\":\"https:\/\/rutana.lt\/wp-content\/uploads\/2025\/10\/Asset-32.png\",\"contentUrl\":\"https:\/\/rutana.lt\/wp-content\/uploads\/2025\/10\/Asset-32.png\",\"width\":433,\"height\":119,\"caption\":\"Rutana - Ra\u0161tin\u0117s reikmenys\"},\"image\":{\"@id\":\"https:\/\/rutana.lt\/#\/schema\/logo\/image\/\"},\"sameAs\":[\"https:\/\/www.facebook.com\/RutanaKanceliarinesPrekes\/\"]}]}<\/script>\n<!-- \/ Yoast SEO plugin. -->","yoast_head_json":{"title":"S\u0105siuvinis A5 1 klasei 12 lap\u0173 langeliais 32008 - Rutana - Ra\u0161tin\u0117s reikmenys","robots":{"index":"index","follow":"follow","max-snippet":"max-snippet:-1","max-image-preview":"max-image-preview:large","max-video-preview":"max-video-preview:-1"},"canonical":"https:\/\/rutana.lt\/en\/product\/sasiuvinis-a5-1-klasei-12-lapu-langeliais-32008\/","og_locale":"en_US","og_type":"article","og_title":"S\u0105siuvinis A5 1 klasei 12 lap\u0173 langeliais 32008 - Rutana - Ra\u0161tin\u0117s reikmenys","og_description":"Mokyklinis s\u0105siuvinis 1 klasei su specialiais reikalaujamo dyd\u017eio langeliais. S\u0105siuvinis pagamintas i\u0161 auk\u0161tos kokyb\u0117s popieriaus. Popieriuje nesilieja ra\u0161alas, ra\u0161ant su plunksniniu parkeriu. Spalvoti ir gra\u017e\u016bs vir\u0161eliai. Su para\u0161t\u0117mis ( ir lapo priekyje taip pat ). Formatas: A5 Lap\u0173 kiekis: 12 Vidus: langeliais Vidinio lapo storis: 80 g \/ m2 Vir\u0161elio storis: 115 g \/ m2 [&hellip;]","og_url":"https:\/\/rutana.lt\/en\/product\/sasiuvinis-a5-1-klasei-12-lapu-langeliais-32008\/","og_site_name":"Rutana - Ra\u0161tin\u0117s reikmenys","article_publisher":"https:\/\/www.facebook.com\/RutanaKanceliarinesPrekes\/","article_modified_time":"2025-10-13T14:02:24+00:00","og_image":[{"width":598,"height":710,"url":"https:\/\/rutana.lt\/wp-content\/uploads\/2025\/09\/A011-017.jpg","type":"image\/jpeg"}],"twitter_card":"summary_large_image","schema":{"@context":"https:\/\/schema.org","@graph":[{"@type":"WebPage","@id":"https:\/\/rutana.lt\/produktas\/sasiuvinis-a5-1-klasei-12-lapu-langeliais-32008\/","url":"https:\/\/rutana.lt\/produktas\/sasiuvinis-a5-1-klasei-12-lapu-langeliais-32008\/","name":"S\u0105siuvinis A5 1 klasei 12 lap\u0173 langeliais 32008 - Rutana - Ra\u0161tin\u0117s reikmenys","isPartOf":{"@id":"https:\/\/rutana.lt\/#website"},"primaryImageOfPage":{"@id":"https:\/\/rutana.lt\/produktas\/sasiuvinis-a5-1-klasei-12-lapu-langeliais-32008\/#primaryimage"},"image":{"@id":"https:\/\/rutana.lt\/produktas\/sasiuvinis-a5-1-klasei-12-lapu-langeliais-32008\/#primaryimage"},"thumbnailUrl":"https:\/\/rutana.lt\/wp-content\/uploads\/2025\/09\/A011-017-2.jpg?v=1763562868","datePublished":"2025-09-03T08:14:24+00:00","dateModified":"2025-10-13T14:02:24+00:00","breadcrumb":{"@id":"https:\/\/rutana.lt\/produktas\/sasiuvinis-a5-1-klasei-12-lapu-langeliais-32008\/#breadcrumb"},"inLanguage":"en-US","potentialAction":[{"@type":"ReadAction","target":["https:\/\/rutana.lt\/produktas\/sasiuvinis-a5-1-klasei-12-lapu-langeliais-32008\/"]}]},{"@type":"ImageObject","inLanguage":"en-US","@id":"https:\/\/rutana.lt\/produktas\/sasiuvinis-a5-1-klasei-12-lapu-langeliais-32008\/#primaryimage","url":"https:\/\/rutana.lt\/wp-content\/uploads\/2025\/09\/A011-017-2.jpg?v=1763562868","contentUrl":"https:\/\/rutana.lt\/wp-content\/uploads\/2025\/09\/A011-017-2.jpg?v=1763562868","width":598,"height":710},{"@type":"BreadcrumbList","@id":"https:\/\/rutana.lt\/produktas\/sasiuvinis-a5-1-klasei-12-lapu-langeliais-32008\/#breadcrumb","itemListElement":[{"@type":"ListItem","position":1,"name":"Home","item":"https:\/\/rutana.lt\/"},{"@type":"ListItem","position":2,"name":"Parduotuv\u0117","item":"https:\/\/rutana.lt\/parduotuve\/"},{"@type":"ListItem","position":3,"name":"S\u0105siuvinis A5 1 klasei 12 lap\u0173 langeliais 32008"}]},{"@type":"WebSite","@id":"https:\/\/rutana.lt\/#website","url":"https:\/\/rutana.lt\/","name":"Rutana - Ra\u0161tin\u0117s reikmenys","description":"Prekiaujame pasaulin\u0117je rinkoje pripa\u017eintomis, kokybi\u0161komis biuro prek\u0117mis toki\u0173  gamintoj\u0173 kaip: Schneider, Esselte, Novus, 3M, Faber-Castell, Citizen, Milan, Leitz, Colop, Zebra, Staedtler, Durable, Tork, Parker, Waterman ir kt.","publisher":{"@id":"https:\/\/rutana.lt\/#organization"},"potentialAction":[{"@type":"SearchAction","target":{"@type":"EntryPoint","urlTemplate":"https:\/\/rutana.lt\/?s={search_term_string}"},"query-input":{"@type":"PropertyValueSpecification","valueRequired":true,"valueName":"search_term_string"}}],"inLanguage":"en-US"},{"@type":"Organization","@id":"https:\/\/rutana.lt\/#organization","name":"Rutana - Ra\u0161tin\u0117s reikmenys","url":"https:\/\/rutana.lt\/","logo":{"@type":"ImageObject","inLanguage":"en-US","@id":"https:\/\/rutana.lt\/#\/schema\/logo\/image\/","url":"https:\/\/rutana.lt\/wp-content\/uploads\/2025\/10\/Asset-32.png","contentUrl":"https:\/\/rutana.lt\/wp-content\/uploads\/2025\/10\/Asset-32.png","width":433,"height":119,"caption":"Rutana - Ra\u0161tin\u0117s reikmenys"},"image":{"@id":"https:\/\/rutana.lt\/#\/schema\/logo\/image\/"},"sameAs":["https:\/\/www.facebook.com\/RutanaKanceliarinesPrekes\/"]}]}},"_links":{"self":[{"href":"https:\/\/rutana.lt\/en\/wp-json\/wp\/v2\/product\/20622","targetHints":{"allow":["GET"]}}],"collection":[{"href":"https:\/\/rutana.lt\/en\/wp-json\/wp\/v2\/product"}],"about":[{"href":"https:\/\/rutana.lt\/en\/wp-json\/wp\/v2\/types\/product"}],"replies":[{"embeddable":true,"href":"https:\/\/rutana.lt\/en\/wp-json\/wp\/v2\/comments?post=20622"}],"version-history":[{"count":1,"href":"https:\/\/rutana.lt\/en\/wp-json\/wp\/v2\/product\/20622\/revisions"}],"predecessor-version":[{"id":20681,"href":"https:\/\/rutana.lt\/en\/wp-json\/wp\/v2\/product\/20622\/revisions\/20681"}],"wp:featuredmedia":[{"embeddable":true,"href":"https:\/\/rutana.lt\/en\/wp-json\/wp\/v2\/media\/30457"}],"wp:attachment":[{"href":"https:\/\/rutana.lt\/en\/wp-json\/wp\/v2\/media?parent=20622"}],"wp:term":[{"taxonomy":"product_brand","embeddable":true,"href":"https:\/\/rutana.lt\/en\/wp-json\/wp\/v2\/product_brand?post=20622"},{"taxonomy":"product_cat","embeddable":true,"href":"https:\/\/rutana.lt\/en\/wp-json\/wp\/v2\/product_cat?post=20622"},{"taxonomy":"product_tag","embeddable":true,"href":"https:\/\/rutana.lt\/en\/wp-json\/wp\/v2\/product_tag?post=20622"}],"curies":[{"name":"wp","href":"https:\/\/api.w.org\/{rel}","templated":true}]}}