{"id":20621,"date":"2025-09-03T10:14:24","date_gmt":"2025-09-03T08:14:24","guid":{"rendered":"https:\/\/rutana.webdemo.lt\/?post_type=product&#038;p=20621"},"modified":"2025-10-13T16:02:23","modified_gmt":"2025-10-13T14:02:23","slug":"sasiuvinis-a4-su-abecele-96-lapai-langeliais-grand-25403","status":"publish","type":"product","link":"https:\/\/rutana.lt\/en\/product\/sasiuvinis-a4-su-abecele-96-lapai-langeliais-grand-25403\/","title":{"rendered":"S\u0105siuvinis A4 su ab\u0117c\u0117le 96 lapai langeliais Grand 25403"},"content":{"rendered":"<p>S\u0105siuvinis su kietu laminuotu vir\u0161eliu. Vidiniai lapai suvardinti pagal ab\u0117cel\u0119.<\/p>\n<p>S\u0105siuvinio formatas: A4<\/p>\n<p>S\u0105siuvinio lap\u0173 skai\u010dius: 96<\/p>\n<p>Vidus: langeliais su ab\u0117cele<\/p>\n<p>Vir\u0161elio spalva: \u012fvairiaspalv\u0117<\/p>\n<p>Kilm\u0117s \u0161alis: Lenkija<\/p>\n<\/p>\n<p><\/p>","protected":false},"excerpt":{"rendered":"<p>S\u0105siuvinis su kietu laminuotu vir\u0161eliu. Vidiniai lapai suvardinti pagal ab\u0117cel\u0119. S\u0105siuvinio formatas: A4 S\u0105siuvinio lap\u0173 skai\u010dius: 96 Vidus: langeliais su ab\u0117cele Vir\u0161elio spalva: \u012fvairiaspalv\u0117 Kilm\u0117s \u0161alis: Lenkija<\/p>","protected":false},"featured_media":30456,"comment_status":"open","ping_status":"closed","template":"","meta":{"_season_start":"","_season_end":"","_season_days":"","_season_months":"","_season_auto_visibility":""},"product_brand":[579],"product_cat":[1827],"product_tag":[],"class_list":{"0":"post-20621","1":"product","2":"type-product","3":"status-publish","4":"has-post-thumbnail","6":"product_brand-grand","7":"product_cat-a4-formatas","9":"first","10":"instock","11":"taxable","12":"shipping-taxable","13":"purchasable","14":"product-type-simple"},"yoast_head":"<!-- This site is optimized with the Yoast SEO plugin v26.1.1 - https:\/\/yoast.com\/wordpress\/plugins\/seo\/ -->\n<title>S\u0105siuvinis A4 su ab\u0117c\u0117le 96 lapai langeliais Grand 25403 - Rutana - Ra\u0161tin\u0117s reikmenys<\/title>\n<meta name=\"robots\" content=\"index, follow, max-snippet:-1, max-image-preview:large, max-video-preview:-1\" \/>\n<link rel=\"canonical\" href=\"https:\/\/rutana.lt\/en\/product\/sasiuvinis-a4-su-abecele-96-lapai-langeliais-grand-25403\/\" \/>\n<meta property=\"og:locale\" content=\"en_US\" \/>\n<meta property=\"og:type\" content=\"article\" \/>\n<meta property=\"og:title\" content=\"S\u0105siuvinis A4 su ab\u0117c\u0117le 96 lapai langeliais Grand 25403 - Rutana - Ra\u0161tin\u0117s reikmenys\" \/>\n<meta property=\"og:description\" content=\"S\u0105siuvinis su kietu laminuotu vir\u0161eliu. Vidiniai lapai suvardinti pagal ab\u0117cel\u0119. S\u0105siuvinio formatas: A4 S\u0105siuvinio lap\u0173 skai\u010dius: 96 Vidus: langeliais su ab\u0117cele Vir\u0161elio spalva: \u012fvairiaspalv\u0117 Kilm\u0117s \u0161alis: Lenkija\" \/>\n<meta property=\"og:url\" content=\"https:\/\/rutana.lt\/en\/product\/sasiuvinis-a4-su-abecele-96-lapai-langeliais-grand-25403\/\" \/>\n<meta property=\"og:site_name\" content=\"Rutana - Ra\u0161tin\u0117s reikmenys\" \/>\n<meta property=\"article:publisher\" content=\"https:\/\/www.facebook.com\/RutanaKanceliarinesPrekes\/\" \/>\n<meta property=\"article:modified_time\" content=\"2025-10-13T14:02:23+00:00\" \/>\n<meta property=\"og:image\" content=\"https:\/\/rutana.lt\/wp-content\/uploads\/2025\/09\/A024-240.jpg\" \/>\n\t<meta property=\"og:image:width\" content=\"1000\" \/>\n\t<meta property=\"og:image:height\" content=\"1000\" \/>\n\t<meta property=\"og:image:type\" content=\"image\/jpeg\" \/>\n<meta name=\"twitter:card\" content=\"summary_large_image\" \/>\n<script type=\"application\/ld+json\" class=\"yoast-schema-graph\">{\"@context\":\"https:\/\/schema.org\",\"@graph\":[{\"@type\":\"WebPage\",\"@id\":\"https:\/\/rutana.lt\/produktas\/sasiuvinis-a4-su-abecele-96-lapai-langeliais-grand-25403\/\",\"url\":\"https:\/\/rutana.lt\/produktas\/sasiuvinis-a4-su-abecele-96-lapai-langeliais-grand-25403\/\",\"name\":\"S\u0105siuvinis A4 su ab\u0117c\u0117le 96 lapai langeliais Grand 25403 - Rutana - Ra\u0161tin\u0117s reikmenys\",\"isPartOf\":{\"@id\":\"https:\/\/rutana.lt\/#website\"},\"primaryImageOfPage\":{\"@id\":\"https:\/\/rutana.lt\/produktas\/sasiuvinis-a4-su-abecele-96-lapai-langeliais-grand-25403\/#primaryimage\"},\"image\":{\"@id\":\"https:\/\/rutana.lt\/produktas\/sasiuvinis-a4-su-abecele-96-lapai-langeliais-grand-25403\/#primaryimage\"},\"thumbnailUrl\":\"https:\/\/rutana.lt\/wp-content\/uploads\/2025\/09\/A024-240-2.jpg?v=1763562870\",\"datePublished\":\"2025-09-03T08:14:24+00:00\",\"dateModified\":\"2025-10-13T14:02:23+00:00\",\"breadcrumb\":{\"@id\":\"https:\/\/rutana.lt\/produktas\/sasiuvinis-a4-su-abecele-96-lapai-langeliais-grand-25403\/#breadcrumb\"},\"inLanguage\":\"en-US\",\"potentialAction\":[{\"@type\":\"ReadAction\",\"target\":[\"https:\/\/rutana.lt\/produktas\/sasiuvinis-a4-su-abecele-96-lapai-langeliais-grand-25403\/\"]}]},{\"@type\":\"ImageObject\",\"inLanguage\":\"en-US\",\"@id\":\"https:\/\/rutana.lt\/produktas\/sasiuvinis-a4-su-abecele-96-lapai-langeliais-grand-25403\/#primaryimage\",\"url\":\"https:\/\/rutana.lt\/wp-content\/uploads\/2025\/09\/A024-240-2.jpg?v=1763562870\",\"contentUrl\":\"https:\/\/rutana.lt\/wp-content\/uploads\/2025\/09\/A024-240-2.jpg?v=1763562870\",\"width\":1000,\"height\":1000},{\"@type\":\"BreadcrumbList\",\"@id\":\"https:\/\/rutana.lt\/produktas\/sasiuvinis-a4-su-abecele-96-lapai-langeliais-grand-25403\/#breadcrumb\",\"itemListElement\":[{\"@type\":\"ListItem\",\"position\":1,\"name\":\"Home\",\"item\":\"https:\/\/rutana.lt\/\"},{\"@type\":\"ListItem\",\"position\":2,\"name\":\"Parduotuv\u0117\",\"item\":\"https:\/\/rutana.lt\/parduotuve\/\"},{\"@type\":\"ListItem\",\"position\":3,\"name\":\"S\u0105siuvinis A4 su ab\u0117c\u0117le 96 lapai langeliais Grand 25403\"}]},{\"@type\":\"WebSite\",\"@id\":\"https:\/\/rutana.lt\/#website\",\"url\":\"https:\/\/rutana.lt\/\",\"name\":\"Rutana - Ra\u0161tin\u0117s reikmenys\",\"description\":\"Prekiaujame pasaulin\u0117je rinkoje pripa\u017eintomis, kokybi\u0161komis biuro prek\u0117mis toki\u0173  gamintoj\u0173 kaip: Schneider, Esselte, Novus, 3M, Faber-Castell, Citizen, Milan, Leitz, Colop, Zebra, Staedtler, Durable, Tork, Parker, Waterman ir kt.\",\"publisher\":{\"@id\":\"https:\/\/rutana.lt\/#organization\"},\"potentialAction\":[{\"@type\":\"SearchAction\",\"target\":{\"@type\":\"EntryPoint\",\"urlTemplate\":\"https:\/\/rutana.lt\/?s={search_term_string}\"},\"query-input\":{\"@type\":\"PropertyValueSpecification\",\"valueRequired\":true,\"valueName\":\"search_term_string\"}}],\"inLanguage\":\"en-US\"},{\"@type\":\"Organization\",\"@id\":\"https:\/\/rutana.lt\/#organization\",\"name\":\"Rutana - Ra\u0161tin\u0117s reikmenys\",\"url\":\"https:\/\/rutana.lt\/\",\"logo\":{\"@type\":\"ImageObject\",\"inLanguage\":\"en-US\",\"@id\":\"https:\/\/rutana.lt\/#\/schema\/logo\/image\/\",\"url\":\"https:\/\/rutana.lt\/wp-content\/uploads\/2025\/10\/Asset-32.png\",\"contentUrl\":\"https:\/\/rutana.lt\/wp-content\/uploads\/2025\/10\/Asset-32.png\",\"width\":433,\"height\":119,\"caption\":\"Rutana - Ra\u0161tin\u0117s reikmenys\"},\"image\":{\"@id\":\"https:\/\/rutana.lt\/#\/schema\/logo\/image\/\"},\"sameAs\":[\"https:\/\/www.facebook.com\/RutanaKanceliarinesPrekes\/\"]}]}<\/script>\n<!-- \/ Yoast SEO plugin. -->","yoast_head_json":{"title":"S\u0105siuvinis A4 su ab\u0117c\u0117le 96 lapai langeliais Grand 25403 - Rutana - Ra\u0161tin\u0117s reikmenys","robots":{"index":"index","follow":"follow","max-snippet":"max-snippet:-1","max-image-preview":"max-image-preview:large","max-video-preview":"max-video-preview:-1"},"canonical":"https:\/\/rutana.lt\/en\/product\/sasiuvinis-a4-su-abecele-96-lapai-langeliais-grand-25403\/","og_locale":"en_US","og_type":"article","og_title":"S\u0105siuvinis A4 su ab\u0117c\u0117le 96 lapai langeliais Grand 25403 - Rutana - Ra\u0161tin\u0117s reikmenys","og_description":"S\u0105siuvinis su kietu laminuotu vir\u0161eliu. Vidiniai lapai suvardinti pagal ab\u0117cel\u0119. S\u0105siuvinio formatas: A4 S\u0105siuvinio lap\u0173 skai\u010dius: 96 Vidus: langeliais su ab\u0117cele Vir\u0161elio spalva: \u012fvairiaspalv\u0117 Kilm\u0117s \u0161alis: Lenkija","og_url":"https:\/\/rutana.lt\/en\/product\/sasiuvinis-a4-su-abecele-96-lapai-langeliais-grand-25403\/","og_site_name":"Rutana - Ra\u0161tin\u0117s reikmenys","article_publisher":"https:\/\/www.facebook.com\/RutanaKanceliarinesPrekes\/","article_modified_time":"2025-10-13T14:02:23+00:00","og_image":[{"width":1000,"height":1000,"url":"https:\/\/rutana.lt\/wp-content\/uploads\/2025\/09\/A024-240.jpg","type":"image\/jpeg"}],"twitter_card":"summary_large_image","schema":{"@context":"https:\/\/schema.org","@graph":[{"@type":"WebPage","@id":"https:\/\/rutana.lt\/produktas\/sasiuvinis-a4-su-abecele-96-lapai-langeliais-grand-25403\/","url":"https:\/\/rutana.lt\/produktas\/sasiuvinis-a4-su-abecele-96-lapai-langeliais-grand-25403\/","name":"S\u0105siuvinis A4 su ab\u0117c\u0117le 96 lapai langeliais Grand 25403 - Rutana - Ra\u0161tin\u0117s reikmenys","isPartOf":{"@id":"https:\/\/rutana.lt\/#website"},"primaryImageOfPage":{"@id":"https:\/\/rutana.lt\/produktas\/sasiuvinis-a4-su-abecele-96-lapai-langeliais-grand-25403\/#primaryimage"},"image":{"@id":"https:\/\/rutana.lt\/produktas\/sasiuvinis-a4-su-abecele-96-lapai-langeliais-grand-25403\/#primaryimage"},"thumbnailUrl":"https:\/\/rutana.lt\/wp-content\/uploads\/2025\/09\/A024-240-2.jpg?v=1763562870","datePublished":"2025-09-03T08:14:24+00:00","dateModified":"2025-10-13T14:02:23+00:00","breadcrumb":{"@id":"https:\/\/rutana.lt\/produktas\/sasiuvinis-a4-su-abecele-96-lapai-langeliais-grand-25403\/#breadcrumb"},"inLanguage":"en-US","potentialAction":[{"@type":"ReadAction","target":["https:\/\/rutana.lt\/produktas\/sasiuvinis-a4-su-abecele-96-lapai-langeliais-grand-25403\/"]}]},{"@type":"ImageObject","inLanguage":"en-US","@id":"https:\/\/rutana.lt\/produktas\/sasiuvinis-a4-su-abecele-96-lapai-langeliais-grand-25403\/#primaryimage","url":"https:\/\/rutana.lt\/wp-content\/uploads\/2025\/09\/A024-240-2.jpg?v=1763562870","contentUrl":"https:\/\/rutana.lt\/wp-content\/uploads\/2025\/09\/A024-240-2.jpg?v=1763562870","width":1000,"height":1000},{"@type":"BreadcrumbList","@id":"https:\/\/rutana.lt\/produktas\/sasiuvinis-a4-su-abecele-96-lapai-langeliais-grand-25403\/#breadcrumb","itemListElement":[{"@type":"ListItem","position":1,"name":"Home","item":"https:\/\/rutana.lt\/"},{"@type":"ListItem","position":2,"name":"Parduotuv\u0117","item":"https:\/\/rutana.lt\/parduotuve\/"},{"@type":"ListItem","position":3,"name":"S\u0105siuvinis A4 su ab\u0117c\u0117le 96 lapai langeliais Grand 25403"}]},{"@type":"WebSite","@id":"https:\/\/rutana.lt\/#website","url":"https:\/\/rutana.lt\/","name":"Rutana - Ra\u0161tin\u0117s reikmenys","description":"Prekiaujame pasaulin\u0117je rinkoje pripa\u017eintomis, kokybi\u0161komis biuro prek\u0117mis toki\u0173  gamintoj\u0173 kaip: Schneider, Esselte, Novus, 3M, Faber-Castell, Citizen, Milan, Leitz, Colop, Zebra, Staedtler, Durable, Tork, Parker, Waterman ir kt.","publisher":{"@id":"https:\/\/rutana.lt\/#organization"},"potentialAction":[{"@type":"SearchAction","target":{"@type":"EntryPoint","urlTemplate":"https:\/\/rutana.lt\/?s={search_term_string}"},"query-input":{"@type":"PropertyValueSpecification","valueRequired":true,"valueName":"search_term_string"}}],"inLanguage":"en-US"},{"@type":"Organization","@id":"https:\/\/rutana.lt\/#organization","name":"Rutana - Ra\u0161tin\u0117s reikmenys","url":"https:\/\/rutana.lt\/","logo":{"@type":"ImageObject","inLanguage":"en-US","@id":"https:\/\/rutana.lt\/#\/schema\/logo\/image\/","url":"https:\/\/rutana.lt\/wp-content\/uploads\/2025\/10\/Asset-32.png","contentUrl":"https:\/\/rutana.lt\/wp-content\/uploads\/2025\/10\/Asset-32.png","width":433,"height":119,"caption":"Rutana - Ra\u0161tin\u0117s reikmenys"},"image":{"@id":"https:\/\/rutana.lt\/#\/schema\/logo\/image\/"},"sameAs":["https:\/\/www.facebook.com\/RutanaKanceliarinesPrekes\/"]}]}},"_links":{"self":[{"href":"https:\/\/rutana.lt\/en\/wp-json\/wp\/v2\/product\/20621","targetHints":{"allow":["GET"]}}],"collection":[{"href":"https:\/\/rutana.lt\/en\/wp-json\/wp\/v2\/product"}],"about":[{"href":"https:\/\/rutana.lt\/en\/wp-json\/wp\/v2\/types\/product"}],"replies":[{"embeddable":true,"href":"https:\/\/rutana.lt\/en\/wp-json\/wp\/v2\/comments?post=20621"}],"version-history":[{"count":1,"href":"https:\/\/rutana.lt\/en\/wp-json\/wp\/v2\/product\/20621\/revisions"}],"predecessor-version":[{"id":20679,"href":"https:\/\/rutana.lt\/en\/wp-json\/wp\/v2\/product\/20621\/revisions\/20679"}],"wp:featuredmedia":[{"embeddable":true,"href":"https:\/\/rutana.lt\/en\/wp-json\/wp\/v2\/media\/30456"}],"wp:attachment":[{"href":"https:\/\/rutana.lt\/en\/wp-json\/wp\/v2\/media?parent=20621"}],"wp:term":[{"taxonomy":"product_brand","embeddable":true,"href":"https:\/\/rutana.lt\/en\/wp-json\/wp\/v2\/product_brand?post=20621"},{"taxonomy":"product_cat","embeddable":true,"href":"https:\/\/rutana.lt\/en\/wp-json\/wp\/v2\/product_cat?post=20621"},{"taxonomy":"product_tag","embeddable":true,"href":"https:\/\/rutana.lt\/en\/wp-json\/wp\/v2\/product_tag?post=20621"}],"curies":[{"name":"wp","href":"https:\/\/api.w.org\/{rel}","templated":true}]}}