{"id":20614,"date":"2025-09-03T10:14:24","date_gmt":"2025-09-03T08:14:24","guid":{"rendered":"https:\/\/rutana.webdemo.lt\/?post_type=product&#038;p=20614"},"modified":"2025-10-13T16:02:19","modified_gmt":"2025-10-13T14:02:19","slug":"pamoku-tvarkarastis-a5-lape-200g-30917","status":"publish","type":"product","link":"https:\/\/rutana.lt\/en\/product\/pamoku-tvarkarastis-a5-lape-200g-30917\/","title":{"rendered":"Pamok\u0173 tvarkara\u0161tis A5 &#8222;Lap\u0117&#8221; 200g 30917"},"content":{"rendered":"<p style=\"margin-bottom: 10px;\">Pamok\u0173 tvarkara\u0161tis skirtas susira\u0161yti pamokoms nuo pirmadienio iki penktadienio. \u012e kiekvienos dienos stulpel\u012f galima \u012fra\u0161yti iki 7 pamok\u0173.<\/p>\n<p style=\"margin-bottom: 10px;\">Formatas: A5<\/p>\n<p style=\"margin-bottom: 10px;\">Matmenys: 148 x 210 mm<\/p>\n<p style=\"margin-bottom: 10px;\">Popieriaus storis: 200 g<\/p>\n<p style=\"margin-bottom: 10px;\">Kilm\u0117s \u0161alis: EU<\/p>\n<div ng-if=\"!product.SelectedSalePrice\" class=\"row mt-2 text-left ng-scope\" style=\"display: flex; flex-wrap: wrap; margin-top: 0.5rem !important;\">\n<div class=\"col-12 ng-scope\" ng-if=\"product.CurrencySymbol == '\u20ac'\" style=\"position: relative; width: 415px; padding-right: 15px; padding-left: 15px; flex: 0 0 100%; max-width: 100%;\"><\/div>\n<\/div>\n<p style=\"margin-bottom: 10px;\"><\/p>\n<p style=\"margin-bottom: 10px;\"><\/p>","protected":false},"excerpt":{"rendered":"<p>Pamok\u0173 tvarkara\u0161tis skirtas susira\u0161yti pamokoms nuo pirmadienio iki penktadienio. \u012e kiekvienos dienos stulpel\u012f galima \u012fra\u0161yti iki 7 pamok\u0173. Formatas: A5 Matmenys: 148 x 210 mm Popieriaus storis: 200 g Kilm\u0117s \u0161alis: EU<\/p>","protected":false},"featured_media":30449,"comment_status":"open","ping_status":"closed","template":"","meta":{"_season_start":"","_season_end":"","_season_days":"","_season_months":"","_season_auto_visibility":""},"product_brand":[83],"product_cat":[1541],"product_tag":[],"class_list":{"0":"post-20614","1":"product","2":"type-product","3":"status-publish","4":"has-post-thumbnail","6":"product_brand-null","7":"product_cat-kitos-mokyklines-prekes-mokyklines-prekes","9":"first","10":"instock","11":"taxable","12":"shipping-taxable","13":"purchasable","14":"product-type-simple"},"yoast_head":"<!-- This site is optimized with the Yoast SEO plugin v27.4 - https:\/\/yoast.com\/product\/yoast-seo-wordpress\/ -->\n<title>Pamok\u0173 tvarkara\u0161tis A5 &quot;Lap\u0117&quot; 200g 30917 - Rutana - Ra\u0161tin\u0117s reikmenys<\/title>\n<meta name=\"robots\" content=\"index, follow, max-snippet:-1, max-image-preview:large, max-video-preview:-1\" \/>\n<link rel=\"canonical\" href=\"https:\/\/rutana.lt\/en\/product\/pamoku-tvarkarastis-a5-lape-200g-30917\/\" \/>\n<meta property=\"og:locale\" content=\"en_US\" \/>\n<meta property=\"og:type\" content=\"article\" \/>\n<meta property=\"og:title\" content=\"Pamok\u0173 tvarkara\u0161tis A5 &quot;Lap\u0117&quot; 200g 30917 - Rutana - Ra\u0161tin\u0117s reikmenys\" \/>\n<meta property=\"og:description\" content=\"Pamok\u0173 tvarkara\u0161tis skirtas susira\u0161yti pamokoms nuo pirmadienio iki penktadienio. \u012e kiekvienos dienos stulpel\u012f galima \u012fra\u0161yti iki 7 pamok\u0173. Formatas: A5 Matmenys: 148 x 210 mm Popieriaus storis: 200 g Kilm\u0117s \u0161alis: EU\" \/>\n<meta property=\"og:url\" content=\"https:\/\/rutana.lt\/en\/product\/pamoku-tvarkarastis-a5-lape-200g-30917\/\" \/>\n<meta property=\"og:site_name\" content=\"Rutana - Ra\u0161tin\u0117s reikmenys\" \/>\n<meta property=\"article:publisher\" content=\"https:\/\/www.facebook.com\/RutanaKanceliarinesPrekes\/\" \/>\n<meta property=\"article:modified_time\" content=\"2025-10-13T14:02:19+00:00\" \/>\n<meta property=\"og:image\" content=\"https:\/\/rutana.lt\/wp-content\/uploads\/2025\/09\/A019-115.jpg\" \/>\n\t<meta property=\"og:image:width\" content=\"1000\" \/>\n\t<meta property=\"og:image:height\" content=\"1000\" \/>\n\t<meta property=\"og:image:type\" content=\"image\/jpeg\" \/>\n<meta name=\"twitter:card\" content=\"summary_large_image\" \/>\n<script type=\"application\/ld+json\" class=\"yoast-schema-graph\">{\"@context\":\"https:\\\/\\\/schema.org\",\"@graph\":[{\"@type\":\"WebPage\",\"@id\":\"https:\\\/\\\/rutana.lt\\\/produktas\\\/pamoku-tvarkarastis-a5-lape-200g-30917\\\/\",\"url\":\"https:\\\/\\\/rutana.lt\\\/produktas\\\/pamoku-tvarkarastis-a5-lape-200g-30917\\\/\",\"name\":\"Pamok\u0173 tvarkara\u0161tis A5 \\\"Lap\u0117\\\" 200g 30917 - Rutana - Ra\u0161tin\u0117s reikmenys\",\"isPartOf\":{\"@id\":\"https:\\\/\\\/rutana.lt\\\/#website\"},\"primaryImageOfPage\":{\"@id\":\"https:\\\/\\\/rutana.lt\\\/produktas\\\/pamoku-tvarkarastis-a5-lape-200g-30917\\\/#primaryimage\"},\"image\":{\"@id\":\"https:\\\/\\\/rutana.lt\\\/produktas\\\/pamoku-tvarkarastis-a5-lape-200g-30917\\\/#primaryimage\"},\"thumbnailUrl\":\"https:\\\/\\\/rutana.lt\\\/wp-content\\\/uploads\\\/2025\\\/09\\\/A019-115-2.jpg?v=1763562882\",\"datePublished\":\"2025-09-03T08:14:24+00:00\",\"dateModified\":\"2025-10-13T14:02:19+00:00\",\"breadcrumb\":{\"@id\":\"https:\\\/\\\/rutana.lt\\\/produktas\\\/pamoku-tvarkarastis-a5-lape-200g-30917\\\/#breadcrumb\"},\"inLanguage\":\"en-US\",\"potentialAction\":[{\"@type\":\"ReadAction\",\"target\":[\"https:\\\/\\\/rutana.lt\\\/produktas\\\/pamoku-tvarkarastis-a5-lape-200g-30917\\\/\"]}]},{\"@type\":\"ImageObject\",\"inLanguage\":\"en-US\",\"@id\":\"https:\\\/\\\/rutana.lt\\\/produktas\\\/pamoku-tvarkarastis-a5-lape-200g-30917\\\/#primaryimage\",\"url\":\"https:\\\/\\\/rutana.lt\\\/wp-content\\\/uploads\\\/2025\\\/09\\\/A019-115-2.jpg?v=1763562882\",\"contentUrl\":\"https:\\\/\\\/rutana.lt\\\/wp-content\\\/uploads\\\/2025\\\/09\\\/A019-115-2.jpg?v=1763562882\",\"width\":1000,\"height\":1000},{\"@type\":\"BreadcrumbList\",\"@id\":\"https:\\\/\\\/rutana.lt\\\/produktas\\\/pamoku-tvarkarastis-a5-lape-200g-30917\\\/#breadcrumb\",\"itemListElement\":[{\"@type\":\"ListItem\",\"position\":1,\"name\":\"Home\",\"item\":\"https:\\\/\\\/rutana.lt\\\/\"},{\"@type\":\"ListItem\",\"position\":2,\"name\":\"Parduotuv\u0117\",\"item\":\"https:\\\/\\\/rutana.lt\\\/parduotuve\\\/\"},{\"@type\":\"ListItem\",\"position\":3,\"name\":\"Pamok\u0173 tvarkara\u0161tis A5 &#8222;Lap\u0117&#8221; 200g 30917\"}]},{\"@type\":\"WebSite\",\"@id\":\"https:\\\/\\\/rutana.lt\\\/#website\",\"url\":\"https:\\\/\\\/rutana.lt\\\/\",\"name\":\"Rutana - Ra\u0161tin\u0117s reikmenys\",\"description\":\"Prekiaujame pasaulin\u0117je rinkoje pripa\u017eintomis, kokybi\u0161komis biuro prek\u0117mis toki\u0173  gamintoj\u0173 kaip: Schneider, Esselte, Novus, 3M, Faber-Castell, Citizen, Milan, Leitz, Colop, Zebra, Staedtler, Durable, Tork, Parker, Waterman ir kt.\",\"publisher\":{\"@id\":\"https:\\\/\\\/rutana.lt\\\/#organization\"},\"potentialAction\":[{\"@type\":\"SearchAction\",\"target\":{\"@type\":\"EntryPoint\",\"urlTemplate\":\"https:\\\/\\\/rutana.lt\\\/?s={search_term_string}\"},\"query-input\":{\"@type\":\"PropertyValueSpecification\",\"valueRequired\":true,\"valueName\":\"search_term_string\"}}],\"inLanguage\":\"en-US\"},{\"@type\":\"Organization\",\"@id\":\"https:\\\/\\\/rutana.lt\\\/#organization\",\"name\":\"Rutana - Ra\u0161tin\u0117s reikmenys\",\"url\":\"https:\\\/\\\/rutana.lt\\\/\",\"logo\":{\"@type\":\"ImageObject\",\"inLanguage\":\"en-US\",\"@id\":\"https:\\\/\\\/rutana.lt\\\/#\\\/schema\\\/logo\\\/image\\\/\",\"url\":\"https:\\\/\\\/rutana.lt\\\/wp-content\\\/uploads\\\/2025\\\/10\\\/Asset-32.png\",\"contentUrl\":\"https:\\\/\\\/rutana.lt\\\/wp-content\\\/uploads\\\/2025\\\/10\\\/Asset-32.png\",\"width\":433,\"height\":119,\"caption\":\"Rutana - Ra\u0161tin\u0117s reikmenys\"},\"image\":{\"@id\":\"https:\\\/\\\/rutana.lt\\\/#\\\/schema\\\/logo\\\/image\\\/\"},\"sameAs\":[\"https:\\\/\\\/www.facebook.com\\\/RutanaKanceliarinesPrekes\\\/\"]}]}<\/script>\n<!-- \/ Yoast SEO plugin. -->","yoast_head_json":{"title":"Pamok\u0173 tvarkara\u0161tis A5 \"Lap\u0117\" 200g 30917 - Rutana - Ra\u0161tin\u0117s reikmenys","robots":{"index":"index","follow":"follow","max-snippet":"max-snippet:-1","max-image-preview":"max-image-preview:large","max-video-preview":"max-video-preview:-1"},"canonical":"https:\/\/rutana.lt\/en\/product\/pamoku-tvarkarastis-a5-lape-200g-30917\/","og_locale":"en_US","og_type":"article","og_title":"Pamok\u0173 tvarkara\u0161tis A5 \"Lap\u0117\" 200g 30917 - Rutana - Ra\u0161tin\u0117s reikmenys","og_description":"Pamok\u0173 tvarkara\u0161tis skirtas susira\u0161yti pamokoms nuo pirmadienio iki penktadienio. \u012e kiekvienos dienos stulpel\u012f galima \u012fra\u0161yti iki 7 pamok\u0173. Formatas: A5 Matmenys: 148 x 210 mm Popieriaus storis: 200 g Kilm\u0117s \u0161alis: EU","og_url":"https:\/\/rutana.lt\/en\/product\/pamoku-tvarkarastis-a5-lape-200g-30917\/","og_site_name":"Rutana - Ra\u0161tin\u0117s reikmenys","article_publisher":"https:\/\/www.facebook.com\/RutanaKanceliarinesPrekes\/","article_modified_time":"2025-10-13T14:02:19+00:00","og_image":[{"width":1000,"height":1000,"url":"https:\/\/rutana.lt\/wp-content\/uploads\/2025\/09\/A019-115.jpg","type":"image\/jpeg"}],"twitter_card":"summary_large_image","schema":{"@context":"https:\/\/schema.org","@graph":[{"@type":"WebPage","@id":"https:\/\/rutana.lt\/produktas\/pamoku-tvarkarastis-a5-lape-200g-30917\/","url":"https:\/\/rutana.lt\/produktas\/pamoku-tvarkarastis-a5-lape-200g-30917\/","name":"Pamok\u0173 tvarkara\u0161tis A5 \"Lap\u0117\" 200g 30917 - Rutana - Ra\u0161tin\u0117s reikmenys","isPartOf":{"@id":"https:\/\/rutana.lt\/#website"},"primaryImageOfPage":{"@id":"https:\/\/rutana.lt\/produktas\/pamoku-tvarkarastis-a5-lape-200g-30917\/#primaryimage"},"image":{"@id":"https:\/\/rutana.lt\/produktas\/pamoku-tvarkarastis-a5-lape-200g-30917\/#primaryimage"},"thumbnailUrl":"https:\/\/rutana.lt\/wp-content\/uploads\/2025\/09\/A019-115-2.jpg?v=1763562882","datePublished":"2025-09-03T08:14:24+00:00","dateModified":"2025-10-13T14:02:19+00:00","breadcrumb":{"@id":"https:\/\/rutana.lt\/produktas\/pamoku-tvarkarastis-a5-lape-200g-30917\/#breadcrumb"},"inLanguage":"en-US","potentialAction":[{"@type":"ReadAction","target":["https:\/\/rutana.lt\/produktas\/pamoku-tvarkarastis-a5-lape-200g-30917\/"]}]},{"@type":"ImageObject","inLanguage":"en-US","@id":"https:\/\/rutana.lt\/produktas\/pamoku-tvarkarastis-a5-lape-200g-30917\/#primaryimage","url":"https:\/\/rutana.lt\/wp-content\/uploads\/2025\/09\/A019-115-2.jpg?v=1763562882","contentUrl":"https:\/\/rutana.lt\/wp-content\/uploads\/2025\/09\/A019-115-2.jpg?v=1763562882","width":1000,"height":1000},{"@type":"BreadcrumbList","@id":"https:\/\/rutana.lt\/produktas\/pamoku-tvarkarastis-a5-lape-200g-30917\/#breadcrumb","itemListElement":[{"@type":"ListItem","position":1,"name":"Home","item":"https:\/\/rutana.lt\/"},{"@type":"ListItem","position":2,"name":"Parduotuv\u0117","item":"https:\/\/rutana.lt\/parduotuve\/"},{"@type":"ListItem","position":3,"name":"Pamok\u0173 tvarkara\u0161tis A5 &#8222;Lap\u0117&#8221; 200g 30917"}]},{"@type":"WebSite","@id":"https:\/\/rutana.lt\/#website","url":"https:\/\/rutana.lt\/","name":"Rutana - Ra\u0161tin\u0117s reikmenys","description":"Prekiaujame pasaulin\u0117je rinkoje pripa\u017eintomis, kokybi\u0161komis biuro prek\u0117mis toki\u0173  gamintoj\u0173 kaip: Schneider, Esselte, Novus, 3M, Faber-Castell, Citizen, Milan, Leitz, Colop, Zebra, Staedtler, Durable, Tork, Parker, Waterman ir kt.","publisher":{"@id":"https:\/\/rutana.lt\/#organization"},"potentialAction":[{"@type":"SearchAction","target":{"@type":"EntryPoint","urlTemplate":"https:\/\/rutana.lt\/?s={search_term_string}"},"query-input":{"@type":"PropertyValueSpecification","valueRequired":true,"valueName":"search_term_string"}}],"inLanguage":"en-US"},{"@type":"Organization","@id":"https:\/\/rutana.lt\/#organization","name":"Rutana - Ra\u0161tin\u0117s reikmenys","url":"https:\/\/rutana.lt\/","logo":{"@type":"ImageObject","inLanguage":"en-US","@id":"https:\/\/rutana.lt\/#\/schema\/logo\/image\/","url":"https:\/\/rutana.lt\/wp-content\/uploads\/2025\/10\/Asset-32.png","contentUrl":"https:\/\/rutana.lt\/wp-content\/uploads\/2025\/10\/Asset-32.png","width":433,"height":119,"caption":"Rutana - Ra\u0161tin\u0117s reikmenys"},"image":{"@id":"https:\/\/rutana.lt\/#\/schema\/logo\/image\/"},"sameAs":["https:\/\/www.facebook.com\/RutanaKanceliarinesPrekes\/"]}]}},"_links":{"self":[{"href":"https:\/\/rutana.lt\/en\/wp-json\/wp\/v2\/product\/20614","targetHints":{"allow":["GET"]}}],"collection":[{"href":"https:\/\/rutana.lt\/en\/wp-json\/wp\/v2\/product"}],"about":[{"href":"https:\/\/rutana.lt\/en\/wp-json\/wp\/v2\/types\/product"}],"replies":[{"embeddable":true,"href":"https:\/\/rutana.lt\/en\/wp-json\/wp\/v2\/comments?post=20614"}],"version-history":[{"count":1,"href":"https:\/\/rutana.lt\/en\/wp-json\/wp\/v2\/product\/20614\/revisions"}],"predecessor-version":[{"id":20648,"href":"https:\/\/rutana.lt\/en\/wp-json\/wp\/v2\/product\/20614\/revisions\/20648"}],"wp:featuredmedia":[{"embeddable":true,"href":"https:\/\/rutana.lt\/en\/wp-json\/wp\/v2\/media\/30449"}],"wp:attachment":[{"href":"https:\/\/rutana.lt\/en\/wp-json\/wp\/v2\/media?parent=20614"}],"wp:term":[{"taxonomy":"product_brand","embeddable":true,"href":"https:\/\/rutana.lt\/en\/wp-json\/wp\/v2\/product_brand?post=20614"},{"taxonomy":"product_cat","embeddable":true,"href":"https:\/\/rutana.lt\/en\/wp-json\/wp\/v2\/product_cat?post=20614"},{"taxonomy":"product_tag","embeddable":true,"href":"https:\/\/rutana.lt\/en\/wp-json\/wp\/v2\/product_tag?post=20614"}],"curies":[{"name":"wp","href":"https:\/\/api.w.org\/{rel}","templated":true}]}}