{"id":20610,"date":"2025-09-03T10:14:23","date_gmt":"2025-09-03T08:14:23","guid":{"rendered":"https:\/\/rutana.webdemo.lt\/?post_type=product&#038;p=20610"},"modified":"2025-10-13T16:02:17","modified_gmt":"2025-10-13T14:02:17","slug":"skystas-ranku-muilas-ambraargan-300-ml-felce-azzura","status":"publish","type":"product","link":"https:\/\/rutana.lt\/en\/product\/skystas-ranku-muilas-ambraargan-300-ml-felce-azzura\/","title":{"rendered":"Skystas rank\u0173 muilas &#8222;Ambra&#038;Argan&#8221; 300 ml Felce Azzura"},"content":{"rendered":"<p>Muilo sud\u0117tyje esantis argano ekstraktas \u0161velniai valo, dr\u0117kina, maitina ir mink\u0161tina od\u0105, veikliosios med\u017eiagos turi dr\u0117kinant\u012f ir maitinant\u012f poveik\u012f. Apgaubia od\u0105 jausmingu kvapu: citrusin\u0117s natos susimai\u0161o su sald\u017ei\u0173j\u0173 migdol\u0173, gintaro, argano aromatu.<\/p>\n<p><p>Talpa: 300 ml<\/p>\n<p>Dozatorius: Yra<\/p>\n<p>Buteliukas: PET <\/p>\n<p>Kilm\u0117s \u0161alis: Italija<\/p>\n<p><\/p><\/p>","protected":false},"excerpt":{"rendered":"<p>Muilo sud\u0117tyje esantis argano ekstraktas \u0161velniai valo, dr\u0117kina, maitina ir mink\u0161tina od\u0105, veikliosios med\u017eiagos turi dr\u0117kinant\u012f ir maitinant\u012f poveik\u012f. Apgaubia od\u0105 jausmingu kvapu: citrusin\u0117s natos susimai\u0161o su sald\u017ei\u0173j\u0173 migdol\u0173, gintaro, argano aromatu. Talpa: 300 ml Dozatorius: Yra Buteliukas: PET Kilm\u0117s \u0161alis: Italija<\/p>","protected":false},"featured_media":30445,"comment_status":"open","ping_status":"closed","template":"","meta":{"_season_start":"","_season_end":"","_season_days":"","_season_months":"","_season_auto_visibility":""},"product_brand":[83],"product_cat":[1696],"product_tag":[],"class_list":{"0":"post-20610","1":"product","2":"type-product","3":"status-publish","4":"has-post-thumbnail","6":"product_brand-null","7":"product_cat-muilas-ir-laikikliai","9":"first","10":"instock","11":"taxable","12":"shipping-taxable","13":"purchasable","14":"product-type-simple"},"yoast_head":"<!-- This site is optimized with the Yoast SEO plugin v26.1.1 - https:\/\/yoast.com\/wordpress\/plugins\/seo\/ -->\n<title>Skystas rank\u0173 muilas &quot;Ambra&amp;Argan&quot; 300 ml Felce Azzura - Rutana - Ra\u0161tin\u0117s reikmenys<\/title>\n<meta name=\"robots\" content=\"index, follow, max-snippet:-1, max-image-preview:large, max-video-preview:-1\" \/>\n<link rel=\"canonical\" href=\"https:\/\/rutana.lt\/en\/product\/skystas-ranku-muilas-ambraargan-300-ml-felce-azzura\/\" \/>\n<meta property=\"og:locale\" content=\"en_US\" \/>\n<meta property=\"og:type\" content=\"article\" \/>\n<meta property=\"og:title\" content=\"Skystas rank\u0173 muilas &quot;Ambra&amp;Argan&quot; 300 ml Felce Azzura - Rutana - Ra\u0161tin\u0117s reikmenys\" \/>\n<meta property=\"og:description\" content=\"Muilo sud\u0117tyje esantis argano ekstraktas \u0161velniai valo, dr\u0117kina, maitina ir mink\u0161tina od\u0105, veikliosios med\u017eiagos turi dr\u0117kinant\u012f ir maitinant\u012f poveik\u012f. Apgaubia od\u0105 jausmingu kvapu: citrusin\u0117s natos susimai\u0161o su sald\u017ei\u0173j\u0173 migdol\u0173, gintaro, argano aromatu. Talpa: 300 ml Dozatorius: Yra Buteliukas: PET Kilm\u0117s \u0161alis: Italija\" \/>\n<meta property=\"og:url\" content=\"https:\/\/rutana.lt\/en\/product\/skystas-ranku-muilas-ambraargan-300-ml-felce-azzura\/\" \/>\n<meta property=\"og:site_name\" content=\"Rutana - Ra\u0161tin\u0117s reikmenys\" \/>\n<meta property=\"article:publisher\" content=\"https:\/\/www.facebook.com\/RutanaKanceliarinesPrekes\/\" \/>\n<meta property=\"article:modified_time\" content=\"2025-10-13T14:02:17+00:00\" \/>\n<meta property=\"og:image\" content=\"https:\/\/rutana.lt\/wp-content\/uploads\/2025\/09\/B095-430.jpg\" \/>\n\t<meta property=\"og:image:width\" content=\"1000\" \/>\n\t<meta property=\"og:image:height\" content=\"1000\" \/>\n\t<meta property=\"og:image:type\" content=\"image\/jpeg\" \/>\n<meta name=\"twitter:card\" content=\"summary_large_image\" \/>\n<script type=\"application\/ld+json\" class=\"yoast-schema-graph\">{\"@context\":\"https:\/\/schema.org\",\"@graph\":[{\"@type\":\"WebPage\",\"@id\":\"https:\/\/rutana.lt\/produktas\/skystas-ranku-muilas-ambraargan-300-ml-felce-azzura\/\",\"url\":\"https:\/\/rutana.lt\/produktas\/skystas-ranku-muilas-ambraargan-300-ml-felce-azzura\/\",\"name\":\"Skystas rank\u0173 muilas \\\"Ambra&Argan\\\" 300 ml Felce Azzura - Rutana - Ra\u0161tin\u0117s reikmenys\",\"isPartOf\":{\"@id\":\"https:\/\/rutana.lt\/#website\"},\"primaryImageOfPage\":{\"@id\":\"https:\/\/rutana.lt\/produktas\/skystas-ranku-muilas-ambraargan-300-ml-felce-azzura\/#primaryimage\"},\"image\":{\"@id\":\"https:\/\/rutana.lt\/produktas\/skystas-ranku-muilas-ambraargan-300-ml-felce-azzura\/#primaryimage\"},\"thumbnailUrl\":\"https:\/\/rutana.lt\/wp-content\/uploads\/2025\/09\/B095-430-1.jpg?v=1763562889\",\"datePublished\":\"2025-09-03T08:14:23+00:00\",\"dateModified\":\"2025-10-13T14:02:17+00:00\",\"breadcrumb\":{\"@id\":\"https:\/\/rutana.lt\/produktas\/skystas-ranku-muilas-ambraargan-300-ml-felce-azzura\/#breadcrumb\"},\"inLanguage\":\"en-US\",\"potentialAction\":[{\"@type\":\"ReadAction\",\"target\":[\"https:\/\/rutana.lt\/produktas\/skystas-ranku-muilas-ambraargan-300-ml-felce-azzura\/\"]}]},{\"@type\":\"ImageObject\",\"inLanguage\":\"en-US\",\"@id\":\"https:\/\/rutana.lt\/produktas\/skystas-ranku-muilas-ambraargan-300-ml-felce-azzura\/#primaryimage\",\"url\":\"https:\/\/rutana.lt\/wp-content\/uploads\/2025\/09\/B095-430-1.jpg?v=1763562889\",\"contentUrl\":\"https:\/\/rutana.lt\/wp-content\/uploads\/2025\/09\/B095-430-1.jpg?v=1763562889\",\"width\":1000,\"height\":1000},{\"@type\":\"BreadcrumbList\",\"@id\":\"https:\/\/rutana.lt\/produktas\/skystas-ranku-muilas-ambraargan-300-ml-felce-azzura\/#breadcrumb\",\"itemListElement\":[{\"@type\":\"ListItem\",\"position\":1,\"name\":\"Home\",\"item\":\"https:\/\/rutana.lt\/\"},{\"@type\":\"ListItem\",\"position\":2,\"name\":\"Parduotuv\u0117\",\"item\":\"https:\/\/rutana.lt\/parduotuve\/\"},{\"@type\":\"ListItem\",\"position\":3,\"name\":\"Skystas rank\u0173 muilas &#8222;Ambra&#038;Argan&#8221; 300 ml Felce Azzura\"}]},{\"@type\":\"WebSite\",\"@id\":\"https:\/\/rutana.lt\/#website\",\"url\":\"https:\/\/rutana.lt\/\",\"name\":\"Rutana - Ra\u0161tin\u0117s reikmenys\",\"description\":\"Prekiaujame pasaulin\u0117je rinkoje pripa\u017eintomis, kokybi\u0161komis biuro prek\u0117mis toki\u0173  gamintoj\u0173 kaip: Schneider, Esselte, Novus, 3M, Faber-Castell, Citizen, Milan, Leitz, Colop, Zebra, Staedtler, Durable, Tork, Parker, Waterman ir kt.\",\"publisher\":{\"@id\":\"https:\/\/rutana.lt\/#organization\"},\"potentialAction\":[{\"@type\":\"SearchAction\",\"target\":{\"@type\":\"EntryPoint\",\"urlTemplate\":\"https:\/\/rutana.lt\/?s={search_term_string}\"},\"query-input\":{\"@type\":\"PropertyValueSpecification\",\"valueRequired\":true,\"valueName\":\"search_term_string\"}}],\"inLanguage\":\"en-US\"},{\"@type\":\"Organization\",\"@id\":\"https:\/\/rutana.lt\/#organization\",\"name\":\"Rutana - Ra\u0161tin\u0117s reikmenys\",\"url\":\"https:\/\/rutana.lt\/\",\"logo\":{\"@type\":\"ImageObject\",\"inLanguage\":\"en-US\",\"@id\":\"https:\/\/rutana.lt\/#\/schema\/logo\/image\/\",\"url\":\"https:\/\/rutana.lt\/wp-content\/uploads\/2025\/10\/Asset-32.png\",\"contentUrl\":\"https:\/\/rutana.lt\/wp-content\/uploads\/2025\/10\/Asset-32.png\",\"width\":433,\"height\":119,\"caption\":\"Rutana - Ra\u0161tin\u0117s reikmenys\"},\"image\":{\"@id\":\"https:\/\/rutana.lt\/#\/schema\/logo\/image\/\"},\"sameAs\":[\"https:\/\/www.facebook.com\/RutanaKanceliarinesPrekes\/\"]}]}<\/script>\n<!-- \/ Yoast SEO plugin. -->","yoast_head_json":{"title":"Skystas rank\u0173 muilas \"Ambra&Argan\" 300 ml Felce Azzura - Rutana - Ra\u0161tin\u0117s reikmenys","robots":{"index":"index","follow":"follow","max-snippet":"max-snippet:-1","max-image-preview":"max-image-preview:large","max-video-preview":"max-video-preview:-1"},"canonical":"https:\/\/rutana.lt\/en\/product\/skystas-ranku-muilas-ambraargan-300-ml-felce-azzura\/","og_locale":"en_US","og_type":"article","og_title":"Skystas rank\u0173 muilas \"Ambra&Argan\" 300 ml Felce Azzura - Rutana - Ra\u0161tin\u0117s reikmenys","og_description":"Muilo sud\u0117tyje esantis argano ekstraktas \u0161velniai valo, dr\u0117kina, maitina ir mink\u0161tina od\u0105, veikliosios med\u017eiagos turi dr\u0117kinant\u012f ir maitinant\u012f poveik\u012f. Apgaubia od\u0105 jausmingu kvapu: citrusin\u0117s natos susimai\u0161o su sald\u017ei\u0173j\u0173 migdol\u0173, gintaro, argano aromatu. Talpa: 300 ml Dozatorius: Yra Buteliukas: PET Kilm\u0117s \u0161alis: Italija","og_url":"https:\/\/rutana.lt\/en\/product\/skystas-ranku-muilas-ambraargan-300-ml-felce-azzura\/","og_site_name":"Rutana - Ra\u0161tin\u0117s reikmenys","article_publisher":"https:\/\/www.facebook.com\/RutanaKanceliarinesPrekes\/","article_modified_time":"2025-10-13T14:02:17+00:00","og_image":[{"width":1000,"height":1000,"url":"https:\/\/rutana.lt\/wp-content\/uploads\/2025\/09\/B095-430.jpg","type":"image\/jpeg"}],"twitter_card":"summary_large_image","schema":{"@context":"https:\/\/schema.org","@graph":[{"@type":"WebPage","@id":"https:\/\/rutana.lt\/produktas\/skystas-ranku-muilas-ambraargan-300-ml-felce-azzura\/","url":"https:\/\/rutana.lt\/produktas\/skystas-ranku-muilas-ambraargan-300-ml-felce-azzura\/","name":"Skystas rank\u0173 muilas \"Ambra&Argan\" 300 ml Felce Azzura - Rutana - Ra\u0161tin\u0117s reikmenys","isPartOf":{"@id":"https:\/\/rutana.lt\/#website"},"primaryImageOfPage":{"@id":"https:\/\/rutana.lt\/produktas\/skystas-ranku-muilas-ambraargan-300-ml-felce-azzura\/#primaryimage"},"image":{"@id":"https:\/\/rutana.lt\/produktas\/skystas-ranku-muilas-ambraargan-300-ml-felce-azzura\/#primaryimage"},"thumbnailUrl":"https:\/\/rutana.lt\/wp-content\/uploads\/2025\/09\/B095-430-1.jpg?v=1763562889","datePublished":"2025-09-03T08:14:23+00:00","dateModified":"2025-10-13T14:02:17+00:00","breadcrumb":{"@id":"https:\/\/rutana.lt\/produktas\/skystas-ranku-muilas-ambraargan-300-ml-felce-azzura\/#breadcrumb"},"inLanguage":"en-US","potentialAction":[{"@type":"ReadAction","target":["https:\/\/rutana.lt\/produktas\/skystas-ranku-muilas-ambraargan-300-ml-felce-azzura\/"]}]},{"@type":"ImageObject","inLanguage":"en-US","@id":"https:\/\/rutana.lt\/produktas\/skystas-ranku-muilas-ambraargan-300-ml-felce-azzura\/#primaryimage","url":"https:\/\/rutana.lt\/wp-content\/uploads\/2025\/09\/B095-430-1.jpg?v=1763562889","contentUrl":"https:\/\/rutana.lt\/wp-content\/uploads\/2025\/09\/B095-430-1.jpg?v=1763562889","width":1000,"height":1000},{"@type":"BreadcrumbList","@id":"https:\/\/rutana.lt\/produktas\/skystas-ranku-muilas-ambraargan-300-ml-felce-azzura\/#breadcrumb","itemListElement":[{"@type":"ListItem","position":1,"name":"Home","item":"https:\/\/rutana.lt\/"},{"@type":"ListItem","position":2,"name":"Parduotuv\u0117","item":"https:\/\/rutana.lt\/parduotuve\/"},{"@type":"ListItem","position":3,"name":"Skystas rank\u0173 muilas &#8222;Ambra&#038;Argan&#8221; 300 ml Felce Azzura"}]},{"@type":"WebSite","@id":"https:\/\/rutana.lt\/#website","url":"https:\/\/rutana.lt\/","name":"Rutana - Ra\u0161tin\u0117s reikmenys","description":"Prekiaujame pasaulin\u0117je rinkoje pripa\u017eintomis, kokybi\u0161komis biuro prek\u0117mis toki\u0173  gamintoj\u0173 kaip: Schneider, Esselte, Novus, 3M, Faber-Castell, Citizen, Milan, Leitz, Colop, Zebra, Staedtler, Durable, Tork, Parker, Waterman ir kt.","publisher":{"@id":"https:\/\/rutana.lt\/#organization"},"potentialAction":[{"@type":"SearchAction","target":{"@type":"EntryPoint","urlTemplate":"https:\/\/rutana.lt\/?s={search_term_string}"},"query-input":{"@type":"PropertyValueSpecification","valueRequired":true,"valueName":"search_term_string"}}],"inLanguage":"en-US"},{"@type":"Organization","@id":"https:\/\/rutana.lt\/#organization","name":"Rutana - Ra\u0161tin\u0117s reikmenys","url":"https:\/\/rutana.lt\/","logo":{"@type":"ImageObject","inLanguage":"en-US","@id":"https:\/\/rutana.lt\/#\/schema\/logo\/image\/","url":"https:\/\/rutana.lt\/wp-content\/uploads\/2025\/10\/Asset-32.png","contentUrl":"https:\/\/rutana.lt\/wp-content\/uploads\/2025\/10\/Asset-32.png","width":433,"height":119,"caption":"Rutana - Ra\u0161tin\u0117s reikmenys"},"image":{"@id":"https:\/\/rutana.lt\/#\/schema\/logo\/image\/"},"sameAs":["https:\/\/www.facebook.com\/RutanaKanceliarinesPrekes\/"]}]}},"_links":{"self":[{"href":"https:\/\/rutana.lt\/en\/wp-json\/wp\/v2\/product\/20610","targetHints":{"allow":["GET"]}}],"collection":[{"href":"https:\/\/rutana.lt\/en\/wp-json\/wp\/v2\/product"}],"about":[{"href":"https:\/\/rutana.lt\/en\/wp-json\/wp\/v2\/types\/product"}],"replies":[{"embeddable":true,"href":"https:\/\/rutana.lt\/en\/wp-json\/wp\/v2\/comments?post=20610"}],"version-history":[{"count":1,"href":"https:\/\/rutana.lt\/en\/wp-json\/wp\/v2\/product\/20610\/revisions"}],"predecessor-version":[{"id":20640,"href":"https:\/\/rutana.lt\/en\/wp-json\/wp\/v2\/product\/20610\/revisions\/20640"}],"wp:featuredmedia":[{"embeddable":true,"href":"https:\/\/rutana.lt\/en\/wp-json\/wp\/v2\/media\/30445"}],"wp:attachment":[{"href":"https:\/\/rutana.lt\/en\/wp-json\/wp\/v2\/media?parent=20610"}],"wp:term":[{"taxonomy":"product_brand","embeddable":true,"href":"https:\/\/rutana.lt\/en\/wp-json\/wp\/v2\/product_brand?post=20610"},{"taxonomy":"product_cat","embeddable":true,"href":"https:\/\/rutana.lt\/en\/wp-json\/wp\/v2\/product_cat?post=20610"},{"taxonomy":"product_tag","embeddable":true,"href":"https:\/\/rutana.lt\/en\/wp-json\/wp\/v2\/product_tag?post=20610"}],"curies":[{"name":"wp","href":"https:\/\/api.w.org\/{rel}","templated":true}]}}