{"id":20604,"date":"2025-09-03T10:14:23","date_gmt":"2025-09-03T08:14:23","guid":{"rendered":"https:\/\/rutana.webdemo.lt\/?post_type=product&#038;p=20604"},"modified":"2025-10-13T16:02:15","modified_gmt":"2025-10-13T14:02:15","slug":"tualetinis-popierius-rulonais-mini-jumbo-traukiamas-is-centro-112m-papernet-421823","status":"publish","type":"product","link":"https:\/\/rutana.lt\/en\/product\/tualetinis-popierius-rulonais-mini-jumbo-traukiamas-is-centro-112m-papernet-421823\/","title":{"rendered":"Tualetinis popierius rulonais Mini Jumbo traukiamas i\u0161 centro 112m Papernet 421823"},"content":{"rendered":"<p>D\u0117l savo dyd\u017eio \u201eCenterfeed Mini Jumbo\u201c tualetinis popierius puikiai tinka ma\u017eoms patalpoms, kuriose kasdien daug lankytoj\u0173. \u0160i ypatyb\u0117 leid\u017eia optimizuoti i\u0161laidas ir sutrumpinti papildymo laik\u0105. Popierius paduodamas i\u0161 rulon\u0117lio centro.<\/p>\n<p>Ritinio plotis: 10.75 cm<\/p>\n<p style=\"margin-bottom: 10px;\">Ritinio skersmuo: 14.9 cm<\/p>\n<p style=\"margin-bottom: 10px;\">Ritinio ilgis: 112 m<\/p>\n<p style=\"margin-bottom: 10px;\">Vidinis \u0161erdies skersmuo: 6 cm<\/p>\n<p style=\"margin-bottom: 10px;\">Lapeli\u0173 kiekis ritinyje: 448<\/p>\n<p style=\"margin-bottom: 10px;\">Lapelio ilgis: 25 cm <\/p>\n<p style=\"margin-bottom: 10px;\">Sluoksniai: 2<\/p>\n<p style=\"margin-bottom: 10px;\">Spalva: balta<\/p>\n<p style=\"margin-bottom: 10px;\">Kilm\u0117s \u0161alis: Italija<\/p>\n<p style=\"margin-bottom: 10px;\"><\/p>\n<p style=\"margin-bottom: 10px;\"><\/p>","protected":false},"excerpt":{"rendered":"<p>D\u0117l savo dyd\u017eio \u201eCenterfeed Mini Jumbo\u201c tualetinis popierius puikiai tinka ma\u017eoms patalpoms, kuriose kasdien daug lankytoj\u0173. \u0160i ypatyb\u0117 leid\u017eia optimizuoti i\u0161laidas ir sutrumpinti papildymo laik\u0105. Popierius paduodamas i\u0161 rulon\u0117lio centro. Ritinio plotis: 10.75 cm Ritinio skersmuo: 14.9 cm Ritinio ilgis: 112 m Vidinis \u0161erdies skersmuo: 6 cm Lapeli\u0173 kiekis ritinyje: 448 Lapelio ilgis: 25 cm [&hellip;]<\/p>","protected":false},"featured_media":30439,"comment_status":"open","ping_status":"closed","template":"","meta":{"_season_start":"","_season_end":"","_season_days":"","_season_months":"","_season_auto_visibility":""},"product_brand":[238],"product_cat":[1622],"product_tag":[],"class_list":{"0":"post-20604","1":"product","2":"type-product","3":"status-publish","4":"has-post-thumbnail","6":"product_brand-papernet","7":"product_cat-tualetinis-popierius","9":"first","10":"instock","11":"taxable","12":"shipping-taxable","13":"purchasable","14":"product-type-simple"},"yoast_head":"<!-- This site is optimized with the Yoast SEO plugin v26.1.1 - https:\/\/yoast.com\/wordpress\/plugins\/seo\/ -->\n<title>Tualetinis popierius rulonais Mini Jumbo traukiamas i\u0161 centro 112m Papernet 421823 - Rutana - Ra\u0161tin\u0117s reikmenys<\/title>\n<meta name=\"robots\" content=\"index, follow, max-snippet:-1, max-image-preview:large, max-video-preview:-1\" \/>\n<link rel=\"canonical\" href=\"https:\/\/rutana.lt\/en\/product\/tualetinis-popierius-rulonais-mini-jumbo-traukiamas-is-centro-112m-papernet-421823\/\" \/>\n<meta property=\"og:locale\" content=\"en_US\" \/>\n<meta property=\"og:type\" content=\"article\" \/>\n<meta property=\"og:title\" content=\"Tualetinis popierius rulonais Mini Jumbo traukiamas i\u0161 centro 112m Papernet 421823 - Rutana - Ra\u0161tin\u0117s reikmenys\" \/>\n<meta property=\"og:description\" content=\"D\u0117l savo dyd\u017eio \u201eCenterfeed Mini Jumbo\u201c tualetinis popierius puikiai tinka ma\u017eoms patalpoms, kuriose kasdien daug lankytoj\u0173. \u0160i ypatyb\u0117 leid\u017eia optimizuoti i\u0161laidas ir sutrumpinti papildymo laik\u0105. Popierius paduodamas i\u0161 rulon\u0117lio centro. Ritinio plotis: 10.75 cm Ritinio skersmuo: 14.9 cm Ritinio ilgis: 112 m Vidinis \u0161erdies skersmuo: 6 cm Lapeli\u0173 kiekis ritinyje: 448 Lapelio ilgis: 25 cm [&hellip;]\" \/>\n<meta property=\"og:url\" content=\"https:\/\/rutana.lt\/en\/product\/tualetinis-popierius-rulonais-mini-jumbo-traukiamas-is-centro-112m-papernet-421823\/\" \/>\n<meta property=\"og:site_name\" content=\"Rutana - Ra\u0161tin\u0117s reikmenys\" \/>\n<meta property=\"article:publisher\" content=\"https:\/\/www.facebook.com\/RutanaKanceliarinesPrekes\/\" \/>\n<meta property=\"article:modified_time\" content=\"2025-10-13T14:02:15+00:00\" \/>\n<meta property=\"og:image\" content=\"https:\/\/rutana.lt\/wp-content\/uploads\/2025\/09\/A081-543.jpg\" \/>\n\t<meta property=\"og:image:width\" content=\"1000\" \/>\n\t<meta property=\"og:image:height\" content=\"1000\" \/>\n\t<meta property=\"og:image:type\" content=\"image\/jpeg\" \/>\n<meta name=\"twitter:card\" content=\"summary_large_image\" \/>\n<script type=\"application\/ld+json\" class=\"yoast-schema-graph\">{\"@context\":\"https:\/\/schema.org\",\"@graph\":[{\"@type\":\"WebPage\",\"@id\":\"https:\/\/rutana.lt\/produktas\/tualetinis-popierius-rulonais-mini-jumbo-traukiamas-is-centro-112m-papernet-421823\/\",\"url\":\"https:\/\/rutana.lt\/produktas\/tualetinis-popierius-rulonais-mini-jumbo-traukiamas-is-centro-112m-papernet-421823\/\",\"name\":\"Tualetinis popierius rulonais Mini Jumbo traukiamas i\u0161 centro 112m Papernet 421823 - Rutana - Ra\u0161tin\u0117s reikmenys\",\"isPartOf\":{\"@id\":\"https:\/\/rutana.lt\/#website\"},\"primaryImageOfPage\":{\"@id\":\"https:\/\/rutana.lt\/produktas\/tualetinis-popierius-rulonais-mini-jumbo-traukiamas-is-centro-112m-papernet-421823\/#primaryimage\"},\"image\":{\"@id\":\"https:\/\/rutana.lt\/produktas\/tualetinis-popierius-rulonais-mini-jumbo-traukiamas-is-centro-112m-papernet-421823\/#primaryimage\"},\"thumbnailUrl\":\"https:\/\/rutana.lt\/wp-content\/uploads\/2025\/09\/A081-543-1.jpg?v=1763562898\",\"datePublished\":\"2025-09-03T08:14:23+00:00\",\"dateModified\":\"2025-10-13T14:02:15+00:00\",\"breadcrumb\":{\"@id\":\"https:\/\/rutana.lt\/produktas\/tualetinis-popierius-rulonais-mini-jumbo-traukiamas-is-centro-112m-papernet-421823\/#breadcrumb\"},\"inLanguage\":\"en-US\",\"potentialAction\":[{\"@type\":\"ReadAction\",\"target\":[\"https:\/\/rutana.lt\/produktas\/tualetinis-popierius-rulonais-mini-jumbo-traukiamas-is-centro-112m-papernet-421823\/\"]}]},{\"@type\":\"ImageObject\",\"inLanguage\":\"en-US\",\"@id\":\"https:\/\/rutana.lt\/produktas\/tualetinis-popierius-rulonais-mini-jumbo-traukiamas-is-centro-112m-papernet-421823\/#primaryimage\",\"url\":\"https:\/\/rutana.lt\/wp-content\/uploads\/2025\/09\/A081-543-1.jpg?v=1763562898\",\"contentUrl\":\"https:\/\/rutana.lt\/wp-content\/uploads\/2025\/09\/A081-543-1.jpg?v=1763562898\",\"width\":1000,\"height\":1000},{\"@type\":\"BreadcrumbList\",\"@id\":\"https:\/\/rutana.lt\/produktas\/tualetinis-popierius-rulonais-mini-jumbo-traukiamas-is-centro-112m-papernet-421823\/#breadcrumb\",\"itemListElement\":[{\"@type\":\"ListItem\",\"position\":1,\"name\":\"Home\",\"item\":\"https:\/\/rutana.lt\/\"},{\"@type\":\"ListItem\",\"position\":2,\"name\":\"Parduotuv\u0117\",\"item\":\"https:\/\/rutana.lt\/parduotuve\/\"},{\"@type\":\"ListItem\",\"position\":3,\"name\":\"Tualetinis popierius rulonais Mini Jumbo traukiamas i\u0161 centro 112m Papernet 421823\"}]},{\"@type\":\"WebSite\",\"@id\":\"https:\/\/rutana.lt\/#website\",\"url\":\"https:\/\/rutana.lt\/\",\"name\":\"Rutana - Ra\u0161tin\u0117s reikmenys\",\"description\":\"Prekiaujame pasaulin\u0117je rinkoje pripa\u017eintomis, kokybi\u0161komis biuro prek\u0117mis toki\u0173  gamintoj\u0173 kaip: Schneider, Esselte, Novus, 3M, Faber-Castell, Citizen, Milan, Leitz, Colop, Zebra, Staedtler, Durable, Tork, Parker, Waterman ir kt.\",\"publisher\":{\"@id\":\"https:\/\/rutana.lt\/#organization\"},\"potentialAction\":[{\"@type\":\"SearchAction\",\"target\":{\"@type\":\"EntryPoint\",\"urlTemplate\":\"https:\/\/rutana.lt\/?s={search_term_string}\"},\"query-input\":{\"@type\":\"PropertyValueSpecification\",\"valueRequired\":true,\"valueName\":\"search_term_string\"}}],\"inLanguage\":\"en-US\"},{\"@type\":\"Organization\",\"@id\":\"https:\/\/rutana.lt\/#organization\",\"name\":\"Rutana - Ra\u0161tin\u0117s reikmenys\",\"url\":\"https:\/\/rutana.lt\/\",\"logo\":{\"@type\":\"ImageObject\",\"inLanguage\":\"en-US\",\"@id\":\"https:\/\/rutana.lt\/#\/schema\/logo\/image\/\",\"url\":\"https:\/\/rutana.lt\/wp-content\/uploads\/2025\/10\/Asset-32.png\",\"contentUrl\":\"https:\/\/rutana.lt\/wp-content\/uploads\/2025\/10\/Asset-32.png\",\"width\":433,\"height\":119,\"caption\":\"Rutana - Ra\u0161tin\u0117s reikmenys\"},\"image\":{\"@id\":\"https:\/\/rutana.lt\/#\/schema\/logo\/image\/\"},\"sameAs\":[\"https:\/\/www.facebook.com\/RutanaKanceliarinesPrekes\/\"]}]}<\/script>\n<!-- \/ Yoast SEO plugin. -->","yoast_head_json":{"title":"Tualetinis popierius rulonais Mini Jumbo traukiamas i\u0161 centro 112m Papernet 421823 - Rutana - Ra\u0161tin\u0117s reikmenys","robots":{"index":"index","follow":"follow","max-snippet":"max-snippet:-1","max-image-preview":"max-image-preview:large","max-video-preview":"max-video-preview:-1"},"canonical":"https:\/\/rutana.lt\/en\/product\/tualetinis-popierius-rulonais-mini-jumbo-traukiamas-is-centro-112m-papernet-421823\/","og_locale":"en_US","og_type":"article","og_title":"Tualetinis popierius rulonais Mini Jumbo traukiamas i\u0161 centro 112m Papernet 421823 - Rutana - Ra\u0161tin\u0117s reikmenys","og_description":"D\u0117l savo dyd\u017eio \u201eCenterfeed Mini Jumbo\u201c tualetinis popierius puikiai tinka ma\u017eoms patalpoms, kuriose kasdien daug lankytoj\u0173. \u0160i ypatyb\u0117 leid\u017eia optimizuoti i\u0161laidas ir sutrumpinti papildymo laik\u0105. Popierius paduodamas i\u0161 rulon\u0117lio centro. Ritinio plotis: 10.75 cm Ritinio skersmuo: 14.9 cm Ritinio ilgis: 112 m Vidinis \u0161erdies skersmuo: 6 cm Lapeli\u0173 kiekis ritinyje: 448 Lapelio ilgis: 25 cm [&hellip;]","og_url":"https:\/\/rutana.lt\/en\/product\/tualetinis-popierius-rulonais-mini-jumbo-traukiamas-is-centro-112m-papernet-421823\/","og_site_name":"Rutana - Ra\u0161tin\u0117s reikmenys","article_publisher":"https:\/\/www.facebook.com\/RutanaKanceliarinesPrekes\/","article_modified_time":"2025-10-13T14:02:15+00:00","og_image":[{"width":1000,"height":1000,"url":"https:\/\/rutana.lt\/wp-content\/uploads\/2025\/09\/A081-543.jpg","type":"image\/jpeg"}],"twitter_card":"summary_large_image","schema":{"@context":"https:\/\/schema.org","@graph":[{"@type":"WebPage","@id":"https:\/\/rutana.lt\/produktas\/tualetinis-popierius-rulonais-mini-jumbo-traukiamas-is-centro-112m-papernet-421823\/","url":"https:\/\/rutana.lt\/produktas\/tualetinis-popierius-rulonais-mini-jumbo-traukiamas-is-centro-112m-papernet-421823\/","name":"Tualetinis popierius rulonais Mini Jumbo traukiamas i\u0161 centro 112m Papernet 421823 - Rutana - Ra\u0161tin\u0117s reikmenys","isPartOf":{"@id":"https:\/\/rutana.lt\/#website"},"primaryImageOfPage":{"@id":"https:\/\/rutana.lt\/produktas\/tualetinis-popierius-rulonais-mini-jumbo-traukiamas-is-centro-112m-papernet-421823\/#primaryimage"},"image":{"@id":"https:\/\/rutana.lt\/produktas\/tualetinis-popierius-rulonais-mini-jumbo-traukiamas-is-centro-112m-papernet-421823\/#primaryimage"},"thumbnailUrl":"https:\/\/rutana.lt\/wp-content\/uploads\/2025\/09\/A081-543-1.jpg?v=1763562898","datePublished":"2025-09-03T08:14:23+00:00","dateModified":"2025-10-13T14:02:15+00:00","breadcrumb":{"@id":"https:\/\/rutana.lt\/produktas\/tualetinis-popierius-rulonais-mini-jumbo-traukiamas-is-centro-112m-papernet-421823\/#breadcrumb"},"inLanguage":"en-US","potentialAction":[{"@type":"ReadAction","target":["https:\/\/rutana.lt\/produktas\/tualetinis-popierius-rulonais-mini-jumbo-traukiamas-is-centro-112m-papernet-421823\/"]}]},{"@type":"ImageObject","inLanguage":"en-US","@id":"https:\/\/rutana.lt\/produktas\/tualetinis-popierius-rulonais-mini-jumbo-traukiamas-is-centro-112m-papernet-421823\/#primaryimage","url":"https:\/\/rutana.lt\/wp-content\/uploads\/2025\/09\/A081-543-1.jpg?v=1763562898","contentUrl":"https:\/\/rutana.lt\/wp-content\/uploads\/2025\/09\/A081-543-1.jpg?v=1763562898","width":1000,"height":1000},{"@type":"BreadcrumbList","@id":"https:\/\/rutana.lt\/produktas\/tualetinis-popierius-rulonais-mini-jumbo-traukiamas-is-centro-112m-papernet-421823\/#breadcrumb","itemListElement":[{"@type":"ListItem","position":1,"name":"Home","item":"https:\/\/rutana.lt\/"},{"@type":"ListItem","position":2,"name":"Parduotuv\u0117","item":"https:\/\/rutana.lt\/parduotuve\/"},{"@type":"ListItem","position":3,"name":"Tualetinis popierius rulonais Mini Jumbo traukiamas i\u0161 centro 112m Papernet 421823"}]},{"@type":"WebSite","@id":"https:\/\/rutana.lt\/#website","url":"https:\/\/rutana.lt\/","name":"Rutana - Ra\u0161tin\u0117s reikmenys","description":"Prekiaujame pasaulin\u0117je rinkoje pripa\u017eintomis, kokybi\u0161komis biuro prek\u0117mis toki\u0173  gamintoj\u0173 kaip: Schneider, Esselte, Novus, 3M, Faber-Castell, Citizen, Milan, Leitz, Colop, Zebra, Staedtler, Durable, Tork, Parker, Waterman ir kt.","publisher":{"@id":"https:\/\/rutana.lt\/#organization"},"potentialAction":[{"@type":"SearchAction","target":{"@type":"EntryPoint","urlTemplate":"https:\/\/rutana.lt\/?s={search_term_string}"},"query-input":{"@type":"PropertyValueSpecification","valueRequired":true,"valueName":"search_term_string"}}],"inLanguage":"en-US"},{"@type":"Organization","@id":"https:\/\/rutana.lt\/#organization","name":"Rutana - Ra\u0161tin\u0117s reikmenys","url":"https:\/\/rutana.lt\/","logo":{"@type":"ImageObject","inLanguage":"en-US","@id":"https:\/\/rutana.lt\/#\/schema\/logo\/image\/","url":"https:\/\/rutana.lt\/wp-content\/uploads\/2025\/10\/Asset-32.png","contentUrl":"https:\/\/rutana.lt\/wp-content\/uploads\/2025\/10\/Asset-32.png","width":433,"height":119,"caption":"Rutana - Ra\u0161tin\u0117s reikmenys"},"image":{"@id":"https:\/\/rutana.lt\/#\/schema\/logo\/image\/"},"sameAs":["https:\/\/www.facebook.com\/RutanaKanceliarinesPrekes\/"]}]}},"_links":{"self":[{"href":"https:\/\/rutana.lt\/en\/wp-json\/wp\/v2\/product\/20604","targetHints":{"allow":["GET"]}}],"collection":[{"href":"https:\/\/rutana.lt\/en\/wp-json\/wp\/v2\/product"}],"about":[{"href":"https:\/\/rutana.lt\/en\/wp-json\/wp\/v2\/types\/product"}],"replies":[{"embeddable":true,"href":"https:\/\/rutana.lt\/en\/wp-json\/wp\/v2\/comments?post=20604"}],"version-history":[{"count":1,"href":"https:\/\/rutana.lt\/en\/wp-json\/wp\/v2\/product\/20604\/revisions"}],"predecessor-version":[{"id":20628,"href":"https:\/\/rutana.lt\/en\/wp-json\/wp\/v2\/product\/20604\/revisions\/20628"}],"wp:featuredmedia":[{"embeddable":true,"href":"https:\/\/rutana.lt\/en\/wp-json\/wp\/v2\/media\/30439"}],"wp:attachment":[{"href":"https:\/\/rutana.lt\/en\/wp-json\/wp\/v2\/media?parent=20604"}],"wp:term":[{"taxonomy":"product_brand","embeddable":true,"href":"https:\/\/rutana.lt\/en\/wp-json\/wp\/v2\/product_brand?post=20604"},{"taxonomy":"product_cat","embeddable":true,"href":"https:\/\/rutana.lt\/en\/wp-json\/wp\/v2\/product_cat?post=20604"},{"taxonomy":"product_tag","embeddable":true,"href":"https:\/\/rutana.lt\/en\/wp-json\/wp\/v2\/product_tag?post=20604"}],"curies":[{"name":"wp","href":"https:\/\/api.w.org\/{rel}","templated":true}]}}