{"id":20564,"date":"2025-09-03T10:14:00","date_gmt":"2025-09-03T08:14:00","guid":{"rendered":"https:\/\/rutana.webdemo.lt\/?post_type=product&#038;p=20564"},"modified":"2025-10-13T16:02:15","modified_gmt":"2025-10-13T14:02:15","slug":"vyriski-marskineliai-thc-fair-tamsiai-melynos-sp-hd-30277-104","status":"publish","type":"product","link":"https:\/\/rutana.lt\/en\/product\/vyriski-marskineliai-thc-fair-tamsiai-melynos-sp-hd-30277-104\/","title":{"rendered":"Vyri\u0161ki mar\u0161kin\u0117liai &#8222;THC Fair&#8221; tamsiai m\u0117lynos sp. HD 30277-104"},"content":{"rendered":"<p>Mar\u0161kin\u0117liai pagaminti i\u0161 100 % d\u017eersio medviln\u0117s ( 150 g\/m\u00b2 ), gautos i\u0161 tvari\u0173 gamybos metod\u0173. 1&#215;1 briaunota apykakl\u0117 su d\u017eersio sutvirtinimu. Dvigubos si\u016bl\u0117s rankov\u0117se ir apa\u010dioje. <\/p>\n<p>Ant mar\u0161kin\u0117li\u0173 galima u\u017ed\u0117ti reklamin\u012f \u012fmon\u0117s logotip\u0105 ar kitok\u012f u\u017era\u0161\u0105 j\u016bs\u0173 pasirinktu b\u016bdu. Kaina nurodyta tik mar\u0161kin\u0117li\u0173, be u\u017era\u0161o. U\u017era\u0161o kaina priklauso nuo u\u017esakomo kiekio ir u\u017ed\u0117jimo b\u016bdo.<\/p>\n<p style=\"margin-bottom: 10px;\">Spalva: tamsiai m\u0117lyni<\/p>\n<p style=\"margin-bottom: 10px;\">Med\u017eiagos sud\u0117tis: 100% medviln\u0117<\/p>\n<p style=\"margin-bottom: 10px;\">Med\u017eiagos storis: 150 g \/ m\u00b2<\/p>\n<p style=\"margin-bottom: 10px;\">Galimi dyd\u017eiai: XS, S, M, L, XL, XXL<\/p>\n<p style=\"margin-bottom: 10px;\">Lytis: vyrams<\/p>\n<p style=\"margin-bottom: 10px;\">U\u017era\u0161o u\u017ed\u0117jimo galimi b\u016bdai: transferis &#8211; vaizdo perk\u0117limas, skaitmenin\u0117 spauda, tekstilin\u0117 \u0161ilkografija<\/p>\n<p style=\"margin-bottom: 10px;\"><span style=\"vertical-align: super;\"><\/span><\/p>\n<p style=\"margin-bottom: 10px;\">U\u017era\u0161o u\u017ed\u0117jimo galimos vietos: mar\u0161kin\u0117li\u0173 priekis ir nugara, rankov\u0117<\/p>","protected":false},"excerpt":{"rendered":"<p>Mar\u0161kin\u0117liai pagaminti i\u0161 100 % d\u017eersio medviln\u0117s ( 150 g\/m\u00b2 ), gautos i\u0161 tvari\u0173 gamybos metod\u0173. 1&#215;1 briaunota apykakl\u0117 su d\u017eersio sutvirtinimu. Dvigubos si\u016bl\u0117s rankov\u0117se ir apa\u010dioje. Ant mar\u0161kin\u0117li\u0173 galima u\u017ed\u0117ti reklamin\u012f \u012fmon\u0117s logotip\u0105 ar kitok\u012f u\u017era\u0161\u0105 j\u016bs\u0173 pasirinktu b\u016bdu. Kaina nurodyta tik mar\u0161kin\u0117li\u0173, be u\u017era\u0161o. U\u017era\u0161o kaina priklauso nuo u\u017esakomo kiekio ir u\u017ed\u0117jimo b\u016bdo. [&hellip;]<\/p>","protected":false},"featured_media":30437,"comment_status":"open","ping_status":"closed","template":"","meta":{"_season_start":"","_season_end":"","_season_days":"","_season_months":"","_season_auto_visibility":""},"product_brand":[868],"product_cat":[1734],"product_tag":[],"class_list":{"0":"post-20564","1":"product","2":"type-product","3":"status-publish","4":"has-post-thumbnail","6":"product_brand-hd","7":"product_cat-paprasti-marskineliai","9":"first","10":"instock","11":"taxable","12":"shipping-taxable","13":"purchasable","14":"product-type-simple"},"yoast_head":"<!-- This site is optimized with the Yoast SEO plugin v27.4 - https:\/\/yoast.com\/product\/yoast-seo-wordpress\/ -->\n<title>Vyri\u0161ki mar\u0161kin\u0117liai &quot;THC Fair&quot; tamsiai m\u0117lynos sp. HD 30277-104 - Rutana - Ra\u0161tin\u0117s reikmenys<\/title>\n<meta name=\"robots\" content=\"index, follow, max-snippet:-1, max-image-preview:large, max-video-preview:-1\" \/>\n<link rel=\"canonical\" href=\"https:\/\/rutana.lt\/en\/product\/vyriski-marskineliai-thc-fair-tamsiai-melynos-sp-hd-30277-104\/\" \/>\n<meta property=\"og:locale\" content=\"en_US\" \/>\n<meta property=\"og:type\" content=\"article\" \/>\n<meta property=\"og:title\" content=\"Vyri\u0161ki mar\u0161kin\u0117liai &quot;THC Fair&quot; tamsiai m\u0117lynos sp. HD 30277-104 - Rutana - Ra\u0161tin\u0117s reikmenys\" \/>\n<meta property=\"og:description\" content=\"Mar\u0161kin\u0117liai pagaminti i\u0161 100 % d\u017eersio medviln\u0117s ( 150 g\/m\u00b2 ), gautos i\u0161 tvari\u0173 gamybos metod\u0173. 1&#215;1 briaunota apykakl\u0117 su d\u017eersio sutvirtinimu. Dvigubos si\u016bl\u0117s rankov\u0117se ir apa\u010dioje. Ant mar\u0161kin\u0117li\u0173 galima u\u017ed\u0117ti reklamin\u012f \u012fmon\u0117s logotip\u0105 ar kitok\u012f u\u017era\u0161\u0105 j\u016bs\u0173 pasirinktu b\u016bdu. Kaina nurodyta tik mar\u0161kin\u0117li\u0173, be u\u017era\u0161o. U\u017era\u0161o kaina priklauso nuo u\u017esakomo kiekio ir u\u017ed\u0117jimo b\u016bdo. [&hellip;]\" \/>\n<meta property=\"og:url\" content=\"https:\/\/rutana.lt\/en\/product\/vyriski-marskineliai-thc-fair-tamsiai-melynos-sp-hd-30277-104\/\" \/>\n<meta property=\"og:site_name\" content=\"Rutana - Ra\u0161tin\u0117s reikmenys\" \/>\n<meta property=\"article:publisher\" content=\"https:\/\/www.facebook.com\/RutanaKanceliarinesPrekes\/\" \/>\n<meta property=\"article:modified_time\" content=\"2025-10-13T14:02:15+00:00\" \/>\n<meta property=\"og:image\" content=\"https:\/\/rutana.lt\/wp-content\/uploads\/2025\/09\/B057-187.jpg\" \/>\n\t<meta property=\"og:image:width\" content=\"1000\" \/>\n\t<meta property=\"og:image:height\" content=\"1000\" \/>\n\t<meta property=\"og:image:type\" content=\"image\/jpeg\" \/>\n<meta name=\"twitter:card\" content=\"summary_large_image\" \/>\n<meta name=\"twitter:label1\" content=\"Est. reading time\" \/>\n\t<meta name=\"twitter:data1\" content=\"1 minute\" \/>\n<script type=\"application\/ld+json\" class=\"yoast-schema-graph\">{\"@context\":\"https:\\\/\\\/schema.org\",\"@graph\":[{\"@type\":\"WebPage\",\"@id\":\"https:\\\/\\\/rutana.lt\\\/produktas\\\/vyriski-marskineliai-thc-fair-tamsiai-melynos-sp-hd-30277-104\\\/\",\"url\":\"https:\\\/\\\/rutana.lt\\\/produktas\\\/vyriski-marskineliai-thc-fair-tamsiai-melynos-sp-hd-30277-104\\\/\",\"name\":\"Vyri\u0161ki mar\u0161kin\u0117liai \\\"THC Fair\\\" tamsiai m\u0117lynos sp. HD 30277-104 - Rutana - Ra\u0161tin\u0117s reikmenys\",\"isPartOf\":{\"@id\":\"https:\\\/\\\/rutana.lt\\\/#website\"},\"primaryImageOfPage\":{\"@id\":\"https:\\\/\\\/rutana.lt\\\/produktas\\\/vyriski-marskineliai-thc-fair-tamsiai-melynos-sp-hd-30277-104\\\/#primaryimage\"},\"image\":{\"@id\":\"https:\\\/\\\/rutana.lt\\\/produktas\\\/vyriski-marskineliai-thc-fair-tamsiai-melynos-sp-hd-30277-104\\\/#primaryimage\"},\"thumbnailUrl\":\"https:\\\/\\\/rutana.lt\\\/wp-content\\\/uploads\\\/2025\\\/09\\\/B057-187-3.jpg?v=1763562904\",\"datePublished\":\"2025-09-03T08:14:00+00:00\",\"dateModified\":\"2025-10-13T14:02:15+00:00\",\"breadcrumb\":{\"@id\":\"https:\\\/\\\/rutana.lt\\\/produktas\\\/vyriski-marskineliai-thc-fair-tamsiai-melynos-sp-hd-30277-104\\\/#breadcrumb\"},\"inLanguage\":\"en-US\",\"potentialAction\":[{\"@type\":\"ReadAction\",\"target\":[\"https:\\\/\\\/rutana.lt\\\/produktas\\\/vyriski-marskineliai-thc-fair-tamsiai-melynos-sp-hd-30277-104\\\/\"]}]},{\"@type\":\"ImageObject\",\"inLanguage\":\"en-US\",\"@id\":\"https:\\\/\\\/rutana.lt\\\/produktas\\\/vyriski-marskineliai-thc-fair-tamsiai-melynos-sp-hd-30277-104\\\/#primaryimage\",\"url\":\"https:\\\/\\\/rutana.lt\\\/wp-content\\\/uploads\\\/2025\\\/09\\\/B057-187-3.jpg?v=1763562904\",\"contentUrl\":\"https:\\\/\\\/rutana.lt\\\/wp-content\\\/uploads\\\/2025\\\/09\\\/B057-187-3.jpg?v=1763562904\",\"width\":1000,\"height\":1000},{\"@type\":\"BreadcrumbList\",\"@id\":\"https:\\\/\\\/rutana.lt\\\/produktas\\\/vyriski-marskineliai-thc-fair-tamsiai-melynos-sp-hd-30277-104\\\/#breadcrumb\",\"itemListElement\":[{\"@type\":\"ListItem\",\"position\":1,\"name\":\"Home\",\"item\":\"https:\\\/\\\/rutana.lt\\\/\"},{\"@type\":\"ListItem\",\"position\":2,\"name\":\"Parduotuv\u0117\",\"item\":\"https:\\\/\\\/rutana.lt\\\/parduotuve\\\/\"},{\"@type\":\"ListItem\",\"position\":3,\"name\":\"Vyri\u0161ki mar\u0161kin\u0117liai &#8222;THC Fair&#8221; tamsiai m\u0117lynos sp. HD 30277-104\"}]},{\"@type\":\"WebSite\",\"@id\":\"https:\\\/\\\/rutana.lt\\\/#website\",\"url\":\"https:\\\/\\\/rutana.lt\\\/\",\"name\":\"Rutana - Ra\u0161tin\u0117s reikmenys\",\"description\":\"Prekiaujame pasaulin\u0117je rinkoje pripa\u017eintomis, kokybi\u0161komis biuro prek\u0117mis toki\u0173  gamintoj\u0173 kaip: Schneider, Esselte, Novus, 3M, Faber-Castell, Citizen, Milan, Leitz, Colop, Zebra, Staedtler, Durable, Tork, Parker, Waterman ir kt.\",\"publisher\":{\"@id\":\"https:\\\/\\\/rutana.lt\\\/#organization\"},\"potentialAction\":[{\"@type\":\"SearchAction\",\"target\":{\"@type\":\"EntryPoint\",\"urlTemplate\":\"https:\\\/\\\/rutana.lt\\\/?s={search_term_string}\"},\"query-input\":{\"@type\":\"PropertyValueSpecification\",\"valueRequired\":true,\"valueName\":\"search_term_string\"}}],\"inLanguage\":\"en-US\"},{\"@type\":\"Organization\",\"@id\":\"https:\\\/\\\/rutana.lt\\\/#organization\",\"name\":\"Rutana - Ra\u0161tin\u0117s reikmenys\",\"url\":\"https:\\\/\\\/rutana.lt\\\/\",\"logo\":{\"@type\":\"ImageObject\",\"inLanguage\":\"en-US\",\"@id\":\"https:\\\/\\\/rutana.lt\\\/#\\\/schema\\\/logo\\\/image\\\/\",\"url\":\"https:\\\/\\\/rutana.lt\\\/wp-content\\\/uploads\\\/2025\\\/10\\\/Asset-32.png\",\"contentUrl\":\"https:\\\/\\\/rutana.lt\\\/wp-content\\\/uploads\\\/2025\\\/10\\\/Asset-32.png\",\"width\":433,\"height\":119,\"caption\":\"Rutana - Ra\u0161tin\u0117s reikmenys\"},\"image\":{\"@id\":\"https:\\\/\\\/rutana.lt\\\/#\\\/schema\\\/logo\\\/image\\\/\"},\"sameAs\":[\"https:\\\/\\\/www.facebook.com\\\/RutanaKanceliarinesPrekes\\\/\"]}]}<\/script>\n<!-- \/ Yoast SEO plugin. -->","yoast_head_json":{"title":"Vyri\u0161ki mar\u0161kin\u0117liai \"THC Fair\" tamsiai m\u0117lynos sp. HD 30277-104 - Rutana - Ra\u0161tin\u0117s reikmenys","robots":{"index":"index","follow":"follow","max-snippet":"max-snippet:-1","max-image-preview":"max-image-preview:large","max-video-preview":"max-video-preview:-1"},"canonical":"https:\/\/rutana.lt\/en\/product\/vyriski-marskineliai-thc-fair-tamsiai-melynos-sp-hd-30277-104\/","og_locale":"en_US","og_type":"article","og_title":"Vyri\u0161ki mar\u0161kin\u0117liai \"THC Fair\" tamsiai m\u0117lynos sp. HD 30277-104 - Rutana - Ra\u0161tin\u0117s reikmenys","og_description":"Mar\u0161kin\u0117liai pagaminti i\u0161 100 % d\u017eersio medviln\u0117s ( 150 g\/m\u00b2 ), gautos i\u0161 tvari\u0173 gamybos metod\u0173. 1&#215;1 briaunota apykakl\u0117 su d\u017eersio sutvirtinimu. Dvigubos si\u016bl\u0117s rankov\u0117se ir apa\u010dioje. Ant mar\u0161kin\u0117li\u0173 galima u\u017ed\u0117ti reklamin\u012f \u012fmon\u0117s logotip\u0105 ar kitok\u012f u\u017era\u0161\u0105 j\u016bs\u0173 pasirinktu b\u016bdu. Kaina nurodyta tik mar\u0161kin\u0117li\u0173, be u\u017era\u0161o. U\u017era\u0161o kaina priklauso nuo u\u017esakomo kiekio ir u\u017ed\u0117jimo b\u016bdo. [&hellip;]","og_url":"https:\/\/rutana.lt\/en\/product\/vyriski-marskineliai-thc-fair-tamsiai-melynos-sp-hd-30277-104\/","og_site_name":"Rutana - Ra\u0161tin\u0117s reikmenys","article_publisher":"https:\/\/www.facebook.com\/RutanaKanceliarinesPrekes\/","article_modified_time":"2025-10-13T14:02:15+00:00","og_image":[{"width":1000,"height":1000,"url":"https:\/\/rutana.lt\/wp-content\/uploads\/2025\/09\/B057-187.jpg","type":"image\/jpeg"}],"twitter_card":"summary_large_image","twitter_misc":{"Est. reading time":"1 minute"},"schema":{"@context":"https:\/\/schema.org","@graph":[{"@type":"WebPage","@id":"https:\/\/rutana.lt\/produktas\/vyriski-marskineliai-thc-fair-tamsiai-melynos-sp-hd-30277-104\/","url":"https:\/\/rutana.lt\/produktas\/vyriski-marskineliai-thc-fair-tamsiai-melynos-sp-hd-30277-104\/","name":"Vyri\u0161ki mar\u0161kin\u0117liai \"THC Fair\" tamsiai m\u0117lynos sp. HD 30277-104 - Rutana - Ra\u0161tin\u0117s reikmenys","isPartOf":{"@id":"https:\/\/rutana.lt\/#website"},"primaryImageOfPage":{"@id":"https:\/\/rutana.lt\/produktas\/vyriski-marskineliai-thc-fair-tamsiai-melynos-sp-hd-30277-104\/#primaryimage"},"image":{"@id":"https:\/\/rutana.lt\/produktas\/vyriski-marskineliai-thc-fair-tamsiai-melynos-sp-hd-30277-104\/#primaryimage"},"thumbnailUrl":"https:\/\/rutana.lt\/wp-content\/uploads\/2025\/09\/B057-187-3.jpg?v=1763562904","datePublished":"2025-09-03T08:14:00+00:00","dateModified":"2025-10-13T14:02:15+00:00","breadcrumb":{"@id":"https:\/\/rutana.lt\/produktas\/vyriski-marskineliai-thc-fair-tamsiai-melynos-sp-hd-30277-104\/#breadcrumb"},"inLanguage":"en-US","potentialAction":[{"@type":"ReadAction","target":["https:\/\/rutana.lt\/produktas\/vyriski-marskineliai-thc-fair-tamsiai-melynos-sp-hd-30277-104\/"]}]},{"@type":"ImageObject","inLanguage":"en-US","@id":"https:\/\/rutana.lt\/produktas\/vyriski-marskineliai-thc-fair-tamsiai-melynos-sp-hd-30277-104\/#primaryimage","url":"https:\/\/rutana.lt\/wp-content\/uploads\/2025\/09\/B057-187-3.jpg?v=1763562904","contentUrl":"https:\/\/rutana.lt\/wp-content\/uploads\/2025\/09\/B057-187-3.jpg?v=1763562904","width":1000,"height":1000},{"@type":"BreadcrumbList","@id":"https:\/\/rutana.lt\/produktas\/vyriski-marskineliai-thc-fair-tamsiai-melynos-sp-hd-30277-104\/#breadcrumb","itemListElement":[{"@type":"ListItem","position":1,"name":"Home","item":"https:\/\/rutana.lt\/"},{"@type":"ListItem","position":2,"name":"Parduotuv\u0117","item":"https:\/\/rutana.lt\/parduotuve\/"},{"@type":"ListItem","position":3,"name":"Vyri\u0161ki mar\u0161kin\u0117liai &#8222;THC Fair&#8221; tamsiai m\u0117lynos sp. HD 30277-104"}]},{"@type":"WebSite","@id":"https:\/\/rutana.lt\/#website","url":"https:\/\/rutana.lt\/","name":"Rutana - Ra\u0161tin\u0117s reikmenys","description":"Prekiaujame pasaulin\u0117je rinkoje pripa\u017eintomis, kokybi\u0161komis biuro prek\u0117mis toki\u0173  gamintoj\u0173 kaip: Schneider, Esselte, Novus, 3M, Faber-Castell, Citizen, Milan, Leitz, Colop, Zebra, Staedtler, Durable, Tork, Parker, Waterman ir kt.","publisher":{"@id":"https:\/\/rutana.lt\/#organization"},"potentialAction":[{"@type":"SearchAction","target":{"@type":"EntryPoint","urlTemplate":"https:\/\/rutana.lt\/?s={search_term_string}"},"query-input":{"@type":"PropertyValueSpecification","valueRequired":true,"valueName":"search_term_string"}}],"inLanguage":"en-US"},{"@type":"Organization","@id":"https:\/\/rutana.lt\/#organization","name":"Rutana - Ra\u0161tin\u0117s reikmenys","url":"https:\/\/rutana.lt\/","logo":{"@type":"ImageObject","inLanguage":"en-US","@id":"https:\/\/rutana.lt\/#\/schema\/logo\/image\/","url":"https:\/\/rutana.lt\/wp-content\/uploads\/2025\/10\/Asset-32.png","contentUrl":"https:\/\/rutana.lt\/wp-content\/uploads\/2025\/10\/Asset-32.png","width":433,"height":119,"caption":"Rutana - Ra\u0161tin\u0117s reikmenys"},"image":{"@id":"https:\/\/rutana.lt\/#\/schema\/logo\/image\/"},"sameAs":["https:\/\/www.facebook.com\/RutanaKanceliarinesPrekes\/"]}]}},"_links":{"self":[{"href":"https:\/\/rutana.lt\/en\/wp-json\/wp\/v2\/product\/20564","targetHints":{"allow":["GET"]}}],"collection":[{"href":"https:\/\/rutana.lt\/en\/wp-json\/wp\/v2\/product"}],"about":[{"href":"https:\/\/rutana.lt\/en\/wp-json\/wp\/v2\/types\/product"}],"replies":[{"embeddable":true,"href":"https:\/\/rutana.lt\/en\/wp-json\/wp\/v2\/comments?post=20564"}],"version-history":[{"count":1,"href":"https:\/\/rutana.lt\/en\/wp-json\/wp\/v2\/product\/20564\/revisions"}],"predecessor-version":[{"id":20624,"href":"https:\/\/rutana.lt\/en\/wp-json\/wp\/v2\/product\/20564\/revisions\/20624"}],"wp:featuredmedia":[{"embeddable":true,"href":"https:\/\/rutana.lt\/en\/wp-json\/wp\/v2\/media\/30437"}],"wp:attachment":[{"href":"https:\/\/rutana.lt\/en\/wp-json\/wp\/v2\/media?parent=20564"}],"wp:term":[{"taxonomy":"product_brand","embeddable":true,"href":"https:\/\/rutana.lt\/en\/wp-json\/wp\/v2\/product_brand?post=20564"},{"taxonomy":"product_cat","embeddable":true,"href":"https:\/\/rutana.lt\/en\/wp-json\/wp\/v2\/product_cat?post=20564"},{"taxonomy":"product_tag","embeddable":true,"href":"https:\/\/rutana.lt\/en\/wp-json\/wp\/v2\/product_tag?post=20564"}],"curies":[{"name":"wp","href":"https:\/\/api.w.org\/{rel}","templated":true}]}}