{"id":20562,"date":"2025-09-03T10:14:00","date_gmt":"2025-09-03T08:14:00","guid":{"rendered":"https:\/\/rutana.webdemo.lt\/?post_type=product&#038;p=20562"},"modified":"2026-01-16T08:28:14","modified_gmt":"2026-01-16T06:28:14","slug":"edukacinis-zaidimas-vaikams-diy-pen-factory-kit-i-hd-35808-100","status":"publish","type":"product","link":"https:\/\/rutana.lt\/en\/product\/edukacinis-zaidimas-vaikams-diy-pen-factory-kit-i-hd-35808-100\/","title":{"rendered":"Edukacinis \u017eaidimas vaikams &#8222;DIY Pen Factory Kit I&#8221; HD 35808-100"},"content":{"rendered":"<p>\u201ePasidaryk pats\u201c ra\u0161ikli\u0173 fabrikas yra idealus \u017eaislas vaikams, kurie m\u0117gsta pie\u0161ti ir spalvinti, nes leid\u017eia jiems patiems kurti ra\u0161iklius. Jame gausu lavinam\u0173j\u0173 eksperiment\u0173, pavyzd\u017eiui, galima kurti ra\u0161iklius, kurie kvepia, turi nematomo ra\u0161alo, kei\u010dia spalv\u0105, \u0161vie\u010dia tamsoje ir daug daugiau! \u0160iame rinkinyje yra 65 b\u016btini elementai ir 12 itin smagi\u0173 u\u017esi\u0117mim\u0173. Rekomenduojamas am\u017eius: nuo 6 met\u0173.<\/p>\n<p>Ant rinkinio d\u0117\u017e\u0117s galima u\u017ed\u0117ti reklamin\u012f \u012fmon\u0117s logotip\u0105 ar kitok\u012f u\u017era\u0161\u0105 jums pageidaujamoje vietoje bei j\u016bs\u0173 pasirinktu b\u016bdu. Kaina nurodyta tik rinkinio, be u\u017era\u0161o. U\u017era\u0161o kaina priklauso nuo u\u017esakomo kiekio ir u\u017ed\u0117jimo b\u016bdo.<\/p>\n<p>Matmenys: 207 x 300 x 60 mm<\/p>\n<p>Svoris: 375 g<\/p>\n<p style=\"margin-bottom: 10px;\">U\u017era\u0161o u\u017ed\u0117jimo galimi b\u016bdai: lipdukas<\/p>\n<p style=\"margin-bottom: 10px;\">U\u017era\u0161o u\u017ed\u0117jimo galimos vietos: ant d\u0117\u017e\u0117s priekio<\/p>\n<p style=\"margin-bottom: 10px;\">Kilm\u0117s \u0161alis: Portugalija<\/p>\n<p style=\"margin-bottom: 10px;\">\n<p><iframe src=\"\/\/www.youtube.com\/embed\/YVq-QvUpIs4\" width=\"640\" height=\"360\" frameborder=\"0\"><\/iframe><\/p>\n<p style=\"margin-bottom: 10px;\">\n<p style=\"margin-bottom: 10px;\">\n<p style=\"margin-bottom: 10px;\">\n<p>&nbsp;<\/p>\n<p style=\"margin-bottom: 10px;\">","protected":false},"excerpt":{"rendered":"<p>\u201ePasidaryk pats\u201c ra\u0161ikli\u0173 fabrikas yra idealus \u017eaislas vaikams, kurie m\u0117gsta pie\u0161ti ir spalvinti, nes leid\u017eia jiems patiems kurti ra\u0161iklius.<\/p>","protected":false},"featured_media":30435,"comment_status":"open","ping_status":"closed","template":"","meta":{"_season_start":"","_season_end":"","_season_days":"","_season_months":"","_season_auto_visibility":"1"},"product_brand":[868],"product_cat":[1731],"product_tag":[],"class_list":{"0":"post-20562","1":"product","2":"type-product","3":"status-publish","4":"has-post-thumbnail","6":"product_brand-hd","7":"product_cat-zaidimai","9":"first","10":"instock","11":"taxable","12":"shipping-taxable","13":"purchasable","14":"product-type-simple"},"yoast_head":"<!-- This site is optimized with the Yoast SEO plugin v27.4 - https:\/\/yoast.com\/product\/yoast-seo-wordpress\/ -->\n<title>Edukacinis \u017eaidimas vaikams &quot;DIY Pen Factory Kit I&quot; HD 35808-100 - Rutana - Ra\u0161tin\u0117s reikmenys<\/title>\n<meta name=\"robots\" content=\"index, follow, max-snippet:-1, max-image-preview:large, max-video-preview:-1\" \/>\n<link rel=\"canonical\" href=\"https:\/\/rutana.lt\/en\/product\/edukacinis-zaidimas-vaikams-diy-pen-factory-kit-i-hd-35808-100\/\" \/>\n<meta property=\"og:locale\" content=\"en_US\" \/>\n<meta property=\"og:type\" content=\"article\" \/>\n<meta property=\"og:title\" content=\"Edukacinis \u017eaidimas vaikams &quot;DIY Pen Factory Kit I&quot; HD 35808-100 - Rutana - Ra\u0161tin\u0117s reikmenys\" \/>\n<meta property=\"og:description\" content=\"\u201ePasidaryk pats\u201c ra\u0161ikli\u0173 fabrikas yra idealus \u017eaislas vaikams, kurie m\u0117gsta pie\u0161ti ir spalvinti, nes leid\u017eia jiems patiems kurti ra\u0161iklius.\" \/>\n<meta property=\"og:url\" content=\"https:\/\/rutana.lt\/en\/product\/edukacinis-zaidimas-vaikams-diy-pen-factory-kit-i-hd-35808-100\/\" \/>\n<meta property=\"og:site_name\" content=\"Rutana - Ra\u0161tin\u0117s reikmenys\" \/>\n<meta property=\"article:publisher\" content=\"https:\/\/www.facebook.com\/RutanaKanceliarinesPrekes\/\" \/>\n<meta property=\"article:modified_time\" content=\"2026-01-16T06:28:14+00:00\" \/>\n<meta property=\"og:image\" content=\"https:\/\/rutana.lt\/wp-content\/uploads\/2025\/09\/B096-922-3.jpg?v=1763562908\" \/>\n\t<meta property=\"og:image:width\" content=\"1000\" \/>\n\t<meta property=\"og:image:height\" content=\"1000\" \/>\n\t<meta property=\"og:image:type\" content=\"image\/jpeg\" \/>\n<meta name=\"twitter:card\" content=\"summary_large_image\" \/>\n<meta name=\"twitter:label1\" content=\"Est. reading time\" \/>\n\t<meta name=\"twitter:data1\" content=\"1 minute\" \/>\n<script type=\"application\/ld+json\" class=\"yoast-schema-graph\">{\"@context\":\"https:\\\/\\\/schema.org\",\"@graph\":[{\"@type\":\"WebPage\",\"@id\":\"https:\\\/\\\/rutana.lt\\\/produktas\\\/edukacinis-zaidimas-vaikams-diy-pen-factory-kit-i-hd-35808-100\\\/\",\"url\":\"https:\\\/\\\/rutana.lt\\\/produktas\\\/edukacinis-zaidimas-vaikams-diy-pen-factory-kit-i-hd-35808-100\\\/\",\"name\":\"Edukacinis \u017eaidimas vaikams \\\"DIY Pen Factory Kit I\\\" HD 35808-100 - Rutana - Ra\u0161tin\u0117s reikmenys\",\"isPartOf\":{\"@id\":\"https:\\\/\\\/rutana.lt\\\/#website\"},\"primaryImageOfPage\":{\"@id\":\"https:\\\/\\\/rutana.lt\\\/produktas\\\/edukacinis-zaidimas-vaikams-diy-pen-factory-kit-i-hd-35808-100\\\/#primaryimage\"},\"image\":{\"@id\":\"https:\\\/\\\/rutana.lt\\\/produktas\\\/edukacinis-zaidimas-vaikams-diy-pen-factory-kit-i-hd-35808-100\\\/#primaryimage\"},\"thumbnailUrl\":\"https:\\\/\\\/rutana.lt\\\/wp-content\\\/uploads\\\/2025\\\/09\\\/B096-922-3.jpg?v=1763562908\",\"datePublished\":\"2025-09-03T08:14:00+00:00\",\"dateModified\":\"2026-01-16T06:28:14+00:00\",\"breadcrumb\":{\"@id\":\"https:\\\/\\\/rutana.lt\\\/produktas\\\/edukacinis-zaidimas-vaikams-diy-pen-factory-kit-i-hd-35808-100\\\/#breadcrumb\"},\"inLanguage\":\"en-US\",\"potentialAction\":[{\"@type\":\"ReadAction\",\"target\":[\"https:\\\/\\\/rutana.lt\\\/produktas\\\/edukacinis-zaidimas-vaikams-diy-pen-factory-kit-i-hd-35808-100\\\/\"]}]},{\"@type\":\"ImageObject\",\"inLanguage\":\"en-US\",\"@id\":\"https:\\\/\\\/rutana.lt\\\/produktas\\\/edukacinis-zaidimas-vaikams-diy-pen-factory-kit-i-hd-35808-100\\\/#primaryimage\",\"url\":\"https:\\\/\\\/rutana.lt\\\/wp-content\\\/uploads\\\/2025\\\/09\\\/B096-922-3.jpg?v=1763562908\",\"contentUrl\":\"https:\\\/\\\/rutana.lt\\\/wp-content\\\/uploads\\\/2025\\\/09\\\/B096-922-3.jpg?v=1763562908\",\"width\":1000,\"height\":1000},{\"@type\":\"BreadcrumbList\",\"@id\":\"https:\\\/\\\/rutana.lt\\\/produktas\\\/edukacinis-zaidimas-vaikams-diy-pen-factory-kit-i-hd-35808-100\\\/#breadcrumb\",\"itemListElement\":[{\"@type\":\"ListItem\",\"position\":1,\"name\":\"Home\",\"item\":\"https:\\\/\\\/rutana.lt\\\/\"},{\"@type\":\"ListItem\",\"position\":2,\"name\":\"Parduotuv\u0117\",\"item\":\"https:\\\/\\\/rutana.lt\\\/parduotuve\\\/\"},{\"@type\":\"ListItem\",\"position\":3,\"name\":\"Edukacinis \u017eaidimas vaikams &#8222;DIY Pen Factory Kit I&#8221; HD 35808-100\"}]},{\"@type\":\"WebSite\",\"@id\":\"https:\\\/\\\/rutana.lt\\\/#website\",\"url\":\"https:\\\/\\\/rutana.lt\\\/\",\"name\":\"Rutana - Ra\u0161tin\u0117s reikmenys\",\"description\":\"Prekiaujame pasaulin\u0117je rinkoje pripa\u017eintomis, kokybi\u0161komis biuro prek\u0117mis toki\u0173  gamintoj\u0173 kaip: Schneider, Esselte, Novus, 3M, Faber-Castell, Citizen, Milan, Leitz, Colop, Zebra, Staedtler, Durable, Tork, Parker, Waterman ir kt.\",\"publisher\":{\"@id\":\"https:\\\/\\\/rutana.lt\\\/#organization\"},\"potentialAction\":[{\"@type\":\"SearchAction\",\"target\":{\"@type\":\"EntryPoint\",\"urlTemplate\":\"https:\\\/\\\/rutana.lt\\\/?s={search_term_string}\"},\"query-input\":{\"@type\":\"PropertyValueSpecification\",\"valueRequired\":true,\"valueName\":\"search_term_string\"}}],\"inLanguage\":\"en-US\"},{\"@type\":\"Organization\",\"@id\":\"https:\\\/\\\/rutana.lt\\\/#organization\",\"name\":\"Rutana - Ra\u0161tin\u0117s reikmenys\",\"url\":\"https:\\\/\\\/rutana.lt\\\/\",\"logo\":{\"@type\":\"ImageObject\",\"inLanguage\":\"en-US\",\"@id\":\"https:\\\/\\\/rutana.lt\\\/#\\\/schema\\\/logo\\\/image\\\/\",\"url\":\"https:\\\/\\\/rutana.lt\\\/wp-content\\\/uploads\\\/2025\\\/10\\\/Asset-32.png\",\"contentUrl\":\"https:\\\/\\\/rutana.lt\\\/wp-content\\\/uploads\\\/2025\\\/10\\\/Asset-32.png\",\"width\":433,\"height\":119,\"caption\":\"Rutana - Ra\u0161tin\u0117s reikmenys\"},\"image\":{\"@id\":\"https:\\\/\\\/rutana.lt\\\/#\\\/schema\\\/logo\\\/image\\\/\"},\"sameAs\":[\"https:\\\/\\\/www.facebook.com\\\/RutanaKanceliarinesPrekes\\\/\"]}]}<\/script>\n<!-- \/ Yoast SEO plugin. -->","yoast_head_json":{"title":"Edukacinis \u017eaidimas vaikams \"DIY Pen Factory Kit I\" HD 35808-100 - Rutana - Ra\u0161tin\u0117s reikmenys","robots":{"index":"index","follow":"follow","max-snippet":"max-snippet:-1","max-image-preview":"max-image-preview:large","max-video-preview":"max-video-preview:-1"},"canonical":"https:\/\/rutana.lt\/en\/product\/edukacinis-zaidimas-vaikams-diy-pen-factory-kit-i-hd-35808-100\/","og_locale":"en_US","og_type":"article","og_title":"Edukacinis \u017eaidimas vaikams \"DIY Pen Factory Kit I\" HD 35808-100 - Rutana - Ra\u0161tin\u0117s reikmenys","og_description":"\u201ePasidaryk pats\u201c ra\u0161ikli\u0173 fabrikas yra idealus \u017eaislas vaikams, kurie m\u0117gsta pie\u0161ti ir spalvinti, nes leid\u017eia jiems patiems kurti ra\u0161iklius.","og_url":"https:\/\/rutana.lt\/en\/product\/edukacinis-zaidimas-vaikams-diy-pen-factory-kit-i-hd-35808-100\/","og_site_name":"Rutana - Ra\u0161tin\u0117s reikmenys","article_publisher":"https:\/\/www.facebook.com\/RutanaKanceliarinesPrekes\/","article_modified_time":"2026-01-16T06:28:14+00:00","og_image":[{"width":1000,"height":1000,"url":"https:\/\/rutana.lt\/wp-content\/uploads\/2025\/09\/B096-922-3.jpg?v=1763562908","type":"image\/jpeg"}],"twitter_card":"summary_large_image","twitter_misc":{"Est. reading time":"1 minute"},"schema":{"@context":"https:\/\/schema.org","@graph":[{"@type":"WebPage","@id":"https:\/\/rutana.lt\/produktas\/edukacinis-zaidimas-vaikams-diy-pen-factory-kit-i-hd-35808-100\/","url":"https:\/\/rutana.lt\/produktas\/edukacinis-zaidimas-vaikams-diy-pen-factory-kit-i-hd-35808-100\/","name":"Edukacinis \u017eaidimas vaikams \"DIY Pen Factory Kit I\" HD 35808-100 - Rutana - Ra\u0161tin\u0117s reikmenys","isPartOf":{"@id":"https:\/\/rutana.lt\/#website"},"primaryImageOfPage":{"@id":"https:\/\/rutana.lt\/produktas\/edukacinis-zaidimas-vaikams-diy-pen-factory-kit-i-hd-35808-100\/#primaryimage"},"image":{"@id":"https:\/\/rutana.lt\/produktas\/edukacinis-zaidimas-vaikams-diy-pen-factory-kit-i-hd-35808-100\/#primaryimage"},"thumbnailUrl":"https:\/\/rutana.lt\/wp-content\/uploads\/2025\/09\/B096-922-3.jpg?v=1763562908","datePublished":"2025-09-03T08:14:00+00:00","dateModified":"2026-01-16T06:28:14+00:00","breadcrumb":{"@id":"https:\/\/rutana.lt\/produktas\/edukacinis-zaidimas-vaikams-diy-pen-factory-kit-i-hd-35808-100\/#breadcrumb"},"inLanguage":"en-US","potentialAction":[{"@type":"ReadAction","target":["https:\/\/rutana.lt\/produktas\/edukacinis-zaidimas-vaikams-diy-pen-factory-kit-i-hd-35808-100\/"]}]},{"@type":"ImageObject","inLanguage":"en-US","@id":"https:\/\/rutana.lt\/produktas\/edukacinis-zaidimas-vaikams-diy-pen-factory-kit-i-hd-35808-100\/#primaryimage","url":"https:\/\/rutana.lt\/wp-content\/uploads\/2025\/09\/B096-922-3.jpg?v=1763562908","contentUrl":"https:\/\/rutana.lt\/wp-content\/uploads\/2025\/09\/B096-922-3.jpg?v=1763562908","width":1000,"height":1000},{"@type":"BreadcrumbList","@id":"https:\/\/rutana.lt\/produktas\/edukacinis-zaidimas-vaikams-diy-pen-factory-kit-i-hd-35808-100\/#breadcrumb","itemListElement":[{"@type":"ListItem","position":1,"name":"Home","item":"https:\/\/rutana.lt\/"},{"@type":"ListItem","position":2,"name":"Parduotuv\u0117","item":"https:\/\/rutana.lt\/parduotuve\/"},{"@type":"ListItem","position":3,"name":"Edukacinis \u017eaidimas vaikams &#8222;DIY Pen Factory Kit I&#8221; HD 35808-100"}]},{"@type":"WebSite","@id":"https:\/\/rutana.lt\/#website","url":"https:\/\/rutana.lt\/","name":"Rutana - Ra\u0161tin\u0117s reikmenys","description":"Prekiaujame pasaulin\u0117je rinkoje pripa\u017eintomis, kokybi\u0161komis biuro prek\u0117mis toki\u0173  gamintoj\u0173 kaip: Schneider, Esselte, Novus, 3M, Faber-Castell, Citizen, Milan, Leitz, Colop, Zebra, Staedtler, Durable, Tork, Parker, Waterman ir kt.","publisher":{"@id":"https:\/\/rutana.lt\/#organization"},"potentialAction":[{"@type":"SearchAction","target":{"@type":"EntryPoint","urlTemplate":"https:\/\/rutana.lt\/?s={search_term_string}"},"query-input":{"@type":"PropertyValueSpecification","valueRequired":true,"valueName":"search_term_string"}}],"inLanguage":"en-US"},{"@type":"Organization","@id":"https:\/\/rutana.lt\/#organization","name":"Rutana - Ra\u0161tin\u0117s reikmenys","url":"https:\/\/rutana.lt\/","logo":{"@type":"ImageObject","inLanguage":"en-US","@id":"https:\/\/rutana.lt\/#\/schema\/logo\/image\/","url":"https:\/\/rutana.lt\/wp-content\/uploads\/2025\/10\/Asset-32.png","contentUrl":"https:\/\/rutana.lt\/wp-content\/uploads\/2025\/10\/Asset-32.png","width":433,"height":119,"caption":"Rutana - Ra\u0161tin\u0117s reikmenys"},"image":{"@id":"https:\/\/rutana.lt\/#\/schema\/logo\/image\/"},"sameAs":["https:\/\/www.facebook.com\/RutanaKanceliarinesPrekes\/"]}]}},"_links":{"self":[{"href":"https:\/\/rutana.lt\/en\/wp-json\/wp\/v2\/product\/20562","targetHints":{"allow":["GET"]}}],"collection":[{"href":"https:\/\/rutana.lt\/en\/wp-json\/wp\/v2\/product"}],"about":[{"href":"https:\/\/rutana.lt\/en\/wp-json\/wp\/v2\/types\/product"}],"replies":[{"embeddable":true,"href":"https:\/\/rutana.lt\/en\/wp-json\/wp\/v2\/comments?post=20562"}],"version-history":[{"count":2,"href":"https:\/\/rutana.lt\/en\/wp-json\/wp\/v2\/product\/20562\/revisions"}],"predecessor-version":[{"id":34088,"href":"https:\/\/rutana.lt\/en\/wp-json\/wp\/v2\/product\/20562\/revisions\/34088"}],"wp:featuredmedia":[{"embeddable":true,"href":"https:\/\/rutana.lt\/en\/wp-json\/wp\/v2\/media\/30435"}],"wp:attachment":[{"href":"https:\/\/rutana.lt\/en\/wp-json\/wp\/v2\/media?parent=20562"}],"wp:term":[{"taxonomy":"product_brand","embeddable":true,"href":"https:\/\/rutana.lt\/en\/wp-json\/wp\/v2\/product_brand?post=20562"},{"taxonomy":"product_cat","embeddable":true,"href":"https:\/\/rutana.lt\/en\/wp-json\/wp\/v2\/product_cat?post=20562"},{"taxonomy":"product_tag","embeddable":true,"href":"https:\/\/rutana.lt\/en\/wp-json\/wp\/v2\/product_tag?post=20562"}],"curies":[{"name":"wp","href":"https:\/\/api.w.org\/{rel}","templated":true}]}}