{"id":20556,"date":"2025-09-03T10:14:00","date_gmt":"2025-09-03T08:14:00","guid":{"rendered":"https:\/\/rutana.webdemo.lt\/?post_type=product&#038;p=20556"},"modified":"2025-10-13T16:02:12","modified_gmt":"2025-10-13T14:02:12","slug":"gertuve-termosas-nerudijancio-plieno-500ml-buffon-melyna-hd-94078-114","status":"publish","type":"product","link":"https:\/\/rutana.lt\/en\/product\/gertuve-termosas-nerudijancio-plieno-500ml-buffon-melyna-hd-94078-114\/","title":{"rendered":"Gertuv\u0117 &#8211; termosas ner\u016bdijan\u010dio plieno 500ml &#8222;Buffon&#8221; m\u0117lyna HD 94078-114"},"content":{"rendered":"<p>Dvigubos sienel\u0117s ner\u016bdijan\u010dio plieno vakuuminis butelis su sandariu u\u017esukamu dangteliu. \u0160altus g\u0117rimus palaiko reikiamos temperat\u016bros iki 24 valand\u0173, kar\u0161tus &#8211; iki 8 valand\u0173. Tiekiamas dovan\u0173 d\u0117\u017eut\u0117je. <\/p>\n<p>Ant gertuv\u0117s galima u\u017ed\u0117ti reklamin\u012f \u012fmon\u0117s logotip\u0105 ar kitok\u012f u\u017era\u0161\u0105 jums pageidaujamoje vietoje bei j\u016bs\u0173 pasirinktu b\u016bdu. Kaina nurodyta tik gertuv\u0117s, be u\u017era\u0161o. U\u017era\u0161o kaina priklauso nuo u\u017esakomo kiekio ir u\u017ed\u0117jimo b\u016bdo. <\/p>\n<p>Matmenys: \u00f867 x 255 mm <\/p>\n<p>Talpa: 500 ml<\/p>\n<p>Spalva: Royal m\u0117lyna<\/p>\n<p>Svoris: 334 g<\/p>\n<p style=\"margin-bottom: 10px;\">U\u017era\u0161o u\u017ed\u0117jimo galimi b\u016bdai: \u0161ilkografija, UV spauda, lazeris<\/p>\n<p style=\"margin-bottom: 10px;\">U\u017era\u0161o u\u017ed\u0117jimo galimos vietos: ant korpuso, dangtelio<\/p>\n<div><br style=\"\"><\/div>\n<p><\/p>","protected":false},"excerpt":{"rendered":"<p>Dvigubos sienel\u0117s ner\u016bdijan\u010dio plieno vakuuminis butelis su sandariu u\u017esukamu dangteliu. \u0160altus g\u0117rimus palaiko reikiamos temperat\u016bros iki 24 valand\u0173, kar\u0161tus &#8211; iki 8 valand\u0173. Tiekiamas dovan\u0173 d\u0117\u017eut\u0117je. Ant gertuv\u0117s galima u\u017ed\u0117ti reklamin\u012f \u012fmon\u0117s logotip\u0105 ar kitok\u012f u\u017era\u0161\u0105 jums pageidaujamoje vietoje bei j\u016bs\u0173 pasirinktu b\u016bdu. Kaina nurodyta tik gertuv\u0117s, be u\u017era\u0161o. U\u017era\u0161o kaina priklauso nuo u\u017esakomo kiekio [&hellip;]<\/p>","protected":false},"featured_media":30429,"comment_status":"open","ping_status":"closed","template":"","meta":{"_season_start":"","_season_end":"","_season_days":"","_season_months":"","_season_auto_visibility":""},"product_brand":[868],"product_cat":[1717,1718],"product_tag":[],"class_list":{"0":"post-20556","1":"product","2":"type-product","3":"status-publish","4":"has-post-thumbnail","6":"product_brand-hd","7":"product_cat-termopuodukai","8":"product_cat-termosai","10":"first","11":"instock","12":"taxable","13":"shipping-taxable","14":"purchasable","15":"product-type-simple"},"yoast_head":"<!-- This site is optimized with the Yoast SEO plugin v27.4 - https:\/\/yoast.com\/product\/yoast-seo-wordpress\/ -->\n<title>Gertuv\u0117 - termosas ner\u016bdijan\u010dio plieno 500ml &quot;Buffon&quot; m\u0117lyna HD 94078-114 - Rutana - Ra\u0161tin\u0117s reikmenys<\/title>\n<meta name=\"robots\" content=\"index, follow, max-snippet:-1, max-image-preview:large, max-video-preview:-1\" \/>\n<link rel=\"canonical\" href=\"https:\/\/rutana.lt\/en\/product\/gertuve-termosas-nerudijancio-plieno-500ml-buffon-melyna-hd-94078-114\/\" \/>\n<meta property=\"og:locale\" content=\"en_US\" \/>\n<meta property=\"og:type\" content=\"article\" \/>\n<meta property=\"og:title\" content=\"Gertuv\u0117 - termosas ner\u016bdijan\u010dio plieno 500ml &quot;Buffon&quot; m\u0117lyna HD 94078-114 - Rutana - Ra\u0161tin\u0117s reikmenys\" \/>\n<meta property=\"og:description\" content=\"Dvigubos sienel\u0117s ner\u016bdijan\u010dio plieno vakuuminis butelis su sandariu u\u017esukamu dangteliu. \u0160altus g\u0117rimus palaiko reikiamos temperat\u016bros iki 24 valand\u0173, kar\u0161tus &#8211; iki 8 valand\u0173. Tiekiamas dovan\u0173 d\u0117\u017eut\u0117je. Ant gertuv\u0117s galima u\u017ed\u0117ti reklamin\u012f \u012fmon\u0117s logotip\u0105 ar kitok\u012f u\u017era\u0161\u0105 jums pageidaujamoje vietoje bei j\u016bs\u0173 pasirinktu b\u016bdu. Kaina nurodyta tik gertuv\u0117s, be u\u017era\u0161o. U\u017era\u0161o kaina priklauso nuo u\u017esakomo kiekio [&hellip;]\" \/>\n<meta property=\"og:url\" content=\"https:\/\/rutana.lt\/en\/product\/gertuve-termosas-nerudijancio-plieno-500ml-buffon-melyna-hd-94078-114\/\" \/>\n<meta property=\"og:site_name\" content=\"Rutana - Ra\u0161tin\u0117s reikmenys\" \/>\n<meta property=\"article:publisher\" content=\"https:\/\/www.facebook.com\/RutanaKanceliarinesPrekes\/\" \/>\n<meta property=\"article:modified_time\" content=\"2025-10-13T14:02:12+00:00\" \/>\n<meta property=\"og:image\" content=\"https:\/\/rutana.lt\/wp-content\/uploads\/2025\/09\/B096-324.jpg\" \/>\n\t<meta property=\"og:image:width\" content=\"1000\" \/>\n\t<meta property=\"og:image:height\" content=\"1000\" \/>\n\t<meta property=\"og:image:type\" content=\"image\/jpeg\" \/>\n<meta name=\"twitter:card\" content=\"summary_large_image\" \/>\n<meta name=\"twitter:label1\" content=\"Est. reading time\" \/>\n\t<meta name=\"twitter:data1\" content=\"1 minute\" \/>\n<script type=\"application\/ld+json\" class=\"yoast-schema-graph\">{\"@context\":\"https:\\\/\\\/schema.org\",\"@graph\":[{\"@type\":\"WebPage\",\"@id\":\"https:\\\/\\\/rutana.lt\\\/produktas\\\/gertuve-termosas-nerudijancio-plieno-500ml-buffon-melyna-hd-94078-114\\\/\",\"url\":\"https:\\\/\\\/rutana.lt\\\/produktas\\\/gertuve-termosas-nerudijancio-plieno-500ml-buffon-melyna-hd-94078-114\\\/\",\"name\":\"Gertuv\u0117 - termosas ner\u016bdijan\u010dio plieno 500ml \\\"Buffon\\\" m\u0117lyna HD 94078-114 - Rutana - Ra\u0161tin\u0117s reikmenys\",\"isPartOf\":{\"@id\":\"https:\\\/\\\/rutana.lt\\\/#website\"},\"primaryImageOfPage\":{\"@id\":\"https:\\\/\\\/rutana.lt\\\/produktas\\\/gertuve-termosas-nerudijancio-plieno-500ml-buffon-melyna-hd-94078-114\\\/#primaryimage\"},\"image\":{\"@id\":\"https:\\\/\\\/rutana.lt\\\/produktas\\\/gertuve-termosas-nerudijancio-plieno-500ml-buffon-melyna-hd-94078-114\\\/#primaryimage\"},\"thumbnailUrl\":\"https:\\\/\\\/rutana.lt\\\/wp-content\\\/uploads\\\/2025\\\/09\\\/B096-324-3.jpg?v=1763562919\",\"datePublished\":\"2025-09-03T08:14:00+00:00\",\"dateModified\":\"2025-10-13T14:02:12+00:00\",\"breadcrumb\":{\"@id\":\"https:\\\/\\\/rutana.lt\\\/produktas\\\/gertuve-termosas-nerudijancio-plieno-500ml-buffon-melyna-hd-94078-114\\\/#breadcrumb\"},\"inLanguage\":\"en-US\",\"potentialAction\":[{\"@type\":\"ReadAction\",\"target\":[\"https:\\\/\\\/rutana.lt\\\/produktas\\\/gertuve-termosas-nerudijancio-plieno-500ml-buffon-melyna-hd-94078-114\\\/\"]}]},{\"@type\":\"ImageObject\",\"inLanguage\":\"en-US\",\"@id\":\"https:\\\/\\\/rutana.lt\\\/produktas\\\/gertuve-termosas-nerudijancio-plieno-500ml-buffon-melyna-hd-94078-114\\\/#primaryimage\",\"url\":\"https:\\\/\\\/rutana.lt\\\/wp-content\\\/uploads\\\/2025\\\/09\\\/B096-324-3.jpg?v=1763562919\",\"contentUrl\":\"https:\\\/\\\/rutana.lt\\\/wp-content\\\/uploads\\\/2025\\\/09\\\/B096-324-3.jpg?v=1763562919\",\"width\":1000,\"height\":1000},{\"@type\":\"BreadcrumbList\",\"@id\":\"https:\\\/\\\/rutana.lt\\\/produktas\\\/gertuve-termosas-nerudijancio-plieno-500ml-buffon-melyna-hd-94078-114\\\/#breadcrumb\",\"itemListElement\":[{\"@type\":\"ListItem\",\"position\":1,\"name\":\"Home\",\"item\":\"https:\\\/\\\/rutana.lt\\\/\"},{\"@type\":\"ListItem\",\"position\":2,\"name\":\"Parduotuv\u0117\",\"item\":\"https:\\\/\\\/rutana.lt\\\/parduotuve\\\/\"},{\"@type\":\"ListItem\",\"position\":3,\"name\":\"Gertuv\u0117 &#8211; termosas ner\u016bdijan\u010dio plieno 500ml &#8222;Buffon&#8221; m\u0117lyna HD 94078-114\"}]},{\"@type\":\"WebSite\",\"@id\":\"https:\\\/\\\/rutana.lt\\\/#website\",\"url\":\"https:\\\/\\\/rutana.lt\\\/\",\"name\":\"Rutana - Ra\u0161tin\u0117s reikmenys\",\"description\":\"Prekiaujame pasaulin\u0117je rinkoje pripa\u017eintomis, kokybi\u0161komis biuro prek\u0117mis toki\u0173  gamintoj\u0173 kaip: Schneider, Esselte, Novus, 3M, Faber-Castell, Citizen, Milan, Leitz, Colop, Zebra, Staedtler, Durable, Tork, Parker, Waterman ir kt.\",\"publisher\":{\"@id\":\"https:\\\/\\\/rutana.lt\\\/#organization\"},\"potentialAction\":[{\"@type\":\"SearchAction\",\"target\":{\"@type\":\"EntryPoint\",\"urlTemplate\":\"https:\\\/\\\/rutana.lt\\\/?s={search_term_string}\"},\"query-input\":{\"@type\":\"PropertyValueSpecification\",\"valueRequired\":true,\"valueName\":\"search_term_string\"}}],\"inLanguage\":\"en-US\"},{\"@type\":\"Organization\",\"@id\":\"https:\\\/\\\/rutana.lt\\\/#organization\",\"name\":\"Rutana - Ra\u0161tin\u0117s reikmenys\",\"url\":\"https:\\\/\\\/rutana.lt\\\/\",\"logo\":{\"@type\":\"ImageObject\",\"inLanguage\":\"en-US\",\"@id\":\"https:\\\/\\\/rutana.lt\\\/#\\\/schema\\\/logo\\\/image\\\/\",\"url\":\"https:\\\/\\\/rutana.lt\\\/wp-content\\\/uploads\\\/2025\\\/10\\\/Asset-32.png\",\"contentUrl\":\"https:\\\/\\\/rutana.lt\\\/wp-content\\\/uploads\\\/2025\\\/10\\\/Asset-32.png\",\"width\":433,\"height\":119,\"caption\":\"Rutana - Ra\u0161tin\u0117s reikmenys\"},\"image\":{\"@id\":\"https:\\\/\\\/rutana.lt\\\/#\\\/schema\\\/logo\\\/image\\\/\"},\"sameAs\":[\"https:\\\/\\\/www.facebook.com\\\/RutanaKanceliarinesPrekes\\\/\"]}]}<\/script>\n<!-- \/ Yoast SEO plugin. -->","yoast_head_json":{"title":"Gertuv\u0117 - termosas ner\u016bdijan\u010dio plieno 500ml \"Buffon\" m\u0117lyna HD 94078-114 - Rutana - Ra\u0161tin\u0117s reikmenys","robots":{"index":"index","follow":"follow","max-snippet":"max-snippet:-1","max-image-preview":"max-image-preview:large","max-video-preview":"max-video-preview:-1"},"canonical":"https:\/\/rutana.lt\/en\/product\/gertuve-termosas-nerudijancio-plieno-500ml-buffon-melyna-hd-94078-114\/","og_locale":"en_US","og_type":"article","og_title":"Gertuv\u0117 - termosas ner\u016bdijan\u010dio plieno 500ml \"Buffon\" m\u0117lyna HD 94078-114 - Rutana - Ra\u0161tin\u0117s reikmenys","og_description":"Dvigubos sienel\u0117s ner\u016bdijan\u010dio plieno vakuuminis butelis su sandariu u\u017esukamu dangteliu. \u0160altus g\u0117rimus palaiko reikiamos temperat\u016bros iki 24 valand\u0173, kar\u0161tus &#8211; iki 8 valand\u0173. Tiekiamas dovan\u0173 d\u0117\u017eut\u0117je. Ant gertuv\u0117s galima u\u017ed\u0117ti reklamin\u012f \u012fmon\u0117s logotip\u0105 ar kitok\u012f u\u017era\u0161\u0105 jums pageidaujamoje vietoje bei j\u016bs\u0173 pasirinktu b\u016bdu. Kaina nurodyta tik gertuv\u0117s, be u\u017era\u0161o. U\u017era\u0161o kaina priklauso nuo u\u017esakomo kiekio [&hellip;]","og_url":"https:\/\/rutana.lt\/en\/product\/gertuve-termosas-nerudijancio-plieno-500ml-buffon-melyna-hd-94078-114\/","og_site_name":"Rutana - Ra\u0161tin\u0117s reikmenys","article_publisher":"https:\/\/www.facebook.com\/RutanaKanceliarinesPrekes\/","article_modified_time":"2025-10-13T14:02:12+00:00","og_image":[{"width":1000,"height":1000,"url":"https:\/\/rutana.lt\/wp-content\/uploads\/2025\/09\/B096-324.jpg","type":"image\/jpeg"}],"twitter_card":"summary_large_image","twitter_misc":{"Est. reading time":"1 minute"},"schema":{"@context":"https:\/\/schema.org","@graph":[{"@type":"WebPage","@id":"https:\/\/rutana.lt\/produktas\/gertuve-termosas-nerudijancio-plieno-500ml-buffon-melyna-hd-94078-114\/","url":"https:\/\/rutana.lt\/produktas\/gertuve-termosas-nerudijancio-plieno-500ml-buffon-melyna-hd-94078-114\/","name":"Gertuv\u0117 - termosas ner\u016bdijan\u010dio plieno 500ml \"Buffon\" m\u0117lyna HD 94078-114 - Rutana - Ra\u0161tin\u0117s reikmenys","isPartOf":{"@id":"https:\/\/rutana.lt\/#website"},"primaryImageOfPage":{"@id":"https:\/\/rutana.lt\/produktas\/gertuve-termosas-nerudijancio-plieno-500ml-buffon-melyna-hd-94078-114\/#primaryimage"},"image":{"@id":"https:\/\/rutana.lt\/produktas\/gertuve-termosas-nerudijancio-plieno-500ml-buffon-melyna-hd-94078-114\/#primaryimage"},"thumbnailUrl":"https:\/\/rutana.lt\/wp-content\/uploads\/2025\/09\/B096-324-3.jpg?v=1763562919","datePublished":"2025-09-03T08:14:00+00:00","dateModified":"2025-10-13T14:02:12+00:00","breadcrumb":{"@id":"https:\/\/rutana.lt\/produktas\/gertuve-termosas-nerudijancio-plieno-500ml-buffon-melyna-hd-94078-114\/#breadcrumb"},"inLanguage":"en-US","potentialAction":[{"@type":"ReadAction","target":["https:\/\/rutana.lt\/produktas\/gertuve-termosas-nerudijancio-plieno-500ml-buffon-melyna-hd-94078-114\/"]}]},{"@type":"ImageObject","inLanguage":"en-US","@id":"https:\/\/rutana.lt\/produktas\/gertuve-termosas-nerudijancio-plieno-500ml-buffon-melyna-hd-94078-114\/#primaryimage","url":"https:\/\/rutana.lt\/wp-content\/uploads\/2025\/09\/B096-324-3.jpg?v=1763562919","contentUrl":"https:\/\/rutana.lt\/wp-content\/uploads\/2025\/09\/B096-324-3.jpg?v=1763562919","width":1000,"height":1000},{"@type":"BreadcrumbList","@id":"https:\/\/rutana.lt\/produktas\/gertuve-termosas-nerudijancio-plieno-500ml-buffon-melyna-hd-94078-114\/#breadcrumb","itemListElement":[{"@type":"ListItem","position":1,"name":"Home","item":"https:\/\/rutana.lt\/"},{"@type":"ListItem","position":2,"name":"Parduotuv\u0117","item":"https:\/\/rutana.lt\/parduotuve\/"},{"@type":"ListItem","position":3,"name":"Gertuv\u0117 &#8211; termosas ner\u016bdijan\u010dio plieno 500ml &#8222;Buffon&#8221; m\u0117lyna HD 94078-114"}]},{"@type":"WebSite","@id":"https:\/\/rutana.lt\/#website","url":"https:\/\/rutana.lt\/","name":"Rutana - Ra\u0161tin\u0117s reikmenys","description":"Prekiaujame pasaulin\u0117je rinkoje pripa\u017eintomis, kokybi\u0161komis biuro prek\u0117mis toki\u0173  gamintoj\u0173 kaip: Schneider, Esselte, Novus, 3M, Faber-Castell, Citizen, Milan, Leitz, Colop, Zebra, Staedtler, Durable, Tork, Parker, Waterman ir kt.","publisher":{"@id":"https:\/\/rutana.lt\/#organization"},"potentialAction":[{"@type":"SearchAction","target":{"@type":"EntryPoint","urlTemplate":"https:\/\/rutana.lt\/?s={search_term_string}"},"query-input":{"@type":"PropertyValueSpecification","valueRequired":true,"valueName":"search_term_string"}}],"inLanguage":"en-US"},{"@type":"Organization","@id":"https:\/\/rutana.lt\/#organization","name":"Rutana - Ra\u0161tin\u0117s reikmenys","url":"https:\/\/rutana.lt\/","logo":{"@type":"ImageObject","inLanguage":"en-US","@id":"https:\/\/rutana.lt\/#\/schema\/logo\/image\/","url":"https:\/\/rutana.lt\/wp-content\/uploads\/2025\/10\/Asset-32.png","contentUrl":"https:\/\/rutana.lt\/wp-content\/uploads\/2025\/10\/Asset-32.png","width":433,"height":119,"caption":"Rutana - Ra\u0161tin\u0117s reikmenys"},"image":{"@id":"https:\/\/rutana.lt\/#\/schema\/logo\/image\/"},"sameAs":["https:\/\/www.facebook.com\/RutanaKanceliarinesPrekes\/"]}]}},"_links":{"self":[{"href":"https:\/\/rutana.lt\/en\/wp-json\/wp\/v2\/product\/20556","targetHints":{"allow":["GET"]}}],"collection":[{"href":"https:\/\/rutana.lt\/en\/wp-json\/wp\/v2\/product"}],"about":[{"href":"https:\/\/rutana.lt\/en\/wp-json\/wp\/v2\/types\/product"}],"replies":[{"embeddable":true,"href":"https:\/\/rutana.lt\/en\/wp-json\/wp\/v2\/comments?post=20556"}],"version-history":[{"count":1,"href":"https:\/\/rutana.lt\/en\/wp-json\/wp\/v2\/product\/20556\/revisions"}],"predecessor-version":[{"id":20589,"href":"https:\/\/rutana.lt\/en\/wp-json\/wp\/v2\/product\/20556\/revisions\/20589"}],"wp:featuredmedia":[{"embeddable":true,"href":"https:\/\/rutana.lt\/en\/wp-json\/wp\/v2\/media\/30429"}],"wp:attachment":[{"href":"https:\/\/rutana.lt\/en\/wp-json\/wp\/v2\/media?parent=20556"}],"wp:term":[{"taxonomy":"product_brand","embeddable":true,"href":"https:\/\/rutana.lt\/en\/wp-json\/wp\/v2\/product_brand?post=20556"},{"taxonomy":"product_cat","embeddable":true,"href":"https:\/\/rutana.lt\/en\/wp-json\/wp\/v2\/product_cat?post=20556"},{"taxonomy":"product_tag","embeddable":true,"href":"https:\/\/rutana.lt\/en\/wp-json\/wp\/v2\/product_tag?post=20556"}],"curies":[{"name":"wp","href":"https:\/\/api.w.org\/{rel}","templated":true}]}}