{"id":20512,"date":"2025-09-03T10:13:37","date_gmt":"2025-09-03T08:13:37","guid":{"rendered":"https:\/\/rutana.webdemo.lt\/?post_type=product&#038;p=20512"},"modified":"2025-10-13T16:02:07","modified_gmt":"2025-10-13T14:02:07","slug":"teptuku-rinkinys-akvarelei-5-vnt-nr-0-4-6-8-12-serija-101-milan-bwm10461","status":"publish","type":"product","link":"https:\/\/rutana.lt\/en\/product\/teptuku-rinkinys-akvarelei-5-vnt-nr-0-4-6-8-12-serija-101-milan-bwm10461\/","title":{"rendered":"Teptuk\u0173 rinkinys akvarelei 5 vnt. (Nr.0, 4, 6, 8, 12) serija 101 Milan BWM10461"},"content":{"rendered":"<p>Apvalus teptukas mediniu kotu. Rudai lakuota apdaila ir aliuminio antgalis. Plauko sud\u0117tis: 70 % nat\u016bralaus o\u017ekos plauko + 30 % sintetikos. Tinka akvarelei, vandens pagrindo technikoms ir plakat\u0173 da\u017eams.<\/p>\n<p>Teptuk\u0173 kiekis rinkinyje: 5<\/p>\n<p>Teptuko plauko numeris: ( Nr. 0, Nr. 4, Nr. 6, Nr. 8, Nr. 12 )<\/p>\n<p>Modelio serija: 101<\/p>\n<p>Kilm\u0117s \u0161alis: Ispanija<\/p>","protected":false},"excerpt":{"rendered":"<p>Apvalus teptukas mediniu kotu. Rudai lakuota apdaila ir aliuminio antgalis. Plauko sud\u0117tis: 70 % nat\u016bralaus o\u017ekos plauko + 30 % sintetikos. Tinka akvarelei, vandens pagrindo technikoms ir plakat\u0173 da\u017eams. Teptuk\u0173 kiekis rinkinyje: 5 Teptuko plauko numeris: ( Nr. 0, Nr. 4, Nr. 6, Nr. 8, Nr. 12 ) Modelio serija: 101 Kilm\u0117s \u0161alis: Ispanija<\/p>","protected":false},"featured_media":30418,"comment_status":"open","ping_status":"closed","template":"","meta":{"_season_start":"","_season_end":"","_season_days":"","_season_months":"","_season_auto_visibility":""},"product_brand":[200],"product_cat":[1869],"product_tag":[],"class_list":{"0":"post-20512","1":"product","2":"type-product","3":"status-publish","4":"has-post-thumbnail","6":"product_brand-milan","7":"product_cat-teptukai-akvarelei","9":"first","10":"instock","11":"taxable","12":"shipping-taxable","13":"purchasable","14":"product-type-simple"},"yoast_head":"<!-- This site is optimized with the Yoast SEO plugin v27.4 - https:\/\/yoast.com\/product\/yoast-seo-wordpress\/ -->\n<title>Teptuk\u0173 rinkinys akvarelei 5 vnt. (Nr.0, 4, 6, 8, 12) serija 101 Milan BWM10461 - Rutana - Ra\u0161tin\u0117s reikmenys<\/title>\n<meta name=\"robots\" content=\"index, follow, max-snippet:-1, max-image-preview:large, max-video-preview:-1\" \/>\n<link rel=\"canonical\" href=\"https:\/\/rutana.lt\/en\/product\/teptuku-rinkinys-akvarelei-5-vnt-nr-0-4-6-8-12-serija-101-milan-bwm10461\/\" \/>\n<meta property=\"og:locale\" content=\"en_US\" \/>\n<meta property=\"og:type\" content=\"article\" \/>\n<meta property=\"og:title\" content=\"Teptuk\u0173 rinkinys akvarelei 5 vnt. (Nr.0, 4, 6, 8, 12) serija 101 Milan BWM10461 - Rutana - Ra\u0161tin\u0117s reikmenys\" \/>\n<meta property=\"og:description\" content=\"Apvalus teptukas mediniu kotu. Rudai lakuota apdaila ir aliuminio antgalis. Plauko sud\u0117tis: 70 % nat\u016bralaus o\u017ekos plauko + 30 % sintetikos. Tinka akvarelei, vandens pagrindo technikoms ir plakat\u0173 da\u017eams. Teptuk\u0173 kiekis rinkinyje: 5 Teptuko plauko numeris: ( Nr. 0, Nr. 4, Nr. 6, Nr. 8, Nr. 12 ) Modelio serija: 101 Kilm\u0117s \u0161alis: Ispanija\" \/>\n<meta property=\"og:url\" content=\"https:\/\/rutana.lt\/en\/product\/teptuku-rinkinys-akvarelei-5-vnt-nr-0-4-6-8-12-serija-101-milan-bwm10461\/\" \/>\n<meta property=\"og:site_name\" content=\"Rutana - Ra\u0161tin\u0117s reikmenys\" \/>\n<meta property=\"article:publisher\" content=\"https:\/\/www.facebook.com\/RutanaKanceliarinesPrekes\/\" \/>\n<meta property=\"article:modified_time\" content=\"2025-10-13T14:02:07+00:00\" \/>\n<meta property=\"og:image\" content=\"https:\/\/rutana.lt\/wp-content\/uploads\/2025\/09\/D034-929.jpg\" \/>\n\t<meta property=\"og:image:width\" content=\"600\" \/>\n\t<meta property=\"og:image:height\" content=\"600\" \/>\n\t<meta property=\"og:image:type\" content=\"image\/jpeg\" \/>\n<meta name=\"twitter:card\" content=\"summary_large_image\" \/>\n<script type=\"application\/ld+json\" class=\"yoast-schema-graph\">{\"@context\":\"https:\\\/\\\/schema.org\",\"@graph\":[{\"@type\":\"WebPage\",\"@id\":\"https:\\\/\\\/rutana.lt\\\/produktas\\\/teptuku-rinkinys-akvarelei-5-vnt-nr-0-4-6-8-12-serija-101-milan-bwm10461\\\/\",\"url\":\"https:\\\/\\\/rutana.lt\\\/produktas\\\/teptuku-rinkinys-akvarelei-5-vnt-nr-0-4-6-8-12-serija-101-milan-bwm10461\\\/\",\"name\":\"Teptuk\u0173 rinkinys akvarelei 5 vnt. (Nr.0, 4, 6, 8, 12) serija 101 Milan BWM10461 - Rutana - Ra\u0161tin\u0117s reikmenys\",\"isPartOf\":{\"@id\":\"https:\\\/\\\/rutana.lt\\\/#website\"},\"primaryImageOfPage\":{\"@id\":\"https:\\\/\\\/rutana.lt\\\/produktas\\\/teptuku-rinkinys-akvarelei-5-vnt-nr-0-4-6-8-12-serija-101-milan-bwm10461\\\/#primaryimage\"},\"image\":{\"@id\":\"https:\\\/\\\/rutana.lt\\\/produktas\\\/teptuku-rinkinys-akvarelei-5-vnt-nr-0-4-6-8-12-serija-101-milan-bwm10461\\\/#primaryimage\"},\"thumbnailUrl\":\"https:\\\/\\\/rutana.lt\\\/wp-content\\\/uploads\\\/2025\\\/09\\\/D034-929-2.jpg?v=1763562935\",\"datePublished\":\"2025-09-03T08:13:37+00:00\",\"dateModified\":\"2025-10-13T14:02:07+00:00\",\"breadcrumb\":{\"@id\":\"https:\\\/\\\/rutana.lt\\\/produktas\\\/teptuku-rinkinys-akvarelei-5-vnt-nr-0-4-6-8-12-serija-101-milan-bwm10461\\\/#breadcrumb\"},\"inLanguage\":\"en-US\",\"potentialAction\":[{\"@type\":\"ReadAction\",\"target\":[\"https:\\\/\\\/rutana.lt\\\/produktas\\\/teptuku-rinkinys-akvarelei-5-vnt-nr-0-4-6-8-12-serija-101-milan-bwm10461\\\/\"]}]},{\"@type\":\"ImageObject\",\"inLanguage\":\"en-US\",\"@id\":\"https:\\\/\\\/rutana.lt\\\/produktas\\\/teptuku-rinkinys-akvarelei-5-vnt-nr-0-4-6-8-12-serija-101-milan-bwm10461\\\/#primaryimage\",\"url\":\"https:\\\/\\\/rutana.lt\\\/wp-content\\\/uploads\\\/2025\\\/09\\\/D034-929-2.jpg?v=1763562935\",\"contentUrl\":\"https:\\\/\\\/rutana.lt\\\/wp-content\\\/uploads\\\/2025\\\/09\\\/D034-929-2.jpg?v=1763562935\",\"width\":600,\"height\":600},{\"@type\":\"BreadcrumbList\",\"@id\":\"https:\\\/\\\/rutana.lt\\\/produktas\\\/teptuku-rinkinys-akvarelei-5-vnt-nr-0-4-6-8-12-serija-101-milan-bwm10461\\\/#breadcrumb\",\"itemListElement\":[{\"@type\":\"ListItem\",\"position\":1,\"name\":\"Home\",\"item\":\"https:\\\/\\\/rutana.lt\\\/\"},{\"@type\":\"ListItem\",\"position\":2,\"name\":\"Parduotuv\u0117\",\"item\":\"https:\\\/\\\/rutana.lt\\\/parduotuve\\\/\"},{\"@type\":\"ListItem\",\"position\":3,\"name\":\"Teptuk\u0173 rinkinys akvarelei 5 vnt. (Nr.0, 4, 6, 8, 12) serija 101 Milan BWM10461\"}]},{\"@type\":\"WebSite\",\"@id\":\"https:\\\/\\\/rutana.lt\\\/#website\",\"url\":\"https:\\\/\\\/rutana.lt\\\/\",\"name\":\"Rutana - Ra\u0161tin\u0117s reikmenys\",\"description\":\"Prekiaujame pasaulin\u0117je rinkoje pripa\u017eintomis, kokybi\u0161komis biuro prek\u0117mis toki\u0173  gamintoj\u0173 kaip: Schneider, Esselte, Novus, 3M, Faber-Castell, Citizen, Milan, Leitz, Colop, Zebra, Staedtler, Durable, Tork, Parker, Waterman ir kt.\",\"publisher\":{\"@id\":\"https:\\\/\\\/rutana.lt\\\/#organization\"},\"potentialAction\":[{\"@type\":\"SearchAction\",\"target\":{\"@type\":\"EntryPoint\",\"urlTemplate\":\"https:\\\/\\\/rutana.lt\\\/?s={search_term_string}\"},\"query-input\":{\"@type\":\"PropertyValueSpecification\",\"valueRequired\":true,\"valueName\":\"search_term_string\"}}],\"inLanguage\":\"en-US\"},{\"@type\":\"Organization\",\"@id\":\"https:\\\/\\\/rutana.lt\\\/#organization\",\"name\":\"Rutana - Ra\u0161tin\u0117s reikmenys\",\"url\":\"https:\\\/\\\/rutana.lt\\\/\",\"logo\":{\"@type\":\"ImageObject\",\"inLanguage\":\"en-US\",\"@id\":\"https:\\\/\\\/rutana.lt\\\/#\\\/schema\\\/logo\\\/image\\\/\",\"url\":\"https:\\\/\\\/rutana.lt\\\/wp-content\\\/uploads\\\/2025\\\/10\\\/Asset-32.png\",\"contentUrl\":\"https:\\\/\\\/rutana.lt\\\/wp-content\\\/uploads\\\/2025\\\/10\\\/Asset-32.png\",\"width\":433,\"height\":119,\"caption\":\"Rutana - Ra\u0161tin\u0117s reikmenys\"},\"image\":{\"@id\":\"https:\\\/\\\/rutana.lt\\\/#\\\/schema\\\/logo\\\/image\\\/\"},\"sameAs\":[\"https:\\\/\\\/www.facebook.com\\\/RutanaKanceliarinesPrekes\\\/\"]}]}<\/script>\n<!-- \/ Yoast SEO plugin. -->","yoast_head_json":{"title":"Teptuk\u0173 rinkinys akvarelei 5 vnt. (Nr.0, 4, 6, 8, 12) serija 101 Milan BWM10461 - Rutana - Ra\u0161tin\u0117s reikmenys","robots":{"index":"index","follow":"follow","max-snippet":"max-snippet:-1","max-image-preview":"max-image-preview:large","max-video-preview":"max-video-preview:-1"},"canonical":"https:\/\/rutana.lt\/en\/product\/teptuku-rinkinys-akvarelei-5-vnt-nr-0-4-6-8-12-serija-101-milan-bwm10461\/","og_locale":"en_US","og_type":"article","og_title":"Teptuk\u0173 rinkinys akvarelei 5 vnt. (Nr.0, 4, 6, 8, 12) serija 101 Milan BWM10461 - Rutana - Ra\u0161tin\u0117s reikmenys","og_description":"Apvalus teptukas mediniu kotu. Rudai lakuota apdaila ir aliuminio antgalis. Plauko sud\u0117tis: 70 % nat\u016bralaus o\u017ekos plauko + 30 % sintetikos. Tinka akvarelei, vandens pagrindo technikoms ir plakat\u0173 da\u017eams. Teptuk\u0173 kiekis rinkinyje: 5 Teptuko plauko numeris: ( Nr. 0, Nr. 4, Nr. 6, Nr. 8, Nr. 12 ) Modelio serija: 101 Kilm\u0117s \u0161alis: Ispanija","og_url":"https:\/\/rutana.lt\/en\/product\/teptuku-rinkinys-akvarelei-5-vnt-nr-0-4-6-8-12-serija-101-milan-bwm10461\/","og_site_name":"Rutana - Ra\u0161tin\u0117s reikmenys","article_publisher":"https:\/\/www.facebook.com\/RutanaKanceliarinesPrekes\/","article_modified_time":"2025-10-13T14:02:07+00:00","og_image":[{"width":600,"height":600,"url":"https:\/\/rutana.lt\/wp-content\/uploads\/2025\/09\/D034-929.jpg","type":"image\/jpeg"}],"twitter_card":"summary_large_image","schema":{"@context":"https:\/\/schema.org","@graph":[{"@type":"WebPage","@id":"https:\/\/rutana.lt\/produktas\/teptuku-rinkinys-akvarelei-5-vnt-nr-0-4-6-8-12-serija-101-milan-bwm10461\/","url":"https:\/\/rutana.lt\/produktas\/teptuku-rinkinys-akvarelei-5-vnt-nr-0-4-6-8-12-serija-101-milan-bwm10461\/","name":"Teptuk\u0173 rinkinys akvarelei 5 vnt. (Nr.0, 4, 6, 8, 12) serija 101 Milan BWM10461 - Rutana - Ra\u0161tin\u0117s reikmenys","isPartOf":{"@id":"https:\/\/rutana.lt\/#website"},"primaryImageOfPage":{"@id":"https:\/\/rutana.lt\/produktas\/teptuku-rinkinys-akvarelei-5-vnt-nr-0-4-6-8-12-serija-101-milan-bwm10461\/#primaryimage"},"image":{"@id":"https:\/\/rutana.lt\/produktas\/teptuku-rinkinys-akvarelei-5-vnt-nr-0-4-6-8-12-serija-101-milan-bwm10461\/#primaryimage"},"thumbnailUrl":"https:\/\/rutana.lt\/wp-content\/uploads\/2025\/09\/D034-929-2.jpg?v=1763562935","datePublished":"2025-09-03T08:13:37+00:00","dateModified":"2025-10-13T14:02:07+00:00","breadcrumb":{"@id":"https:\/\/rutana.lt\/produktas\/teptuku-rinkinys-akvarelei-5-vnt-nr-0-4-6-8-12-serija-101-milan-bwm10461\/#breadcrumb"},"inLanguage":"en-US","potentialAction":[{"@type":"ReadAction","target":["https:\/\/rutana.lt\/produktas\/teptuku-rinkinys-akvarelei-5-vnt-nr-0-4-6-8-12-serija-101-milan-bwm10461\/"]}]},{"@type":"ImageObject","inLanguage":"en-US","@id":"https:\/\/rutana.lt\/produktas\/teptuku-rinkinys-akvarelei-5-vnt-nr-0-4-6-8-12-serija-101-milan-bwm10461\/#primaryimage","url":"https:\/\/rutana.lt\/wp-content\/uploads\/2025\/09\/D034-929-2.jpg?v=1763562935","contentUrl":"https:\/\/rutana.lt\/wp-content\/uploads\/2025\/09\/D034-929-2.jpg?v=1763562935","width":600,"height":600},{"@type":"BreadcrumbList","@id":"https:\/\/rutana.lt\/produktas\/teptuku-rinkinys-akvarelei-5-vnt-nr-0-4-6-8-12-serija-101-milan-bwm10461\/#breadcrumb","itemListElement":[{"@type":"ListItem","position":1,"name":"Home","item":"https:\/\/rutana.lt\/"},{"@type":"ListItem","position":2,"name":"Parduotuv\u0117","item":"https:\/\/rutana.lt\/parduotuve\/"},{"@type":"ListItem","position":3,"name":"Teptuk\u0173 rinkinys akvarelei 5 vnt. (Nr.0, 4, 6, 8, 12) serija 101 Milan BWM10461"}]},{"@type":"WebSite","@id":"https:\/\/rutana.lt\/#website","url":"https:\/\/rutana.lt\/","name":"Rutana - Ra\u0161tin\u0117s reikmenys","description":"Prekiaujame pasaulin\u0117je rinkoje pripa\u017eintomis, kokybi\u0161komis biuro prek\u0117mis toki\u0173  gamintoj\u0173 kaip: Schneider, Esselte, Novus, 3M, Faber-Castell, Citizen, Milan, Leitz, Colop, Zebra, Staedtler, Durable, Tork, Parker, Waterman ir kt.","publisher":{"@id":"https:\/\/rutana.lt\/#organization"},"potentialAction":[{"@type":"SearchAction","target":{"@type":"EntryPoint","urlTemplate":"https:\/\/rutana.lt\/?s={search_term_string}"},"query-input":{"@type":"PropertyValueSpecification","valueRequired":true,"valueName":"search_term_string"}}],"inLanguage":"en-US"},{"@type":"Organization","@id":"https:\/\/rutana.lt\/#organization","name":"Rutana - Ra\u0161tin\u0117s reikmenys","url":"https:\/\/rutana.lt\/","logo":{"@type":"ImageObject","inLanguage":"en-US","@id":"https:\/\/rutana.lt\/#\/schema\/logo\/image\/","url":"https:\/\/rutana.lt\/wp-content\/uploads\/2025\/10\/Asset-32.png","contentUrl":"https:\/\/rutana.lt\/wp-content\/uploads\/2025\/10\/Asset-32.png","width":433,"height":119,"caption":"Rutana - Ra\u0161tin\u0117s reikmenys"},"image":{"@id":"https:\/\/rutana.lt\/#\/schema\/logo\/image\/"},"sameAs":["https:\/\/www.facebook.com\/RutanaKanceliarinesPrekes\/"]}]}},"_links":{"self":[{"href":"https:\/\/rutana.lt\/en\/wp-json\/wp\/v2\/product\/20512","targetHints":{"allow":["GET"]}}],"collection":[{"href":"https:\/\/rutana.lt\/en\/wp-json\/wp\/v2\/product"}],"about":[{"href":"https:\/\/rutana.lt\/en\/wp-json\/wp\/v2\/types\/product"}],"replies":[{"embeddable":true,"href":"https:\/\/rutana.lt\/en\/wp-json\/wp\/v2\/comments?post=20512"}],"version-history":[{"count":1,"href":"https:\/\/rutana.lt\/en\/wp-json\/wp\/v2\/product\/20512\/revisions"}],"predecessor-version":[{"id":20567,"href":"https:\/\/rutana.lt\/en\/wp-json\/wp\/v2\/product\/20512\/revisions\/20567"}],"wp:featuredmedia":[{"embeddable":true,"href":"https:\/\/rutana.lt\/en\/wp-json\/wp\/v2\/media\/30418"}],"wp:attachment":[{"href":"https:\/\/rutana.lt\/en\/wp-json\/wp\/v2\/media?parent=20512"}],"wp:term":[{"taxonomy":"product_brand","embeddable":true,"href":"https:\/\/rutana.lt\/en\/wp-json\/wp\/v2\/product_brand?post=20512"},{"taxonomy":"product_cat","embeddable":true,"href":"https:\/\/rutana.lt\/en\/wp-json\/wp\/v2\/product_cat?post=20512"},{"taxonomy":"product_tag","embeddable":true,"href":"https:\/\/rutana.lt\/en\/wp-json\/wp\/v2\/product_tag?post=20512"}],"curies":[{"name":"wp","href":"https:\/\/api.w.org\/{rel}","templated":true}]}}