{"id":20511,"date":"2025-09-03T10:13:37","date_gmt":"2025-09-03T08:13:37","guid":{"rendered":"https:\/\/rutana.webdemo.lt\/?post_type=product&#038;p=20511"},"modified":"2025-10-13T16:02:06","modified_gmt":"2025-10-13T14:02:06","slug":"spalvoti-piestukai-48-spalvu-metalineje-dezuteje-milan-0726148","status":"publish","type":"product","link":"https:\/\/rutana.lt\/en\/product\/spalvoti-piestukai-48-spalvu-metalineje-dezuteje-milan-0726148\/","title":{"rendered":"Spalvoti pie\u0161tukai 48 spalv\u0173 metalin\u0117je d\u0117\u017eut\u0117je Milan 0726148"},"content":{"rendered":"<\/p>\n<ul style=\"list-style-image: url(\"ul.gif\"); list-style-type: circle; margin-bottom: 10px; margin-left: 18px; margin-top: 3px; line-height: 14pt; padding: 0px; color: rgb(74, 76, 63); font-family: arial; font-size: 13.3333px; font-style: normal; font-variant-ligatures: font-variant-caps: font-weight: 400; letter-spacing: orphans: 2; text-align: left; text-indent: text-transform: none; white-space: widows: word-spacing: -webkit-text-stroke-width: background-color: rgb(255, 255, 255); text-decoration-thickness: initial; text-decoration-style: text-decoration-color: initial;\"><\/ul>\n<\/p>\n<p style=\"margin: 0px; padding: 0px; text-decoration-thickness: initial; text-decoration-style: initial; text-decoration-color: initial;\">Spalvoti pie\u0161tukai su storomis, 3.5 mm skersmens \u0161erdemis. \u0160e\u0161iakamp\u0117 korpuso forma. Grafitas tolygiai pie\u0161ia ir yra atsparus l\u016b\u017eiams d\u0117l LPS ( \u0161vino apsaugos sistemos ), kuri sustiprina \u0161erd\u012f, prilipdydama j\u012f prie medienos. Mediena gaunama i\u0161 tvariai auginam\u0173 mi\u0161k\u0173. Nat\u016bralaus med\u017eio apdaila. Kiekviena spalva turi savo pavadinim\u0105. Metalin\u0117 d\u0117\u017eut\u0117 ne tik apsaugo pie\u0161tukus, bet ir solid\u017eiai atrodanti dovana jaunajam dailininkui.<\/p>\n<p style=\"margin: 0px; padding: 0px; text-decoration-thickness: initial; text-decoration-style: initial; text-decoration-color: initial;\"><\/p>\n<p style=\"margin: 0px; padding: 0px; text-decoration-thickness: initial; text-decoration-style: initial; text-decoration-color: initial;\">Spalv\u0173 kiekis: 48<\/p>\n<p style=\"margin: 0px; padding: 0px; text-decoration-thickness: initial; text-decoration-style: initial; text-decoration-color: initial;\"><\/p>\n<p style=\"margin: 0px; padding: 0px; text-decoration-thickness: initial; text-decoration-style: initial; text-decoration-color: initial;\">Grafito storis: 3.5 mm<\/p>\n<p style=\"margin: 0px; padding: 0px; text-decoration-thickness: initial; text-decoration-style: initial; text-decoration-color: initial;\"><\/p>\n<p style=\"margin: 0px; padding: 0px; text-decoration-thickness: initial; text-decoration-style: initial; text-decoration-color: initial;\">Kilm\u0117s \u0161alis: Ispanija<\/p>\n<p><\/p>\n<\/p>\n<p><\/p>","protected":false},"excerpt":{"rendered":"<p>Spalvoti pie\u0161tukai su storomis, 3.5 mm skersmens \u0161erdemis. \u0160e\u0161iakamp\u0117 korpuso forma. Grafitas tolygiai pie\u0161ia ir yra atsparus l\u016b\u017eiams d\u0117l LPS ( \u0161vino apsaugos sistemos ), kuri sustiprina \u0161erd\u012f, prilipdydama j\u012f prie medienos. Mediena gaunama i\u0161 tvariai auginam\u0173 mi\u0161k\u0173. Nat\u016bralaus med\u017eio apdaila. Kiekviena spalva turi savo pavadinim\u0105. Metalin\u0117 d\u0117\u017eut\u0117 ne tik apsaugo pie\u0161tukus, bet ir solid\u017eiai [&hellip;]<\/p>","protected":false},"featured_media":30417,"comment_status":"open","ping_status":"closed","template":"","meta":{"_season_start":"","_season_end":"","_season_days":"","_season_months":"","_season_auto_visibility":""},"product_brand":[200],"product_cat":[1809],"product_tag":[],"class_list":{"0":"post-20511","1":"product","2":"type-product","3":"status-publish","4":"has-post-thumbnail","6":"product_brand-milan","7":"product_cat-spalvoti-piestukai","9":"first","10":"instock","11":"taxable","12":"shipping-taxable","13":"purchasable","14":"product-type-simple"},"yoast_head":"<!-- This site is optimized with the Yoast SEO plugin v27.4 - https:\/\/yoast.com\/product\/yoast-seo-wordpress\/ -->\n<title>Spalvoti pie\u0161tukai 48 spalv\u0173 metalin\u0117je d\u0117\u017eut\u0117je Milan 0726148 - Rutana - Ra\u0161tin\u0117s reikmenys<\/title>\n<meta name=\"robots\" content=\"index, follow, max-snippet:-1, max-image-preview:large, max-video-preview:-1\" \/>\n<link rel=\"canonical\" href=\"https:\/\/rutana.lt\/en\/product\/spalvoti-piestukai-48-spalvu-metalineje-dezuteje-milan-0726148\/\" \/>\n<meta property=\"og:locale\" content=\"en_US\" \/>\n<meta property=\"og:type\" content=\"article\" \/>\n<meta property=\"og:title\" content=\"Spalvoti pie\u0161tukai 48 spalv\u0173 metalin\u0117je d\u0117\u017eut\u0117je Milan 0726148 - Rutana - Ra\u0161tin\u0117s reikmenys\" \/>\n<meta property=\"og:description\" content=\"Spalvoti pie\u0161tukai su storomis, 3.5 mm skersmens \u0161erdemis. \u0160e\u0161iakamp\u0117 korpuso forma. Grafitas tolygiai pie\u0161ia ir yra atsparus l\u016b\u017eiams d\u0117l LPS ( \u0161vino apsaugos sistemos ), kuri sustiprina \u0161erd\u012f, prilipdydama j\u012f prie medienos. Mediena gaunama i\u0161 tvariai auginam\u0173 mi\u0161k\u0173. Nat\u016bralaus med\u017eio apdaila. Kiekviena spalva turi savo pavadinim\u0105. Metalin\u0117 d\u0117\u017eut\u0117 ne tik apsaugo pie\u0161tukus, bet ir solid\u017eiai [&hellip;]\" \/>\n<meta property=\"og:url\" content=\"https:\/\/rutana.lt\/en\/product\/spalvoti-piestukai-48-spalvu-metalineje-dezuteje-milan-0726148\/\" \/>\n<meta property=\"og:site_name\" content=\"Rutana - Ra\u0161tin\u0117s reikmenys\" \/>\n<meta property=\"article:publisher\" content=\"https:\/\/www.facebook.com\/RutanaKanceliarinesPrekes\/\" \/>\n<meta property=\"article:modified_time\" content=\"2025-10-13T14:02:06+00:00\" \/>\n<meta property=\"og:image\" content=\"https:\/\/rutana.lt\/wp-content\/uploads\/2025\/09\/C084-492.jpg\" \/>\n\t<meta property=\"og:image:width\" content=\"1000\" \/>\n\t<meta property=\"og:image:height\" content=\"1000\" \/>\n\t<meta property=\"og:image:type\" content=\"image\/jpeg\" \/>\n<meta name=\"twitter:card\" content=\"summary_large_image\" \/>\n<script type=\"application\/ld+json\" class=\"yoast-schema-graph\">{\"@context\":\"https:\\\/\\\/schema.org\",\"@graph\":[{\"@type\":\"WebPage\",\"@id\":\"https:\\\/\\\/rutana.lt\\\/produktas\\\/spalvoti-piestukai-48-spalvu-metalineje-dezuteje-milan-0726148\\\/\",\"url\":\"https:\\\/\\\/rutana.lt\\\/produktas\\\/spalvoti-piestukai-48-spalvu-metalineje-dezuteje-milan-0726148\\\/\",\"name\":\"Spalvoti pie\u0161tukai 48 spalv\u0173 metalin\u0117je d\u0117\u017eut\u0117je Milan 0726148 - Rutana - Ra\u0161tin\u0117s reikmenys\",\"isPartOf\":{\"@id\":\"https:\\\/\\\/rutana.lt\\\/#website\"},\"primaryImageOfPage\":{\"@id\":\"https:\\\/\\\/rutana.lt\\\/produktas\\\/spalvoti-piestukai-48-spalvu-metalineje-dezuteje-milan-0726148\\\/#primaryimage\"},\"image\":{\"@id\":\"https:\\\/\\\/rutana.lt\\\/produktas\\\/spalvoti-piestukai-48-spalvu-metalineje-dezuteje-milan-0726148\\\/#primaryimage\"},\"thumbnailUrl\":\"https:\\\/\\\/rutana.lt\\\/wp-content\\\/uploads\\\/2025\\\/09\\\/C084-492-4.jpg?v=1763562939\",\"datePublished\":\"2025-09-03T08:13:37+00:00\",\"dateModified\":\"2025-10-13T14:02:06+00:00\",\"breadcrumb\":{\"@id\":\"https:\\\/\\\/rutana.lt\\\/produktas\\\/spalvoti-piestukai-48-spalvu-metalineje-dezuteje-milan-0726148\\\/#breadcrumb\"},\"inLanguage\":\"en-US\",\"potentialAction\":[{\"@type\":\"ReadAction\",\"target\":[\"https:\\\/\\\/rutana.lt\\\/produktas\\\/spalvoti-piestukai-48-spalvu-metalineje-dezuteje-milan-0726148\\\/\"]}]},{\"@type\":\"ImageObject\",\"inLanguage\":\"en-US\",\"@id\":\"https:\\\/\\\/rutana.lt\\\/produktas\\\/spalvoti-piestukai-48-spalvu-metalineje-dezuteje-milan-0726148\\\/#primaryimage\",\"url\":\"https:\\\/\\\/rutana.lt\\\/wp-content\\\/uploads\\\/2025\\\/09\\\/C084-492-4.jpg?v=1763562939\",\"contentUrl\":\"https:\\\/\\\/rutana.lt\\\/wp-content\\\/uploads\\\/2025\\\/09\\\/C084-492-4.jpg?v=1763562939\",\"width\":1000,\"height\":1000},{\"@type\":\"BreadcrumbList\",\"@id\":\"https:\\\/\\\/rutana.lt\\\/produktas\\\/spalvoti-piestukai-48-spalvu-metalineje-dezuteje-milan-0726148\\\/#breadcrumb\",\"itemListElement\":[{\"@type\":\"ListItem\",\"position\":1,\"name\":\"Home\",\"item\":\"https:\\\/\\\/rutana.lt\\\/\"},{\"@type\":\"ListItem\",\"position\":2,\"name\":\"Parduotuv\u0117\",\"item\":\"https:\\\/\\\/rutana.lt\\\/parduotuve\\\/\"},{\"@type\":\"ListItem\",\"position\":3,\"name\":\"Spalvoti pie\u0161tukai 48 spalv\u0173 metalin\u0117je d\u0117\u017eut\u0117je Milan 0726148\"}]},{\"@type\":\"WebSite\",\"@id\":\"https:\\\/\\\/rutana.lt\\\/#website\",\"url\":\"https:\\\/\\\/rutana.lt\\\/\",\"name\":\"Rutana - Ra\u0161tin\u0117s reikmenys\",\"description\":\"Prekiaujame pasaulin\u0117je rinkoje pripa\u017eintomis, kokybi\u0161komis biuro prek\u0117mis toki\u0173  gamintoj\u0173 kaip: Schneider, Esselte, Novus, 3M, Faber-Castell, Citizen, Milan, Leitz, Colop, Zebra, Staedtler, Durable, Tork, Parker, Waterman ir kt.\",\"publisher\":{\"@id\":\"https:\\\/\\\/rutana.lt\\\/#organization\"},\"potentialAction\":[{\"@type\":\"SearchAction\",\"target\":{\"@type\":\"EntryPoint\",\"urlTemplate\":\"https:\\\/\\\/rutana.lt\\\/?s={search_term_string}\"},\"query-input\":{\"@type\":\"PropertyValueSpecification\",\"valueRequired\":true,\"valueName\":\"search_term_string\"}}],\"inLanguage\":\"en-US\"},{\"@type\":\"Organization\",\"@id\":\"https:\\\/\\\/rutana.lt\\\/#organization\",\"name\":\"Rutana - Ra\u0161tin\u0117s reikmenys\",\"url\":\"https:\\\/\\\/rutana.lt\\\/\",\"logo\":{\"@type\":\"ImageObject\",\"inLanguage\":\"en-US\",\"@id\":\"https:\\\/\\\/rutana.lt\\\/#\\\/schema\\\/logo\\\/image\\\/\",\"url\":\"https:\\\/\\\/rutana.lt\\\/wp-content\\\/uploads\\\/2025\\\/10\\\/Asset-32.png\",\"contentUrl\":\"https:\\\/\\\/rutana.lt\\\/wp-content\\\/uploads\\\/2025\\\/10\\\/Asset-32.png\",\"width\":433,\"height\":119,\"caption\":\"Rutana - Ra\u0161tin\u0117s reikmenys\"},\"image\":{\"@id\":\"https:\\\/\\\/rutana.lt\\\/#\\\/schema\\\/logo\\\/image\\\/\"},\"sameAs\":[\"https:\\\/\\\/www.facebook.com\\\/RutanaKanceliarinesPrekes\\\/\"]}]}<\/script>\n<!-- \/ Yoast SEO plugin. -->","yoast_head_json":{"title":"Spalvoti pie\u0161tukai 48 spalv\u0173 metalin\u0117je d\u0117\u017eut\u0117je Milan 0726148 - Rutana - Ra\u0161tin\u0117s reikmenys","robots":{"index":"index","follow":"follow","max-snippet":"max-snippet:-1","max-image-preview":"max-image-preview:large","max-video-preview":"max-video-preview:-1"},"canonical":"https:\/\/rutana.lt\/en\/product\/spalvoti-piestukai-48-spalvu-metalineje-dezuteje-milan-0726148\/","og_locale":"en_US","og_type":"article","og_title":"Spalvoti pie\u0161tukai 48 spalv\u0173 metalin\u0117je d\u0117\u017eut\u0117je Milan 0726148 - Rutana - Ra\u0161tin\u0117s reikmenys","og_description":"Spalvoti pie\u0161tukai su storomis, 3.5 mm skersmens \u0161erdemis. \u0160e\u0161iakamp\u0117 korpuso forma. Grafitas tolygiai pie\u0161ia ir yra atsparus l\u016b\u017eiams d\u0117l LPS ( \u0161vino apsaugos sistemos ), kuri sustiprina \u0161erd\u012f, prilipdydama j\u012f prie medienos. Mediena gaunama i\u0161 tvariai auginam\u0173 mi\u0161k\u0173. Nat\u016bralaus med\u017eio apdaila. Kiekviena spalva turi savo pavadinim\u0105. Metalin\u0117 d\u0117\u017eut\u0117 ne tik apsaugo pie\u0161tukus, bet ir solid\u017eiai [&hellip;]","og_url":"https:\/\/rutana.lt\/en\/product\/spalvoti-piestukai-48-spalvu-metalineje-dezuteje-milan-0726148\/","og_site_name":"Rutana - Ra\u0161tin\u0117s reikmenys","article_publisher":"https:\/\/www.facebook.com\/RutanaKanceliarinesPrekes\/","article_modified_time":"2025-10-13T14:02:06+00:00","og_image":[{"width":1000,"height":1000,"url":"https:\/\/rutana.lt\/wp-content\/uploads\/2025\/09\/C084-492.jpg","type":"image\/jpeg"}],"twitter_card":"summary_large_image","schema":{"@context":"https:\/\/schema.org","@graph":[{"@type":"WebPage","@id":"https:\/\/rutana.lt\/produktas\/spalvoti-piestukai-48-spalvu-metalineje-dezuteje-milan-0726148\/","url":"https:\/\/rutana.lt\/produktas\/spalvoti-piestukai-48-spalvu-metalineje-dezuteje-milan-0726148\/","name":"Spalvoti pie\u0161tukai 48 spalv\u0173 metalin\u0117je d\u0117\u017eut\u0117je Milan 0726148 - Rutana - Ra\u0161tin\u0117s reikmenys","isPartOf":{"@id":"https:\/\/rutana.lt\/#website"},"primaryImageOfPage":{"@id":"https:\/\/rutana.lt\/produktas\/spalvoti-piestukai-48-spalvu-metalineje-dezuteje-milan-0726148\/#primaryimage"},"image":{"@id":"https:\/\/rutana.lt\/produktas\/spalvoti-piestukai-48-spalvu-metalineje-dezuteje-milan-0726148\/#primaryimage"},"thumbnailUrl":"https:\/\/rutana.lt\/wp-content\/uploads\/2025\/09\/C084-492-4.jpg?v=1763562939","datePublished":"2025-09-03T08:13:37+00:00","dateModified":"2025-10-13T14:02:06+00:00","breadcrumb":{"@id":"https:\/\/rutana.lt\/produktas\/spalvoti-piestukai-48-spalvu-metalineje-dezuteje-milan-0726148\/#breadcrumb"},"inLanguage":"en-US","potentialAction":[{"@type":"ReadAction","target":["https:\/\/rutana.lt\/produktas\/spalvoti-piestukai-48-spalvu-metalineje-dezuteje-milan-0726148\/"]}]},{"@type":"ImageObject","inLanguage":"en-US","@id":"https:\/\/rutana.lt\/produktas\/spalvoti-piestukai-48-spalvu-metalineje-dezuteje-milan-0726148\/#primaryimage","url":"https:\/\/rutana.lt\/wp-content\/uploads\/2025\/09\/C084-492-4.jpg?v=1763562939","contentUrl":"https:\/\/rutana.lt\/wp-content\/uploads\/2025\/09\/C084-492-4.jpg?v=1763562939","width":1000,"height":1000},{"@type":"BreadcrumbList","@id":"https:\/\/rutana.lt\/produktas\/spalvoti-piestukai-48-spalvu-metalineje-dezuteje-milan-0726148\/#breadcrumb","itemListElement":[{"@type":"ListItem","position":1,"name":"Home","item":"https:\/\/rutana.lt\/"},{"@type":"ListItem","position":2,"name":"Parduotuv\u0117","item":"https:\/\/rutana.lt\/parduotuve\/"},{"@type":"ListItem","position":3,"name":"Spalvoti pie\u0161tukai 48 spalv\u0173 metalin\u0117je d\u0117\u017eut\u0117je Milan 0726148"}]},{"@type":"WebSite","@id":"https:\/\/rutana.lt\/#website","url":"https:\/\/rutana.lt\/","name":"Rutana - Ra\u0161tin\u0117s reikmenys","description":"Prekiaujame pasaulin\u0117je rinkoje pripa\u017eintomis, kokybi\u0161komis biuro prek\u0117mis toki\u0173  gamintoj\u0173 kaip: Schneider, Esselte, Novus, 3M, Faber-Castell, Citizen, Milan, Leitz, Colop, Zebra, Staedtler, Durable, Tork, Parker, Waterman ir kt.","publisher":{"@id":"https:\/\/rutana.lt\/#organization"},"potentialAction":[{"@type":"SearchAction","target":{"@type":"EntryPoint","urlTemplate":"https:\/\/rutana.lt\/?s={search_term_string}"},"query-input":{"@type":"PropertyValueSpecification","valueRequired":true,"valueName":"search_term_string"}}],"inLanguage":"en-US"},{"@type":"Organization","@id":"https:\/\/rutana.lt\/#organization","name":"Rutana - Ra\u0161tin\u0117s reikmenys","url":"https:\/\/rutana.lt\/","logo":{"@type":"ImageObject","inLanguage":"en-US","@id":"https:\/\/rutana.lt\/#\/schema\/logo\/image\/","url":"https:\/\/rutana.lt\/wp-content\/uploads\/2025\/10\/Asset-32.png","contentUrl":"https:\/\/rutana.lt\/wp-content\/uploads\/2025\/10\/Asset-32.png","width":433,"height":119,"caption":"Rutana - Ra\u0161tin\u0117s reikmenys"},"image":{"@id":"https:\/\/rutana.lt\/#\/schema\/logo\/image\/"},"sameAs":["https:\/\/www.facebook.com\/RutanaKanceliarinesPrekes\/"]}]}},"_links":{"self":[{"href":"https:\/\/rutana.lt\/en\/wp-json\/wp\/v2\/product\/20511","targetHints":{"allow":["GET"]}}],"collection":[{"href":"https:\/\/rutana.lt\/en\/wp-json\/wp\/v2\/product"}],"about":[{"href":"https:\/\/rutana.lt\/en\/wp-json\/wp\/v2\/types\/product"}],"replies":[{"embeddable":true,"href":"https:\/\/rutana.lt\/en\/wp-json\/wp\/v2\/comments?post=20511"}],"version-history":[{"count":1,"href":"https:\/\/rutana.lt\/en\/wp-json\/wp\/v2\/product\/20511\/revisions"}],"predecessor-version":[{"id":20546,"href":"https:\/\/rutana.lt\/en\/wp-json\/wp\/v2\/product\/20511\/revisions\/20546"}],"wp:featuredmedia":[{"embeddable":true,"href":"https:\/\/rutana.lt\/en\/wp-json\/wp\/v2\/media\/30417"}],"wp:attachment":[{"href":"https:\/\/rutana.lt\/en\/wp-json\/wp\/v2\/media?parent=20511"}],"wp:term":[{"taxonomy":"product_brand","embeddable":true,"href":"https:\/\/rutana.lt\/en\/wp-json\/wp\/v2\/product_brand?post=20511"},{"taxonomy":"product_cat","embeddable":true,"href":"https:\/\/rutana.lt\/en\/wp-json\/wp\/v2\/product_cat?post=20511"},{"taxonomy":"product_tag","embeddable":true,"href":"https:\/\/rutana.lt\/en\/wp-json\/wp\/v2\/product_tag?post=20511"}],"curies":[{"name":"wp","href":"https:\/\/api.w.org\/{rel}","templated":true}]}}