{"id":20498,"date":"2025-09-03T10:13:36","date_gmt":"2025-09-03T08:13:36","guid":{"rendered":"https:\/\/rutana.webdemo.lt\/?post_type=product&#038;p=20498"},"modified":"2025-10-13T16:02:01","modified_gmt":"2025-10-13T14:02:01","slug":"guasas-fosforinis-svieciantis-tamsoje-35-ml-indelyje-jovi-504","status":"publish","type":"product","link":"https:\/\/rutana.lt\/en\/product\/guasas-fosforinis-svieciantis-tamsoje-35-ml-indelyje-jovi-504\/","title":{"rendered":"Gua\u0161as fosforinis, \u0161vie\u010diantis tamsoje 35 ml indelyje Jovi 504"},"content":{"rendered":"<p>Vandens pagrindu pagaminta skysta tempera, paruo\u0161ta naudoti, i\u0161laikanti \u0161vies\u0105 ir \u0161vytinti tamsoje po u\u017etepimo. Puikios savyb\u0117s ir greitas d\u017ei\u016bvimas. Jos skystumas padeda geriau u\u017etepti produkt\u0105. Ji lengvai prilimpa prie daugumos pavir\u0161i\u0173.<\/p>\n<p>Spalva: geltona, oran\u017ein\u0117, ro\u017ein\u0117 arba salotin\u0117<\/p>\n<p>Talpa: 35 ml<\/p>\n<p>Kilm\u0117s \u0161alis: Ispanija<\/p>\n<p><\/p>\n<p><\/p><\/p>","protected":false},"excerpt":{"rendered":"<p>Vandens pagrindu pagaminta skysta tempera, paruo\u0161ta naudoti, i\u0161laikanti \u0161vies\u0105 ir \u0161vytinti tamsoje po u\u017etepimo. Puikios savyb\u0117s ir greitas d\u017ei\u016bvimas. Jos skystumas padeda geriau u\u017etepti produkt\u0105. Ji lengvai prilimpa prie daugumos pavir\u0161i\u0173. Spalva: geltona, oran\u017ein\u0117, ro\u017ein\u0117 arba salotin\u0117 Talpa: 35 ml Kilm\u0117s \u0161alis: Ispanija<\/p>","protected":false},"featured_media":30409,"comment_status":"open","ping_status":"closed","template":"","meta":{"_season_start":"","_season_end":"","_season_days":"","_season_months":"","_season_auto_visibility":""},"product_brand":[817],"product_cat":[1659],"product_tag":[],"class_list":{"0":"post-20498","1":"product","2":"type-product","3":"status-publish","4":"has-post-thumbnail","6":"product_brand-jovi","7":"product_cat-guasas","9":"first","10":"instock","11":"taxable","12":"shipping-taxable","13":"purchasable","14":"product-type-simple"},"yoast_head":"<!-- This site is optimized with the Yoast SEO plugin v27.4 - https:\/\/yoast.com\/product\/yoast-seo-wordpress\/ -->\n<title>Gua\u0161as fosforinis, \u0161vie\u010diantis tamsoje 35 ml indelyje Jovi 504 - Rutana - Ra\u0161tin\u0117s reikmenys<\/title>\n<meta name=\"robots\" content=\"index, follow, max-snippet:-1, max-image-preview:large, max-video-preview:-1\" \/>\n<link rel=\"canonical\" href=\"https:\/\/rutana.lt\/en\/product\/guasas-fosforinis-svieciantis-tamsoje-35-ml-indelyje-jovi-504\/\" \/>\n<meta property=\"og:locale\" content=\"en_US\" \/>\n<meta property=\"og:type\" content=\"article\" \/>\n<meta property=\"og:title\" content=\"Gua\u0161as fosforinis, \u0161vie\u010diantis tamsoje 35 ml indelyje Jovi 504 - Rutana - Ra\u0161tin\u0117s reikmenys\" \/>\n<meta property=\"og:description\" content=\"Vandens pagrindu pagaminta skysta tempera, paruo\u0161ta naudoti, i\u0161laikanti \u0161vies\u0105 ir \u0161vytinti tamsoje po u\u017etepimo. Puikios savyb\u0117s ir greitas d\u017ei\u016bvimas. Jos skystumas padeda geriau u\u017etepti produkt\u0105. Ji lengvai prilimpa prie daugumos pavir\u0161i\u0173. Spalva: geltona, oran\u017ein\u0117, ro\u017ein\u0117 arba salotin\u0117 Talpa: 35 ml Kilm\u0117s \u0161alis: Ispanija\" \/>\n<meta property=\"og:url\" content=\"https:\/\/rutana.lt\/en\/product\/guasas-fosforinis-svieciantis-tamsoje-35-ml-indelyje-jovi-504\/\" \/>\n<meta property=\"og:site_name\" content=\"Rutana - Ra\u0161tin\u0117s reikmenys\" \/>\n<meta property=\"article:publisher\" content=\"https:\/\/www.facebook.com\/RutanaKanceliarinesPrekes\/\" \/>\n<meta property=\"article:modified_time\" content=\"2025-10-13T14:02:01+00:00\" \/>\n<meta property=\"og:image\" content=\"https:\/\/rutana.lt\/wp-content\/uploads\/2025\/09\/D032-831.jpg\" \/>\n\t<meta property=\"og:image:width\" content=\"1000\" \/>\n\t<meta property=\"og:image:height\" content=\"1000\" \/>\n\t<meta property=\"og:image:type\" content=\"image\/jpeg\" \/>\n<meta name=\"twitter:card\" content=\"summary_large_image\" \/>\n<script type=\"application\/ld+json\" class=\"yoast-schema-graph\">{\"@context\":\"https:\\\/\\\/schema.org\",\"@graph\":[{\"@type\":\"WebPage\",\"@id\":\"https:\\\/\\\/rutana.lt\\\/produktas\\\/guasas-fosforinis-svieciantis-tamsoje-35-ml-indelyje-jovi-504\\\/\",\"url\":\"https:\\\/\\\/rutana.lt\\\/produktas\\\/guasas-fosforinis-svieciantis-tamsoje-35-ml-indelyje-jovi-504\\\/\",\"name\":\"Gua\u0161as fosforinis, \u0161vie\u010diantis tamsoje 35 ml indelyje Jovi 504 - Rutana - Ra\u0161tin\u0117s reikmenys\",\"isPartOf\":{\"@id\":\"https:\\\/\\\/rutana.lt\\\/#website\"},\"primaryImageOfPage\":{\"@id\":\"https:\\\/\\\/rutana.lt\\\/produktas\\\/guasas-fosforinis-svieciantis-tamsoje-35-ml-indelyje-jovi-504\\\/#primaryimage\"},\"image\":{\"@id\":\"https:\\\/\\\/rutana.lt\\\/produktas\\\/guasas-fosforinis-svieciantis-tamsoje-35-ml-indelyje-jovi-504\\\/#primaryimage\"},\"thumbnailUrl\":\"https:\\\/\\\/rutana.lt\\\/wp-content\\\/uploads\\\/2025\\\/09\\\/D032-831-2.jpg?v=1763562953\",\"datePublished\":\"2025-09-03T08:13:36+00:00\",\"dateModified\":\"2025-10-13T14:02:01+00:00\",\"breadcrumb\":{\"@id\":\"https:\\\/\\\/rutana.lt\\\/produktas\\\/guasas-fosforinis-svieciantis-tamsoje-35-ml-indelyje-jovi-504\\\/#breadcrumb\"},\"inLanguage\":\"en-US\",\"potentialAction\":[{\"@type\":\"ReadAction\",\"target\":[\"https:\\\/\\\/rutana.lt\\\/produktas\\\/guasas-fosforinis-svieciantis-tamsoje-35-ml-indelyje-jovi-504\\\/\"]}]},{\"@type\":\"ImageObject\",\"inLanguage\":\"en-US\",\"@id\":\"https:\\\/\\\/rutana.lt\\\/produktas\\\/guasas-fosforinis-svieciantis-tamsoje-35-ml-indelyje-jovi-504\\\/#primaryimage\",\"url\":\"https:\\\/\\\/rutana.lt\\\/wp-content\\\/uploads\\\/2025\\\/09\\\/D032-831-2.jpg?v=1763562953\",\"contentUrl\":\"https:\\\/\\\/rutana.lt\\\/wp-content\\\/uploads\\\/2025\\\/09\\\/D032-831-2.jpg?v=1763562953\",\"width\":1000,\"height\":1000},{\"@type\":\"BreadcrumbList\",\"@id\":\"https:\\\/\\\/rutana.lt\\\/produktas\\\/guasas-fosforinis-svieciantis-tamsoje-35-ml-indelyje-jovi-504\\\/#breadcrumb\",\"itemListElement\":[{\"@type\":\"ListItem\",\"position\":1,\"name\":\"Home\",\"item\":\"https:\\\/\\\/rutana.lt\\\/\"},{\"@type\":\"ListItem\",\"position\":2,\"name\":\"Parduotuv\u0117\",\"item\":\"https:\\\/\\\/rutana.lt\\\/parduotuve\\\/\"},{\"@type\":\"ListItem\",\"position\":3,\"name\":\"Gua\u0161as fosforinis, \u0161vie\u010diantis tamsoje 35 ml indelyje Jovi 504\"}]},{\"@type\":\"WebSite\",\"@id\":\"https:\\\/\\\/rutana.lt\\\/#website\",\"url\":\"https:\\\/\\\/rutana.lt\\\/\",\"name\":\"Rutana - Ra\u0161tin\u0117s reikmenys\",\"description\":\"Prekiaujame pasaulin\u0117je rinkoje pripa\u017eintomis, kokybi\u0161komis biuro prek\u0117mis toki\u0173  gamintoj\u0173 kaip: Schneider, Esselte, Novus, 3M, Faber-Castell, Citizen, Milan, Leitz, Colop, Zebra, Staedtler, Durable, Tork, Parker, Waterman ir kt.\",\"publisher\":{\"@id\":\"https:\\\/\\\/rutana.lt\\\/#organization\"},\"potentialAction\":[{\"@type\":\"SearchAction\",\"target\":{\"@type\":\"EntryPoint\",\"urlTemplate\":\"https:\\\/\\\/rutana.lt\\\/?s={search_term_string}\"},\"query-input\":{\"@type\":\"PropertyValueSpecification\",\"valueRequired\":true,\"valueName\":\"search_term_string\"}}],\"inLanguage\":\"en-US\"},{\"@type\":\"Organization\",\"@id\":\"https:\\\/\\\/rutana.lt\\\/#organization\",\"name\":\"Rutana - Ra\u0161tin\u0117s reikmenys\",\"url\":\"https:\\\/\\\/rutana.lt\\\/\",\"logo\":{\"@type\":\"ImageObject\",\"inLanguage\":\"en-US\",\"@id\":\"https:\\\/\\\/rutana.lt\\\/#\\\/schema\\\/logo\\\/image\\\/\",\"url\":\"https:\\\/\\\/rutana.lt\\\/wp-content\\\/uploads\\\/2025\\\/10\\\/Asset-32.png\",\"contentUrl\":\"https:\\\/\\\/rutana.lt\\\/wp-content\\\/uploads\\\/2025\\\/10\\\/Asset-32.png\",\"width\":433,\"height\":119,\"caption\":\"Rutana - Ra\u0161tin\u0117s reikmenys\"},\"image\":{\"@id\":\"https:\\\/\\\/rutana.lt\\\/#\\\/schema\\\/logo\\\/image\\\/\"},\"sameAs\":[\"https:\\\/\\\/www.facebook.com\\\/RutanaKanceliarinesPrekes\\\/\"]}]}<\/script>\n<!-- \/ Yoast SEO plugin. -->","yoast_head_json":{"title":"Gua\u0161as fosforinis, \u0161vie\u010diantis tamsoje 35 ml indelyje Jovi 504 - Rutana - Ra\u0161tin\u0117s reikmenys","robots":{"index":"index","follow":"follow","max-snippet":"max-snippet:-1","max-image-preview":"max-image-preview:large","max-video-preview":"max-video-preview:-1"},"canonical":"https:\/\/rutana.lt\/en\/product\/guasas-fosforinis-svieciantis-tamsoje-35-ml-indelyje-jovi-504\/","og_locale":"en_US","og_type":"article","og_title":"Gua\u0161as fosforinis, \u0161vie\u010diantis tamsoje 35 ml indelyje Jovi 504 - Rutana - Ra\u0161tin\u0117s reikmenys","og_description":"Vandens pagrindu pagaminta skysta tempera, paruo\u0161ta naudoti, i\u0161laikanti \u0161vies\u0105 ir \u0161vytinti tamsoje po u\u017etepimo. Puikios savyb\u0117s ir greitas d\u017ei\u016bvimas. Jos skystumas padeda geriau u\u017etepti produkt\u0105. Ji lengvai prilimpa prie daugumos pavir\u0161i\u0173. Spalva: geltona, oran\u017ein\u0117, ro\u017ein\u0117 arba salotin\u0117 Talpa: 35 ml Kilm\u0117s \u0161alis: Ispanija","og_url":"https:\/\/rutana.lt\/en\/product\/guasas-fosforinis-svieciantis-tamsoje-35-ml-indelyje-jovi-504\/","og_site_name":"Rutana - Ra\u0161tin\u0117s reikmenys","article_publisher":"https:\/\/www.facebook.com\/RutanaKanceliarinesPrekes\/","article_modified_time":"2025-10-13T14:02:01+00:00","og_image":[{"width":1000,"height":1000,"url":"https:\/\/rutana.lt\/wp-content\/uploads\/2025\/09\/D032-831.jpg","type":"image\/jpeg"}],"twitter_card":"summary_large_image","schema":{"@context":"https:\/\/schema.org","@graph":[{"@type":"WebPage","@id":"https:\/\/rutana.lt\/produktas\/guasas-fosforinis-svieciantis-tamsoje-35-ml-indelyje-jovi-504\/","url":"https:\/\/rutana.lt\/produktas\/guasas-fosforinis-svieciantis-tamsoje-35-ml-indelyje-jovi-504\/","name":"Gua\u0161as fosforinis, \u0161vie\u010diantis tamsoje 35 ml indelyje Jovi 504 - Rutana - Ra\u0161tin\u0117s reikmenys","isPartOf":{"@id":"https:\/\/rutana.lt\/#website"},"primaryImageOfPage":{"@id":"https:\/\/rutana.lt\/produktas\/guasas-fosforinis-svieciantis-tamsoje-35-ml-indelyje-jovi-504\/#primaryimage"},"image":{"@id":"https:\/\/rutana.lt\/produktas\/guasas-fosforinis-svieciantis-tamsoje-35-ml-indelyje-jovi-504\/#primaryimage"},"thumbnailUrl":"https:\/\/rutana.lt\/wp-content\/uploads\/2025\/09\/D032-831-2.jpg?v=1763562953","datePublished":"2025-09-03T08:13:36+00:00","dateModified":"2025-10-13T14:02:01+00:00","breadcrumb":{"@id":"https:\/\/rutana.lt\/produktas\/guasas-fosforinis-svieciantis-tamsoje-35-ml-indelyje-jovi-504\/#breadcrumb"},"inLanguage":"en-US","potentialAction":[{"@type":"ReadAction","target":["https:\/\/rutana.lt\/produktas\/guasas-fosforinis-svieciantis-tamsoje-35-ml-indelyje-jovi-504\/"]}]},{"@type":"ImageObject","inLanguage":"en-US","@id":"https:\/\/rutana.lt\/produktas\/guasas-fosforinis-svieciantis-tamsoje-35-ml-indelyje-jovi-504\/#primaryimage","url":"https:\/\/rutana.lt\/wp-content\/uploads\/2025\/09\/D032-831-2.jpg?v=1763562953","contentUrl":"https:\/\/rutana.lt\/wp-content\/uploads\/2025\/09\/D032-831-2.jpg?v=1763562953","width":1000,"height":1000},{"@type":"BreadcrumbList","@id":"https:\/\/rutana.lt\/produktas\/guasas-fosforinis-svieciantis-tamsoje-35-ml-indelyje-jovi-504\/#breadcrumb","itemListElement":[{"@type":"ListItem","position":1,"name":"Home","item":"https:\/\/rutana.lt\/"},{"@type":"ListItem","position":2,"name":"Parduotuv\u0117","item":"https:\/\/rutana.lt\/parduotuve\/"},{"@type":"ListItem","position":3,"name":"Gua\u0161as fosforinis, \u0161vie\u010diantis tamsoje 35 ml indelyje Jovi 504"}]},{"@type":"WebSite","@id":"https:\/\/rutana.lt\/#website","url":"https:\/\/rutana.lt\/","name":"Rutana - Ra\u0161tin\u0117s reikmenys","description":"Prekiaujame pasaulin\u0117je rinkoje pripa\u017eintomis, kokybi\u0161komis biuro prek\u0117mis toki\u0173  gamintoj\u0173 kaip: Schneider, Esselte, Novus, 3M, Faber-Castell, Citizen, Milan, Leitz, Colop, Zebra, Staedtler, Durable, Tork, Parker, Waterman ir kt.","publisher":{"@id":"https:\/\/rutana.lt\/#organization"},"potentialAction":[{"@type":"SearchAction","target":{"@type":"EntryPoint","urlTemplate":"https:\/\/rutana.lt\/?s={search_term_string}"},"query-input":{"@type":"PropertyValueSpecification","valueRequired":true,"valueName":"search_term_string"}}],"inLanguage":"en-US"},{"@type":"Organization","@id":"https:\/\/rutana.lt\/#organization","name":"Rutana - Ra\u0161tin\u0117s reikmenys","url":"https:\/\/rutana.lt\/","logo":{"@type":"ImageObject","inLanguage":"en-US","@id":"https:\/\/rutana.lt\/#\/schema\/logo\/image\/","url":"https:\/\/rutana.lt\/wp-content\/uploads\/2025\/10\/Asset-32.png","contentUrl":"https:\/\/rutana.lt\/wp-content\/uploads\/2025\/10\/Asset-32.png","width":433,"height":119,"caption":"Rutana - Ra\u0161tin\u0117s reikmenys"},"image":{"@id":"https:\/\/rutana.lt\/#\/schema\/logo\/image\/"},"sameAs":["https:\/\/www.facebook.com\/RutanaKanceliarinesPrekes\/"]}]}},"_links":{"self":[{"href":"https:\/\/rutana.lt\/en\/wp-json\/wp\/v2\/product\/20498","targetHints":{"allow":["GET"]}}],"collection":[{"href":"https:\/\/rutana.lt\/en\/wp-json\/wp\/v2\/product"}],"about":[{"href":"https:\/\/rutana.lt\/en\/wp-json\/wp\/v2\/types\/product"}],"replies":[{"embeddable":true,"href":"https:\/\/rutana.lt\/en\/wp-json\/wp\/v2\/comments?post=20498"}],"version-history":[{"count":1,"href":"https:\/\/rutana.lt\/en\/wp-json\/wp\/v2\/product\/20498\/revisions"}],"predecessor-version":[{"id":20525,"href":"https:\/\/rutana.lt\/en\/wp-json\/wp\/v2\/product\/20498\/revisions\/20525"}],"wp:featuredmedia":[{"embeddable":true,"href":"https:\/\/rutana.lt\/en\/wp-json\/wp\/v2\/media\/30409"}],"wp:attachment":[{"href":"https:\/\/rutana.lt\/en\/wp-json\/wp\/v2\/media?parent=20498"}],"wp:term":[{"taxonomy":"product_brand","embeddable":true,"href":"https:\/\/rutana.lt\/en\/wp-json\/wp\/v2\/product_brand?post=20498"},{"taxonomy":"product_cat","embeddable":true,"href":"https:\/\/rutana.lt\/en\/wp-json\/wp\/v2\/product_cat?post=20498"},{"taxonomy":"product_tag","embeddable":true,"href":"https:\/\/rutana.lt\/en\/wp-json\/wp\/v2\/product_tag?post=20498"}],"curies":[{"name":"wp","href":"https:\/\/api.w.org\/{rel}","templated":true}]}}