{"id":20459,"date":"2025-09-03T10:13:16","date_gmt":"2025-09-03T08:13:16","guid":{"rendered":"https:\/\/rutana.webdemo.lt\/?post_type=product&#038;p=20459"},"modified":"2025-10-13T16:01:58","modified_gmt":"2025-10-13T14:01:58","slug":"kasete-lazeriniam-spausdintuvui-tk-5370-melyna-kyocera","status":"publish","type":"product","link":"https:\/\/rutana.lt\/en\/product\/kasete-lazeriniam-spausdintuvui-tk-5370-melyna-kyocera\/","title":{"rendered":"Kaset\u0117 lazeriniam spausdintuvui TK-5370 m\u0117lyna Kyocera"},"content":{"rendered":"<p><span style=\"text-align: center;\">Padidinkite spausdintuvo na\u0161um\u0105 naudodami originalius \u201eKyocera\u201c reikmenis. Kyocera<\/span> lazeriniams spausdintuvams skirti reikmenys yra sukurti kuo labiau pagerinti spausdintuv\u0173 veikim\u0105. \u201eKyocera\u201c reikmenys yra nuolat tobulinami ir perprojektuojami, kad b\u016bt\u0173 patikimi, na\u0161\u016bs ir u\u017etikrint\u0173 nepriekai\u0161ting\u0105 i\u0161spausdint\u0173 dokument\u0173 kokyb\u0119.<\/p>\n<p style=\"margin-bottom: 10px;\">Tinka spausdintuvams: Kyocera Ecosys ECOSYS MA 3500 Series\/ ECOSYS MA 3500 cifx\/ ECOSYS MA 3500 cix\/ ECOSYS PA 3500 cx.<\/p>\n<p style=\"margin-bottom: 10px;\">Spausdinimo spalva: m\u0117lyna<\/p>\n<p style=\"margin-bottom: 10px;\">Spausdinimo technologija: lazeris<\/p>\n<p style=\"margin-bottom: 10px;\">Puslapi\u0173 skai\u010dius: 5000<\/p>\n<p style=\"margin-bottom: 10px;\">Gamintojo kodas: TK-5370 \/ 1T02YJCNL0<\/p>\n<p style=\"margin-bottom: 10px;\">Gamintojas: Kyocera<\/p>\n<p style=\"margin-bottom: 10px;\"><\/p>\n<p style=\"margin-bottom: 10px;\"><\/p>","protected":false},"excerpt":{"rendered":"<p>Padidinkite spausdintuvo na\u0161um\u0105 naudodami originalius \u201eKyocera\u201c reikmenis. Kyocera lazeriniams spausdintuvams skirti reikmenys yra sukurti kuo labiau pagerinti spausdintuv\u0173 veikim\u0105. \u201eKyocera\u201c reikmenys yra nuolat tobulinami ir perprojektuojami, kad b\u016bt\u0173 patikimi, na\u0161\u016bs ir u\u017etikrint\u0173 nepriekai\u0161ting\u0105 i\u0161spausdint\u0173 dokument\u0173 kokyb\u0119. Tinka spausdintuvams: Kyocera Ecosys ECOSYS MA 3500 Series\/ ECOSYS MA 3500 cifx\/ ECOSYS MA 3500 cix\/ ECOSYS PA 3500 [&hellip;]<\/p>","protected":false},"featured_media":30402,"comment_status":"open","ping_status":"closed","template":"","meta":{"_season_start":"","_season_end":"","_season_days":"","_season_months":"","_season_auto_visibility":""},"product_brand":[1127],"product_cat":[1842],"product_tag":[],"class_list":{"0":"post-20459","1":"product","2":"type-product","3":"status-publish","4":"has-post-thumbnail","6":"product_brand-kyocera","7":"product_cat-originalus-toneriai","9":"first","10":"instock","11":"taxable","12":"shipping-taxable","13":"purchasable","14":"product-type-simple"},"yoast_head":"<!-- This site is optimized with the Yoast SEO plugin v26.1.1 - https:\/\/yoast.com\/wordpress\/plugins\/seo\/ -->\n<title>Kaset\u0117 lazeriniam spausdintuvui TK-5370 m\u0117lyna Kyocera - Rutana - Ra\u0161tin\u0117s reikmenys<\/title>\n<meta name=\"robots\" content=\"index, follow, max-snippet:-1, max-image-preview:large, max-video-preview:-1\" \/>\n<link rel=\"canonical\" href=\"https:\/\/rutana.lt\/en\/product\/kasete-lazeriniam-spausdintuvui-tk-5370-melyna-kyocera\/\" \/>\n<meta property=\"og:locale\" content=\"en_US\" \/>\n<meta property=\"og:type\" content=\"article\" \/>\n<meta property=\"og:title\" content=\"Kaset\u0117 lazeriniam spausdintuvui TK-5370 m\u0117lyna Kyocera - Rutana - Ra\u0161tin\u0117s reikmenys\" \/>\n<meta property=\"og:description\" content=\"Padidinkite spausdintuvo na\u0161um\u0105 naudodami originalius \u201eKyocera\u201c reikmenis. Kyocera lazeriniams spausdintuvams skirti reikmenys yra sukurti kuo labiau pagerinti spausdintuv\u0173 veikim\u0105. \u201eKyocera\u201c reikmenys yra nuolat tobulinami ir perprojektuojami, kad b\u016bt\u0173 patikimi, na\u0161\u016bs ir u\u017etikrint\u0173 nepriekai\u0161ting\u0105 i\u0161spausdint\u0173 dokument\u0173 kokyb\u0119. Tinka spausdintuvams: Kyocera Ecosys ECOSYS MA 3500 Series\/ ECOSYS MA 3500 cifx\/ ECOSYS MA 3500 cix\/ ECOSYS PA 3500 [&hellip;]\" \/>\n<meta property=\"og:url\" content=\"https:\/\/rutana.lt\/en\/product\/kasete-lazeriniam-spausdintuvui-tk-5370-melyna-kyocera\/\" \/>\n<meta property=\"og:site_name\" content=\"Rutana - Ra\u0161tin\u0117s reikmenys\" \/>\n<meta property=\"article:publisher\" content=\"https:\/\/www.facebook.com\/RutanaKanceliarinesPrekes\/\" \/>\n<meta property=\"article:modified_time\" content=\"2025-10-13T14:01:58+00:00\" \/>\n<meta property=\"og:image\" content=\"https:\/\/rutana.lt\/wp-content\/uploads\/2025\/09\/B032-486.jpg\" \/>\n\t<meta property=\"og:image:width\" content=\"1000\" \/>\n\t<meta property=\"og:image:height\" content=\"1000\" \/>\n\t<meta property=\"og:image:type\" content=\"image\/jpeg\" \/>\n<meta name=\"twitter:card\" content=\"summary_large_image\" \/>\n<script type=\"application\/ld+json\" class=\"yoast-schema-graph\">{\"@context\":\"https:\/\/schema.org\",\"@graph\":[{\"@type\":\"WebPage\",\"@id\":\"https:\/\/rutana.lt\/produktas\/kasete-lazeriniam-spausdintuvui-tk-5370-melyna-kyocera\/\",\"url\":\"https:\/\/rutana.lt\/produktas\/kasete-lazeriniam-spausdintuvui-tk-5370-melyna-kyocera\/\",\"name\":\"Kaset\u0117 lazeriniam spausdintuvui TK-5370 m\u0117lyna Kyocera - Rutana - Ra\u0161tin\u0117s reikmenys\",\"isPartOf\":{\"@id\":\"https:\/\/rutana.lt\/#website\"},\"primaryImageOfPage\":{\"@id\":\"https:\/\/rutana.lt\/produktas\/kasete-lazeriniam-spausdintuvui-tk-5370-melyna-kyocera\/#primaryimage\"},\"image\":{\"@id\":\"https:\/\/rutana.lt\/produktas\/kasete-lazeriniam-spausdintuvui-tk-5370-melyna-kyocera\/#primaryimage\"},\"thumbnailUrl\":\"https:\/\/rutana.lt\/wp-content\/uploads\/2025\/09\/B032-486-1.jpg?v=1763562966\",\"datePublished\":\"2025-09-03T08:13:16+00:00\",\"dateModified\":\"2025-10-13T14:01:58+00:00\",\"breadcrumb\":{\"@id\":\"https:\/\/rutana.lt\/produktas\/kasete-lazeriniam-spausdintuvui-tk-5370-melyna-kyocera\/#breadcrumb\"},\"inLanguage\":\"en-US\",\"potentialAction\":[{\"@type\":\"ReadAction\",\"target\":[\"https:\/\/rutana.lt\/produktas\/kasete-lazeriniam-spausdintuvui-tk-5370-melyna-kyocera\/\"]}]},{\"@type\":\"ImageObject\",\"inLanguage\":\"en-US\",\"@id\":\"https:\/\/rutana.lt\/produktas\/kasete-lazeriniam-spausdintuvui-tk-5370-melyna-kyocera\/#primaryimage\",\"url\":\"https:\/\/rutana.lt\/wp-content\/uploads\/2025\/09\/B032-486-1.jpg?v=1763562966\",\"contentUrl\":\"https:\/\/rutana.lt\/wp-content\/uploads\/2025\/09\/B032-486-1.jpg?v=1763562966\",\"width\":1000,\"height\":1000},{\"@type\":\"BreadcrumbList\",\"@id\":\"https:\/\/rutana.lt\/produktas\/kasete-lazeriniam-spausdintuvui-tk-5370-melyna-kyocera\/#breadcrumb\",\"itemListElement\":[{\"@type\":\"ListItem\",\"position\":1,\"name\":\"Home\",\"item\":\"https:\/\/rutana.lt\/\"},{\"@type\":\"ListItem\",\"position\":2,\"name\":\"Parduotuv\u0117\",\"item\":\"https:\/\/rutana.lt\/parduotuve\/\"},{\"@type\":\"ListItem\",\"position\":3,\"name\":\"Kaset\u0117 lazeriniam spausdintuvui TK-5370 m\u0117lyna Kyocera\"}]},{\"@type\":\"WebSite\",\"@id\":\"https:\/\/rutana.lt\/#website\",\"url\":\"https:\/\/rutana.lt\/\",\"name\":\"Rutana - Ra\u0161tin\u0117s reikmenys\",\"description\":\"Prekiaujame pasaulin\u0117je rinkoje pripa\u017eintomis, kokybi\u0161komis biuro prek\u0117mis toki\u0173  gamintoj\u0173 kaip: Schneider, Esselte, Novus, 3M, Faber-Castell, Citizen, Milan, Leitz, Colop, Zebra, Staedtler, Durable, Tork, Parker, Waterman ir kt.\",\"publisher\":{\"@id\":\"https:\/\/rutana.lt\/#organization\"},\"potentialAction\":[{\"@type\":\"SearchAction\",\"target\":{\"@type\":\"EntryPoint\",\"urlTemplate\":\"https:\/\/rutana.lt\/?s={search_term_string}\"},\"query-input\":{\"@type\":\"PropertyValueSpecification\",\"valueRequired\":true,\"valueName\":\"search_term_string\"}}],\"inLanguage\":\"en-US\"},{\"@type\":\"Organization\",\"@id\":\"https:\/\/rutana.lt\/#organization\",\"name\":\"Rutana - Ra\u0161tin\u0117s reikmenys\",\"url\":\"https:\/\/rutana.lt\/\",\"logo\":{\"@type\":\"ImageObject\",\"inLanguage\":\"en-US\",\"@id\":\"https:\/\/rutana.lt\/#\/schema\/logo\/image\/\",\"url\":\"https:\/\/rutana.lt\/wp-content\/uploads\/2025\/10\/Asset-32.png\",\"contentUrl\":\"https:\/\/rutana.lt\/wp-content\/uploads\/2025\/10\/Asset-32.png\",\"width\":433,\"height\":119,\"caption\":\"Rutana - Ra\u0161tin\u0117s reikmenys\"},\"image\":{\"@id\":\"https:\/\/rutana.lt\/#\/schema\/logo\/image\/\"},\"sameAs\":[\"https:\/\/www.facebook.com\/RutanaKanceliarinesPrekes\/\"]}]}<\/script>\n<!-- \/ Yoast SEO plugin. -->","yoast_head_json":{"title":"Kaset\u0117 lazeriniam spausdintuvui TK-5370 m\u0117lyna Kyocera - Rutana - Ra\u0161tin\u0117s reikmenys","robots":{"index":"index","follow":"follow","max-snippet":"max-snippet:-1","max-image-preview":"max-image-preview:large","max-video-preview":"max-video-preview:-1"},"canonical":"https:\/\/rutana.lt\/en\/product\/kasete-lazeriniam-spausdintuvui-tk-5370-melyna-kyocera\/","og_locale":"en_US","og_type":"article","og_title":"Kaset\u0117 lazeriniam spausdintuvui TK-5370 m\u0117lyna Kyocera - Rutana - Ra\u0161tin\u0117s reikmenys","og_description":"Padidinkite spausdintuvo na\u0161um\u0105 naudodami originalius \u201eKyocera\u201c reikmenis. Kyocera lazeriniams spausdintuvams skirti reikmenys yra sukurti kuo labiau pagerinti spausdintuv\u0173 veikim\u0105. \u201eKyocera\u201c reikmenys yra nuolat tobulinami ir perprojektuojami, kad b\u016bt\u0173 patikimi, na\u0161\u016bs ir u\u017etikrint\u0173 nepriekai\u0161ting\u0105 i\u0161spausdint\u0173 dokument\u0173 kokyb\u0119. Tinka spausdintuvams: Kyocera Ecosys ECOSYS MA 3500 Series\/ ECOSYS MA 3500 cifx\/ ECOSYS MA 3500 cix\/ ECOSYS PA 3500 [&hellip;]","og_url":"https:\/\/rutana.lt\/en\/product\/kasete-lazeriniam-spausdintuvui-tk-5370-melyna-kyocera\/","og_site_name":"Rutana - Ra\u0161tin\u0117s reikmenys","article_publisher":"https:\/\/www.facebook.com\/RutanaKanceliarinesPrekes\/","article_modified_time":"2025-10-13T14:01:58+00:00","og_image":[{"width":1000,"height":1000,"url":"https:\/\/rutana.lt\/wp-content\/uploads\/2025\/09\/B032-486.jpg","type":"image\/jpeg"}],"twitter_card":"summary_large_image","schema":{"@context":"https:\/\/schema.org","@graph":[{"@type":"WebPage","@id":"https:\/\/rutana.lt\/produktas\/kasete-lazeriniam-spausdintuvui-tk-5370-melyna-kyocera\/","url":"https:\/\/rutana.lt\/produktas\/kasete-lazeriniam-spausdintuvui-tk-5370-melyna-kyocera\/","name":"Kaset\u0117 lazeriniam spausdintuvui TK-5370 m\u0117lyna Kyocera - Rutana - Ra\u0161tin\u0117s reikmenys","isPartOf":{"@id":"https:\/\/rutana.lt\/#website"},"primaryImageOfPage":{"@id":"https:\/\/rutana.lt\/produktas\/kasete-lazeriniam-spausdintuvui-tk-5370-melyna-kyocera\/#primaryimage"},"image":{"@id":"https:\/\/rutana.lt\/produktas\/kasete-lazeriniam-spausdintuvui-tk-5370-melyna-kyocera\/#primaryimage"},"thumbnailUrl":"https:\/\/rutana.lt\/wp-content\/uploads\/2025\/09\/B032-486-1.jpg?v=1763562966","datePublished":"2025-09-03T08:13:16+00:00","dateModified":"2025-10-13T14:01:58+00:00","breadcrumb":{"@id":"https:\/\/rutana.lt\/produktas\/kasete-lazeriniam-spausdintuvui-tk-5370-melyna-kyocera\/#breadcrumb"},"inLanguage":"en-US","potentialAction":[{"@type":"ReadAction","target":["https:\/\/rutana.lt\/produktas\/kasete-lazeriniam-spausdintuvui-tk-5370-melyna-kyocera\/"]}]},{"@type":"ImageObject","inLanguage":"en-US","@id":"https:\/\/rutana.lt\/produktas\/kasete-lazeriniam-spausdintuvui-tk-5370-melyna-kyocera\/#primaryimage","url":"https:\/\/rutana.lt\/wp-content\/uploads\/2025\/09\/B032-486-1.jpg?v=1763562966","contentUrl":"https:\/\/rutana.lt\/wp-content\/uploads\/2025\/09\/B032-486-1.jpg?v=1763562966","width":1000,"height":1000},{"@type":"BreadcrumbList","@id":"https:\/\/rutana.lt\/produktas\/kasete-lazeriniam-spausdintuvui-tk-5370-melyna-kyocera\/#breadcrumb","itemListElement":[{"@type":"ListItem","position":1,"name":"Home","item":"https:\/\/rutana.lt\/"},{"@type":"ListItem","position":2,"name":"Parduotuv\u0117","item":"https:\/\/rutana.lt\/parduotuve\/"},{"@type":"ListItem","position":3,"name":"Kaset\u0117 lazeriniam spausdintuvui TK-5370 m\u0117lyna Kyocera"}]},{"@type":"WebSite","@id":"https:\/\/rutana.lt\/#website","url":"https:\/\/rutana.lt\/","name":"Rutana - Ra\u0161tin\u0117s reikmenys","description":"Prekiaujame pasaulin\u0117je rinkoje pripa\u017eintomis, kokybi\u0161komis biuro prek\u0117mis toki\u0173  gamintoj\u0173 kaip: Schneider, Esselte, Novus, 3M, Faber-Castell, Citizen, Milan, Leitz, Colop, Zebra, Staedtler, Durable, Tork, Parker, Waterman ir kt.","publisher":{"@id":"https:\/\/rutana.lt\/#organization"},"potentialAction":[{"@type":"SearchAction","target":{"@type":"EntryPoint","urlTemplate":"https:\/\/rutana.lt\/?s={search_term_string}"},"query-input":{"@type":"PropertyValueSpecification","valueRequired":true,"valueName":"search_term_string"}}],"inLanguage":"en-US"},{"@type":"Organization","@id":"https:\/\/rutana.lt\/#organization","name":"Rutana - Ra\u0161tin\u0117s reikmenys","url":"https:\/\/rutana.lt\/","logo":{"@type":"ImageObject","inLanguage":"en-US","@id":"https:\/\/rutana.lt\/#\/schema\/logo\/image\/","url":"https:\/\/rutana.lt\/wp-content\/uploads\/2025\/10\/Asset-32.png","contentUrl":"https:\/\/rutana.lt\/wp-content\/uploads\/2025\/10\/Asset-32.png","width":433,"height":119,"caption":"Rutana - Ra\u0161tin\u0117s reikmenys"},"image":{"@id":"https:\/\/rutana.lt\/#\/schema\/logo\/image\/"},"sameAs":["https:\/\/www.facebook.com\/RutanaKanceliarinesPrekes\/"]}]}},"_links":{"self":[{"href":"https:\/\/rutana.lt\/en\/wp-json\/wp\/v2\/product\/20459","targetHints":{"allow":["GET"]}}],"collection":[{"href":"https:\/\/rutana.lt\/en\/wp-json\/wp\/v2\/product"}],"about":[{"href":"https:\/\/rutana.lt\/en\/wp-json\/wp\/v2\/types\/product"}],"replies":[{"embeddable":true,"href":"https:\/\/rutana.lt\/en\/wp-json\/wp\/v2\/comments?post=20459"}],"version-history":[{"count":1,"href":"https:\/\/rutana.lt\/en\/wp-json\/wp\/v2\/product\/20459\/revisions"}],"predecessor-version":[{"id":20495,"href":"https:\/\/rutana.lt\/en\/wp-json\/wp\/v2\/product\/20459\/revisions\/20495"}],"wp:featuredmedia":[{"embeddable":true,"href":"https:\/\/rutana.lt\/en\/wp-json\/wp\/v2\/media\/30402"}],"wp:attachment":[{"href":"https:\/\/rutana.lt\/en\/wp-json\/wp\/v2\/media?parent=20459"}],"wp:term":[{"taxonomy":"product_brand","embeddable":true,"href":"https:\/\/rutana.lt\/en\/wp-json\/wp\/v2\/product_brand?post=20459"},{"taxonomy":"product_cat","embeddable":true,"href":"https:\/\/rutana.lt\/en\/wp-json\/wp\/v2\/product_cat?post=20459"},{"taxonomy":"product_tag","embeddable":true,"href":"https:\/\/rutana.lt\/en\/wp-json\/wp\/v2\/product_tag?post=20459"}],"curies":[{"name":"wp","href":"https:\/\/api.w.org\/{rel}","templated":true}]}}