{"id":20457,"date":"2025-09-03T10:13:16","date_gmt":"2025-09-03T08:13:16","guid":{"rendered":"https:\/\/rutana.webdemo.lt\/?post_type=product&#038;p=20457"},"modified":"2025-10-13T16:01:57","modified_gmt":"2025-10-13T14:01:57","slug":"zirkles-office-titanium-20-cm-dahle-54308","status":"publish","type":"product","link":"https:\/\/rutana.lt\/en\/product\/zirkles-office-titanium-20-cm-dahle-54308\/","title":{"rendered":"\u017dirkl\u0117s Office Titanium 20 cm Dahle 54308"},"content":{"rendered":"<p>Titanu dengtos \u017eirkl\u0117s i\u0161 gr\u016bdinto specialaus plieno. Ner\u016bdijantis, specialus gr\u016bdintas plienas ilgam tarnavimo laikui. Titanu dengti \u0161lifuoti \u017eirkli\u0173 a\u0161menys ilgalaikiam a\u0161trumui. Auk\u0161tos kokyb\u0117s \u017eirkl\u0117s su nelimpan\u010dia titano nitrido danga. Nelipni apdaila neleid\u017eia klij\u0173 liku\u010diams prilipti prie a\u0161men\u0173. Auk\u0161tos kokyb\u0117s polipropileno rankenos puikiai priglunda prie rankos. Mink\u0161tos gumin\u0117s rankenos patogiam naudojimui. De\u0161iniarankiams skirtos \u017eirkl\u0117s.<\/p>\n<p>\u017dirkli\u0173 ilgis: 20 cm<\/p>\n<p>Spalva: juoda<\/p>\n<p>Kilm\u0117s \u0161alis: Vokietija<\/p>\n<\/p>\n<p><\/p>","protected":false},"excerpt":{"rendered":"<p>Titanu dengtos \u017eirkl\u0117s i\u0161 gr\u016bdinto specialaus plieno. Ner\u016bdijantis, specialus gr\u016bdintas plienas ilgam tarnavimo laikui. Titanu dengti \u0161lifuoti \u017eirkli\u0173 a\u0161menys ilgalaikiam a\u0161trumui. Auk\u0161tos kokyb\u0117s \u017eirkl\u0117s su nelimpan\u010dia titano nitrido danga. Nelipni apdaila neleid\u017eia klij\u0173 liku\u010diams prilipti prie a\u0161men\u0173. Auk\u0161tos kokyb\u0117s polipropileno rankenos puikiai priglunda prie rankos. Mink\u0161tos gumin\u0117s rankenos patogiam naudojimui. De\u0161iniarankiams skirtos \u017eirkl\u0117s. \u017dirkli\u0173 ilgis: [&hellip;]<\/p>","protected":false},"featured_media":30400,"comment_status":"open","ping_status":"closed","template":"","meta":{"_season_start":"","_season_end":"","_season_days":"","_season_months":"","_season_auto_visibility":""},"product_brand":[269],"product_cat":[1591],"product_tag":[],"class_list":{"0":"post-20457","1":"product","2":"type-product","3":"status-publish","4":"has-post-thumbnail","6":"product_brand-dahle","7":"product_cat-zirkles-ir-kanceliariniai-peiliai","9":"first","10":"instock","11":"taxable","12":"shipping-taxable","13":"purchasable","14":"product-type-simple"},"yoast_head":"<!-- This site is optimized with the Yoast SEO plugin v26.1.1 - https:\/\/yoast.com\/wordpress\/plugins\/seo\/ -->\n<title>\u017dirkl\u0117s Office Titanium 20 cm Dahle 54308 - Rutana - Ra\u0161tin\u0117s reikmenys<\/title>\n<meta name=\"robots\" content=\"index, follow, max-snippet:-1, max-image-preview:large, max-video-preview:-1\" \/>\n<link rel=\"canonical\" href=\"https:\/\/rutana.lt\/en\/product\/zirkles-office-titanium-20-cm-dahle-54308\/\" \/>\n<meta property=\"og:locale\" content=\"en_US\" \/>\n<meta property=\"og:type\" content=\"article\" \/>\n<meta property=\"og:title\" content=\"\u017dirkl\u0117s Office Titanium 20 cm Dahle 54308 - Rutana - Ra\u0161tin\u0117s reikmenys\" \/>\n<meta property=\"og:description\" content=\"Titanu dengtos \u017eirkl\u0117s i\u0161 gr\u016bdinto specialaus plieno. Ner\u016bdijantis, specialus gr\u016bdintas plienas ilgam tarnavimo laikui. Titanu dengti \u0161lifuoti \u017eirkli\u0173 a\u0161menys ilgalaikiam a\u0161trumui. Auk\u0161tos kokyb\u0117s \u017eirkl\u0117s su nelimpan\u010dia titano nitrido danga. Nelipni apdaila neleid\u017eia klij\u0173 liku\u010diams prilipti prie a\u0161men\u0173. Auk\u0161tos kokyb\u0117s polipropileno rankenos puikiai priglunda prie rankos. Mink\u0161tos gumin\u0117s rankenos patogiam naudojimui. De\u0161iniarankiams skirtos \u017eirkl\u0117s. \u017dirkli\u0173 ilgis: [&hellip;]\" \/>\n<meta property=\"og:url\" content=\"https:\/\/rutana.lt\/en\/product\/zirkles-office-titanium-20-cm-dahle-54308\/\" \/>\n<meta property=\"og:site_name\" content=\"Rutana - Ra\u0161tin\u0117s reikmenys\" \/>\n<meta property=\"article:publisher\" content=\"https:\/\/www.facebook.com\/RutanaKanceliarinesPrekes\/\" \/>\n<meta property=\"article:modified_time\" content=\"2025-10-13T14:01:57+00:00\" \/>\n<meta property=\"og:image\" content=\"https:\/\/rutana.lt\/wp-content\/uploads\/2025\/09\/B015-318.jpg\" \/>\n\t<meta property=\"og:image:width\" content=\"1000\" \/>\n\t<meta property=\"og:image:height\" content=\"1000\" \/>\n\t<meta property=\"og:image:type\" content=\"image\/jpeg\" \/>\n<meta name=\"twitter:card\" content=\"summary_large_image\" \/>\n<script type=\"application\/ld+json\" class=\"yoast-schema-graph\">{\"@context\":\"https:\/\/schema.org\",\"@graph\":[{\"@type\":\"WebPage\",\"@id\":\"https:\/\/rutana.lt\/produktas\/zirkles-office-titanium-20-cm-dahle-54308\/\",\"url\":\"https:\/\/rutana.lt\/produktas\/zirkles-office-titanium-20-cm-dahle-54308\/\",\"name\":\"\u017dirkl\u0117s Office Titanium 20 cm Dahle 54308 - Rutana - Ra\u0161tin\u0117s reikmenys\",\"isPartOf\":{\"@id\":\"https:\/\/rutana.lt\/#website\"},\"primaryImageOfPage\":{\"@id\":\"https:\/\/rutana.lt\/produktas\/zirkles-office-titanium-20-cm-dahle-54308\/#primaryimage\"},\"image\":{\"@id\":\"https:\/\/rutana.lt\/produktas\/zirkles-office-titanium-20-cm-dahle-54308\/#primaryimage\"},\"thumbnailUrl\":\"https:\/\/rutana.lt\/wp-content\/uploads\/2025\/09\/B015-318-1.jpg?v=1763562967\",\"datePublished\":\"2025-09-03T08:13:16+00:00\",\"dateModified\":\"2025-10-13T14:01:57+00:00\",\"breadcrumb\":{\"@id\":\"https:\/\/rutana.lt\/produktas\/zirkles-office-titanium-20-cm-dahle-54308\/#breadcrumb\"},\"inLanguage\":\"en-US\",\"potentialAction\":[{\"@type\":\"ReadAction\",\"target\":[\"https:\/\/rutana.lt\/produktas\/zirkles-office-titanium-20-cm-dahle-54308\/\"]}]},{\"@type\":\"ImageObject\",\"inLanguage\":\"en-US\",\"@id\":\"https:\/\/rutana.lt\/produktas\/zirkles-office-titanium-20-cm-dahle-54308\/#primaryimage\",\"url\":\"https:\/\/rutana.lt\/wp-content\/uploads\/2025\/09\/B015-318-1.jpg?v=1763562967\",\"contentUrl\":\"https:\/\/rutana.lt\/wp-content\/uploads\/2025\/09\/B015-318-1.jpg?v=1763562967\",\"width\":1000,\"height\":1000},{\"@type\":\"BreadcrumbList\",\"@id\":\"https:\/\/rutana.lt\/produktas\/zirkles-office-titanium-20-cm-dahle-54308\/#breadcrumb\",\"itemListElement\":[{\"@type\":\"ListItem\",\"position\":1,\"name\":\"Home\",\"item\":\"https:\/\/rutana.lt\/\"},{\"@type\":\"ListItem\",\"position\":2,\"name\":\"Parduotuv\u0117\",\"item\":\"https:\/\/rutana.lt\/parduotuve\/\"},{\"@type\":\"ListItem\",\"position\":3,\"name\":\"\u017dirkl\u0117s Office Titanium 20 cm Dahle 54308\"}]},{\"@type\":\"WebSite\",\"@id\":\"https:\/\/rutana.lt\/#website\",\"url\":\"https:\/\/rutana.lt\/\",\"name\":\"Rutana - Ra\u0161tin\u0117s reikmenys\",\"description\":\"Prekiaujame pasaulin\u0117je rinkoje pripa\u017eintomis, kokybi\u0161komis biuro prek\u0117mis toki\u0173  gamintoj\u0173 kaip: Schneider, Esselte, Novus, 3M, Faber-Castell, Citizen, Milan, Leitz, Colop, Zebra, Staedtler, Durable, Tork, Parker, Waterman ir kt.\",\"publisher\":{\"@id\":\"https:\/\/rutana.lt\/#organization\"},\"potentialAction\":[{\"@type\":\"SearchAction\",\"target\":{\"@type\":\"EntryPoint\",\"urlTemplate\":\"https:\/\/rutana.lt\/?s={search_term_string}\"},\"query-input\":{\"@type\":\"PropertyValueSpecification\",\"valueRequired\":true,\"valueName\":\"search_term_string\"}}],\"inLanguage\":\"en-US\"},{\"@type\":\"Organization\",\"@id\":\"https:\/\/rutana.lt\/#organization\",\"name\":\"Rutana - Ra\u0161tin\u0117s reikmenys\",\"url\":\"https:\/\/rutana.lt\/\",\"logo\":{\"@type\":\"ImageObject\",\"inLanguage\":\"en-US\",\"@id\":\"https:\/\/rutana.lt\/#\/schema\/logo\/image\/\",\"url\":\"https:\/\/rutana.lt\/wp-content\/uploads\/2025\/10\/Asset-32.png\",\"contentUrl\":\"https:\/\/rutana.lt\/wp-content\/uploads\/2025\/10\/Asset-32.png\",\"width\":433,\"height\":119,\"caption\":\"Rutana - Ra\u0161tin\u0117s reikmenys\"},\"image\":{\"@id\":\"https:\/\/rutana.lt\/#\/schema\/logo\/image\/\"},\"sameAs\":[\"https:\/\/www.facebook.com\/RutanaKanceliarinesPrekes\/\"]}]}<\/script>\n<!-- \/ Yoast SEO plugin. -->","yoast_head_json":{"title":"\u017dirkl\u0117s Office Titanium 20 cm Dahle 54308 - Rutana - Ra\u0161tin\u0117s reikmenys","robots":{"index":"index","follow":"follow","max-snippet":"max-snippet:-1","max-image-preview":"max-image-preview:large","max-video-preview":"max-video-preview:-1"},"canonical":"https:\/\/rutana.lt\/en\/product\/zirkles-office-titanium-20-cm-dahle-54308\/","og_locale":"en_US","og_type":"article","og_title":"\u017dirkl\u0117s Office Titanium 20 cm Dahle 54308 - Rutana - Ra\u0161tin\u0117s reikmenys","og_description":"Titanu dengtos \u017eirkl\u0117s i\u0161 gr\u016bdinto specialaus plieno. Ner\u016bdijantis, specialus gr\u016bdintas plienas ilgam tarnavimo laikui. Titanu dengti \u0161lifuoti \u017eirkli\u0173 a\u0161menys ilgalaikiam a\u0161trumui. Auk\u0161tos kokyb\u0117s \u017eirkl\u0117s su nelimpan\u010dia titano nitrido danga. Nelipni apdaila neleid\u017eia klij\u0173 liku\u010diams prilipti prie a\u0161men\u0173. Auk\u0161tos kokyb\u0117s polipropileno rankenos puikiai priglunda prie rankos. Mink\u0161tos gumin\u0117s rankenos patogiam naudojimui. De\u0161iniarankiams skirtos \u017eirkl\u0117s. \u017dirkli\u0173 ilgis: [&hellip;]","og_url":"https:\/\/rutana.lt\/en\/product\/zirkles-office-titanium-20-cm-dahle-54308\/","og_site_name":"Rutana - Ra\u0161tin\u0117s reikmenys","article_publisher":"https:\/\/www.facebook.com\/RutanaKanceliarinesPrekes\/","article_modified_time":"2025-10-13T14:01:57+00:00","og_image":[{"width":1000,"height":1000,"url":"https:\/\/rutana.lt\/wp-content\/uploads\/2025\/09\/B015-318.jpg","type":"image\/jpeg"}],"twitter_card":"summary_large_image","schema":{"@context":"https:\/\/schema.org","@graph":[{"@type":"WebPage","@id":"https:\/\/rutana.lt\/produktas\/zirkles-office-titanium-20-cm-dahle-54308\/","url":"https:\/\/rutana.lt\/produktas\/zirkles-office-titanium-20-cm-dahle-54308\/","name":"\u017dirkl\u0117s Office Titanium 20 cm Dahle 54308 - Rutana - Ra\u0161tin\u0117s reikmenys","isPartOf":{"@id":"https:\/\/rutana.lt\/#website"},"primaryImageOfPage":{"@id":"https:\/\/rutana.lt\/produktas\/zirkles-office-titanium-20-cm-dahle-54308\/#primaryimage"},"image":{"@id":"https:\/\/rutana.lt\/produktas\/zirkles-office-titanium-20-cm-dahle-54308\/#primaryimage"},"thumbnailUrl":"https:\/\/rutana.lt\/wp-content\/uploads\/2025\/09\/B015-318-1.jpg?v=1763562967","datePublished":"2025-09-03T08:13:16+00:00","dateModified":"2025-10-13T14:01:57+00:00","breadcrumb":{"@id":"https:\/\/rutana.lt\/produktas\/zirkles-office-titanium-20-cm-dahle-54308\/#breadcrumb"},"inLanguage":"en-US","potentialAction":[{"@type":"ReadAction","target":["https:\/\/rutana.lt\/produktas\/zirkles-office-titanium-20-cm-dahle-54308\/"]}]},{"@type":"ImageObject","inLanguage":"en-US","@id":"https:\/\/rutana.lt\/produktas\/zirkles-office-titanium-20-cm-dahle-54308\/#primaryimage","url":"https:\/\/rutana.lt\/wp-content\/uploads\/2025\/09\/B015-318-1.jpg?v=1763562967","contentUrl":"https:\/\/rutana.lt\/wp-content\/uploads\/2025\/09\/B015-318-1.jpg?v=1763562967","width":1000,"height":1000},{"@type":"BreadcrumbList","@id":"https:\/\/rutana.lt\/produktas\/zirkles-office-titanium-20-cm-dahle-54308\/#breadcrumb","itemListElement":[{"@type":"ListItem","position":1,"name":"Home","item":"https:\/\/rutana.lt\/"},{"@type":"ListItem","position":2,"name":"Parduotuv\u0117","item":"https:\/\/rutana.lt\/parduotuve\/"},{"@type":"ListItem","position":3,"name":"\u017dirkl\u0117s Office Titanium 20 cm Dahle 54308"}]},{"@type":"WebSite","@id":"https:\/\/rutana.lt\/#website","url":"https:\/\/rutana.lt\/","name":"Rutana - Ra\u0161tin\u0117s reikmenys","description":"Prekiaujame pasaulin\u0117je rinkoje pripa\u017eintomis, kokybi\u0161komis biuro prek\u0117mis toki\u0173  gamintoj\u0173 kaip: Schneider, Esselte, Novus, 3M, Faber-Castell, Citizen, Milan, Leitz, Colop, Zebra, Staedtler, Durable, Tork, Parker, Waterman ir kt.","publisher":{"@id":"https:\/\/rutana.lt\/#organization"},"potentialAction":[{"@type":"SearchAction","target":{"@type":"EntryPoint","urlTemplate":"https:\/\/rutana.lt\/?s={search_term_string}"},"query-input":{"@type":"PropertyValueSpecification","valueRequired":true,"valueName":"search_term_string"}}],"inLanguage":"en-US"},{"@type":"Organization","@id":"https:\/\/rutana.lt\/#organization","name":"Rutana - Ra\u0161tin\u0117s reikmenys","url":"https:\/\/rutana.lt\/","logo":{"@type":"ImageObject","inLanguage":"en-US","@id":"https:\/\/rutana.lt\/#\/schema\/logo\/image\/","url":"https:\/\/rutana.lt\/wp-content\/uploads\/2025\/10\/Asset-32.png","contentUrl":"https:\/\/rutana.lt\/wp-content\/uploads\/2025\/10\/Asset-32.png","width":433,"height":119,"caption":"Rutana - Ra\u0161tin\u0117s reikmenys"},"image":{"@id":"https:\/\/rutana.lt\/#\/schema\/logo\/image\/"},"sameAs":["https:\/\/www.facebook.com\/RutanaKanceliarinesPrekes\/"]}]}},"_links":{"self":[{"href":"https:\/\/rutana.lt\/en\/wp-json\/wp\/v2\/product\/20457","targetHints":{"allow":["GET"]}}],"collection":[{"href":"https:\/\/rutana.lt\/en\/wp-json\/wp\/v2\/product"}],"about":[{"href":"https:\/\/rutana.lt\/en\/wp-json\/wp\/v2\/types\/product"}],"replies":[{"embeddable":true,"href":"https:\/\/rutana.lt\/en\/wp-json\/wp\/v2\/comments?post=20457"}],"version-history":[{"count":1,"href":"https:\/\/rutana.lt\/en\/wp-json\/wp\/v2\/product\/20457\/revisions"}],"predecessor-version":[{"id":20491,"href":"https:\/\/rutana.lt\/en\/wp-json\/wp\/v2\/product\/20457\/revisions\/20491"}],"wp:featuredmedia":[{"embeddable":true,"href":"https:\/\/rutana.lt\/en\/wp-json\/wp\/v2\/media\/30400"}],"wp:attachment":[{"href":"https:\/\/rutana.lt\/en\/wp-json\/wp\/v2\/media?parent=20457"}],"wp:term":[{"taxonomy":"product_brand","embeddable":true,"href":"https:\/\/rutana.lt\/en\/wp-json\/wp\/v2\/product_brand?post=20457"},{"taxonomy":"product_cat","embeddable":true,"href":"https:\/\/rutana.lt\/en\/wp-json\/wp\/v2\/product_cat?post=20457"},{"taxonomy":"product_tag","embeddable":true,"href":"https:\/\/rutana.lt\/en\/wp-json\/wp\/v2\/product_tag?post=20457"}],"curies":[{"name":"wp","href":"https:\/\/api.w.org\/{rel}","templated":true}]}}