{"id":20451,"date":"2025-09-03T10:13:16","date_gmt":"2025-09-03T08:13:16","guid":{"rendered":"https:\/\/rutana.webdemo.lt\/?post_type=product&#038;p=20451"},"modified":"2026-04-08T15:26:58","modified_gmt":"2026-04-08T13:26:58","slug":"universalus-valiklis-clean-fast-5000ml-evans-a010eev2","status":"publish","type":"product","link":"https:\/\/rutana.lt\/en\/product\/universalus-valiklis-clean-fast-5000ml-evans-a010eev2\/","title":{"rendered":"Universalus valiklis Clean Fast 5000ml Evans A010EEV2"},"content":{"rendered":"<p class=\"MsoHeader\">Labai efektyvus baktericidinis valiklis skirtas \u012fvairiems pavir\u0161iams. Pa\u0161alina kalki\u0173 nuos\u0117das, riebalus ir kitus sunkiai \u012fveikiamus<br \/>\nne\u0161varumus. Tinka valyti porcelianui, chromui, ner\u016bdijan\u010diam plienui, keramikin\u0117ms ir akmens mas\u0117s plytel\u0117ms. Puikiai nuvalo kriaukles, vonias, du\u0161o kabinas, tualetus, basein\u0173 kra\u0161tus ir persirengimo kambari\u0173 grindis.<\/p>\n<p>Savyb\u0117s ir privalumai:<\/p>\n<p>Speciali formul\u0117 pritaikyta sunkiai \u012fveikiamiems prausykl\u0173<br \/>\nne\u0161varumams pa\u0161alinti.<\/p>\n<p>Panaikina bakterijas, pa\u017eym\u0117jimas BSEN 1040.<\/p>\n<p class=\"MsoHeader\"><span style=\"text-indent: -18pt;\">Stipriai parfumuotas ( apelsin\u0173 kvapo ), palieka ilgai i\u0161liekant\u012f \u0161varos kvap\u0105.<\/span><\/p>\n<p class=\"MsoHeader\">Sud\u0117tis: nejonin\u0117s, amfoterin\u0117s ir katijonin\u0117s pavir\u0161iaus aktyviosios med\u017eiagos,<br \/>\ncitrinos r\u016bg\u0161tis, glikolio eteris ir kvapai.<\/p>\n<p class=\"MsoHeader\">Ekologija: visos pavir\u0161iaus aktyviosios med\u017eiagos, naudojamos Evans Vanodine produktuose<br \/>\natitinka Europos Taisykles d\u0117l biologinio skilimo ir aplinkos apsaugos.<\/p>\n<p class=\"MsoHeader\"><span style=\"font-weight: bold;\">SVARBU! Nenaudokite valiklio emaliuotoms vonioms, marmurui ar kalkakmeniui valyti.<\/span><\/p>\n<p class=\"MsoHeader\">Kiekis: 5000 ml<\/p>\n<p class=\"MsoHeader\">Galiojimo laikas ( neatidarytas ): ne ma\u017eiau 3 metai<\/p>\n<p class=\"MsoHeader\">Valiklis parduodamas plastikin\u0117je talpoje.<\/p>\n<p class=\"MsoHeader\">Kilm\u0117s \u0161alis: Did\u017eioji Britanija<\/p>\n<p class=\"MsoNormal\">","protected":false},"excerpt":{"rendered":"<p>Labai efektyvus baktericidinis valiklis skirtas \u012fvairiems pavir\u0161iams. Pa\u0161alina kalki\u0173 nuos\u0117das, riebalus ir kitus sunkiai \u012fveikiamus<br \/>\nne\u0161varumus.<\/p>","protected":false},"featured_media":30394,"comment_status":"open","ping_status":"closed","template":"","meta":{"_season_start":"","_season_end":"","_season_days":"","_season_months":"","_season_auto_visibility":"1"},"product_brand":[620],"product_cat":[1676],"product_tag":[],"class_list":{"0":"post-20451","1":"product","2":"type-product","3":"status-publish","4":"has-post-thumbnail","6":"product_brand-evans","7":"product_cat-universalus-valikliai","9":"first","10":"instock","11":"sale","12":"taxable","13":"shipping-taxable","14":"purchasable","15":"product-type-simple"},"yoast_head":"<!-- This site is optimized with the Yoast SEO plugin v26.1.1 - https:\/\/yoast.com\/wordpress\/plugins\/seo\/ -->\n<title>Universalus valiklis Clean Fast 5000ml Evans A010EEV2 - Rutana - Ra\u0161tin\u0117s reikmenys<\/title>\n<meta name=\"robots\" content=\"index, follow, max-snippet:-1, max-image-preview:large, max-video-preview:-1\" \/>\n<link rel=\"canonical\" href=\"https:\/\/rutana.lt\/en\/product\/universalus-valiklis-clean-fast-5000ml-evans-a010eev2\/\" \/>\n<meta property=\"og:locale\" content=\"en_US\" \/>\n<meta property=\"og:type\" content=\"article\" \/>\n<meta property=\"og:title\" content=\"Universalus valiklis Clean Fast 5000ml Evans A010EEV2 - Rutana - Ra\u0161tin\u0117s reikmenys\" \/>\n<meta property=\"og:description\" content=\"Labai efektyvus baktericidinis valiklis skirtas \u012fvairiems pavir\u0161iams. Pa\u0161alina kalki\u0173 nuos\u0117das, riebalus ir kitus sunkiai \u012fveikiamus ne\u0161varumus.\" \/>\n<meta property=\"og:url\" content=\"https:\/\/rutana.lt\/en\/product\/universalus-valiklis-clean-fast-5000ml-evans-a010eev2\/\" \/>\n<meta property=\"og:site_name\" content=\"Rutana - Ra\u0161tin\u0117s reikmenys\" \/>\n<meta property=\"article:publisher\" content=\"https:\/\/www.facebook.com\/RutanaKanceliarinesPrekes\/\" \/>\n<meta property=\"article:modified_time\" content=\"2026-04-08T13:26:58+00:00\" \/>\n<meta property=\"og:image\" content=\"https:\/\/rutana.lt\/wp-content\/uploads\/2025\/09\/B095-317-1.jpg?v=1763562979\" \/>\n\t<meta property=\"og:image:width\" content=\"1000\" \/>\n\t<meta property=\"og:image:height\" content=\"1000\" \/>\n\t<meta property=\"og:image:type\" content=\"image\/jpeg\" \/>\n<meta name=\"twitter:card\" content=\"summary_large_image\" \/>\n<meta name=\"twitter:label1\" content=\"Est. reading time\" \/>\n\t<meta name=\"twitter:data1\" content=\"1 minute\" \/>\n<script type=\"application\/ld+json\" class=\"yoast-schema-graph\">{\"@context\":\"https:\/\/schema.org\",\"@graph\":[{\"@type\":\"WebPage\",\"@id\":\"https:\/\/rutana.lt\/produktas\/universalus-valiklis-clean-fast-5000ml-evans-a010eev2\/\",\"url\":\"https:\/\/rutana.lt\/produktas\/universalus-valiklis-clean-fast-5000ml-evans-a010eev2\/\",\"name\":\"Universalus valiklis Clean Fast 5000ml Evans A010EEV2 - Rutana - Ra\u0161tin\u0117s reikmenys\",\"isPartOf\":{\"@id\":\"https:\/\/rutana.lt\/#website\"},\"primaryImageOfPage\":{\"@id\":\"https:\/\/rutana.lt\/produktas\/universalus-valiklis-clean-fast-5000ml-evans-a010eev2\/#primaryimage\"},\"image\":{\"@id\":\"https:\/\/rutana.lt\/produktas\/universalus-valiklis-clean-fast-5000ml-evans-a010eev2\/#primaryimage\"},\"thumbnailUrl\":\"https:\/\/rutana.lt\/wp-content\/uploads\/2025\/09\/B095-317-1.jpg?v=1763562979\",\"datePublished\":\"2025-09-03T08:13:16+00:00\",\"dateModified\":\"2026-04-08T13:26:58+00:00\",\"breadcrumb\":{\"@id\":\"https:\/\/rutana.lt\/produktas\/universalus-valiklis-clean-fast-5000ml-evans-a010eev2\/#breadcrumb\"},\"inLanguage\":\"en-US\",\"potentialAction\":[{\"@type\":\"ReadAction\",\"target\":[\"https:\/\/rutana.lt\/produktas\/universalus-valiklis-clean-fast-5000ml-evans-a010eev2\/\"]}]},{\"@type\":\"ImageObject\",\"inLanguage\":\"en-US\",\"@id\":\"https:\/\/rutana.lt\/produktas\/universalus-valiklis-clean-fast-5000ml-evans-a010eev2\/#primaryimage\",\"url\":\"https:\/\/rutana.lt\/wp-content\/uploads\/2025\/09\/B095-317-1.jpg?v=1763562979\",\"contentUrl\":\"https:\/\/rutana.lt\/wp-content\/uploads\/2025\/09\/B095-317-1.jpg?v=1763562979\",\"width\":1000,\"height\":1000},{\"@type\":\"BreadcrumbList\",\"@id\":\"https:\/\/rutana.lt\/produktas\/universalus-valiklis-clean-fast-5000ml-evans-a010eev2\/#breadcrumb\",\"itemListElement\":[{\"@type\":\"ListItem\",\"position\":1,\"name\":\"Home\",\"item\":\"https:\/\/rutana.lt\/\"},{\"@type\":\"ListItem\",\"position\":2,\"name\":\"Parduotuv\u0117\",\"item\":\"https:\/\/rutana.lt\/parduotuve\/\"},{\"@type\":\"ListItem\",\"position\":3,\"name\":\"Universalus valiklis Clean Fast 5000ml Evans A010EEV2\"}]},{\"@type\":\"WebSite\",\"@id\":\"https:\/\/rutana.lt\/#website\",\"url\":\"https:\/\/rutana.lt\/\",\"name\":\"Rutana - Ra\u0161tin\u0117s reikmenys\",\"description\":\"Prekiaujame pasaulin\u0117je rinkoje pripa\u017eintomis, kokybi\u0161komis biuro prek\u0117mis toki\u0173  gamintoj\u0173 kaip: Schneider, Esselte, Novus, 3M, Faber-Castell, Citizen, Milan, Leitz, Colop, Zebra, Staedtler, Durable, Tork, Parker, Waterman ir kt.\",\"publisher\":{\"@id\":\"https:\/\/rutana.lt\/#organization\"},\"potentialAction\":[{\"@type\":\"SearchAction\",\"target\":{\"@type\":\"EntryPoint\",\"urlTemplate\":\"https:\/\/rutana.lt\/?s={search_term_string}\"},\"query-input\":{\"@type\":\"PropertyValueSpecification\",\"valueRequired\":true,\"valueName\":\"search_term_string\"}}],\"inLanguage\":\"en-US\"},{\"@type\":\"Organization\",\"@id\":\"https:\/\/rutana.lt\/#organization\",\"name\":\"Rutana - Ra\u0161tin\u0117s reikmenys\",\"url\":\"https:\/\/rutana.lt\/\",\"logo\":{\"@type\":\"ImageObject\",\"inLanguage\":\"en-US\",\"@id\":\"https:\/\/rutana.lt\/#\/schema\/logo\/image\/\",\"url\":\"https:\/\/rutana.lt\/wp-content\/uploads\/2025\/10\/Asset-32.png\",\"contentUrl\":\"https:\/\/rutana.lt\/wp-content\/uploads\/2025\/10\/Asset-32.png\",\"width\":433,\"height\":119,\"caption\":\"Rutana - Ra\u0161tin\u0117s reikmenys\"},\"image\":{\"@id\":\"https:\/\/rutana.lt\/#\/schema\/logo\/image\/\"},\"sameAs\":[\"https:\/\/www.facebook.com\/RutanaKanceliarinesPrekes\/\"]}]}<\/script>\n<!-- \/ Yoast SEO plugin. -->","yoast_head_json":{"title":"Universalus valiklis Clean Fast 5000ml Evans A010EEV2 - Rutana - Ra\u0161tin\u0117s reikmenys","robots":{"index":"index","follow":"follow","max-snippet":"max-snippet:-1","max-image-preview":"max-image-preview:large","max-video-preview":"max-video-preview:-1"},"canonical":"https:\/\/rutana.lt\/en\/product\/universalus-valiklis-clean-fast-5000ml-evans-a010eev2\/","og_locale":"en_US","og_type":"article","og_title":"Universalus valiklis Clean Fast 5000ml Evans A010EEV2 - Rutana - Ra\u0161tin\u0117s reikmenys","og_description":"Labai efektyvus baktericidinis valiklis skirtas \u012fvairiems pavir\u0161iams. Pa\u0161alina kalki\u0173 nuos\u0117das, riebalus ir kitus sunkiai \u012fveikiamus ne\u0161varumus.","og_url":"https:\/\/rutana.lt\/en\/product\/universalus-valiklis-clean-fast-5000ml-evans-a010eev2\/","og_site_name":"Rutana - Ra\u0161tin\u0117s reikmenys","article_publisher":"https:\/\/www.facebook.com\/RutanaKanceliarinesPrekes\/","article_modified_time":"2026-04-08T13:26:58+00:00","og_image":[{"width":1000,"height":1000,"url":"https:\/\/rutana.lt\/wp-content\/uploads\/2025\/09\/B095-317-1.jpg?v=1763562979","type":"image\/jpeg"}],"twitter_card":"summary_large_image","twitter_misc":{"Est. reading time":"1 minute"},"schema":{"@context":"https:\/\/schema.org","@graph":[{"@type":"WebPage","@id":"https:\/\/rutana.lt\/produktas\/universalus-valiklis-clean-fast-5000ml-evans-a010eev2\/","url":"https:\/\/rutana.lt\/produktas\/universalus-valiklis-clean-fast-5000ml-evans-a010eev2\/","name":"Universalus valiklis Clean Fast 5000ml Evans A010EEV2 - Rutana - Ra\u0161tin\u0117s reikmenys","isPartOf":{"@id":"https:\/\/rutana.lt\/#website"},"primaryImageOfPage":{"@id":"https:\/\/rutana.lt\/produktas\/universalus-valiklis-clean-fast-5000ml-evans-a010eev2\/#primaryimage"},"image":{"@id":"https:\/\/rutana.lt\/produktas\/universalus-valiklis-clean-fast-5000ml-evans-a010eev2\/#primaryimage"},"thumbnailUrl":"https:\/\/rutana.lt\/wp-content\/uploads\/2025\/09\/B095-317-1.jpg?v=1763562979","datePublished":"2025-09-03T08:13:16+00:00","dateModified":"2026-04-08T13:26:58+00:00","breadcrumb":{"@id":"https:\/\/rutana.lt\/produktas\/universalus-valiklis-clean-fast-5000ml-evans-a010eev2\/#breadcrumb"},"inLanguage":"en-US","potentialAction":[{"@type":"ReadAction","target":["https:\/\/rutana.lt\/produktas\/universalus-valiklis-clean-fast-5000ml-evans-a010eev2\/"]}]},{"@type":"ImageObject","inLanguage":"en-US","@id":"https:\/\/rutana.lt\/produktas\/universalus-valiklis-clean-fast-5000ml-evans-a010eev2\/#primaryimage","url":"https:\/\/rutana.lt\/wp-content\/uploads\/2025\/09\/B095-317-1.jpg?v=1763562979","contentUrl":"https:\/\/rutana.lt\/wp-content\/uploads\/2025\/09\/B095-317-1.jpg?v=1763562979","width":1000,"height":1000},{"@type":"BreadcrumbList","@id":"https:\/\/rutana.lt\/produktas\/universalus-valiklis-clean-fast-5000ml-evans-a010eev2\/#breadcrumb","itemListElement":[{"@type":"ListItem","position":1,"name":"Home","item":"https:\/\/rutana.lt\/"},{"@type":"ListItem","position":2,"name":"Parduotuv\u0117","item":"https:\/\/rutana.lt\/parduotuve\/"},{"@type":"ListItem","position":3,"name":"Universalus valiklis Clean Fast 5000ml Evans A010EEV2"}]},{"@type":"WebSite","@id":"https:\/\/rutana.lt\/#website","url":"https:\/\/rutana.lt\/","name":"Rutana - Ra\u0161tin\u0117s reikmenys","description":"Prekiaujame pasaulin\u0117je rinkoje pripa\u017eintomis, kokybi\u0161komis biuro prek\u0117mis toki\u0173  gamintoj\u0173 kaip: Schneider, Esselte, Novus, 3M, Faber-Castell, Citizen, Milan, Leitz, Colop, Zebra, Staedtler, Durable, Tork, Parker, Waterman ir kt.","publisher":{"@id":"https:\/\/rutana.lt\/#organization"},"potentialAction":[{"@type":"SearchAction","target":{"@type":"EntryPoint","urlTemplate":"https:\/\/rutana.lt\/?s={search_term_string}"},"query-input":{"@type":"PropertyValueSpecification","valueRequired":true,"valueName":"search_term_string"}}],"inLanguage":"en-US"},{"@type":"Organization","@id":"https:\/\/rutana.lt\/#organization","name":"Rutana - Ra\u0161tin\u0117s reikmenys","url":"https:\/\/rutana.lt\/","logo":{"@type":"ImageObject","inLanguage":"en-US","@id":"https:\/\/rutana.lt\/#\/schema\/logo\/image\/","url":"https:\/\/rutana.lt\/wp-content\/uploads\/2025\/10\/Asset-32.png","contentUrl":"https:\/\/rutana.lt\/wp-content\/uploads\/2025\/10\/Asset-32.png","width":433,"height":119,"caption":"Rutana - Ra\u0161tin\u0117s reikmenys"},"image":{"@id":"https:\/\/rutana.lt\/#\/schema\/logo\/image\/"},"sameAs":["https:\/\/www.facebook.com\/RutanaKanceliarinesPrekes\/"]}]}},"_links":{"self":[{"href":"https:\/\/rutana.lt\/en\/wp-json\/wp\/v2\/product\/20451","targetHints":{"allow":["GET"]}}],"collection":[{"href":"https:\/\/rutana.lt\/en\/wp-json\/wp\/v2\/product"}],"about":[{"href":"https:\/\/rutana.lt\/en\/wp-json\/wp\/v2\/types\/product"}],"replies":[{"embeddable":true,"href":"https:\/\/rutana.lt\/en\/wp-json\/wp\/v2\/comments?post=20451"}],"version-history":[{"count":3,"href":"https:\/\/rutana.lt\/en\/wp-json\/wp\/v2\/product\/20451\/revisions"}],"predecessor-version":[{"id":35661,"href":"https:\/\/rutana.lt\/en\/wp-json\/wp\/v2\/product\/20451\/revisions\/35661"}],"wp:featuredmedia":[{"embeddable":true,"href":"https:\/\/rutana.lt\/en\/wp-json\/wp\/v2\/media\/30394"}],"wp:attachment":[{"href":"https:\/\/rutana.lt\/en\/wp-json\/wp\/v2\/media?parent=20451"}],"wp:term":[{"taxonomy":"product_brand","embeddable":true,"href":"https:\/\/rutana.lt\/en\/wp-json\/wp\/v2\/product_brand?post=20451"},{"taxonomy":"product_cat","embeddable":true,"href":"https:\/\/rutana.lt\/en\/wp-json\/wp\/v2\/product_cat?post=20451"},{"taxonomy":"product_tag","embeddable":true,"href":"https:\/\/rutana.lt\/en\/wp-json\/wp\/v2\/product_tag?post=20451"}],"curies":[{"name":"wp","href":"https:\/\/api.w.org\/{rel}","templated":true}]}}