{"id":20402,"date":"2025-09-03T10:12:52","date_gmt":"2025-09-03T08:12:52","guid":{"rendered":"https:\/\/rutana.webdemo.lt\/?post_type=product&#038;p=20402"},"modified":"2025-10-13T16:01:50","modified_gmt":"2025-10-13T14:01:50","slug":"maiselis-popierinis-21x12x27cm-juodas-aromatic-89","status":"publish","type":"product","link":"https:\/\/rutana.lt\/en\/product\/maiselis-popierinis-21x12x27cm-juodas-aromatic-89\/","title":{"rendered":"Mai\u0161elis popierinis 21x12x27cm juodas Aromatic 89"},"content":{"rendered":"<p>Popierinis mai\u0161elis su ranken\u0117l\u0117mis, pagamintas i\u0161 tvirto popieriaus. Ant mai\u0161elio u\u017ed\u0117tas auksinio atspalvio Aromatic 89 gamintojo logotipas ir reklaminis tekstas. Puikiai dera dovanoti su Aromatic 89 produkcija, kurios galite i\u0161sirinkti i\u0161 plataus asortimento m\u016bs\u0173 svetain\u0117je.<\/p>\n<p>Spalva: juoda<\/p>\n<p style=\"margin-bottom: 10px;\">Mai\u0161elio matmenys: 21 x 12 x 27 cm<\/p>\n<p style=\"margin-bottom: 10px;\">Mai\u0161elio dydis: M<\/p>\n<p style=\"margin-bottom: 10px;\">Kilm\u0117s \u0161alis: Lietuva<\/p><\/p>","protected":false},"excerpt":{"rendered":"<p>Popierinis mai\u0161elis su ranken\u0117l\u0117mis, pagamintas i\u0161 tvirto popieriaus. Ant mai\u0161elio u\u017ed\u0117tas auksinio atspalvio Aromatic 89 gamintojo logotipas ir reklaminis tekstas. Puikiai dera dovanoti su Aromatic 89 produkcija, kurios galite i\u0161sirinkti i\u0161 plataus asortimento m\u016bs\u0173 svetain\u0117je. Spalva: juoda Mai\u0161elio matmenys: 21 x 12 x 27 cm Mai\u0161elio dydis: M Kilm\u0117s \u0161alis: Lietuva<\/p>","protected":false},"featured_media":30385,"comment_status":"open","ping_status":"closed","template":"","meta":{"_season_start":"","_season_end":"","_season_days":"","_season_months":"","_season_auto_visibility":""},"product_brand":[789],"product_cat":[1723],"product_tag":[],"class_list":{"0":"post-20402","1":"product","2":"type-product","3":"status-publish","4":"has-post-thumbnail","6":"product_brand-aromatic-89","7":"product_cat-dovanu-maiseliai","9":"first","10":"instock","11":"taxable","12":"shipping-taxable","13":"purchasable","14":"product-type-simple"},"yoast_head":"<!-- This site is optimized with the Yoast SEO plugin v27.4 - https:\/\/yoast.com\/product\/yoast-seo-wordpress\/ -->\n<title>Mai\u0161elis popierinis 21x12x27cm juodas Aromatic 89 - Rutana - Ra\u0161tin\u0117s reikmenys<\/title>\n<meta name=\"robots\" content=\"index, follow, max-snippet:-1, max-image-preview:large, max-video-preview:-1\" \/>\n<link rel=\"canonical\" href=\"https:\/\/rutana.lt\/en\/product\/maiselis-popierinis-21x12x27cm-juodas-aromatic-89\/\" \/>\n<meta property=\"og:locale\" content=\"en_US\" \/>\n<meta property=\"og:type\" content=\"article\" \/>\n<meta property=\"og:title\" content=\"Mai\u0161elis popierinis 21x12x27cm juodas Aromatic 89 - Rutana - Ra\u0161tin\u0117s reikmenys\" \/>\n<meta property=\"og:description\" content=\"Popierinis mai\u0161elis su ranken\u0117l\u0117mis, pagamintas i\u0161 tvirto popieriaus. Ant mai\u0161elio u\u017ed\u0117tas auksinio atspalvio Aromatic 89 gamintojo logotipas ir reklaminis tekstas. Puikiai dera dovanoti su Aromatic 89 produkcija, kurios galite i\u0161sirinkti i\u0161 plataus asortimento m\u016bs\u0173 svetain\u0117je. Spalva: juoda Mai\u0161elio matmenys: 21 x 12 x 27 cm Mai\u0161elio dydis: M Kilm\u0117s \u0161alis: Lietuva\" \/>\n<meta property=\"og:url\" content=\"https:\/\/rutana.lt\/en\/product\/maiselis-popierinis-21x12x27cm-juodas-aromatic-89\/\" \/>\n<meta property=\"og:site_name\" content=\"Rutana - Ra\u0161tin\u0117s reikmenys\" \/>\n<meta property=\"article:publisher\" content=\"https:\/\/www.facebook.com\/RutanaKanceliarinesPrekes\/\" \/>\n<meta property=\"article:modified_time\" content=\"2025-10-13T14:01:50+00:00\" \/>\n<meta property=\"og:image\" content=\"https:\/\/rutana.lt\/wp-content\/uploads\/2025\/09\/B196-421.jpg\" \/>\n\t<meta property=\"og:image:width\" content=\"1000\" \/>\n\t<meta property=\"og:image:height\" content=\"1000\" \/>\n\t<meta property=\"og:image:type\" content=\"image\/jpeg\" \/>\n<meta name=\"twitter:card\" content=\"summary_large_image\" \/>\n<script type=\"application\/ld+json\" class=\"yoast-schema-graph\">{\"@context\":\"https:\\\/\\\/schema.org\",\"@graph\":[{\"@type\":\"WebPage\",\"@id\":\"https:\\\/\\\/rutana.lt\\\/produktas\\\/maiselis-popierinis-21x12x27cm-juodas-aromatic-89\\\/\",\"url\":\"https:\\\/\\\/rutana.lt\\\/produktas\\\/maiselis-popierinis-21x12x27cm-juodas-aromatic-89\\\/\",\"name\":\"Mai\u0161elis popierinis 21x12x27cm juodas Aromatic 89 - Rutana - Ra\u0161tin\u0117s reikmenys\",\"isPartOf\":{\"@id\":\"https:\\\/\\\/rutana.lt\\\/#website\"},\"primaryImageOfPage\":{\"@id\":\"https:\\\/\\\/rutana.lt\\\/produktas\\\/maiselis-popierinis-21x12x27cm-juodas-aromatic-89\\\/#primaryimage\"},\"image\":{\"@id\":\"https:\\\/\\\/rutana.lt\\\/produktas\\\/maiselis-popierinis-21x12x27cm-juodas-aromatic-89\\\/#primaryimage\"},\"thumbnailUrl\":\"https:\\\/\\\/rutana.lt\\\/wp-content\\\/uploads\\\/2025\\\/09\\\/B196-421-2.jpg?v=1763562992\",\"datePublished\":\"2025-09-03T08:12:52+00:00\",\"dateModified\":\"2025-10-13T14:01:50+00:00\",\"breadcrumb\":{\"@id\":\"https:\\\/\\\/rutana.lt\\\/produktas\\\/maiselis-popierinis-21x12x27cm-juodas-aromatic-89\\\/#breadcrumb\"},\"inLanguage\":\"en-US\",\"potentialAction\":[{\"@type\":\"ReadAction\",\"target\":[\"https:\\\/\\\/rutana.lt\\\/produktas\\\/maiselis-popierinis-21x12x27cm-juodas-aromatic-89\\\/\"]}]},{\"@type\":\"ImageObject\",\"inLanguage\":\"en-US\",\"@id\":\"https:\\\/\\\/rutana.lt\\\/produktas\\\/maiselis-popierinis-21x12x27cm-juodas-aromatic-89\\\/#primaryimage\",\"url\":\"https:\\\/\\\/rutana.lt\\\/wp-content\\\/uploads\\\/2025\\\/09\\\/B196-421-2.jpg?v=1763562992\",\"contentUrl\":\"https:\\\/\\\/rutana.lt\\\/wp-content\\\/uploads\\\/2025\\\/09\\\/B196-421-2.jpg?v=1763562992\",\"width\":1000,\"height\":1000},{\"@type\":\"BreadcrumbList\",\"@id\":\"https:\\\/\\\/rutana.lt\\\/produktas\\\/maiselis-popierinis-21x12x27cm-juodas-aromatic-89\\\/#breadcrumb\",\"itemListElement\":[{\"@type\":\"ListItem\",\"position\":1,\"name\":\"Home\",\"item\":\"https:\\\/\\\/rutana.lt\\\/\"},{\"@type\":\"ListItem\",\"position\":2,\"name\":\"Parduotuv\u0117\",\"item\":\"https:\\\/\\\/rutana.lt\\\/parduotuve\\\/\"},{\"@type\":\"ListItem\",\"position\":3,\"name\":\"Mai\u0161elis popierinis 21x12x27cm juodas Aromatic 89\"}]},{\"@type\":\"WebSite\",\"@id\":\"https:\\\/\\\/rutana.lt\\\/#website\",\"url\":\"https:\\\/\\\/rutana.lt\\\/\",\"name\":\"Rutana - Ra\u0161tin\u0117s reikmenys\",\"description\":\"Prekiaujame pasaulin\u0117je rinkoje pripa\u017eintomis, kokybi\u0161komis biuro prek\u0117mis toki\u0173  gamintoj\u0173 kaip: Schneider, Esselte, Novus, 3M, Faber-Castell, Citizen, Milan, Leitz, Colop, Zebra, Staedtler, Durable, Tork, Parker, Waterman ir kt.\",\"publisher\":{\"@id\":\"https:\\\/\\\/rutana.lt\\\/#organization\"},\"potentialAction\":[{\"@type\":\"SearchAction\",\"target\":{\"@type\":\"EntryPoint\",\"urlTemplate\":\"https:\\\/\\\/rutana.lt\\\/?s={search_term_string}\"},\"query-input\":{\"@type\":\"PropertyValueSpecification\",\"valueRequired\":true,\"valueName\":\"search_term_string\"}}],\"inLanguage\":\"en-US\"},{\"@type\":\"Organization\",\"@id\":\"https:\\\/\\\/rutana.lt\\\/#organization\",\"name\":\"Rutana - Ra\u0161tin\u0117s reikmenys\",\"url\":\"https:\\\/\\\/rutana.lt\\\/\",\"logo\":{\"@type\":\"ImageObject\",\"inLanguage\":\"en-US\",\"@id\":\"https:\\\/\\\/rutana.lt\\\/#\\\/schema\\\/logo\\\/image\\\/\",\"url\":\"https:\\\/\\\/rutana.lt\\\/wp-content\\\/uploads\\\/2025\\\/10\\\/Asset-32.png\",\"contentUrl\":\"https:\\\/\\\/rutana.lt\\\/wp-content\\\/uploads\\\/2025\\\/10\\\/Asset-32.png\",\"width\":433,\"height\":119,\"caption\":\"Rutana - Ra\u0161tin\u0117s reikmenys\"},\"image\":{\"@id\":\"https:\\\/\\\/rutana.lt\\\/#\\\/schema\\\/logo\\\/image\\\/\"},\"sameAs\":[\"https:\\\/\\\/www.facebook.com\\\/RutanaKanceliarinesPrekes\\\/\"]}]}<\/script>\n<!-- \/ Yoast SEO plugin. -->","yoast_head_json":{"title":"Mai\u0161elis popierinis 21x12x27cm juodas Aromatic 89 - Rutana - Ra\u0161tin\u0117s reikmenys","robots":{"index":"index","follow":"follow","max-snippet":"max-snippet:-1","max-image-preview":"max-image-preview:large","max-video-preview":"max-video-preview:-1"},"canonical":"https:\/\/rutana.lt\/en\/product\/maiselis-popierinis-21x12x27cm-juodas-aromatic-89\/","og_locale":"en_US","og_type":"article","og_title":"Mai\u0161elis popierinis 21x12x27cm juodas Aromatic 89 - Rutana - Ra\u0161tin\u0117s reikmenys","og_description":"Popierinis mai\u0161elis su ranken\u0117l\u0117mis, pagamintas i\u0161 tvirto popieriaus. Ant mai\u0161elio u\u017ed\u0117tas auksinio atspalvio Aromatic 89 gamintojo logotipas ir reklaminis tekstas. Puikiai dera dovanoti su Aromatic 89 produkcija, kurios galite i\u0161sirinkti i\u0161 plataus asortimento m\u016bs\u0173 svetain\u0117je. Spalva: juoda Mai\u0161elio matmenys: 21 x 12 x 27 cm Mai\u0161elio dydis: M Kilm\u0117s \u0161alis: Lietuva","og_url":"https:\/\/rutana.lt\/en\/product\/maiselis-popierinis-21x12x27cm-juodas-aromatic-89\/","og_site_name":"Rutana - Ra\u0161tin\u0117s reikmenys","article_publisher":"https:\/\/www.facebook.com\/RutanaKanceliarinesPrekes\/","article_modified_time":"2025-10-13T14:01:50+00:00","og_image":[{"width":1000,"height":1000,"url":"https:\/\/rutana.lt\/wp-content\/uploads\/2025\/09\/B196-421.jpg","type":"image\/jpeg"}],"twitter_card":"summary_large_image","schema":{"@context":"https:\/\/schema.org","@graph":[{"@type":"WebPage","@id":"https:\/\/rutana.lt\/produktas\/maiselis-popierinis-21x12x27cm-juodas-aromatic-89\/","url":"https:\/\/rutana.lt\/produktas\/maiselis-popierinis-21x12x27cm-juodas-aromatic-89\/","name":"Mai\u0161elis popierinis 21x12x27cm juodas Aromatic 89 - Rutana - Ra\u0161tin\u0117s reikmenys","isPartOf":{"@id":"https:\/\/rutana.lt\/#website"},"primaryImageOfPage":{"@id":"https:\/\/rutana.lt\/produktas\/maiselis-popierinis-21x12x27cm-juodas-aromatic-89\/#primaryimage"},"image":{"@id":"https:\/\/rutana.lt\/produktas\/maiselis-popierinis-21x12x27cm-juodas-aromatic-89\/#primaryimage"},"thumbnailUrl":"https:\/\/rutana.lt\/wp-content\/uploads\/2025\/09\/B196-421-2.jpg?v=1763562992","datePublished":"2025-09-03T08:12:52+00:00","dateModified":"2025-10-13T14:01:50+00:00","breadcrumb":{"@id":"https:\/\/rutana.lt\/produktas\/maiselis-popierinis-21x12x27cm-juodas-aromatic-89\/#breadcrumb"},"inLanguage":"en-US","potentialAction":[{"@type":"ReadAction","target":["https:\/\/rutana.lt\/produktas\/maiselis-popierinis-21x12x27cm-juodas-aromatic-89\/"]}]},{"@type":"ImageObject","inLanguage":"en-US","@id":"https:\/\/rutana.lt\/produktas\/maiselis-popierinis-21x12x27cm-juodas-aromatic-89\/#primaryimage","url":"https:\/\/rutana.lt\/wp-content\/uploads\/2025\/09\/B196-421-2.jpg?v=1763562992","contentUrl":"https:\/\/rutana.lt\/wp-content\/uploads\/2025\/09\/B196-421-2.jpg?v=1763562992","width":1000,"height":1000},{"@type":"BreadcrumbList","@id":"https:\/\/rutana.lt\/produktas\/maiselis-popierinis-21x12x27cm-juodas-aromatic-89\/#breadcrumb","itemListElement":[{"@type":"ListItem","position":1,"name":"Home","item":"https:\/\/rutana.lt\/"},{"@type":"ListItem","position":2,"name":"Parduotuv\u0117","item":"https:\/\/rutana.lt\/parduotuve\/"},{"@type":"ListItem","position":3,"name":"Mai\u0161elis popierinis 21x12x27cm juodas Aromatic 89"}]},{"@type":"WebSite","@id":"https:\/\/rutana.lt\/#website","url":"https:\/\/rutana.lt\/","name":"Rutana - Ra\u0161tin\u0117s reikmenys","description":"Prekiaujame pasaulin\u0117je rinkoje pripa\u017eintomis, kokybi\u0161komis biuro prek\u0117mis toki\u0173  gamintoj\u0173 kaip: Schneider, Esselte, Novus, 3M, Faber-Castell, Citizen, Milan, Leitz, Colop, Zebra, Staedtler, Durable, Tork, Parker, Waterman ir kt.","publisher":{"@id":"https:\/\/rutana.lt\/#organization"},"potentialAction":[{"@type":"SearchAction","target":{"@type":"EntryPoint","urlTemplate":"https:\/\/rutana.lt\/?s={search_term_string}"},"query-input":{"@type":"PropertyValueSpecification","valueRequired":true,"valueName":"search_term_string"}}],"inLanguage":"en-US"},{"@type":"Organization","@id":"https:\/\/rutana.lt\/#organization","name":"Rutana - Ra\u0161tin\u0117s reikmenys","url":"https:\/\/rutana.lt\/","logo":{"@type":"ImageObject","inLanguage":"en-US","@id":"https:\/\/rutana.lt\/#\/schema\/logo\/image\/","url":"https:\/\/rutana.lt\/wp-content\/uploads\/2025\/10\/Asset-32.png","contentUrl":"https:\/\/rutana.lt\/wp-content\/uploads\/2025\/10\/Asset-32.png","width":433,"height":119,"caption":"Rutana - Ra\u0161tin\u0117s reikmenys"},"image":{"@id":"https:\/\/rutana.lt\/#\/schema\/logo\/image\/"},"sameAs":["https:\/\/www.facebook.com\/RutanaKanceliarinesPrekes\/"]}]}},"_links":{"self":[{"href":"https:\/\/rutana.lt\/en\/wp-json\/wp\/v2\/product\/20402","targetHints":{"allow":["GET"]}}],"collection":[{"href":"https:\/\/rutana.lt\/en\/wp-json\/wp\/v2\/product"}],"about":[{"href":"https:\/\/rutana.lt\/en\/wp-json\/wp\/v2\/types\/product"}],"replies":[{"embeddable":true,"href":"https:\/\/rutana.lt\/en\/wp-json\/wp\/v2\/comments?post=20402"}],"version-history":[{"count":1,"href":"https:\/\/rutana.lt\/en\/wp-json\/wp\/v2\/product\/20402\/revisions"}],"predecessor-version":[{"id":20440,"href":"https:\/\/rutana.lt\/en\/wp-json\/wp\/v2\/product\/20402\/revisions\/20440"}],"wp:featuredmedia":[{"embeddable":true,"href":"https:\/\/rutana.lt\/en\/wp-json\/wp\/v2\/media\/30385"}],"wp:attachment":[{"href":"https:\/\/rutana.lt\/en\/wp-json\/wp\/v2\/media?parent=20402"}],"wp:term":[{"taxonomy":"product_brand","embeddable":true,"href":"https:\/\/rutana.lt\/en\/wp-json\/wp\/v2\/product_brand?post=20402"},{"taxonomy":"product_cat","embeddable":true,"href":"https:\/\/rutana.lt\/en\/wp-json\/wp\/v2\/product_cat?post=20402"},{"taxonomy":"product_tag","embeddable":true,"href":"https:\/\/rutana.lt\/en\/wp-json\/wp\/v2\/product_tag?post=20402"}],"curies":[{"name":"wp","href":"https:\/\/api.w.org\/{rel}","templated":true}]}}