{"id":20388,"date":"2025-09-03T10:12:50","date_gmt":"2025-09-03T08:12:50","guid":{"rendered":"https:\/\/rutana.webdemo.lt\/?post_type=product&#038;p=20388"},"modified":"2025-10-13T16:01:44","modified_gmt":"2025-10-13T14:01:44","slug":"parfumuotas-automobilio-paneles-valiklis-by-design-100ml-aromatic-89","status":"publish","type":"product","link":"https:\/\/rutana.lt\/en\/product\/parfumuotas-automobilio-paneles-valiklis-by-design-100ml-aromatic-89\/","title":{"rendered":"Parfumuotas automobilio panel\u0117s valiklis &#8222;By Design&#8221; 100ml Aromatic 89"},"content":{"rendered":"<p>Auk\u0161tos kokyb\u0117s automobilio paneli\u0173 valiklis ne tik panaikins riebal\u0173, purvo ar skys\u010di\u0173 paliktus ne\u0161varumus, bet ir prisodrins salon\u0105 i\u0161skirtiniais aromat\u0173 \u017eaismais. Priemon\u0117 pasi\u017eymi tuo, kad ji lengvai valo nepa\u017eeisdama pavir\u0161iaus ir greitai d\u017ei\u016bsta nepalikdama riebumo ar valymo \u017eymi\u0173. D\u0117l produkto sud\u0117tyje esan\u010dio antistatinio priedo, po atlikt\u0173 \u0161varos darb\u0173 pasteb\u0117site, kad ant valom\u0173 automobilio pavir\u0161i\u0173 dulk\u0117s kaupiasi re\u010diau ir jos yra lengviau nuvalomos. Ilgai i\u0161liekan\u010dia \u0161vara ir aromatinga gaiva gal\u0117site m\u0117gautis kaskart \u012fs\u0117dus \u012f automobil\u012f!<\/p>\n<p>Kvapo pavadinimas: BY DESIGN<\/p>\n<p class=\"MsoNoSpacing\" style=\"margin-bottom: 10px;\"><o:p><\/o:p><\/p>\n<p style=\"margin-bottom: 10px;\">\n<p class=\"MsoNoSpacing\" style=\"margin-bottom: 10px;\"><span style=\"text-align: center;\">Vir\u0161utin\u0117s natos: <\/span>juodieji serbentai, bergamot\u0117, obuolys, ananasas<br style=\"text-align: center;\"><span style=\"text-align: center;\">Vidurin\u0117s natos: <\/span>ro\u017e\u0117, jazminas<br style=\"text-align: center;\"><span style=\"text-align: center;\">Apatin\u0117s natos: <\/span>sodin\u0117 briedrag\u0117, muskusas, gintaras, vanil\u0117<\/p>\n<p class=\"MsoNoSpacing\" style=\"margin-bottom: 10px;\">Talpa: 100 ml<\/p>\n<p class=\"MsoNoSpacing\" style=\"margin-bottom: 10px;\">Buteliukas: plastikinis, su purk\u0161tuku<\/p>\n<p style=\"margin-bottom: 10px;\">Kilm\u0117s \u0161alis: Lietuva<\/p>\n<div class=\"legal-info\" style=\"width: 1434px; font-style: italic; font-size: 10px; color: rgb(33, 33, 33); transition: none !important;\"><\/div>","protected":false},"excerpt":{"rendered":"<p>Auk\u0161tos kokyb\u0117s automobilio paneli\u0173 valiklis ne tik panaikins riebal\u0173, purvo ar skys\u010di\u0173 paliktus ne\u0161varumus, bet ir prisodrins salon\u0105 i\u0161skirtiniais aromat\u0173 \u017eaismais. Priemon\u0117 pasi\u017eymi tuo, kad ji lengvai valo nepa\u017eeisdama pavir\u0161iaus ir greitai d\u017ei\u016bsta nepalikdama riebumo ar valymo \u017eymi\u0173. D\u0117l produkto sud\u0117tyje esan\u010dio antistatinio priedo, po atlikt\u0173 \u0161varos darb\u0173 pasteb\u0117site, kad ant valom\u0173 automobilio pavir\u0161i\u0173 dulk\u0117s [&hellip;]<\/p>","protected":false},"featured_media":30371,"comment_status":"open","ping_status":"closed","template":"","meta":{"_season_start":"","_season_end":"","_season_days":"","_season_months":"","_season_auto_visibility":""},"product_brand":[789],"product_cat":[1896],"product_tag":[],"class_list":{"0":"post-20388","1":"product","2":"type-product","3":"status-publish","4":"has-post-thumbnail","6":"product_brand-aromatic-89","7":"product_cat-automobiliu-kvapai-ir-valymas","9":"first","10":"instock","11":"taxable","12":"shipping-taxable","13":"purchasable","14":"product-type-simple"},"yoast_head":"<!-- This site is optimized with the Yoast SEO plugin v26.1.1 - https:\/\/yoast.com\/wordpress\/plugins\/seo\/ -->\n<title>Parfumuotas automobilio panel\u0117s valiklis &quot;By Design&quot; 100ml Aromatic 89 - Rutana - Ra\u0161tin\u0117s reikmenys<\/title>\n<meta name=\"robots\" content=\"index, follow, max-snippet:-1, max-image-preview:large, max-video-preview:-1\" \/>\n<link rel=\"canonical\" href=\"https:\/\/rutana.lt\/en\/product\/parfumuotas-automobilio-paneles-valiklis-by-design-100ml-aromatic-89\/\" \/>\n<meta property=\"og:locale\" content=\"en_US\" \/>\n<meta property=\"og:type\" content=\"article\" \/>\n<meta property=\"og:title\" content=\"Parfumuotas automobilio panel\u0117s valiklis &quot;By Design&quot; 100ml Aromatic 89 - Rutana - Ra\u0161tin\u0117s reikmenys\" \/>\n<meta property=\"og:description\" content=\"Auk\u0161tos kokyb\u0117s automobilio paneli\u0173 valiklis ne tik panaikins riebal\u0173, purvo ar skys\u010di\u0173 paliktus ne\u0161varumus, bet ir prisodrins salon\u0105 i\u0161skirtiniais aromat\u0173 \u017eaismais. Priemon\u0117 pasi\u017eymi tuo, kad ji lengvai valo nepa\u017eeisdama pavir\u0161iaus ir greitai d\u017ei\u016bsta nepalikdama riebumo ar valymo \u017eymi\u0173. D\u0117l produkto sud\u0117tyje esan\u010dio antistatinio priedo, po atlikt\u0173 \u0161varos darb\u0173 pasteb\u0117site, kad ant valom\u0173 automobilio pavir\u0161i\u0173 dulk\u0117s [&hellip;]\" \/>\n<meta property=\"og:url\" content=\"https:\/\/rutana.lt\/en\/product\/parfumuotas-automobilio-paneles-valiklis-by-design-100ml-aromatic-89\/\" \/>\n<meta property=\"og:site_name\" content=\"Rutana - Ra\u0161tin\u0117s reikmenys\" \/>\n<meta property=\"article:publisher\" content=\"https:\/\/www.facebook.com\/RutanaKanceliarinesPrekes\/\" \/>\n<meta property=\"article:modified_time\" content=\"2025-10-13T14:01:44+00:00\" \/>\n<meta property=\"og:image\" content=\"https:\/\/rutana.lt\/wp-content\/uploads\/2025\/09\/B196-414.jpg\" \/>\n\t<meta property=\"og:image:width\" content=\"1000\" \/>\n\t<meta property=\"og:image:height\" content=\"1000\" \/>\n\t<meta property=\"og:image:type\" content=\"image\/jpeg\" \/>\n<meta name=\"twitter:card\" content=\"summary_large_image\" \/>\n<meta name=\"twitter:label1\" content=\"Est. reading time\" \/>\n\t<meta name=\"twitter:data1\" content=\"1 minute\" \/>\n<script type=\"application\/ld+json\" class=\"yoast-schema-graph\">{\"@context\":\"https:\/\/schema.org\",\"@graph\":[{\"@type\":\"WebPage\",\"@id\":\"https:\/\/rutana.lt\/produktas\/parfumuotas-automobilio-paneles-valiklis-by-design-100ml-aromatic-89\/\",\"url\":\"https:\/\/rutana.lt\/produktas\/parfumuotas-automobilio-paneles-valiklis-by-design-100ml-aromatic-89\/\",\"name\":\"Parfumuotas automobilio panel\u0117s valiklis \\\"By Design\\\" 100ml Aromatic 89 - Rutana - Ra\u0161tin\u0117s reikmenys\",\"isPartOf\":{\"@id\":\"https:\/\/rutana.lt\/#website\"},\"primaryImageOfPage\":{\"@id\":\"https:\/\/rutana.lt\/produktas\/parfumuotas-automobilio-paneles-valiklis-by-design-100ml-aromatic-89\/#primaryimage\"},\"image\":{\"@id\":\"https:\/\/rutana.lt\/produktas\/parfumuotas-automobilio-paneles-valiklis-by-design-100ml-aromatic-89\/#primaryimage\"},\"thumbnailUrl\":\"https:\/\/rutana.lt\/wp-content\/uploads\/2025\/09\/B196-414-1.jpg?v=1763563015\",\"datePublished\":\"2025-09-03T08:12:50+00:00\",\"dateModified\":\"2025-10-13T14:01:44+00:00\",\"breadcrumb\":{\"@id\":\"https:\/\/rutana.lt\/produktas\/parfumuotas-automobilio-paneles-valiklis-by-design-100ml-aromatic-89\/#breadcrumb\"},\"inLanguage\":\"en-US\",\"potentialAction\":[{\"@type\":\"ReadAction\",\"target\":[\"https:\/\/rutana.lt\/produktas\/parfumuotas-automobilio-paneles-valiklis-by-design-100ml-aromatic-89\/\"]}]},{\"@type\":\"ImageObject\",\"inLanguage\":\"en-US\",\"@id\":\"https:\/\/rutana.lt\/produktas\/parfumuotas-automobilio-paneles-valiklis-by-design-100ml-aromatic-89\/#primaryimage\",\"url\":\"https:\/\/rutana.lt\/wp-content\/uploads\/2025\/09\/B196-414-1.jpg?v=1763563015\",\"contentUrl\":\"https:\/\/rutana.lt\/wp-content\/uploads\/2025\/09\/B196-414-1.jpg?v=1763563015\",\"width\":1000,\"height\":1000},{\"@type\":\"BreadcrumbList\",\"@id\":\"https:\/\/rutana.lt\/produktas\/parfumuotas-automobilio-paneles-valiklis-by-design-100ml-aromatic-89\/#breadcrumb\",\"itemListElement\":[{\"@type\":\"ListItem\",\"position\":1,\"name\":\"Home\",\"item\":\"https:\/\/rutana.lt\/\"},{\"@type\":\"ListItem\",\"position\":2,\"name\":\"Parduotuv\u0117\",\"item\":\"https:\/\/rutana.lt\/parduotuve\/\"},{\"@type\":\"ListItem\",\"position\":3,\"name\":\"Parfumuotas automobilio panel\u0117s valiklis &#8222;By Design&#8221; 100ml Aromatic 89\"}]},{\"@type\":\"WebSite\",\"@id\":\"https:\/\/rutana.lt\/#website\",\"url\":\"https:\/\/rutana.lt\/\",\"name\":\"Rutana - Ra\u0161tin\u0117s reikmenys\",\"description\":\"Prekiaujame pasaulin\u0117je rinkoje pripa\u017eintomis, kokybi\u0161komis biuro prek\u0117mis toki\u0173  gamintoj\u0173 kaip: Schneider, Esselte, Novus, 3M, Faber-Castell, Citizen, Milan, Leitz, Colop, Zebra, Staedtler, Durable, Tork, Parker, Waterman ir kt.\",\"publisher\":{\"@id\":\"https:\/\/rutana.lt\/#organization\"},\"potentialAction\":[{\"@type\":\"SearchAction\",\"target\":{\"@type\":\"EntryPoint\",\"urlTemplate\":\"https:\/\/rutana.lt\/?s={search_term_string}\"},\"query-input\":{\"@type\":\"PropertyValueSpecification\",\"valueRequired\":true,\"valueName\":\"search_term_string\"}}],\"inLanguage\":\"en-US\"},{\"@type\":\"Organization\",\"@id\":\"https:\/\/rutana.lt\/#organization\",\"name\":\"Rutana - Ra\u0161tin\u0117s reikmenys\",\"url\":\"https:\/\/rutana.lt\/\",\"logo\":{\"@type\":\"ImageObject\",\"inLanguage\":\"en-US\",\"@id\":\"https:\/\/rutana.lt\/#\/schema\/logo\/image\/\",\"url\":\"https:\/\/rutana.lt\/wp-content\/uploads\/2025\/10\/Asset-32.png\",\"contentUrl\":\"https:\/\/rutana.lt\/wp-content\/uploads\/2025\/10\/Asset-32.png\",\"width\":433,\"height\":119,\"caption\":\"Rutana - Ra\u0161tin\u0117s reikmenys\"},\"image\":{\"@id\":\"https:\/\/rutana.lt\/#\/schema\/logo\/image\/\"},\"sameAs\":[\"https:\/\/www.facebook.com\/RutanaKanceliarinesPrekes\/\"]}]}<\/script>\n<!-- \/ Yoast SEO plugin. -->","yoast_head_json":{"title":"Parfumuotas automobilio panel\u0117s valiklis \"By Design\" 100ml Aromatic 89 - Rutana - Ra\u0161tin\u0117s reikmenys","robots":{"index":"index","follow":"follow","max-snippet":"max-snippet:-1","max-image-preview":"max-image-preview:large","max-video-preview":"max-video-preview:-1"},"canonical":"https:\/\/rutana.lt\/en\/product\/parfumuotas-automobilio-paneles-valiklis-by-design-100ml-aromatic-89\/","og_locale":"en_US","og_type":"article","og_title":"Parfumuotas automobilio panel\u0117s valiklis \"By Design\" 100ml Aromatic 89 - Rutana - Ra\u0161tin\u0117s reikmenys","og_description":"Auk\u0161tos kokyb\u0117s automobilio paneli\u0173 valiklis ne tik panaikins riebal\u0173, purvo ar skys\u010di\u0173 paliktus ne\u0161varumus, bet ir prisodrins salon\u0105 i\u0161skirtiniais aromat\u0173 \u017eaismais. Priemon\u0117 pasi\u017eymi tuo, kad ji lengvai valo nepa\u017eeisdama pavir\u0161iaus ir greitai d\u017ei\u016bsta nepalikdama riebumo ar valymo \u017eymi\u0173. D\u0117l produkto sud\u0117tyje esan\u010dio antistatinio priedo, po atlikt\u0173 \u0161varos darb\u0173 pasteb\u0117site, kad ant valom\u0173 automobilio pavir\u0161i\u0173 dulk\u0117s [&hellip;]","og_url":"https:\/\/rutana.lt\/en\/product\/parfumuotas-automobilio-paneles-valiklis-by-design-100ml-aromatic-89\/","og_site_name":"Rutana - Ra\u0161tin\u0117s reikmenys","article_publisher":"https:\/\/www.facebook.com\/RutanaKanceliarinesPrekes\/","article_modified_time":"2025-10-13T14:01:44+00:00","og_image":[{"width":1000,"height":1000,"url":"https:\/\/rutana.lt\/wp-content\/uploads\/2025\/09\/B196-414.jpg","type":"image\/jpeg"}],"twitter_card":"summary_large_image","twitter_misc":{"Est. reading time":"1 minute"},"schema":{"@context":"https:\/\/schema.org","@graph":[{"@type":"WebPage","@id":"https:\/\/rutana.lt\/produktas\/parfumuotas-automobilio-paneles-valiklis-by-design-100ml-aromatic-89\/","url":"https:\/\/rutana.lt\/produktas\/parfumuotas-automobilio-paneles-valiklis-by-design-100ml-aromatic-89\/","name":"Parfumuotas automobilio panel\u0117s valiklis \"By Design\" 100ml Aromatic 89 - Rutana - Ra\u0161tin\u0117s reikmenys","isPartOf":{"@id":"https:\/\/rutana.lt\/#website"},"primaryImageOfPage":{"@id":"https:\/\/rutana.lt\/produktas\/parfumuotas-automobilio-paneles-valiklis-by-design-100ml-aromatic-89\/#primaryimage"},"image":{"@id":"https:\/\/rutana.lt\/produktas\/parfumuotas-automobilio-paneles-valiklis-by-design-100ml-aromatic-89\/#primaryimage"},"thumbnailUrl":"https:\/\/rutana.lt\/wp-content\/uploads\/2025\/09\/B196-414-1.jpg?v=1763563015","datePublished":"2025-09-03T08:12:50+00:00","dateModified":"2025-10-13T14:01:44+00:00","breadcrumb":{"@id":"https:\/\/rutana.lt\/produktas\/parfumuotas-automobilio-paneles-valiklis-by-design-100ml-aromatic-89\/#breadcrumb"},"inLanguage":"en-US","potentialAction":[{"@type":"ReadAction","target":["https:\/\/rutana.lt\/produktas\/parfumuotas-automobilio-paneles-valiklis-by-design-100ml-aromatic-89\/"]}]},{"@type":"ImageObject","inLanguage":"en-US","@id":"https:\/\/rutana.lt\/produktas\/parfumuotas-automobilio-paneles-valiklis-by-design-100ml-aromatic-89\/#primaryimage","url":"https:\/\/rutana.lt\/wp-content\/uploads\/2025\/09\/B196-414-1.jpg?v=1763563015","contentUrl":"https:\/\/rutana.lt\/wp-content\/uploads\/2025\/09\/B196-414-1.jpg?v=1763563015","width":1000,"height":1000},{"@type":"BreadcrumbList","@id":"https:\/\/rutana.lt\/produktas\/parfumuotas-automobilio-paneles-valiklis-by-design-100ml-aromatic-89\/#breadcrumb","itemListElement":[{"@type":"ListItem","position":1,"name":"Home","item":"https:\/\/rutana.lt\/"},{"@type":"ListItem","position":2,"name":"Parduotuv\u0117","item":"https:\/\/rutana.lt\/parduotuve\/"},{"@type":"ListItem","position":3,"name":"Parfumuotas automobilio panel\u0117s valiklis &#8222;By Design&#8221; 100ml Aromatic 89"}]},{"@type":"WebSite","@id":"https:\/\/rutana.lt\/#website","url":"https:\/\/rutana.lt\/","name":"Rutana - Ra\u0161tin\u0117s reikmenys","description":"Prekiaujame pasaulin\u0117je rinkoje pripa\u017eintomis, kokybi\u0161komis biuro prek\u0117mis toki\u0173  gamintoj\u0173 kaip: Schneider, Esselte, Novus, 3M, Faber-Castell, Citizen, Milan, Leitz, Colop, Zebra, Staedtler, Durable, Tork, Parker, Waterman ir kt.","publisher":{"@id":"https:\/\/rutana.lt\/#organization"},"potentialAction":[{"@type":"SearchAction","target":{"@type":"EntryPoint","urlTemplate":"https:\/\/rutana.lt\/?s={search_term_string}"},"query-input":{"@type":"PropertyValueSpecification","valueRequired":true,"valueName":"search_term_string"}}],"inLanguage":"en-US"},{"@type":"Organization","@id":"https:\/\/rutana.lt\/#organization","name":"Rutana - Ra\u0161tin\u0117s reikmenys","url":"https:\/\/rutana.lt\/","logo":{"@type":"ImageObject","inLanguage":"en-US","@id":"https:\/\/rutana.lt\/#\/schema\/logo\/image\/","url":"https:\/\/rutana.lt\/wp-content\/uploads\/2025\/10\/Asset-32.png","contentUrl":"https:\/\/rutana.lt\/wp-content\/uploads\/2025\/10\/Asset-32.png","width":433,"height":119,"caption":"Rutana - Ra\u0161tin\u0117s reikmenys"},"image":{"@id":"https:\/\/rutana.lt\/#\/schema\/logo\/image\/"},"sameAs":["https:\/\/www.facebook.com\/RutanaKanceliarinesPrekes\/"]}]}},"_links":{"self":[{"href":"https:\/\/rutana.lt\/en\/wp-json\/wp\/v2\/product\/20388","targetHints":{"allow":["GET"]}}],"collection":[{"href":"https:\/\/rutana.lt\/en\/wp-json\/wp\/v2\/product"}],"about":[{"href":"https:\/\/rutana.lt\/en\/wp-json\/wp\/v2\/types\/product"}],"replies":[{"embeddable":true,"href":"https:\/\/rutana.lt\/en\/wp-json\/wp\/v2\/comments?post=20388"}],"version-history":[{"count":1,"href":"https:\/\/rutana.lt\/en\/wp-json\/wp\/v2\/product\/20388\/revisions"}],"predecessor-version":[{"id":20412,"href":"https:\/\/rutana.lt\/en\/wp-json\/wp\/v2\/product\/20388\/revisions\/20412"}],"wp:featuredmedia":[{"embeddable":true,"href":"https:\/\/rutana.lt\/en\/wp-json\/wp\/v2\/media\/30371"}],"wp:attachment":[{"href":"https:\/\/rutana.lt\/en\/wp-json\/wp\/v2\/media?parent=20388"}],"wp:term":[{"taxonomy":"product_brand","embeddable":true,"href":"https:\/\/rutana.lt\/en\/wp-json\/wp\/v2\/product_brand?post=20388"},{"taxonomy":"product_cat","embeddable":true,"href":"https:\/\/rutana.lt\/en\/wp-json\/wp\/v2\/product_cat?post=20388"},{"taxonomy":"product_tag","embeddable":true,"href":"https:\/\/rutana.lt\/en\/wp-json\/wp\/v2\/product_tag?post=20388"}],"curies":[{"name":"wp","href":"https:\/\/api.w.org\/{rel}","templated":true}]}}