{"id":20342,"date":"2025-09-03T10:12:28","date_gmt":"2025-09-03T08:12:28","guid":{"rendered":"https:\/\/rutana.webdemo.lt\/?post_type=product&#038;p=20342"},"modified":"2025-10-13T16:01:39","modified_gmt":"2025-10-13T14:01:39","slug":"serdele-rollerball-rasikliui-0-5mm-f-juoda-parker-1950321","status":"publish","type":"product","link":"https:\/\/rutana.lt\/en\/product\/serdele-rollerball-rasikliui-0-5mm-f-juoda-parker-1950321\/","title":{"rendered":"\u0160erdel\u0117 Rollerball ra\u0161ikliui 0.5mm F juoda Parker 1950321"},"content":{"rendered":"<p>\u201eQuink\u201c roleri\u0173 ra\u0161ikli\u0173 papildymai, pasi\u017eymintys skland\u017eiu, ai\u0161kiomis linijomis ir patogiu ra\u0161ymo stiliumi, u\u017etikrinantys maksimali\u0105 kontrol\u0119 minimaliomis pastangomis ir puik\u0173 rezultat\u0105 kiekvien\u0105 kart\u0105. \u0160is papildymas idealiai tinka kiekvienam \u201eParker\u201c Rollerball ra\u0161ikliui.<\/p>\n<p>Ra\u0161alo spalva: juoda<\/p>\n<p>Br\u0117\u017eio storis: 0.5 mm ( F )<\/p>\n<p><\/p>\n<p><\/p>\n<p><\/p>","protected":false},"excerpt":{"rendered":"<p>\u201eQuink\u201c roleri\u0173 ra\u0161ikli\u0173 papildymai, pasi\u017eymintys skland\u017eiu, ai\u0161kiomis linijomis ir patogiu ra\u0161ymo stiliumi, u\u017etikrinantys maksimali\u0105 kontrol\u0119 minimaliomis pastangomis ir puik\u0173 rezultat\u0105 kiekvien\u0105 kart\u0105. \u0160is papildymas idealiai tinka kiekvienam \u201eParker\u201c Rollerball ra\u0161ikliui. Ra\u0161alo spalva: juoda Br\u0117\u017eio storis: 0.5 mm ( F )<\/p>","protected":false},"featured_media":30363,"comment_status":"open","ping_status":"closed","template":"","meta":{"_season_start":"","_season_end":"","_season_days":"","_season_months":"","_season_auto_visibility":""},"product_brand":[559],"product_cat":[1858],"product_tag":[],"class_list":{"0":"post-20342","1":"product","2":"type-product","3":"status-publish","4":"has-post-thumbnail","6":"product_brand-parker","7":"product_cat-serdeles-gelio-rasikliams","9":"first","10":"instock","11":"taxable","12":"shipping-taxable","13":"purchasable","14":"product-type-simple"},"yoast_head":"<!-- This site is optimized with the Yoast SEO plugin v26.1.1 - https:\/\/yoast.com\/wordpress\/plugins\/seo\/ -->\n<title>\u0160erdel\u0117 Rollerball ra\u0161ikliui 0.5mm F juoda Parker 1950321 - Rutana - Ra\u0161tin\u0117s reikmenys<\/title>\n<meta name=\"robots\" content=\"index, follow, max-snippet:-1, max-image-preview:large, max-video-preview:-1\" \/>\n<link rel=\"canonical\" href=\"https:\/\/rutana.lt\/en\/product\/serdele-rollerball-rasikliui-0-5mm-f-juoda-parker-1950321\/\" \/>\n<meta property=\"og:locale\" content=\"en_US\" \/>\n<meta property=\"og:type\" content=\"article\" \/>\n<meta property=\"og:title\" content=\"\u0160erdel\u0117 Rollerball ra\u0161ikliui 0.5mm F juoda Parker 1950321 - Rutana - Ra\u0161tin\u0117s reikmenys\" \/>\n<meta property=\"og:description\" content=\"\u201eQuink\u201c roleri\u0173 ra\u0161ikli\u0173 papildymai, pasi\u017eymintys skland\u017eiu, ai\u0161kiomis linijomis ir patogiu ra\u0161ymo stiliumi, u\u017etikrinantys maksimali\u0105 kontrol\u0119 minimaliomis pastangomis ir puik\u0173 rezultat\u0105 kiekvien\u0105 kart\u0105. \u0160is papildymas idealiai tinka kiekvienam \u201eParker\u201c Rollerball ra\u0161ikliui. Ra\u0161alo spalva: juoda Br\u0117\u017eio storis: 0.5 mm ( F )\" \/>\n<meta property=\"og:url\" content=\"https:\/\/rutana.lt\/en\/product\/serdele-rollerball-rasikliui-0-5mm-f-juoda-parker-1950321\/\" \/>\n<meta property=\"og:site_name\" content=\"Rutana - Ra\u0161tin\u0117s reikmenys\" \/>\n<meta property=\"article:publisher\" content=\"https:\/\/www.facebook.com\/RutanaKanceliarinesPrekes\/\" \/>\n<meta property=\"article:modified_time\" content=\"2025-10-13T14:01:39+00:00\" \/>\n<meta property=\"og:image\" content=\"https:\/\/rutana.lt\/wp-content\/uploads\/2025\/09\/C079-004.jpg\" \/>\n\t<meta property=\"og:image:width\" content=\"1000\" \/>\n\t<meta property=\"og:image:height\" content=\"1000\" \/>\n\t<meta property=\"og:image:type\" content=\"image\/jpeg\" \/>\n<meta name=\"twitter:card\" content=\"summary_large_image\" \/>\n<script type=\"application\/ld+json\" class=\"yoast-schema-graph\">{\"@context\":\"https:\/\/schema.org\",\"@graph\":[{\"@type\":\"WebPage\",\"@id\":\"https:\/\/rutana.lt\/produktas\/serdele-rollerball-rasikliui-0-5mm-f-juoda-parker-1950321\/\",\"url\":\"https:\/\/rutana.lt\/produktas\/serdele-rollerball-rasikliui-0-5mm-f-juoda-parker-1950321\/\",\"name\":\"\u0160erdel\u0117 Rollerball ra\u0161ikliui 0.5mm F juoda Parker 1950321 - Rutana - Ra\u0161tin\u0117s reikmenys\",\"isPartOf\":{\"@id\":\"https:\/\/rutana.lt\/#website\"},\"primaryImageOfPage\":{\"@id\":\"https:\/\/rutana.lt\/produktas\/serdele-rollerball-rasikliui-0-5mm-f-juoda-parker-1950321\/#primaryimage\"},\"image\":{\"@id\":\"https:\/\/rutana.lt\/produktas\/serdele-rollerball-rasikliui-0-5mm-f-juoda-parker-1950321\/#primaryimage\"},\"thumbnailUrl\":\"https:\/\/rutana.lt\/wp-content\/uploads\/2025\/09\/C079-004-1.jpg?v=1763563028\",\"datePublished\":\"2025-09-03T08:12:28+00:00\",\"dateModified\":\"2025-10-13T14:01:39+00:00\",\"breadcrumb\":{\"@id\":\"https:\/\/rutana.lt\/produktas\/serdele-rollerball-rasikliui-0-5mm-f-juoda-parker-1950321\/#breadcrumb\"},\"inLanguage\":\"en-US\",\"potentialAction\":[{\"@type\":\"ReadAction\",\"target\":[\"https:\/\/rutana.lt\/produktas\/serdele-rollerball-rasikliui-0-5mm-f-juoda-parker-1950321\/\"]}]},{\"@type\":\"ImageObject\",\"inLanguage\":\"en-US\",\"@id\":\"https:\/\/rutana.lt\/produktas\/serdele-rollerball-rasikliui-0-5mm-f-juoda-parker-1950321\/#primaryimage\",\"url\":\"https:\/\/rutana.lt\/wp-content\/uploads\/2025\/09\/C079-004-1.jpg?v=1763563028\",\"contentUrl\":\"https:\/\/rutana.lt\/wp-content\/uploads\/2025\/09\/C079-004-1.jpg?v=1763563028\",\"width\":1000,\"height\":1000},{\"@type\":\"BreadcrumbList\",\"@id\":\"https:\/\/rutana.lt\/produktas\/serdele-rollerball-rasikliui-0-5mm-f-juoda-parker-1950321\/#breadcrumb\",\"itemListElement\":[{\"@type\":\"ListItem\",\"position\":1,\"name\":\"Home\",\"item\":\"https:\/\/rutana.lt\/\"},{\"@type\":\"ListItem\",\"position\":2,\"name\":\"Parduotuv\u0117\",\"item\":\"https:\/\/rutana.lt\/parduotuve\/\"},{\"@type\":\"ListItem\",\"position\":3,\"name\":\"\u0160erdel\u0117 Rollerball ra\u0161ikliui 0.5mm F juoda Parker 1950321\"}]},{\"@type\":\"WebSite\",\"@id\":\"https:\/\/rutana.lt\/#website\",\"url\":\"https:\/\/rutana.lt\/\",\"name\":\"Rutana - Ra\u0161tin\u0117s reikmenys\",\"description\":\"Prekiaujame pasaulin\u0117je rinkoje pripa\u017eintomis, kokybi\u0161komis biuro prek\u0117mis toki\u0173  gamintoj\u0173 kaip: Schneider, Esselte, Novus, 3M, Faber-Castell, Citizen, Milan, Leitz, Colop, Zebra, Staedtler, Durable, Tork, Parker, Waterman ir kt.\",\"publisher\":{\"@id\":\"https:\/\/rutana.lt\/#organization\"},\"potentialAction\":[{\"@type\":\"SearchAction\",\"target\":{\"@type\":\"EntryPoint\",\"urlTemplate\":\"https:\/\/rutana.lt\/?s={search_term_string}\"},\"query-input\":{\"@type\":\"PropertyValueSpecification\",\"valueRequired\":true,\"valueName\":\"search_term_string\"}}],\"inLanguage\":\"en-US\"},{\"@type\":\"Organization\",\"@id\":\"https:\/\/rutana.lt\/#organization\",\"name\":\"Rutana - Ra\u0161tin\u0117s reikmenys\",\"url\":\"https:\/\/rutana.lt\/\",\"logo\":{\"@type\":\"ImageObject\",\"inLanguage\":\"en-US\",\"@id\":\"https:\/\/rutana.lt\/#\/schema\/logo\/image\/\",\"url\":\"https:\/\/rutana.lt\/wp-content\/uploads\/2025\/10\/Asset-32.png\",\"contentUrl\":\"https:\/\/rutana.lt\/wp-content\/uploads\/2025\/10\/Asset-32.png\",\"width\":433,\"height\":119,\"caption\":\"Rutana - Ra\u0161tin\u0117s reikmenys\"},\"image\":{\"@id\":\"https:\/\/rutana.lt\/#\/schema\/logo\/image\/\"},\"sameAs\":[\"https:\/\/www.facebook.com\/RutanaKanceliarinesPrekes\/\"]}]}<\/script>\n<!-- \/ Yoast SEO plugin. -->","yoast_head_json":{"title":"\u0160erdel\u0117 Rollerball ra\u0161ikliui 0.5mm F juoda Parker 1950321 - Rutana - Ra\u0161tin\u0117s reikmenys","robots":{"index":"index","follow":"follow","max-snippet":"max-snippet:-1","max-image-preview":"max-image-preview:large","max-video-preview":"max-video-preview:-1"},"canonical":"https:\/\/rutana.lt\/en\/product\/serdele-rollerball-rasikliui-0-5mm-f-juoda-parker-1950321\/","og_locale":"en_US","og_type":"article","og_title":"\u0160erdel\u0117 Rollerball ra\u0161ikliui 0.5mm F juoda Parker 1950321 - Rutana - Ra\u0161tin\u0117s reikmenys","og_description":"\u201eQuink\u201c roleri\u0173 ra\u0161ikli\u0173 papildymai, pasi\u017eymintys skland\u017eiu, ai\u0161kiomis linijomis ir patogiu ra\u0161ymo stiliumi, u\u017etikrinantys maksimali\u0105 kontrol\u0119 minimaliomis pastangomis ir puik\u0173 rezultat\u0105 kiekvien\u0105 kart\u0105. \u0160is papildymas idealiai tinka kiekvienam \u201eParker\u201c Rollerball ra\u0161ikliui. Ra\u0161alo spalva: juoda Br\u0117\u017eio storis: 0.5 mm ( F )","og_url":"https:\/\/rutana.lt\/en\/product\/serdele-rollerball-rasikliui-0-5mm-f-juoda-parker-1950321\/","og_site_name":"Rutana - Ra\u0161tin\u0117s reikmenys","article_publisher":"https:\/\/www.facebook.com\/RutanaKanceliarinesPrekes\/","article_modified_time":"2025-10-13T14:01:39+00:00","og_image":[{"width":1000,"height":1000,"url":"https:\/\/rutana.lt\/wp-content\/uploads\/2025\/09\/C079-004.jpg","type":"image\/jpeg"}],"twitter_card":"summary_large_image","schema":{"@context":"https:\/\/schema.org","@graph":[{"@type":"WebPage","@id":"https:\/\/rutana.lt\/produktas\/serdele-rollerball-rasikliui-0-5mm-f-juoda-parker-1950321\/","url":"https:\/\/rutana.lt\/produktas\/serdele-rollerball-rasikliui-0-5mm-f-juoda-parker-1950321\/","name":"\u0160erdel\u0117 Rollerball ra\u0161ikliui 0.5mm F juoda Parker 1950321 - Rutana - Ra\u0161tin\u0117s reikmenys","isPartOf":{"@id":"https:\/\/rutana.lt\/#website"},"primaryImageOfPage":{"@id":"https:\/\/rutana.lt\/produktas\/serdele-rollerball-rasikliui-0-5mm-f-juoda-parker-1950321\/#primaryimage"},"image":{"@id":"https:\/\/rutana.lt\/produktas\/serdele-rollerball-rasikliui-0-5mm-f-juoda-parker-1950321\/#primaryimage"},"thumbnailUrl":"https:\/\/rutana.lt\/wp-content\/uploads\/2025\/09\/C079-004-1.jpg?v=1763563028","datePublished":"2025-09-03T08:12:28+00:00","dateModified":"2025-10-13T14:01:39+00:00","breadcrumb":{"@id":"https:\/\/rutana.lt\/produktas\/serdele-rollerball-rasikliui-0-5mm-f-juoda-parker-1950321\/#breadcrumb"},"inLanguage":"en-US","potentialAction":[{"@type":"ReadAction","target":["https:\/\/rutana.lt\/produktas\/serdele-rollerball-rasikliui-0-5mm-f-juoda-parker-1950321\/"]}]},{"@type":"ImageObject","inLanguage":"en-US","@id":"https:\/\/rutana.lt\/produktas\/serdele-rollerball-rasikliui-0-5mm-f-juoda-parker-1950321\/#primaryimage","url":"https:\/\/rutana.lt\/wp-content\/uploads\/2025\/09\/C079-004-1.jpg?v=1763563028","contentUrl":"https:\/\/rutana.lt\/wp-content\/uploads\/2025\/09\/C079-004-1.jpg?v=1763563028","width":1000,"height":1000},{"@type":"BreadcrumbList","@id":"https:\/\/rutana.lt\/produktas\/serdele-rollerball-rasikliui-0-5mm-f-juoda-parker-1950321\/#breadcrumb","itemListElement":[{"@type":"ListItem","position":1,"name":"Home","item":"https:\/\/rutana.lt\/"},{"@type":"ListItem","position":2,"name":"Parduotuv\u0117","item":"https:\/\/rutana.lt\/parduotuve\/"},{"@type":"ListItem","position":3,"name":"\u0160erdel\u0117 Rollerball ra\u0161ikliui 0.5mm F juoda Parker 1950321"}]},{"@type":"WebSite","@id":"https:\/\/rutana.lt\/#website","url":"https:\/\/rutana.lt\/","name":"Rutana - Ra\u0161tin\u0117s reikmenys","description":"Prekiaujame pasaulin\u0117je rinkoje pripa\u017eintomis, kokybi\u0161komis biuro prek\u0117mis toki\u0173  gamintoj\u0173 kaip: Schneider, Esselte, Novus, 3M, Faber-Castell, Citizen, Milan, Leitz, Colop, Zebra, Staedtler, Durable, Tork, Parker, Waterman ir kt.","publisher":{"@id":"https:\/\/rutana.lt\/#organization"},"potentialAction":[{"@type":"SearchAction","target":{"@type":"EntryPoint","urlTemplate":"https:\/\/rutana.lt\/?s={search_term_string}"},"query-input":{"@type":"PropertyValueSpecification","valueRequired":true,"valueName":"search_term_string"}}],"inLanguage":"en-US"},{"@type":"Organization","@id":"https:\/\/rutana.lt\/#organization","name":"Rutana - Ra\u0161tin\u0117s reikmenys","url":"https:\/\/rutana.lt\/","logo":{"@type":"ImageObject","inLanguage":"en-US","@id":"https:\/\/rutana.lt\/#\/schema\/logo\/image\/","url":"https:\/\/rutana.lt\/wp-content\/uploads\/2025\/10\/Asset-32.png","contentUrl":"https:\/\/rutana.lt\/wp-content\/uploads\/2025\/10\/Asset-32.png","width":433,"height":119,"caption":"Rutana - Ra\u0161tin\u0117s reikmenys"},"image":{"@id":"https:\/\/rutana.lt\/#\/schema\/logo\/image\/"},"sameAs":["https:\/\/www.facebook.com\/RutanaKanceliarinesPrekes\/"]}]}},"_links":{"self":[{"href":"https:\/\/rutana.lt\/en\/wp-json\/wp\/v2\/product\/20342","targetHints":{"allow":["GET"]}}],"collection":[{"href":"https:\/\/rutana.lt\/en\/wp-json\/wp\/v2\/product"}],"about":[{"href":"https:\/\/rutana.lt\/en\/wp-json\/wp\/v2\/types\/product"}],"replies":[{"embeddable":true,"href":"https:\/\/rutana.lt\/en\/wp-json\/wp\/v2\/comments?post=20342"}],"version-history":[{"count":1,"href":"https:\/\/rutana.lt\/en\/wp-json\/wp\/v2\/product\/20342\/revisions"}],"predecessor-version":[{"id":20377,"href":"https:\/\/rutana.lt\/en\/wp-json\/wp\/v2\/product\/20342\/revisions\/20377"}],"wp:featuredmedia":[{"embeddable":true,"href":"https:\/\/rutana.lt\/en\/wp-json\/wp\/v2\/media\/30363"}],"wp:attachment":[{"href":"https:\/\/rutana.lt\/en\/wp-json\/wp\/v2\/media?parent=20342"}],"wp:term":[{"taxonomy":"product_brand","embeddable":true,"href":"https:\/\/rutana.lt\/en\/wp-json\/wp\/v2\/product_brand?post=20342"},{"taxonomy":"product_cat","embeddable":true,"href":"https:\/\/rutana.lt\/en\/wp-json\/wp\/v2\/product_cat?post=20342"},{"taxonomy":"product_tag","embeddable":true,"href":"https:\/\/rutana.lt\/en\/wp-json\/wp\/v2\/product_tag?post=20342"}],"curies":[{"name":"wp","href":"https:\/\/api.w.org\/{rel}","templated":true}]}}