{"id":20334,"date":"2025-09-03T10:12:28","date_gmt":"2025-09-03T08:12:28","guid":{"rendered":"https:\/\/rutana.webdemo.lt\/?post_type=product&#038;p=20334"},"modified":"2025-10-13T16:01:36","modified_gmt":"2025-10-13T14:01:36","slug":"popieriniai-ranksluosciai-h2-z-fold-balti-papernet-416626","status":"publish","type":"product","link":"https:\/\/rutana.lt\/en\/product\/popieriniai-ranksluosciai-h2-z-fold-balti-papernet-416626\/","title":{"rendered":"Popieriniai rank\u0161luos\u010diai H2 Z-Fold balti Papernet 416626"},"content":{"rendered":"<p>Sulankstyti popieriniai rank\u0161luos\u010diai yra geriausias sprendimas efektyviam rank\u0173 d\u017eiovinimui, nes jie padeda suma\u017einti mikrob\u0173 ir bakterij\u0173 dauginim\u0105si ant rank\u0173 ir neleid\u017eia joms pasklisti aplinkoje. \u012evair\u016bs sulankstymo tipai atitinka visus poreikius, suma\u017eindami atliekas ir poveik\u012f aplinkai.<\/p>\n<p>Naudojama laikikli\u0173 sistema: H2 &#8211; rank\u0161luos\u010di\u0173 sistema<\/p>\n<p>I\u0161lankstytos servet\u0117l\u0117s ilgis: 24 cm<\/p>\n<p>I\u0161lankstytos servet\u0117l\u0117s plotis: 20.3 cm<\/p>\n<p>Sulankstyt\u0173 servet\u0117li\u0173 pakuot\u0117s ilgis: 8 cm<\/p>\n<p>Sulankstyt\u0173 servet\u0117li\u0173 pakuot\u0117s plotis: 20.3 cm<\/p>\n<p>Servet\u0117li\u0173 kiekis pakuot\u0117je: 200<\/p>\n<p>Sluoksniai: 2<\/p>\n<p>Spalva: balta<\/p>\n<p>Spauda: ne<\/p>\n<p>Reljefinis: taip<\/p>\n<p>Kilm\u0117s \u0161alis: Italija<\/p>\n<p><\/p>\n<p><\/p>","protected":false},"excerpt":{"rendered":"<p>Sulankstyti popieriniai rank\u0161luos\u010diai yra geriausias sprendimas efektyviam rank\u0173 d\u017eiovinimui, nes jie padeda suma\u017einti mikrob\u0173 ir bakterij\u0173 dauginim\u0105si ant rank\u0173 ir neleid\u017eia joms pasklisti aplinkoje. \u012evair\u016bs sulankstymo tipai atitinka visus poreikius, suma\u017eindami atliekas ir poveik\u012f aplinkai. Naudojama laikikli\u0173 sistema: H2 &#8211; rank\u0161luos\u010di\u0173 sistema I\u0161lankstytos servet\u0117l\u0117s ilgis: 24 cm I\u0161lankstytos servet\u0117l\u0117s plotis: 20.3 cm Sulankstyt\u0173 servet\u0117li\u0173 pakuot\u0117s [&hellip;]<\/p>","protected":false},"featured_media":30355,"comment_status":"open","ping_status":"closed","template":"","meta":{"_season_start":"","_season_end":"","_season_days":"","_season_months":"","_season_auto_visibility":""},"product_brand":[238],"product_cat":[1620],"product_tag":[],"class_list":{"0":"post-20334","1":"product","2":"type-product","3":"status-publish","4":"has-post-thumbnail","6":"product_brand-papernet","7":"product_cat-popieriniai-ranksluosciai","9":"first","10":"instock","11":"taxable","12":"shipping-taxable","13":"purchasable","14":"product-type-simple"},"yoast_head":"<!-- This site is optimized with the Yoast SEO plugin v26.1.1 - https:\/\/yoast.com\/wordpress\/plugins\/seo\/ -->\n<title>Popieriniai rank\u0161luos\u010diai H2 Z-Fold balti Papernet 416626 - Rutana - Ra\u0161tin\u0117s reikmenys<\/title>\n<meta name=\"robots\" content=\"index, follow, max-snippet:-1, max-image-preview:large, max-video-preview:-1\" \/>\n<link rel=\"canonical\" href=\"https:\/\/rutana.lt\/en\/product\/popieriniai-ranksluosciai-h2-z-fold-balti-papernet-416626\/\" \/>\n<meta property=\"og:locale\" content=\"en_US\" \/>\n<meta property=\"og:type\" content=\"article\" \/>\n<meta property=\"og:title\" content=\"Popieriniai rank\u0161luos\u010diai H2 Z-Fold balti Papernet 416626 - Rutana - Ra\u0161tin\u0117s reikmenys\" \/>\n<meta property=\"og:description\" content=\"Sulankstyti popieriniai rank\u0161luos\u010diai yra geriausias sprendimas efektyviam rank\u0173 d\u017eiovinimui, nes jie padeda suma\u017einti mikrob\u0173 ir bakterij\u0173 dauginim\u0105si ant rank\u0173 ir neleid\u017eia joms pasklisti aplinkoje. \u012evair\u016bs sulankstymo tipai atitinka visus poreikius, suma\u017eindami atliekas ir poveik\u012f aplinkai. Naudojama laikikli\u0173 sistema: H2 &#8211; rank\u0161luos\u010di\u0173 sistema I\u0161lankstytos servet\u0117l\u0117s ilgis: 24 cm I\u0161lankstytos servet\u0117l\u0117s plotis: 20.3 cm Sulankstyt\u0173 servet\u0117li\u0173 pakuot\u0117s [&hellip;]\" \/>\n<meta property=\"og:url\" content=\"https:\/\/rutana.lt\/en\/product\/popieriniai-ranksluosciai-h2-z-fold-balti-papernet-416626\/\" \/>\n<meta property=\"og:site_name\" content=\"Rutana - Ra\u0161tin\u0117s reikmenys\" \/>\n<meta property=\"article:publisher\" content=\"https:\/\/www.facebook.com\/RutanaKanceliarinesPrekes\/\" \/>\n<meta property=\"article:modified_time\" content=\"2025-10-13T14:01:36+00:00\" \/>\n<meta property=\"og:image\" content=\"https:\/\/rutana.lt\/wp-content\/uploads\/2025\/09\/A083-777.jpg\" \/>\n\t<meta property=\"og:image:width\" content=\"1000\" \/>\n\t<meta property=\"og:image:height\" content=\"1000\" \/>\n\t<meta property=\"og:image:type\" content=\"image\/jpeg\" \/>\n<meta name=\"twitter:card\" content=\"summary_large_image\" \/>\n<script type=\"application\/ld+json\" class=\"yoast-schema-graph\">{\"@context\":\"https:\/\/schema.org\",\"@graph\":[{\"@type\":\"WebPage\",\"@id\":\"https:\/\/rutana.lt\/produktas\/popieriniai-ranksluosciai-h2-z-fold-balti-papernet-416626\/\",\"url\":\"https:\/\/rutana.lt\/produktas\/popieriniai-ranksluosciai-h2-z-fold-balti-papernet-416626\/\",\"name\":\"Popieriniai rank\u0161luos\u010diai H2 Z-Fold balti Papernet 416626 - Rutana - Ra\u0161tin\u0117s reikmenys\",\"isPartOf\":{\"@id\":\"https:\/\/rutana.lt\/#website\"},\"primaryImageOfPage\":{\"@id\":\"https:\/\/rutana.lt\/produktas\/popieriniai-ranksluosciai-h2-z-fold-balti-papernet-416626\/#primaryimage\"},\"image\":{\"@id\":\"https:\/\/rutana.lt\/produktas\/popieriniai-ranksluosciai-h2-z-fold-balti-papernet-416626\/#primaryimage\"},\"thumbnailUrl\":\"https:\/\/rutana.lt\/wp-content\/uploads\/2025\/09\/A083-777-1.jpg?v=1763563038\",\"datePublished\":\"2025-09-03T08:12:28+00:00\",\"dateModified\":\"2025-10-13T14:01:36+00:00\",\"breadcrumb\":{\"@id\":\"https:\/\/rutana.lt\/produktas\/popieriniai-ranksluosciai-h2-z-fold-balti-papernet-416626\/#breadcrumb\"},\"inLanguage\":\"en-US\",\"potentialAction\":[{\"@type\":\"ReadAction\",\"target\":[\"https:\/\/rutana.lt\/produktas\/popieriniai-ranksluosciai-h2-z-fold-balti-papernet-416626\/\"]}]},{\"@type\":\"ImageObject\",\"inLanguage\":\"en-US\",\"@id\":\"https:\/\/rutana.lt\/produktas\/popieriniai-ranksluosciai-h2-z-fold-balti-papernet-416626\/#primaryimage\",\"url\":\"https:\/\/rutana.lt\/wp-content\/uploads\/2025\/09\/A083-777-1.jpg?v=1763563038\",\"contentUrl\":\"https:\/\/rutana.lt\/wp-content\/uploads\/2025\/09\/A083-777-1.jpg?v=1763563038\",\"width\":1000,\"height\":1000},{\"@type\":\"BreadcrumbList\",\"@id\":\"https:\/\/rutana.lt\/produktas\/popieriniai-ranksluosciai-h2-z-fold-balti-papernet-416626\/#breadcrumb\",\"itemListElement\":[{\"@type\":\"ListItem\",\"position\":1,\"name\":\"Home\",\"item\":\"https:\/\/rutana.lt\/\"},{\"@type\":\"ListItem\",\"position\":2,\"name\":\"Parduotuv\u0117\",\"item\":\"https:\/\/rutana.lt\/parduotuve\/\"},{\"@type\":\"ListItem\",\"position\":3,\"name\":\"Popieriniai rank\u0161luos\u010diai H2 Z-Fold balti Papernet 416626\"}]},{\"@type\":\"WebSite\",\"@id\":\"https:\/\/rutana.lt\/#website\",\"url\":\"https:\/\/rutana.lt\/\",\"name\":\"Rutana - Ra\u0161tin\u0117s reikmenys\",\"description\":\"Prekiaujame pasaulin\u0117je rinkoje pripa\u017eintomis, kokybi\u0161komis biuro prek\u0117mis toki\u0173  gamintoj\u0173 kaip: Schneider, Esselte, Novus, 3M, Faber-Castell, Citizen, Milan, Leitz, Colop, Zebra, Staedtler, Durable, Tork, Parker, Waterman ir kt.\",\"publisher\":{\"@id\":\"https:\/\/rutana.lt\/#organization\"},\"potentialAction\":[{\"@type\":\"SearchAction\",\"target\":{\"@type\":\"EntryPoint\",\"urlTemplate\":\"https:\/\/rutana.lt\/?s={search_term_string}\"},\"query-input\":{\"@type\":\"PropertyValueSpecification\",\"valueRequired\":true,\"valueName\":\"search_term_string\"}}],\"inLanguage\":\"en-US\"},{\"@type\":\"Organization\",\"@id\":\"https:\/\/rutana.lt\/#organization\",\"name\":\"Rutana - Ra\u0161tin\u0117s reikmenys\",\"url\":\"https:\/\/rutana.lt\/\",\"logo\":{\"@type\":\"ImageObject\",\"inLanguage\":\"en-US\",\"@id\":\"https:\/\/rutana.lt\/#\/schema\/logo\/image\/\",\"url\":\"https:\/\/rutana.lt\/wp-content\/uploads\/2025\/10\/Asset-32.png\",\"contentUrl\":\"https:\/\/rutana.lt\/wp-content\/uploads\/2025\/10\/Asset-32.png\",\"width\":433,\"height\":119,\"caption\":\"Rutana - Ra\u0161tin\u0117s reikmenys\"},\"image\":{\"@id\":\"https:\/\/rutana.lt\/#\/schema\/logo\/image\/\"},\"sameAs\":[\"https:\/\/www.facebook.com\/RutanaKanceliarinesPrekes\/\"]}]}<\/script>\n<!-- \/ Yoast SEO plugin. -->","yoast_head_json":{"title":"Popieriniai rank\u0161luos\u010diai H2 Z-Fold balti Papernet 416626 - Rutana - Ra\u0161tin\u0117s reikmenys","robots":{"index":"index","follow":"follow","max-snippet":"max-snippet:-1","max-image-preview":"max-image-preview:large","max-video-preview":"max-video-preview:-1"},"canonical":"https:\/\/rutana.lt\/en\/product\/popieriniai-ranksluosciai-h2-z-fold-balti-papernet-416626\/","og_locale":"en_US","og_type":"article","og_title":"Popieriniai rank\u0161luos\u010diai H2 Z-Fold balti Papernet 416626 - Rutana - Ra\u0161tin\u0117s reikmenys","og_description":"Sulankstyti popieriniai rank\u0161luos\u010diai yra geriausias sprendimas efektyviam rank\u0173 d\u017eiovinimui, nes jie padeda suma\u017einti mikrob\u0173 ir bakterij\u0173 dauginim\u0105si ant rank\u0173 ir neleid\u017eia joms pasklisti aplinkoje. \u012evair\u016bs sulankstymo tipai atitinka visus poreikius, suma\u017eindami atliekas ir poveik\u012f aplinkai. Naudojama laikikli\u0173 sistema: H2 &#8211; rank\u0161luos\u010di\u0173 sistema I\u0161lankstytos servet\u0117l\u0117s ilgis: 24 cm I\u0161lankstytos servet\u0117l\u0117s plotis: 20.3 cm Sulankstyt\u0173 servet\u0117li\u0173 pakuot\u0117s [&hellip;]","og_url":"https:\/\/rutana.lt\/en\/product\/popieriniai-ranksluosciai-h2-z-fold-balti-papernet-416626\/","og_site_name":"Rutana - Ra\u0161tin\u0117s reikmenys","article_publisher":"https:\/\/www.facebook.com\/RutanaKanceliarinesPrekes\/","article_modified_time":"2025-10-13T14:01:36+00:00","og_image":[{"width":1000,"height":1000,"url":"https:\/\/rutana.lt\/wp-content\/uploads\/2025\/09\/A083-777.jpg","type":"image\/jpeg"}],"twitter_card":"summary_large_image","schema":{"@context":"https:\/\/schema.org","@graph":[{"@type":"WebPage","@id":"https:\/\/rutana.lt\/produktas\/popieriniai-ranksluosciai-h2-z-fold-balti-papernet-416626\/","url":"https:\/\/rutana.lt\/produktas\/popieriniai-ranksluosciai-h2-z-fold-balti-papernet-416626\/","name":"Popieriniai rank\u0161luos\u010diai H2 Z-Fold balti Papernet 416626 - Rutana - Ra\u0161tin\u0117s reikmenys","isPartOf":{"@id":"https:\/\/rutana.lt\/#website"},"primaryImageOfPage":{"@id":"https:\/\/rutana.lt\/produktas\/popieriniai-ranksluosciai-h2-z-fold-balti-papernet-416626\/#primaryimage"},"image":{"@id":"https:\/\/rutana.lt\/produktas\/popieriniai-ranksluosciai-h2-z-fold-balti-papernet-416626\/#primaryimage"},"thumbnailUrl":"https:\/\/rutana.lt\/wp-content\/uploads\/2025\/09\/A083-777-1.jpg?v=1763563038","datePublished":"2025-09-03T08:12:28+00:00","dateModified":"2025-10-13T14:01:36+00:00","breadcrumb":{"@id":"https:\/\/rutana.lt\/produktas\/popieriniai-ranksluosciai-h2-z-fold-balti-papernet-416626\/#breadcrumb"},"inLanguage":"en-US","potentialAction":[{"@type":"ReadAction","target":["https:\/\/rutana.lt\/produktas\/popieriniai-ranksluosciai-h2-z-fold-balti-papernet-416626\/"]}]},{"@type":"ImageObject","inLanguage":"en-US","@id":"https:\/\/rutana.lt\/produktas\/popieriniai-ranksluosciai-h2-z-fold-balti-papernet-416626\/#primaryimage","url":"https:\/\/rutana.lt\/wp-content\/uploads\/2025\/09\/A083-777-1.jpg?v=1763563038","contentUrl":"https:\/\/rutana.lt\/wp-content\/uploads\/2025\/09\/A083-777-1.jpg?v=1763563038","width":1000,"height":1000},{"@type":"BreadcrumbList","@id":"https:\/\/rutana.lt\/produktas\/popieriniai-ranksluosciai-h2-z-fold-balti-papernet-416626\/#breadcrumb","itemListElement":[{"@type":"ListItem","position":1,"name":"Home","item":"https:\/\/rutana.lt\/"},{"@type":"ListItem","position":2,"name":"Parduotuv\u0117","item":"https:\/\/rutana.lt\/parduotuve\/"},{"@type":"ListItem","position":3,"name":"Popieriniai rank\u0161luos\u010diai H2 Z-Fold balti Papernet 416626"}]},{"@type":"WebSite","@id":"https:\/\/rutana.lt\/#website","url":"https:\/\/rutana.lt\/","name":"Rutana - Ra\u0161tin\u0117s reikmenys","description":"Prekiaujame pasaulin\u0117je rinkoje pripa\u017eintomis, kokybi\u0161komis biuro prek\u0117mis toki\u0173  gamintoj\u0173 kaip: Schneider, Esselte, Novus, 3M, Faber-Castell, Citizen, Milan, Leitz, Colop, Zebra, Staedtler, Durable, Tork, Parker, Waterman ir kt.","publisher":{"@id":"https:\/\/rutana.lt\/#organization"},"potentialAction":[{"@type":"SearchAction","target":{"@type":"EntryPoint","urlTemplate":"https:\/\/rutana.lt\/?s={search_term_string}"},"query-input":{"@type":"PropertyValueSpecification","valueRequired":true,"valueName":"search_term_string"}}],"inLanguage":"en-US"},{"@type":"Organization","@id":"https:\/\/rutana.lt\/#organization","name":"Rutana - Ra\u0161tin\u0117s reikmenys","url":"https:\/\/rutana.lt\/","logo":{"@type":"ImageObject","inLanguage":"en-US","@id":"https:\/\/rutana.lt\/#\/schema\/logo\/image\/","url":"https:\/\/rutana.lt\/wp-content\/uploads\/2025\/10\/Asset-32.png","contentUrl":"https:\/\/rutana.lt\/wp-content\/uploads\/2025\/10\/Asset-32.png","width":433,"height":119,"caption":"Rutana - Ra\u0161tin\u0117s reikmenys"},"image":{"@id":"https:\/\/rutana.lt\/#\/schema\/logo\/image\/"},"sameAs":["https:\/\/www.facebook.com\/RutanaKanceliarinesPrekes\/"]}]}},"_links":{"self":[{"href":"https:\/\/rutana.lt\/en\/wp-json\/wp\/v2\/product\/20334","targetHints":{"allow":["GET"]}}],"collection":[{"href":"https:\/\/rutana.lt\/en\/wp-json\/wp\/v2\/product"}],"about":[{"href":"https:\/\/rutana.lt\/en\/wp-json\/wp\/v2\/types\/product"}],"replies":[{"embeddable":true,"href":"https:\/\/rutana.lt\/en\/wp-json\/wp\/v2\/comments?post=20334"}],"version-history":[{"count":1,"href":"https:\/\/rutana.lt\/en\/wp-json\/wp\/v2\/product\/20334\/revisions"}],"predecessor-version":[{"id":20361,"href":"https:\/\/rutana.lt\/en\/wp-json\/wp\/v2\/product\/20334\/revisions\/20361"}],"wp:featuredmedia":[{"embeddable":true,"href":"https:\/\/rutana.lt\/en\/wp-json\/wp\/v2\/media\/30355"}],"wp:attachment":[{"href":"https:\/\/rutana.lt\/en\/wp-json\/wp\/v2\/media?parent=20334"}],"wp:term":[{"taxonomy":"product_brand","embeddable":true,"href":"https:\/\/rutana.lt\/en\/wp-json\/wp\/v2\/product_brand?post=20334"},{"taxonomy":"product_cat","embeddable":true,"href":"https:\/\/rutana.lt\/en\/wp-json\/wp\/v2\/product_cat?post=20334"},{"taxonomy":"product_tag","embeddable":true,"href":"https:\/\/rutana.lt\/en\/wp-json\/wp\/v2\/product_tag?post=20334"}],"curies":[{"name":"wp","href":"https:\/\/api.w.org\/{rel}","templated":true}]}}