{"id":20237,"date":"2025-09-03T10:11:42","date_gmt":"2025-09-03T08:11:42","guid":{"rendered":"https:\/\/rutana.webdemo.lt\/?post_type=product&#038;p=20237"},"modified":"2025-12-21T12:52:30","modified_gmt":"2025-12-21T10:52:30","slug":"arbata-zalioji-mint-green-tea-20-vnt-ahmad-tea-751","status":"publish","type":"product","link":"https:\/\/rutana.lt\/en\/product\/arbata-zalioji-mint-green-tea-20-vnt-ahmad-tea-751\/","title":{"rendered":"Arbata \u017ealioji &#8222;Mint Green Tea&#8221; 20 vnt. Ahmad Tea 751"},"content":{"rendered":"<p style=\"margin-bottom: 10px;\">Raminanti kini\u0161ka \u017ealioji arbata ir gaivinanti m\u0117ta \u2013 nesenstantis derinys. Tiems, kurie m\u0117gsta \u017eali\u0105j\u0105 arbat\u0105 su trupu\u010diu papildomo skonio, m\u016bs\u0173 m\u0117t\u0173 arbata yra puikus pasirinkimas. Tai g\u0117rimas, kuris vienu puodeliu ir suteikia gaivumo, ir ramina, tarsi sode gaivinantis, su \u0161variu, gaivinan\u010diu poj\u016b\u010diu.<\/p>\n<p style=\"margin-bottom: 10px;\">Kurdami \u0161\u012f mi\u0161in\u012f, arbatos meistrai pradeda nuo puiki\u0173 \u017eali\u0173j\u0173 arbat\u0173 i\u0161 Kinijos Dziangsi, Anhui ir D\u017eedziango provincij\u0173. \u0160i vietov\u0117, \u017einoma kaip \u201eAuksinis trikampis\u201c, gars\u0117ja savo \u017ealiosios arbatos gamybos kokybe. \u012e mi\u0161in\u012f dedame auk\u0161tos kokyb\u0117s Chun Mee lapelius ir galiukus \u2013 arbat\u0105, vertinam\u0105 d\u0117l \u0161iek tiek paskrudinto, beveik rie\u0161utinio skonio. M\u016bs\u0173 arbata skinama ankstyv\u0105 pavasar\u012f, kai arbata \u012fgauna subtilesn\u012f, saldesn\u012f skon\u012f. Nor\u0117dami j\u0105 paversti savo m\u0117t\u0173 arbata, pridedame d\u017eiovint\u0173 \u0161altm\u0117t\u0117s lapeli\u0173 ir m\u016bs\u0173 firminio m\u0117t\u0173 aromato. Rezultatas \u2013 gaivinanti gelsvai \u017ealios spalvos arbata su neabejotinu m\u0117t\u0173 aromatu, o d\u017eiovintos \u017eol\u0117s skon\u012f papildo i\u0161skirtinis mentolio gaivumas.<\/p>\n<p class=\"MsoNormal\">Kiekis: 20 vnt.<\/p>\n<p class=\"MsoNormal\">Arbatos kiekis pakelyje: 2 g<\/p>\n<p class=\"MsoNormal\">Kilm\u0117s \u0161alis: Kinija<\/p>\n<div id=\"product-details\" class=\"tab-pane fade\" data-product=\"{\"><\/div>\n<p class=\"MsoNormal\" style=\"line-height: normal;\">","protected":false},"excerpt":{"rendered":"<p>Raminanti kini\u0161ka \u017ealioji arbata ir gaivinanti m\u0117ta \u2013 nesenstantis derinys. Tiems, kurie m\u0117gsta \u017eali\u0105j\u0105 arbat\u0105 su trupu\u010diu papildomo skonio, m\u016bs\u0173 m\u0117t\u0173 arbata yra puikus pasirinkimas.<\/p>","protected":false},"featured_media":30330,"comment_status":"open","ping_status":"closed","template":"","meta":{"_season_start":"","_season_end":"","_season_days":"","_season_months":"","_season_auto_visibility":"1"},"product_brand":[696],"product_cat":[1834],"product_tag":[],"class_list":{"0":"post-20237","1":"product","2":"type-product","3":"status-publish","4":"has-post-thumbnail","6":"product_brand-ahmad","7":"product_cat-arbata-pakelyje-arbata","9":"first","10":"instock","11":"taxable","12":"shipping-taxable","13":"purchasable","14":"product-type-simple"},"yoast_head":"<!-- This site is optimized with the Yoast SEO plugin v26.1.1 - https:\/\/yoast.com\/wordpress\/plugins\/seo\/ -->\n<title>Arbata \u017ealioji &quot;Mint Green Tea&quot; 20 vnt. Ahmad Tea 751 - Rutana - Ra\u0161tin\u0117s reikmenys<\/title>\n<meta name=\"robots\" content=\"index, follow, max-snippet:-1, max-image-preview:large, max-video-preview:-1\" \/>\n<link rel=\"canonical\" href=\"https:\/\/rutana.lt\/en\/product\/arbata-zalioji-mint-green-tea-20-vnt-ahmad-tea-751\/\" \/>\n<meta property=\"og:locale\" content=\"en_US\" \/>\n<meta property=\"og:type\" content=\"article\" \/>\n<meta property=\"og:title\" content=\"Arbata \u017ealioji &quot;Mint Green Tea&quot; 20 vnt. Ahmad Tea 751 - Rutana - Ra\u0161tin\u0117s reikmenys\" \/>\n<meta property=\"og:description\" content=\"Raminanti kini\u0161ka \u017ealioji arbata ir gaivinanti m\u0117ta \u2013 nesenstantis derinys. Tiems, kurie m\u0117gsta \u017eali\u0105j\u0105 arbat\u0105 su trupu\u010diu papildomo skonio, m\u016bs\u0173 m\u0117t\u0173 arbata yra puikus pasirinkimas.\" \/>\n<meta property=\"og:url\" content=\"https:\/\/rutana.lt\/en\/product\/arbata-zalioji-mint-green-tea-20-vnt-ahmad-tea-751\/\" \/>\n<meta property=\"og:site_name\" content=\"Rutana - Ra\u0161tin\u0117s reikmenys\" \/>\n<meta property=\"article:publisher\" content=\"https:\/\/www.facebook.com\/RutanaKanceliarinesPrekes\/\" \/>\n<meta property=\"article:modified_time\" content=\"2025-12-21T10:52:30+00:00\" \/>\n<meta property=\"og:image\" content=\"https:\/\/rutana.lt\/wp-content\/uploads\/2025\/09\/B090-219N-1.jpg?v=1763563078\" \/>\n\t<meta property=\"og:image:width\" content=\"1000\" \/>\n\t<meta property=\"og:image:height\" content=\"1000\" \/>\n\t<meta property=\"og:image:type\" content=\"image\/jpeg\" \/>\n<meta name=\"twitter:card\" content=\"summary_large_image\" \/>\n<meta name=\"twitter:label1\" content=\"Est. reading time\" \/>\n\t<meta name=\"twitter:data1\" content=\"1 minute\" \/>\n<script type=\"application\/ld+json\" class=\"yoast-schema-graph\">{\"@context\":\"https:\/\/schema.org\",\"@graph\":[{\"@type\":\"WebPage\",\"@id\":\"https:\/\/rutana.lt\/produktas\/arbata-zalioji-mint-green-tea-20-vnt-ahmad-tea-751\/\",\"url\":\"https:\/\/rutana.lt\/produktas\/arbata-zalioji-mint-green-tea-20-vnt-ahmad-tea-751\/\",\"name\":\"Arbata \u017ealioji \\\"Mint Green Tea\\\" 20 vnt. Ahmad Tea 751 - Rutana - Ra\u0161tin\u0117s reikmenys\",\"isPartOf\":{\"@id\":\"https:\/\/rutana.lt\/#website\"},\"primaryImageOfPage\":{\"@id\":\"https:\/\/rutana.lt\/produktas\/arbata-zalioji-mint-green-tea-20-vnt-ahmad-tea-751\/#primaryimage\"},\"image\":{\"@id\":\"https:\/\/rutana.lt\/produktas\/arbata-zalioji-mint-green-tea-20-vnt-ahmad-tea-751\/#primaryimage\"},\"thumbnailUrl\":\"https:\/\/rutana.lt\/wp-content\/uploads\/2025\/09\/B090-219N-1.jpg?v=1763563078\",\"datePublished\":\"2025-09-03T08:11:42+00:00\",\"dateModified\":\"2025-12-21T10:52:30+00:00\",\"breadcrumb\":{\"@id\":\"https:\/\/rutana.lt\/produktas\/arbata-zalioji-mint-green-tea-20-vnt-ahmad-tea-751\/#breadcrumb\"},\"inLanguage\":\"en-US\",\"potentialAction\":[{\"@type\":\"ReadAction\",\"target\":[\"https:\/\/rutana.lt\/produktas\/arbata-zalioji-mint-green-tea-20-vnt-ahmad-tea-751\/\"]}]},{\"@type\":\"ImageObject\",\"inLanguage\":\"en-US\",\"@id\":\"https:\/\/rutana.lt\/produktas\/arbata-zalioji-mint-green-tea-20-vnt-ahmad-tea-751\/#primaryimage\",\"url\":\"https:\/\/rutana.lt\/wp-content\/uploads\/2025\/09\/B090-219N-1.jpg?v=1763563078\",\"contentUrl\":\"https:\/\/rutana.lt\/wp-content\/uploads\/2025\/09\/B090-219N-1.jpg?v=1763563078\",\"width\":1000,\"height\":1000},{\"@type\":\"BreadcrumbList\",\"@id\":\"https:\/\/rutana.lt\/produktas\/arbata-zalioji-mint-green-tea-20-vnt-ahmad-tea-751\/#breadcrumb\",\"itemListElement\":[{\"@type\":\"ListItem\",\"position\":1,\"name\":\"Home\",\"item\":\"https:\/\/rutana.lt\/\"},{\"@type\":\"ListItem\",\"position\":2,\"name\":\"Parduotuv\u0117\",\"item\":\"https:\/\/rutana.lt\/parduotuve\/\"},{\"@type\":\"ListItem\",\"position\":3,\"name\":\"Arbata \u017ealioji &#8222;Mint Green Tea&#8221; 20 vnt. Ahmad Tea 751\"}]},{\"@type\":\"WebSite\",\"@id\":\"https:\/\/rutana.lt\/#website\",\"url\":\"https:\/\/rutana.lt\/\",\"name\":\"Rutana - Ra\u0161tin\u0117s reikmenys\",\"description\":\"Prekiaujame pasaulin\u0117je rinkoje pripa\u017eintomis, kokybi\u0161komis biuro prek\u0117mis toki\u0173  gamintoj\u0173 kaip: Schneider, Esselte, Novus, 3M, Faber-Castell, Citizen, Milan, Leitz, Colop, Zebra, Staedtler, Durable, Tork, Parker, Waterman ir kt.\",\"publisher\":{\"@id\":\"https:\/\/rutana.lt\/#organization\"},\"potentialAction\":[{\"@type\":\"SearchAction\",\"target\":{\"@type\":\"EntryPoint\",\"urlTemplate\":\"https:\/\/rutana.lt\/?s={search_term_string}\"},\"query-input\":{\"@type\":\"PropertyValueSpecification\",\"valueRequired\":true,\"valueName\":\"search_term_string\"}}],\"inLanguage\":\"en-US\"},{\"@type\":\"Organization\",\"@id\":\"https:\/\/rutana.lt\/#organization\",\"name\":\"Rutana - Ra\u0161tin\u0117s reikmenys\",\"url\":\"https:\/\/rutana.lt\/\",\"logo\":{\"@type\":\"ImageObject\",\"inLanguage\":\"en-US\",\"@id\":\"https:\/\/rutana.lt\/#\/schema\/logo\/image\/\",\"url\":\"https:\/\/rutana.lt\/wp-content\/uploads\/2025\/10\/Asset-32.png\",\"contentUrl\":\"https:\/\/rutana.lt\/wp-content\/uploads\/2025\/10\/Asset-32.png\",\"width\":433,\"height\":119,\"caption\":\"Rutana - Ra\u0161tin\u0117s reikmenys\"},\"image\":{\"@id\":\"https:\/\/rutana.lt\/#\/schema\/logo\/image\/\"},\"sameAs\":[\"https:\/\/www.facebook.com\/RutanaKanceliarinesPrekes\/\"]}]}<\/script>\n<!-- \/ Yoast SEO plugin. -->","yoast_head_json":{"title":"Arbata \u017ealioji \"Mint Green Tea\" 20 vnt. Ahmad Tea 751 - Rutana - Ra\u0161tin\u0117s reikmenys","robots":{"index":"index","follow":"follow","max-snippet":"max-snippet:-1","max-image-preview":"max-image-preview:large","max-video-preview":"max-video-preview:-1"},"canonical":"https:\/\/rutana.lt\/en\/product\/arbata-zalioji-mint-green-tea-20-vnt-ahmad-tea-751\/","og_locale":"en_US","og_type":"article","og_title":"Arbata \u017ealioji \"Mint Green Tea\" 20 vnt. Ahmad Tea 751 - Rutana - Ra\u0161tin\u0117s reikmenys","og_description":"Raminanti kini\u0161ka \u017ealioji arbata ir gaivinanti m\u0117ta \u2013 nesenstantis derinys. Tiems, kurie m\u0117gsta \u017eali\u0105j\u0105 arbat\u0105 su trupu\u010diu papildomo skonio, m\u016bs\u0173 m\u0117t\u0173 arbata yra puikus pasirinkimas.","og_url":"https:\/\/rutana.lt\/en\/product\/arbata-zalioji-mint-green-tea-20-vnt-ahmad-tea-751\/","og_site_name":"Rutana - Ra\u0161tin\u0117s reikmenys","article_publisher":"https:\/\/www.facebook.com\/RutanaKanceliarinesPrekes\/","article_modified_time":"2025-12-21T10:52:30+00:00","og_image":[{"width":1000,"height":1000,"url":"https:\/\/rutana.lt\/wp-content\/uploads\/2025\/09\/B090-219N-1.jpg?v=1763563078","type":"image\/jpeg"}],"twitter_card":"summary_large_image","twitter_misc":{"Est. reading time":"1 minute"},"schema":{"@context":"https:\/\/schema.org","@graph":[{"@type":"WebPage","@id":"https:\/\/rutana.lt\/produktas\/arbata-zalioji-mint-green-tea-20-vnt-ahmad-tea-751\/","url":"https:\/\/rutana.lt\/produktas\/arbata-zalioji-mint-green-tea-20-vnt-ahmad-tea-751\/","name":"Arbata \u017ealioji \"Mint Green Tea\" 20 vnt. Ahmad Tea 751 - Rutana - Ra\u0161tin\u0117s reikmenys","isPartOf":{"@id":"https:\/\/rutana.lt\/#website"},"primaryImageOfPage":{"@id":"https:\/\/rutana.lt\/produktas\/arbata-zalioji-mint-green-tea-20-vnt-ahmad-tea-751\/#primaryimage"},"image":{"@id":"https:\/\/rutana.lt\/produktas\/arbata-zalioji-mint-green-tea-20-vnt-ahmad-tea-751\/#primaryimage"},"thumbnailUrl":"https:\/\/rutana.lt\/wp-content\/uploads\/2025\/09\/B090-219N-1.jpg?v=1763563078","datePublished":"2025-09-03T08:11:42+00:00","dateModified":"2025-12-21T10:52:30+00:00","breadcrumb":{"@id":"https:\/\/rutana.lt\/produktas\/arbata-zalioji-mint-green-tea-20-vnt-ahmad-tea-751\/#breadcrumb"},"inLanguage":"en-US","potentialAction":[{"@type":"ReadAction","target":["https:\/\/rutana.lt\/produktas\/arbata-zalioji-mint-green-tea-20-vnt-ahmad-tea-751\/"]}]},{"@type":"ImageObject","inLanguage":"en-US","@id":"https:\/\/rutana.lt\/produktas\/arbata-zalioji-mint-green-tea-20-vnt-ahmad-tea-751\/#primaryimage","url":"https:\/\/rutana.lt\/wp-content\/uploads\/2025\/09\/B090-219N-1.jpg?v=1763563078","contentUrl":"https:\/\/rutana.lt\/wp-content\/uploads\/2025\/09\/B090-219N-1.jpg?v=1763563078","width":1000,"height":1000},{"@type":"BreadcrumbList","@id":"https:\/\/rutana.lt\/produktas\/arbata-zalioji-mint-green-tea-20-vnt-ahmad-tea-751\/#breadcrumb","itemListElement":[{"@type":"ListItem","position":1,"name":"Home","item":"https:\/\/rutana.lt\/"},{"@type":"ListItem","position":2,"name":"Parduotuv\u0117","item":"https:\/\/rutana.lt\/parduotuve\/"},{"@type":"ListItem","position":3,"name":"Arbata \u017ealioji &#8222;Mint Green Tea&#8221; 20 vnt. Ahmad Tea 751"}]},{"@type":"WebSite","@id":"https:\/\/rutana.lt\/#website","url":"https:\/\/rutana.lt\/","name":"Rutana - Ra\u0161tin\u0117s reikmenys","description":"Prekiaujame pasaulin\u0117je rinkoje pripa\u017eintomis, kokybi\u0161komis biuro prek\u0117mis toki\u0173  gamintoj\u0173 kaip: Schneider, Esselte, Novus, 3M, Faber-Castell, Citizen, Milan, Leitz, Colop, Zebra, Staedtler, Durable, Tork, Parker, Waterman ir kt.","publisher":{"@id":"https:\/\/rutana.lt\/#organization"},"potentialAction":[{"@type":"SearchAction","target":{"@type":"EntryPoint","urlTemplate":"https:\/\/rutana.lt\/?s={search_term_string}"},"query-input":{"@type":"PropertyValueSpecification","valueRequired":true,"valueName":"search_term_string"}}],"inLanguage":"en-US"},{"@type":"Organization","@id":"https:\/\/rutana.lt\/#organization","name":"Rutana - Ra\u0161tin\u0117s reikmenys","url":"https:\/\/rutana.lt\/","logo":{"@type":"ImageObject","inLanguage":"en-US","@id":"https:\/\/rutana.lt\/#\/schema\/logo\/image\/","url":"https:\/\/rutana.lt\/wp-content\/uploads\/2025\/10\/Asset-32.png","contentUrl":"https:\/\/rutana.lt\/wp-content\/uploads\/2025\/10\/Asset-32.png","width":433,"height":119,"caption":"Rutana - Ra\u0161tin\u0117s reikmenys"},"image":{"@id":"https:\/\/rutana.lt\/#\/schema\/logo\/image\/"},"sameAs":["https:\/\/www.facebook.com\/RutanaKanceliarinesPrekes\/"]}]}},"_links":{"self":[{"href":"https:\/\/rutana.lt\/en\/wp-json\/wp\/v2\/product\/20237","targetHints":{"allow":["GET"]}}],"collection":[{"href":"https:\/\/rutana.lt\/en\/wp-json\/wp\/v2\/product"}],"about":[{"href":"https:\/\/rutana.lt\/en\/wp-json\/wp\/v2\/types\/product"}],"replies":[{"embeddable":true,"href":"https:\/\/rutana.lt\/en\/wp-json\/wp\/v2\/comments?post=20237"}],"version-history":[{"count":3,"href":"https:\/\/rutana.lt\/en\/wp-json\/wp\/v2\/product\/20237\/revisions"}],"predecessor-version":[{"id":34191,"href":"https:\/\/rutana.lt\/en\/wp-json\/wp\/v2\/product\/20237\/revisions\/34191"}],"wp:featuredmedia":[{"embeddable":true,"href":"https:\/\/rutana.lt\/en\/wp-json\/wp\/v2\/media\/30330"}],"wp:attachment":[{"href":"https:\/\/rutana.lt\/en\/wp-json\/wp\/v2\/media?parent=20237"}],"wp:term":[{"taxonomy":"product_brand","embeddable":true,"href":"https:\/\/rutana.lt\/en\/wp-json\/wp\/v2\/product_brand?post=20237"},{"taxonomy":"product_cat","embeddable":true,"href":"https:\/\/rutana.lt\/en\/wp-json\/wp\/v2\/product_cat?post=20237"},{"taxonomy":"product_tag","embeddable":true,"href":"https:\/\/rutana.lt\/en\/wp-json\/wp\/v2\/product_tag?post=20237"}],"curies":[{"name":"wp","href":"https:\/\/api.w.org\/{rel}","templated":true}]}}