{"id":20236,"date":"2025-09-03T10:11:42","date_gmt":"2025-09-03T08:11:42","guid":{"rendered":"https:\/\/rutana.webdemo.lt\/?post_type=product&#038;p=20236"},"modified":"2025-12-05T19:08:45","modified_gmt":"2025-12-05T17:08:45","slug":"arbata-zalioji-green-tea-selection-20-vnt-ahmad-tea-397","status":"publish","type":"product","link":"https:\/\/rutana.lt\/en\/product\/arbata-zalioji-green-tea-selection-20-vnt-ahmad-tea-397\/","title":{"rendered":"Arbata \u017ealioji &#8222;Green Tea Selection&#8221; 20 vnt. Ahmad Tea 397"},"content":{"rendered":"<p style=\"margin-bottom: 10px;\">\u0160iame rinkinyje \u017ealiosios arbatos m\u0117g\u0117jams si\u016blomas da\u017eniausiai gurk\u0161nojam\u0173 \u017eali\u0173j\u0173 arbat\u0173 mi\u0161inys. Derindami specialiai atrinktas kini\u0161kas arbatas su grynais jazmin\u0173 \u017eiedais, d\u017eiovintomis citrin\u0173 \u017eievel\u0117mis ir m\u0117t\u0173 lapeliais, did\u017eiuojam\u0117s gal\u0117dami pristatyti keturias \u012fsimintinas \u017eali\u0105sias arbatas, kurios nud\u017eiugins j\u016bs\u0173 gomur\u012f.<\/p>\n<p style=\"margin-bottom: 10px;\">Kiekvien\u0105 i\u0161 \u0161i\u0173 mi\u0161ini\u0173 arbatos meistrai pradeda nuo gard\u017ei\u0173 \u017eali\u0173j\u0173 arbat\u0173, surinkt\u0173 i\u0161 Kinijos Dziangsi, Anhui ir D\u017eedziango provincij\u0173. D\u0117l auk\u0161tos kokyb\u0117s \u0161i vietov\u0117 vadinama \u017ealiosios arbatos gamybos \u201eAuksiniu trikampiu\u201c. \u012e mi\u0161in\u012f \u012ftraukta auk\u0161\u010diausios kokyb\u0117s \u201eChun Mee\u201c lapeliai ir galiukai \u2013 arbat\u0105, vertinam\u0105 d\u0117l skrudintos \u017eol\u0117s skonio ir lengv\u0173 rie\u0161ut\u0173 nat\u0173. Arbata skinama ankstyv\u0105 pavasar\u012f, kai arbata \u012fgauna subtilesn\u012f, saldesn\u012f skon\u012f. \u0160iame etape mi\u0161inys yra \u201eGreen Tea Pure\u201c \u2013 tobula subtilios \u017ealiosios arbatos, praturtintos unikaliu \u201eChun Mee\u201c charakteriu, i\u0161rai\u0161ka.<\/p>\n<p style=\"margin-bottom: 10px;\">Kituose trijuose mi\u0161iniuose pristatome papildomus ingredientus, kurie pakelia m\u016bs\u0173 \u201eGreen Tea Pure\u201c \u012f naujas auk\u0161tumas. \u201eJasmine Romance\u201c arbatoje sluoksniuojame \u0161vie\u017eius jazmin\u0173 \u017eiedynus, leisdami jiems per kelias naktis atskleisti savo unikal\u0173 sald\u0173 ir g\u0117li\u0173 aromat\u0105. M\u016bs\u0173 taip m\u0117gstamame \u201eMint Mystique\u201c mi\u0161inyje pridedame d\u017eiovint\u0173 m\u0117t\u0173 lapeli\u0173 ir m\u016bs\u0173 firminio m\u0117t\u0173 aromato. Tai suteikia \u017eolinei \u017ealiajai arbatai i\u0161skirtin\u012f mentolio aromat\u0105. Galiausiai, m\u016bs\u0173 \u201eLemon Vitality\u201c gaivina citrusinius vaisius, kuriuos suteikia citrinos \u017eievel\u0117 ir m\u016bs\u0173 firminis citrin\u0173 aromatas.<\/p>\n<p class=\"MsoNormal\">Kiekis: 20 vnt.<\/p>\n<p class=\"MsoNormal\">Arbatos kiekis pakelyje: 2 g<\/p>\n<p class=\"MsoNormal\">Rinkin\u012f sudaro: Green Tea Pure, Jasmine Romance, Mint Mystique, Lemon Vitality<\/p>\n<div>Kilm\u0117s \u0161alis: Kinija<\/div>\n<div id=\"product-details\" class=\"tab-pane fade\" data-product=\"{\"><\/div>\n<p class=\"MsoNormal\" style=\"line-height: normal;\">","protected":false},"excerpt":{"rendered":"<p>Kiekvien\u0105 i\u0161 \u0161i\u0173 mi\u0161ini\u0173 arbatos meistrai pradeda nuo gard\u017ei\u0173 \u017eali\u0173j\u0173 arbat\u0173, surinkt\u0173 i\u0161 Kinijos Dziangsi, Anhui ir D\u017eedziango provincij\u0173. D\u0117l auk\u0161tos kokyb\u0117s \u0161i vietov\u0117 vadinama \u017ealiosios arbatos gamybos \u201eAuksiniu trikampiu\u201c.<\/p>","protected":false},"featured_media":30329,"comment_status":"open","ping_status":"closed","template":"","meta":{"_season_start":"","_season_end":"","_season_days":"","_season_months":"","_season_auto_visibility":"1"},"product_brand":[696],"product_cat":[1834],"product_tag":[],"class_list":{"0":"post-20236","1":"product","2":"type-product","3":"status-publish","4":"has-post-thumbnail","6":"product_brand-ahmad","7":"product_cat-arbata-pakelyje-arbata","9":"first","10":"instock","11":"taxable","12":"shipping-taxable","13":"purchasable","14":"product-type-simple"},"yoast_head":"<!-- This site is optimized with the Yoast SEO plugin v26.1.1 - https:\/\/yoast.com\/wordpress\/plugins\/seo\/ -->\n<title>Arbata \u017ealioji &quot;Green Tea Selection&quot; 20 vnt. Ahmad Tea 397 - Rutana - Ra\u0161tin\u0117s reikmenys<\/title>\n<meta name=\"robots\" content=\"index, follow, max-snippet:-1, max-image-preview:large, max-video-preview:-1\" \/>\n<link rel=\"canonical\" href=\"https:\/\/rutana.lt\/en\/product\/arbata-zalioji-green-tea-selection-20-vnt-ahmad-tea-397\/\" \/>\n<meta property=\"og:locale\" content=\"en_US\" \/>\n<meta property=\"og:type\" content=\"article\" \/>\n<meta property=\"og:title\" content=\"Arbata \u017ealioji &quot;Green Tea Selection&quot; 20 vnt. Ahmad Tea 397 - Rutana - Ra\u0161tin\u0117s reikmenys\" \/>\n<meta property=\"og:description\" content=\"Kiekvien\u0105 i\u0161 \u0161i\u0173 mi\u0161ini\u0173 arbatos meistrai pradeda nuo gard\u017ei\u0173 \u017eali\u0173j\u0173 arbat\u0173, surinkt\u0173 i\u0161 Kinijos Dziangsi, Anhui ir D\u017eedziango provincij\u0173. D\u0117l auk\u0161tos kokyb\u0117s \u0161i vietov\u0117 vadinama \u017ealiosios arbatos gamybos \u201eAuksiniu trikampiu\u201c.\" \/>\n<meta property=\"og:url\" content=\"https:\/\/rutana.lt\/en\/product\/arbata-zalioji-green-tea-selection-20-vnt-ahmad-tea-397\/\" \/>\n<meta property=\"og:site_name\" content=\"Rutana - Ra\u0161tin\u0117s reikmenys\" \/>\n<meta property=\"article:publisher\" content=\"https:\/\/www.facebook.com\/RutanaKanceliarinesPrekes\/\" \/>\n<meta property=\"article:modified_time\" content=\"2025-12-05T17:08:45+00:00\" \/>\n<meta property=\"og:image\" content=\"https:\/\/rutana.lt\/wp-content\/uploads\/2025\/09\/B091-213-1.jpg?v=1763563083\" \/>\n\t<meta property=\"og:image:width\" content=\"1000\" \/>\n\t<meta property=\"og:image:height\" content=\"1000\" \/>\n\t<meta property=\"og:image:type\" content=\"image\/jpeg\" \/>\n<meta name=\"twitter:card\" content=\"summary_large_image\" \/>\n<meta name=\"twitter:label1\" content=\"Est. reading time\" \/>\n\t<meta name=\"twitter:data1\" content=\"2 minutes\" \/>\n<script type=\"application\/ld+json\" class=\"yoast-schema-graph\">{\"@context\":\"https:\/\/schema.org\",\"@graph\":[{\"@type\":\"WebPage\",\"@id\":\"https:\/\/rutana.lt\/produktas\/arbata-zalioji-green-tea-selection-20-vnt-ahmad-tea-397\/\",\"url\":\"https:\/\/rutana.lt\/produktas\/arbata-zalioji-green-tea-selection-20-vnt-ahmad-tea-397\/\",\"name\":\"Arbata \u017ealioji \\\"Green Tea Selection\\\" 20 vnt. Ahmad Tea 397 - Rutana - Ra\u0161tin\u0117s reikmenys\",\"isPartOf\":{\"@id\":\"https:\/\/rutana.lt\/#website\"},\"primaryImageOfPage\":{\"@id\":\"https:\/\/rutana.lt\/produktas\/arbata-zalioji-green-tea-selection-20-vnt-ahmad-tea-397\/#primaryimage\"},\"image\":{\"@id\":\"https:\/\/rutana.lt\/produktas\/arbata-zalioji-green-tea-selection-20-vnt-ahmad-tea-397\/#primaryimage\"},\"thumbnailUrl\":\"https:\/\/rutana.lt\/wp-content\/uploads\/2025\/09\/B091-213-1.jpg?v=1763563083\",\"datePublished\":\"2025-09-03T08:11:42+00:00\",\"dateModified\":\"2025-12-05T17:08:45+00:00\",\"breadcrumb\":{\"@id\":\"https:\/\/rutana.lt\/produktas\/arbata-zalioji-green-tea-selection-20-vnt-ahmad-tea-397\/#breadcrumb\"},\"inLanguage\":\"en-US\",\"potentialAction\":[{\"@type\":\"ReadAction\",\"target\":[\"https:\/\/rutana.lt\/produktas\/arbata-zalioji-green-tea-selection-20-vnt-ahmad-tea-397\/\"]}]},{\"@type\":\"ImageObject\",\"inLanguage\":\"en-US\",\"@id\":\"https:\/\/rutana.lt\/produktas\/arbata-zalioji-green-tea-selection-20-vnt-ahmad-tea-397\/#primaryimage\",\"url\":\"https:\/\/rutana.lt\/wp-content\/uploads\/2025\/09\/B091-213-1.jpg?v=1763563083\",\"contentUrl\":\"https:\/\/rutana.lt\/wp-content\/uploads\/2025\/09\/B091-213-1.jpg?v=1763563083\",\"width\":1000,\"height\":1000},{\"@type\":\"BreadcrumbList\",\"@id\":\"https:\/\/rutana.lt\/produktas\/arbata-zalioji-green-tea-selection-20-vnt-ahmad-tea-397\/#breadcrumb\",\"itemListElement\":[{\"@type\":\"ListItem\",\"position\":1,\"name\":\"Home\",\"item\":\"https:\/\/rutana.lt\/\"},{\"@type\":\"ListItem\",\"position\":2,\"name\":\"Parduotuv\u0117\",\"item\":\"https:\/\/rutana.lt\/parduotuve\/\"},{\"@type\":\"ListItem\",\"position\":3,\"name\":\"Arbata \u017ealioji &#8222;Green Tea Selection&#8221; 20 vnt. Ahmad Tea 397\"}]},{\"@type\":\"WebSite\",\"@id\":\"https:\/\/rutana.lt\/#website\",\"url\":\"https:\/\/rutana.lt\/\",\"name\":\"Rutana - Ra\u0161tin\u0117s reikmenys\",\"description\":\"Prekiaujame pasaulin\u0117je rinkoje pripa\u017eintomis, kokybi\u0161komis biuro prek\u0117mis toki\u0173  gamintoj\u0173 kaip: Schneider, Esselte, Novus, 3M, Faber-Castell, Citizen, Milan, Leitz, Colop, Zebra, Staedtler, Durable, Tork, Parker, Waterman ir kt.\",\"publisher\":{\"@id\":\"https:\/\/rutana.lt\/#organization\"},\"potentialAction\":[{\"@type\":\"SearchAction\",\"target\":{\"@type\":\"EntryPoint\",\"urlTemplate\":\"https:\/\/rutana.lt\/?s={search_term_string}\"},\"query-input\":{\"@type\":\"PropertyValueSpecification\",\"valueRequired\":true,\"valueName\":\"search_term_string\"}}],\"inLanguage\":\"en-US\"},{\"@type\":\"Organization\",\"@id\":\"https:\/\/rutana.lt\/#organization\",\"name\":\"Rutana - Ra\u0161tin\u0117s reikmenys\",\"url\":\"https:\/\/rutana.lt\/\",\"logo\":{\"@type\":\"ImageObject\",\"inLanguage\":\"en-US\",\"@id\":\"https:\/\/rutana.lt\/#\/schema\/logo\/image\/\",\"url\":\"https:\/\/rutana.lt\/wp-content\/uploads\/2025\/10\/Asset-32.png\",\"contentUrl\":\"https:\/\/rutana.lt\/wp-content\/uploads\/2025\/10\/Asset-32.png\",\"width\":433,\"height\":119,\"caption\":\"Rutana - Ra\u0161tin\u0117s reikmenys\"},\"image\":{\"@id\":\"https:\/\/rutana.lt\/#\/schema\/logo\/image\/\"},\"sameAs\":[\"https:\/\/www.facebook.com\/RutanaKanceliarinesPrekes\/\"]}]}<\/script>\n<!-- \/ Yoast SEO plugin. -->","yoast_head_json":{"title":"Arbata \u017ealioji \"Green Tea Selection\" 20 vnt. Ahmad Tea 397 - Rutana - Ra\u0161tin\u0117s reikmenys","robots":{"index":"index","follow":"follow","max-snippet":"max-snippet:-1","max-image-preview":"max-image-preview:large","max-video-preview":"max-video-preview:-1"},"canonical":"https:\/\/rutana.lt\/en\/product\/arbata-zalioji-green-tea-selection-20-vnt-ahmad-tea-397\/","og_locale":"en_US","og_type":"article","og_title":"Arbata \u017ealioji \"Green Tea Selection\" 20 vnt. Ahmad Tea 397 - Rutana - Ra\u0161tin\u0117s reikmenys","og_description":"Kiekvien\u0105 i\u0161 \u0161i\u0173 mi\u0161ini\u0173 arbatos meistrai pradeda nuo gard\u017ei\u0173 \u017eali\u0173j\u0173 arbat\u0173, surinkt\u0173 i\u0161 Kinijos Dziangsi, Anhui ir D\u017eedziango provincij\u0173. D\u0117l auk\u0161tos kokyb\u0117s \u0161i vietov\u0117 vadinama \u017ealiosios arbatos gamybos \u201eAuksiniu trikampiu\u201c.","og_url":"https:\/\/rutana.lt\/en\/product\/arbata-zalioji-green-tea-selection-20-vnt-ahmad-tea-397\/","og_site_name":"Rutana - Ra\u0161tin\u0117s reikmenys","article_publisher":"https:\/\/www.facebook.com\/RutanaKanceliarinesPrekes\/","article_modified_time":"2025-12-05T17:08:45+00:00","og_image":[{"width":1000,"height":1000,"url":"https:\/\/rutana.lt\/wp-content\/uploads\/2025\/09\/B091-213-1.jpg?v=1763563083","type":"image\/jpeg"}],"twitter_card":"summary_large_image","twitter_misc":{"Est. reading time":"2 minutes"},"schema":{"@context":"https:\/\/schema.org","@graph":[{"@type":"WebPage","@id":"https:\/\/rutana.lt\/produktas\/arbata-zalioji-green-tea-selection-20-vnt-ahmad-tea-397\/","url":"https:\/\/rutana.lt\/produktas\/arbata-zalioji-green-tea-selection-20-vnt-ahmad-tea-397\/","name":"Arbata \u017ealioji \"Green Tea Selection\" 20 vnt. Ahmad Tea 397 - Rutana - Ra\u0161tin\u0117s reikmenys","isPartOf":{"@id":"https:\/\/rutana.lt\/#website"},"primaryImageOfPage":{"@id":"https:\/\/rutana.lt\/produktas\/arbata-zalioji-green-tea-selection-20-vnt-ahmad-tea-397\/#primaryimage"},"image":{"@id":"https:\/\/rutana.lt\/produktas\/arbata-zalioji-green-tea-selection-20-vnt-ahmad-tea-397\/#primaryimage"},"thumbnailUrl":"https:\/\/rutana.lt\/wp-content\/uploads\/2025\/09\/B091-213-1.jpg?v=1763563083","datePublished":"2025-09-03T08:11:42+00:00","dateModified":"2025-12-05T17:08:45+00:00","breadcrumb":{"@id":"https:\/\/rutana.lt\/produktas\/arbata-zalioji-green-tea-selection-20-vnt-ahmad-tea-397\/#breadcrumb"},"inLanguage":"en-US","potentialAction":[{"@type":"ReadAction","target":["https:\/\/rutana.lt\/produktas\/arbata-zalioji-green-tea-selection-20-vnt-ahmad-tea-397\/"]}]},{"@type":"ImageObject","inLanguage":"en-US","@id":"https:\/\/rutana.lt\/produktas\/arbata-zalioji-green-tea-selection-20-vnt-ahmad-tea-397\/#primaryimage","url":"https:\/\/rutana.lt\/wp-content\/uploads\/2025\/09\/B091-213-1.jpg?v=1763563083","contentUrl":"https:\/\/rutana.lt\/wp-content\/uploads\/2025\/09\/B091-213-1.jpg?v=1763563083","width":1000,"height":1000},{"@type":"BreadcrumbList","@id":"https:\/\/rutana.lt\/produktas\/arbata-zalioji-green-tea-selection-20-vnt-ahmad-tea-397\/#breadcrumb","itemListElement":[{"@type":"ListItem","position":1,"name":"Home","item":"https:\/\/rutana.lt\/"},{"@type":"ListItem","position":2,"name":"Parduotuv\u0117","item":"https:\/\/rutana.lt\/parduotuve\/"},{"@type":"ListItem","position":3,"name":"Arbata \u017ealioji &#8222;Green Tea Selection&#8221; 20 vnt. Ahmad Tea 397"}]},{"@type":"WebSite","@id":"https:\/\/rutana.lt\/#website","url":"https:\/\/rutana.lt\/","name":"Rutana - Ra\u0161tin\u0117s reikmenys","description":"Prekiaujame pasaulin\u0117je rinkoje pripa\u017eintomis, kokybi\u0161komis biuro prek\u0117mis toki\u0173  gamintoj\u0173 kaip: Schneider, Esselte, Novus, 3M, Faber-Castell, Citizen, Milan, Leitz, Colop, Zebra, Staedtler, Durable, Tork, Parker, Waterman ir kt.","publisher":{"@id":"https:\/\/rutana.lt\/#organization"},"potentialAction":[{"@type":"SearchAction","target":{"@type":"EntryPoint","urlTemplate":"https:\/\/rutana.lt\/?s={search_term_string}"},"query-input":{"@type":"PropertyValueSpecification","valueRequired":true,"valueName":"search_term_string"}}],"inLanguage":"en-US"},{"@type":"Organization","@id":"https:\/\/rutana.lt\/#organization","name":"Rutana - Ra\u0161tin\u0117s reikmenys","url":"https:\/\/rutana.lt\/","logo":{"@type":"ImageObject","inLanguage":"en-US","@id":"https:\/\/rutana.lt\/#\/schema\/logo\/image\/","url":"https:\/\/rutana.lt\/wp-content\/uploads\/2025\/10\/Asset-32.png","contentUrl":"https:\/\/rutana.lt\/wp-content\/uploads\/2025\/10\/Asset-32.png","width":433,"height":119,"caption":"Rutana - Ra\u0161tin\u0117s reikmenys"},"image":{"@id":"https:\/\/rutana.lt\/#\/schema\/logo\/image\/"},"sameAs":["https:\/\/www.facebook.com\/RutanaKanceliarinesPrekes\/"]}]}},"_links":{"self":[{"href":"https:\/\/rutana.lt\/en\/wp-json\/wp\/v2\/product\/20236","targetHints":{"allow":["GET"]}}],"collection":[{"href":"https:\/\/rutana.lt\/en\/wp-json\/wp\/v2\/product"}],"about":[{"href":"https:\/\/rutana.lt\/en\/wp-json\/wp\/v2\/types\/product"}],"replies":[{"embeddable":true,"href":"https:\/\/rutana.lt\/en\/wp-json\/wp\/v2\/comments?post=20236"}],"version-history":[{"count":3,"href":"https:\/\/rutana.lt\/en\/wp-json\/wp\/v2\/product\/20236\/revisions"}],"predecessor-version":[{"id":33955,"href":"https:\/\/rutana.lt\/en\/wp-json\/wp\/v2\/product\/20236\/revisions\/33955"}],"wp:featuredmedia":[{"embeddable":true,"href":"https:\/\/rutana.lt\/en\/wp-json\/wp\/v2\/media\/30329"}],"wp:attachment":[{"href":"https:\/\/rutana.lt\/en\/wp-json\/wp\/v2\/media?parent=20236"}],"wp:term":[{"taxonomy":"product_brand","embeddable":true,"href":"https:\/\/rutana.lt\/en\/wp-json\/wp\/v2\/product_brand?post=20236"},{"taxonomy":"product_cat","embeddable":true,"href":"https:\/\/rutana.lt\/en\/wp-json\/wp\/v2\/product_cat?post=20236"},{"taxonomy":"product_tag","embeddable":true,"href":"https:\/\/rutana.lt\/en\/wp-json\/wp\/v2\/product_tag?post=20236"}],"curies":[{"name":"wp","href":"https:\/\/api.w.org\/{rel}","templated":true}]}}