{"id":20232,"date":"2025-09-03T10:11:41","date_gmt":"2025-09-03T08:11:41","guid":{"rendered":"https:\/\/rutana.webdemo.lt\/?post_type=product&#038;p=20232"},"modified":"2025-10-13T16:01:21","modified_gmt":"2025-10-13T14:01:21","slug":"popieriniai-ranksluosciai-premium-2-vnt-balti-zewa-02998","status":"publish","type":"product","link":"https:\/\/rutana.lt\/en\/product\/popieriniai-ranksluosciai-premium-2-vnt-balti-zewa-02998\/","title":{"rendered":"Popieriniai rank\u0161luos\u010diai &#8222;Premium&#8221; 2 vnt. balti Zewa 02998"},"content":{"rendered":"<p>Tvirtas, puikiai sugeriantis nam\u0173 \u016bkio popierinis rank\u0161luostis, tinkamas netgi \u0161lapiam valymui. D\u0117l pa\u017eangios \u201ePower-X\u201c strukt\u016bros lapeliai lieka itin tvirti ir neply\u0161ta net su\u0161lapinti. \u201eZewa Premium\u201c suteiktas ES ekologinis \u017eenklas ir FSC sertifikatas, garantuojantys, kad popierius gaminamas i\u0161 atsakingai i\u0161gaut\u0173 pluo\u0161t\u0173. \u201eZewa Premium\u201c nam\u0173 \u016bkio popierinis rank\u0161luostis supakuotas ma\u017eesn\u012f CO2 p\u0117dsak\u0105 paliekan\u010dioje pakuot\u0117je. Anglies p\u0117dsakas ma\u017eesnis tod\u0117l, kad gaminant pakuot\u0119 naudojama bent 30\u202f% perdirbto plastiko. Be to, pakuot\u0119 galima perdirbti kartu su kitomis plastiko atliekomis. \u201eZewa Premium\u201c gaminamas gamykloje Suomijoje, kurioje taikomas atsakingas po\u017ei\u016bris ir u\u017etikrinama auk\u0161ta kokyb\u0117.<\/p>\n<p>Lapeli\u0173 kiekis: 55 ( 1 &#8211; ame rulone )<\/p>\n<p>Lapelio dydis: 212 x 220 mm<\/p>\n<p>Rulono ilgis: 12.1 m<\/p>\n<p>Rulono svoris: 123 g<\/p>\n<p>Sluoksniai: 2<\/p>\n<p>Spalva: balta<\/p>\n<p>Spauda: taip<\/p>\n<p>Pakelyje: 2 vnt. ( kaina nurodyta u\u017e 2 vnt. )<\/p>\n<p>Kilm\u0117s \u0161alis: Suomija<\/p>\n<p><\/p>\n<p><\/p>","protected":false},"excerpt":{"rendered":"<p>Tvirtas, puikiai sugeriantis nam\u0173 \u016bkio popierinis rank\u0161luostis, tinkamas netgi \u0161lapiam valymui. D\u0117l pa\u017eangios \u201ePower-X\u201c strukt\u016bros lapeliai lieka itin tvirti ir neply\u0161ta net su\u0161lapinti. \u201eZewa Premium\u201c suteiktas ES ekologinis \u017eenklas ir FSC sertifikatas, garantuojantys, kad popierius gaminamas i\u0161 atsakingai i\u0161gaut\u0173 pluo\u0161t\u0173. \u201eZewa Premium\u201c nam\u0173 \u016bkio popierinis rank\u0161luostis supakuotas ma\u017eesn\u012f CO2 p\u0117dsak\u0105 paliekan\u010dioje pakuot\u0117je. Anglies p\u0117dsakas ma\u017eesnis [&hellip;]<\/p>","protected":false},"featured_media":30325,"comment_status":"open","ping_status":"closed","template":"","meta":{"_season_start":"","_season_end":"","_season_days":"","_season_months":"","_season_auto_visibility":""},"product_brand":[942],"product_cat":[1620],"product_tag":[],"class_list":{"0":"post-20232","1":"product","2":"type-product","3":"status-publish","4":"has-post-thumbnail","6":"product_brand-zewa","7":"product_cat-popieriniai-ranksluosciai","9":"first","10":"instock","11":"taxable","12":"shipping-taxable","13":"purchasable","14":"product-type-simple"},"yoast_head":"<!-- This site is optimized with the Yoast SEO plugin v26.1.1 - https:\/\/yoast.com\/wordpress\/plugins\/seo\/ -->\n<title>Popieriniai rank\u0161luos\u010diai &quot;Premium&quot; 2 vnt. balti Zewa 02998 - Rutana - Ra\u0161tin\u0117s reikmenys<\/title>\n<meta name=\"robots\" content=\"index, follow, max-snippet:-1, max-image-preview:large, max-video-preview:-1\" \/>\n<link rel=\"canonical\" href=\"https:\/\/rutana.lt\/en\/product\/popieriniai-ranksluosciai-premium-2-vnt-balti-zewa-02998\/\" \/>\n<meta property=\"og:locale\" content=\"en_US\" \/>\n<meta property=\"og:type\" content=\"article\" \/>\n<meta property=\"og:title\" content=\"Popieriniai rank\u0161luos\u010diai &quot;Premium&quot; 2 vnt. balti Zewa 02998 - Rutana - Ra\u0161tin\u0117s reikmenys\" \/>\n<meta property=\"og:description\" content=\"Tvirtas, puikiai sugeriantis nam\u0173 \u016bkio popierinis rank\u0161luostis, tinkamas netgi \u0161lapiam valymui. D\u0117l pa\u017eangios \u201ePower-X\u201c strukt\u016bros lapeliai lieka itin tvirti ir neply\u0161ta net su\u0161lapinti. \u201eZewa Premium\u201c suteiktas ES ekologinis \u017eenklas ir FSC sertifikatas, garantuojantys, kad popierius gaminamas i\u0161 atsakingai i\u0161gaut\u0173 pluo\u0161t\u0173. \u201eZewa Premium\u201c nam\u0173 \u016bkio popierinis rank\u0161luostis supakuotas ma\u017eesn\u012f CO2 p\u0117dsak\u0105 paliekan\u010dioje pakuot\u0117je. Anglies p\u0117dsakas ma\u017eesnis [&hellip;]\" \/>\n<meta property=\"og:url\" content=\"https:\/\/rutana.lt\/en\/product\/popieriniai-ranksluosciai-premium-2-vnt-balti-zewa-02998\/\" \/>\n<meta property=\"og:site_name\" content=\"Rutana - Ra\u0161tin\u0117s reikmenys\" \/>\n<meta property=\"article:publisher\" content=\"https:\/\/www.facebook.com\/RutanaKanceliarinesPrekes\/\" \/>\n<meta property=\"article:modified_time\" content=\"2025-10-13T14:01:21+00:00\" \/>\n<meta property=\"og:image\" content=\"https:\/\/rutana.lt\/wp-content\/uploads\/2025\/09\/A082-018.jpg\" \/>\n\t<meta property=\"og:image:width\" content=\"1000\" \/>\n\t<meta property=\"og:image:height\" content=\"1000\" \/>\n\t<meta property=\"og:image:type\" content=\"image\/jpeg\" \/>\n<meta name=\"twitter:card\" content=\"summary_large_image\" \/>\n<meta name=\"twitter:label1\" content=\"Est. reading time\" \/>\n\t<meta name=\"twitter:data1\" content=\"1 minute\" \/>\n<script type=\"application\/ld+json\" class=\"yoast-schema-graph\">{\"@context\":\"https:\/\/schema.org\",\"@graph\":[{\"@type\":\"WebPage\",\"@id\":\"https:\/\/rutana.lt\/produktas\/popieriniai-ranksluosciai-premium-2-vnt-balti-zewa-02998\/\",\"url\":\"https:\/\/rutana.lt\/produktas\/popieriniai-ranksluosciai-premium-2-vnt-balti-zewa-02998\/\",\"name\":\"Popieriniai rank\u0161luos\u010diai \\\"Premium\\\" 2 vnt. balti Zewa 02998 - Rutana - Ra\u0161tin\u0117s reikmenys\",\"isPartOf\":{\"@id\":\"https:\/\/rutana.lt\/#website\"},\"primaryImageOfPage\":{\"@id\":\"https:\/\/rutana.lt\/produktas\/popieriniai-ranksluosciai-premium-2-vnt-balti-zewa-02998\/#primaryimage\"},\"image\":{\"@id\":\"https:\/\/rutana.lt\/produktas\/popieriniai-ranksluosciai-premium-2-vnt-balti-zewa-02998\/#primaryimage\"},\"thumbnailUrl\":\"https:\/\/rutana.lt\/wp-content\/uploads\/2025\/09\/A082-018-1.jpg?v=1763563090\",\"datePublished\":\"2025-09-03T08:11:41+00:00\",\"dateModified\":\"2025-10-13T14:01:21+00:00\",\"breadcrumb\":{\"@id\":\"https:\/\/rutana.lt\/produktas\/popieriniai-ranksluosciai-premium-2-vnt-balti-zewa-02998\/#breadcrumb\"},\"inLanguage\":\"en-US\",\"potentialAction\":[{\"@type\":\"ReadAction\",\"target\":[\"https:\/\/rutana.lt\/produktas\/popieriniai-ranksluosciai-premium-2-vnt-balti-zewa-02998\/\"]}]},{\"@type\":\"ImageObject\",\"inLanguage\":\"en-US\",\"@id\":\"https:\/\/rutana.lt\/produktas\/popieriniai-ranksluosciai-premium-2-vnt-balti-zewa-02998\/#primaryimage\",\"url\":\"https:\/\/rutana.lt\/wp-content\/uploads\/2025\/09\/A082-018-1.jpg?v=1763563090\",\"contentUrl\":\"https:\/\/rutana.lt\/wp-content\/uploads\/2025\/09\/A082-018-1.jpg?v=1763563090\",\"width\":1000,\"height\":1000},{\"@type\":\"BreadcrumbList\",\"@id\":\"https:\/\/rutana.lt\/produktas\/popieriniai-ranksluosciai-premium-2-vnt-balti-zewa-02998\/#breadcrumb\",\"itemListElement\":[{\"@type\":\"ListItem\",\"position\":1,\"name\":\"Home\",\"item\":\"https:\/\/rutana.lt\/\"},{\"@type\":\"ListItem\",\"position\":2,\"name\":\"Parduotuv\u0117\",\"item\":\"https:\/\/rutana.lt\/parduotuve\/\"},{\"@type\":\"ListItem\",\"position\":3,\"name\":\"Popieriniai rank\u0161luos\u010diai &#8222;Premium&#8221; 2 vnt. balti Zewa 02998\"}]},{\"@type\":\"WebSite\",\"@id\":\"https:\/\/rutana.lt\/#website\",\"url\":\"https:\/\/rutana.lt\/\",\"name\":\"Rutana - Ra\u0161tin\u0117s reikmenys\",\"description\":\"Prekiaujame pasaulin\u0117je rinkoje pripa\u017eintomis, kokybi\u0161komis biuro prek\u0117mis toki\u0173  gamintoj\u0173 kaip: Schneider, Esselte, Novus, 3M, Faber-Castell, Citizen, Milan, Leitz, Colop, Zebra, Staedtler, Durable, Tork, Parker, Waterman ir kt.\",\"publisher\":{\"@id\":\"https:\/\/rutana.lt\/#organization\"},\"potentialAction\":[{\"@type\":\"SearchAction\",\"target\":{\"@type\":\"EntryPoint\",\"urlTemplate\":\"https:\/\/rutana.lt\/?s={search_term_string}\"},\"query-input\":{\"@type\":\"PropertyValueSpecification\",\"valueRequired\":true,\"valueName\":\"search_term_string\"}}],\"inLanguage\":\"en-US\"},{\"@type\":\"Organization\",\"@id\":\"https:\/\/rutana.lt\/#organization\",\"name\":\"Rutana - Ra\u0161tin\u0117s reikmenys\",\"url\":\"https:\/\/rutana.lt\/\",\"logo\":{\"@type\":\"ImageObject\",\"inLanguage\":\"en-US\",\"@id\":\"https:\/\/rutana.lt\/#\/schema\/logo\/image\/\",\"url\":\"https:\/\/rutana.lt\/wp-content\/uploads\/2025\/10\/Asset-32.png\",\"contentUrl\":\"https:\/\/rutana.lt\/wp-content\/uploads\/2025\/10\/Asset-32.png\",\"width\":433,\"height\":119,\"caption\":\"Rutana - Ra\u0161tin\u0117s reikmenys\"},\"image\":{\"@id\":\"https:\/\/rutana.lt\/#\/schema\/logo\/image\/\"},\"sameAs\":[\"https:\/\/www.facebook.com\/RutanaKanceliarinesPrekes\/\"]}]}<\/script>\n<!-- \/ Yoast SEO plugin. -->","yoast_head_json":{"title":"Popieriniai rank\u0161luos\u010diai \"Premium\" 2 vnt. balti Zewa 02998 - Rutana - Ra\u0161tin\u0117s reikmenys","robots":{"index":"index","follow":"follow","max-snippet":"max-snippet:-1","max-image-preview":"max-image-preview:large","max-video-preview":"max-video-preview:-1"},"canonical":"https:\/\/rutana.lt\/en\/product\/popieriniai-ranksluosciai-premium-2-vnt-balti-zewa-02998\/","og_locale":"en_US","og_type":"article","og_title":"Popieriniai rank\u0161luos\u010diai \"Premium\" 2 vnt. balti Zewa 02998 - Rutana - Ra\u0161tin\u0117s reikmenys","og_description":"Tvirtas, puikiai sugeriantis nam\u0173 \u016bkio popierinis rank\u0161luostis, tinkamas netgi \u0161lapiam valymui. D\u0117l pa\u017eangios \u201ePower-X\u201c strukt\u016bros lapeliai lieka itin tvirti ir neply\u0161ta net su\u0161lapinti. \u201eZewa Premium\u201c suteiktas ES ekologinis \u017eenklas ir FSC sertifikatas, garantuojantys, kad popierius gaminamas i\u0161 atsakingai i\u0161gaut\u0173 pluo\u0161t\u0173. \u201eZewa Premium\u201c nam\u0173 \u016bkio popierinis rank\u0161luostis supakuotas ma\u017eesn\u012f CO2 p\u0117dsak\u0105 paliekan\u010dioje pakuot\u0117je. Anglies p\u0117dsakas ma\u017eesnis [&hellip;]","og_url":"https:\/\/rutana.lt\/en\/product\/popieriniai-ranksluosciai-premium-2-vnt-balti-zewa-02998\/","og_site_name":"Rutana - Ra\u0161tin\u0117s reikmenys","article_publisher":"https:\/\/www.facebook.com\/RutanaKanceliarinesPrekes\/","article_modified_time":"2025-10-13T14:01:21+00:00","og_image":[{"width":1000,"height":1000,"url":"https:\/\/rutana.lt\/wp-content\/uploads\/2025\/09\/A082-018.jpg","type":"image\/jpeg"}],"twitter_card":"summary_large_image","twitter_misc":{"Est. reading time":"1 minute"},"schema":{"@context":"https:\/\/schema.org","@graph":[{"@type":"WebPage","@id":"https:\/\/rutana.lt\/produktas\/popieriniai-ranksluosciai-premium-2-vnt-balti-zewa-02998\/","url":"https:\/\/rutana.lt\/produktas\/popieriniai-ranksluosciai-premium-2-vnt-balti-zewa-02998\/","name":"Popieriniai rank\u0161luos\u010diai \"Premium\" 2 vnt. balti Zewa 02998 - Rutana - Ra\u0161tin\u0117s reikmenys","isPartOf":{"@id":"https:\/\/rutana.lt\/#website"},"primaryImageOfPage":{"@id":"https:\/\/rutana.lt\/produktas\/popieriniai-ranksluosciai-premium-2-vnt-balti-zewa-02998\/#primaryimage"},"image":{"@id":"https:\/\/rutana.lt\/produktas\/popieriniai-ranksluosciai-premium-2-vnt-balti-zewa-02998\/#primaryimage"},"thumbnailUrl":"https:\/\/rutana.lt\/wp-content\/uploads\/2025\/09\/A082-018-1.jpg?v=1763563090","datePublished":"2025-09-03T08:11:41+00:00","dateModified":"2025-10-13T14:01:21+00:00","breadcrumb":{"@id":"https:\/\/rutana.lt\/produktas\/popieriniai-ranksluosciai-premium-2-vnt-balti-zewa-02998\/#breadcrumb"},"inLanguage":"en-US","potentialAction":[{"@type":"ReadAction","target":["https:\/\/rutana.lt\/produktas\/popieriniai-ranksluosciai-premium-2-vnt-balti-zewa-02998\/"]}]},{"@type":"ImageObject","inLanguage":"en-US","@id":"https:\/\/rutana.lt\/produktas\/popieriniai-ranksluosciai-premium-2-vnt-balti-zewa-02998\/#primaryimage","url":"https:\/\/rutana.lt\/wp-content\/uploads\/2025\/09\/A082-018-1.jpg?v=1763563090","contentUrl":"https:\/\/rutana.lt\/wp-content\/uploads\/2025\/09\/A082-018-1.jpg?v=1763563090","width":1000,"height":1000},{"@type":"BreadcrumbList","@id":"https:\/\/rutana.lt\/produktas\/popieriniai-ranksluosciai-premium-2-vnt-balti-zewa-02998\/#breadcrumb","itemListElement":[{"@type":"ListItem","position":1,"name":"Home","item":"https:\/\/rutana.lt\/"},{"@type":"ListItem","position":2,"name":"Parduotuv\u0117","item":"https:\/\/rutana.lt\/parduotuve\/"},{"@type":"ListItem","position":3,"name":"Popieriniai rank\u0161luos\u010diai &#8222;Premium&#8221; 2 vnt. balti Zewa 02998"}]},{"@type":"WebSite","@id":"https:\/\/rutana.lt\/#website","url":"https:\/\/rutana.lt\/","name":"Rutana - Ra\u0161tin\u0117s reikmenys","description":"Prekiaujame pasaulin\u0117je rinkoje pripa\u017eintomis, kokybi\u0161komis biuro prek\u0117mis toki\u0173  gamintoj\u0173 kaip: Schneider, Esselte, Novus, 3M, Faber-Castell, Citizen, Milan, Leitz, Colop, Zebra, Staedtler, Durable, Tork, Parker, Waterman ir kt.","publisher":{"@id":"https:\/\/rutana.lt\/#organization"},"potentialAction":[{"@type":"SearchAction","target":{"@type":"EntryPoint","urlTemplate":"https:\/\/rutana.lt\/?s={search_term_string}"},"query-input":{"@type":"PropertyValueSpecification","valueRequired":true,"valueName":"search_term_string"}}],"inLanguage":"en-US"},{"@type":"Organization","@id":"https:\/\/rutana.lt\/#organization","name":"Rutana - Ra\u0161tin\u0117s reikmenys","url":"https:\/\/rutana.lt\/","logo":{"@type":"ImageObject","inLanguage":"en-US","@id":"https:\/\/rutana.lt\/#\/schema\/logo\/image\/","url":"https:\/\/rutana.lt\/wp-content\/uploads\/2025\/10\/Asset-32.png","contentUrl":"https:\/\/rutana.lt\/wp-content\/uploads\/2025\/10\/Asset-32.png","width":433,"height":119,"caption":"Rutana - Ra\u0161tin\u0117s reikmenys"},"image":{"@id":"https:\/\/rutana.lt\/#\/schema\/logo\/image\/"},"sameAs":["https:\/\/www.facebook.com\/RutanaKanceliarinesPrekes\/"]}]}},"_links":{"self":[{"href":"https:\/\/rutana.lt\/en\/wp-json\/wp\/v2\/product\/20232","targetHints":{"allow":["GET"]}}],"collection":[{"href":"https:\/\/rutana.lt\/en\/wp-json\/wp\/v2\/product"}],"about":[{"href":"https:\/\/rutana.lt\/en\/wp-json\/wp\/v2\/types\/product"}],"replies":[{"embeddable":true,"href":"https:\/\/rutana.lt\/en\/wp-json\/wp\/v2\/comments?post=20232"}],"version-history":[{"count":1,"href":"https:\/\/rutana.lt\/en\/wp-json\/wp\/v2\/product\/20232\/revisions"}],"predecessor-version":[{"id":20265,"href":"https:\/\/rutana.lt\/en\/wp-json\/wp\/v2\/product\/20232\/revisions\/20265"}],"wp:featuredmedia":[{"embeddable":true,"href":"https:\/\/rutana.lt\/en\/wp-json\/wp\/v2\/media\/30325"}],"wp:attachment":[{"href":"https:\/\/rutana.lt\/en\/wp-json\/wp\/v2\/media?parent=20232"}],"wp:term":[{"taxonomy":"product_brand","embeddable":true,"href":"https:\/\/rutana.lt\/en\/wp-json\/wp\/v2\/product_brand?post=20232"},{"taxonomy":"product_cat","embeddable":true,"href":"https:\/\/rutana.lt\/en\/wp-json\/wp\/v2\/product_cat?post=20232"},{"taxonomy":"product_tag","embeddable":true,"href":"https:\/\/rutana.lt\/en\/wp-json\/wp\/v2\/product_tag?post=20232"}],"curies":[{"name":"wp","href":"https:\/\/api.w.org\/{rel}","templated":true}]}}