{"id":20231,"date":"2025-09-03T10:11:41","date_gmt":"2025-09-03T08:11:41","guid":{"rendered":"https:\/\/rutana.webdemo.lt\/?post_type=product&#038;p=20231"},"modified":"2025-10-13T16:01:21","modified_gmt":"2025-10-13T14:01:21","slug":"kepti-sprotai-pomidoru-padaze-240g-diplomats","status":"publish","type":"product","link":"https:\/\/rutana.lt\/en\/product\/kepti-sprotai-pomidoru-padaze-240g-diplomats\/","title":{"rendered":"Kepti \u0161protai pomidor\u0173 pada\u017ee 240g Diplomats"},"content":{"rendered":"<p><span style=\"text-align: center;\">DIPLOMATS \u2013 tai legendinis prek\u0117s \u017eenklas, gaminantis auk\u0161\u010diausios kokyb\u0117s \u017euvies konservus nuo 1931 met\u0173. <\/span><span style=\"text-align: center;\">Siekiant pagerbti savo pirmtak\u0173 pasiekimus, buvo sukurta \u201eDiplomats Historical Heritage\u201c produkt\u0173 serija, \u012fk\u016bnijanti vis\u0105 patirt\u012f ir per daugel\u012f met\u0173 sukauptas \u017einias. <\/span>Pavargote nuo \u012fprast\u0173 patiekal\u0173? Ie\u0161kote ka\u017eko, kas primint\u0173 vaikyst\u0117s skon\u012f ir su\u0161ildyt\u0173 siel\u0105? Pristatome jums keptus \u0161protus pomidor\u0173 pada\u017ee \u2013 patiekal\u0105, kuris puikiai tiks tiek kasdienai, tiek \u0161ventiniam stalui!<\/p>\n<p><span style=\"text-align: center;\">Svoris: 240 g<\/span><\/p>\n<p><span style=\"text-align: center;\">Pakuot\u0117: plienin\u0117je skardin\u0117je<\/span><\/p>\n<p>Kilm\u0117s \u0161alis: Latvija<\/p><\/p>","protected":false},"excerpt":{"rendered":"<p>DIPLOMATS \u2013 tai legendinis prek\u0117s \u017eenklas, gaminantis auk\u0161\u010diausios kokyb\u0117s \u017euvies konservus nuo 1931 met\u0173. Siekiant pagerbti savo pirmtak\u0173 pasiekimus, buvo sukurta \u201eDiplomats Historical Heritage\u201c produkt\u0173 serija, \u012fk\u016bnijanti vis\u0105 patirt\u012f ir per daugel\u012f met\u0173 sukauptas \u017einias. Pavargote nuo \u012fprast\u0173 patiekal\u0173? Ie\u0161kote ka\u017eko, kas primint\u0173 vaikyst\u0117s skon\u012f ir su\u0161ildyt\u0173 siel\u0105? Pristatome jums keptus \u0161protus pomidor\u0173 pada\u017ee \u2013 [&hellip;]<\/p>","protected":false},"featured_media":30324,"comment_status":"open","ping_status":"closed","template":"","meta":{"_season_start":"","_season_end":"","_season_days":"","_season_months":"","_season_auto_visibility":""},"product_brand":[1032],"product_cat":[1702],"product_tag":[],"class_list":{"0":"post-20231","1":"product","2":"type-product","3":"status-publish","4":"has-post-thumbnail","6":"product_brand-diplomats","7":"product_cat-riesutai-ir-uzkandziai","9":"first","10":"instock","11":"taxable","12":"shipping-taxable","13":"purchasable","14":"product-type-simple"},"yoast_head":"<!-- This site is optimized with the Yoast SEO plugin v26.1.1 - https:\/\/yoast.com\/wordpress\/plugins\/seo\/ -->\n<title>Kepti \u0161protai pomidor\u0173 pada\u017ee 240g Diplomats - Rutana - Ra\u0161tin\u0117s reikmenys<\/title>\n<meta name=\"robots\" content=\"index, follow, max-snippet:-1, max-image-preview:large, max-video-preview:-1\" \/>\n<link rel=\"canonical\" href=\"https:\/\/rutana.lt\/en\/product\/kepti-sprotai-pomidoru-padaze-240g-diplomats\/\" \/>\n<meta property=\"og:locale\" content=\"en_US\" \/>\n<meta property=\"og:type\" content=\"article\" \/>\n<meta property=\"og:title\" content=\"Kepti \u0161protai pomidor\u0173 pada\u017ee 240g Diplomats - Rutana - Ra\u0161tin\u0117s reikmenys\" \/>\n<meta property=\"og:description\" content=\"DIPLOMATS \u2013 tai legendinis prek\u0117s \u017eenklas, gaminantis auk\u0161\u010diausios kokyb\u0117s \u017euvies konservus nuo 1931 met\u0173. Siekiant pagerbti savo pirmtak\u0173 pasiekimus, buvo sukurta \u201eDiplomats Historical Heritage\u201c produkt\u0173 serija, \u012fk\u016bnijanti vis\u0105 patirt\u012f ir per daugel\u012f met\u0173 sukauptas \u017einias. Pavargote nuo \u012fprast\u0173 patiekal\u0173? Ie\u0161kote ka\u017eko, kas primint\u0173 vaikyst\u0117s skon\u012f ir su\u0161ildyt\u0173 siel\u0105? Pristatome jums keptus \u0161protus pomidor\u0173 pada\u017ee \u2013 [&hellip;]\" \/>\n<meta property=\"og:url\" content=\"https:\/\/rutana.lt\/en\/product\/kepti-sprotai-pomidoru-padaze-240g-diplomats\/\" \/>\n<meta property=\"og:site_name\" content=\"Rutana - Ra\u0161tin\u0117s reikmenys\" \/>\n<meta property=\"article:publisher\" content=\"https:\/\/www.facebook.com\/RutanaKanceliarinesPrekes\/\" \/>\n<meta property=\"article:modified_time\" content=\"2025-10-13T14:01:21+00:00\" \/>\n<meta property=\"og:image\" content=\"https:\/\/rutana.lt\/wp-content\/uploads\/2025\/09\/B090-902.jpg\" \/>\n\t<meta property=\"og:image:width\" content=\"1000\" \/>\n\t<meta property=\"og:image:height\" content=\"1000\" \/>\n\t<meta property=\"og:image:type\" content=\"image\/jpeg\" \/>\n<meta name=\"twitter:card\" content=\"summary_large_image\" \/>\n<script type=\"application\/ld+json\" class=\"yoast-schema-graph\">{\"@context\":\"https:\/\/schema.org\",\"@graph\":[{\"@type\":\"WebPage\",\"@id\":\"https:\/\/rutana.lt\/produktas\/kepti-sprotai-pomidoru-padaze-240g-diplomats\/\",\"url\":\"https:\/\/rutana.lt\/produktas\/kepti-sprotai-pomidoru-padaze-240g-diplomats\/\",\"name\":\"Kepti \u0161protai pomidor\u0173 pada\u017ee 240g Diplomats - Rutana - Ra\u0161tin\u0117s reikmenys\",\"isPartOf\":{\"@id\":\"https:\/\/rutana.lt\/#website\"},\"primaryImageOfPage\":{\"@id\":\"https:\/\/rutana.lt\/produktas\/kepti-sprotai-pomidoru-padaze-240g-diplomats\/#primaryimage\"},\"image\":{\"@id\":\"https:\/\/rutana.lt\/produktas\/kepti-sprotai-pomidoru-padaze-240g-diplomats\/#primaryimage\"},\"thumbnailUrl\":\"https:\/\/rutana.lt\/wp-content\/uploads\/2025\/09\/B090-902-1.jpg?v=1763563088\",\"datePublished\":\"2025-09-03T08:11:41+00:00\",\"dateModified\":\"2025-10-13T14:01:21+00:00\",\"breadcrumb\":{\"@id\":\"https:\/\/rutana.lt\/produktas\/kepti-sprotai-pomidoru-padaze-240g-diplomats\/#breadcrumb\"},\"inLanguage\":\"en-US\",\"potentialAction\":[{\"@type\":\"ReadAction\",\"target\":[\"https:\/\/rutana.lt\/produktas\/kepti-sprotai-pomidoru-padaze-240g-diplomats\/\"]}]},{\"@type\":\"ImageObject\",\"inLanguage\":\"en-US\",\"@id\":\"https:\/\/rutana.lt\/produktas\/kepti-sprotai-pomidoru-padaze-240g-diplomats\/#primaryimage\",\"url\":\"https:\/\/rutana.lt\/wp-content\/uploads\/2025\/09\/B090-902-1.jpg?v=1763563088\",\"contentUrl\":\"https:\/\/rutana.lt\/wp-content\/uploads\/2025\/09\/B090-902-1.jpg?v=1763563088\",\"width\":1000,\"height\":1000},{\"@type\":\"BreadcrumbList\",\"@id\":\"https:\/\/rutana.lt\/produktas\/kepti-sprotai-pomidoru-padaze-240g-diplomats\/#breadcrumb\",\"itemListElement\":[{\"@type\":\"ListItem\",\"position\":1,\"name\":\"Home\",\"item\":\"https:\/\/rutana.lt\/\"},{\"@type\":\"ListItem\",\"position\":2,\"name\":\"Parduotuv\u0117\",\"item\":\"https:\/\/rutana.lt\/parduotuve\/\"},{\"@type\":\"ListItem\",\"position\":3,\"name\":\"Kepti \u0161protai pomidor\u0173 pada\u017ee 240g Diplomats\"}]},{\"@type\":\"WebSite\",\"@id\":\"https:\/\/rutana.lt\/#website\",\"url\":\"https:\/\/rutana.lt\/\",\"name\":\"Rutana - Ra\u0161tin\u0117s reikmenys\",\"description\":\"Prekiaujame pasaulin\u0117je rinkoje pripa\u017eintomis, kokybi\u0161komis biuro prek\u0117mis toki\u0173  gamintoj\u0173 kaip: Schneider, Esselte, Novus, 3M, Faber-Castell, Citizen, Milan, Leitz, Colop, Zebra, Staedtler, Durable, Tork, Parker, Waterman ir kt.\",\"publisher\":{\"@id\":\"https:\/\/rutana.lt\/#organization\"},\"potentialAction\":[{\"@type\":\"SearchAction\",\"target\":{\"@type\":\"EntryPoint\",\"urlTemplate\":\"https:\/\/rutana.lt\/?s={search_term_string}\"},\"query-input\":{\"@type\":\"PropertyValueSpecification\",\"valueRequired\":true,\"valueName\":\"search_term_string\"}}],\"inLanguage\":\"en-US\"},{\"@type\":\"Organization\",\"@id\":\"https:\/\/rutana.lt\/#organization\",\"name\":\"Rutana - Ra\u0161tin\u0117s reikmenys\",\"url\":\"https:\/\/rutana.lt\/\",\"logo\":{\"@type\":\"ImageObject\",\"inLanguage\":\"en-US\",\"@id\":\"https:\/\/rutana.lt\/#\/schema\/logo\/image\/\",\"url\":\"https:\/\/rutana.lt\/wp-content\/uploads\/2025\/10\/Asset-32.png\",\"contentUrl\":\"https:\/\/rutana.lt\/wp-content\/uploads\/2025\/10\/Asset-32.png\",\"width\":433,\"height\":119,\"caption\":\"Rutana - Ra\u0161tin\u0117s reikmenys\"},\"image\":{\"@id\":\"https:\/\/rutana.lt\/#\/schema\/logo\/image\/\"},\"sameAs\":[\"https:\/\/www.facebook.com\/RutanaKanceliarinesPrekes\/\"]}]}<\/script>\n<!-- \/ Yoast SEO plugin. -->","yoast_head_json":{"title":"Kepti \u0161protai pomidor\u0173 pada\u017ee 240g Diplomats - Rutana - Ra\u0161tin\u0117s reikmenys","robots":{"index":"index","follow":"follow","max-snippet":"max-snippet:-1","max-image-preview":"max-image-preview:large","max-video-preview":"max-video-preview:-1"},"canonical":"https:\/\/rutana.lt\/en\/product\/kepti-sprotai-pomidoru-padaze-240g-diplomats\/","og_locale":"en_US","og_type":"article","og_title":"Kepti \u0161protai pomidor\u0173 pada\u017ee 240g Diplomats - Rutana - Ra\u0161tin\u0117s reikmenys","og_description":"DIPLOMATS \u2013 tai legendinis prek\u0117s \u017eenklas, gaminantis auk\u0161\u010diausios kokyb\u0117s \u017euvies konservus nuo 1931 met\u0173. Siekiant pagerbti savo pirmtak\u0173 pasiekimus, buvo sukurta \u201eDiplomats Historical Heritage\u201c produkt\u0173 serija, \u012fk\u016bnijanti vis\u0105 patirt\u012f ir per daugel\u012f met\u0173 sukauptas \u017einias. Pavargote nuo \u012fprast\u0173 patiekal\u0173? Ie\u0161kote ka\u017eko, kas primint\u0173 vaikyst\u0117s skon\u012f ir su\u0161ildyt\u0173 siel\u0105? Pristatome jums keptus \u0161protus pomidor\u0173 pada\u017ee \u2013 [&hellip;]","og_url":"https:\/\/rutana.lt\/en\/product\/kepti-sprotai-pomidoru-padaze-240g-diplomats\/","og_site_name":"Rutana - Ra\u0161tin\u0117s reikmenys","article_publisher":"https:\/\/www.facebook.com\/RutanaKanceliarinesPrekes\/","article_modified_time":"2025-10-13T14:01:21+00:00","og_image":[{"width":1000,"height":1000,"url":"https:\/\/rutana.lt\/wp-content\/uploads\/2025\/09\/B090-902.jpg","type":"image\/jpeg"}],"twitter_card":"summary_large_image","schema":{"@context":"https:\/\/schema.org","@graph":[{"@type":"WebPage","@id":"https:\/\/rutana.lt\/produktas\/kepti-sprotai-pomidoru-padaze-240g-diplomats\/","url":"https:\/\/rutana.lt\/produktas\/kepti-sprotai-pomidoru-padaze-240g-diplomats\/","name":"Kepti \u0161protai pomidor\u0173 pada\u017ee 240g Diplomats - Rutana - Ra\u0161tin\u0117s reikmenys","isPartOf":{"@id":"https:\/\/rutana.lt\/#website"},"primaryImageOfPage":{"@id":"https:\/\/rutana.lt\/produktas\/kepti-sprotai-pomidoru-padaze-240g-diplomats\/#primaryimage"},"image":{"@id":"https:\/\/rutana.lt\/produktas\/kepti-sprotai-pomidoru-padaze-240g-diplomats\/#primaryimage"},"thumbnailUrl":"https:\/\/rutana.lt\/wp-content\/uploads\/2025\/09\/B090-902-1.jpg?v=1763563088","datePublished":"2025-09-03T08:11:41+00:00","dateModified":"2025-10-13T14:01:21+00:00","breadcrumb":{"@id":"https:\/\/rutana.lt\/produktas\/kepti-sprotai-pomidoru-padaze-240g-diplomats\/#breadcrumb"},"inLanguage":"en-US","potentialAction":[{"@type":"ReadAction","target":["https:\/\/rutana.lt\/produktas\/kepti-sprotai-pomidoru-padaze-240g-diplomats\/"]}]},{"@type":"ImageObject","inLanguage":"en-US","@id":"https:\/\/rutana.lt\/produktas\/kepti-sprotai-pomidoru-padaze-240g-diplomats\/#primaryimage","url":"https:\/\/rutana.lt\/wp-content\/uploads\/2025\/09\/B090-902-1.jpg?v=1763563088","contentUrl":"https:\/\/rutana.lt\/wp-content\/uploads\/2025\/09\/B090-902-1.jpg?v=1763563088","width":1000,"height":1000},{"@type":"BreadcrumbList","@id":"https:\/\/rutana.lt\/produktas\/kepti-sprotai-pomidoru-padaze-240g-diplomats\/#breadcrumb","itemListElement":[{"@type":"ListItem","position":1,"name":"Home","item":"https:\/\/rutana.lt\/"},{"@type":"ListItem","position":2,"name":"Parduotuv\u0117","item":"https:\/\/rutana.lt\/parduotuve\/"},{"@type":"ListItem","position":3,"name":"Kepti \u0161protai pomidor\u0173 pada\u017ee 240g Diplomats"}]},{"@type":"WebSite","@id":"https:\/\/rutana.lt\/#website","url":"https:\/\/rutana.lt\/","name":"Rutana - Ra\u0161tin\u0117s reikmenys","description":"Prekiaujame pasaulin\u0117je rinkoje pripa\u017eintomis, kokybi\u0161komis biuro prek\u0117mis toki\u0173  gamintoj\u0173 kaip: Schneider, Esselte, Novus, 3M, Faber-Castell, Citizen, Milan, Leitz, Colop, Zebra, Staedtler, Durable, Tork, Parker, Waterman ir kt.","publisher":{"@id":"https:\/\/rutana.lt\/#organization"},"potentialAction":[{"@type":"SearchAction","target":{"@type":"EntryPoint","urlTemplate":"https:\/\/rutana.lt\/?s={search_term_string}"},"query-input":{"@type":"PropertyValueSpecification","valueRequired":true,"valueName":"search_term_string"}}],"inLanguage":"en-US"},{"@type":"Organization","@id":"https:\/\/rutana.lt\/#organization","name":"Rutana - Ra\u0161tin\u0117s reikmenys","url":"https:\/\/rutana.lt\/","logo":{"@type":"ImageObject","inLanguage":"en-US","@id":"https:\/\/rutana.lt\/#\/schema\/logo\/image\/","url":"https:\/\/rutana.lt\/wp-content\/uploads\/2025\/10\/Asset-32.png","contentUrl":"https:\/\/rutana.lt\/wp-content\/uploads\/2025\/10\/Asset-32.png","width":433,"height":119,"caption":"Rutana - Ra\u0161tin\u0117s reikmenys"},"image":{"@id":"https:\/\/rutana.lt\/#\/schema\/logo\/image\/"},"sameAs":["https:\/\/www.facebook.com\/RutanaKanceliarinesPrekes\/"]}]}},"_links":{"self":[{"href":"https:\/\/rutana.lt\/en\/wp-json\/wp\/v2\/product\/20231","targetHints":{"allow":["GET"]}}],"collection":[{"href":"https:\/\/rutana.lt\/en\/wp-json\/wp\/v2\/product"}],"about":[{"href":"https:\/\/rutana.lt\/en\/wp-json\/wp\/v2\/types\/product"}],"replies":[{"embeddable":true,"href":"https:\/\/rutana.lt\/en\/wp-json\/wp\/v2\/comments?post=20231"}],"version-history":[{"count":1,"href":"https:\/\/rutana.lt\/en\/wp-json\/wp\/v2\/product\/20231\/revisions"}],"predecessor-version":[{"id":20263,"href":"https:\/\/rutana.lt\/en\/wp-json\/wp\/v2\/product\/20231\/revisions\/20263"}],"wp:featuredmedia":[{"embeddable":true,"href":"https:\/\/rutana.lt\/en\/wp-json\/wp\/v2\/media\/30324"}],"wp:attachment":[{"href":"https:\/\/rutana.lt\/en\/wp-json\/wp\/v2\/media?parent=20231"}],"wp:term":[{"taxonomy":"product_brand","embeddable":true,"href":"https:\/\/rutana.lt\/en\/wp-json\/wp\/v2\/product_brand?post=20231"},{"taxonomy":"product_cat","embeddable":true,"href":"https:\/\/rutana.lt\/en\/wp-json\/wp\/v2\/product_cat?post=20231"},{"taxonomy":"product_tag","embeddable":true,"href":"https:\/\/rutana.lt\/en\/wp-json\/wp\/v2\/product_tag?post=20231"}],"curies":[{"name":"wp","href":"https:\/\/api.w.org\/{rel}","templated":true}]}}