{"id":20226,"date":"2025-09-03T10:11:41","date_gmt":"2025-09-03T08:11:41","guid":{"rendered":"https:\/\/rutana.webdemo.lt\/?post_type=product&#038;p=20226"},"modified":"2025-10-13T16:01:19","modified_gmt":"2025-10-13T14:01:19","slug":"juodas-sokoladas-dark-cinnamon-su-stevija-125g-torras","status":"publish","type":"product","link":"https:\/\/rutana.lt\/en\/product\/juodas-sokoladas-dark-cinnamon-su-stevija-125g-torras\/","title":{"rendered":"Juodas \u0161okoladas &#8222;Dark Cinnamon&#8221; su stevija 125g Torras"},"content":{"rendered":"<p style=\"\">Juodasis \u0161okoladas ir cinamonas, saldinti eritritoliu ir stevija. <\/p>\n<p style=\"\">Sudedamosios dalys: kakavos mas\u0117, saldikliai: eritritolis, steviolio glikozidai ( 0,027 % ), kakavos sviestas, inulinas, nuriebalinti kakavos milteliai, cinamono milteliai ( 2 % ), emulsiklis ( saul\u0117gr\u0105\u017e\u0173 lecitinas ), nat\u016bralus cinamono aromatas, nat\u016bralus vanil\u0117s aromatas. Gali b\u016bti pieno, sojos, rie\u0161ut\u0173 ir sezamo p\u0117dsak\u0173.<\/p>\n<p style=\"\">Kiekis: 125 g<\/p>\n<p>Skaidulini\u0173 med\u017eiag\u0173: 18 g<\/p>\n<p>Baltym\u0173: 7 g<\/p>\n<p>Druskos: 0.09 g<\/p>\n<p style=\"\">Kilm\u0117s \u0161alis: Ispanija<\/p>\n<p><\/p>\n<p><\/p>\n<p><\/p>","protected":false},"excerpt":{"rendered":"<p>Juodasis \u0161okoladas ir cinamonas, saldinti eritritoliu ir stevija. Sudedamosios dalys: kakavos mas\u0117, saldikliai: eritritolis, steviolio glikozidai ( 0,027 % ), kakavos sviestas, inulinas, nuriebalinti kakavos milteliai, cinamono milteliai ( 2 % ), emulsiklis ( saul\u0117gr\u0105\u017e\u0173 lecitinas ), nat\u016bralus cinamono aromatas, nat\u016bralus vanil\u0117s aromatas. Gali b\u016bti pieno, sojos, rie\u0161ut\u0173 ir sezamo p\u0117dsak\u0173. Kiekis: 125 g Skaidulini\u0173 [&hellip;]<\/p>","protected":false},"featured_media":30319,"comment_status":"open","ping_status":"closed","template":"","meta":{"_season_start":"","_season_end":"","_season_days":"","_season_months":"","_season_auto_visibility":""},"product_brand":[1133],"product_cat":[1879,1880],"product_tag":[],"class_list":{"0":"post-20226","1":"product","2":"type-product","3":"status-publish","4":"has-post-thumbnail","6":"product_brand-torras","7":"product_cat-saldainiai","8":"product_cat-sokolodai","10":"first","11":"instock","12":"taxable","13":"shipping-taxable","14":"purchasable","15":"product-type-simple"},"yoast_head":"<!-- This site is optimized with the Yoast SEO plugin v27.4 - https:\/\/yoast.com\/product\/yoast-seo-wordpress\/ -->\n<title>Juodas \u0161okoladas &quot;Dark Cinnamon&quot; su stevija 125g Torras - Rutana - Ra\u0161tin\u0117s reikmenys<\/title>\n<meta name=\"robots\" content=\"index, follow, max-snippet:-1, max-image-preview:large, max-video-preview:-1\" \/>\n<link rel=\"canonical\" href=\"https:\/\/rutana.lt\/en\/product\/juodas-sokoladas-dark-cinnamon-su-stevija-125g-torras\/\" \/>\n<meta property=\"og:locale\" content=\"en_US\" \/>\n<meta property=\"og:type\" content=\"article\" \/>\n<meta property=\"og:title\" content=\"Juodas \u0161okoladas &quot;Dark Cinnamon&quot; su stevija 125g Torras - Rutana - Ra\u0161tin\u0117s reikmenys\" \/>\n<meta property=\"og:description\" content=\"Juodasis \u0161okoladas ir cinamonas, saldinti eritritoliu ir stevija. Sudedamosios dalys: kakavos mas\u0117, saldikliai: eritritolis, steviolio glikozidai ( 0,027 % ), kakavos sviestas, inulinas, nuriebalinti kakavos milteliai, cinamono milteliai ( 2 % ), emulsiklis ( saul\u0117gr\u0105\u017e\u0173 lecitinas ), nat\u016bralus cinamono aromatas, nat\u016bralus vanil\u0117s aromatas. Gali b\u016bti pieno, sojos, rie\u0161ut\u0173 ir sezamo p\u0117dsak\u0173. Kiekis: 125 g Skaidulini\u0173 [&hellip;]\" \/>\n<meta property=\"og:url\" content=\"https:\/\/rutana.lt\/en\/product\/juodas-sokoladas-dark-cinnamon-su-stevija-125g-torras\/\" \/>\n<meta property=\"og:site_name\" content=\"Rutana - Ra\u0161tin\u0117s reikmenys\" \/>\n<meta property=\"article:publisher\" content=\"https:\/\/www.facebook.com\/RutanaKanceliarinesPrekes\/\" \/>\n<meta property=\"article:modified_time\" content=\"2025-10-13T14:01:19+00:00\" \/>\n<meta property=\"og:image\" content=\"https:\/\/rutana.lt\/wp-content\/uploads\/2025\/09\/B091-575.jpg\" \/>\n\t<meta property=\"og:image:width\" content=\"1000\" \/>\n\t<meta property=\"og:image:height\" content=\"1000\" \/>\n\t<meta property=\"og:image:type\" content=\"image\/jpeg\" \/>\n<meta name=\"twitter:card\" content=\"summary_large_image\" \/>\n<script type=\"application\/ld+json\" class=\"yoast-schema-graph\">{\"@context\":\"https:\\\/\\\/schema.org\",\"@graph\":[{\"@type\":\"WebPage\",\"@id\":\"https:\\\/\\\/rutana.lt\\\/produktas\\\/juodas-sokoladas-dark-cinnamon-su-stevija-125g-torras\\\/\",\"url\":\"https:\\\/\\\/rutana.lt\\\/produktas\\\/juodas-sokoladas-dark-cinnamon-su-stevija-125g-torras\\\/\",\"name\":\"Juodas \u0161okoladas \\\"Dark Cinnamon\\\" su stevija 125g Torras - Rutana - Ra\u0161tin\u0117s reikmenys\",\"isPartOf\":{\"@id\":\"https:\\\/\\\/rutana.lt\\\/#website\"},\"primaryImageOfPage\":{\"@id\":\"https:\\\/\\\/rutana.lt\\\/produktas\\\/juodas-sokoladas-dark-cinnamon-su-stevija-125g-torras\\\/#primaryimage\"},\"image\":{\"@id\":\"https:\\\/\\\/rutana.lt\\\/produktas\\\/juodas-sokoladas-dark-cinnamon-su-stevija-125g-torras\\\/#primaryimage\"},\"thumbnailUrl\":\"https:\\\/\\\/rutana.lt\\\/wp-content\\\/uploads\\\/2025\\\/09\\\/B091-575-1.jpg?v=1763563097\",\"datePublished\":\"2025-09-03T08:11:41+00:00\",\"dateModified\":\"2025-10-13T14:01:19+00:00\",\"breadcrumb\":{\"@id\":\"https:\\\/\\\/rutana.lt\\\/produktas\\\/juodas-sokoladas-dark-cinnamon-su-stevija-125g-torras\\\/#breadcrumb\"},\"inLanguage\":\"en-US\",\"potentialAction\":[{\"@type\":\"ReadAction\",\"target\":[\"https:\\\/\\\/rutana.lt\\\/produktas\\\/juodas-sokoladas-dark-cinnamon-su-stevija-125g-torras\\\/\"]}]},{\"@type\":\"ImageObject\",\"inLanguage\":\"en-US\",\"@id\":\"https:\\\/\\\/rutana.lt\\\/produktas\\\/juodas-sokoladas-dark-cinnamon-su-stevija-125g-torras\\\/#primaryimage\",\"url\":\"https:\\\/\\\/rutana.lt\\\/wp-content\\\/uploads\\\/2025\\\/09\\\/B091-575-1.jpg?v=1763563097\",\"contentUrl\":\"https:\\\/\\\/rutana.lt\\\/wp-content\\\/uploads\\\/2025\\\/09\\\/B091-575-1.jpg?v=1763563097\",\"width\":1000,\"height\":1000},{\"@type\":\"BreadcrumbList\",\"@id\":\"https:\\\/\\\/rutana.lt\\\/produktas\\\/juodas-sokoladas-dark-cinnamon-su-stevija-125g-torras\\\/#breadcrumb\",\"itemListElement\":[{\"@type\":\"ListItem\",\"position\":1,\"name\":\"Home\",\"item\":\"https:\\\/\\\/rutana.lt\\\/\"},{\"@type\":\"ListItem\",\"position\":2,\"name\":\"Parduotuv\u0117\",\"item\":\"https:\\\/\\\/rutana.lt\\\/parduotuve\\\/\"},{\"@type\":\"ListItem\",\"position\":3,\"name\":\"Juodas \u0161okoladas &#8222;Dark Cinnamon&#8221; su stevija 125g Torras\"}]},{\"@type\":\"WebSite\",\"@id\":\"https:\\\/\\\/rutana.lt\\\/#website\",\"url\":\"https:\\\/\\\/rutana.lt\\\/\",\"name\":\"Rutana - Ra\u0161tin\u0117s reikmenys\",\"description\":\"Prekiaujame pasaulin\u0117je rinkoje pripa\u017eintomis, kokybi\u0161komis biuro prek\u0117mis toki\u0173  gamintoj\u0173 kaip: Schneider, Esselte, Novus, 3M, Faber-Castell, Citizen, Milan, Leitz, Colop, Zebra, Staedtler, Durable, Tork, Parker, Waterman ir kt.\",\"publisher\":{\"@id\":\"https:\\\/\\\/rutana.lt\\\/#organization\"},\"potentialAction\":[{\"@type\":\"SearchAction\",\"target\":{\"@type\":\"EntryPoint\",\"urlTemplate\":\"https:\\\/\\\/rutana.lt\\\/?s={search_term_string}\"},\"query-input\":{\"@type\":\"PropertyValueSpecification\",\"valueRequired\":true,\"valueName\":\"search_term_string\"}}],\"inLanguage\":\"en-US\"},{\"@type\":\"Organization\",\"@id\":\"https:\\\/\\\/rutana.lt\\\/#organization\",\"name\":\"Rutana - Ra\u0161tin\u0117s reikmenys\",\"url\":\"https:\\\/\\\/rutana.lt\\\/\",\"logo\":{\"@type\":\"ImageObject\",\"inLanguage\":\"en-US\",\"@id\":\"https:\\\/\\\/rutana.lt\\\/#\\\/schema\\\/logo\\\/image\\\/\",\"url\":\"https:\\\/\\\/rutana.lt\\\/wp-content\\\/uploads\\\/2025\\\/10\\\/Asset-32.png\",\"contentUrl\":\"https:\\\/\\\/rutana.lt\\\/wp-content\\\/uploads\\\/2025\\\/10\\\/Asset-32.png\",\"width\":433,\"height\":119,\"caption\":\"Rutana - Ra\u0161tin\u0117s reikmenys\"},\"image\":{\"@id\":\"https:\\\/\\\/rutana.lt\\\/#\\\/schema\\\/logo\\\/image\\\/\"},\"sameAs\":[\"https:\\\/\\\/www.facebook.com\\\/RutanaKanceliarinesPrekes\\\/\"]}]}<\/script>\n<!-- \/ Yoast SEO plugin. -->","yoast_head_json":{"title":"Juodas \u0161okoladas \"Dark Cinnamon\" su stevija 125g Torras - Rutana - Ra\u0161tin\u0117s reikmenys","robots":{"index":"index","follow":"follow","max-snippet":"max-snippet:-1","max-image-preview":"max-image-preview:large","max-video-preview":"max-video-preview:-1"},"canonical":"https:\/\/rutana.lt\/en\/product\/juodas-sokoladas-dark-cinnamon-su-stevija-125g-torras\/","og_locale":"en_US","og_type":"article","og_title":"Juodas \u0161okoladas \"Dark Cinnamon\" su stevija 125g Torras - Rutana - Ra\u0161tin\u0117s reikmenys","og_description":"Juodasis \u0161okoladas ir cinamonas, saldinti eritritoliu ir stevija. Sudedamosios dalys: kakavos mas\u0117, saldikliai: eritritolis, steviolio glikozidai ( 0,027 % ), kakavos sviestas, inulinas, nuriebalinti kakavos milteliai, cinamono milteliai ( 2 % ), emulsiklis ( saul\u0117gr\u0105\u017e\u0173 lecitinas ), nat\u016bralus cinamono aromatas, nat\u016bralus vanil\u0117s aromatas. Gali b\u016bti pieno, sojos, rie\u0161ut\u0173 ir sezamo p\u0117dsak\u0173. Kiekis: 125 g Skaidulini\u0173 [&hellip;]","og_url":"https:\/\/rutana.lt\/en\/product\/juodas-sokoladas-dark-cinnamon-su-stevija-125g-torras\/","og_site_name":"Rutana - Ra\u0161tin\u0117s reikmenys","article_publisher":"https:\/\/www.facebook.com\/RutanaKanceliarinesPrekes\/","article_modified_time":"2025-10-13T14:01:19+00:00","og_image":[{"width":1000,"height":1000,"url":"https:\/\/rutana.lt\/wp-content\/uploads\/2025\/09\/B091-575.jpg","type":"image\/jpeg"}],"twitter_card":"summary_large_image","schema":{"@context":"https:\/\/schema.org","@graph":[{"@type":"WebPage","@id":"https:\/\/rutana.lt\/produktas\/juodas-sokoladas-dark-cinnamon-su-stevija-125g-torras\/","url":"https:\/\/rutana.lt\/produktas\/juodas-sokoladas-dark-cinnamon-su-stevija-125g-torras\/","name":"Juodas \u0161okoladas \"Dark Cinnamon\" su stevija 125g Torras - Rutana - Ra\u0161tin\u0117s reikmenys","isPartOf":{"@id":"https:\/\/rutana.lt\/#website"},"primaryImageOfPage":{"@id":"https:\/\/rutana.lt\/produktas\/juodas-sokoladas-dark-cinnamon-su-stevija-125g-torras\/#primaryimage"},"image":{"@id":"https:\/\/rutana.lt\/produktas\/juodas-sokoladas-dark-cinnamon-su-stevija-125g-torras\/#primaryimage"},"thumbnailUrl":"https:\/\/rutana.lt\/wp-content\/uploads\/2025\/09\/B091-575-1.jpg?v=1763563097","datePublished":"2025-09-03T08:11:41+00:00","dateModified":"2025-10-13T14:01:19+00:00","breadcrumb":{"@id":"https:\/\/rutana.lt\/produktas\/juodas-sokoladas-dark-cinnamon-su-stevija-125g-torras\/#breadcrumb"},"inLanguage":"en-US","potentialAction":[{"@type":"ReadAction","target":["https:\/\/rutana.lt\/produktas\/juodas-sokoladas-dark-cinnamon-su-stevija-125g-torras\/"]}]},{"@type":"ImageObject","inLanguage":"en-US","@id":"https:\/\/rutana.lt\/produktas\/juodas-sokoladas-dark-cinnamon-su-stevija-125g-torras\/#primaryimage","url":"https:\/\/rutana.lt\/wp-content\/uploads\/2025\/09\/B091-575-1.jpg?v=1763563097","contentUrl":"https:\/\/rutana.lt\/wp-content\/uploads\/2025\/09\/B091-575-1.jpg?v=1763563097","width":1000,"height":1000},{"@type":"BreadcrumbList","@id":"https:\/\/rutana.lt\/produktas\/juodas-sokoladas-dark-cinnamon-su-stevija-125g-torras\/#breadcrumb","itemListElement":[{"@type":"ListItem","position":1,"name":"Home","item":"https:\/\/rutana.lt\/"},{"@type":"ListItem","position":2,"name":"Parduotuv\u0117","item":"https:\/\/rutana.lt\/parduotuve\/"},{"@type":"ListItem","position":3,"name":"Juodas \u0161okoladas &#8222;Dark Cinnamon&#8221; su stevija 125g Torras"}]},{"@type":"WebSite","@id":"https:\/\/rutana.lt\/#website","url":"https:\/\/rutana.lt\/","name":"Rutana - Ra\u0161tin\u0117s reikmenys","description":"Prekiaujame pasaulin\u0117je rinkoje pripa\u017eintomis, kokybi\u0161komis biuro prek\u0117mis toki\u0173  gamintoj\u0173 kaip: Schneider, Esselte, Novus, 3M, Faber-Castell, Citizen, Milan, Leitz, Colop, Zebra, Staedtler, Durable, Tork, Parker, Waterman ir kt.","publisher":{"@id":"https:\/\/rutana.lt\/#organization"},"potentialAction":[{"@type":"SearchAction","target":{"@type":"EntryPoint","urlTemplate":"https:\/\/rutana.lt\/?s={search_term_string}"},"query-input":{"@type":"PropertyValueSpecification","valueRequired":true,"valueName":"search_term_string"}}],"inLanguage":"en-US"},{"@type":"Organization","@id":"https:\/\/rutana.lt\/#organization","name":"Rutana - Ra\u0161tin\u0117s reikmenys","url":"https:\/\/rutana.lt\/","logo":{"@type":"ImageObject","inLanguage":"en-US","@id":"https:\/\/rutana.lt\/#\/schema\/logo\/image\/","url":"https:\/\/rutana.lt\/wp-content\/uploads\/2025\/10\/Asset-32.png","contentUrl":"https:\/\/rutana.lt\/wp-content\/uploads\/2025\/10\/Asset-32.png","width":433,"height":119,"caption":"Rutana - Ra\u0161tin\u0117s reikmenys"},"image":{"@id":"https:\/\/rutana.lt\/#\/schema\/logo\/image\/"},"sameAs":["https:\/\/www.facebook.com\/RutanaKanceliarinesPrekes\/"]}]}},"_links":{"self":[{"href":"https:\/\/rutana.lt\/en\/wp-json\/wp\/v2\/product\/20226","targetHints":{"allow":["GET"]}}],"collection":[{"href":"https:\/\/rutana.lt\/en\/wp-json\/wp\/v2\/product"}],"about":[{"href":"https:\/\/rutana.lt\/en\/wp-json\/wp\/v2\/types\/product"}],"replies":[{"embeddable":true,"href":"https:\/\/rutana.lt\/en\/wp-json\/wp\/v2\/comments?post=20226"}],"version-history":[{"count":1,"href":"https:\/\/rutana.lt\/en\/wp-json\/wp\/v2\/product\/20226\/revisions"}],"predecessor-version":[{"id":20253,"href":"https:\/\/rutana.lt\/en\/wp-json\/wp\/v2\/product\/20226\/revisions\/20253"}],"wp:featuredmedia":[{"embeddable":true,"href":"https:\/\/rutana.lt\/en\/wp-json\/wp\/v2\/media\/30319"}],"wp:attachment":[{"href":"https:\/\/rutana.lt\/en\/wp-json\/wp\/v2\/media?parent=20226"}],"wp:term":[{"taxonomy":"product_brand","embeddable":true,"href":"https:\/\/rutana.lt\/en\/wp-json\/wp\/v2\/product_brand?post=20226"},{"taxonomy":"product_cat","embeddable":true,"href":"https:\/\/rutana.lt\/en\/wp-json\/wp\/v2\/product_cat?post=20226"},{"taxonomy":"product_tag","embeddable":true,"href":"https:\/\/rutana.lt\/en\/wp-json\/wp\/v2\/product_tag?post=20226"}],"curies":[{"name":"wp","href":"https:\/\/api.w.org\/{rel}","templated":true}]}}