{"id":20170,"date":"2025-09-03T10:11:19","date_gmt":"2025-09-03T08:11:19","guid":{"rendered":"https:\/\/rutana.webdemo.lt\/?post_type=product&#038;p=20170"},"modified":"2025-10-13T16:01:09","modified_gmt":"2025-10-13T14:01:09","slug":"namu-kvapas-purskiamas-dore-300ml-aromatic-89","status":"publish","type":"product","link":"https:\/\/rutana.lt\/en\/product\/namu-kvapas-purskiamas-dore-300ml-aromatic-89\/","title":{"rendered":"Nam\u0173 kvapas pur\u0161kiamas &#8222;Dore&#8221; 300ml Aromatic 89"},"content":{"rendered":"<p>Nuo vasari\u0161ko saldumo iki levand\u0173 kupinos ramyb\u0117s, nuo klasikos ir elegancijos iki modernumo \u2013 tai m\u016bs\u0173 kruop\u0161\u010diai atrinktos ir suderintos kvap\u0173 natos J\u016bs\u0173 aplinkai. Kvapai u\u017etikrina ilgai i\u0161liekant\u012f ir ry\u0161kiai juntam\u0105 aromat\u0173 dvelksm\u0105. Nam\u0173 gaiviklio buteliuke yra 300 mililitr\u0173 prabangos, o tokio kiekio pilnai u\u017etenka ne vien\u0105 kart\u0105 pripildyti namus maloniais aromatais. Prabangios i\u0161vaizdos pur\u0161kiklis perkels m\u0117gstamiausius kvapus \u012f susitikim\u0173 kambar\u012f, poilsio kupin\u0105 svetain\u0119 ar \u012f kitas pasirinktas erdves, kur gamtos \u012fkv\u0117pti aromatai ilgai i\u0161laikys pakyl\u0117t\u0105 nuotaik\u0105 ir nor\u0105 kurti. Norime atkreipti d\u0117mes\u012f, kad pur\u0161kiklis yra sukurtas patalp\u0173 kvepinimui, tod\u0117l nerekomenduojame jo naudoti ant bald\u0173 pavir\u0161iaus, kilim\u0173, u\u017euolaid\u0173 ar kit\u0173 tekstil\u0117s gamini\u0173. Nor\u0117dami pasid\u017eiaugti naujais kvapais, pirmiausia si\u016blome i\u0161m\u0117ginti pur\u0161kikl\u012f ma\u017eame plote, kad \u017einotum\u0117te koks tur\u0117t\u0173 b\u016bti optimaliausias gaiviklio naudojimas J\u016bs\u0173 namuose.<\/p>\n<p>Saldus ir \u0161iltas kvapas, skleid\u017eiantis subtili\u0105 prabang\u0105. Gaivus apelsinas, sultingas melionas ir r\u016bg\u0161tokas laimas susilieja su \u0161velniu karamel\u0117s saldumu. Na\u0161lait\u0117s ir ro\u017e\u0117s suteikia elegancijos, o muskuso ir gintaro \u0161iluma apgaubia kaip \u0161ilkinis prisilietimas.<\/p>\n<p class=\"MsoNoSpacing\"><o:p><\/o:p><\/p>\n<p class=\"MsoNoSpacing\"><o:p><\/o:p><\/p>\n<p class=\"MsoNoSpacing\"><o:p><\/o:p><\/p>\n<p class=\"MsoNoSpacing\"><o:p><\/o:p><\/p>\n<p class=\"MsoNoSpacing\">Vir\u0161utin\u0117s natos: karamel\u0117, apelsinas, melionas, laimas, kartusis apelsinas, \u017eali\u0173j\u0173 lap\u0173 natos, greipfrutas<\/p>\n<p class=\"MsoNoSpacing\">Vidurin\u0117s natos: na\u0161lait\u0117, ro\u017e\u0117, levanda<\/p>\n<p class=\"MsoNoSpacing\">\n<p class=\"MsoNoSpacing\">Apatin\u0117s natos: baltasis muskusas, gintaras, pa\u010diulis<\/p>\n<p class=\"MsoNoSpacing\"><o:p><\/o:p><\/p>\n<p class=\"MsoNoSpacing\"><o:p><\/o:p><\/p>\n<p class=\"MsoNoSpacing\"><o:p><\/o:p><\/p>\n<\/p>\n<p class=\"MsoNoSpacing\">Talpa: 300 ml<\/p>\n<p>Kvapo pavadinimas: DORE<\/p>\n<p class=\"MsoNoSpacing\">Kilm\u0117s \u0161alis: Lietuva<\/p>\n<p class=\"MsoNoSpacing\"><o:p><br \/><\/o:p><\/p>\n<p><iframe src=\"\/\/www.youtube.com\/embed\/kSkUoYJDbVQ\" width=\"640\" height=\"360\" frameborder=\"0\"><\/iframe><\/p>\n<p class=\"MsoNoSpacing\"><o:p><br \/><\/o:p><\/p>","protected":false},"excerpt":{"rendered":"<p>Nuo vasari\u0161ko saldumo iki levand\u0173 kupinos ramyb\u0117s, nuo klasikos ir elegancijos iki modernumo \u2013 tai m\u016bs\u0173 kruop\u0161\u010diai atrinktos ir suderintos kvap\u0173 natos J\u016bs\u0173 aplinkai. Kvapai u\u017etikrina ilgai i\u0161liekant\u012f ir ry\u0161kiai juntam\u0105 aromat\u0173 dvelksm\u0105. Nam\u0173 gaiviklio buteliuke yra 300 mililitr\u0173 prabangos, o tokio kiekio pilnai u\u017etenka ne vien\u0105 kart\u0105 pripildyti namus maloniais aromatais. Prabangios i\u0161vaizdos pur\u0161kiklis [&hellip;]<\/p>","protected":false},"featured_media":30300,"comment_status":"open","ping_status":"closed","template":"","meta":{"_season_start":"","_season_end":"","_season_days":"","_season_months":"","_season_auto_visibility":""},"product_brand":[789],"product_cat":[1703],"product_tag":[],"class_list":{"0":"post-20170","1":"product","2":"type-product","3":"status-publish","4":"has-post-thumbnail","6":"product_brand-aromatic-89","7":"product_cat-parfumuoti-kvapai","9":"first","10":"instock","11":"taxable","12":"shipping-taxable","13":"purchasable","14":"product-type-simple"},"yoast_head":"<!-- This site is optimized with the Yoast SEO plugin v26.1.1 - https:\/\/yoast.com\/wordpress\/plugins\/seo\/ -->\n<title>Nam\u0173 kvapas pur\u0161kiamas &quot;Dore&quot; 300ml Aromatic 89 - Rutana - Ra\u0161tin\u0117s reikmenys<\/title>\n<meta name=\"robots\" content=\"index, follow, max-snippet:-1, max-image-preview:large, max-video-preview:-1\" \/>\n<link rel=\"canonical\" href=\"https:\/\/rutana.lt\/en\/product\/namu-kvapas-purskiamas-dore-300ml-aromatic-89\/\" \/>\n<meta property=\"og:locale\" content=\"en_US\" \/>\n<meta property=\"og:type\" content=\"article\" \/>\n<meta property=\"og:title\" content=\"Nam\u0173 kvapas pur\u0161kiamas &quot;Dore&quot; 300ml Aromatic 89 - Rutana - Ra\u0161tin\u0117s reikmenys\" \/>\n<meta property=\"og:description\" content=\"Nuo vasari\u0161ko saldumo iki levand\u0173 kupinos ramyb\u0117s, nuo klasikos ir elegancijos iki modernumo \u2013 tai m\u016bs\u0173 kruop\u0161\u010diai atrinktos ir suderintos kvap\u0173 natos J\u016bs\u0173 aplinkai. Kvapai u\u017etikrina ilgai i\u0161liekant\u012f ir ry\u0161kiai juntam\u0105 aromat\u0173 dvelksm\u0105. Nam\u0173 gaiviklio buteliuke yra 300 mililitr\u0173 prabangos, o tokio kiekio pilnai u\u017etenka ne vien\u0105 kart\u0105 pripildyti namus maloniais aromatais. Prabangios i\u0161vaizdos pur\u0161kiklis [&hellip;]\" \/>\n<meta property=\"og:url\" content=\"https:\/\/rutana.lt\/en\/product\/namu-kvapas-purskiamas-dore-300ml-aromatic-89\/\" \/>\n<meta property=\"og:site_name\" content=\"Rutana - Ra\u0161tin\u0117s reikmenys\" \/>\n<meta property=\"article:publisher\" content=\"https:\/\/www.facebook.com\/RutanaKanceliarinesPrekes\/\" \/>\n<meta property=\"article:modified_time\" content=\"2025-10-13T14:01:09+00:00\" \/>\n<meta property=\"og:image\" content=\"https:\/\/rutana.lt\/wp-content\/uploads\/2025\/09\/B196-224.jpg\" \/>\n\t<meta property=\"og:image:width\" content=\"1000\" \/>\n\t<meta property=\"og:image:height\" content=\"1000\" \/>\n\t<meta property=\"og:image:type\" content=\"image\/jpeg\" \/>\n<meta name=\"twitter:card\" content=\"summary_large_image\" \/>\n<meta name=\"twitter:label1\" content=\"Est. reading time\" \/>\n\t<meta name=\"twitter:data1\" content=\"1 minute\" \/>\n<script type=\"application\/ld+json\" class=\"yoast-schema-graph\">{\"@context\":\"https:\/\/schema.org\",\"@graph\":[{\"@type\":\"WebPage\",\"@id\":\"https:\/\/rutana.lt\/produktas\/namu-kvapas-purskiamas-dore-300ml-aromatic-89\/\",\"url\":\"https:\/\/rutana.lt\/produktas\/namu-kvapas-purskiamas-dore-300ml-aromatic-89\/\",\"name\":\"Nam\u0173 kvapas pur\u0161kiamas \\\"Dore\\\" 300ml Aromatic 89 - Rutana - Ra\u0161tin\u0117s reikmenys\",\"isPartOf\":{\"@id\":\"https:\/\/rutana.lt\/#website\"},\"primaryImageOfPage\":{\"@id\":\"https:\/\/rutana.lt\/produktas\/namu-kvapas-purskiamas-dore-300ml-aromatic-89\/#primaryimage\"},\"image\":{\"@id\":\"https:\/\/rutana.lt\/produktas\/namu-kvapas-purskiamas-dore-300ml-aromatic-89\/#primaryimage\"},\"thumbnailUrl\":\"https:\/\/rutana.lt\/wp-content\/uploads\/2025\/09\/B196-224-2.jpg?v=1763563128\",\"datePublished\":\"2025-09-03T08:11:19+00:00\",\"dateModified\":\"2025-10-13T14:01:09+00:00\",\"breadcrumb\":{\"@id\":\"https:\/\/rutana.lt\/produktas\/namu-kvapas-purskiamas-dore-300ml-aromatic-89\/#breadcrumb\"},\"inLanguage\":\"en-US\",\"potentialAction\":[{\"@type\":\"ReadAction\",\"target\":[\"https:\/\/rutana.lt\/produktas\/namu-kvapas-purskiamas-dore-300ml-aromatic-89\/\"]}]},{\"@type\":\"ImageObject\",\"inLanguage\":\"en-US\",\"@id\":\"https:\/\/rutana.lt\/produktas\/namu-kvapas-purskiamas-dore-300ml-aromatic-89\/#primaryimage\",\"url\":\"https:\/\/rutana.lt\/wp-content\/uploads\/2025\/09\/B196-224-2.jpg?v=1763563128\",\"contentUrl\":\"https:\/\/rutana.lt\/wp-content\/uploads\/2025\/09\/B196-224-2.jpg?v=1763563128\",\"width\":1000,\"height\":1000},{\"@type\":\"BreadcrumbList\",\"@id\":\"https:\/\/rutana.lt\/produktas\/namu-kvapas-purskiamas-dore-300ml-aromatic-89\/#breadcrumb\",\"itemListElement\":[{\"@type\":\"ListItem\",\"position\":1,\"name\":\"Home\",\"item\":\"https:\/\/rutana.lt\/\"},{\"@type\":\"ListItem\",\"position\":2,\"name\":\"Parduotuv\u0117\",\"item\":\"https:\/\/rutana.lt\/parduotuve\/\"},{\"@type\":\"ListItem\",\"position\":3,\"name\":\"Nam\u0173 kvapas pur\u0161kiamas &#8222;Dore&#8221; 300ml Aromatic 89\"}]},{\"@type\":\"WebSite\",\"@id\":\"https:\/\/rutana.lt\/#website\",\"url\":\"https:\/\/rutana.lt\/\",\"name\":\"Rutana - Ra\u0161tin\u0117s reikmenys\",\"description\":\"Prekiaujame pasaulin\u0117je rinkoje pripa\u017eintomis, kokybi\u0161komis biuro prek\u0117mis toki\u0173  gamintoj\u0173 kaip: Schneider, Esselte, Novus, 3M, Faber-Castell, Citizen, Milan, Leitz, Colop, Zebra, Staedtler, Durable, Tork, Parker, Waterman ir kt.\",\"publisher\":{\"@id\":\"https:\/\/rutana.lt\/#organization\"},\"potentialAction\":[{\"@type\":\"SearchAction\",\"target\":{\"@type\":\"EntryPoint\",\"urlTemplate\":\"https:\/\/rutana.lt\/?s={search_term_string}\"},\"query-input\":{\"@type\":\"PropertyValueSpecification\",\"valueRequired\":true,\"valueName\":\"search_term_string\"}}],\"inLanguage\":\"en-US\"},{\"@type\":\"Organization\",\"@id\":\"https:\/\/rutana.lt\/#organization\",\"name\":\"Rutana - Ra\u0161tin\u0117s reikmenys\",\"url\":\"https:\/\/rutana.lt\/\",\"logo\":{\"@type\":\"ImageObject\",\"inLanguage\":\"en-US\",\"@id\":\"https:\/\/rutana.lt\/#\/schema\/logo\/image\/\",\"url\":\"https:\/\/rutana.lt\/wp-content\/uploads\/2025\/10\/Asset-32.png\",\"contentUrl\":\"https:\/\/rutana.lt\/wp-content\/uploads\/2025\/10\/Asset-32.png\",\"width\":433,\"height\":119,\"caption\":\"Rutana - Ra\u0161tin\u0117s reikmenys\"},\"image\":{\"@id\":\"https:\/\/rutana.lt\/#\/schema\/logo\/image\/\"},\"sameAs\":[\"https:\/\/www.facebook.com\/RutanaKanceliarinesPrekes\/\"]}]}<\/script>\n<!-- \/ Yoast SEO plugin. -->","yoast_head_json":{"title":"Nam\u0173 kvapas pur\u0161kiamas \"Dore\" 300ml Aromatic 89 - Rutana - Ra\u0161tin\u0117s reikmenys","robots":{"index":"index","follow":"follow","max-snippet":"max-snippet:-1","max-image-preview":"max-image-preview:large","max-video-preview":"max-video-preview:-1"},"canonical":"https:\/\/rutana.lt\/en\/product\/namu-kvapas-purskiamas-dore-300ml-aromatic-89\/","og_locale":"en_US","og_type":"article","og_title":"Nam\u0173 kvapas pur\u0161kiamas \"Dore\" 300ml Aromatic 89 - Rutana - Ra\u0161tin\u0117s reikmenys","og_description":"Nuo vasari\u0161ko saldumo iki levand\u0173 kupinos ramyb\u0117s, nuo klasikos ir elegancijos iki modernumo \u2013 tai m\u016bs\u0173 kruop\u0161\u010diai atrinktos ir suderintos kvap\u0173 natos J\u016bs\u0173 aplinkai. Kvapai u\u017etikrina ilgai i\u0161liekant\u012f ir ry\u0161kiai juntam\u0105 aromat\u0173 dvelksm\u0105. Nam\u0173 gaiviklio buteliuke yra 300 mililitr\u0173 prabangos, o tokio kiekio pilnai u\u017etenka ne vien\u0105 kart\u0105 pripildyti namus maloniais aromatais. Prabangios i\u0161vaizdos pur\u0161kiklis [&hellip;]","og_url":"https:\/\/rutana.lt\/en\/product\/namu-kvapas-purskiamas-dore-300ml-aromatic-89\/","og_site_name":"Rutana - Ra\u0161tin\u0117s reikmenys","article_publisher":"https:\/\/www.facebook.com\/RutanaKanceliarinesPrekes\/","article_modified_time":"2025-10-13T14:01:09+00:00","og_image":[{"width":1000,"height":1000,"url":"https:\/\/rutana.lt\/wp-content\/uploads\/2025\/09\/B196-224.jpg","type":"image\/jpeg"}],"twitter_card":"summary_large_image","twitter_misc":{"Est. reading time":"1 minute"},"schema":{"@context":"https:\/\/schema.org","@graph":[{"@type":"WebPage","@id":"https:\/\/rutana.lt\/produktas\/namu-kvapas-purskiamas-dore-300ml-aromatic-89\/","url":"https:\/\/rutana.lt\/produktas\/namu-kvapas-purskiamas-dore-300ml-aromatic-89\/","name":"Nam\u0173 kvapas pur\u0161kiamas \"Dore\" 300ml Aromatic 89 - Rutana - Ra\u0161tin\u0117s reikmenys","isPartOf":{"@id":"https:\/\/rutana.lt\/#website"},"primaryImageOfPage":{"@id":"https:\/\/rutana.lt\/produktas\/namu-kvapas-purskiamas-dore-300ml-aromatic-89\/#primaryimage"},"image":{"@id":"https:\/\/rutana.lt\/produktas\/namu-kvapas-purskiamas-dore-300ml-aromatic-89\/#primaryimage"},"thumbnailUrl":"https:\/\/rutana.lt\/wp-content\/uploads\/2025\/09\/B196-224-2.jpg?v=1763563128","datePublished":"2025-09-03T08:11:19+00:00","dateModified":"2025-10-13T14:01:09+00:00","breadcrumb":{"@id":"https:\/\/rutana.lt\/produktas\/namu-kvapas-purskiamas-dore-300ml-aromatic-89\/#breadcrumb"},"inLanguage":"en-US","potentialAction":[{"@type":"ReadAction","target":["https:\/\/rutana.lt\/produktas\/namu-kvapas-purskiamas-dore-300ml-aromatic-89\/"]}]},{"@type":"ImageObject","inLanguage":"en-US","@id":"https:\/\/rutana.lt\/produktas\/namu-kvapas-purskiamas-dore-300ml-aromatic-89\/#primaryimage","url":"https:\/\/rutana.lt\/wp-content\/uploads\/2025\/09\/B196-224-2.jpg?v=1763563128","contentUrl":"https:\/\/rutana.lt\/wp-content\/uploads\/2025\/09\/B196-224-2.jpg?v=1763563128","width":1000,"height":1000},{"@type":"BreadcrumbList","@id":"https:\/\/rutana.lt\/produktas\/namu-kvapas-purskiamas-dore-300ml-aromatic-89\/#breadcrumb","itemListElement":[{"@type":"ListItem","position":1,"name":"Home","item":"https:\/\/rutana.lt\/"},{"@type":"ListItem","position":2,"name":"Parduotuv\u0117","item":"https:\/\/rutana.lt\/parduotuve\/"},{"@type":"ListItem","position":3,"name":"Nam\u0173 kvapas pur\u0161kiamas &#8222;Dore&#8221; 300ml Aromatic 89"}]},{"@type":"WebSite","@id":"https:\/\/rutana.lt\/#website","url":"https:\/\/rutana.lt\/","name":"Rutana - Ra\u0161tin\u0117s reikmenys","description":"Prekiaujame pasaulin\u0117je rinkoje pripa\u017eintomis, kokybi\u0161komis biuro prek\u0117mis toki\u0173  gamintoj\u0173 kaip: Schneider, Esselte, Novus, 3M, Faber-Castell, Citizen, Milan, Leitz, Colop, Zebra, Staedtler, Durable, Tork, Parker, Waterman ir kt.","publisher":{"@id":"https:\/\/rutana.lt\/#organization"},"potentialAction":[{"@type":"SearchAction","target":{"@type":"EntryPoint","urlTemplate":"https:\/\/rutana.lt\/?s={search_term_string}"},"query-input":{"@type":"PropertyValueSpecification","valueRequired":true,"valueName":"search_term_string"}}],"inLanguage":"en-US"},{"@type":"Organization","@id":"https:\/\/rutana.lt\/#organization","name":"Rutana - Ra\u0161tin\u0117s reikmenys","url":"https:\/\/rutana.lt\/","logo":{"@type":"ImageObject","inLanguage":"en-US","@id":"https:\/\/rutana.lt\/#\/schema\/logo\/image\/","url":"https:\/\/rutana.lt\/wp-content\/uploads\/2025\/10\/Asset-32.png","contentUrl":"https:\/\/rutana.lt\/wp-content\/uploads\/2025\/10\/Asset-32.png","width":433,"height":119,"caption":"Rutana - Ra\u0161tin\u0117s reikmenys"},"image":{"@id":"https:\/\/rutana.lt\/#\/schema\/logo\/image\/"},"sameAs":["https:\/\/www.facebook.com\/RutanaKanceliarinesPrekes\/"]}]}},"_links":{"self":[{"href":"https:\/\/rutana.lt\/en\/wp-json\/wp\/v2\/product\/20170","targetHints":{"allow":["GET"]}}],"collection":[{"href":"https:\/\/rutana.lt\/en\/wp-json\/wp\/v2\/product"}],"about":[{"href":"https:\/\/rutana.lt\/en\/wp-json\/wp\/v2\/types\/product"}],"replies":[{"embeddable":true,"href":"https:\/\/rutana.lt\/en\/wp-json\/wp\/v2\/comments?post=20170"}],"version-history":[{"count":1,"href":"https:\/\/rutana.lt\/en\/wp-json\/wp\/v2\/product\/20170\/revisions"}],"predecessor-version":[{"id":20198,"href":"https:\/\/rutana.lt\/en\/wp-json\/wp\/v2\/product\/20170\/revisions\/20198"}],"wp:featuredmedia":[{"embeddable":true,"href":"https:\/\/rutana.lt\/en\/wp-json\/wp\/v2\/media\/30300"}],"wp:attachment":[{"href":"https:\/\/rutana.lt\/en\/wp-json\/wp\/v2\/media?parent=20170"}],"wp:term":[{"taxonomy":"product_brand","embeddable":true,"href":"https:\/\/rutana.lt\/en\/wp-json\/wp\/v2\/product_brand?post=20170"},{"taxonomy":"product_cat","embeddable":true,"href":"https:\/\/rutana.lt\/en\/wp-json\/wp\/v2\/product_cat?post=20170"},{"taxonomy":"product_tag","embeddable":true,"href":"https:\/\/rutana.lt\/en\/wp-json\/wp\/v2\/product_tag?post=20170"}],"curies":[{"name":"wp","href":"https:\/\/api.w.org\/{rel}","templated":true}]}}