{"id":20117,"date":"2025-09-03T10:10:56","date_gmt":"2025-09-03T08:10:56","guid":{"rendered":"https:\/\/rutana.webdemo.lt\/?post_type=product&#038;p=20117"},"modified":"2025-10-13T16:01:05","modified_gmt":"2025-10-13T14:01:05","slug":"namu-kvapas-su-lazdelemis-night-craft-retro-kolekcija-50ml-aromatic-89","status":"publish","type":"product","link":"https:\/\/rutana.lt\/en\/product\/namu-kvapas-su-lazdelemis-night-craft-retro-kolekcija-50ml-aromatic-89\/","title":{"rendered":"Nam\u0173 kvapas su lazdel\u0117mis &#8222;Night Craft&#8221; retro kolekcija 50ml Aromatic 89"},"content":{"rendered":"<\/p>\n<form method=\"POST\" data-vv-scope=\"product-page-view-form\" id=\"product-page-view-form\" action=\"https:\/\/www.aromatic89.lt\/namu-kvapai\/namu-kvapas-su-lazdelemis\" style=\"box-sizing: inherit; font-family: Poppins, sans-serif; margin: 0px; padding: 0px; transition: 0.3s; color: rgb(135, 135, 135); font-size: 14px; font-style: normal; font-variant-ligatures: normal; font-variant-caps: normal; font-weight: 400; letter-spacing: normal; orphans: 2; text-align: left; text-indent: 0px; text-transform: none; widows: 2; word-spacing: 0px; -webkit-text-stroke-width: 0px; white-space: normal; background-color: rgb(255, 255, 255); text-decoration-thickness: initial; text-decoration-style: initial; text-decoration-color: initial;\">\n<div class=\"attributes\" style=\"box-sizing: inherit; font-family: Poppins, sans-serif; margin: 0px; padding: 0px; transition: 0.3s;\"><\/div>\n<\/form>\n<div class=\"short_description\" style=\"box-sizing: inherit; margin: 25px 0px; padding: 0px; transition: 0.3s; line-height: 25px; text-decoration-thickness: initial; text-decoration-style: initial; text-decoration-color: initial;\">\n<form method=\"POST\" data-vv-scope=\"product-page-view-form\" id=\"product-page-view-form\" action=\"https:\/\/www.aromatic89.lt\/namu-kvapai\/namu-kvapas-su-lazdelemis\" style=\"box-sizing: inherit; font-family: Poppins, sans-serif; margin: 0px; padding: 0px; transition: 0.3s; color: rgb(135, 135, 135); font-size: 14px; font-style: normal; font-variant-ligatures: normal; font-variant-caps: normal; font-weight: 400; letter-spacing: normal; orphans: 2; text-align: left; text-indent: 0px; text-transform: none; widows: 2; word-spacing: 0px; -webkit-text-stroke-width: 0px; white-space: normal; background-color: rgb(255, 255, 255); text-decoration-thickness: initial; text-decoration-style: initial; text-decoration-color: initial;\">\n<div class=\"attributes\" style=\"box-sizing: inherit; font-family: Poppins, sans-serif; margin: 0px; padding: 0px; transition: 0.3s;\"><\/div>\n<\/form>\n<p style=\"box-sizing: inherit; margin: 25px 0px; padding: 0px; transition: 0.3s; line-height: 25px; text-decoration-thickness: initial; text-decoration-style: initial; text-decoration-color: initial;\"><span style=\"text-align: justify;\">Kiekvieno i\u0161 m\u016bs\u0173 gyvenimo istorija yra kupina \u012fvairiausi\u0173 potyri\u0173: kerin\u010di\u0173 vaizdini\u0173, \u0161ird\u012f virpinan\u010di\u0173 gars\u0173 ar k\u016bn\u0105 svaiginan\u010di\u0173 aromat\u0173. Per laik\u0105 atrinktos kvap\u0173 natos sugr\u0105\u017eins nostalgi\u0161kus prisiminimus \u012f J\u016bs\u0173 namus ir leis i\u0161 naujo patirti kelion\u0119 \u012f tropinius kra\u0161tus, saldumo kupin\u0105 vaikyst\u0119 ar gaivius vasaros nuotykius. I\u0161 auk\u0161\u010diausios kokyb\u0117s ingredient\u0173 suderinti aliejinio pagrindo kvapai u\u017etikrins intensyv\u0173 nat\u0173 \u017eaism\u0105 iki 90 dien\u0173, o tam prireiks tik 50 mililitr\u0173! Sueiliuoti kvapai yra intensyv\u016bs ir ilgai i\u0161liekantys v\u0117dinamoje, \u0161iltoje bei sausoje patalpoje, ypa\u010d jei lazdel\u0117s yra apver\u010diamos bent 1-2 kartus per savait\u0119. Erdv\u0117ms iki 40m<span style=\"vertical-align: super;\">2<\/span> rekomenduojame naudoti visas lazdeles, kad b\u016bt\u0173 galima m\u0117gautis ry\u0161kiomis kvap\u0173 natomis kiekviename kampelyje. Vinta\u017einio stiliaus buteliukas ir presuoto pluo\u0161to lazdel\u0117s u\u017etikrins efektyv\u0173 kvap\u0173 pasiskirstym\u0105 J\u016bs\u0173 aplinkoje. Komplektas saugomas autenti\u0161koje, prabangioje d\u0117\u017eut\u0117je, kuri\u0105 vos tik pradarius pajusite dalelyt\u0119 kvapnios istorijos.<\/span><\/p>\n<p style=\"box-sizing: inherit; margin: 25px 0px; padding: 0px; transition: 0.3s; line-height: 25px; text-decoration-thickness: initial; text-decoration-style: initial; text-decoration-color: initial;\">\n<form method=\"POST\" data-vv-scope=\"product-page-view-form\" id=\"product-page-view-form\" action=\"https:\/\/www.aromatic89.lt\/namu-kvapai\/namu-kvapas-su-lazdelemis-retro-kolekcija\" data-gtm-form-interact-id=\"0\" style=\"box-sizing: inherit; font-family: Poppins, sans-serif; margin: 0px; padding: 0px; transition: 0.3s; color: rgb(135, 135, 135); font-size: 14px; font-style: normal; font-variant-ligatures: normal; font-variant-caps: normal; font-weight: 400; letter-spacing: normal; orphans: 2; text-align: left; text-indent: 0px; text-transform: none; widows: 2; word-spacing: 0px; -webkit-text-stroke-width: 0px; white-space: normal; background-color: rgb(255, 255, 255); text-decoration-thickness: initial; text-decoration-style: initial; text-decoration-color: initial;\">\n<div class=\"attributes\" style=\"box-sizing: inherit; font-family: Poppins, sans-serif; margin: 0px; padding: 0px; transition: 0.3s;\"><\/div>\n<\/form>\n<div class=\"short_description\" style=\"box-sizing: inherit; margin: 25px 0px; padding: 0px; transition: 0.3s; line-height: 25px; text-decoration-thickness: initial; text-decoration-style: initial; text-decoration-color: initial;\">Gilus ir paslaptingas kvapas, primenantis tyl\u0173 nakties \u0161nab\u017edes\u012f. Kreminis kokosas ir sultingas persikas subtiliai persipina su kartaus apelsino gyvumu. Heliotropo saldumas ir migdol\u0173 \u0161iluma harmoningai susilieja, o sodrus santalo ir kedro medienos derinys suteikia kvapui gilumo ir \u0161ilumos, u\u017epildydamas erdv\u0119 nepaai\u0161kinama ramybe.<\/div>\n<div class=\"short_description\" style=\"box-sizing: inherit; margin: 25px 0px; padding: 0px; transition: 0.3s; line-height: 25px; text-decoration-thickness: initial; text-decoration-style: initial; text-decoration-color: initial;\">Vir\u0161utin\u0117s natos: kokosas, persikas, apelsinas, kartusis apelsinas<\/div>\n<div class=\"short_description\" style=\"box-sizing: inherit; margin: 25px 0px; padding: 0px; transition: 0.3s; line-height: 25px; text-decoration-thickness: initial; text-decoration-style: initial; text-decoration-color: initial;\">Vidurin\u0117s natos: heliotropas, any\u017ein\u0117 o\u017eia\u017eol\u0117, na\u0161lait\u0117, ro\u017e\u0117, migdolas, imbieras<\/div>\n<p style=\"box-sizing: inherit; margin: 25px 0px; padding: 0px; transition: 0.3s; line-height: 25px; text-decoration-thickness: initial; text-decoration-style: initial; text-decoration-color: initial;\">Apatin\u0117s natos: santalas, sakai, kedras, baltas muskusas, auksabarzdis, pa\u010diulis<\/p>\n<p style=\"box-sizing: inherit; margin: 25px 0px; padding: 0px; transition: 0.3s; line-height: 25px; text-decoration-thickness: initial; text-decoration-style: initial; text-decoration-color: initial;\">Talpa: 50 ml<br \/>Kvapo pavadinimas: NIGHT CRAFT<br \/>Galiojimo laikas: 12 m\u0117nesi\u0173 nuo atidarymo datos<br \/>Kilm\u0117s \u0161alis: Lietuva<br \/><iframe src=\"\/\/www.youtube.com\/embed\/kSkUoYJDbVQ\" width=\"640\" height=\"360\" frameborder=\"0\"><\/iframe><\/p>\n<\/div>\n<p class=\"MsoNoSpacing\">\n<p class=\"MsoNoSpacing\"><o:p><\/o:p><\/p>\n<p class=\"MsoNoSpacing\"><o:p><\/o:p><\/p>\n<p class=\"MsoNoSpacing\"><o:p><br \/><\/o:p><\/p>","protected":false},"excerpt":{"rendered":"<p>Kiekvieno i\u0161 m\u016bs\u0173 gyvenimo istorija yra kupina \u012fvairiausi\u0173 potyri\u0173: kerin\u010di\u0173 vaizdini\u0173, \u0161ird\u012f virpinan\u010di\u0173 gars\u0173 ar k\u016bn\u0105 svaiginan\u010di\u0173 aromat\u0173. Per laik\u0105 atrinktos kvap\u0173 natos sugr\u0105\u017eins nostalgi\u0161kus prisiminimus \u012f J\u016bs\u0173 namus ir leis i\u0161 naujo patirti kelion\u0119 \u012f tropinius kra\u0161tus, saldumo kupin\u0105 vaikyst\u0119 ar gaivius vasaros nuotykius. I\u0161 auk\u0161\u010diausios kokyb\u0117s ingredient\u0173 suderinti aliejinio pagrindo kvapai u\u017etikrins intensyv\u0173 [&hellip;]<\/p>","protected":false},"featured_media":30287,"comment_status":"open","ping_status":"closed","template":"","meta":{"_season_start":"","_season_end":"","_season_days":"","_season_months":"","_season_auto_visibility":""},"product_brand":[789],"product_cat":[1703],"product_tag":[],"class_list":{"0":"post-20117","1":"product","2":"type-product","3":"status-publish","4":"has-post-thumbnail","6":"product_brand-aromatic-89","7":"product_cat-parfumuoti-kvapai","9":"first","10":"instock","11":"taxable","12":"shipping-taxable","13":"purchasable","14":"product-type-simple"},"yoast_head":"<!-- This site is optimized with the Yoast SEO plugin v26.1.1 - https:\/\/yoast.com\/wordpress\/plugins\/seo\/ -->\n<title>Nam\u0173 kvapas su lazdel\u0117mis &quot;Night Craft&quot; retro kolekcija 50ml Aromatic 89 - Rutana - Ra\u0161tin\u0117s reikmenys<\/title>\n<meta name=\"robots\" content=\"index, follow, max-snippet:-1, max-image-preview:large, max-video-preview:-1\" \/>\n<link rel=\"canonical\" href=\"https:\/\/rutana.lt\/en\/product\/namu-kvapas-su-lazdelemis-night-craft-retro-kolekcija-50ml-aromatic-89\/\" \/>\n<meta property=\"og:locale\" content=\"en_US\" \/>\n<meta property=\"og:type\" content=\"article\" \/>\n<meta property=\"og:title\" content=\"Nam\u0173 kvapas su lazdel\u0117mis &quot;Night Craft&quot; retro kolekcija 50ml Aromatic 89 - Rutana - Ra\u0161tin\u0117s reikmenys\" \/>\n<meta property=\"og:description\" content=\"Kiekvieno i\u0161 m\u016bs\u0173 gyvenimo istorija yra kupina \u012fvairiausi\u0173 potyri\u0173: kerin\u010di\u0173 vaizdini\u0173, \u0161ird\u012f virpinan\u010di\u0173 gars\u0173 ar k\u016bn\u0105 svaiginan\u010di\u0173 aromat\u0173. Per laik\u0105 atrinktos kvap\u0173 natos sugr\u0105\u017eins nostalgi\u0161kus prisiminimus \u012f J\u016bs\u0173 namus ir leis i\u0161 naujo patirti kelion\u0119 \u012f tropinius kra\u0161tus, saldumo kupin\u0105 vaikyst\u0119 ar gaivius vasaros nuotykius. I\u0161 auk\u0161\u010diausios kokyb\u0117s ingredient\u0173 suderinti aliejinio pagrindo kvapai u\u017etikrins intensyv\u0173 [&hellip;]\" \/>\n<meta property=\"og:url\" content=\"https:\/\/rutana.lt\/en\/product\/namu-kvapas-su-lazdelemis-night-craft-retro-kolekcija-50ml-aromatic-89\/\" \/>\n<meta property=\"og:site_name\" content=\"Rutana - Ra\u0161tin\u0117s reikmenys\" \/>\n<meta property=\"article:publisher\" content=\"https:\/\/www.facebook.com\/RutanaKanceliarinesPrekes\/\" \/>\n<meta property=\"article:modified_time\" content=\"2025-10-13T14:01:05+00:00\" \/>\n<meta property=\"og:image\" content=\"https:\/\/rutana.lt\/wp-content\/uploads\/2025\/09\/B196-205.jpg\" \/>\n\t<meta property=\"og:image:width\" content=\"1000\" \/>\n\t<meta property=\"og:image:height\" content=\"1000\" \/>\n\t<meta property=\"og:image:type\" content=\"image\/jpeg\" \/>\n<meta name=\"twitter:card\" content=\"summary_large_image\" \/>\n<meta name=\"twitter:label1\" content=\"Est. reading time\" \/>\n\t<meta name=\"twitter:data1\" content=\"1 minute\" \/>\n<script type=\"application\/ld+json\" class=\"yoast-schema-graph\">{\"@context\":\"https:\/\/schema.org\",\"@graph\":[{\"@type\":\"WebPage\",\"@id\":\"https:\/\/rutana.lt\/produktas\/namu-kvapas-su-lazdelemis-night-craft-retro-kolekcija-50ml-aromatic-89\/\",\"url\":\"https:\/\/rutana.lt\/produktas\/namu-kvapas-su-lazdelemis-night-craft-retro-kolekcija-50ml-aromatic-89\/\",\"name\":\"Nam\u0173 kvapas su lazdel\u0117mis \\\"Night Craft\\\" retro kolekcija 50ml Aromatic 89 - Rutana - Ra\u0161tin\u0117s reikmenys\",\"isPartOf\":{\"@id\":\"https:\/\/rutana.lt\/#website\"},\"primaryImageOfPage\":{\"@id\":\"https:\/\/rutana.lt\/produktas\/namu-kvapas-su-lazdelemis-night-craft-retro-kolekcija-50ml-aromatic-89\/#primaryimage\"},\"image\":{\"@id\":\"https:\/\/rutana.lt\/produktas\/namu-kvapas-su-lazdelemis-night-craft-retro-kolekcija-50ml-aromatic-89\/#primaryimage\"},\"thumbnailUrl\":\"https:\/\/rutana.lt\/wp-content\/uploads\/2025\/09\/B196-205-2.jpg?v=1763563148\",\"datePublished\":\"2025-09-03T08:10:56+00:00\",\"dateModified\":\"2025-10-13T14:01:05+00:00\",\"breadcrumb\":{\"@id\":\"https:\/\/rutana.lt\/produktas\/namu-kvapas-su-lazdelemis-night-craft-retro-kolekcija-50ml-aromatic-89\/#breadcrumb\"},\"inLanguage\":\"en-US\",\"potentialAction\":[{\"@type\":\"ReadAction\",\"target\":[\"https:\/\/rutana.lt\/produktas\/namu-kvapas-su-lazdelemis-night-craft-retro-kolekcija-50ml-aromatic-89\/\"]}]},{\"@type\":\"ImageObject\",\"inLanguage\":\"en-US\",\"@id\":\"https:\/\/rutana.lt\/produktas\/namu-kvapas-su-lazdelemis-night-craft-retro-kolekcija-50ml-aromatic-89\/#primaryimage\",\"url\":\"https:\/\/rutana.lt\/wp-content\/uploads\/2025\/09\/B196-205-2.jpg?v=1763563148\",\"contentUrl\":\"https:\/\/rutana.lt\/wp-content\/uploads\/2025\/09\/B196-205-2.jpg?v=1763563148\",\"width\":1000,\"height\":1000},{\"@type\":\"BreadcrumbList\",\"@id\":\"https:\/\/rutana.lt\/produktas\/namu-kvapas-su-lazdelemis-night-craft-retro-kolekcija-50ml-aromatic-89\/#breadcrumb\",\"itemListElement\":[{\"@type\":\"ListItem\",\"position\":1,\"name\":\"Home\",\"item\":\"https:\/\/rutana.lt\/\"},{\"@type\":\"ListItem\",\"position\":2,\"name\":\"Parduotuv\u0117\",\"item\":\"https:\/\/rutana.lt\/parduotuve\/\"},{\"@type\":\"ListItem\",\"position\":3,\"name\":\"Nam\u0173 kvapas su lazdel\u0117mis &#8222;Night Craft&#8221; retro kolekcija 50ml Aromatic 89\"}]},{\"@type\":\"WebSite\",\"@id\":\"https:\/\/rutana.lt\/#website\",\"url\":\"https:\/\/rutana.lt\/\",\"name\":\"Rutana - Ra\u0161tin\u0117s reikmenys\",\"description\":\"Prekiaujame pasaulin\u0117je rinkoje pripa\u017eintomis, kokybi\u0161komis biuro prek\u0117mis toki\u0173  gamintoj\u0173 kaip: Schneider, Esselte, Novus, 3M, Faber-Castell, Citizen, Milan, Leitz, Colop, Zebra, Staedtler, Durable, Tork, Parker, Waterman ir kt.\",\"publisher\":{\"@id\":\"https:\/\/rutana.lt\/#organization\"},\"potentialAction\":[{\"@type\":\"SearchAction\",\"target\":{\"@type\":\"EntryPoint\",\"urlTemplate\":\"https:\/\/rutana.lt\/?s={search_term_string}\"},\"query-input\":{\"@type\":\"PropertyValueSpecification\",\"valueRequired\":true,\"valueName\":\"search_term_string\"}}],\"inLanguage\":\"en-US\"},{\"@type\":\"Organization\",\"@id\":\"https:\/\/rutana.lt\/#organization\",\"name\":\"Rutana - Ra\u0161tin\u0117s reikmenys\",\"url\":\"https:\/\/rutana.lt\/\",\"logo\":{\"@type\":\"ImageObject\",\"inLanguage\":\"en-US\",\"@id\":\"https:\/\/rutana.lt\/#\/schema\/logo\/image\/\",\"url\":\"https:\/\/rutana.lt\/wp-content\/uploads\/2025\/10\/Asset-32.png\",\"contentUrl\":\"https:\/\/rutana.lt\/wp-content\/uploads\/2025\/10\/Asset-32.png\",\"width\":433,\"height\":119,\"caption\":\"Rutana - Ra\u0161tin\u0117s reikmenys\"},\"image\":{\"@id\":\"https:\/\/rutana.lt\/#\/schema\/logo\/image\/\"},\"sameAs\":[\"https:\/\/www.facebook.com\/RutanaKanceliarinesPrekes\/\"]}]}<\/script>\n<!-- \/ Yoast SEO plugin. -->","yoast_head_json":{"title":"Nam\u0173 kvapas su lazdel\u0117mis \"Night Craft\" retro kolekcija 50ml Aromatic 89 - Rutana - Ra\u0161tin\u0117s reikmenys","robots":{"index":"index","follow":"follow","max-snippet":"max-snippet:-1","max-image-preview":"max-image-preview:large","max-video-preview":"max-video-preview:-1"},"canonical":"https:\/\/rutana.lt\/en\/product\/namu-kvapas-su-lazdelemis-night-craft-retro-kolekcija-50ml-aromatic-89\/","og_locale":"en_US","og_type":"article","og_title":"Nam\u0173 kvapas su lazdel\u0117mis \"Night Craft\" retro kolekcija 50ml Aromatic 89 - Rutana - Ra\u0161tin\u0117s reikmenys","og_description":"Kiekvieno i\u0161 m\u016bs\u0173 gyvenimo istorija yra kupina \u012fvairiausi\u0173 potyri\u0173: kerin\u010di\u0173 vaizdini\u0173, \u0161ird\u012f virpinan\u010di\u0173 gars\u0173 ar k\u016bn\u0105 svaiginan\u010di\u0173 aromat\u0173. Per laik\u0105 atrinktos kvap\u0173 natos sugr\u0105\u017eins nostalgi\u0161kus prisiminimus \u012f J\u016bs\u0173 namus ir leis i\u0161 naujo patirti kelion\u0119 \u012f tropinius kra\u0161tus, saldumo kupin\u0105 vaikyst\u0119 ar gaivius vasaros nuotykius. I\u0161 auk\u0161\u010diausios kokyb\u0117s ingredient\u0173 suderinti aliejinio pagrindo kvapai u\u017etikrins intensyv\u0173 [&hellip;]","og_url":"https:\/\/rutana.lt\/en\/product\/namu-kvapas-su-lazdelemis-night-craft-retro-kolekcija-50ml-aromatic-89\/","og_site_name":"Rutana - Ra\u0161tin\u0117s reikmenys","article_publisher":"https:\/\/www.facebook.com\/RutanaKanceliarinesPrekes\/","article_modified_time":"2025-10-13T14:01:05+00:00","og_image":[{"width":1000,"height":1000,"url":"https:\/\/rutana.lt\/wp-content\/uploads\/2025\/09\/B196-205.jpg","type":"image\/jpeg"}],"twitter_card":"summary_large_image","twitter_misc":{"Est. reading time":"1 minute"},"schema":{"@context":"https:\/\/schema.org","@graph":[{"@type":"WebPage","@id":"https:\/\/rutana.lt\/produktas\/namu-kvapas-su-lazdelemis-night-craft-retro-kolekcija-50ml-aromatic-89\/","url":"https:\/\/rutana.lt\/produktas\/namu-kvapas-su-lazdelemis-night-craft-retro-kolekcija-50ml-aromatic-89\/","name":"Nam\u0173 kvapas su lazdel\u0117mis \"Night Craft\" retro kolekcija 50ml Aromatic 89 - Rutana - Ra\u0161tin\u0117s reikmenys","isPartOf":{"@id":"https:\/\/rutana.lt\/#website"},"primaryImageOfPage":{"@id":"https:\/\/rutana.lt\/produktas\/namu-kvapas-su-lazdelemis-night-craft-retro-kolekcija-50ml-aromatic-89\/#primaryimage"},"image":{"@id":"https:\/\/rutana.lt\/produktas\/namu-kvapas-su-lazdelemis-night-craft-retro-kolekcija-50ml-aromatic-89\/#primaryimage"},"thumbnailUrl":"https:\/\/rutana.lt\/wp-content\/uploads\/2025\/09\/B196-205-2.jpg?v=1763563148","datePublished":"2025-09-03T08:10:56+00:00","dateModified":"2025-10-13T14:01:05+00:00","breadcrumb":{"@id":"https:\/\/rutana.lt\/produktas\/namu-kvapas-su-lazdelemis-night-craft-retro-kolekcija-50ml-aromatic-89\/#breadcrumb"},"inLanguage":"en-US","potentialAction":[{"@type":"ReadAction","target":["https:\/\/rutana.lt\/produktas\/namu-kvapas-su-lazdelemis-night-craft-retro-kolekcija-50ml-aromatic-89\/"]}]},{"@type":"ImageObject","inLanguage":"en-US","@id":"https:\/\/rutana.lt\/produktas\/namu-kvapas-su-lazdelemis-night-craft-retro-kolekcija-50ml-aromatic-89\/#primaryimage","url":"https:\/\/rutana.lt\/wp-content\/uploads\/2025\/09\/B196-205-2.jpg?v=1763563148","contentUrl":"https:\/\/rutana.lt\/wp-content\/uploads\/2025\/09\/B196-205-2.jpg?v=1763563148","width":1000,"height":1000},{"@type":"BreadcrumbList","@id":"https:\/\/rutana.lt\/produktas\/namu-kvapas-su-lazdelemis-night-craft-retro-kolekcija-50ml-aromatic-89\/#breadcrumb","itemListElement":[{"@type":"ListItem","position":1,"name":"Home","item":"https:\/\/rutana.lt\/"},{"@type":"ListItem","position":2,"name":"Parduotuv\u0117","item":"https:\/\/rutana.lt\/parduotuve\/"},{"@type":"ListItem","position":3,"name":"Nam\u0173 kvapas su lazdel\u0117mis &#8222;Night Craft&#8221; retro kolekcija 50ml Aromatic 89"}]},{"@type":"WebSite","@id":"https:\/\/rutana.lt\/#website","url":"https:\/\/rutana.lt\/","name":"Rutana - Ra\u0161tin\u0117s reikmenys","description":"Prekiaujame pasaulin\u0117je rinkoje pripa\u017eintomis, kokybi\u0161komis biuro prek\u0117mis toki\u0173  gamintoj\u0173 kaip: Schneider, Esselte, Novus, 3M, Faber-Castell, Citizen, Milan, Leitz, Colop, Zebra, Staedtler, Durable, Tork, Parker, Waterman ir kt.","publisher":{"@id":"https:\/\/rutana.lt\/#organization"},"potentialAction":[{"@type":"SearchAction","target":{"@type":"EntryPoint","urlTemplate":"https:\/\/rutana.lt\/?s={search_term_string}"},"query-input":{"@type":"PropertyValueSpecification","valueRequired":true,"valueName":"search_term_string"}}],"inLanguage":"en-US"},{"@type":"Organization","@id":"https:\/\/rutana.lt\/#organization","name":"Rutana - Ra\u0161tin\u0117s reikmenys","url":"https:\/\/rutana.lt\/","logo":{"@type":"ImageObject","inLanguage":"en-US","@id":"https:\/\/rutana.lt\/#\/schema\/logo\/image\/","url":"https:\/\/rutana.lt\/wp-content\/uploads\/2025\/10\/Asset-32.png","contentUrl":"https:\/\/rutana.lt\/wp-content\/uploads\/2025\/10\/Asset-32.png","width":433,"height":119,"caption":"Rutana - Ra\u0161tin\u0117s reikmenys"},"image":{"@id":"https:\/\/rutana.lt\/#\/schema\/logo\/image\/"},"sameAs":["https:\/\/www.facebook.com\/RutanaKanceliarinesPrekes\/"]}]}},"_links":{"self":[{"href":"https:\/\/rutana.lt\/en\/wp-json\/wp\/v2\/product\/20117","targetHints":{"allow":["GET"]}}],"collection":[{"href":"https:\/\/rutana.lt\/en\/wp-json\/wp\/v2\/product"}],"about":[{"href":"https:\/\/rutana.lt\/en\/wp-json\/wp\/v2\/types\/product"}],"replies":[{"embeddable":true,"href":"https:\/\/rutana.lt\/en\/wp-json\/wp\/v2\/comments?post=20117"}],"version-history":[{"count":1,"href":"https:\/\/rutana.lt\/en\/wp-json\/wp\/v2\/product\/20117\/revisions"}],"predecessor-version":[{"id":20153,"href":"https:\/\/rutana.lt\/en\/wp-json\/wp\/v2\/product\/20117\/revisions\/20153"}],"wp:featuredmedia":[{"embeddable":true,"href":"https:\/\/rutana.lt\/en\/wp-json\/wp\/v2\/media\/30287"}],"wp:attachment":[{"href":"https:\/\/rutana.lt\/en\/wp-json\/wp\/v2\/media?parent=20117"}],"wp:term":[{"taxonomy":"product_brand","embeddable":true,"href":"https:\/\/rutana.lt\/en\/wp-json\/wp\/v2\/product_brand?post=20117"},{"taxonomy":"product_cat","embeddable":true,"href":"https:\/\/rutana.lt\/en\/wp-json\/wp\/v2\/product_cat?post=20117"},{"taxonomy":"product_tag","embeddable":true,"href":"https:\/\/rutana.lt\/en\/wp-json\/wp\/v2\/product_tag?post=20117"}],"curies":[{"name":"wp","href":"https:\/\/api.w.org\/{rel}","templated":true}]}}