{"id":20114,"date":"2025-09-03T10:10:56","date_gmt":"2025-09-03T08:10:56","guid":{"rendered":"https:\/\/rutana.webdemo.lt\/?post_type=product&#038;p=20114"},"modified":"2026-01-29T12:01:31","modified_gmt":"2026-01-29T10:01:31","slug":"namu-kvapas-su-lazdelemis-blue-nightingale-retro-kolekcija-50ml-aromatic-89","status":"publish","type":"product","link":"https:\/\/rutana.lt\/en\/product\/namu-kvapas-su-lazdelemis-blue-nightingale-retro-kolekcija-50ml-aromatic-89\/","title":{"rendered":"Nam\u0173 kvapas su lazdel\u0117mis &#8222;Blue Nightingale&#8221; retro kolekcija 50ml Aromatic 89"},"content":{"rendered":"<form id=\"product-page-view-form\" style=\"box-sizing: inherit; font-family: Poppins, sans-serif; margin: 0px; padding: 0px; transition: 0.3s; color: #878787; font-size: 14px; font-style: normal; font-variant-ligatures: normal; font-variant-caps: normal; font-weight: 400; letter-spacing: normal; orphans: 2; text-align: left; text-indent: 0px; text-transform: none; widows: 2; word-spacing: 0px; -webkit-text-stroke-width: 0px; white-space: normal; background-color: #ffffff; text-decoration-thickness: initial; text-decoration-style: initial; text-decoration-color: initial;\" action=\"https:\/\/www.aromatic89.lt\/namu-kvapai\/namu-kvapas-su-lazdelemis\" method=\"POST\" data-vv-scope=\"product-page-view-form\">\n<div class=\"attributes\" style=\"box-sizing: inherit; font-family: Poppins, sans-serif; margin: 0px; padding: 0px; transition: 0.3s;\"><span style=\"text-align: justify; color: #333333; font-family: 'Open Sans', sans-serif; font-size: 16px;\">Kiekvieno i\u0161 m\u016bs\u0173 gyvenimo istorija yra kupina \u012fvairiausi\u0173 potyri\u0173: kerin\u010di\u0173 vaizdini\u0173, \u0161ird\u012f virpinan\u010di\u0173 gars\u0173 ar k\u016bn\u0105 svaiginan\u010di\u0173 aromat\u0173. Per laik\u0105 atrinktos kvap\u0173 natos sugr\u0105\u017eins nostalgi\u0161kus prisiminimus \u012f J\u016bs\u0173 namus ir leis i\u0161 naujo patirti kelion\u0119 \u012f tropinius kra\u0161tus, saldumo kupin\u0105 vaikyst\u0119 ar gaivius vasaros nuotykius. I\u0161 auk\u0161\u010diausios kokyb\u0117s ingredient\u0173 suderinti aliejinio pagrindo kvapai u\u017etikrins intensyv\u0173 nat\u0173 \u017eaism\u0105 iki 90 dien\u0173, o tam prireiks tik 50 mililitr\u0173! Sueiliuoti kvapai yra intensyv\u016bs ir ilgai i\u0161liekantys v\u0117dinamoje, \u0161iltoje bei sausoje patalpoje, ypa\u010d jei lazdel\u0117s yra apver\u010diamos bent 1-2 kartus per savait\u0119. Erdv\u0117ms iki 40m<\/span><span style=\"vertical-align: super;\">2<\/span><span style=\"text-align: justify; color: #333333; font-family: 'Open Sans', sans-serif; font-size: 16px;\"> rekomenduojame naudoti visas lazdeles, kad b\u016bt\u0173 galima m\u0117gautis ry\u0161kiomis kvap\u0173 natomis kiekviename kampelyje. Vinta\u017einio stiliaus buteliukas ir presuoto pluo\u0161to lazdel\u0117s u\u017etikrins efektyv\u0173 kvap\u0173 pasiskirstym\u0105 J\u016bs\u0173 aplinkoje. Komplektas saugomas autenti\u0161koje, prabangioje d\u0117\u017eut\u0117je, kuri\u0105 vos tik pradarius pajusite dalelyt\u0119 kvapnios istorijos.<\/span><\/div>\n<\/form>\n<div class=\"short_description\" style=\"box-sizing: inherit; margin: 25px 0px; padding: 0px; transition: 0.3s; line-height: 25px; text-decoration-thickness: initial; text-decoration-style: initial; text-decoration-color: initial;\">\n<form id=\"product-page-view-form\" style=\"box-sizing: inherit; font-family: Poppins, sans-serif; margin: 0px; padding: 0px; transition: 0.3s; color: #878787; font-size: 14px; font-style: normal; font-variant-ligatures: normal; font-variant-caps: normal; font-weight: 400; letter-spacing: normal; orphans: 2; text-align: left; text-indent: 0px; text-transform: none; widows: 2; word-spacing: 0px; -webkit-text-stroke-width: 0px; white-space: normal; background-color: #ffffff; text-decoration-thickness: initial; text-decoration-style: initial; text-decoration-color: initial;\" action=\"https:\/\/www.aromatic89.lt\/namu-kvapai\/namu-kvapas-su-lazdelemis-retro-kolekcija\" method=\"POST\" data-vv-scope=\"product-page-view-form\" data-gtm-form-interact-id=\"0\">\n<div class=\"attributes\" style=\"box-sizing: inherit; font-family: Poppins, sans-serif; margin: 0px; padding: 0px; transition: 0.3s;\"><\/div>\n<\/form>\n<div class=\"short_description\" style=\"box-sizing: inherit; margin: 25px 0px; padding: 0px; transition: 0.3s; line-height: 25px; text-decoration-thickness: initial; text-decoration-style: initial; text-decoration-color: initial;\">Saldus ir \u0161velnus kvapas, kuris apgaubia lyg tyli vakaro melodija. Gaivios bergamot\u0117s ir sultingo apelsino natos persipina su avie\u010di\u0173 saldumu ir aksomine karamele. Vanil\u0117s ir muskuso \u0161iluma \u012fne\u0161a jaukumo ir subtilaus viliojimo.<\/div>\n<p style=\"box-sizing: inherit; margin: 25px 0px; padding: 0px; transition: 0.3s; line-height: 25px; text-decoration-thickness: initial; text-decoration-style: initial; text-decoration-color: initial;\">Vir\u0161utin\u0117s natos: bergamot\u0117s citrina, aviet\u0117, karamel\u0117, apelsinas<\/p>\n<p style=\"box-sizing: inherit; margin: 25px 0px; padding: 0px; transition: 0.3s; line-height: 25px; text-decoration-thickness: initial; text-decoration-style: initial; text-decoration-color: initial;\">Vidurin\u0117s natos: pakalnut\u0117, jazminas, cinamonas<\/p>\n<p style=\"box-sizing: inherit; margin: 25px 0px; padding: 0px; transition: 0.3s; line-height: 25px; text-decoration-thickness: initial; text-decoration-style: initial; text-decoration-color: initial;\">Apatin\u0117s natos: vanil\u0117, muskusas, ka\u0161meranas<\/p>\n<p style=\"box-sizing: inherit; margin: 25px 0px; padding: 0px; transition: 0.3s; line-height: 25px; text-decoration-thickness: initial; text-decoration-style: initial; text-decoration-color: initial;\">Talpa: 50 ml<br \/>\nKvapo pavadinimas: BLUE NIGHTINGALE<br \/>\nGaliojimo laikas: 12 m\u0117nesi\u0173 nuo atidarymo datos<br \/>\nKilm\u0117s \u0161alis: Lietuva<br \/>\n<iframe src=\"\/\/www.youtube.com\/embed\/kSkUoYJDbVQ\" width=\"640\" height=\"360\" frameborder=\"0\"><\/iframe><\/p>\n<\/div>\n<p class=\"MsoNoSpacing\">\n<p class=\"MsoNoSpacing\">\n<p class=\"MsoNoSpacing\">","protected":false},"excerpt":{"rendered":"<p><span style=\"text-align: justify;\">Kiekvieno i\u0161 m\u016bs\u0173 gyvenimo istorija yra kupina \u012fvairiausi\u0173 potyri\u0173: kerin\u010di\u0173 vaizdini\u0173, \u0161ird\u012f virpinan\u010di\u0173 gars\u0173 ar k\u016bn\u0105 svaiginan\u010di\u0173 aromat\u0173.<\/span><\/p>","protected":false},"featured_media":30284,"comment_status":"open","ping_status":"closed","template":"","meta":{"_season_start":"","_season_end":"","_season_days":"","_season_months":"","_season_auto_visibility":"1"},"product_brand":[789],"product_cat":[1703],"product_tag":[],"class_list":{"0":"post-20114","1":"product","2":"type-product","3":"status-publish","4":"has-post-thumbnail","6":"product_brand-aromatic-89","7":"product_cat-parfumuoti-kvapai","9":"first","10":"instock","11":"taxable","12":"shipping-taxable","13":"purchasable","14":"product-type-simple"},"yoast_head":"<!-- This site is optimized with the Yoast SEO plugin v27.4 - https:\/\/yoast.com\/product\/yoast-seo-wordpress\/ -->\n<title>Nam\u0173 kvapas su lazdel\u0117mis &quot;Blue Nightingale&quot; retro kolekcija 50ml Aromatic 89 - Rutana - Ra\u0161tin\u0117s reikmenys<\/title>\n<meta name=\"robots\" content=\"index, follow, max-snippet:-1, max-image-preview:large, max-video-preview:-1\" \/>\n<link rel=\"canonical\" href=\"https:\/\/rutana.lt\/en\/product\/namu-kvapas-su-lazdelemis-blue-nightingale-retro-kolekcija-50ml-aromatic-89\/\" \/>\n<meta property=\"og:locale\" content=\"en_US\" \/>\n<meta property=\"og:type\" content=\"article\" \/>\n<meta property=\"og:title\" content=\"Nam\u0173 kvapas su lazdel\u0117mis &quot;Blue Nightingale&quot; retro kolekcija 50ml Aromatic 89 - Rutana - Ra\u0161tin\u0117s reikmenys\" \/>\n<meta property=\"og:description\" content=\"Kiekvieno i\u0161 m\u016bs\u0173 gyvenimo istorija yra kupina \u012fvairiausi\u0173 potyri\u0173: kerin\u010di\u0173 vaizdini\u0173, \u0161ird\u012f virpinan\u010di\u0173 gars\u0173 ar k\u016bn\u0105 svaiginan\u010di\u0173 aromat\u0173.\" \/>\n<meta property=\"og:url\" content=\"https:\/\/rutana.lt\/en\/product\/namu-kvapas-su-lazdelemis-blue-nightingale-retro-kolekcija-50ml-aromatic-89\/\" \/>\n<meta property=\"og:site_name\" content=\"Rutana - Ra\u0161tin\u0117s reikmenys\" \/>\n<meta property=\"article:publisher\" content=\"https:\/\/www.facebook.com\/RutanaKanceliarinesPrekes\/\" \/>\n<meta property=\"article:modified_time\" content=\"2026-01-29T10:01:31+00:00\" \/>\n<meta property=\"og:image\" content=\"https:\/\/rutana.lt\/wp-content\/uploads\/2025\/09\/B196-202-2.jpg?v=1763563157\" \/>\n\t<meta property=\"og:image:width\" content=\"1000\" \/>\n\t<meta property=\"og:image:height\" content=\"1000\" \/>\n\t<meta property=\"og:image:type\" content=\"image\/jpeg\" \/>\n<meta name=\"twitter:card\" content=\"summary_large_image\" \/>\n<meta name=\"twitter:label1\" content=\"Est. reading time\" \/>\n\t<meta name=\"twitter:data1\" content=\"2 minutes\" \/>\n<script type=\"application\/ld+json\" class=\"yoast-schema-graph\">{\"@context\":\"https:\\\/\\\/schema.org\",\"@graph\":[{\"@type\":\"WebPage\",\"@id\":\"https:\\\/\\\/rutana.lt\\\/produktas\\\/namu-kvapas-su-lazdelemis-blue-nightingale-retro-kolekcija-50ml-aromatic-89\\\/\",\"url\":\"https:\\\/\\\/rutana.lt\\\/produktas\\\/namu-kvapas-su-lazdelemis-blue-nightingale-retro-kolekcija-50ml-aromatic-89\\\/\",\"name\":\"Nam\u0173 kvapas su lazdel\u0117mis \\\"Blue Nightingale\\\" retro kolekcija 50ml Aromatic 89 - Rutana - Ra\u0161tin\u0117s reikmenys\",\"isPartOf\":{\"@id\":\"https:\\\/\\\/rutana.lt\\\/#website\"},\"primaryImageOfPage\":{\"@id\":\"https:\\\/\\\/rutana.lt\\\/produktas\\\/namu-kvapas-su-lazdelemis-blue-nightingale-retro-kolekcija-50ml-aromatic-89\\\/#primaryimage\"},\"image\":{\"@id\":\"https:\\\/\\\/rutana.lt\\\/produktas\\\/namu-kvapas-su-lazdelemis-blue-nightingale-retro-kolekcija-50ml-aromatic-89\\\/#primaryimage\"},\"thumbnailUrl\":\"https:\\\/\\\/rutana.lt\\\/wp-content\\\/uploads\\\/2025\\\/09\\\/B196-202-2.jpg?v=1763563157\",\"datePublished\":\"2025-09-03T08:10:56+00:00\",\"dateModified\":\"2026-01-29T10:01:31+00:00\",\"breadcrumb\":{\"@id\":\"https:\\\/\\\/rutana.lt\\\/produktas\\\/namu-kvapas-su-lazdelemis-blue-nightingale-retro-kolekcija-50ml-aromatic-89\\\/#breadcrumb\"},\"inLanguage\":\"en-US\",\"potentialAction\":[{\"@type\":\"ReadAction\",\"target\":[\"https:\\\/\\\/rutana.lt\\\/produktas\\\/namu-kvapas-su-lazdelemis-blue-nightingale-retro-kolekcija-50ml-aromatic-89\\\/\"]}]},{\"@type\":\"ImageObject\",\"inLanguage\":\"en-US\",\"@id\":\"https:\\\/\\\/rutana.lt\\\/produktas\\\/namu-kvapas-su-lazdelemis-blue-nightingale-retro-kolekcija-50ml-aromatic-89\\\/#primaryimage\",\"url\":\"https:\\\/\\\/rutana.lt\\\/wp-content\\\/uploads\\\/2025\\\/09\\\/B196-202-2.jpg?v=1763563157\",\"contentUrl\":\"https:\\\/\\\/rutana.lt\\\/wp-content\\\/uploads\\\/2025\\\/09\\\/B196-202-2.jpg?v=1763563157\",\"width\":1000,\"height\":1000},{\"@type\":\"BreadcrumbList\",\"@id\":\"https:\\\/\\\/rutana.lt\\\/produktas\\\/namu-kvapas-su-lazdelemis-blue-nightingale-retro-kolekcija-50ml-aromatic-89\\\/#breadcrumb\",\"itemListElement\":[{\"@type\":\"ListItem\",\"position\":1,\"name\":\"Home\",\"item\":\"https:\\\/\\\/rutana.lt\\\/\"},{\"@type\":\"ListItem\",\"position\":2,\"name\":\"Parduotuv\u0117\",\"item\":\"https:\\\/\\\/rutana.lt\\\/parduotuve\\\/\"},{\"@type\":\"ListItem\",\"position\":3,\"name\":\"Nam\u0173 kvapas su lazdel\u0117mis &#8222;Blue Nightingale&#8221; retro kolekcija 50ml Aromatic 89\"}]},{\"@type\":\"WebSite\",\"@id\":\"https:\\\/\\\/rutana.lt\\\/#website\",\"url\":\"https:\\\/\\\/rutana.lt\\\/\",\"name\":\"Rutana - Ra\u0161tin\u0117s reikmenys\",\"description\":\"Prekiaujame pasaulin\u0117je rinkoje pripa\u017eintomis, kokybi\u0161komis biuro prek\u0117mis toki\u0173  gamintoj\u0173 kaip: Schneider, Esselte, Novus, 3M, Faber-Castell, Citizen, Milan, Leitz, Colop, Zebra, Staedtler, Durable, Tork, Parker, Waterman ir kt.\",\"publisher\":{\"@id\":\"https:\\\/\\\/rutana.lt\\\/#organization\"},\"potentialAction\":[{\"@type\":\"SearchAction\",\"target\":{\"@type\":\"EntryPoint\",\"urlTemplate\":\"https:\\\/\\\/rutana.lt\\\/?s={search_term_string}\"},\"query-input\":{\"@type\":\"PropertyValueSpecification\",\"valueRequired\":true,\"valueName\":\"search_term_string\"}}],\"inLanguage\":\"en-US\"},{\"@type\":\"Organization\",\"@id\":\"https:\\\/\\\/rutana.lt\\\/#organization\",\"name\":\"Rutana - Ra\u0161tin\u0117s reikmenys\",\"url\":\"https:\\\/\\\/rutana.lt\\\/\",\"logo\":{\"@type\":\"ImageObject\",\"inLanguage\":\"en-US\",\"@id\":\"https:\\\/\\\/rutana.lt\\\/#\\\/schema\\\/logo\\\/image\\\/\",\"url\":\"https:\\\/\\\/rutana.lt\\\/wp-content\\\/uploads\\\/2025\\\/10\\\/Asset-32.png\",\"contentUrl\":\"https:\\\/\\\/rutana.lt\\\/wp-content\\\/uploads\\\/2025\\\/10\\\/Asset-32.png\",\"width\":433,\"height\":119,\"caption\":\"Rutana - Ra\u0161tin\u0117s reikmenys\"},\"image\":{\"@id\":\"https:\\\/\\\/rutana.lt\\\/#\\\/schema\\\/logo\\\/image\\\/\"},\"sameAs\":[\"https:\\\/\\\/www.facebook.com\\\/RutanaKanceliarinesPrekes\\\/\"]}]}<\/script>\n<!-- \/ Yoast SEO plugin. -->","yoast_head_json":{"title":"Nam\u0173 kvapas su lazdel\u0117mis \"Blue Nightingale\" retro kolekcija 50ml Aromatic 89 - Rutana - Ra\u0161tin\u0117s reikmenys","robots":{"index":"index","follow":"follow","max-snippet":"max-snippet:-1","max-image-preview":"max-image-preview:large","max-video-preview":"max-video-preview:-1"},"canonical":"https:\/\/rutana.lt\/en\/product\/namu-kvapas-su-lazdelemis-blue-nightingale-retro-kolekcija-50ml-aromatic-89\/","og_locale":"en_US","og_type":"article","og_title":"Nam\u0173 kvapas su lazdel\u0117mis \"Blue Nightingale\" retro kolekcija 50ml Aromatic 89 - Rutana - Ra\u0161tin\u0117s reikmenys","og_description":"Kiekvieno i\u0161 m\u016bs\u0173 gyvenimo istorija yra kupina \u012fvairiausi\u0173 potyri\u0173: kerin\u010di\u0173 vaizdini\u0173, \u0161ird\u012f virpinan\u010di\u0173 gars\u0173 ar k\u016bn\u0105 svaiginan\u010di\u0173 aromat\u0173.","og_url":"https:\/\/rutana.lt\/en\/product\/namu-kvapas-su-lazdelemis-blue-nightingale-retro-kolekcija-50ml-aromatic-89\/","og_site_name":"Rutana - Ra\u0161tin\u0117s reikmenys","article_publisher":"https:\/\/www.facebook.com\/RutanaKanceliarinesPrekes\/","article_modified_time":"2026-01-29T10:01:31+00:00","og_image":[{"width":1000,"height":1000,"url":"https:\/\/rutana.lt\/wp-content\/uploads\/2025\/09\/B196-202-2.jpg?v=1763563157","type":"image\/jpeg"}],"twitter_card":"summary_large_image","twitter_misc":{"Est. reading time":"2 minutes"},"schema":{"@context":"https:\/\/schema.org","@graph":[{"@type":"WebPage","@id":"https:\/\/rutana.lt\/produktas\/namu-kvapas-su-lazdelemis-blue-nightingale-retro-kolekcija-50ml-aromatic-89\/","url":"https:\/\/rutana.lt\/produktas\/namu-kvapas-su-lazdelemis-blue-nightingale-retro-kolekcija-50ml-aromatic-89\/","name":"Nam\u0173 kvapas su lazdel\u0117mis \"Blue Nightingale\" retro kolekcija 50ml Aromatic 89 - Rutana - Ra\u0161tin\u0117s reikmenys","isPartOf":{"@id":"https:\/\/rutana.lt\/#website"},"primaryImageOfPage":{"@id":"https:\/\/rutana.lt\/produktas\/namu-kvapas-su-lazdelemis-blue-nightingale-retro-kolekcija-50ml-aromatic-89\/#primaryimage"},"image":{"@id":"https:\/\/rutana.lt\/produktas\/namu-kvapas-su-lazdelemis-blue-nightingale-retro-kolekcija-50ml-aromatic-89\/#primaryimage"},"thumbnailUrl":"https:\/\/rutana.lt\/wp-content\/uploads\/2025\/09\/B196-202-2.jpg?v=1763563157","datePublished":"2025-09-03T08:10:56+00:00","dateModified":"2026-01-29T10:01:31+00:00","breadcrumb":{"@id":"https:\/\/rutana.lt\/produktas\/namu-kvapas-su-lazdelemis-blue-nightingale-retro-kolekcija-50ml-aromatic-89\/#breadcrumb"},"inLanguage":"en-US","potentialAction":[{"@type":"ReadAction","target":["https:\/\/rutana.lt\/produktas\/namu-kvapas-su-lazdelemis-blue-nightingale-retro-kolekcija-50ml-aromatic-89\/"]}]},{"@type":"ImageObject","inLanguage":"en-US","@id":"https:\/\/rutana.lt\/produktas\/namu-kvapas-su-lazdelemis-blue-nightingale-retro-kolekcija-50ml-aromatic-89\/#primaryimage","url":"https:\/\/rutana.lt\/wp-content\/uploads\/2025\/09\/B196-202-2.jpg?v=1763563157","contentUrl":"https:\/\/rutana.lt\/wp-content\/uploads\/2025\/09\/B196-202-2.jpg?v=1763563157","width":1000,"height":1000},{"@type":"BreadcrumbList","@id":"https:\/\/rutana.lt\/produktas\/namu-kvapas-su-lazdelemis-blue-nightingale-retro-kolekcija-50ml-aromatic-89\/#breadcrumb","itemListElement":[{"@type":"ListItem","position":1,"name":"Home","item":"https:\/\/rutana.lt\/"},{"@type":"ListItem","position":2,"name":"Parduotuv\u0117","item":"https:\/\/rutana.lt\/parduotuve\/"},{"@type":"ListItem","position":3,"name":"Nam\u0173 kvapas su lazdel\u0117mis &#8222;Blue Nightingale&#8221; retro kolekcija 50ml Aromatic 89"}]},{"@type":"WebSite","@id":"https:\/\/rutana.lt\/#website","url":"https:\/\/rutana.lt\/","name":"Rutana - Ra\u0161tin\u0117s reikmenys","description":"Prekiaujame pasaulin\u0117je rinkoje pripa\u017eintomis, kokybi\u0161komis biuro prek\u0117mis toki\u0173  gamintoj\u0173 kaip: Schneider, Esselte, Novus, 3M, Faber-Castell, Citizen, Milan, Leitz, Colop, Zebra, Staedtler, Durable, Tork, Parker, Waterman ir kt.","publisher":{"@id":"https:\/\/rutana.lt\/#organization"},"potentialAction":[{"@type":"SearchAction","target":{"@type":"EntryPoint","urlTemplate":"https:\/\/rutana.lt\/?s={search_term_string}"},"query-input":{"@type":"PropertyValueSpecification","valueRequired":true,"valueName":"search_term_string"}}],"inLanguage":"en-US"},{"@type":"Organization","@id":"https:\/\/rutana.lt\/#organization","name":"Rutana - Ra\u0161tin\u0117s reikmenys","url":"https:\/\/rutana.lt\/","logo":{"@type":"ImageObject","inLanguage":"en-US","@id":"https:\/\/rutana.lt\/#\/schema\/logo\/image\/","url":"https:\/\/rutana.lt\/wp-content\/uploads\/2025\/10\/Asset-32.png","contentUrl":"https:\/\/rutana.lt\/wp-content\/uploads\/2025\/10\/Asset-32.png","width":433,"height":119,"caption":"Rutana - Ra\u0161tin\u0117s reikmenys"},"image":{"@id":"https:\/\/rutana.lt\/#\/schema\/logo\/image\/"},"sameAs":["https:\/\/www.facebook.com\/RutanaKanceliarinesPrekes\/"]}]}},"_links":{"self":[{"href":"https:\/\/rutana.lt\/en\/wp-json\/wp\/v2\/product\/20114","targetHints":{"allow":["GET"]}}],"collection":[{"href":"https:\/\/rutana.lt\/en\/wp-json\/wp\/v2\/product"}],"about":[{"href":"https:\/\/rutana.lt\/en\/wp-json\/wp\/v2\/types\/product"}],"replies":[{"embeddable":true,"href":"https:\/\/rutana.lt\/en\/wp-json\/wp\/v2\/comments?post=20114"}],"version-history":[{"count":3,"href":"https:\/\/rutana.lt\/en\/wp-json\/wp\/v2\/product\/20114\/revisions"}],"predecessor-version":[{"id":34645,"href":"https:\/\/rutana.lt\/en\/wp-json\/wp\/v2\/product\/20114\/revisions\/34645"}],"wp:featuredmedia":[{"embeddable":true,"href":"https:\/\/rutana.lt\/en\/wp-json\/wp\/v2\/media\/30284"}],"wp:attachment":[{"href":"https:\/\/rutana.lt\/en\/wp-json\/wp\/v2\/media?parent=20114"}],"wp:term":[{"taxonomy":"product_brand","embeddable":true,"href":"https:\/\/rutana.lt\/en\/wp-json\/wp\/v2\/product_brand?post=20114"},{"taxonomy":"product_cat","embeddable":true,"href":"https:\/\/rutana.lt\/en\/wp-json\/wp\/v2\/product_cat?post=20114"},{"taxonomy":"product_tag","embeddable":true,"href":"https:\/\/rutana.lt\/en\/wp-json\/wp\/v2\/product_tag?post=20114"}],"curies":[{"name":"wp","href":"https:\/\/api.w.org\/{rel}","templated":true}]}}