{"id":19941,"date":"2025-09-03T10:09:45","date_gmt":"2025-09-03T08:09:45","guid":{"rendered":"https:\/\/rutana.webdemo.lt\/?post_type=product&#038;p=19941"},"modified":"2025-10-13T16:00:35","modified_gmt":"2025-10-13T14:00:35","slug":"plastilinas-klasika-12-spalvu-luc-7%d1%81-331-08","status":"publish","type":"product","link":"https:\/\/rutana.lt\/en\/product\/plastilinas-klasika-12-spalvu-luc-7%d1%81-331-08\/","title":{"rendered":"Plastilinas &#8222;Klasika&#8221; 12 spalv\u0173 Lu\u010d 7\u0421 331-08"},"content":{"rendered":"<p>Plastilinas \u201eKlasika\u201c skirtas lipdymui ir modeliavimui vaik\u0173 k\u016brybi\u0161kumui. Ry\u0161kus ir lankstus plastilinas pagamintas i\u0161 auk\u0161tos kokyb\u0117s komponent\u0173. Plastilin\u0105 rekomenduoja ne tik mokytojai ir t\u0117vai, bet ir profesionalai. Neturi ry\u0161kaus nemalonaus kvapo. Turi ry\u0161kias, ne prislopintas, grynas spalvas, kurios gerai dera tarpusavyje. Puikiai i\u0161laiko form\u0105, nesuply\u0161ta ir nesubyra lenkiant. Nelimpa prie rank\u0173. Galima pagaminti labai ma\u017eas detales, kurios sujungiant nesideformuoja. Saugu vaikams ( produkto saugumas garantuojamas reguliariais patikrinimais). Atitinka ES standart\u0173 saugos reikalavimus.<\/p>\n<p>Spalvos: 12<\/p>\n<p><\/p>\n<p><\/p>","protected":false},"excerpt":{"rendered":"<p>Plastilinas \u201eKlasika\u201c skirtas lipdymui ir modeliavimui vaik\u0173 k\u016brybi\u0161kumui. Ry\u0161kus ir lankstus plastilinas pagamintas i\u0161 auk\u0161tos kokyb\u0117s komponent\u0173. Plastilin\u0105 rekomenduoja ne tik mokytojai ir t\u0117vai, bet ir profesionalai. Neturi ry\u0161kaus nemalonaus kvapo. Turi ry\u0161kias, ne prislopintas, grynas spalvas, kurios gerai dera tarpusavyje. Puikiai i\u0161laiko form\u0105, nesuply\u0161ta ir nesubyra lenkiant. Nelimpa prie rank\u0173. Galima pagaminti labai ma\u017eas [&hellip;]<\/p>","protected":false},"featured_media":30227,"comment_status":"open","ping_status":"closed","template":"","meta":{"_season_start":"","_season_end":"","_season_days":"","_season_months":"","_season_auto_visibility":""},"product_brand":[516],"product_cat":[1658,1657],"product_tag":[],"class_list":{"0":"post-19941","1":"product","2":"type-product","3":"status-publish","4":"has-post-thumbnail","6":"product_brand-luc","7":"product_cat-modelinas","8":"product_cat-plastilinas","10":"first","11":"instock","12":"taxable","13":"shipping-taxable","14":"purchasable","15":"product-type-simple"},"yoast_head":"<!-- This site is optimized with the Yoast SEO plugin v26.1.1 - https:\/\/yoast.com\/wordpress\/plugins\/seo\/ -->\n<title>Plastilinas &quot;Klasika&quot; 12 spalv\u0173 Lu\u010d 7\u0421 331-08 - Rutana - Ra\u0161tin\u0117s reikmenys<\/title>\n<meta name=\"robots\" content=\"index, follow, max-snippet:-1, max-image-preview:large, max-video-preview:-1\" \/>\n<link rel=\"canonical\" href=\"https:\/\/rutana.lt\/en\/product\/plastilinas-klasika-12-spalvu-luc-7\u0441-331-08\/\" \/>\n<meta property=\"og:locale\" content=\"en_US\" \/>\n<meta property=\"og:type\" content=\"article\" \/>\n<meta property=\"og:title\" content=\"Plastilinas &quot;Klasika&quot; 12 spalv\u0173 Lu\u010d 7\u0421 331-08 - Rutana - Ra\u0161tin\u0117s reikmenys\" \/>\n<meta property=\"og:description\" content=\"Plastilinas \u201eKlasika\u201c skirtas lipdymui ir modeliavimui vaik\u0173 k\u016brybi\u0161kumui. Ry\u0161kus ir lankstus plastilinas pagamintas i\u0161 auk\u0161tos kokyb\u0117s komponent\u0173. Plastilin\u0105 rekomenduoja ne tik mokytojai ir t\u0117vai, bet ir profesionalai. Neturi ry\u0161kaus nemalonaus kvapo. Turi ry\u0161kias, ne prislopintas, grynas spalvas, kurios gerai dera tarpusavyje. Puikiai i\u0161laiko form\u0105, nesuply\u0161ta ir nesubyra lenkiant. Nelimpa prie rank\u0173. Galima pagaminti labai ma\u017eas [&hellip;]\" \/>\n<meta property=\"og:url\" content=\"https:\/\/rutana.lt\/en\/product\/plastilinas-klasika-12-spalvu-luc-7\u0441-331-08\/\" \/>\n<meta property=\"og:site_name\" content=\"Rutana - Ra\u0161tin\u0117s reikmenys\" \/>\n<meta property=\"article:publisher\" content=\"https:\/\/www.facebook.com\/RutanaKanceliarinesPrekes\/\" \/>\n<meta property=\"article:modified_time\" content=\"2025-10-13T14:00:35+00:00\" \/>\n<meta property=\"og:image\" content=\"https:\/\/rutana.lt\/wp-content\/uploads\/2025\/09\/D026-332.jpg\" \/>\n\t<meta property=\"og:image:width\" content=\"1000\" \/>\n\t<meta property=\"og:image:height\" content=\"1000\" \/>\n\t<meta property=\"og:image:type\" content=\"image\/jpeg\" \/>\n<meta name=\"twitter:card\" content=\"summary_large_image\" \/>\n<script type=\"application\/ld+json\" class=\"yoast-schema-graph\">{\"@context\":\"https:\/\/schema.org\",\"@graph\":[{\"@type\":\"WebPage\",\"@id\":\"https:\/\/rutana.lt\/produktas\/plastilinas-klasika-12-spalvu-luc-7%d1%81-331-08\/\",\"url\":\"https:\/\/rutana.lt\/produktas\/plastilinas-klasika-12-spalvu-luc-7%d1%81-331-08\/\",\"name\":\"Plastilinas \\\"Klasika\\\" 12 spalv\u0173 Lu\u010d 7\u0421 331-08 - Rutana - Ra\u0161tin\u0117s reikmenys\",\"isPartOf\":{\"@id\":\"https:\/\/rutana.lt\/#website\"},\"primaryImageOfPage\":{\"@id\":\"https:\/\/rutana.lt\/produktas\/plastilinas-klasika-12-spalvu-luc-7%d1%81-331-08\/#primaryimage\"},\"image\":{\"@id\":\"https:\/\/rutana.lt\/produktas\/plastilinas-klasika-12-spalvu-luc-7%d1%81-331-08\/#primaryimage\"},\"thumbnailUrl\":\"https:\/\/rutana.lt\/wp-content\/uploads\/2025\/09\/D026-332-2.jpg?v=1763563251\",\"datePublished\":\"2025-09-03T08:09:45+00:00\",\"dateModified\":\"2025-10-13T14:00:35+00:00\",\"breadcrumb\":{\"@id\":\"https:\/\/rutana.lt\/produktas\/plastilinas-klasika-12-spalvu-luc-7%d1%81-331-08\/#breadcrumb\"},\"inLanguage\":\"en-US\",\"potentialAction\":[{\"@type\":\"ReadAction\",\"target\":[\"https:\/\/rutana.lt\/produktas\/plastilinas-klasika-12-spalvu-luc-7%d1%81-331-08\/\"]}]},{\"@type\":\"ImageObject\",\"inLanguage\":\"en-US\",\"@id\":\"https:\/\/rutana.lt\/produktas\/plastilinas-klasika-12-spalvu-luc-7%d1%81-331-08\/#primaryimage\",\"url\":\"https:\/\/rutana.lt\/wp-content\/uploads\/2025\/09\/D026-332-2.jpg?v=1763563251\",\"contentUrl\":\"https:\/\/rutana.lt\/wp-content\/uploads\/2025\/09\/D026-332-2.jpg?v=1763563251\",\"width\":1000,\"height\":1000},{\"@type\":\"BreadcrumbList\",\"@id\":\"https:\/\/rutana.lt\/produktas\/plastilinas-klasika-12-spalvu-luc-7%d1%81-331-08\/#breadcrumb\",\"itemListElement\":[{\"@type\":\"ListItem\",\"position\":1,\"name\":\"Home\",\"item\":\"https:\/\/rutana.lt\/\"},{\"@type\":\"ListItem\",\"position\":2,\"name\":\"Parduotuv\u0117\",\"item\":\"https:\/\/rutana.lt\/parduotuve\/\"},{\"@type\":\"ListItem\",\"position\":3,\"name\":\"Plastilinas &#8222;Klasika&#8221; 12 spalv\u0173 Lu\u010d 7\u0421 331-08\"}]},{\"@type\":\"WebSite\",\"@id\":\"https:\/\/rutana.lt\/#website\",\"url\":\"https:\/\/rutana.lt\/\",\"name\":\"Rutana - Ra\u0161tin\u0117s reikmenys\",\"description\":\"Prekiaujame pasaulin\u0117je rinkoje pripa\u017eintomis, kokybi\u0161komis biuro prek\u0117mis toki\u0173  gamintoj\u0173 kaip: Schneider, Esselte, Novus, 3M, Faber-Castell, Citizen, Milan, Leitz, Colop, Zebra, Staedtler, Durable, Tork, Parker, Waterman ir kt.\",\"publisher\":{\"@id\":\"https:\/\/rutana.lt\/#organization\"},\"potentialAction\":[{\"@type\":\"SearchAction\",\"target\":{\"@type\":\"EntryPoint\",\"urlTemplate\":\"https:\/\/rutana.lt\/?s={search_term_string}\"},\"query-input\":{\"@type\":\"PropertyValueSpecification\",\"valueRequired\":true,\"valueName\":\"search_term_string\"}}],\"inLanguage\":\"en-US\"},{\"@type\":\"Organization\",\"@id\":\"https:\/\/rutana.lt\/#organization\",\"name\":\"Rutana - Ra\u0161tin\u0117s reikmenys\",\"url\":\"https:\/\/rutana.lt\/\",\"logo\":{\"@type\":\"ImageObject\",\"inLanguage\":\"en-US\",\"@id\":\"https:\/\/rutana.lt\/#\/schema\/logo\/image\/\",\"url\":\"https:\/\/rutana.lt\/wp-content\/uploads\/2025\/10\/Asset-32.png\",\"contentUrl\":\"https:\/\/rutana.lt\/wp-content\/uploads\/2025\/10\/Asset-32.png\",\"width\":433,\"height\":119,\"caption\":\"Rutana - Ra\u0161tin\u0117s reikmenys\"},\"image\":{\"@id\":\"https:\/\/rutana.lt\/#\/schema\/logo\/image\/\"},\"sameAs\":[\"https:\/\/www.facebook.com\/RutanaKanceliarinesPrekes\/\"]}]}<\/script>\n<!-- \/ Yoast SEO plugin. -->","yoast_head_json":{"title":"Plastilinas \"Klasika\" 12 spalv\u0173 Lu\u010d 7\u0421 331-08 - Rutana - Ra\u0161tin\u0117s reikmenys","robots":{"index":"index","follow":"follow","max-snippet":"max-snippet:-1","max-image-preview":"max-image-preview:large","max-video-preview":"max-video-preview:-1"},"canonical":"https:\/\/rutana.lt\/en\/product\/plastilinas-klasika-12-spalvu-luc-7\u0441-331-08\/","og_locale":"en_US","og_type":"article","og_title":"Plastilinas \"Klasika\" 12 spalv\u0173 Lu\u010d 7\u0421 331-08 - Rutana - Ra\u0161tin\u0117s reikmenys","og_description":"Plastilinas \u201eKlasika\u201c skirtas lipdymui ir modeliavimui vaik\u0173 k\u016brybi\u0161kumui. Ry\u0161kus ir lankstus plastilinas pagamintas i\u0161 auk\u0161tos kokyb\u0117s komponent\u0173. Plastilin\u0105 rekomenduoja ne tik mokytojai ir t\u0117vai, bet ir profesionalai. Neturi ry\u0161kaus nemalonaus kvapo. Turi ry\u0161kias, ne prislopintas, grynas spalvas, kurios gerai dera tarpusavyje. Puikiai i\u0161laiko form\u0105, nesuply\u0161ta ir nesubyra lenkiant. Nelimpa prie rank\u0173. Galima pagaminti labai ma\u017eas [&hellip;]","og_url":"https:\/\/rutana.lt\/en\/product\/plastilinas-klasika-12-spalvu-luc-7\u0441-331-08\/","og_site_name":"Rutana - Ra\u0161tin\u0117s reikmenys","article_publisher":"https:\/\/www.facebook.com\/RutanaKanceliarinesPrekes\/","article_modified_time":"2025-10-13T14:00:35+00:00","og_image":[{"width":1000,"height":1000,"url":"https:\/\/rutana.lt\/wp-content\/uploads\/2025\/09\/D026-332.jpg","type":"image\/jpeg"}],"twitter_card":"summary_large_image","schema":{"@context":"https:\/\/schema.org","@graph":[{"@type":"WebPage","@id":"https:\/\/rutana.lt\/produktas\/plastilinas-klasika-12-spalvu-luc-7%d1%81-331-08\/","url":"https:\/\/rutana.lt\/produktas\/plastilinas-klasika-12-spalvu-luc-7%d1%81-331-08\/","name":"Plastilinas \"Klasika\" 12 spalv\u0173 Lu\u010d 7\u0421 331-08 - Rutana - Ra\u0161tin\u0117s reikmenys","isPartOf":{"@id":"https:\/\/rutana.lt\/#website"},"primaryImageOfPage":{"@id":"https:\/\/rutana.lt\/produktas\/plastilinas-klasika-12-spalvu-luc-7%d1%81-331-08\/#primaryimage"},"image":{"@id":"https:\/\/rutana.lt\/produktas\/plastilinas-klasika-12-spalvu-luc-7%d1%81-331-08\/#primaryimage"},"thumbnailUrl":"https:\/\/rutana.lt\/wp-content\/uploads\/2025\/09\/D026-332-2.jpg?v=1763563251","datePublished":"2025-09-03T08:09:45+00:00","dateModified":"2025-10-13T14:00:35+00:00","breadcrumb":{"@id":"https:\/\/rutana.lt\/produktas\/plastilinas-klasika-12-spalvu-luc-7%d1%81-331-08\/#breadcrumb"},"inLanguage":"en-US","potentialAction":[{"@type":"ReadAction","target":["https:\/\/rutana.lt\/produktas\/plastilinas-klasika-12-spalvu-luc-7%d1%81-331-08\/"]}]},{"@type":"ImageObject","inLanguage":"en-US","@id":"https:\/\/rutana.lt\/produktas\/plastilinas-klasika-12-spalvu-luc-7%d1%81-331-08\/#primaryimage","url":"https:\/\/rutana.lt\/wp-content\/uploads\/2025\/09\/D026-332-2.jpg?v=1763563251","contentUrl":"https:\/\/rutana.lt\/wp-content\/uploads\/2025\/09\/D026-332-2.jpg?v=1763563251","width":1000,"height":1000},{"@type":"BreadcrumbList","@id":"https:\/\/rutana.lt\/produktas\/plastilinas-klasika-12-spalvu-luc-7%d1%81-331-08\/#breadcrumb","itemListElement":[{"@type":"ListItem","position":1,"name":"Home","item":"https:\/\/rutana.lt\/"},{"@type":"ListItem","position":2,"name":"Parduotuv\u0117","item":"https:\/\/rutana.lt\/parduotuve\/"},{"@type":"ListItem","position":3,"name":"Plastilinas &#8222;Klasika&#8221; 12 spalv\u0173 Lu\u010d 7\u0421 331-08"}]},{"@type":"WebSite","@id":"https:\/\/rutana.lt\/#website","url":"https:\/\/rutana.lt\/","name":"Rutana - Ra\u0161tin\u0117s reikmenys","description":"Prekiaujame pasaulin\u0117je rinkoje pripa\u017eintomis, kokybi\u0161komis biuro prek\u0117mis toki\u0173  gamintoj\u0173 kaip: Schneider, Esselte, Novus, 3M, Faber-Castell, Citizen, Milan, Leitz, Colop, Zebra, Staedtler, Durable, Tork, Parker, Waterman ir kt.","publisher":{"@id":"https:\/\/rutana.lt\/#organization"},"potentialAction":[{"@type":"SearchAction","target":{"@type":"EntryPoint","urlTemplate":"https:\/\/rutana.lt\/?s={search_term_string}"},"query-input":{"@type":"PropertyValueSpecification","valueRequired":true,"valueName":"search_term_string"}}],"inLanguage":"en-US"},{"@type":"Organization","@id":"https:\/\/rutana.lt\/#organization","name":"Rutana - Ra\u0161tin\u0117s reikmenys","url":"https:\/\/rutana.lt\/","logo":{"@type":"ImageObject","inLanguage":"en-US","@id":"https:\/\/rutana.lt\/#\/schema\/logo\/image\/","url":"https:\/\/rutana.lt\/wp-content\/uploads\/2025\/10\/Asset-32.png","contentUrl":"https:\/\/rutana.lt\/wp-content\/uploads\/2025\/10\/Asset-32.png","width":433,"height":119,"caption":"Rutana - Ra\u0161tin\u0117s reikmenys"},"image":{"@id":"https:\/\/rutana.lt\/#\/schema\/logo\/image\/"},"sameAs":["https:\/\/www.facebook.com\/RutanaKanceliarinesPrekes\/"]}]}},"_links":{"self":[{"href":"https:\/\/rutana.lt\/en\/wp-json\/wp\/v2\/product\/19941","targetHints":{"allow":["GET"]}}],"collection":[{"href":"https:\/\/rutana.lt\/en\/wp-json\/wp\/v2\/product"}],"about":[{"href":"https:\/\/rutana.lt\/en\/wp-json\/wp\/v2\/types\/product"}],"replies":[{"embeddable":true,"href":"https:\/\/rutana.lt\/en\/wp-json\/wp\/v2\/comments?post=19941"}],"version-history":[{"count":1,"href":"https:\/\/rutana.lt\/en\/wp-json\/wp\/v2\/product\/19941\/revisions"}],"predecessor-version":[{"id":19975,"href":"https:\/\/rutana.lt\/en\/wp-json\/wp\/v2\/product\/19941\/revisions\/19975"}],"wp:featuredmedia":[{"embeddable":true,"href":"https:\/\/rutana.lt\/en\/wp-json\/wp\/v2\/media\/30227"}],"wp:attachment":[{"href":"https:\/\/rutana.lt\/en\/wp-json\/wp\/v2\/media?parent=19941"}],"wp:term":[{"taxonomy":"product_brand","embeddable":true,"href":"https:\/\/rutana.lt\/en\/wp-json\/wp\/v2\/product_brand?post=19941"},{"taxonomy":"product_cat","embeddable":true,"href":"https:\/\/rutana.lt\/en\/wp-json\/wp\/v2\/product_cat?post=19941"},{"taxonomy":"product_tag","embeddable":true,"href":"https:\/\/rutana.lt\/en\/wp-json\/wp\/v2\/product_tag?post=19941"}],"curies":[{"name":"wp","href":"https:\/\/api.w.org\/{rel}","templated":true}]}}