{"id":19937,"date":"2025-09-03T10:09:45","date_gmt":"2025-09-03T08:09:45","guid":{"rendered":"https:\/\/rutana.webdemo.lt\/?post_type=product&#038;p=19937"},"modified":"2025-10-13T16:00:33","modified_gmt":"2025-10-13T14:00:33","slug":"akvarele-24-spalvu-de-luxe-luc","status":"publish","type":"product","link":"https:\/\/rutana.lt\/en\/product\/akvarele-24-spalvu-de-luxe-luc\/","title":{"rendered":"Akvarel\u0117 24 spalv\u0173 &#8222;De Luxe&#8221; Lu\u010d"},"content":{"rendered":"<p>Menin\u0117 akvarel\u0117 \u201eDe Luxe\u201c pagaminta gumiarabiko* pagrindu ir yra maksimaliai prisotinta auk\u0161tos klas\u0117s pigmentais. \u0160i\u0173 komponent\u0173 santykis akvarel\u0117je suteikia nepaprast\u0105 skaidrum\u0105, padidint\u0105 spalv\u0173 grynum\u0105 ir tono intensyvum\u0105. Akvarel\u0117 \u201eDe Luxe\u201c \u2013 puiki med\u017eiaga k\u016brybai. Ji pasi\u017eymi sodria spalv\u0173 palete, visos spalvos puikiai dera tarpusavyje. Akvarel\u0119 galima da\u017eyti keliais sluoksniais, neprarandamas spalv\u0173 \u201eskambesys\u201c ir \u201egrynumas\u201c. Be to, akvarel\u0117s palet\u0117je \u201eDe Luxe\u201c yra platus m\u0117lynos, \u017ealios, raudonos ir geltonos spalv\u0173 pasirinkimas. Remiantis technikos universiteto specialist\u0173 atlikta spektrofotometrine analize, nustatyta, kad akvarel\u0117 \u201eDe Luxe\u201c pasi\u017eymi didesniu spalv\u0173 grynumu ( sodrumu ), palyginti su \u012fprasta akvarele, o tai leid\u017eia i\u0161pl\u0117sti spalv\u0173 gam\u0105 iki nesuskai\u010diuojam\u0173 variant\u0173 mai\u0161ant da\u017eus \u2013 tai neabejotinai \u012fvertins tikri meistrai.<\/p>\n<p>Spalvos: 24<\/p>\n<p>* Gumiarabikas ( gumiarabik\u0173 derva ) yra idealus ri\u0161iklis meniniams vandenyje tirpiems da\u017eams.<\/p>\n<p><\/p>\n<p><span style=\"color: rgb(74, 76, 63); font-family: Arial; font-size: 13.3333px;\"><br \/><\/span><\/p>","protected":false},"excerpt":{"rendered":"<p>Menin\u0117 akvarel\u0117 \u201eDe Luxe\u201c pagaminta gumiarabiko* pagrindu ir yra maksimaliai prisotinta auk\u0161tos klas\u0117s pigmentais. \u0160i\u0173 komponent\u0173 santykis akvarel\u0117je suteikia nepaprast\u0105 skaidrum\u0105, padidint\u0105 spalv\u0173 grynum\u0105 ir tono intensyvum\u0105. Akvarel\u0117 \u201eDe Luxe\u201c \u2013 puiki med\u017eiaga k\u016brybai. Ji pasi\u017eymi sodria spalv\u0173 palete, visos spalvos puikiai dera tarpusavyje. Akvarel\u0119 galima da\u017eyti keliais sluoksniais, neprarandamas spalv\u0173 \u201eskambesys\u201c ir \u201egrynumas\u201c. Be [&hellip;]<\/p>","protected":false},"featured_media":30223,"comment_status":"open","ping_status":"closed","template":"","meta":{"_season_start":"","_season_end":"","_season_days":"","_season_months":"","_season_auto_visibility":""},"product_brand":[516],"product_cat":[1660],"product_tag":[],"class_list":{"0":"post-19937","1":"product","2":"type-product","3":"status-publish","4":"has-post-thumbnail","6":"product_brand-luc","7":"product_cat-akvarele","9":"first","10":"instock","11":"taxable","12":"shipping-taxable","13":"purchasable","14":"product-type-simple"},"yoast_head":"<!-- This site is optimized with the Yoast SEO plugin v27.4 - https:\/\/yoast.com\/product\/yoast-seo-wordpress\/ -->\n<title>Akvarel\u0117 24 spalv\u0173 &quot;De Luxe&quot; Lu\u010d - Rutana - Ra\u0161tin\u0117s reikmenys<\/title>\n<meta name=\"robots\" content=\"index, follow, max-snippet:-1, max-image-preview:large, max-video-preview:-1\" \/>\n<link rel=\"canonical\" href=\"https:\/\/rutana.lt\/en\/product\/akvarele-24-spalvu-de-luxe-luc\/\" \/>\n<meta property=\"og:locale\" content=\"en_US\" \/>\n<meta property=\"og:type\" content=\"article\" \/>\n<meta property=\"og:title\" content=\"Akvarel\u0117 24 spalv\u0173 &quot;De Luxe&quot; Lu\u010d - Rutana - Ra\u0161tin\u0117s reikmenys\" \/>\n<meta property=\"og:description\" content=\"Menin\u0117 akvarel\u0117 \u201eDe Luxe\u201c pagaminta gumiarabiko* pagrindu ir yra maksimaliai prisotinta auk\u0161tos klas\u0117s pigmentais. \u0160i\u0173 komponent\u0173 santykis akvarel\u0117je suteikia nepaprast\u0105 skaidrum\u0105, padidint\u0105 spalv\u0173 grynum\u0105 ir tono intensyvum\u0105. Akvarel\u0117 \u201eDe Luxe\u201c \u2013 puiki med\u017eiaga k\u016brybai. Ji pasi\u017eymi sodria spalv\u0173 palete, visos spalvos puikiai dera tarpusavyje. Akvarel\u0119 galima da\u017eyti keliais sluoksniais, neprarandamas spalv\u0173 \u201eskambesys\u201c ir \u201egrynumas\u201c. Be [&hellip;]\" \/>\n<meta property=\"og:url\" content=\"https:\/\/rutana.lt\/en\/product\/akvarele-24-spalvu-de-luxe-luc\/\" \/>\n<meta property=\"og:site_name\" content=\"Rutana - Ra\u0161tin\u0117s reikmenys\" \/>\n<meta property=\"article:publisher\" content=\"https:\/\/www.facebook.com\/RutanaKanceliarinesPrekes\/\" \/>\n<meta property=\"article:modified_time\" content=\"2025-10-13T14:00:33+00:00\" \/>\n<meta property=\"og:image\" content=\"https:\/\/rutana.lt\/wp-content\/uploads\/2025\/09\/D031-808.jpg\" \/>\n\t<meta property=\"og:image:width\" content=\"1000\" \/>\n\t<meta property=\"og:image:height\" content=\"1000\" \/>\n\t<meta property=\"og:image:type\" content=\"image\/jpeg\" \/>\n<meta name=\"twitter:card\" content=\"summary_large_image\" \/>\n<meta name=\"twitter:label1\" content=\"Est. reading time\" \/>\n\t<meta name=\"twitter:data1\" content=\"1 minute\" \/>\n<script type=\"application\/ld+json\" class=\"yoast-schema-graph\">{\"@context\":\"https:\\\/\\\/schema.org\",\"@graph\":[{\"@type\":\"WebPage\",\"@id\":\"https:\\\/\\\/rutana.lt\\\/produktas\\\/akvarele-24-spalvu-de-luxe-luc\\\/\",\"url\":\"https:\\\/\\\/rutana.lt\\\/produktas\\\/akvarele-24-spalvu-de-luxe-luc\\\/\",\"name\":\"Akvarel\u0117 24 spalv\u0173 \\\"De Luxe\\\" Lu\u010d - Rutana - Ra\u0161tin\u0117s reikmenys\",\"isPartOf\":{\"@id\":\"https:\\\/\\\/rutana.lt\\\/#website\"},\"primaryImageOfPage\":{\"@id\":\"https:\\\/\\\/rutana.lt\\\/produktas\\\/akvarele-24-spalvu-de-luxe-luc\\\/#primaryimage\"},\"image\":{\"@id\":\"https:\\\/\\\/rutana.lt\\\/produktas\\\/akvarele-24-spalvu-de-luxe-luc\\\/#primaryimage\"},\"thumbnailUrl\":\"https:\\\/\\\/rutana.lt\\\/wp-content\\\/uploads\\\/2025\\\/09\\\/D031-808-2.jpg?v=1763563261\",\"datePublished\":\"2025-09-03T08:09:45+00:00\",\"dateModified\":\"2025-10-13T14:00:33+00:00\",\"breadcrumb\":{\"@id\":\"https:\\\/\\\/rutana.lt\\\/produktas\\\/akvarele-24-spalvu-de-luxe-luc\\\/#breadcrumb\"},\"inLanguage\":\"en-US\",\"potentialAction\":[{\"@type\":\"ReadAction\",\"target\":[\"https:\\\/\\\/rutana.lt\\\/produktas\\\/akvarele-24-spalvu-de-luxe-luc\\\/\"]}]},{\"@type\":\"ImageObject\",\"inLanguage\":\"en-US\",\"@id\":\"https:\\\/\\\/rutana.lt\\\/produktas\\\/akvarele-24-spalvu-de-luxe-luc\\\/#primaryimage\",\"url\":\"https:\\\/\\\/rutana.lt\\\/wp-content\\\/uploads\\\/2025\\\/09\\\/D031-808-2.jpg?v=1763563261\",\"contentUrl\":\"https:\\\/\\\/rutana.lt\\\/wp-content\\\/uploads\\\/2025\\\/09\\\/D031-808-2.jpg?v=1763563261\",\"width\":1000,\"height\":1000},{\"@type\":\"BreadcrumbList\",\"@id\":\"https:\\\/\\\/rutana.lt\\\/produktas\\\/akvarele-24-spalvu-de-luxe-luc\\\/#breadcrumb\",\"itemListElement\":[{\"@type\":\"ListItem\",\"position\":1,\"name\":\"Home\",\"item\":\"https:\\\/\\\/rutana.lt\\\/\"},{\"@type\":\"ListItem\",\"position\":2,\"name\":\"Parduotuv\u0117\",\"item\":\"https:\\\/\\\/rutana.lt\\\/parduotuve\\\/\"},{\"@type\":\"ListItem\",\"position\":3,\"name\":\"Akvarel\u0117 24 spalv\u0173 &#8222;De Luxe&#8221; Lu\u010d\"}]},{\"@type\":\"WebSite\",\"@id\":\"https:\\\/\\\/rutana.lt\\\/#website\",\"url\":\"https:\\\/\\\/rutana.lt\\\/\",\"name\":\"Rutana - Ra\u0161tin\u0117s reikmenys\",\"description\":\"Prekiaujame pasaulin\u0117je rinkoje pripa\u017eintomis, kokybi\u0161komis biuro prek\u0117mis toki\u0173  gamintoj\u0173 kaip: Schneider, Esselte, Novus, 3M, Faber-Castell, Citizen, Milan, Leitz, Colop, Zebra, Staedtler, Durable, Tork, Parker, Waterman ir kt.\",\"publisher\":{\"@id\":\"https:\\\/\\\/rutana.lt\\\/#organization\"},\"potentialAction\":[{\"@type\":\"SearchAction\",\"target\":{\"@type\":\"EntryPoint\",\"urlTemplate\":\"https:\\\/\\\/rutana.lt\\\/?s={search_term_string}\"},\"query-input\":{\"@type\":\"PropertyValueSpecification\",\"valueRequired\":true,\"valueName\":\"search_term_string\"}}],\"inLanguage\":\"en-US\"},{\"@type\":\"Organization\",\"@id\":\"https:\\\/\\\/rutana.lt\\\/#organization\",\"name\":\"Rutana - Ra\u0161tin\u0117s reikmenys\",\"url\":\"https:\\\/\\\/rutana.lt\\\/\",\"logo\":{\"@type\":\"ImageObject\",\"inLanguage\":\"en-US\",\"@id\":\"https:\\\/\\\/rutana.lt\\\/#\\\/schema\\\/logo\\\/image\\\/\",\"url\":\"https:\\\/\\\/rutana.lt\\\/wp-content\\\/uploads\\\/2025\\\/10\\\/Asset-32.png\",\"contentUrl\":\"https:\\\/\\\/rutana.lt\\\/wp-content\\\/uploads\\\/2025\\\/10\\\/Asset-32.png\",\"width\":433,\"height\":119,\"caption\":\"Rutana - Ra\u0161tin\u0117s reikmenys\"},\"image\":{\"@id\":\"https:\\\/\\\/rutana.lt\\\/#\\\/schema\\\/logo\\\/image\\\/\"},\"sameAs\":[\"https:\\\/\\\/www.facebook.com\\\/RutanaKanceliarinesPrekes\\\/\"]}]}<\/script>\n<!-- \/ Yoast SEO plugin. -->","yoast_head_json":{"title":"Akvarel\u0117 24 spalv\u0173 \"De Luxe\" Lu\u010d - Rutana - Ra\u0161tin\u0117s reikmenys","robots":{"index":"index","follow":"follow","max-snippet":"max-snippet:-1","max-image-preview":"max-image-preview:large","max-video-preview":"max-video-preview:-1"},"canonical":"https:\/\/rutana.lt\/en\/product\/akvarele-24-spalvu-de-luxe-luc\/","og_locale":"en_US","og_type":"article","og_title":"Akvarel\u0117 24 spalv\u0173 \"De Luxe\" Lu\u010d - Rutana - Ra\u0161tin\u0117s reikmenys","og_description":"Menin\u0117 akvarel\u0117 \u201eDe Luxe\u201c pagaminta gumiarabiko* pagrindu ir yra maksimaliai prisotinta auk\u0161tos klas\u0117s pigmentais. \u0160i\u0173 komponent\u0173 santykis akvarel\u0117je suteikia nepaprast\u0105 skaidrum\u0105, padidint\u0105 spalv\u0173 grynum\u0105 ir tono intensyvum\u0105. Akvarel\u0117 \u201eDe Luxe\u201c \u2013 puiki med\u017eiaga k\u016brybai. Ji pasi\u017eymi sodria spalv\u0173 palete, visos spalvos puikiai dera tarpusavyje. Akvarel\u0119 galima da\u017eyti keliais sluoksniais, neprarandamas spalv\u0173 \u201eskambesys\u201c ir \u201egrynumas\u201c. Be [&hellip;]","og_url":"https:\/\/rutana.lt\/en\/product\/akvarele-24-spalvu-de-luxe-luc\/","og_site_name":"Rutana - Ra\u0161tin\u0117s reikmenys","article_publisher":"https:\/\/www.facebook.com\/RutanaKanceliarinesPrekes\/","article_modified_time":"2025-10-13T14:00:33+00:00","og_image":[{"width":1000,"height":1000,"url":"https:\/\/rutana.lt\/wp-content\/uploads\/2025\/09\/D031-808.jpg","type":"image\/jpeg"}],"twitter_card":"summary_large_image","twitter_misc":{"Est. reading time":"1 minute"},"schema":{"@context":"https:\/\/schema.org","@graph":[{"@type":"WebPage","@id":"https:\/\/rutana.lt\/produktas\/akvarele-24-spalvu-de-luxe-luc\/","url":"https:\/\/rutana.lt\/produktas\/akvarele-24-spalvu-de-luxe-luc\/","name":"Akvarel\u0117 24 spalv\u0173 \"De Luxe\" Lu\u010d - Rutana - Ra\u0161tin\u0117s reikmenys","isPartOf":{"@id":"https:\/\/rutana.lt\/#website"},"primaryImageOfPage":{"@id":"https:\/\/rutana.lt\/produktas\/akvarele-24-spalvu-de-luxe-luc\/#primaryimage"},"image":{"@id":"https:\/\/rutana.lt\/produktas\/akvarele-24-spalvu-de-luxe-luc\/#primaryimage"},"thumbnailUrl":"https:\/\/rutana.lt\/wp-content\/uploads\/2025\/09\/D031-808-2.jpg?v=1763563261","datePublished":"2025-09-03T08:09:45+00:00","dateModified":"2025-10-13T14:00:33+00:00","breadcrumb":{"@id":"https:\/\/rutana.lt\/produktas\/akvarele-24-spalvu-de-luxe-luc\/#breadcrumb"},"inLanguage":"en-US","potentialAction":[{"@type":"ReadAction","target":["https:\/\/rutana.lt\/produktas\/akvarele-24-spalvu-de-luxe-luc\/"]}]},{"@type":"ImageObject","inLanguage":"en-US","@id":"https:\/\/rutana.lt\/produktas\/akvarele-24-spalvu-de-luxe-luc\/#primaryimage","url":"https:\/\/rutana.lt\/wp-content\/uploads\/2025\/09\/D031-808-2.jpg?v=1763563261","contentUrl":"https:\/\/rutana.lt\/wp-content\/uploads\/2025\/09\/D031-808-2.jpg?v=1763563261","width":1000,"height":1000},{"@type":"BreadcrumbList","@id":"https:\/\/rutana.lt\/produktas\/akvarele-24-spalvu-de-luxe-luc\/#breadcrumb","itemListElement":[{"@type":"ListItem","position":1,"name":"Home","item":"https:\/\/rutana.lt\/"},{"@type":"ListItem","position":2,"name":"Parduotuv\u0117","item":"https:\/\/rutana.lt\/parduotuve\/"},{"@type":"ListItem","position":3,"name":"Akvarel\u0117 24 spalv\u0173 &#8222;De Luxe&#8221; Lu\u010d"}]},{"@type":"WebSite","@id":"https:\/\/rutana.lt\/#website","url":"https:\/\/rutana.lt\/","name":"Rutana - Ra\u0161tin\u0117s reikmenys","description":"Prekiaujame pasaulin\u0117je rinkoje pripa\u017eintomis, kokybi\u0161komis biuro prek\u0117mis toki\u0173  gamintoj\u0173 kaip: Schneider, Esselte, Novus, 3M, Faber-Castell, Citizen, Milan, Leitz, Colop, Zebra, Staedtler, Durable, Tork, Parker, Waterman ir kt.","publisher":{"@id":"https:\/\/rutana.lt\/#organization"},"potentialAction":[{"@type":"SearchAction","target":{"@type":"EntryPoint","urlTemplate":"https:\/\/rutana.lt\/?s={search_term_string}"},"query-input":{"@type":"PropertyValueSpecification","valueRequired":true,"valueName":"search_term_string"}}],"inLanguage":"en-US"},{"@type":"Organization","@id":"https:\/\/rutana.lt\/#organization","name":"Rutana - Ra\u0161tin\u0117s reikmenys","url":"https:\/\/rutana.lt\/","logo":{"@type":"ImageObject","inLanguage":"en-US","@id":"https:\/\/rutana.lt\/#\/schema\/logo\/image\/","url":"https:\/\/rutana.lt\/wp-content\/uploads\/2025\/10\/Asset-32.png","contentUrl":"https:\/\/rutana.lt\/wp-content\/uploads\/2025\/10\/Asset-32.png","width":433,"height":119,"caption":"Rutana - Ra\u0161tin\u0117s reikmenys"},"image":{"@id":"https:\/\/rutana.lt\/#\/schema\/logo\/image\/"},"sameAs":["https:\/\/www.facebook.com\/RutanaKanceliarinesPrekes\/"]}]}},"_links":{"self":[{"href":"https:\/\/rutana.lt\/en\/wp-json\/wp\/v2\/product\/19937","targetHints":{"allow":["GET"]}}],"collection":[{"href":"https:\/\/rutana.lt\/en\/wp-json\/wp\/v2\/product"}],"about":[{"href":"https:\/\/rutana.lt\/en\/wp-json\/wp\/v2\/types\/product"}],"replies":[{"embeddable":true,"href":"https:\/\/rutana.lt\/en\/wp-json\/wp\/v2\/comments?post=19937"}],"version-history":[{"count":1,"href":"https:\/\/rutana.lt\/en\/wp-json\/wp\/v2\/product\/19937\/revisions"}],"predecessor-version":[{"id":19967,"href":"https:\/\/rutana.lt\/en\/wp-json\/wp\/v2\/product\/19937\/revisions\/19967"}],"wp:featuredmedia":[{"embeddable":true,"href":"https:\/\/rutana.lt\/en\/wp-json\/wp\/v2\/media\/30223"}],"wp:attachment":[{"href":"https:\/\/rutana.lt\/en\/wp-json\/wp\/v2\/media?parent=19937"}],"wp:term":[{"taxonomy":"product_brand","embeddable":true,"href":"https:\/\/rutana.lt\/en\/wp-json\/wp\/v2\/product_brand?post=19937"},{"taxonomy":"product_cat","embeddable":true,"href":"https:\/\/rutana.lt\/en\/wp-json\/wp\/v2\/product_cat?post=19937"},{"taxonomy":"product_tag","embeddable":true,"href":"https:\/\/rutana.lt\/en\/wp-json\/wp\/v2\/product_tag?post=19937"}],"curies":[{"name":"wp","href":"https:\/\/api.w.org\/{rel}","templated":true}]}}