{"id":19936,"date":"2025-09-03T10:09:45","date_gmt":"2025-09-03T08:09:45","guid":{"rendered":"https:\/\/rutana.webdemo.lt\/?post_type=product&#038;p=19936"},"modified":"2025-10-13T16:00:33","modified_gmt":"2025-10-13T14:00:33","slug":"oro-gaiviklis-ocean-mist-ambi-pur-185-ml","status":"publish","type":"product","link":"https:\/\/rutana.lt\/en\/product\/oro-gaiviklis-ocean-mist-ambi-pur-185-ml\/","title":{"rendered":"Oro gaiviklis Ocean Mist Ambi Pur 185 ml"},"content":{"rendered":"<p><span style=\"text-align: justify;\">Ambi Pur pur\u0161kiamas oro gaiviklis pa\u0161alina kvapus ir suteikia erdvei lengv\u0105, gaiv\u0173 kvap\u0105. Galite naudoti \u0161\u012f oro gaivikl\u012f bet kur ir bet kada, kai norite pa\u0161alinti nemalonius kvapus ir atgaivinti patalp\u0105. <\/span> Kvapas \u201eOcean Mist\u201c primena vandenyno kvap\u0105.<\/p>\n<p>Talpa: 185 ml<\/p>\n<p>Kvapas: Ocean Mist<\/p>\n<p>Kilm\u0117s \u0161alis: EU<\/p>\n<p><\/p>\n<p><\/p>","protected":false},"excerpt":{"rendered":"<p>Ambi Pur pur\u0161kiamas oro gaiviklis pa\u0161alina kvapus ir suteikia erdvei lengv\u0105, gaiv\u0173 kvap\u0105. Galite naudoti \u0161\u012f oro gaivikl\u012f bet kur ir bet kada, kai norite pa\u0161alinti nemalonius kvapus ir atgaivinti patalp\u0105. Kvapas \u201eOcean Mist\u201c primena vandenyno kvap\u0105. Talpa: 185 ml Kvapas: Ocean Mist Kilm\u0117s \u0161alis: EU<\/p>","protected":false},"featured_media":30222,"comment_status":"open","ping_status":"closed","template":"","meta":{"_season_start":"","_season_end":"","_season_days":"","_season_months":"","_season_auto_visibility":""},"product_brand":[83],"product_cat":[1632],"product_tag":[],"class_list":{"0":"post-19936","1":"product","2":"type-product","3":"status-publish","4":"has-post-thumbnail","6":"product_brand-null","7":"product_cat-oro-gaivikliai","9":"first","10":"instock","11":"taxable","12":"shipping-taxable","13":"purchasable","14":"product-type-simple"},"yoast_head":"<!-- This site is optimized with the Yoast SEO plugin v27.4 - https:\/\/yoast.com\/product\/yoast-seo-wordpress\/ -->\n<title>Oro gaiviklis Ocean Mist Ambi Pur 185 ml - Rutana - Ra\u0161tin\u0117s reikmenys<\/title>\n<meta name=\"robots\" content=\"index, follow, max-snippet:-1, max-image-preview:large, max-video-preview:-1\" \/>\n<link rel=\"canonical\" href=\"https:\/\/rutana.lt\/en\/product\/oro-gaiviklis-ocean-mist-ambi-pur-185-ml\/\" \/>\n<meta property=\"og:locale\" content=\"en_US\" \/>\n<meta property=\"og:type\" content=\"article\" \/>\n<meta property=\"og:title\" content=\"Oro gaiviklis Ocean Mist Ambi Pur 185 ml - Rutana - Ra\u0161tin\u0117s reikmenys\" \/>\n<meta property=\"og:description\" content=\"Ambi Pur pur\u0161kiamas oro gaiviklis pa\u0161alina kvapus ir suteikia erdvei lengv\u0105, gaiv\u0173 kvap\u0105. Galite naudoti \u0161\u012f oro gaivikl\u012f bet kur ir bet kada, kai norite pa\u0161alinti nemalonius kvapus ir atgaivinti patalp\u0105. Kvapas \u201eOcean Mist\u201c primena vandenyno kvap\u0105. Talpa: 185 ml Kvapas: Ocean Mist Kilm\u0117s \u0161alis: EU\" \/>\n<meta property=\"og:url\" content=\"https:\/\/rutana.lt\/en\/product\/oro-gaiviklis-ocean-mist-ambi-pur-185-ml\/\" \/>\n<meta property=\"og:site_name\" content=\"Rutana - Ra\u0161tin\u0117s reikmenys\" \/>\n<meta property=\"article:publisher\" content=\"https:\/\/www.facebook.com\/RutanaKanceliarinesPrekes\/\" \/>\n<meta property=\"article:modified_time\" content=\"2025-10-13T14:00:33+00:00\" \/>\n<meta property=\"og:image\" content=\"https:\/\/rutana.lt\/wp-content\/uploads\/2025\/09\/B095-007.jpg\" \/>\n\t<meta property=\"og:image:width\" content=\"1000\" \/>\n\t<meta property=\"og:image:height\" content=\"1000\" \/>\n\t<meta property=\"og:image:type\" content=\"image\/jpeg\" \/>\n<meta name=\"twitter:card\" content=\"summary_large_image\" \/>\n<script type=\"application\/ld+json\" class=\"yoast-schema-graph\">{\"@context\":\"https:\\\/\\\/schema.org\",\"@graph\":[{\"@type\":\"WebPage\",\"@id\":\"https:\\\/\\\/rutana.lt\\\/produktas\\\/oro-gaiviklis-ocean-mist-ambi-pur-185-ml\\\/\",\"url\":\"https:\\\/\\\/rutana.lt\\\/produktas\\\/oro-gaiviklis-ocean-mist-ambi-pur-185-ml\\\/\",\"name\":\"Oro gaiviklis Ocean Mist Ambi Pur 185 ml - Rutana - Ra\u0161tin\u0117s reikmenys\",\"isPartOf\":{\"@id\":\"https:\\\/\\\/rutana.lt\\\/#website\"},\"primaryImageOfPage\":{\"@id\":\"https:\\\/\\\/rutana.lt\\\/produktas\\\/oro-gaiviklis-ocean-mist-ambi-pur-185-ml\\\/#primaryimage\"},\"image\":{\"@id\":\"https:\\\/\\\/rutana.lt\\\/produktas\\\/oro-gaiviklis-ocean-mist-ambi-pur-185-ml\\\/#primaryimage\"},\"thumbnailUrl\":\"https:\\\/\\\/rutana.lt\\\/wp-content\\\/uploads\\\/2025\\\/09\\\/B095-007-1.jpg?v=1763563263\",\"datePublished\":\"2025-09-03T08:09:45+00:00\",\"dateModified\":\"2025-10-13T14:00:33+00:00\",\"breadcrumb\":{\"@id\":\"https:\\\/\\\/rutana.lt\\\/produktas\\\/oro-gaiviklis-ocean-mist-ambi-pur-185-ml\\\/#breadcrumb\"},\"inLanguage\":\"en-US\",\"potentialAction\":[{\"@type\":\"ReadAction\",\"target\":[\"https:\\\/\\\/rutana.lt\\\/produktas\\\/oro-gaiviklis-ocean-mist-ambi-pur-185-ml\\\/\"]}]},{\"@type\":\"ImageObject\",\"inLanguage\":\"en-US\",\"@id\":\"https:\\\/\\\/rutana.lt\\\/produktas\\\/oro-gaiviklis-ocean-mist-ambi-pur-185-ml\\\/#primaryimage\",\"url\":\"https:\\\/\\\/rutana.lt\\\/wp-content\\\/uploads\\\/2025\\\/09\\\/B095-007-1.jpg?v=1763563263\",\"contentUrl\":\"https:\\\/\\\/rutana.lt\\\/wp-content\\\/uploads\\\/2025\\\/09\\\/B095-007-1.jpg?v=1763563263\",\"width\":1000,\"height\":1000},{\"@type\":\"BreadcrumbList\",\"@id\":\"https:\\\/\\\/rutana.lt\\\/produktas\\\/oro-gaiviklis-ocean-mist-ambi-pur-185-ml\\\/#breadcrumb\",\"itemListElement\":[{\"@type\":\"ListItem\",\"position\":1,\"name\":\"Home\",\"item\":\"https:\\\/\\\/rutana.lt\\\/\"},{\"@type\":\"ListItem\",\"position\":2,\"name\":\"Parduotuv\u0117\",\"item\":\"https:\\\/\\\/rutana.lt\\\/parduotuve\\\/\"},{\"@type\":\"ListItem\",\"position\":3,\"name\":\"Oro gaiviklis Ocean Mist Ambi Pur 185 ml\"}]},{\"@type\":\"WebSite\",\"@id\":\"https:\\\/\\\/rutana.lt\\\/#website\",\"url\":\"https:\\\/\\\/rutana.lt\\\/\",\"name\":\"Rutana - Ra\u0161tin\u0117s reikmenys\",\"description\":\"Prekiaujame pasaulin\u0117je rinkoje pripa\u017eintomis, kokybi\u0161komis biuro prek\u0117mis toki\u0173  gamintoj\u0173 kaip: Schneider, Esselte, Novus, 3M, Faber-Castell, Citizen, Milan, Leitz, Colop, Zebra, Staedtler, Durable, Tork, Parker, Waterman ir kt.\",\"publisher\":{\"@id\":\"https:\\\/\\\/rutana.lt\\\/#organization\"},\"potentialAction\":[{\"@type\":\"SearchAction\",\"target\":{\"@type\":\"EntryPoint\",\"urlTemplate\":\"https:\\\/\\\/rutana.lt\\\/?s={search_term_string}\"},\"query-input\":{\"@type\":\"PropertyValueSpecification\",\"valueRequired\":true,\"valueName\":\"search_term_string\"}}],\"inLanguage\":\"en-US\"},{\"@type\":\"Organization\",\"@id\":\"https:\\\/\\\/rutana.lt\\\/#organization\",\"name\":\"Rutana - Ra\u0161tin\u0117s reikmenys\",\"url\":\"https:\\\/\\\/rutana.lt\\\/\",\"logo\":{\"@type\":\"ImageObject\",\"inLanguage\":\"en-US\",\"@id\":\"https:\\\/\\\/rutana.lt\\\/#\\\/schema\\\/logo\\\/image\\\/\",\"url\":\"https:\\\/\\\/rutana.lt\\\/wp-content\\\/uploads\\\/2025\\\/10\\\/Asset-32.png\",\"contentUrl\":\"https:\\\/\\\/rutana.lt\\\/wp-content\\\/uploads\\\/2025\\\/10\\\/Asset-32.png\",\"width\":433,\"height\":119,\"caption\":\"Rutana - Ra\u0161tin\u0117s reikmenys\"},\"image\":{\"@id\":\"https:\\\/\\\/rutana.lt\\\/#\\\/schema\\\/logo\\\/image\\\/\"},\"sameAs\":[\"https:\\\/\\\/www.facebook.com\\\/RutanaKanceliarinesPrekes\\\/\"]}]}<\/script>\n<!-- \/ Yoast SEO plugin. -->","yoast_head_json":{"title":"Oro gaiviklis Ocean Mist Ambi Pur 185 ml - Rutana - Ra\u0161tin\u0117s reikmenys","robots":{"index":"index","follow":"follow","max-snippet":"max-snippet:-1","max-image-preview":"max-image-preview:large","max-video-preview":"max-video-preview:-1"},"canonical":"https:\/\/rutana.lt\/en\/product\/oro-gaiviklis-ocean-mist-ambi-pur-185-ml\/","og_locale":"en_US","og_type":"article","og_title":"Oro gaiviklis Ocean Mist Ambi Pur 185 ml - Rutana - Ra\u0161tin\u0117s reikmenys","og_description":"Ambi Pur pur\u0161kiamas oro gaiviklis pa\u0161alina kvapus ir suteikia erdvei lengv\u0105, gaiv\u0173 kvap\u0105. Galite naudoti \u0161\u012f oro gaivikl\u012f bet kur ir bet kada, kai norite pa\u0161alinti nemalonius kvapus ir atgaivinti patalp\u0105. Kvapas \u201eOcean Mist\u201c primena vandenyno kvap\u0105. Talpa: 185 ml Kvapas: Ocean Mist Kilm\u0117s \u0161alis: EU","og_url":"https:\/\/rutana.lt\/en\/product\/oro-gaiviklis-ocean-mist-ambi-pur-185-ml\/","og_site_name":"Rutana - Ra\u0161tin\u0117s reikmenys","article_publisher":"https:\/\/www.facebook.com\/RutanaKanceliarinesPrekes\/","article_modified_time":"2025-10-13T14:00:33+00:00","og_image":[{"width":1000,"height":1000,"url":"https:\/\/rutana.lt\/wp-content\/uploads\/2025\/09\/B095-007.jpg","type":"image\/jpeg"}],"twitter_card":"summary_large_image","schema":{"@context":"https:\/\/schema.org","@graph":[{"@type":"WebPage","@id":"https:\/\/rutana.lt\/produktas\/oro-gaiviklis-ocean-mist-ambi-pur-185-ml\/","url":"https:\/\/rutana.lt\/produktas\/oro-gaiviklis-ocean-mist-ambi-pur-185-ml\/","name":"Oro gaiviklis Ocean Mist Ambi Pur 185 ml - Rutana - Ra\u0161tin\u0117s reikmenys","isPartOf":{"@id":"https:\/\/rutana.lt\/#website"},"primaryImageOfPage":{"@id":"https:\/\/rutana.lt\/produktas\/oro-gaiviklis-ocean-mist-ambi-pur-185-ml\/#primaryimage"},"image":{"@id":"https:\/\/rutana.lt\/produktas\/oro-gaiviklis-ocean-mist-ambi-pur-185-ml\/#primaryimage"},"thumbnailUrl":"https:\/\/rutana.lt\/wp-content\/uploads\/2025\/09\/B095-007-1.jpg?v=1763563263","datePublished":"2025-09-03T08:09:45+00:00","dateModified":"2025-10-13T14:00:33+00:00","breadcrumb":{"@id":"https:\/\/rutana.lt\/produktas\/oro-gaiviklis-ocean-mist-ambi-pur-185-ml\/#breadcrumb"},"inLanguage":"en-US","potentialAction":[{"@type":"ReadAction","target":["https:\/\/rutana.lt\/produktas\/oro-gaiviklis-ocean-mist-ambi-pur-185-ml\/"]}]},{"@type":"ImageObject","inLanguage":"en-US","@id":"https:\/\/rutana.lt\/produktas\/oro-gaiviklis-ocean-mist-ambi-pur-185-ml\/#primaryimage","url":"https:\/\/rutana.lt\/wp-content\/uploads\/2025\/09\/B095-007-1.jpg?v=1763563263","contentUrl":"https:\/\/rutana.lt\/wp-content\/uploads\/2025\/09\/B095-007-1.jpg?v=1763563263","width":1000,"height":1000},{"@type":"BreadcrumbList","@id":"https:\/\/rutana.lt\/produktas\/oro-gaiviklis-ocean-mist-ambi-pur-185-ml\/#breadcrumb","itemListElement":[{"@type":"ListItem","position":1,"name":"Home","item":"https:\/\/rutana.lt\/"},{"@type":"ListItem","position":2,"name":"Parduotuv\u0117","item":"https:\/\/rutana.lt\/parduotuve\/"},{"@type":"ListItem","position":3,"name":"Oro gaiviklis Ocean Mist Ambi Pur 185 ml"}]},{"@type":"WebSite","@id":"https:\/\/rutana.lt\/#website","url":"https:\/\/rutana.lt\/","name":"Rutana - Ra\u0161tin\u0117s reikmenys","description":"Prekiaujame pasaulin\u0117je rinkoje pripa\u017eintomis, kokybi\u0161komis biuro prek\u0117mis toki\u0173  gamintoj\u0173 kaip: Schneider, Esselte, Novus, 3M, Faber-Castell, Citizen, Milan, Leitz, Colop, Zebra, Staedtler, Durable, Tork, Parker, Waterman ir kt.","publisher":{"@id":"https:\/\/rutana.lt\/#organization"},"potentialAction":[{"@type":"SearchAction","target":{"@type":"EntryPoint","urlTemplate":"https:\/\/rutana.lt\/?s={search_term_string}"},"query-input":{"@type":"PropertyValueSpecification","valueRequired":true,"valueName":"search_term_string"}}],"inLanguage":"en-US"},{"@type":"Organization","@id":"https:\/\/rutana.lt\/#organization","name":"Rutana - Ra\u0161tin\u0117s reikmenys","url":"https:\/\/rutana.lt\/","logo":{"@type":"ImageObject","inLanguage":"en-US","@id":"https:\/\/rutana.lt\/#\/schema\/logo\/image\/","url":"https:\/\/rutana.lt\/wp-content\/uploads\/2025\/10\/Asset-32.png","contentUrl":"https:\/\/rutana.lt\/wp-content\/uploads\/2025\/10\/Asset-32.png","width":433,"height":119,"caption":"Rutana - Ra\u0161tin\u0117s reikmenys"},"image":{"@id":"https:\/\/rutana.lt\/#\/schema\/logo\/image\/"},"sameAs":["https:\/\/www.facebook.com\/RutanaKanceliarinesPrekes\/"]}]}},"_links":{"self":[{"href":"https:\/\/rutana.lt\/en\/wp-json\/wp\/v2\/product\/19936","targetHints":{"allow":["GET"]}}],"collection":[{"href":"https:\/\/rutana.lt\/en\/wp-json\/wp\/v2\/product"}],"about":[{"href":"https:\/\/rutana.lt\/en\/wp-json\/wp\/v2\/types\/product"}],"replies":[{"embeddable":true,"href":"https:\/\/rutana.lt\/en\/wp-json\/wp\/v2\/comments?post=19936"}],"version-history":[{"count":1,"href":"https:\/\/rutana.lt\/en\/wp-json\/wp\/v2\/product\/19936\/revisions"}],"predecessor-version":[{"id":19965,"href":"https:\/\/rutana.lt\/en\/wp-json\/wp\/v2\/product\/19936\/revisions\/19965"}],"wp:featuredmedia":[{"embeddable":true,"href":"https:\/\/rutana.lt\/en\/wp-json\/wp\/v2\/media\/30222"}],"wp:attachment":[{"href":"https:\/\/rutana.lt\/en\/wp-json\/wp\/v2\/media?parent=19936"}],"wp:term":[{"taxonomy":"product_brand","embeddable":true,"href":"https:\/\/rutana.lt\/en\/wp-json\/wp\/v2\/product_brand?post=19936"},{"taxonomy":"product_cat","embeddable":true,"href":"https:\/\/rutana.lt\/en\/wp-json\/wp\/v2\/product_cat?post=19936"},{"taxonomy":"product_tag","embeddable":true,"href":"https:\/\/rutana.lt\/en\/wp-json\/wp\/v2\/product_tag?post=19936"}],"curies":[{"name":"wp","href":"https:\/\/api.w.org\/{rel}","templated":true}]}}