{"id":19932,"date":"2025-09-03T10:09:44","date_gmt":"2025-09-03T08:09:44","guid":{"rendered":"https:\/\/rutana.webdemo.lt\/?post_type=product&#038;p=19932"},"modified":"2025-10-13T16:00:30","modified_gmt":"2025-10-13T14:00:30","slug":"darbuotoju-supazindintu-su-pareiginiais-nuostatais-registravimo-zurnalas-a4-24-lapai","status":"publish","type":"product","link":"https:\/\/rutana.lt\/en\/product\/darbuotoju-supazindintu-su-pareiginiais-nuostatais-registravimo-zurnalas-a4-24-lapai\/","title":{"rendered":"Darbuotoj\u0173, supa\u017eindint\u0173 su pareiginiais nuostatais registravimo \u017eurnalas A4 24 lapai"},"content":{"rendered":"<p>Darbuotoj\u0173, supa\u017eindint\u0173 su pareiginiais nuostatais registravimo \u017eurnalas, pagamintas i\u0161 70 g\/m<span style=\"vertical-align: super;\">2<\/span> ofsetinio popieriaus. <\/p>\n<p>Formatas: A4<\/p>\n<p>Lap\u0173 skai\u010dius: 24<\/p>\n<p>Kilm\u0117s \u0161alis: Lietuva<\/p>","protected":false},"excerpt":{"rendered":"<p>Darbuotoj\u0173, supa\u017eindint\u0173 su pareiginiais nuostatais registravimo \u017eurnalas, pagamintas i\u0161 70 g\/m2 ofsetinio popieriaus. Formatas: A4 Lap\u0173 skai\u010dius: 24 Kilm\u0117s \u0161alis: Lietuva<\/p>","protected":false},"featured_media":30218,"comment_status":"open","ping_status":"closed","template":"","meta":{"_season_start":"","_season_end":"","_season_days":"","_season_months":"","_season_auto_visibility":""},"product_brand":[83],"product_cat":[1866],"product_tag":[],"class_list":{"0":"post-19932","1":"product","2":"type-product","3":"status-publish","4":"has-post-thumbnail","6":"product_brand-null","7":"product_cat-zurnalai-ir-knygos-buhalterijai","9":"first","10":"instock","11":"taxable","12":"shipping-taxable","13":"purchasable","14":"product-type-simple"},"yoast_head":"<!-- This site is optimized with the Yoast SEO plugin v27.4 - https:\/\/yoast.com\/product\/yoast-seo-wordpress\/ -->\n<title>Darbuotoj\u0173, supa\u017eindint\u0173 su pareiginiais nuostatais registravimo \u017eurnalas A4 24 lapai - Rutana - Ra\u0161tin\u0117s reikmenys<\/title>\n<meta name=\"robots\" content=\"index, follow, max-snippet:-1, max-image-preview:large, max-video-preview:-1\" \/>\n<link rel=\"canonical\" href=\"https:\/\/rutana.lt\/en\/product\/darbuotoju-supazindintu-su-pareiginiais-nuostatais-registravimo-zurnalas-a4-24-lapai\/\" \/>\n<meta property=\"og:locale\" content=\"en_US\" \/>\n<meta property=\"og:type\" content=\"article\" \/>\n<meta property=\"og:title\" content=\"Darbuotoj\u0173, supa\u017eindint\u0173 su pareiginiais nuostatais registravimo \u017eurnalas A4 24 lapai - Rutana - Ra\u0161tin\u0117s reikmenys\" \/>\n<meta property=\"og:description\" content=\"Darbuotoj\u0173, supa\u017eindint\u0173 su pareiginiais nuostatais registravimo \u017eurnalas, pagamintas i\u0161 70 g\/m2 ofsetinio popieriaus. Formatas: A4 Lap\u0173 skai\u010dius: 24 Kilm\u0117s \u0161alis: Lietuva\" \/>\n<meta property=\"og:url\" content=\"https:\/\/rutana.lt\/en\/product\/darbuotoju-supazindintu-su-pareiginiais-nuostatais-registravimo-zurnalas-a4-24-lapai\/\" \/>\n<meta property=\"og:site_name\" content=\"Rutana - Ra\u0161tin\u0117s reikmenys\" \/>\n<meta property=\"article:publisher\" content=\"https:\/\/www.facebook.com\/RutanaKanceliarinesPrekes\/\" \/>\n<meta property=\"article:modified_time\" content=\"2025-10-13T14:00:30+00:00\" \/>\n<meta property=\"og:image\" content=\"https:\/\/rutana.lt\/wp-content\/uploads\/2025\/09\/A134-207.jpg\" \/>\n\t<meta property=\"og:image:width\" content=\"1000\" \/>\n\t<meta property=\"og:image:height\" content=\"1000\" \/>\n\t<meta property=\"og:image:type\" content=\"image\/jpeg\" \/>\n<meta name=\"twitter:card\" content=\"summary_large_image\" \/>\n<script type=\"application\/ld+json\" class=\"yoast-schema-graph\">{\"@context\":\"https:\\\/\\\/schema.org\",\"@graph\":[{\"@type\":\"WebPage\",\"@id\":\"https:\\\/\\\/rutana.lt\\\/produktas\\\/darbuotoju-supazindintu-su-pareiginiais-nuostatais-registravimo-zurnalas-a4-24-lapai\\\/\",\"url\":\"https:\\\/\\\/rutana.lt\\\/produktas\\\/darbuotoju-supazindintu-su-pareiginiais-nuostatais-registravimo-zurnalas-a4-24-lapai\\\/\",\"name\":\"Darbuotoj\u0173, supa\u017eindint\u0173 su pareiginiais nuostatais registravimo \u017eurnalas A4 24 lapai - Rutana - Ra\u0161tin\u0117s reikmenys\",\"isPartOf\":{\"@id\":\"https:\\\/\\\/rutana.lt\\\/#website\"},\"primaryImageOfPage\":{\"@id\":\"https:\\\/\\\/rutana.lt\\\/produktas\\\/darbuotoju-supazindintu-su-pareiginiais-nuostatais-registravimo-zurnalas-a4-24-lapai\\\/#primaryimage\"},\"image\":{\"@id\":\"https:\\\/\\\/rutana.lt\\\/produktas\\\/darbuotoju-supazindintu-su-pareiginiais-nuostatais-registravimo-zurnalas-a4-24-lapai\\\/#primaryimage\"},\"thumbnailUrl\":\"https:\\\/\\\/rutana.lt\\\/wp-content\\\/uploads\\\/2025\\\/09\\\/A134-207-1.jpg?v=1763563270\",\"datePublished\":\"2025-09-03T08:09:44+00:00\",\"dateModified\":\"2025-10-13T14:00:30+00:00\",\"breadcrumb\":{\"@id\":\"https:\\\/\\\/rutana.lt\\\/produktas\\\/darbuotoju-supazindintu-su-pareiginiais-nuostatais-registravimo-zurnalas-a4-24-lapai\\\/#breadcrumb\"},\"inLanguage\":\"en-US\",\"potentialAction\":[{\"@type\":\"ReadAction\",\"target\":[\"https:\\\/\\\/rutana.lt\\\/produktas\\\/darbuotoju-supazindintu-su-pareiginiais-nuostatais-registravimo-zurnalas-a4-24-lapai\\\/\"]}]},{\"@type\":\"ImageObject\",\"inLanguage\":\"en-US\",\"@id\":\"https:\\\/\\\/rutana.lt\\\/produktas\\\/darbuotoju-supazindintu-su-pareiginiais-nuostatais-registravimo-zurnalas-a4-24-lapai\\\/#primaryimage\",\"url\":\"https:\\\/\\\/rutana.lt\\\/wp-content\\\/uploads\\\/2025\\\/09\\\/A134-207-1.jpg?v=1763563270\",\"contentUrl\":\"https:\\\/\\\/rutana.lt\\\/wp-content\\\/uploads\\\/2025\\\/09\\\/A134-207-1.jpg?v=1763563270\",\"width\":1000,\"height\":1000},{\"@type\":\"BreadcrumbList\",\"@id\":\"https:\\\/\\\/rutana.lt\\\/produktas\\\/darbuotoju-supazindintu-su-pareiginiais-nuostatais-registravimo-zurnalas-a4-24-lapai\\\/#breadcrumb\",\"itemListElement\":[{\"@type\":\"ListItem\",\"position\":1,\"name\":\"Home\",\"item\":\"https:\\\/\\\/rutana.lt\\\/\"},{\"@type\":\"ListItem\",\"position\":2,\"name\":\"Parduotuv\u0117\",\"item\":\"https:\\\/\\\/rutana.lt\\\/parduotuve\\\/\"},{\"@type\":\"ListItem\",\"position\":3,\"name\":\"Darbuotoj\u0173, supa\u017eindint\u0173 su pareiginiais nuostatais registravimo \u017eurnalas A4 24 lapai\"}]},{\"@type\":\"WebSite\",\"@id\":\"https:\\\/\\\/rutana.lt\\\/#website\",\"url\":\"https:\\\/\\\/rutana.lt\\\/\",\"name\":\"Rutana - Ra\u0161tin\u0117s reikmenys\",\"description\":\"Prekiaujame pasaulin\u0117je rinkoje pripa\u017eintomis, kokybi\u0161komis biuro prek\u0117mis toki\u0173  gamintoj\u0173 kaip: Schneider, Esselte, Novus, 3M, Faber-Castell, Citizen, Milan, Leitz, Colop, Zebra, Staedtler, Durable, Tork, Parker, Waterman ir kt.\",\"publisher\":{\"@id\":\"https:\\\/\\\/rutana.lt\\\/#organization\"},\"potentialAction\":[{\"@type\":\"SearchAction\",\"target\":{\"@type\":\"EntryPoint\",\"urlTemplate\":\"https:\\\/\\\/rutana.lt\\\/?s={search_term_string}\"},\"query-input\":{\"@type\":\"PropertyValueSpecification\",\"valueRequired\":true,\"valueName\":\"search_term_string\"}}],\"inLanguage\":\"en-US\"},{\"@type\":\"Organization\",\"@id\":\"https:\\\/\\\/rutana.lt\\\/#organization\",\"name\":\"Rutana - Ra\u0161tin\u0117s reikmenys\",\"url\":\"https:\\\/\\\/rutana.lt\\\/\",\"logo\":{\"@type\":\"ImageObject\",\"inLanguage\":\"en-US\",\"@id\":\"https:\\\/\\\/rutana.lt\\\/#\\\/schema\\\/logo\\\/image\\\/\",\"url\":\"https:\\\/\\\/rutana.lt\\\/wp-content\\\/uploads\\\/2025\\\/10\\\/Asset-32.png\",\"contentUrl\":\"https:\\\/\\\/rutana.lt\\\/wp-content\\\/uploads\\\/2025\\\/10\\\/Asset-32.png\",\"width\":433,\"height\":119,\"caption\":\"Rutana - Ra\u0161tin\u0117s reikmenys\"},\"image\":{\"@id\":\"https:\\\/\\\/rutana.lt\\\/#\\\/schema\\\/logo\\\/image\\\/\"},\"sameAs\":[\"https:\\\/\\\/www.facebook.com\\\/RutanaKanceliarinesPrekes\\\/\"]}]}<\/script>\n<!-- \/ Yoast SEO plugin. -->","yoast_head_json":{"title":"Darbuotoj\u0173, supa\u017eindint\u0173 su pareiginiais nuostatais registravimo \u017eurnalas A4 24 lapai - Rutana - Ra\u0161tin\u0117s reikmenys","robots":{"index":"index","follow":"follow","max-snippet":"max-snippet:-1","max-image-preview":"max-image-preview:large","max-video-preview":"max-video-preview:-1"},"canonical":"https:\/\/rutana.lt\/en\/product\/darbuotoju-supazindintu-su-pareiginiais-nuostatais-registravimo-zurnalas-a4-24-lapai\/","og_locale":"en_US","og_type":"article","og_title":"Darbuotoj\u0173, supa\u017eindint\u0173 su pareiginiais nuostatais registravimo \u017eurnalas A4 24 lapai - Rutana - Ra\u0161tin\u0117s reikmenys","og_description":"Darbuotoj\u0173, supa\u017eindint\u0173 su pareiginiais nuostatais registravimo \u017eurnalas, pagamintas i\u0161 70 g\/m2 ofsetinio popieriaus. Formatas: A4 Lap\u0173 skai\u010dius: 24 Kilm\u0117s \u0161alis: Lietuva","og_url":"https:\/\/rutana.lt\/en\/product\/darbuotoju-supazindintu-su-pareiginiais-nuostatais-registravimo-zurnalas-a4-24-lapai\/","og_site_name":"Rutana - Ra\u0161tin\u0117s reikmenys","article_publisher":"https:\/\/www.facebook.com\/RutanaKanceliarinesPrekes\/","article_modified_time":"2025-10-13T14:00:30+00:00","og_image":[{"width":1000,"height":1000,"url":"https:\/\/rutana.lt\/wp-content\/uploads\/2025\/09\/A134-207.jpg","type":"image\/jpeg"}],"twitter_card":"summary_large_image","schema":{"@context":"https:\/\/schema.org","@graph":[{"@type":"WebPage","@id":"https:\/\/rutana.lt\/produktas\/darbuotoju-supazindintu-su-pareiginiais-nuostatais-registravimo-zurnalas-a4-24-lapai\/","url":"https:\/\/rutana.lt\/produktas\/darbuotoju-supazindintu-su-pareiginiais-nuostatais-registravimo-zurnalas-a4-24-lapai\/","name":"Darbuotoj\u0173, supa\u017eindint\u0173 su pareiginiais nuostatais registravimo \u017eurnalas A4 24 lapai - Rutana - Ra\u0161tin\u0117s reikmenys","isPartOf":{"@id":"https:\/\/rutana.lt\/#website"},"primaryImageOfPage":{"@id":"https:\/\/rutana.lt\/produktas\/darbuotoju-supazindintu-su-pareiginiais-nuostatais-registravimo-zurnalas-a4-24-lapai\/#primaryimage"},"image":{"@id":"https:\/\/rutana.lt\/produktas\/darbuotoju-supazindintu-su-pareiginiais-nuostatais-registravimo-zurnalas-a4-24-lapai\/#primaryimage"},"thumbnailUrl":"https:\/\/rutana.lt\/wp-content\/uploads\/2025\/09\/A134-207-1.jpg?v=1763563270","datePublished":"2025-09-03T08:09:44+00:00","dateModified":"2025-10-13T14:00:30+00:00","breadcrumb":{"@id":"https:\/\/rutana.lt\/produktas\/darbuotoju-supazindintu-su-pareiginiais-nuostatais-registravimo-zurnalas-a4-24-lapai\/#breadcrumb"},"inLanguage":"en-US","potentialAction":[{"@type":"ReadAction","target":["https:\/\/rutana.lt\/produktas\/darbuotoju-supazindintu-su-pareiginiais-nuostatais-registravimo-zurnalas-a4-24-lapai\/"]}]},{"@type":"ImageObject","inLanguage":"en-US","@id":"https:\/\/rutana.lt\/produktas\/darbuotoju-supazindintu-su-pareiginiais-nuostatais-registravimo-zurnalas-a4-24-lapai\/#primaryimage","url":"https:\/\/rutana.lt\/wp-content\/uploads\/2025\/09\/A134-207-1.jpg?v=1763563270","contentUrl":"https:\/\/rutana.lt\/wp-content\/uploads\/2025\/09\/A134-207-1.jpg?v=1763563270","width":1000,"height":1000},{"@type":"BreadcrumbList","@id":"https:\/\/rutana.lt\/produktas\/darbuotoju-supazindintu-su-pareiginiais-nuostatais-registravimo-zurnalas-a4-24-lapai\/#breadcrumb","itemListElement":[{"@type":"ListItem","position":1,"name":"Home","item":"https:\/\/rutana.lt\/"},{"@type":"ListItem","position":2,"name":"Parduotuv\u0117","item":"https:\/\/rutana.lt\/parduotuve\/"},{"@type":"ListItem","position":3,"name":"Darbuotoj\u0173, supa\u017eindint\u0173 su pareiginiais nuostatais registravimo \u017eurnalas A4 24 lapai"}]},{"@type":"WebSite","@id":"https:\/\/rutana.lt\/#website","url":"https:\/\/rutana.lt\/","name":"Rutana - Ra\u0161tin\u0117s reikmenys","description":"Prekiaujame pasaulin\u0117je rinkoje pripa\u017eintomis, kokybi\u0161komis biuro prek\u0117mis toki\u0173  gamintoj\u0173 kaip: Schneider, Esselte, Novus, 3M, Faber-Castell, Citizen, Milan, Leitz, Colop, Zebra, Staedtler, Durable, Tork, Parker, Waterman ir kt.","publisher":{"@id":"https:\/\/rutana.lt\/#organization"},"potentialAction":[{"@type":"SearchAction","target":{"@type":"EntryPoint","urlTemplate":"https:\/\/rutana.lt\/?s={search_term_string}"},"query-input":{"@type":"PropertyValueSpecification","valueRequired":true,"valueName":"search_term_string"}}],"inLanguage":"en-US"},{"@type":"Organization","@id":"https:\/\/rutana.lt\/#organization","name":"Rutana - Ra\u0161tin\u0117s reikmenys","url":"https:\/\/rutana.lt\/","logo":{"@type":"ImageObject","inLanguage":"en-US","@id":"https:\/\/rutana.lt\/#\/schema\/logo\/image\/","url":"https:\/\/rutana.lt\/wp-content\/uploads\/2025\/10\/Asset-32.png","contentUrl":"https:\/\/rutana.lt\/wp-content\/uploads\/2025\/10\/Asset-32.png","width":433,"height":119,"caption":"Rutana - Ra\u0161tin\u0117s reikmenys"},"image":{"@id":"https:\/\/rutana.lt\/#\/schema\/logo\/image\/"},"sameAs":["https:\/\/www.facebook.com\/RutanaKanceliarinesPrekes\/"]}]}},"_links":{"self":[{"href":"https:\/\/rutana.lt\/en\/wp-json\/wp\/v2\/product\/19932","targetHints":{"allow":["GET"]}}],"collection":[{"href":"https:\/\/rutana.lt\/en\/wp-json\/wp\/v2\/product"}],"about":[{"href":"https:\/\/rutana.lt\/en\/wp-json\/wp\/v2\/types\/product"}],"replies":[{"embeddable":true,"href":"https:\/\/rutana.lt\/en\/wp-json\/wp\/v2\/comments?post=19932"}],"version-history":[{"count":1,"href":"https:\/\/rutana.lt\/en\/wp-json\/wp\/v2\/product\/19932\/revisions"}],"predecessor-version":[{"id":19957,"href":"https:\/\/rutana.lt\/en\/wp-json\/wp\/v2\/product\/19932\/revisions\/19957"}],"wp:featuredmedia":[{"embeddable":true,"href":"https:\/\/rutana.lt\/en\/wp-json\/wp\/v2\/media\/30218"}],"wp:attachment":[{"href":"https:\/\/rutana.lt\/en\/wp-json\/wp\/v2\/media?parent=19932"}],"wp:term":[{"taxonomy":"product_brand","embeddable":true,"href":"https:\/\/rutana.lt\/en\/wp-json\/wp\/v2\/product_brand?post=19932"},{"taxonomy":"product_cat","embeddable":true,"href":"https:\/\/rutana.lt\/en\/wp-json\/wp\/v2\/product_cat?post=19932"},{"taxonomy":"product_tag","embeddable":true,"href":"https:\/\/rutana.lt\/en\/wp-json\/wp\/v2\/product_tag?post=19932"}],"curies":[{"name":"wp","href":"https:\/\/api.w.org\/{rel}","templated":true}]}}