{"id":19888,"date":"2025-09-03T10:09:21","date_gmt":"2025-09-03T08:09:21","guid":{"rendered":"https:\/\/rutana.webdemo.lt\/?post_type=product&#038;p=19888"},"modified":"2026-01-18T15:42:27","modified_gmt":"2026-01-18T13:42:27","slug":"kasete-rasaliniam-spausdintuvui-nr-62xl-c2p05ae-juoda-hewlett-packard","status":"publish","type":"product","link":"https:\/\/rutana.lt\/en\/product\/kasete-rasaliniam-spausdintuvui-nr-62xl-c2p05ae-juoda-hewlett-packard\/","title":{"rendered":"Kaset\u0117 ra\u0161aliniam spausdintuvui Nr.62XL (C2P05AE) juoda Hewlett-Packard"},"content":{"rendered":"<p style=\"margin-bottom: 10px; line-height: 1.8;\">Originali Hewlett-Packard kaset\u0117, kuri veikia nepriekai\u0161tingai. M\u0117gaukit\u0117s i\u0161skirtine spausdinimo kokybe naudodami originalias HP kasetes.<br \/>\nTinka spausdintuvams: HP OfficeJet 200\/ 200 C\/ 201\/ 250 Mobile\/ 5700 Series\/ 5740\/ 5740 Series\/ 5741\/ 5742\/ 5743\/ 5744\/ 5745\/ 8040\/ 8045\/ HP Envy 5540 e-All-in-One\/ 5540 Series\/ 5541 e-All-in-One\/ 5542 e\/ 5544 e\/ 5545 e\/ 5546 e\/ 5547 e\/ 5548 e\/ 5600 Series\/ 5640 e\/ 5642 e\/ 5643 e\/ 5644 e\/ 5646 e\/ 5660 e\/ 5661 e\/ 5663 e\/ 5664 e\/ 5665 e\/ 7600 Series\/ 7640 e\/ 7643 e\/ 7644 e\/ 7645 e-All-in-One<br \/>\nSpalva: juoda<br \/>\nSpausdinimo technologija: ra\u0161alinis<br \/>\nPuslapi\u0173 skai\u010dius: 600<br \/>\nGamintojo kodas: C2P05AE<br \/>\nGamintojas: Hewlett-Packard<\/p>\n<div style=\"box-sizing: border-box; orphans: 2; text-align: start; text-indent: 0px; widows: 2; text-decoration-thickness: initial; text-decoration-style: initial; text-decoration-color: initial;\"><\/div>\n<div>\n<p style=\"margin-bottom: 10px;\">\n<\/div>","protected":false},"excerpt":{"rendered":"<p>Originali Hewlett-Packard kaset\u0117, kuri veikia nepriekai\u0161tingai. M\u0117gaukit\u0117s i\u0161skirtine spausdinimo kokybe naudodami originalias HP kasetes.<\/p>","protected":false},"featured_media":30214,"comment_status":"open","ping_status":"closed","template":"","meta":{"_season_start":"","_season_end":"","_season_days":"","_season_months":"","_season_auto_visibility":"1"},"product_brand":[478],"product_cat":[1886],"product_tag":[],"class_list":{"0":"post-19888","1":"product","2":"type-product","3":"status-publish","4":"has-post-thumbnail","6":"product_brand-hewlett-packard","7":"product_cat-originalios-kasetes-rasaliniams-spausdintuvams","9":"first","10":"instock","11":"taxable","12":"shipping-taxable","13":"purchasable","14":"product-type-simple"},"yoast_head":"<!-- This site is optimized with the Yoast SEO plugin v26.1.1 - https:\/\/yoast.com\/wordpress\/plugins\/seo\/ -->\n<title>Kaset\u0117 ra\u0161aliniam spausdintuvui Nr.62XL (C2P05AE) juoda Hewlett-Packard - Rutana - Ra\u0161tin\u0117s reikmenys<\/title>\n<meta name=\"robots\" content=\"index, follow, max-snippet:-1, max-image-preview:large, max-video-preview:-1\" \/>\n<link rel=\"canonical\" href=\"https:\/\/rutana.lt\/en\/product\/kasete-rasaliniam-spausdintuvui-nr-62xl-c2p05ae-juoda-hewlett-packard\/\" \/>\n<meta property=\"og:locale\" content=\"en_US\" \/>\n<meta property=\"og:type\" content=\"article\" \/>\n<meta property=\"og:title\" content=\"Kaset\u0117 ra\u0161aliniam spausdintuvui Nr.62XL (C2P05AE) juoda Hewlett-Packard - Rutana - Ra\u0161tin\u0117s reikmenys\" \/>\n<meta property=\"og:description\" content=\"Originali Hewlett-Packard kaset\u0117, kuri veikia nepriekai\u0161tingai. M\u0117gaukit\u0117s i\u0161skirtine spausdinimo kokybe naudodami originalias HP kasetes.\" \/>\n<meta property=\"og:url\" content=\"https:\/\/rutana.lt\/en\/product\/kasete-rasaliniam-spausdintuvui-nr-62xl-c2p05ae-juoda-hewlett-packard\/\" \/>\n<meta property=\"og:site_name\" content=\"Rutana - Ra\u0161tin\u0117s reikmenys\" \/>\n<meta property=\"article:publisher\" content=\"https:\/\/www.facebook.com\/RutanaKanceliarinesPrekes\/\" \/>\n<meta property=\"article:modified_time\" content=\"2026-01-18T13:42:27+00:00\" \/>\n<meta property=\"og:image\" content=\"https:\/\/rutana.lt\/wp-content\/uploads\/2025\/09\/B031-020-1.jpg?v=1763563278\" \/>\n\t<meta property=\"og:image:width\" content=\"1000\" \/>\n\t<meta property=\"og:image:height\" content=\"1000\" \/>\n\t<meta property=\"og:image:type\" content=\"image\/jpeg\" \/>\n<meta name=\"twitter:card\" content=\"summary_large_image\" \/>\n<meta name=\"twitter:label1\" content=\"Est. reading time\" \/>\n\t<meta name=\"twitter:data1\" content=\"1 minute\" \/>\n<script type=\"application\/ld+json\" class=\"yoast-schema-graph\">{\"@context\":\"https:\/\/schema.org\",\"@graph\":[{\"@type\":\"WebPage\",\"@id\":\"https:\/\/rutana.lt\/produktas\/kasete-rasaliniam-spausdintuvui-nr-62xl-c2p05ae-juoda-hewlett-packard\/\",\"url\":\"https:\/\/rutana.lt\/produktas\/kasete-rasaliniam-spausdintuvui-nr-62xl-c2p05ae-juoda-hewlett-packard\/\",\"name\":\"Kaset\u0117 ra\u0161aliniam spausdintuvui Nr.62XL (C2P05AE) juoda Hewlett-Packard - Rutana - Ra\u0161tin\u0117s reikmenys\",\"isPartOf\":{\"@id\":\"https:\/\/rutana.lt\/#website\"},\"primaryImageOfPage\":{\"@id\":\"https:\/\/rutana.lt\/produktas\/kasete-rasaliniam-spausdintuvui-nr-62xl-c2p05ae-juoda-hewlett-packard\/#primaryimage\"},\"image\":{\"@id\":\"https:\/\/rutana.lt\/produktas\/kasete-rasaliniam-spausdintuvui-nr-62xl-c2p05ae-juoda-hewlett-packard\/#primaryimage\"},\"thumbnailUrl\":\"https:\/\/rutana.lt\/wp-content\/uploads\/2025\/09\/B031-020-1.jpg?v=1763563278\",\"datePublished\":\"2025-09-03T08:09:21+00:00\",\"dateModified\":\"2026-01-18T13:42:27+00:00\",\"breadcrumb\":{\"@id\":\"https:\/\/rutana.lt\/produktas\/kasete-rasaliniam-spausdintuvui-nr-62xl-c2p05ae-juoda-hewlett-packard\/#breadcrumb\"},\"inLanguage\":\"en-US\",\"potentialAction\":[{\"@type\":\"ReadAction\",\"target\":[\"https:\/\/rutana.lt\/produktas\/kasete-rasaliniam-spausdintuvui-nr-62xl-c2p05ae-juoda-hewlett-packard\/\"]}]},{\"@type\":\"ImageObject\",\"inLanguage\":\"en-US\",\"@id\":\"https:\/\/rutana.lt\/produktas\/kasete-rasaliniam-spausdintuvui-nr-62xl-c2p05ae-juoda-hewlett-packard\/#primaryimage\",\"url\":\"https:\/\/rutana.lt\/wp-content\/uploads\/2025\/09\/B031-020-1.jpg?v=1763563278\",\"contentUrl\":\"https:\/\/rutana.lt\/wp-content\/uploads\/2025\/09\/B031-020-1.jpg?v=1763563278\",\"width\":1000,\"height\":1000},{\"@type\":\"BreadcrumbList\",\"@id\":\"https:\/\/rutana.lt\/produktas\/kasete-rasaliniam-spausdintuvui-nr-62xl-c2p05ae-juoda-hewlett-packard\/#breadcrumb\",\"itemListElement\":[{\"@type\":\"ListItem\",\"position\":1,\"name\":\"Home\",\"item\":\"https:\/\/rutana.lt\/\"},{\"@type\":\"ListItem\",\"position\":2,\"name\":\"Parduotuv\u0117\",\"item\":\"https:\/\/rutana.lt\/parduotuve\/\"},{\"@type\":\"ListItem\",\"position\":3,\"name\":\"Kaset\u0117 ra\u0161aliniam spausdintuvui Nr.62XL (C2P05AE) juoda Hewlett-Packard\"}]},{\"@type\":\"WebSite\",\"@id\":\"https:\/\/rutana.lt\/#website\",\"url\":\"https:\/\/rutana.lt\/\",\"name\":\"Rutana - Ra\u0161tin\u0117s reikmenys\",\"description\":\"Prekiaujame pasaulin\u0117je rinkoje pripa\u017eintomis, kokybi\u0161komis biuro prek\u0117mis toki\u0173  gamintoj\u0173 kaip: Schneider, Esselte, Novus, 3M, Faber-Castell, Citizen, Milan, Leitz, Colop, Zebra, Staedtler, Durable, Tork, Parker, Waterman ir kt.\",\"publisher\":{\"@id\":\"https:\/\/rutana.lt\/#organization\"},\"potentialAction\":[{\"@type\":\"SearchAction\",\"target\":{\"@type\":\"EntryPoint\",\"urlTemplate\":\"https:\/\/rutana.lt\/?s={search_term_string}\"},\"query-input\":{\"@type\":\"PropertyValueSpecification\",\"valueRequired\":true,\"valueName\":\"search_term_string\"}}],\"inLanguage\":\"en-US\"},{\"@type\":\"Organization\",\"@id\":\"https:\/\/rutana.lt\/#organization\",\"name\":\"Rutana - Ra\u0161tin\u0117s reikmenys\",\"url\":\"https:\/\/rutana.lt\/\",\"logo\":{\"@type\":\"ImageObject\",\"inLanguage\":\"en-US\",\"@id\":\"https:\/\/rutana.lt\/#\/schema\/logo\/image\/\",\"url\":\"https:\/\/rutana.lt\/wp-content\/uploads\/2025\/10\/Asset-32.png\",\"contentUrl\":\"https:\/\/rutana.lt\/wp-content\/uploads\/2025\/10\/Asset-32.png\",\"width\":433,\"height\":119,\"caption\":\"Rutana - Ra\u0161tin\u0117s reikmenys\"},\"image\":{\"@id\":\"https:\/\/rutana.lt\/#\/schema\/logo\/image\/\"},\"sameAs\":[\"https:\/\/www.facebook.com\/RutanaKanceliarinesPrekes\/\"]}]}<\/script>\n<!-- \/ Yoast SEO plugin. -->","yoast_head_json":{"title":"Kaset\u0117 ra\u0161aliniam spausdintuvui Nr.62XL (C2P05AE) juoda Hewlett-Packard - Rutana - Ra\u0161tin\u0117s reikmenys","robots":{"index":"index","follow":"follow","max-snippet":"max-snippet:-1","max-image-preview":"max-image-preview:large","max-video-preview":"max-video-preview:-1"},"canonical":"https:\/\/rutana.lt\/en\/product\/kasete-rasaliniam-spausdintuvui-nr-62xl-c2p05ae-juoda-hewlett-packard\/","og_locale":"en_US","og_type":"article","og_title":"Kaset\u0117 ra\u0161aliniam spausdintuvui Nr.62XL (C2P05AE) juoda Hewlett-Packard - Rutana - Ra\u0161tin\u0117s reikmenys","og_description":"Originali Hewlett-Packard kaset\u0117, kuri veikia nepriekai\u0161tingai. M\u0117gaukit\u0117s i\u0161skirtine spausdinimo kokybe naudodami originalias HP kasetes.","og_url":"https:\/\/rutana.lt\/en\/product\/kasete-rasaliniam-spausdintuvui-nr-62xl-c2p05ae-juoda-hewlett-packard\/","og_site_name":"Rutana - Ra\u0161tin\u0117s reikmenys","article_publisher":"https:\/\/www.facebook.com\/RutanaKanceliarinesPrekes\/","article_modified_time":"2026-01-18T13:42:27+00:00","og_image":[{"width":1000,"height":1000,"url":"https:\/\/rutana.lt\/wp-content\/uploads\/2025\/09\/B031-020-1.jpg?v=1763563278","type":"image\/jpeg"}],"twitter_card":"summary_large_image","twitter_misc":{"Est. reading time":"1 minute"},"schema":{"@context":"https:\/\/schema.org","@graph":[{"@type":"WebPage","@id":"https:\/\/rutana.lt\/produktas\/kasete-rasaliniam-spausdintuvui-nr-62xl-c2p05ae-juoda-hewlett-packard\/","url":"https:\/\/rutana.lt\/produktas\/kasete-rasaliniam-spausdintuvui-nr-62xl-c2p05ae-juoda-hewlett-packard\/","name":"Kaset\u0117 ra\u0161aliniam spausdintuvui Nr.62XL (C2P05AE) juoda Hewlett-Packard - Rutana - Ra\u0161tin\u0117s reikmenys","isPartOf":{"@id":"https:\/\/rutana.lt\/#website"},"primaryImageOfPage":{"@id":"https:\/\/rutana.lt\/produktas\/kasete-rasaliniam-spausdintuvui-nr-62xl-c2p05ae-juoda-hewlett-packard\/#primaryimage"},"image":{"@id":"https:\/\/rutana.lt\/produktas\/kasete-rasaliniam-spausdintuvui-nr-62xl-c2p05ae-juoda-hewlett-packard\/#primaryimage"},"thumbnailUrl":"https:\/\/rutana.lt\/wp-content\/uploads\/2025\/09\/B031-020-1.jpg?v=1763563278","datePublished":"2025-09-03T08:09:21+00:00","dateModified":"2026-01-18T13:42:27+00:00","breadcrumb":{"@id":"https:\/\/rutana.lt\/produktas\/kasete-rasaliniam-spausdintuvui-nr-62xl-c2p05ae-juoda-hewlett-packard\/#breadcrumb"},"inLanguage":"en-US","potentialAction":[{"@type":"ReadAction","target":["https:\/\/rutana.lt\/produktas\/kasete-rasaliniam-spausdintuvui-nr-62xl-c2p05ae-juoda-hewlett-packard\/"]}]},{"@type":"ImageObject","inLanguage":"en-US","@id":"https:\/\/rutana.lt\/produktas\/kasete-rasaliniam-spausdintuvui-nr-62xl-c2p05ae-juoda-hewlett-packard\/#primaryimage","url":"https:\/\/rutana.lt\/wp-content\/uploads\/2025\/09\/B031-020-1.jpg?v=1763563278","contentUrl":"https:\/\/rutana.lt\/wp-content\/uploads\/2025\/09\/B031-020-1.jpg?v=1763563278","width":1000,"height":1000},{"@type":"BreadcrumbList","@id":"https:\/\/rutana.lt\/produktas\/kasete-rasaliniam-spausdintuvui-nr-62xl-c2p05ae-juoda-hewlett-packard\/#breadcrumb","itemListElement":[{"@type":"ListItem","position":1,"name":"Home","item":"https:\/\/rutana.lt\/"},{"@type":"ListItem","position":2,"name":"Parduotuv\u0117","item":"https:\/\/rutana.lt\/parduotuve\/"},{"@type":"ListItem","position":3,"name":"Kaset\u0117 ra\u0161aliniam spausdintuvui Nr.62XL (C2P05AE) juoda Hewlett-Packard"}]},{"@type":"WebSite","@id":"https:\/\/rutana.lt\/#website","url":"https:\/\/rutana.lt\/","name":"Rutana - Ra\u0161tin\u0117s reikmenys","description":"Prekiaujame pasaulin\u0117je rinkoje pripa\u017eintomis, kokybi\u0161komis biuro prek\u0117mis toki\u0173  gamintoj\u0173 kaip: Schneider, Esselte, Novus, 3M, Faber-Castell, Citizen, Milan, Leitz, Colop, Zebra, Staedtler, Durable, Tork, Parker, Waterman ir kt.","publisher":{"@id":"https:\/\/rutana.lt\/#organization"},"potentialAction":[{"@type":"SearchAction","target":{"@type":"EntryPoint","urlTemplate":"https:\/\/rutana.lt\/?s={search_term_string}"},"query-input":{"@type":"PropertyValueSpecification","valueRequired":true,"valueName":"search_term_string"}}],"inLanguage":"en-US"},{"@type":"Organization","@id":"https:\/\/rutana.lt\/#organization","name":"Rutana - Ra\u0161tin\u0117s reikmenys","url":"https:\/\/rutana.lt\/","logo":{"@type":"ImageObject","inLanguage":"en-US","@id":"https:\/\/rutana.lt\/#\/schema\/logo\/image\/","url":"https:\/\/rutana.lt\/wp-content\/uploads\/2025\/10\/Asset-32.png","contentUrl":"https:\/\/rutana.lt\/wp-content\/uploads\/2025\/10\/Asset-32.png","width":433,"height":119,"caption":"Rutana - Ra\u0161tin\u0117s reikmenys"},"image":{"@id":"https:\/\/rutana.lt\/#\/schema\/logo\/image\/"},"sameAs":["https:\/\/www.facebook.com\/RutanaKanceliarinesPrekes\/"]}]}},"_links":{"self":[{"href":"https:\/\/rutana.lt\/en\/wp-json\/wp\/v2\/product\/19888","targetHints":{"allow":["GET"]}}],"collection":[{"href":"https:\/\/rutana.lt\/en\/wp-json\/wp\/v2\/product"}],"about":[{"href":"https:\/\/rutana.lt\/en\/wp-json\/wp\/v2\/types\/product"}],"replies":[{"embeddable":true,"href":"https:\/\/rutana.lt\/en\/wp-json\/wp\/v2\/comments?post=19888"}],"version-history":[{"count":3,"href":"https:\/\/rutana.lt\/en\/wp-json\/wp\/v2\/product\/19888\/revisions"}],"predecessor-version":[{"id":34451,"href":"https:\/\/rutana.lt\/en\/wp-json\/wp\/v2\/product\/19888\/revisions\/34451"}],"wp:featuredmedia":[{"embeddable":true,"href":"https:\/\/rutana.lt\/en\/wp-json\/wp\/v2\/media\/30214"}],"wp:attachment":[{"href":"https:\/\/rutana.lt\/en\/wp-json\/wp\/v2\/media?parent=19888"}],"wp:term":[{"taxonomy":"product_brand","embeddable":true,"href":"https:\/\/rutana.lt\/en\/wp-json\/wp\/v2\/product_brand?post=19888"},{"taxonomy":"product_cat","embeddable":true,"href":"https:\/\/rutana.lt\/en\/wp-json\/wp\/v2\/product_cat?post=19888"},{"taxonomy":"product_tag","embeddable":true,"href":"https:\/\/rutana.lt\/en\/wp-json\/wp\/v2\/product_tag?post=19888"}],"curies":[{"name":"wp","href":"https:\/\/api.w.org\/{rel}","templated":true}]}}