{"id":19884,"date":"2025-09-03T10:09:21","date_gmt":"2025-09-03T08:09:21","guid":{"rendered":"https:\/\/rutana.webdemo.lt\/?post_type=product&#038;p=19884"},"modified":"2025-10-13T16:00:27","modified_gmt":"2025-10-13T14:00:27","slug":"identifikacine-lipni-popierine-juostele-events-1vnt-melyna-mkto-3841","status":"publish","type":"product","link":"https:\/\/rutana.lt\/en\/product\/identifikacine-lipni-popierine-juostele-events-1vnt-melyna-mkto-3841\/","title":{"rendered":"Identifikacin\u0117 lipni popierin\u0117 juostel\u0117 &#8222;Events&#8221; 1vnt. m\u0117lyna MKTO 3841"},"content":{"rendered":"<p>\u201eEvents\u201c sintetinio pluo\u0161to apyrank\u0117 suaugusiems, platus ry\u0161ki\u0173 atspalvi\u0173 pasirinkimas. Su lipniu u\u017esegimu, atspari vandeniui ir pateikiama 10 dali\u0173 i\u0161kirptais lak\u0161tais su individualiu numeriu. Vienas dydis. Saugus u\u017esegimas.<\/p>\n<p>Ant juostel\u0117s galima u\u017ed\u0117ti reklamin\u012f \u012fmon\u0117s logotip\u0105 ar kitok\u012f u\u017era\u0161\u0105 jums pageidaujamoje vietoje bei j\u016bs\u0173 pasirinktu b\u016bdu. Kaina nurodyta tik juostel\u0117s, be u\u017era\u0161o. U\u017era\u0161o kaina priklauso nuo u\u017esakomo kiekio ir u\u017ed\u0117jimo b\u016bdo. <\/p>\n<p>Matmenys: 258 x 25 mm<\/p>\n<p>Spalva: m\u0117lyna<\/p>\n<p>Svoris: 0.5 g<\/p>\n<p style=\"margin-bottom: 10px;\">U\u017era\u0161o u\u017ed\u0117jimo galimi b\u016bdai: \u0161ilkografija<\/p>\n<p style=\"margin-bottom: 10px;\">U\u017era\u0161o u\u017ed\u0117jimo galimos vietos: ant juostel\u0117s<\/p>","protected":false},"excerpt":{"rendered":"<p>\u201eEvents\u201c sintetinio pluo\u0161to apyrank\u0117 suaugusiems, platus ry\u0161ki\u0173 atspalvi\u0173 pasirinkimas. Su lipniu u\u017esegimu, atspari vandeniui ir pateikiama 10 dali\u0173 i\u0161kirptais lak\u0161tais su individualiu numeriu. Vienas dydis. Saugus u\u017esegimas. Ant juostel\u0117s galima u\u017ed\u0117ti reklamin\u012f \u012fmon\u0117s logotip\u0105 ar kitok\u012f u\u017era\u0161\u0105 jums pageidaujamoje vietoje bei j\u016bs\u0173 pasirinktu b\u016bdu. Kaina nurodyta tik juostel\u0117s, be u\u017era\u0161o. U\u017era\u0161o kaina priklauso nuo u\u017esakomo [&hellip;]<\/p>","protected":false},"featured_media":30210,"comment_status":"open","ping_status":"closed","template":"","meta":{"_season_start":"","_season_end":"","_season_days":"","_season_months":"","_season_auto_visibility":""},"product_brand":[1115],"product_cat":[1596],"product_tag":[],"class_list":{"0":"post-19884","1":"product","2":"type-product","3":"status-publish","4":"has-post-thumbnail","6":"product_brand-mkto","7":"product_cat-asmens-identifikavimo-korteles-ir-priedai","9":"first","10":"instock","11":"taxable","12":"shipping-taxable","13":"purchasable","14":"product-type-simple"},"yoast_head":"<!-- This site is optimized with the Yoast SEO plugin v26.1.1 - https:\/\/yoast.com\/wordpress\/plugins\/seo\/ -->\n<title>Identifikacin\u0117 lipni popierin\u0117 juostel\u0117 &quot;Events&quot; 1vnt. m\u0117lyna MKTO 3841 - Rutana - Ra\u0161tin\u0117s reikmenys<\/title>\n<meta name=\"robots\" content=\"index, follow, max-snippet:-1, max-image-preview:large, max-video-preview:-1\" \/>\n<link rel=\"canonical\" href=\"https:\/\/rutana.lt\/en\/product\/identifikacine-lipni-popierine-juostele-events-1vnt-melyna-mkto-3841\/\" \/>\n<meta property=\"og:locale\" content=\"en_US\" \/>\n<meta property=\"og:type\" content=\"article\" \/>\n<meta property=\"og:title\" content=\"Identifikacin\u0117 lipni popierin\u0117 juostel\u0117 &quot;Events&quot; 1vnt. m\u0117lyna MKTO 3841 - Rutana - Ra\u0161tin\u0117s reikmenys\" \/>\n<meta property=\"og:description\" content=\"\u201eEvents\u201c sintetinio pluo\u0161to apyrank\u0117 suaugusiems, platus ry\u0161ki\u0173 atspalvi\u0173 pasirinkimas. Su lipniu u\u017esegimu, atspari vandeniui ir pateikiama 10 dali\u0173 i\u0161kirptais lak\u0161tais su individualiu numeriu. Vienas dydis. Saugus u\u017esegimas. Ant juostel\u0117s galima u\u017ed\u0117ti reklamin\u012f \u012fmon\u0117s logotip\u0105 ar kitok\u012f u\u017era\u0161\u0105 jums pageidaujamoje vietoje bei j\u016bs\u0173 pasirinktu b\u016bdu. Kaina nurodyta tik juostel\u0117s, be u\u017era\u0161o. U\u017era\u0161o kaina priklauso nuo u\u017esakomo [&hellip;]\" \/>\n<meta property=\"og:url\" content=\"https:\/\/rutana.lt\/en\/product\/identifikacine-lipni-popierine-juostele-events-1vnt-melyna-mkto-3841\/\" \/>\n<meta property=\"og:site_name\" content=\"Rutana - Ra\u0161tin\u0117s reikmenys\" \/>\n<meta property=\"article:publisher\" content=\"https:\/\/www.facebook.com\/RutanaKanceliarinesPrekes\/\" \/>\n<meta property=\"article:modified_time\" content=\"2025-10-13T14:00:27+00:00\" \/>\n<meta property=\"og:image\" content=\"https:\/\/rutana.lt\/wp-content\/uploads\/2025\/09\/B096-053.jpg\" \/>\n\t<meta property=\"og:image:width\" content=\"1000\" \/>\n\t<meta property=\"og:image:height\" content=\"1000\" \/>\n\t<meta property=\"og:image:type\" content=\"image\/jpeg\" \/>\n<meta name=\"twitter:card\" content=\"summary_large_image\" \/>\n<meta name=\"twitter:label1\" content=\"Est. reading time\" \/>\n\t<meta name=\"twitter:data1\" content=\"1 minute\" \/>\n<script type=\"application\/ld+json\" class=\"yoast-schema-graph\">{\"@context\":\"https:\/\/schema.org\",\"@graph\":[{\"@type\":\"WebPage\",\"@id\":\"https:\/\/rutana.lt\/produktas\/identifikacine-lipni-popierine-juostele-events-1vnt-melyna-mkto-3841\/\",\"url\":\"https:\/\/rutana.lt\/produktas\/identifikacine-lipni-popierine-juostele-events-1vnt-melyna-mkto-3841\/\",\"name\":\"Identifikacin\u0117 lipni popierin\u0117 juostel\u0117 \\\"Events\\\" 1vnt. m\u0117lyna MKTO 3841 - Rutana - Ra\u0161tin\u0117s reikmenys\",\"isPartOf\":{\"@id\":\"https:\/\/rutana.lt\/#website\"},\"primaryImageOfPage\":{\"@id\":\"https:\/\/rutana.lt\/produktas\/identifikacine-lipni-popierine-juostele-events-1vnt-melyna-mkto-3841\/#primaryimage\"},\"image\":{\"@id\":\"https:\/\/rutana.lt\/produktas\/identifikacine-lipni-popierine-juostele-events-1vnt-melyna-mkto-3841\/#primaryimage\"},\"thumbnailUrl\":\"https:\/\/rutana.lt\/wp-content\/uploads\/2025\/09\/B096-053-1.jpg?v=1763563282\",\"datePublished\":\"2025-09-03T08:09:21+00:00\",\"dateModified\":\"2025-10-13T14:00:27+00:00\",\"breadcrumb\":{\"@id\":\"https:\/\/rutana.lt\/produktas\/identifikacine-lipni-popierine-juostele-events-1vnt-melyna-mkto-3841\/#breadcrumb\"},\"inLanguage\":\"en-US\",\"potentialAction\":[{\"@type\":\"ReadAction\",\"target\":[\"https:\/\/rutana.lt\/produktas\/identifikacine-lipni-popierine-juostele-events-1vnt-melyna-mkto-3841\/\"]}]},{\"@type\":\"ImageObject\",\"inLanguage\":\"en-US\",\"@id\":\"https:\/\/rutana.lt\/produktas\/identifikacine-lipni-popierine-juostele-events-1vnt-melyna-mkto-3841\/#primaryimage\",\"url\":\"https:\/\/rutana.lt\/wp-content\/uploads\/2025\/09\/B096-053-1.jpg?v=1763563282\",\"contentUrl\":\"https:\/\/rutana.lt\/wp-content\/uploads\/2025\/09\/B096-053-1.jpg?v=1763563282\",\"width\":1000,\"height\":1000},{\"@type\":\"BreadcrumbList\",\"@id\":\"https:\/\/rutana.lt\/produktas\/identifikacine-lipni-popierine-juostele-events-1vnt-melyna-mkto-3841\/#breadcrumb\",\"itemListElement\":[{\"@type\":\"ListItem\",\"position\":1,\"name\":\"Home\",\"item\":\"https:\/\/rutana.lt\/\"},{\"@type\":\"ListItem\",\"position\":2,\"name\":\"Parduotuv\u0117\",\"item\":\"https:\/\/rutana.lt\/parduotuve\/\"},{\"@type\":\"ListItem\",\"position\":3,\"name\":\"Identifikacin\u0117 lipni popierin\u0117 juostel\u0117 &#8222;Events&#8221; 1vnt. m\u0117lyna MKTO 3841\"}]},{\"@type\":\"WebSite\",\"@id\":\"https:\/\/rutana.lt\/#website\",\"url\":\"https:\/\/rutana.lt\/\",\"name\":\"Rutana - Ra\u0161tin\u0117s reikmenys\",\"description\":\"Prekiaujame pasaulin\u0117je rinkoje pripa\u017eintomis, kokybi\u0161komis biuro prek\u0117mis toki\u0173  gamintoj\u0173 kaip: Schneider, Esselte, Novus, 3M, Faber-Castell, Citizen, Milan, Leitz, Colop, Zebra, Staedtler, Durable, Tork, Parker, Waterman ir kt.\",\"publisher\":{\"@id\":\"https:\/\/rutana.lt\/#organization\"},\"potentialAction\":[{\"@type\":\"SearchAction\",\"target\":{\"@type\":\"EntryPoint\",\"urlTemplate\":\"https:\/\/rutana.lt\/?s={search_term_string}\"},\"query-input\":{\"@type\":\"PropertyValueSpecification\",\"valueRequired\":true,\"valueName\":\"search_term_string\"}}],\"inLanguage\":\"en-US\"},{\"@type\":\"Organization\",\"@id\":\"https:\/\/rutana.lt\/#organization\",\"name\":\"Rutana - Ra\u0161tin\u0117s reikmenys\",\"url\":\"https:\/\/rutana.lt\/\",\"logo\":{\"@type\":\"ImageObject\",\"inLanguage\":\"en-US\",\"@id\":\"https:\/\/rutana.lt\/#\/schema\/logo\/image\/\",\"url\":\"https:\/\/rutana.lt\/wp-content\/uploads\/2025\/10\/Asset-32.png\",\"contentUrl\":\"https:\/\/rutana.lt\/wp-content\/uploads\/2025\/10\/Asset-32.png\",\"width\":433,\"height\":119,\"caption\":\"Rutana - Ra\u0161tin\u0117s reikmenys\"},\"image\":{\"@id\":\"https:\/\/rutana.lt\/#\/schema\/logo\/image\/\"},\"sameAs\":[\"https:\/\/www.facebook.com\/RutanaKanceliarinesPrekes\/\"]}]}<\/script>\n<!-- \/ Yoast SEO plugin. -->","yoast_head_json":{"title":"Identifikacin\u0117 lipni popierin\u0117 juostel\u0117 \"Events\" 1vnt. m\u0117lyna MKTO 3841 - Rutana - Ra\u0161tin\u0117s reikmenys","robots":{"index":"index","follow":"follow","max-snippet":"max-snippet:-1","max-image-preview":"max-image-preview:large","max-video-preview":"max-video-preview:-1"},"canonical":"https:\/\/rutana.lt\/en\/product\/identifikacine-lipni-popierine-juostele-events-1vnt-melyna-mkto-3841\/","og_locale":"en_US","og_type":"article","og_title":"Identifikacin\u0117 lipni popierin\u0117 juostel\u0117 \"Events\" 1vnt. m\u0117lyna MKTO 3841 - Rutana - Ra\u0161tin\u0117s reikmenys","og_description":"\u201eEvents\u201c sintetinio pluo\u0161to apyrank\u0117 suaugusiems, platus ry\u0161ki\u0173 atspalvi\u0173 pasirinkimas. Su lipniu u\u017esegimu, atspari vandeniui ir pateikiama 10 dali\u0173 i\u0161kirptais lak\u0161tais su individualiu numeriu. Vienas dydis. Saugus u\u017esegimas. Ant juostel\u0117s galima u\u017ed\u0117ti reklamin\u012f \u012fmon\u0117s logotip\u0105 ar kitok\u012f u\u017era\u0161\u0105 jums pageidaujamoje vietoje bei j\u016bs\u0173 pasirinktu b\u016bdu. Kaina nurodyta tik juostel\u0117s, be u\u017era\u0161o. U\u017era\u0161o kaina priklauso nuo u\u017esakomo [&hellip;]","og_url":"https:\/\/rutana.lt\/en\/product\/identifikacine-lipni-popierine-juostele-events-1vnt-melyna-mkto-3841\/","og_site_name":"Rutana - Ra\u0161tin\u0117s reikmenys","article_publisher":"https:\/\/www.facebook.com\/RutanaKanceliarinesPrekes\/","article_modified_time":"2025-10-13T14:00:27+00:00","og_image":[{"width":1000,"height":1000,"url":"https:\/\/rutana.lt\/wp-content\/uploads\/2025\/09\/B096-053.jpg","type":"image\/jpeg"}],"twitter_card":"summary_large_image","twitter_misc":{"Est. reading time":"1 minute"},"schema":{"@context":"https:\/\/schema.org","@graph":[{"@type":"WebPage","@id":"https:\/\/rutana.lt\/produktas\/identifikacine-lipni-popierine-juostele-events-1vnt-melyna-mkto-3841\/","url":"https:\/\/rutana.lt\/produktas\/identifikacine-lipni-popierine-juostele-events-1vnt-melyna-mkto-3841\/","name":"Identifikacin\u0117 lipni popierin\u0117 juostel\u0117 \"Events\" 1vnt. m\u0117lyna MKTO 3841 - Rutana - Ra\u0161tin\u0117s reikmenys","isPartOf":{"@id":"https:\/\/rutana.lt\/#website"},"primaryImageOfPage":{"@id":"https:\/\/rutana.lt\/produktas\/identifikacine-lipni-popierine-juostele-events-1vnt-melyna-mkto-3841\/#primaryimage"},"image":{"@id":"https:\/\/rutana.lt\/produktas\/identifikacine-lipni-popierine-juostele-events-1vnt-melyna-mkto-3841\/#primaryimage"},"thumbnailUrl":"https:\/\/rutana.lt\/wp-content\/uploads\/2025\/09\/B096-053-1.jpg?v=1763563282","datePublished":"2025-09-03T08:09:21+00:00","dateModified":"2025-10-13T14:00:27+00:00","breadcrumb":{"@id":"https:\/\/rutana.lt\/produktas\/identifikacine-lipni-popierine-juostele-events-1vnt-melyna-mkto-3841\/#breadcrumb"},"inLanguage":"en-US","potentialAction":[{"@type":"ReadAction","target":["https:\/\/rutana.lt\/produktas\/identifikacine-lipni-popierine-juostele-events-1vnt-melyna-mkto-3841\/"]}]},{"@type":"ImageObject","inLanguage":"en-US","@id":"https:\/\/rutana.lt\/produktas\/identifikacine-lipni-popierine-juostele-events-1vnt-melyna-mkto-3841\/#primaryimage","url":"https:\/\/rutana.lt\/wp-content\/uploads\/2025\/09\/B096-053-1.jpg?v=1763563282","contentUrl":"https:\/\/rutana.lt\/wp-content\/uploads\/2025\/09\/B096-053-1.jpg?v=1763563282","width":1000,"height":1000},{"@type":"BreadcrumbList","@id":"https:\/\/rutana.lt\/produktas\/identifikacine-lipni-popierine-juostele-events-1vnt-melyna-mkto-3841\/#breadcrumb","itemListElement":[{"@type":"ListItem","position":1,"name":"Home","item":"https:\/\/rutana.lt\/"},{"@type":"ListItem","position":2,"name":"Parduotuv\u0117","item":"https:\/\/rutana.lt\/parduotuve\/"},{"@type":"ListItem","position":3,"name":"Identifikacin\u0117 lipni popierin\u0117 juostel\u0117 &#8222;Events&#8221; 1vnt. m\u0117lyna MKTO 3841"}]},{"@type":"WebSite","@id":"https:\/\/rutana.lt\/#website","url":"https:\/\/rutana.lt\/","name":"Rutana - Ra\u0161tin\u0117s reikmenys","description":"Prekiaujame pasaulin\u0117je rinkoje pripa\u017eintomis, kokybi\u0161komis biuro prek\u0117mis toki\u0173  gamintoj\u0173 kaip: Schneider, Esselte, Novus, 3M, Faber-Castell, Citizen, Milan, Leitz, Colop, Zebra, Staedtler, Durable, Tork, Parker, Waterman ir kt.","publisher":{"@id":"https:\/\/rutana.lt\/#organization"},"potentialAction":[{"@type":"SearchAction","target":{"@type":"EntryPoint","urlTemplate":"https:\/\/rutana.lt\/?s={search_term_string}"},"query-input":{"@type":"PropertyValueSpecification","valueRequired":true,"valueName":"search_term_string"}}],"inLanguage":"en-US"},{"@type":"Organization","@id":"https:\/\/rutana.lt\/#organization","name":"Rutana - Ra\u0161tin\u0117s reikmenys","url":"https:\/\/rutana.lt\/","logo":{"@type":"ImageObject","inLanguage":"en-US","@id":"https:\/\/rutana.lt\/#\/schema\/logo\/image\/","url":"https:\/\/rutana.lt\/wp-content\/uploads\/2025\/10\/Asset-32.png","contentUrl":"https:\/\/rutana.lt\/wp-content\/uploads\/2025\/10\/Asset-32.png","width":433,"height":119,"caption":"Rutana - Ra\u0161tin\u0117s reikmenys"},"image":{"@id":"https:\/\/rutana.lt\/#\/schema\/logo\/image\/"},"sameAs":["https:\/\/www.facebook.com\/RutanaKanceliarinesPrekes\/"]}]}},"_links":{"self":[{"href":"https:\/\/rutana.lt\/en\/wp-json\/wp\/v2\/product\/19884","targetHints":{"allow":["GET"]}}],"collection":[{"href":"https:\/\/rutana.lt\/en\/wp-json\/wp\/v2\/product"}],"about":[{"href":"https:\/\/rutana.lt\/en\/wp-json\/wp\/v2\/types\/product"}],"replies":[{"embeddable":true,"href":"https:\/\/rutana.lt\/en\/wp-json\/wp\/v2\/comments?post=19884"}],"version-history":[{"count":1,"href":"https:\/\/rutana.lt\/en\/wp-json\/wp\/v2\/product\/19884\/revisions"}],"predecessor-version":[{"id":19921,"href":"https:\/\/rutana.lt\/en\/wp-json\/wp\/v2\/product\/19884\/revisions\/19921"}],"wp:featuredmedia":[{"embeddable":true,"href":"https:\/\/rutana.lt\/en\/wp-json\/wp\/v2\/media\/30210"}],"wp:attachment":[{"href":"https:\/\/rutana.lt\/en\/wp-json\/wp\/v2\/media?parent=19884"}],"wp:term":[{"taxonomy":"product_brand","embeddable":true,"href":"https:\/\/rutana.lt\/en\/wp-json\/wp\/v2\/product_brand?post=19884"},{"taxonomy":"product_cat","embeddable":true,"href":"https:\/\/rutana.lt\/en\/wp-json\/wp\/v2\/product_cat?post=19884"},{"taxonomy":"product_tag","embeddable":true,"href":"https:\/\/rutana.lt\/en\/wp-json\/wp\/v2\/product_tag?post=19884"}],"curies":[{"name":"wp","href":"https:\/\/api.w.org\/{rel}","templated":true}]}}