{"id":19873,"date":"2025-09-03T10:09:20","date_gmt":"2025-09-03T08:09:20","guid":{"rendered":"https:\/\/rutana.webdemo.lt\/?post_type=product&#038;p=19873"},"modified":"2025-10-13T16:00:23","modified_gmt":"2025-10-13T14:00:23","slug":"purskiamas-automobilio-kvapas-safine-100ml-aromatic-89","status":"publish","type":"product","link":"https:\/\/rutana.lt\/en\/product\/purskiamas-automobilio-kvapas-safine-100ml-aromatic-89\/","title":{"rendered":"Pur\u0161kiamas automobilio kvapas &#8222;Safine&#8221; 100ml Aromatic 89"},"content":{"rendered":"<p>I\u0161skirtiniai aromat\u0173 \u017eaismai sukurti m\u0117gautis \u012fsimintiniausiomis gyvenimo kelion\u0117mis. Kvap\u0173 pur\u0161kiklyje yra 100 mililitr\u0173 prabangos, kuri pasiruo\u0161usi pripildyti automobil\u012f ry\u0161kiais ir ilgai i\u0161liekan\u010diais aromatais. Papur\u0161kus vos kelis kartus, nepageidaujami kvapai, kaip cigare\u010di\u0173, gyv\u016bn\u0173 ar kiti \u012fsisen\u0117j\u0119 kvapai, bus akimirksniu pa\u0161alinti i\u0161 salono.<\/p>\n<p>Citrusin\u0117 gaiva, aromatinga ramyb\u0117 ar vasari\u0161kas saldumas &#8211; pripildykite savo automobil\u012f gamtos \u012fkv\u0117ptais aromatais. M\u016bs\u0173 asortimente rasite plat\u0173 gaivikli\u0173 pasirinkim\u0105, kurie pasiruo\u0161\u0119 praturtinti J\u016bs\u0173 kasdienes keliones ry\u0161kiais ir ilgai i\u0161liekan\u010diais nat\u0173 \u017eaismais. Kvap\u0173 pur\u0161kiklyje yra 100 mililitr\u0173 auk\u0161tos kokyb\u0117s nat\u0173, kuri\u0173 ilgam u\u017eteks, kad gal\u0117tum\u0117te m\u0117gautis i\u0161skirtiniais aromatais kelyje. Dabar kiekvien\u0105 kart\u0105 \u012fs\u0117dus \u012f automobil\u012f gal\u0117site d\u017eiaugtis gamtos \u012fkv\u0117ptais malonumais. I\u0161sirinkite Jums labiausiai patinkant\u012f kvap\u0105 ir m\u0117gaukit\u0117s turtingomis aromat\u0173 kelion\u0117mis kasdien!<\/p>\n<p>Kvapo pavadinimas: SAFINE<\/p>\n<p class=\"MsoNoSpacing\" style=\"margin-bottom: 10px;\">Vir\u0161utin\u0117s natos: aviet\u0117s, pasiflorai, persikai ir kasija<\/p>\n<p class=\"MsoNoSpacing\" style=\"margin-bottom: 10px;\">Vidurin\u0117s natos: sl\u0117nio lelija, heliotropo \u017eiedas, jazminas<\/p>\n<p class=\"MsoNoSpacing\" style=\"margin-bottom: 10px;\">Apatin\u0117s natos: sandalmedis, vanil\u0117, pa\u010diulis, muskusas<\/p>\n<p class=\"MsoNoSpacing\" style=\"margin-bottom: 10px;\">Talpa: 100 ml<\/p>\n<p class=\"MsoNoSpacing\"><o:p><\/o:p><\/p>\n<p class=\"MsoNoSpacing\"><o:p><\/o:p><\/p>\n<\/p>\n<p class=\"MsoNoSpacing\">Kilm\u0117s \u0161alis: Lietuva<\/p>\n<div class=\"legal-info\" style=\"width: 1434px; font-style: italic; font-size: 10px; color: rgb(33, 33, 33); transition: none !important;\"><\/div>","protected":false},"excerpt":{"rendered":"<p>I\u0161skirtiniai aromat\u0173 \u017eaismai sukurti m\u0117gautis \u012fsimintiniausiomis gyvenimo kelion\u0117mis. Kvap\u0173 pur\u0161kiklyje yra 100 mililitr\u0173 prabangos, kuri pasiruo\u0161usi pripildyti automobil\u012f ry\u0161kiais ir ilgai i\u0161liekan\u010diais aromatais. Papur\u0161kus vos kelis kartus, nepageidaujami kvapai, kaip cigare\u010di\u0173, gyv\u016bn\u0173 ar kiti \u012fsisen\u0117j\u0119 kvapai, bus akimirksniu pa\u0161alinti i\u0161 salono. Citrusin\u0117 gaiva, aromatinga ramyb\u0117 ar vasari\u0161kas saldumas &#8211; pripildykite savo automobil\u012f gamtos \u012fkv\u0117ptais aromatais. [&hellip;]<\/p>","protected":false},"featured_media":30199,"comment_status":"open","ping_status":"closed","template":"","meta":{"_season_start":"","_season_end":"","_season_days":"","_season_months":"","_season_auto_visibility":""},"product_brand":[789],"product_cat":[1896],"product_tag":[],"class_list":{"0":"post-19873","1":"product","2":"type-product","3":"status-publish","4":"has-post-thumbnail","6":"product_brand-aromatic-89","7":"product_cat-automobiliu-kvapai-ir-valymas","9":"first","10":"instock","11":"taxable","12":"shipping-taxable","13":"purchasable","14":"product-type-simple"},"yoast_head":"<!-- This site is optimized with the Yoast SEO plugin v26.1.1 - https:\/\/yoast.com\/wordpress\/plugins\/seo\/ -->\n<title>Pur\u0161kiamas automobilio kvapas &quot;Safine&quot; 100ml Aromatic 89 - Rutana - Ra\u0161tin\u0117s reikmenys<\/title>\n<meta name=\"robots\" content=\"index, follow, max-snippet:-1, max-image-preview:large, max-video-preview:-1\" \/>\n<link rel=\"canonical\" href=\"https:\/\/rutana.lt\/en\/product\/purskiamas-automobilio-kvapas-safine-100ml-aromatic-89\/\" \/>\n<meta property=\"og:locale\" content=\"en_US\" \/>\n<meta property=\"og:type\" content=\"article\" \/>\n<meta property=\"og:title\" content=\"Pur\u0161kiamas automobilio kvapas &quot;Safine&quot; 100ml Aromatic 89 - Rutana - Ra\u0161tin\u0117s reikmenys\" \/>\n<meta property=\"og:description\" content=\"I\u0161skirtiniai aromat\u0173 \u017eaismai sukurti m\u0117gautis \u012fsimintiniausiomis gyvenimo kelion\u0117mis. Kvap\u0173 pur\u0161kiklyje yra 100 mililitr\u0173 prabangos, kuri pasiruo\u0161usi pripildyti automobil\u012f ry\u0161kiais ir ilgai i\u0161liekan\u010diais aromatais. Papur\u0161kus vos kelis kartus, nepageidaujami kvapai, kaip cigare\u010di\u0173, gyv\u016bn\u0173 ar kiti \u012fsisen\u0117j\u0119 kvapai, bus akimirksniu pa\u0161alinti i\u0161 salono. Citrusin\u0117 gaiva, aromatinga ramyb\u0117 ar vasari\u0161kas saldumas &#8211; pripildykite savo automobil\u012f gamtos \u012fkv\u0117ptais aromatais. [&hellip;]\" \/>\n<meta property=\"og:url\" content=\"https:\/\/rutana.lt\/en\/product\/purskiamas-automobilio-kvapas-safine-100ml-aromatic-89\/\" \/>\n<meta property=\"og:site_name\" content=\"Rutana - Ra\u0161tin\u0117s reikmenys\" \/>\n<meta property=\"article:publisher\" content=\"https:\/\/www.facebook.com\/RutanaKanceliarinesPrekes\/\" \/>\n<meta property=\"article:modified_time\" content=\"2025-10-13T14:00:23+00:00\" \/>\n<meta property=\"og:image\" content=\"https:\/\/rutana.lt\/wp-content\/uploads\/2025\/09\/B196-424.jpg\" \/>\n\t<meta property=\"og:image:width\" content=\"1000\" \/>\n\t<meta property=\"og:image:height\" content=\"1000\" \/>\n\t<meta property=\"og:image:type\" content=\"image\/jpeg\" \/>\n<meta name=\"twitter:card\" content=\"summary_large_image\" \/>\n<meta name=\"twitter:label1\" content=\"Est. reading time\" \/>\n\t<meta name=\"twitter:data1\" content=\"1 minute\" \/>\n<script type=\"application\/ld+json\" class=\"yoast-schema-graph\">{\"@context\":\"https:\/\/schema.org\",\"@graph\":[{\"@type\":\"WebPage\",\"@id\":\"https:\/\/rutana.lt\/produktas\/purskiamas-automobilio-kvapas-safine-100ml-aromatic-89\/\",\"url\":\"https:\/\/rutana.lt\/produktas\/purskiamas-automobilio-kvapas-safine-100ml-aromatic-89\/\",\"name\":\"Pur\u0161kiamas automobilio kvapas \\\"Safine\\\" 100ml Aromatic 89 - Rutana - Ra\u0161tin\u0117s reikmenys\",\"isPartOf\":{\"@id\":\"https:\/\/rutana.lt\/#website\"},\"primaryImageOfPage\":{\"@id\":\"https:\/\/rutana.lt\/produktas\/purskiamas-automobilio-kvapas-safine-100ml-aromatic-89\/#primaryimage\"},\"image\":{\"@id\":\"https:\/\/rutana.lt\/produktas\/purskiamas-automobilio-kvapas-safine-100ml-aromatic-89\/#primaryimage\"},\"thumbnailUrl\":\"https:\/\/rutana.lt\/wp-content\/uploads\/2025\/09\/B196-424-1.jpg?v=1763563304\",\"datePublished\":\"2025-09-03T08:09:20+00:00\",\"dateModified\":\"2025-10-13T14:00:23+00:00\",\"breadcrumb\":{\"@id\":\"https:\/\/rutana.lt\/produktas\/purskiamas-automobilio-kvapas-safine-100ml-aromatic-89\/#breadcrumb\"},\"inLanguage\":\"en-US\",\"potentialAction\":[{\"@type\":\"ReadAction\",\"target\":[\"https:\/\/rutana.lt\/produktas\/purskiamas-automobilio-kvapas-safine-100ml-aromatic-89\/\"]}]},{\"@type\":\"ImageObject\",\"inLanguage\":\"en-US\",\"@id\":\"https:\/\/rutana.lt\/produktas\/purskiamas-automobilio-kvapas-safine-100ml-aromatic-89\/#primaryimage\",\"url\":\"https:\/\/rutana.lt\/wp-content\/uploads\/2025\/09\/B196-424-1.jpg?v=1763563304\",\"contentUrl\":\"https:\/\/rutana.lt\/wp-content\/uploads\/2025\/09\/B196-424-1.jpg?v=1763563304\",\"width\":1000,\"height\":1000},{\"@type\":\"BreadcrumbList\",\"@id\":\"https:\/\/rutana.lt\/produktas\/purskiamas-automobilio-kvapas-safine-100ml-aromatic-89\/#breadcrumb\",\"itemListElement\":[{\"@type\":\"ListItem\",\"position\":1,\"name\":\"Home\",\"item\":\"https:\/\/rutana.lt\/\"},{\"@type\":\"ListItem\",\"position\":2,\"name\":\"Parduotuv\u0117\",\"item\":\"https:\/\/rutana.lt\/parduotuve\/\"},{\"@type\":\"ListItem\",\"position\":3,\"name\":\"Pur\u0161kiamas automobilio kvapas &#8222;Safine&#8221; 100ml Aromatic 89\"}]},{\"@type\":\"WebSite\",\"@id\":\"https:\/\/rutana.lt\/#website\",\"url\":\"https:\/\/rutana.lt\/\",\"name\":\"Rutana - Ra\u0161tin\u0117s reikmenys\",\"description\":\"Prekiaujame pasaulin\u0117je rinkoje pripa\u017eintomis, kokybi\u0161komis biuro prek\u0117mis toki\u0173  gamintoj\u0173 kaip: Schneider, Esselte, Novus, 3M, Faber-Castell, Citizen, Milan, Leitz, Colop, Zebra, Staedtler, Durable, Tork, Parker, Waterman ir kt.\",\"publisher\":{\"@id\":\"https:\/\/rutana.lt\/#organization\"},\"potentialAction\":[{\"@type\":\"SearchAction\",\"target\":{\"@type\":\"EntryPoint\",\"urlTemplate\":\"https:\/\/rutana.lt\/?s={search_term_string}\"},\"query-input\":{\"@type\":\"PropertyValueSpecification\",\"valueRequired\":true,\"valueName\":\"search_term_string\"}}],\"inLanguage\":\"en-US\"},{\"@type\":\"Organization\",\"@id\":\"https:\/\/rutana.lt\/#organization\",\"name\":\"Rutana - Ra\u0161tin\u0117s reikmenys\",\"url\":\"https:\/\/rutana.lt\/\",\"logo\":{\"@type\":\"ImageObject\",\"inLanguage\":\"en-US\",\"@id\":\"https:\/\/rutana.lt\/#\/schema\/logo\/image\/\",\"url\":\"https:\/\/rutana.lt\/wp-content\/uploads\/2025\/10\/Asset-32.png\",\"contentUrl\":\"https:\/\/rutana.lt\/wp-content\/uploads\/2025\/10\/Asset-32.png\",\"width\":433,\"height\":119,\"caption\":\"Rutana - Ra\u0161tin\u0117s reikmenys\"},\"image\":{\"@id\":\"https:\/\/rutana.lt\/#\/schema\/logo\/image\/\"},\"sameAs\":[\"https:\/\/www.facebook.com\/RutanaKanceliarinesPrekes\/\"]}]}<\/script>\n<!-- \/ Yoast SEO plugin. -->","yoast_head_json":{"title":"Pur\u0161kiamas automobilio kvapas \"Safine\" 100ml Aromatic 89 - Rutana - Ra\u0161tin\u0117s reikmenys","robots":{"index":"index","follow":"follow","max-snippet":"max-snippet:-1","max-image-preview":"max-image-preview:large","max-video-preview":"max-video-preview:-1"},"canonical":"https:\/\/rutana.lt\/en\/product\/purskiamas-automobilio-kvapas-safine-100ml-aromatic-89\/","og_locale":"en_US","og_type":"article","og_title":"Pur\u0161kiamas automobilio kvapas \"Safine\" 100ml Aromatic 89 - Rutana - Ra\u0161tin\u0117s reikmenys","og_description":"I\u0161skirtiniai aromat\u0173 \u017eaismai sukurti m\u0117gautis \u012fsimintiniausiomis gyvenimo kelion\u0117mis. Kvap\u0173 pur\u0161kiklyje yra 100 mililitr\u0173 prabangos, kuri pasiruo\u0161usi pripildyti automobil\u012f ry\u0161kiais ir ilgai i\u0161liekan\u010diais aromatais. Papur\u0161kus vos kelis kartus, nepageidaujami kvapai, kaip cigare\u010di\u0173, gyv\u016bn\u0173 ar kiti \u012fsisen\u0117j\u0119 kvapai, bus akimirksniu pa\u0161alinti i\u0161 salono. Citrusin\u0117 gaiva, aromatinga ramyb\u0117 ar vasari\u0161kas saldumas &#8211; pripildykite savo automobil\u012f gamtos \u012fkv\u0117ptais aromatais. [&hellip;]","og_url":"https:\/\/rutana.lt\/en\/product\/purskiamas-automobilio-kvapas-safine-100ml-aromatic-89\/","og_site_name":"Rutana - Ra\u0161tin\u0117s reikmenys","article_publisher":"https:\/\/www.facebook.com\/RutanaKanceliarinesPrekes\/","article_modified_time":"2025-10-13T14:00:23+00:00","og_image":[{"width":1000,"height":1000,"url":"https:\/\/rutana.lt\/wp-content\/uploads\/2025\/09\/B196-424.jpg","type":"image\/jpeg"}],"twitter_card":"summary_large_image","twitter_misc":{"Est. reading time":"1 minute"},"schema":{"@context":"https:\/\/schema.org","@graph":[{"@type":"WebPage","@id":"https:\/\/rutana.lt\/produktas\/purskiamas-automobilio-kvapas-safine-100ml-aromatic-89\/","url":"https:\/\/rutana.lt\/produktas\/purskiamas-automobilio-kvapas-safine-100ml-aromatic-89\/","name":"Pur\u0161kiamas automobilio kvapas \"Safine\" 100ml Aromatic 89 - Rutana - Ra\u0161tin\u0117s reikmenys","isPartOf":{"@id":"https:\/\/rutana.lt\/#website"},"primaryImageOfPage":{"@id":"https:\/\/rutana.lt\/produktas\/purskiamas-automobilio-kvapas-safine-100ml-aromatic-89\/#primaryimage"},"image":{"@id":"https:\/\/rutana.lt\/produktas\/purskiamas-automobilio-kvapas-safine-100ml-aromatic-89\/#primaryimage"},"thumbnailUrl":"https:\/\/rutana.lt\/wp-content\/uploads\/2025\/09\/B196-424-1.jpg?v=1763563304","datePublished":"2025-09-03T08:09:20+00:00","dateModified":"2025-10-13T14:00:23+00:00","breadcrumb":{"@id":"https:\/\/rutana.lt\/produktas\/purskiamas-automobilio-kvapas-safine-100ml-aromatic-89\/#breadcrumb"},"inLanguage":"en-US","potentialAction":[{"@type":"ReadAction","target":["https:\/\/rutana.lt\/produktas\/purskiamas-automobilio-kvapas-safine-100ml-aromatic-89\/"]}]},{"@type":"ImageObject","inLanguage":"en-US","@id":"https:\/\/rutana.lt\/produktas\/purskiamas-automobilio-kvapas-safine-100ml-aromatic-89\/#primaryimage","url":"https:\/\/rutana.lt\/wp-content\/uploads\/2025\/09\/B196-424-1.jpg?v=1763563304","contentUrl":"https:\/\/rutana.lt\/wp-content\/uploads\/2025\/09\/B196-424-1.jpg?v=1763563304","width":1000,"height":1000},{"@type":"BreadcrumbList","@id":"https:\/\/rutana.lt\/produktas\/purskiamas-automobilio-kvapas-safine-100ml-aromatic-89\/#breadcrumb","itemListElement":[{"@type":"ListItem","position":1,"name":"Home","item":"https:\/\/rutana.lt\/"},{"@type":"ListItem","position":2,"name":"Parduotuv\u0117","item":"https:\/\/rutana.lt\/parduotuve\/"},{"@type":"ListItem","position":3,"name":"Pur\u0161kiamas automobilio kvapas &#8222;Safine&#8221; 100ml Aromatic 89"}]},{"@type":"WebSite","@id":"https:\/\/rutana.lt\/#website","url":"https:\/\/rutana.lt\/","name":"Rutana - Ra\u0161tin\u0117s reikmenys","description":"Prekiaujame pasaulin\u0117je rinkoje pripa\u017eintomis, kokybi\u0161komis biuro prek\u0117mis toki\u0173  gamintoj\u0173 kaip: Schneider, Esselte, Novus, 3M, Faber-Castell, Citizen, Milan, Leitz, Colop, Zebra, Staedtler, Durable, Tork, Parker, Waterman ir kt.","publisher":{"@id":"https:\/\/rutana.lt\/#organization"},"potentialAction":[{"@type":"SearchAction","target":{"@type":"EntryPoint","urlTemplate":"https:\/\/rutana.lt\/?s={search_term_string}"},"query-input":{"@type":"PropertyValueSpecification","valueRequired":true,"valueName":"search_term_string"}}],"inLanguage":"en-US"},{"@type":"Organization","@id":"https:\/\/rutana.lt\/#organization","name":"Rutana - Ra\u0161tin\u0117s reikmenys","url":"https:\/\/rutana.lt\/","logo":{"@type":"ImageObject","inLanguage":"en-US","@id":"https:\/\/rutana.lt\/#\/schema\/logo\/image\/","url":"https:\/\/rutana.lt\/wp-content\/uploads\/2025\/10\/Asset-32.png","contentUrl":"https:\/\/rutana.lt\/wp-content\/uploads\/2025\/10\/Asset-32.png","width":433,"height":119,"caption":"Rutana - Ra\u0161tin\u0117s reikmenys"},"image":{"@id":"https:\/\/rutana.lt\/#\/schema\/logo\/image\/"},"sameAs":["https:\/\/www.facebook.com\/RutanaKanceliarinesPrekes\/"]}]}},"_links":{"self":[{"href":"https:\/\/rutana.lt\/en\/wp-json\/wp\/v2\/product\/19873","targetHints":{"allow":["GET"]}}],"collection":[{"href":"https:\/\/rutana.lt\/en\/wp-json\/wp\/v2\/product"}],"about":[{"href":"https:\/\/rutana.lt\/en\/wp-json\/wp\/v2\/types\/product"}],"replies":[{"embeddable":true,"href":"https:\/\/rutana.lt\/en\/wp-json\/wp\/v2\/comments?post=19873"}],"version-history":[{"count":1,"href":"https:\/\/rutana.lt\/en\/wp-json\/wp\/v2\/product\/19873\/revisions"}],"predecessor-version":[{"id":19899,"href":"https:\/\/rutana.lt\/en\/wp-json\/wp\/v2\/product\/19873\/revisions\/19899"}],"wp:featuredmedia":[{"embeddable":true,"href":"https:\/\/rutana.lt\/en\/wp-json\/wp\/v2\/media\/30199"}],"wp:attachment":[{"href":"https:\/\/rutana.lt\/en\/wp-json\/wp\/v2\/media?parent=19873"}],"wp:term":[{"taxonomy":"product_brand","embeddable":true,"href":"https:\/\/rutana.lt\/en\/wp-json\/wp\/v2\/product_brand?post=19873"},{"taxonomy":"product_cat","embeddable":true,"href":"https:\/\/rutana.lt\/en\/wp-json\/wp\/v2\/product_cat?post=19873"},{"taxonomy":"product_tag","embeddable":true,"href":"https:\/\/rutana.lt\/en\/wp-json\/wp\/v2\/product_tag?post=19873"}],"curies":[{"name":"wp","href":"https:\/\/api.w.org\/{rel}","templated":true}]}}