{"id":19831,"date":"2025-09-03T10:08:57","date_gmt":"2025-09-03T08:08:57","guid":{"rendered":"https:\/\/rutana.webdemo.lt\/?post_type=product&#038;p=19831"},"modified":"2025-10-13T16:00:22","modified_gmt":"2025-10-13T14:00:22","slug":"namu-kvapas-su-lazdelemis-amira-50ml-aromatic-89","status":"publish","type":"product","link":"https:\/\/rutana.lt\/en\/product\/namu-kvapas-su-lazdelemis-amira-50ml-aromatic-89\/","title":{"rendered":"Nam\u0173 kvapas su lazdel\u0117mis &#8222;Amira&#8221; 50ml Aromatic 89"},"content":{"rendered":"<p>Kvapas su lazdel\u0117mis: namams, biurui ar kitoms patalpoms. Ypa\u010d efektyvus ir intensyvus patalp\u0173 kv\u0117pinimo sprendimas. Kvapas pasklinda grei\u010diau ir efektyviau apvertus lazdeles, v\u0117dinamoje, \u0161iltoje ir sausoje patalpoje. Naudojant visas 6 lazdeles, galima i\u0161kv\u0117pinti patalp\u0105 net iki 70 m\u00b2, o kvapo pakaks net iki 90 dien\u0173. Rekomenduojame lazdeles vartyti 1-2 kartus per savait\u0119. Sukurta naudojant ekologi\u0161k\u0105 baz\u0119, kvapuose n\u0117ra spirito ar alkoholio, pagamintas aliejiniu pagrindu, prailginto veikimo. Nat\u016bralios juodos ratano med\u017eio lazdel\u0117s 25mm ilgio ir<br \/>\n3mm plo\u010dio. Supakuotas juodoje stilingoje d\u0117\u017eut\u0117je.<\/p>\n<p class=\"MsoNoSpacing\">Saldus ir \u0161iltas kvapas, kuriame egzoti\u0161ki vaisiai susilieja su rytieti\u0161ka prabanga. Jazmino ir magnolijos \u0161velnum\u0105 su\u0161ildo cinamonas, gvazdik\u0117liai ir kardamonas, o kedras, rudas cukrus ir vanil\u0117 apgaubia jaukumu. Kvapas, kuris apgaubia tarsi \u0161iltas apkabinimas \u2013 saldus, sodrus ir nepaprastai viliojantis.<\/p>\n<p class=\"MsoNoSpacing\"><o:p><\/o:p><\/p>\n<p class=\"MsoNoSpacing\"><o:p><\/o:p><\/p>\n<\/p>\n<p class=\"MsoNoSpacing\">Talpa: 50 ml<\/p>\n<p>Kvapo pavadinimas: AMIRA<\/p>\n<p>Vir\u0161utin\u0117s natos: mandarinai, apelsinai, \u017eali lapai ir egzotini\u0173 vaisi\u0173 kokteilis<\/p>\n<p>Vidurin\u0117s natos: jazminai, magnolijos, cinamonas, gvazdik\u0117liai ir kardamonas<\/p>\n<p>Apatin\u0117s natos: kedras, rudas cukrus, muskusas, \u0161ienas ir vanil\u0117<\/p>\n<p class=\"MsoNoSpacing\">Galiojimo laikas: 12 m\u0117nesi\u0173 nuo atidarymo datos<\/p>\n<p class=\"MsoNoSpacing\"><o:p>Kilm\u0117s \u0161alis: Lietuva<\/o:p><\/p>\n<p class=\"MsoNoSpacing\"><o:p><br \/><\/o:p><\/p>\n<p><iframe src=\"\/\/www.youtube.com\/embed\/kSkUoYJDbVQ\" width=\"640\" height=\"360\" frameborder=\"0\"><\/iframe><\/p>\n<p class=\"MsoNoSpacing\"><o:p><br \/><\/o:p><\/p>\n<p class=\"MsoNoSpacing\"><o:p><br \/><\/o:p><\/p>","protected":false},"excerpt":{"rendered":"<p>Kvapas su lazdel\u0117mis: namams, biurui ar kitoms patalpoms. Ypa\u010d efektyvus ir intensyvus patalp\u0173 kv\u0117pinimo sprendimas. Kvapas pasklinda grei\u010diau ir efektyviau apvertus lazdeles, v\u0117dinamoje, \u0161iltoje ir sausoje patalpoje. Naudojant visas 6 lazdeles, galima i\u0161kv\u0117pinti patalp\u0105 net iki 70 m\u00b2, o kvapo pakaks net iki 90 dien\u0173. Rekomenduojame lazdeles vartyti 1-2 kartus per savait\u0119. Sukurta naudojant ekologi\u0161k\u0105 [&hellip;]<\/p>","protected":false},"featured_media":30194,"comment_status":"open","ping_status":"closed","template":"","meta":{"_season_start":"","_season_end":"","_season_days":"","_season_months":"","_season_auto_visibility":""},"product_brand":[789],"product_cat":[1703],"product_tag":[],"class_list":{"0":"post-19831","1":"product","2":"type-product","3":"status-publish","4":"has-post-thumbnail","6":"product_brand-aromatic-89","7":"product_cat-parfumuoti-kvapai","9":"first","10":"instock","11":"taxable","12":"shipping-taxable","13":"purchasable","14":"product-type-simple"},"yoast_head":"<!-- This site is optimized with the Yoast SEO plugin v27.4 - https:\/\/yoast.com\/product\/yoast-seo-wordpress\/ -->\n<title>Nam\u0173 kvapas su lazdel\u0117mis &quot;Amira&quot; 50ml Aromatic 89 - Rutana - Ra\u0161tin\u0117s reikmenys<\/title>\n<meta name=\"robots\" content=\"index, follow, max-snippet:-1, max-image-preview:large, max-video-preview:-1\" \/>\n<link rel=\"canonical\" href=\"https:\/\/rutana.lt\/en\/product\/namu-kvapas-su-lazdelemis-amira-50ml-aromatic-89\/\" \/>\n<meta property=\"og:locale\" content=\"en_US\" \/>\n<meta property=\"og:type\" content=\"article\" \/>\n<meta property=\"og:title\" content=\"Nam\u0173 kvapas su lazdel\u0117mis &quot;Amira&quot; 50ml Aromatic 89 - Rutana - Ra\u0161tin\u0117s reikmenys\" \/>\n<meta property=\"og:description\" content=\"Kvapas su lazdel\u0117mis: namams, biurui ar kitoms patalpoms. Ypa\u010d efektyvus ir intensyvus patalp\u0173 kv\u0117pinimo sprendimas. Kvapas pasklinda grei\u010diau ir efektyviau apvertus lazdeles, v\u0117dinamoje, \u0161iltoje ir sausoje patalpoje. Naudojant visas 6 lazdeles, galima i\u0161kv\u0117pinti patalp\u0105 net iki 70 m\u00b2, o kvapo pakaks net iki 90 dien\u0173. Rekomenduojame lazdeles vartyti 1-2 kartus per savait\u0119. Sukurta naudojant ekologi\u0161k\u0105 [&hellip;]\" \/>\n<meta property=\"og:url\" content=\"https:\/\/rutana.lt\/en\/product\/namu-kvapas-su-lazdelemis-amira-50ml-aromatic-89\/\" \/>\n<meta property=\"og:site_name\" content=\"Rutana - Ra\u0161tin\u0117s reikmenys\" \/>\n<meta property=\"article:publisher\" content=\"https:\/\/www.facebook.com\/RutanaKanceliarinesPrekes\/\" \/>\n<meta property=\"article:modified_time\" content=\"2025-10-13T14:00:22+00:00\" \/>\n<meta property=\"og:image\" content=\"https:\/\/rutana.lt\/wp-content\/uploads\/2025\/09\/B196-472.jpg\" \/>\n\t<meta property=\"og:image:width\" content=\"1000\" \/>\n\t<meta property=\"og:image:height\" content=\"1000\" \/>\n\t<meta property=\"og:image:type\" content=\"image\/jpeg\" \/>\n<meta name=\"twitter:card\" content=\"summary_large_image\" \/>\n<meta name=\"twitter:label1\" content=\"Est. reading time\" \/>\n\t<meta name=\"twitter:data1\" content=\"1 minute\" \/>\n<script type=\"application\/ld+json\" class=\"yoast-schema-graph\">{\"@context\":\"https:\\\/\\\/schema.org\",\"@graph\":[{\"@type\":\"WebPage\",\"@id\":\"https:\\\/\\\/rutana.lt\\\/produktas\\\/namu-kvapas-su-lazdelemis-amira-50ml-aromatic-89\\\/\",\"url\":\"https:\\\/\\\/rutana.lt\\\/produktas\\\/namu-kvapas-su-lazdelemis-amira-50ml-aromatic-89\\\/\",\"name\":\"Nam\u0173 kvapas su lazdel\u0117mis \\\"Amira\\\" 50ml Aromatic 89 - Rutana - Ra\u0161tin\u0117s reikmenys\",\"isPartOf\":{\"@id\":\"https:\\\/\\\/rutana.lt\\\/#website\"},\"primaryImageOfPage\":{\"@id\":\"https:\\\/\\\/rutana.lt\\\/produktas\\\/namu-kvapas-su-lazdelemis-amira-50ml-aromatic-89\\\/#primaryimage\"},\"image\":{\"@id\":\"https:\\\/\\\/rutana.lt\\\/produktas\\\/namu-kvapas-su-lazdelemis-amira-50ml-aromatic-89\\\/#primaryimage\"},\"thumbnailUrl\":\"https:\\\/\\\/rutana.lt\\\/wp-content\\\/uploads\\\/2025\\\/09\\\/B196-472-2.jpg?v=1763563316\",\"datePublished\":\"2025-09-03T08:08:57+00:00\",\"dateModified\":\"2025-10-13T14:00:22+00:00\",\"breadcrumb\":{\"@id\":\"https:\\\/\\\/rutana.lt\\\/produktas\\\/namu-kvapas-su-lazdelemis-amira-50ml-aromatic-89\\\/#breadcrumb\"},\"inLanguage\":\"en-US\",\"potentialAction\":[{\"@type\":\"ReadAction\",\"target\":[\"https:\\\/\\\/rutana.lt\\\/produktas\\\/namu-kvapas-su-lazdelemis-amira-50ml-aromatic-89\\\/\"]}]},{\"@type\":\"ImageObject\",\"inLanguage\":\"en-US\",\"@id\":\"https:\\\/\\\/rutana.lt\\\/produktas\\\/namu-kvapas-su-lazdelemis-amira-50ml-aromatic-89\\\/#primaryimage\",\"url\":\"https:\\\/\\\/rutana.lt\\\/wp-content\\\/uploads\\\/2025\\\/09\\\/B196-472-2.jpg?v=1763563316\",\"contentUrl\":\"https:\\\/\\\/rutana.lt\\\/wp-content\\\/uploads\\\/2025\\\/09\\\/B196-472-2.jpg?v=1763563316\",\"width\":1000,\"height\":1000},{\"@type\":\"BreadcrumbList\",\"@id\":\"https:\\\/\\\/rutana.lt\\\/produktas\\\/namu-kvapas-su-lazdelemis-amira-50ml-aromatic-89\\\/#breadcrumb\",\"itemListElement\":[{\"@type\":\"ListItem\",\"position\":1,\"name\":\"Home\",\"item\":\"https:\\\/\\\/rutana.lt\\\/\"},{\"@type\":\"ListItem\",\"position\":2,\"name\":\"Parduotuv\u0117\",\"item\":\"https:\\\/\\\/rutana.lt\\\/parduotuve\\\/\"},{\"@type\":\"ListItem\",\"position\":3,\"name\":\"Nam\u0173 kvapas su lazdel\u0117mis &#8222;Amira&#8221; 50ml Aromatic 89\"}]},{\"@type\":\"WebSite\",\"@id\":\"https:\\\/\\\/rutana.lt\\\/#website\",\"url\":\"https:\\\/\\\/rutana.lt\\\/\",\"name\":\"Rutana - Ra\u0161tin\u0117s reikmenys\",\"description\":\"Prekiaujame pasaulin\u0117je rinkoje pripa\u017eintomis, kokybi\u0161komis biuro prek\u0117mis toki\u0173  gamintoj\u0173 kaip: Schneider, Esselte, Novus, 3M, Faber-Castell, Citizen, Milan, Leitz, Colop, Zebra, Staedtler, Durable, Tork, Parker, Waterman ir kt.\",\"publisher\":{\"@id\":\"https:\\\/\\\/rutana.lt\\\/#organization\"},\"potentialAction\":[{\"@type\":\"SearchAction\",\"target\":{\"@type\":\"EntryPoint\",\"urlTemplate\":\"https:\\\/\\\/rutana.lt\\\/?s={search_term_string}\"},\"query-input\":{\"@type\":\"PropertyValueSpecification\",\"valueRequired\":true,\"valueName\":\"search_term_string\"}}],\"inLanguage\":\"en-US\"},{\"@type\":\"Organization\",\"@id\":\"https:\\\/\\\/rutana.lt\\\/#organization\",\"name\":\"Rutana - Ra\u0161tin\u0117s reikmenys\",\"url\":\"https:\\\/\\\/rutana.lt\\\/\",\"logo\":{\"@type\":\"ImageObject\",\"inLanguage\":\"en-US\",\"@id\":\"https:\\\/\\\/rutana.lt\\\/#\\\/schema\\\/logo\\\/image\\\/\",\"url\":\"https:\\\/\\\/rutana.lt\\\/wp-content\\\/uploads\\\/2025\\\/10\\\/Asset-32.png\",\"contentUrl\":\"https:\\\/\\\/rutana.lt\\\/wp-content\\\/uploads\\\/2025\\\/10\\\/Asset-32.png\",\"width\":433,\"height\":119,\"caption\":\"Rutana - Ra\u0161tin\u0117s reikmenys\"},\"image\":{\"@id\":\"https:\\\/\\\/rutana.lt\\\/#\\\/schema\\\/logo\\\/image\\\/\"},\"sameAs\":[\"https:\\\/\\\/www.facebook.com\\\/RutanaKanceliarinesPrekes\\\/\"]}]}<\/script>\n<!-- \/ Yoast SEO plugin. -->","yoast_head_json":{"title":"Nam\u0173 kvapas su lazdel\u0117mis \"Amira\" 50ml Aromatic 89 - Rutana - Ra\u0161tin\u0117s reikmenys","robots":{"index":"index","follow":"follow","max-snippet":"max-snippet:-1","max-image-preview":"max-image-preview:large","max-video-preview":"max-video-preview:-1"},"canonical":"https:\/\/rutana.lt\/en\/product\/namu-kvapas-su-lazdelemis-amira-50ml-aromatic-89\/","og_locale":"en_US","og_type":"article","og_title":"Nam\u0173 kvapas su lazdel\u0117mis \"Amira\" 50ml Aromatic 89 - Rutana - Ra\u0161tin\u0117s reikmenys","og_description":"Kvapas su lazdel\u0117mis: namams, biurui ar kitoms patalpoms. Ypa\u010d efektyvus ir intensyvus patalp\u0173 kv\u0117pinimo sprendimas. Kvapas pasklinda grei\u010diau ir efektyviau apvertus lazdeles, v\u0117dinamoje, \u0161iltoje ir sausoje patalpoje. Naudojant visas 6 lazdeles, galima i\u0161kv\u0117pinti patalp\u0105 net iki 70 m\u00b2, o kvapo pakaks net iki 90 dien\u0173. Rekomenduojame lazdeles vartyti 1-2 kartus per savait\u0119. Sukurta naudojant ekologi\u0161k\u0105 [&hellip;]","og_url":"https:\/\/rutana.lt\/en\/product\/namu-kvapas-su-lazdelemis-amira-50ml-aromatic-89\/","og_site_name":"Rutana - Ra\u0161tin\u0117s reikmenys","article_publisher":"https:\/\/www.facebook.com\/RutanaKanceliarinesPrekes\/","article_modified_time":"2025-10-13T14:00:22+00:00","og_image":[{"width":1000,"height":1000,"url":"https:\/\/rutana.lt\/wp-content\/uploads\/2025\/09\/B196-472.jpg","type":"image\/jpeg"}],"twitter_card":"summary_large_image","twitter_misc":{"Est. reading time":"1 minute"},"schema":{"@context":"https:\/\/schema.org","@graph":[{"@type":"WebPage","@id":"https:\/\/rutana.lt\/produktas\/namu-kvapas-su-lazdelemis-amira-50ml-aromatic-89\/","url":"https:\/\/rutana.lt\/produktas\/namu-kvapas-su-lazdelemis-amira-50ml-aromatic-89\/","name":"Nam\u0173 kvapas su lazdel\u0117mis \"Amira\" 50ml Aromatic 89 - Rutana - Ra\u0161tin\u0117s reikmenys","isPartOf":{"@id":"https:\/\/rutana.lt\/#website"},"primaryImageOfPage":{"@id":"https:\/\/rutana.lt\/produktas\/namu-kvapas-su-lazdelemis-amira-50ml-aromatic-89\/#primaryimage"},"image":{"@id":"https:\/\/rutana.lt\/produktas\/namu-kvapas-su-lazdelemis-amira-50ml-aromatic-89\/#primaryimage"},"thumbnailUrl":"https:\/\/rutana.lt\/wp-content\/uploads\/2025\/09\/B196-472-2.jpg?v=1763563316","datePublished":"2025-09-03T08:08:57+00:00","dateModified":"2025-10-13T14:00:22+00:00","breadcrumb":{"@id":"https:\/\/rutana.lt\/produktas\/namu-kvapas-su-lazdelemis-amira-50ml-aromatic-89\/#breadcrumb"},"inLanguage":"en-US","potentialAction":[{"@type":"ReadAction","target":["https:\/\/rutana.lt\/produktas\/namu-kvapas-su-lazdelemis-amira-50ml-aromatic-89\/"]}]},{"@type":"ImageObject","inLanguage":"en-US","@id":"https:\/\/rutana.lt\/produktas\/namu-kvapas-su-lazdelemis-amira-50ml-aromatic-89\/#primaryimage","url":"https:\/\/rutana.lt\/wp-content\/uploads\/2025\/09\/B196-472-2.jpg?v=1763563316","contentUrl":"https:\/\/rutana.lt\/wp-content\/uploads\/2025\/09\/B196-472-2.jpg?v=1763563316","width":1000,"height":1000},{"@type":"BreadcrumbList","@id":"https:\/\/rutana.lt\/produktas\/namu-kvapas-su-lazdelemis-amira-50ml-aromatic-89\/#breadcrumb","itemListElement":[{"@type":"ListItem","position":1,"name":"Home","item":"https:\/\/rutana.lt\/"},{"@type":"ListItem","position":2,"name":"Parduotuv\u0117","item":"https:\/\/rutana.lt\/parduotuve\/"},{"@type":"ListItem","position":3,"name":"Nam\u0173 kvapas su lazdel\u0117mis &#8222;Amira&#8221; 50ml Aromatic 89"}]},{"@type":"WebSite","@id":"https:\/\/rutana.lt\/#website","url":"https:\/\/rutana.lt\/","name":"Rutana - Ra\u0161tin\u0117s reikmenys","description":"Prekiaujame pasaulin\u0117je rinkoje pripa\u017eintomis, kokybi\u0161komis biuro prek\u0117mis toki\u0173  gamintoj\u0173 kaip: Schneider, Esselte, Novus, 3M, Faber-Castell, Citizen, Milan, Leitz, Colop, Zebra, Staedtler, Durable, Tork, Parker, Waterman ir kt.","publisher":{"@id":"https:\/\/rutana.lt\/#organization"},"potentialAction":[{"@type":"SearchAction","target":{"@type":"EntryPoint","urlTemplate":"https:\/\/rutana.lt\/?s={search_term_string}"},"query-input":{"@type":"PropertyValueSpecification","valueRequired":true,"valueName":"search_term_string"}}],"inLanguage":"en-US"},{"@type":"Organization","@id":"https:\/\/rutana.lt\/#organization","name":"Rutana - Ra\u0161tin\u0117s reikmenys","url":"https:\/\/rutana.lt\/","logo":{"@type":"ImageObject","inLanguage":"en-US","@id":"https:\/\/rutana.lt\/#\/schema\/logo\/image\/","url":"https:\/\/rutana.lt\/wp-content\/uploads\/2025\/10\/Asset-32.png","contentUrl":"https:\/\/rutana.lt\/wp-content\/uploads\/2025\/10\/Asset-32.png","width":433,"height":119,"caption":"Rutana - Ra\u0161tin\u0117s reikmenys"},"image":{"@id":"https:\/\/rutana.lt\/#\/schema\/logo\/image\/"},"sameAs":["https:\/\/www.facebook.com\/RutanaKanceliarinesPrekes\/"]}]}},"_links":{"self":[{"href":"https:\/\/rutana.lt\/en\/wp-json\/wp\/v2\/product\/19831","targetHints":{"allow":["GET"]}}],"collection":[{"href":"https:\/\/rutana.lt\/en\/wp-json\/wp\/v2\/product"}],"about":[{"href":"https:\/\/rutana.lt\/en\/wp-json\/wp\/v2\/types\/product"}],"replies":[{"embeddable":true,"href":"https:\/\/rutana.lt\/en\/wp-json\/wp\/v2\/comments?post=19831"}],"version-history":[{"count":1,"href":"https:\/\/rutana.lt\/en\/wp-json\/wp\/v2\/product\/19831\/revisions"}],"predecessor-version":[{"id":19869,"href":"https:\/\/rutana.lt\/en\/wp-json\/wp\/v2\/product\/19831\/revisions\/19869"}],"wp:featuredmedia":[{"embeddable":true,"href":"https:\/\/rutana.lt\/en\/wp-json\/wp\/v2\/media\/30194"}],"wp:attachment":[{"href":"https:\/\/rutana.lt\/en\/wp-json\/wp\/v2\/media?parent=19831"}],"wp:term":[{"taxonomy":"product_brand","embeddable":true,"href":"https:\/\/rutana.lt\/en\/wp-json\/wp\/v2\/product_brand?post=19831"},{"taxonomy":"product_cat","embeddable":true,"href":"https:\/\/rutana.lt\/en\/wp-json\/wp\/v2\/product_cat?post=19831"},{"taxonomy":"product_tag","embeddable":true,"href":"https:\/\/rutana.lt\/en\/wp-json\/wp\/v2\/product_tag?post=19831"}],"curies":[{"name":"wp","href":"https:\/\/api.w.org\/{rel}","templated":true}]}}