{"id":19770,"date":"2025-09-03T10:08:33","date_gmt":"2025-09-03T08:08:33","guid":{"rendered":"https:\/\/rutana.webdemo.lt\/?post_type=product&#038;p=19770"},"modified":"2025-10-13T16:00:12","modified_gmt":"2025-10-13T14:00:12","slug":"kasete-rasaliniam-spausdintuvui-973x-raudona-hewlett-packard","status":"publish","type":"product","link":"https:\/\/rutana.lt\/en\/product\/kasete-rasaliniam-spausdintuvui-973x-raudona-hewlett-packard\/","title":{"rendered":"Kaset\u0117 ra\u0161aliniam spausdintuvui 973X raudona Hewlett-Packard"},"content":{"rendered":"<p style=\"margin-bottom: 10px; line-height: 1.8;\">Originali HP kaset\u0117, kuri veikia nepriekai\u0161tingai. M\u0117gaukit\u0117s i\u0161skirtine spausdinimo kokybe naudodami originalias HP kasetes. \u012esp\u016bdingo spausdinimo ry\u0161kumo ir ma\u017eos kainos u\u017e puslap\u012f santykio d\u0117ka HP kaset\u0117 yra puikus sprendimas nam\u0173 vartotojams ir \u012fmon\u0117ms, kurios reguliariai spausdina. <br \/>Tinka spausdintuvams: HP PageWide Pro 452 ir 477 Printer series\/ HP PageWide Managed P57750 ir P55250 Printer series.<br \/>Spalva: raudona<br \/>Spausdinimo technologija: ra\u0161alinis<br \/>Puslapi\u0173 skai\u010dius: 7000<br \/>Gamintojo kodas: 973X ( F6T82AE )<br \/>Gamintojas:  Hewlett-Packard<\/p>\n<p style=\"margin-bottom: 10px; line-height: 1.8;\">\n<div style=\"box-sizing: border-box; orphans: 2; text-align: start; text-indent: 0px; widows: 2; text-decoration-thickness: initial; text-decoration-style: initial; text-decoration-color: initial; line-height: 1.8;\"><\/div>\n<p style=\"line-height: 1.8;\">\n<div style=\"line-height: 1.8;\">\n<p style=\"margin-bottom: 10px; line-height: 1.8;\"><br style=\"color: rgb(0, 0, 0); font-size: 14px;\"><\/p>\n<\/div>","protected":false},"excerpt":{"rendered":"<p>Originali HP kaset\u0117, kuri veikia nepriekai\u0161tingai. M\u0117gaukit\u0117s i\u0161skirtine spausdinimo kokybe naudodami originalias HP kasetes. \u012esp\u016bdingo spausdinimo ry\u0161kumo ir ma\u017eos kainos u\u017e puslap\u012f santykio d\u0117ka HP kaset\u0117 yra puikus sprendimas nam\u0173 vartotojams ir \u012fmon\u0117ms, kurios reguliariai spausdina. Tinka spausdintuvams: HP PageWide Pro 452 ir 477 Printer series\/ HP PageWide Managed P57750 ir P55250 Printer series.Spalva: raudonaSpausdinimo [&hellip;]<\/p>","protected":false},"featured_media":30176,"comment_status":"open","ping_status":"closed","template":"","meta":{"_season_start":"","_season_end":"","_season_days":"","_season_months":"","_season_auto_visibility":""},"product_brand":[478],"product_cat":[1886],"product_tag":[],"class_list":{"0":"post-19770","1":"product","2":"type-product","3":"status-publish","4":"has-post-thumbnail","6":"product_brand-hewlett-packard","7":"product_cat-originalios-kasetes-rasaliniams-spausdintuvams","9":"first","10":"instock","11":"taxable","12":"shipping-taxable","13":"purchasable","14":"product-type-simple"},"yoast_head":"<!-- This site is optimized with the Yoast SEO plugin v26.1.1 - https:\/\/yoast.com\/wordpress\/plugins\/seo\/ -->\n<title>Kaset\u0117 ra\u0161aliniam spausdintuvui 973X raudona Hewlett-Packard - Rutana - Ra\u0161tin\u0117s reikmenys<\/title>\n<meta name=\"robots\" content=\"index, follow, max-snippet:-1, max-image-preview:large, max-video-preview:-1\" \/>\n<link rel=\"canonical\" href=\"https:\/\/rutana.lt\/en\/product\/kasete-rasaliniam-spausdintuvui-973x-raudona-hewlett-packard\/\" \/>\n<meta property=\"og:locale\" content=\"en_US\" \/>\n<meta property=\"og:type\" content=\"article\" \/>\n<meta property=\"og:title\" content=\"Kaset\u0117 ra\u0161aliniam spausdintuvui 973X raudona Hewlett-Packard - Rutana - Ra\u0161tin\u0117s reikmenys\" \/>\n<meta property=\"og:description\" content=\"Originali HP kaset\u0117, kuri veikia nepriekai\u0161tingai. M\u0117gaukit\u0117s i\u0161skirtine spausdinimo kokybe naudodami originalias HP kasetes. \u012esp\u016bdingo spausdinimo ry\u0161kumo ir ma\u017eos kainos u\u017e puslap\u012f santykio d\u0117ka HP kaset\u0117 yra puikus sprendimas nam\u0173 vartotojams ir \u012fmon\u0117ms, kurios reguliariai spausdina. Tinka spausdintuvams: HP PageWide Pro 452 ir 477 Printer series\/ HP PageWide Managed P57750 ir P55250 Printer series.Spalva: raudonaSpausdinimo [&hellip;]\" \/>\n<meta property=\"og:url\" content=\"https:\/\/rutana.lt\/en\/product\/kasete-rasaliniam-spausdintuvui-973x-raudona-hewlett-packard\/\" \/>\n<meta property=\"og:site_name\" content=\"Rutana - Ra\u0161tin\u0117s reikmenys\" \/>\n<meta property=\"article:publisher\" content=\"https:\/\/www.facebook.com\/RutanaKanceliarinesPrekes\/\" \/>\n<meta property=\"article:modified_time\" content=\"2025-10-13T14:00:12+00:00\" \/>\n<meta property=\"og:image\" content=\"https:\/\/rutana.lt\/wp-content\/uploads\/2025\/09\/B032-623.jpg\" \/>\n\t<meta property=\"og:image:width\" content=\"1000\" \/>\n\t<meta property=\"og:image:height\" content=\"1000\" \/>\n\t<meta property=\"og:image:type\" content=\"image\/jpeg\" \/>\n<meta name=\"twitter:card\" content=\"summary_large_image\" \/>\n<script type=\"application\/ld+json\" class=\"yoast-schema-graph\">{\"@context\":\"https:\/\/schema.org\",\"@graph\":[{\"@type\":\"WebPage\",\"@id\":\"https:\/\/rutana.lt\/produktas\/kasete-rasaliniam-spausdintuvui-973x-raudona-hewlett-packard\/\",\"url\":\"https:\/\/rutana.lt\/produktas\/kasete-rasaliniam-spausdintuvui-973x-raudona-hewlett-packard\/\",\"name\":\"Kaset\u0117 ra\u0161aliniam spausdintuvui 973X raudona Hewlett-Packard - Rutana - Ra\u0161tin\u0117s reikmenys\",\"isPartOf\":{\"@id\":\"https:\/\/rutana.lt\/#website\"},\"primaryImageOfPage\":{\"@id\":\"https:\/\/rutana.lt\/produktas\/kasete-rasaliniam-spausdintuvui-973x-raudona-hewlett-packard\/#primaryimage\"},\"image\":{\"@id\":\"https:\/\/rutana.lt\/produktas\/kasete-rasaliniam-spausdintuvui-973x-raudona-hewlett-packard\/#primaryimage\"},\"thumbnailUrl\":\"https:\/\/rutana.lt\/wp-content\/uploads\/2025\/09\/B032-623-1.jpg?v=1763563344\",\"datePublished\":\"2025-09-03T08:08:33+00:00\",\"dateModified\":\"2025-10-13T14:00:12+00:00\",\"breadcrumb\":{\"@id\":\"https:\/\/rutana.lt\/produktas\/kasete-rasaliniam-spausdintuvui-973x-raudona-hewlett-packard\/#breadcrumb\"},\"inLanguage\":\"en-US\",\"potentialAction\":[{\"@type\":\"ReadAction\",\"target\":[\"https:\/\/rutana.lt\/produktas\/kasete-rasaliniam-spausdintuvui-973x-raudona-hewlett-packard\/\"]}]},{\"@type\":\"ImageObject\",\"inLanguage\":\"en-US\",\"@id\":\"https:\/\/rutana.lt\/produktas\/kasete-rasaliniam-spausdintuvui-973x-raudona-hewlett-packard\/#primaryimage\",\"url\":\"https:\/\/rutana.lt\/wp-content\/uploads\/2025\/09\/B032-623-1.jpg?v=1763563344\",\"contentUrl\":\"https:\/\/rutana.lt\/wp-content\/uploads\/2025\/09\/B032-623-1.jpg?v=1763563344\",\"width\":1000,\"height\":1000},{\"@type\":\"BreadcrumbList\",\"@id\":\"https:\/\/rutana.lt\/produktas\/kasete-rasaliniam-spausdintuvui-973x-raudona-hewlett-packard\/#breadcrumb\",\"itemListElement\":[{\"@type\":\"ListItem\",\"position\":1,\"name\":\"Home\",\"item\":\"https:\/\/rutana.lt\/\"},{\"@type\":\"ListItem\",\"position\":2,\"name\":\"Parduotuv\u0117\",\"item\":\"https:\/\/rutana.lt\/parduotuve\/\"},{\"@type\":\"ListItem\",\"position\":3,\"name\":\"Kaset\u0117 ra\u0161aliniam spausdintuvui 973X raudona Hewlett-Packard\"}]},{\"@type\":\"WebSite\",\"@id\":\"https:\/\/rutana.lt\/#website\",\"url\":\"https:\/\/rutana.lt\/\",\"name\":\"Rutana - Ra\u0161tin\u0117s reikmenys\",\"description\":\"Prekiaujame pasaulin\u0117je rinkoje pripa\u017eintomis, kokybi\u0161komis biuro prek\u0117mis toki\u0173  gamintoj\u0173 kaip: Schneider, Esselte, Novus, 3M, Faber-Castell, Citizen, Milan, Leitz, Colop, Zebra, Staedtler, Durable, Tork, Parker, Waterman ir kt.\",\"publisher\":{\"@id\":\"https:\/\/rutana.lt\/#organization\"},\"potentialAction\":[{\"@type\":\"SearchAction\",\"target\":{\"@type\":\"EntryPoint\",\"urlTemplate\":\"https:\/\/rutana.lt\/?s={search_term_string}\"},\"query-input\":{\"@type\":\"PropertyValueSpecification\",\"valueRequired\":true,\"valueName\":\"search_term_string\"}}],\"inLanguage\":\"en-US\"},{\"@type\":\"Organization\",\"@id\":\"https:\/\/rutana.lt\/#organization\",\"name\":\"Rutana - Ra\u0161tin\u0117s reikmenys\",\"url\":\"https:\/\/rutana.lt\/\",\"logo\":{\"@type\":\"ImageObject\",\"inLanguage\":\"en-US\",\"@id\":\"https:\/\/rutana.lt\/#\/schema\/logo\/image\/\",\"url\":\"https:\/\/rutana.lt\/wp-content\/uploads\/2025\/10\/Asset-32.png\",\"contentUrl\":\"https:\/\/rutana.lt\/wp-content\/uploads\/2025\/10\/Asset-32.png\",\"width\":433,\"height\":119,\"caption\":\"Rutana - Ra\u0161tin\u0117s reikmenys\"},\"image\":{\"@id\":\"https:\/\/rutana.lt\/#\/schema\/logo\/image\/\"},\"sameAs\":[\"https:\/\/www.facebook.com\/RutanaKanceliarinesPrekes\/\"]}]}<\/script>\n<!-- \/ Yoast SEO plugin. -->","yoast_head_json":{"title":"Kaset\u0117 ra\u0161aliniam spausdintuvui 973X raudona Hewlett-Packard - Rutana - Ra\u0161tin\u0117s reikmenys","robots":{"index":"index","follow":"follow","max-snippet":"max-snippet:-1","max-image-preview":"max-image-preview:large","max-video-preview":"max-video-preview:-1"},"canonical":"https:\/\/rutana.lt\/en\/product\/kasete-rasaliniam-spausdintuvui-973x-raudona-hewlett-packard\/","og_locale":"en_US","og_type":"article","og_title":"Kaset\u0117 ra\u0161aliniam spausdintuvui 973X raudona Hewlett-Packard - Rutana - Ra\u0161tin\u0117s reikmenys","og_description":"Originali HP kaset\u0117, kuri veikia nepriekai\u0161tingai. M\u0117gaukit\u0117s i\u0161skirtine spausdinimo kokybe naudodami originalias HP kasetes. \u012esp\u016bdingo spausdinimo ry\u0161kumo ir ma\u017eos kainos u\u017e puslap\u012f santykio d\u0117ka HP kaset\u0117 yra puikus sprendimas nam\u0173 vartotojams ir \u012fmon\u0117ms, kurios reguliariai spausdina. Tinka spausdintuvams: HP PageWide Pro 452 ir 477 Printer series\/ HP PageWide Managed P57750 ir P55250 Printer series.Spalva: raudonaSpausdinimo [&hellip;]","og_url":"https:\/\/rutana.lt\/en\/product\/kasete-rasaliniam-spausdintuvui-973x-raudona-hewlett-packard\/","og_site_name":"Rutana - Ra\u0161tin\u0117s reikmenys","article_publisher":"https:\/\/www.facebook.com\/RutanaKanceliarinesPrekes\/","article_modified_time":"2025-10-13T14:00:12+00:00","og_image":[{"width":1000,"height":1000,"url":"https:\/\/rutana.lt\/wp-content\/uploads\/2025\/09\/B032-623.jpg","type":"image\/jpeg"}],"twitter_card":"summary_large_image","schema":{"@context":"https:\/\/schema.org","@graph":[{"@type":"WebPage","@id":"https:\/\/rutana.lt\/produktas\/kasete-rasaliniam-spausdintuvui-973x-raudona-hewlett-packard\/","url":"https:\/\/rutana.lt\/produktas\/kasete-rasaliniam-spausdintuvui-973x-raudona-hewlett-packard\/","name":"Kaset\u0117 ra\u0161aliniam spausdintuvui 973X raudona Hewlett-Packard - Rutana - Ra\u0161tin\u0117s reikmenys","isPartOf":{"@id":"https:\/\/rutana.lt\/#website"},"primaryImageOfPage":{"@id":"https:\/\/rutana.lt\/produktas\/kasete-rasaliniam-spausdintuvui-973x-raudona-hewlett-packard\/#primaryimage"},"image":{"@id":"https:\/\/rutana.lt\/produktas\/kasete-rasaliniam-spausdintuvui-973x-raudona-hewlett-packard\/#primaryimage"},"thumbnailUrl":"https:\/\/rutana.lt\/wp-content\/uploads\/2025\/09\/B032-623-1.jpg?v=1763563344","datePublished":"2025-09-03T08:08:33+00:00","dateModified":"2025-10-13T14:00:12+00:00","breadcrumb":{"@id":"https:\/\/rutana.lt\/produktas\/kasete-rasaliniam-spausdintuvui-973x-raudona-hewlett-packard\/#breadcrumb"},"inLanguage":"en-US","potentialAction":[{"@type":"ReadAction","target":["https:\/\/rutana.lt\/produktas\/kasete-rasaliniam-spausdintuvui-973x-raudona-hewlett-packard\/"]}]},{"@type":"ImageObject","inLanguage":"en-US","@id":"https:\/\/rutana.lt\/produktas\/kasete-rasaliniam-spausdintuvui-973x-raudona-hewlett-packard\/#primaryimage","url":"https:\/\/rutana.lt\/wp-content\/uploads\/2025\/09\/B032-623-1.jpg?v=1763563344","contentUrl":"https:\/\/rutana.lt\/wp-content\/uploads\/2025\/09\/B032-623-1.jpg?v=1763563344","width":1000,"height":1000},{"@type":"BreadcrumbList","@id":"https:\/\/rutana.lt\/produktas\/kasete-rasaliniam-spausdintuvui-973x-raudona-hewlett-packard\/#breadcrumb","itemListElement":[{"@type":"ListItem","position":1,"name":"Home","item":"https:\/\/rutana.lt\/"},{"@type":"ListItem","position":2,"name":"Parduotuv\u0117","item":"https:\/\/rutana.lt\/parduotuve\/"},{"@type":"ListItem","position":3,"name":"Kaset\u0117 ra\u0161aliniam spausdintuvui 973X raudona Hewlett-Packard"}]},{"@type":"WebSite","@id":"https:\/\/rutana.lt\/#website","url":"https:\/\/rutana.lt\/","name":"Rutana - Ra\u0161tin\u0117s reikmenys","description":"Prekiaujame pasaulin\u0117je rinkoje pripa\u017eintomis, kokybi\u0161komis biuro prek\u0117mis toki\u0173  gamintoj\u0173 kaip: Schneider, Esselte, Novus, 3M, Faber-Castell, Citizen, Milan, Leitz, Colop, Zebra, Staedtler, Durable, Tork, Parker, Waterman ir kt.","publisher":{"@id":"https:\/\/rutana.lt\/#organization"},"potentialAction":[{"@type":"SearchAction","target":{"@type":"EntryPoint","urlTemplate":"https:\/\/rutana.lt\/?s={search_term_string}"},"query-input":{"@type":"PropertyValueSpecification","valueRequired":true,"valueName":"search_term_string"}}],"inLanguage":"en-US"},{"@type":"Organization","@id":"https:\/\/rutana.lt\/#organization","name":"Rutana - Ra\u0161tin\u0117s reikmenys","url":"https:\/\/rutana.lt\/","logo":{"@type":"ImageObject","inLanguage":"en-US","@id":"https:\/\/rutana.lt\/#\/schema\/logo\/image\/","url":"https:\/\/rutana.lt\/wp-content\/uploads\/2025\/10\/Asset-32.png","contentUrl":"https:\/\/rutana.lt\/wp-content\/uploads\/2025\/10\/Asset-32.png","width":433,"height":119,"caption":"Rutana - Ra\u0161tin\u0117s reikmenys"},"image":{"@id":"https:\/\/rutana.lt\/#\/schema\/logo\/image\/"},"sameAs":["https:\/\/www.facebook.com\/RutanaKanceliarinesPrekes\/"]}]}},"_links":{"self":[{"href":"https:\/\/rutana.lt\/en\/wp-json\/wp\/v2\/product\/19770","targetHints":{"allow":["GET"]}}],"collection":[{"href":"https:\/\/rutana.lt\/en\/wp-json\/wp\/v2\/product"}],"about":[{"href":"https:\/\/rutana.lt\/en\/wp-json\/wp\/v2\/types\/product"}],"replies":[{"embeddable":true,"href":"https:\/\/rutana.lt\/en\/wp-json\/wp\/v2\/comments?post=19770"}],"version-history":[{"count":1,"href":"https:\/\/rutana.lt\/en\/wp-json\/wp\/v2\/product\/19770\/revisions"}],"predecessor-version":[{"id":19810,"href":"https:\/\/rutana.lt\/en\/wp-json\/wp\/v2\/product\/19770\/revisions\/19810"}],"wp:featuredmedia":[{"embeddable":true,"href":"https:\/\/rutana.lt\/en\/wp-json\/wp\/v2\/media\/30176"}],"wp:attachment":[{"href":"https:\/\/rutana.lt\/en\/wp-json\/wp\/v2\/media?parent=19770"}],"wp:term":[{"taxonomy":"product_brand","embeddable":true,"href":"https:\/\/rutana.lt\/en\/wp-json\/wp\/v2\/product_brand?post=19770"},{"taxonomy":"product_cat","embeddable":true,"href":"https:\/\/rutana.lt\/en\/wp-json\/wp\/v2\/product_cat?post=19770"},{"taxonomy":"product_tag","embeddable":true,"href":"https:\/\/rutana.lt\/en\/wp-json\/wp\/v2\/product_tag?post=19770"}],"curies":[{"name":"wp","href":"https:\/\/api.w.org\/{rel}","templated":true}]}}