{"id":19765,"date":"2025-09-03T10:08:33","date_gmt":"2025-09-03T08:08:33","guid":{"rendered":"https:\/\/rutana.webdemo.lt\/?post_type=product&#038;p=19765"},"modified":"2025-10-13T16:00:09","modified_gmt":"2025-10-13T14:00:09","slug":"spalvoti-piestukai-colorplus-12-spalvu-lamy-4033468","status":"publish","type":"product","link":"https:\/\/rutana.lt\/en\/product\/spalvoti-piestukai-colorplus-12-spalvu-lamy-4033468\/","title":{"rendered":"Spalvoti pie\u0161tukai &#8222;Colorplus&#8221; 12 spalv\u0173 Lamy 4033468"},"content":{"rendered":"<p>Su \u201eLAMY\u201c spalvotais pie\u0161tukais \u201ecolourplus\u201c, skirtais mokyklai ir pom\u0117giams, k\u016brybi\u0161kumui n\u0117ra rib\u0173. Jie yra plonos, trikamp\u0117s formos, tod\u0117l juos patogu laikyti. Plonas, bet atsparus l\u016b\u017eiams grafitas tinka ne tik paprastiems eskizams, bet ir sud\u0117tingesniems pie\u0161iniams. \u201eColourplus\u201c spalvoti pie\u0161tukai suteikia malon\u0173 spalvinimo poj\u016bt\u012f, tod\u0117l idealiai tinka spalvinimui vaikams, ilgesn\u0117ms pie\u0161imo sesijoms ir visiems, kurie m\u0117gsta pie\u0161ti. Intensyvios spalvos spalvoti pie\u0161tukai visoms am\u017eiaus grup\u0117ms. Ergonomi\u0161ka trikamp\u0117 forma ir matinis pavir\u0161ius. <\/p>\n<p>Spalv\u0173 kiekis: 12<\/p>\n<p>Grafito storis: 3 mm<\/p>\n<p>Padro\u017eti: taip<\/p>\n<p>Kilm\u0117s \u0161alis: Vokietija<\/p>\n<\/p>\n<p><\/p>","protected":false},"excerpt":{"rendered":"<p>Su \u201eLAMY\u201c spalvotais pie\u0161tukais \u201ecolourplus\u201c, skirtais mokyklai ir pom\u0117giams, k\u016brybi\u0161kumui n\u0117ra rib\u0173. Jie yra plonos, trikamp\u0117s formos, tod\u0117l juos patogu laikyti. Plonas, bet atsparus l\u016b\u017eiams grafitas tinka ne tik paprastiems eskizams, bet ir sud\u0117tingesniems pie\u0161iniams. \u201eColourplus\u201c spalvoti pie\u0161tukai suteikia malon\u0173 spalvinimo poj\u016bt\u012f, tod\u0117l idealiai tinka spalvinimui vaikams, ilgesn\u0117ms pie\u0161imo sesijoms ir visiems, kurie m\u0117gsta pie\u0161ti. [&hellip;]<\/p>","protected":false},"featured_media":30171,"comment_status":"open","ping_status":"closed","template":"","meta":{"_season_start":"","_season_end":"","_season_days":"","_season_months":"","_season_auto_visibility":""},"product_brand":[667],"product_cat":[1809],"product_tag":[],"class_list":{"0":"post-19765","1":"product","2":"type-product","3":"status-publish","4":"has-post-thumbnail","6":"product_brand-lamy","7":"product_cat-spalvoti-piestukai","9":"first","10":"instock","11":"taxable","12":"shipping-taxable","13":"purchasable","14":"product-type-simple"},"yoast_head":"<!-- This site is optimized with the Yoast SEO plugin v27.4 - https:\/\/yoast.com\/product\/yoast-seo-wordpress\/ -->\n<title>Spalvoti pie\u0161tukai &quot;Colorplus&quot; 12 spalv\u0173 Lamy 4033468 - Rutana - Ra\u0161tin\u0117s reikmenys<\/title>\n<meta name=\"robots\" content=\"index, follow, max-snippet:-1, max-image-preview:large, max-video-preview:-1\" \/>\n<link rel=\"canonical\" href=\"https:\/\/rutana.lt\/en\/product\/spalvoti-piestukai-colorplus-12-spalvu-lamy-4033468\/\" \/>\n<meta property=\"og:locale\" content=\"en_US\" \/>\n<meta property=\"og:type\" content=\"article\" \/>\n<meta property=\"og:title\" content=\"Spalvoti pie\u0161tukai &quot;Colorplus&quot; 12 spalv\u0173 Lamy 4033468 - Rutana - Ra\u0161tin\u0117s reikmenys\" \/>\n<meta property=\"og:description\" content=\"Su \u201eLAMY\u201c spalvotais pie\u0161tukais \u201ecolourplus\u201c, skirtais mokyklai ir pom\u0117giams, k\u016brybi\u0161kumui n\u0117ra rib\u0173. Jie yra plonos, trikamp\u0117s formos, tod\u0117l juos patogu laikyti. Plonas, bet atsparus l\u016b\u017eiams grafitas tinka ne tik paprastiems eskizams, bet ir sud\u0117tingesniems pie\u0161iniams. \u201eColourplus\u201c spalvoti pie\u0161tukai suteikia malon\u0173 spalvinimo poj\u016bt\u012f, tod\u0117l idealiai tinka spalvinimui vaikams, ilgesn\u0117ms pie\u0161imo sesijoms ir visiems, kurie m\u0117gsta pie\u0161ti. [&hellip;]\" \/>\n<meta property=\"og:url\" content=\"https:\/\/rutana.lt\/en\/product\/spalvoti-piestukai-colorplus-12-spalvu-lamy-4033468\/\" \/>\n<meta property=\"og:site_name\" content=\"Rutana - Ra\u0161tin\u0117s reikmenys\" \/>\n<meta property=\"article:publisher\" content=\"https:\/\/www.facebook.com\/RutanaKanceliarinesPrekes\/\" \/>\n<meta property=\"article:modified_time\" content=\"2025-10-13T14:00:09+00:00\" \/>\n<meta property=\"og:image\" content=\"https:\/\/rutana.lt\/wp-content\/uploads\/2025\/09\/C084-104.jpg\" \/>\n\t<meta property=\"og:image:width\" content=\"1000\" \/>\n\t<meta property=\"og:image:height\" content=\"1000\" \/>\n\t<meta property=\"og:image:type\" content=\"image\/jpeg\" \/>\n<meta name=\"twitter:card\" content=\"summary_large_image\" \/>\n<meta name=\"twitter:label1\" content=\"Est. reading time\" \/>\n\t<meta name=\"twitter:data1\" content=\"1 minute\" \/>\n<script type=\"application\/ld+json\" class=\"yoast-schema-graph\">{\"@context\":\"https:\\\/\\\/schema.org\",\"@graph\":[{\"@type\":\"WebPage\",\"@id\":\"https:\\\/\\\/rutana.lt\\\/produktas\\\/spalvoti-piestukai-colorplus-12-spalvu-lamy-4033468\\\/\",\"url\":\"https:\\\/\\\/rutana.lt\\\/produktas\\\/spalvoti-piestukai-colorplus-12-spalvu-lamy-4033468\\\/\",\"name\":\"Spalvoti pie\u0161tukai \\\"Colorplus\\\" 12 spalv\u0173 Lamy 4033468 - Rutana - Ra\u0161tin\u0117s reikmenys\",\"isPartOf\":{\"@id\":\"https:\\\/\\\/rutana.lt\\\/#website\"},\"primaryImageOfPage\":{\"@id\":\"https:\\\/\\\/rutana.lt\\\/produktas\\\/spalvoti-piestukai-colorplus-12-spalvu-lamy-4033468\\\/#primaryimage\"},\"image\":{\"@id\":\"https:\\\/\\\/rutana.lt\\\/produktas\\\/spalvoti-piestukai-colorplus-12-spalvu-lamy-4033468\\\/#primaryimage\"},\"thumbnailUrl\":\"https:\\\/\\\/rutana.lt\\\/wp-content\\\/uploads\\\/2025\\\/09\\\/C084-104-1.jpg?v=1763563354\",\"datePublished\":\"2025-09-03T08:08:33+00:00\",\"dateModified\":\"2025-10-13T14:00:09+00:00\",\"breadcrumb\":{\"@id\":\"https:\\\/\\\/rutana.lt\\\/produktas\\\/spalvoti-piestukai-colorplus-12-spalvu-lamy-4033468\\\/#breadcrumb\"},\"inLanguage\":\"en-US\",\"potentialAction\":[{\"@type\":\"ReadAction\",\"target\":[\"https:\\\/\\\/rutana.lt\\\/produktas\\\/spalvoti-piestukai-colorplus-12-spalvu-lamy-4033468\\\/\"]}]},{\"@type\":\"ImageObject\",\"inLanguage\":\"en-US\",\"@id\":\"https:\\\/\\\/rutana.lt\\\/produktas\\\/spalvoti-piestukai-colorplus-12-spalvu-lamy-4033468\\\/#primaryimage\",\"url\":\"https:\\\/\\\/rutana.lt\\\/wp-content\\\/uploads\\\/2025\\\/09\\\/C084-104-1.jpg?v=1763563354\",\"contentUrl\":\"https:\\\/\\\/rutana.lt\\\/wp-content\\\/uploads\\\/2025\\\/09\\\/C084-104-1.jpg?v=1763563354\",\"width\":1000,\"height\":1000},{\"@type\":\"BreadcrumbList\",\"@id\":\"https:\\\/\\\/rutana.lt\\\/produktas\\\/spalvoti-piestukai-colorplus-12-spalvu-lamy-4033468\\\/#breadcrumb\",\"itemListElement\":[{\"@type\":\"ListItem\",\"position\":1,\"name\":\"Home\",\"item\":\"https:\\\/\\\/rutana.lt\\\/\"},{\"@type\":\"ListItem\",\"position\":2,\"name\":\"Parduotuv\u0117\",\"item\":\"https:\\\/\\\/rutana.lt\\\/parduotuve\\\/\"},{\"@type\":\"ListItem\",\"position\":3,\"name\":\"Spalvoti pie\u0161tukai &#8222;Colorplus&#8221; 12 spalv\u0173 Lamy 4033468\"}]},{\"@type\":\"WebSite\",\"@id\":\"https:\\\/\\\/rutana.lt\\\/#website\",\"url\":\"https:\\\/\\\/rutana.lt\\\/\",\"name\":\"Rutana - Ra\u0161tin\u0117s reikmenys\",\"description\":\"Prekiaujame pasaulin\u0117je rinkoje pripa\u017eintomis, kokybi\u0161komis biuro prek\u0117mis toki\u0173  gamintoj\u0173 kaip: Schneider, Esselte, Novus, 3M, Faber-Castell, Citizen, Milan, Leitz, Colop, Zebra, Staedtler, Durable, Tork, Parker, Waterman ir kt.\",\"publisher\":{\"@id\":\"https:\\\/\\\/rutana.lt\\\/#organization\"},\"potentialAction\":[{\"@type\":\"SearchAction\",\"target\":{\"@type\":\"EntryPoint\",\"urlTemplate\":\"https:\\\/\\\/rutana.lt\\\/?s={search_term_string}\"},\"query-input\":{\"@type\":\"PropertyValueSpecification\",\"valueRequired\":true,\"valueName\":\"search_term_string\"}}],\"inLanguage\":\"en-US\"},{\"@type\":\"Organization\",\"@id\":\"https:\\\/\\\/rutana.lt\\\/#organization\",\"name\":\"Rutana - Ra\u0161tin\u0117s reikmenys\",\"url\":\"https:\\\/\\\/rutana.lt\\\/\",\"logo\":{\"@type\":\"ImageObject\",\"inLanguage\":\"en-US\",\"@id\":\"https:\\\/\\\/rutana.lt\\\/#\\\/schema\\\/logo\\\/image\\\/\",\"url\":\"https:\\\/\\\/rutana.lt\\\/wp-content\\\/uploads\\\/2025\\\/10\\\/Asset-32.png\",\"contentUrl\":\"https:\\\/\\\/rutana.lt\\\/wp-content\\\/uploads\\\/2025\\\/10\\\/Asset-32.png\",\"width\":433,\"height\":119,\"caption\":\"Rutana - Ra\u0161tin\u0117s reikmenys\"},\"image\":{\"@id\":\"https:\\\/\\\/rutana.lt\\\/#\\\/schema\\\/logo\\\/image\\\/\"},\"sameAs\":[\"https:\\\/\\\/www.facebook.com\\\/RutanaKanceliarinesPrekes\\\/\"]}]}<\/script>\n<!-- \/ Yoast SEO plugin. -->","yoast_head_json":{"title":"Spalvoti pie\u0161tukai \"Colorplus\" 12 spalv\u0173 Lamy 4033468 - Rutana - Ra\u0161tin\u0117s reikmenys","robots":{"index":"index","follow":"follow","max-snippet":"max-snippet:-1","max-image-preview":"max-image-preview:large","max-video-preview":"max-video-preview:-1"},"canonical":"https:\/\/rutana.lt\/en\/product\/spalvoti-piestukai-colorplus-12-spalvu-lamy-4033468\/","og_locale":"en_US","og_type":"article","og_title":"Spalvoti pie\u0161tukai \"Colorplus\" 12 spalv\u0173 Lamy 4033468 - Rutana - Ra\u0161tin\u0117s reikmenys","og_description":"Su \u201eLAMY\u201c spalvotais pie\u0161tukais \u201ecolourplus\u201c, skirtais mokyklai ir pom\u0117giams, k\u016brybi\u0161kumui n\u0117ra rib\u0173. Jie yra plonos, trikamp\u0117s formos, tod\u0117l juos patogu laikyti. Plonas, bet atsparus l\u016b\u017eiams grafitas tinka ne tik paprastiems eskizams, bet ir sud\u0117tingesniems pie\u0161iniams. \u201eColourplus\u201c spalvoti pie\u0161tukai suteikia malon\u0173 spalvinimo poj\u016bt\u012f, tod\u0117l idealiai tinka spalvinimui vaikams, ilgesn\u0117ms pie\u0161imo sesijoms ir visiems, kurie m\u0117gsta pie\u0161ti. [&hellip;]","og_url":"https:\/\/rutana.lt\/en\/product\/spalvoti-piestukai-colorplus-12-spalvu-lamy-4033468\/","og_site_name":"Rutana - Ra\u0161tin\u0117s reikmenys","article_publisher":"https:\/\/www.facebook.com\/RutanaKanceliarinesPrekes\/","article_modified_time":"2025-10-13T14:00:09+00:00","og_image":[{"width":1000,"height":1000,"url":"https:\/\/rutana.lt\/wp-content\/uploads\/2025\/09\/C084-104.jpg","type":"image\/jpeg"}],"twitter_card":"summary_large_image","twitter_misc":{"Est. reading time":"1 minute"},"schema":{"@context":"https:\/\/schema.org","@graph":[{"@type":"WebPage","@id":"https:\/\/rutana.lt\/produktas\/spalvoti-piestukai-colorplus-12-spalvu-lamy-4033468\/","url":"https:\/\/rutana.lt\/produktas\/spalvoti-piestukai-colorplus-12-spalvu-lamy-4033468\/","name":"Spalvoti pie\u0161tukai \"Colorplus\" 12 spalv\u0173 Lamy 4033468 - Rutana - Ra\u0161tin\u0117s reikmenys","isPartOf":{"@id":"https:\/\/rutana.lt\/#website"},"primaryImageOfPage":{"@id":"https:\/\/rutana.lt\/produktas\/spalvoti-piestukai-colorplus-12-spalvu-lamy-4033468\/#primaryimage"},"image":{"@id":"https:\/\/rutana.lt\/produktas\/spalvoti-piestukai-colorplus-12-spalvu-lamy-4033468\/#primaryimage"},"thumbnailUrl":"https:\/\/rutana.lt\/wp-content\/uploads\/2025\/09\/C084-104-1.jpg?v=1763563354","datePublished":"2025-09-03T08:08:33+00:00","dateModified":"2025-10-13T14:00:09+00:00","breadcrumb":{"@id":"https:\/\/rutana.lt\/produktas\/spalvoti-piestukai-colorplus-12-spalvu-lamy-4033468\/#breadcrumb"},"inLanguage":"en-US","potentialAction":[{"@type":"ReadAction","target":["https:\/\/rutana.lt\/produktas\/spalvoti-piestukai-colorplus-12-spalvu-lamy-4033468\/"]}]},{"@type":"ImageObject","inLanguage":"en-US","@id":"https:\/\/rutana.lt\/produktas\/spalvoti-piestukai-colorplus-12-spalvu-lamy-4033468\/#primaryimage","url":"https:\/\/rutana.lt\/wp-content\/uploads\/2025\/09\/C084-104-1.jpg?v=1763563354","contentUrl":"https:\/\/rutana.lt\/wp-content\/uploads\/2025\/09\/C084-104-1.jpg?v=1763563354","width":1000,"height":1000},{"@type":"BreadcrumbList","@id":"https:\/\/rutana.lt\/produktas\/spalvoti-piestukai-colorplus-12-spalvu-lamy-4033468\/#breadcrumb","itemListElement":[{"@type":"ListItem","position":1,"name":"Home","item":"https:\/\/rutana.lt\/"},{"@type":"ListItem","position":2,"name":"Parduotuv\u0117","item":"https:\/\/rutana.lt\/parduotuve\/"},{"@type":"ListItem","position":3,"name":"Spalvoti pie\u0161tukai &#8222;Colorplus&#8221; 12 spalv\u0173 Lamy 4033468"}]},{"@type":"WebSite","@id":"https:\/\/rutana.lt\/#website","url":"https:\/\/rutana.lt\/","name":"Rutana - Ra\u0161tin\u0117s reikmenys","description":"Prekiaujame pasaulin\u0117je rinkoje pripa\u017eintomis, kokybi\u0161komis biuro prek\u0117mis toki\u0173  gamintoj\u0173 kaip: Schneider, Esselte, Novus, 3M, Faber-Castell, Citizen, Milan, Leitz, Colop, Zebra, Staedtler, Durable, Tork, Parker, Waterman ir kt.","publisher":{"@id":"https:\/\/rutana.lt\/#organization"},"potentialAction":[{"@type":"SearchAction","target":{"@type":"EntryPoint","urlTemplate":"https:\/\/rutana.lt\/?s={search_term_string}"},"query-input":{"@type":"PropertyValueSpecification","valueRequired":true,"valueName":"search_term_string"}}],"inLanguage":"en-US"},{"@type":"Organization","@id":"https:\/\/rutana.lt\/#organization","name":"Rutana - Ra\u0161tin\u0117s reikmenys","url":"https:\/\/rutana.lt\/","logo":{"@type":"ImageObject","inLanguage":"en-US","@id":"https:\/\/rutana.lt\/#\/schema\/logo\/image\/","url":"https:\/\/rutana.lt\/wp-content\/uploads\/2025\/10\/Asset-32.png","contentUrl":"https:\/\/rutana.lt\/wp-content\/uploads\/2025\/10\/Asset-32.png","width":433,"height":119,"caption":"Rutana - Ra\u0161tin\u0117s reikmenys"},"image":{"@id":"https:\/\/rutana.lt\/#\/schema\/logo\/image\/"},"sameAs":["https:\/\/www.facebook.com\/RutanaKanceliarinesPrekes\/"]}]}},"_links":{"self":[{"href":"https:\/\/rutana.lt\/en\/wp-json\/wp\/v2\/product\/19765","targetHints":{"allow":["GET"]}}],"collection":[{"href":"https:\/\/rutana.lt\/en\/wp-json\/wp\/v2\/product"}],"about":[{"href":"https:\/\/rutana.lt\/en\/wp-json\/wp\/v2\/types\/product"}],"replies":[{"embeddable":true,"href":"https:\/\/rutana.lt\/en\/wp-json\/wp\/v2\/comments?post=19765"}],"version-history":[{"count":1,"href":"https:\/\/rutana.lt\/en\/wp-json\/wp\/v2\/product\/19765\/revisions"}],"predecessor-version":[{"id":19800,"href":"https:\/\/rutana.lt\/en\/wp-json\/wp\/v2\/product\/19765\/revisions\/19800"}],"wp:featuredmedia":[{"embeddable":true,"href":"https:\/\/rutana.lt\/en\/wp-json\/wp\/v2\/media\/30171"}],"wp:attachment":[{"href":"https:\/\/rutana.lt\/en\/wp-json\/wp\/v2\/media?parent=19765"}],"wp:term":[{"taxonomy":"product_brand","embeddable":true,"href":"https:\/\/rutana.lt\/en\/wp-json\/wp\/v2\/product_brand?post=19765"},{"taxonomy":"product_cat","embeddable":true,"href":"https:\/\/rutana.lt\/en\/wp-json\/wp\/v2\/product_cat?post=19765"},{"taxonomy":"product_tag","embeddable":true,"href":"https:\/\/rutana.lt\/en\/wp-json\/wp\/v2\/product_tag?post=19765"}],"curies":[{"name":"wp","href":"https:\/\/api.w.org\/{rel}","templated":true}]}}