{"id":19763,"date":"2025-09-03T10:08:33","date_gmt":"2025-09-03T08:08:33","guid":{"rendered":"https:\/\/rutana.webdemo.lt\/?post_type=product&#038;p=19763"},"modified":"2025-10-13T16:00:09","modified_gmt":"2025-10-13T14:00:09","slug":"ausines-belaides-dodiax-baltos-mkto-20295","status":"publish","type":"product","link":"https:\/\/rutana.lt\/en\/product\/ausines-belaides-dodiax-baltos-mkto-20295\/","title":{"rendered":"Ausin\u0117s belaid\u0117s &#8222;Dodiax&#8221; baltos MKTO 20295"},"content":{"rendered":"<p>Ausin\u0117s su \u201eBluetooth\u00ae 5.3\u201c ry\u0161iu ir laisv\u0173 rank\u0173 \u012franga. Ergonomi\u0161ko dizaino, su ausin\u0117je integruotu jutikliniu valdymo mygtuku ir atitinkamu \u012fkrovimo pagrindu. Pateikiamos individualioje \u201ekraft\u201c dizaino d\u0117\u017eut\u0117je. <\/p>\n<p>Ant prek\u0117s galima u\u017ed\u0117ti reklamin\u012f \u012fmon\u0117s logotip\u0105 ar kitok\u012f u\u017era\u0161\u0105 jums pageidaujamoje vietoje bei j\u016bs\u0173 pasirinktu b\u016bdu. Kaina nurodyta tik prek\u0117s, be u\u017era\u0161o. U\u017era\u0161o kaina priklauso nuo u\u017esakomo kiekio ir u\u017ed\u0117jimo b\u016bdo. <\/p>\n<p>Ausini\u0173 tipas: \u012f ausis dedamos<\/p>\n<p>Duomen\u0173 perdavimas: Bluetooth 5.3<\/p>\n<p>Veikimo atstumas: iki 10 m<\/p>\n<p>\u012ekrovimo stotel\u0117s baterija: 300 mAh<\/p>\n<p>Ausin\u0117s baterija: 30 mAh<\/p>\n<p>Atkuriam\u0173 da\u017eni\u0173 diapozonas: 20 &#8211; 20.000 Hz<\/p>\n<p>Krovimo laikas: ausin\u0117s iki 1.5 h<\/p>\n<p>Grojimo laikas: 3 &#8211; 4 h<\/p>\n<p>Spalva: balta<\/p>\n<p>Matmenys: 54 x 46 x 21 mm<\/p>\n<p>Svoris: 38 g<\/p>\n<p style=\"margin-bottom: 10px;\">U\u017era\u0161o u\u017ed\u0117jimo galimi b\u016bdai: tamponin\u0117 arba skaitmenin\u0117 spauda, <\/p>\n<p style=\"margin-bottom: 10px;\">U\u017era\u0161o u\u017ed\u0117jimo galimos vietos: ant \u012fkrovimo stotel\u0117s korpuso arba ausin\u0117s<\/p>\n<p><\/p>","protected":false},"excerpt":{"rendered":"<p>Ausin\u0117s su \u201eBluetooth\u00ae 5.3\u201c ry\u0161iu ir laisv\u0173 rank\u0173 \u012franga. Ergonomi\u0161ko dizaino, su ausin\u0117je integruotu jutikliniu valdymo mygtuku ir atitinkamu \u012fkrovimo pagrindu. Pateikiamos individualioje \u201ekraft\u201c dizaino d\u0117\u017eut\u0117je. Ant prek\u0117s galima u\u017ed\u0117ti reklamin\u012f \u012fmon\u0117s logotip\u0105 ar kitok\u012f u\u017era\u0161\u0105 jums pageidaujamoje vietoje bei j\u016bs\u0173 pasirinktu b\u016bdu. Kaina nurodyta tik prek\u0117s, be u\u017era\u0161o. U\u017era\u0161o kaina priklauso nuo u\u017esakomo kiekio [&hellip;]<\/p>","protected":false},"featured_media":30169,"comment_status":"open","ping_status":"closed","template":"","meta":{"_season_start":"","_season_end":"","_season_days":"","_season_months":"","_season_auto_visibility":""},"product_brand":[1115],"product_cat":[1705],"product_tag":[],"class_list":{"0":"post-19763","1":"product","2":"type-product","3":"status-publish","4":"has-post-thumbnail","6":"product_brand-mkto","7":"product_cat-ausines-ir-garso-koloneles","9":"first","10":"instock","11":"taxable","12":"shipping-taxable","13":"purchasable","14":"product-type-simple"},"yoast_head":"<!-- This site is optimized with the Yoast SEO plugin v27.4 - https:\/\/yoast.com\/product\/yoast-seo-wordpress\/ -->\n<title>Ausin\u0117s belaid\u0117s &quot;Dodiax&quot; baltos MKTO 20295 - Rutana - Ra\u0161tin\u0117s reikmenys<\/title>\n<meta name=\"robots\" content=\"index, follow, max-snippet:-1, max-image-preview:large, max-video-preview:-1\" \/>\n<link rel=\"canonical\" href=\"https:\/\/rutana.lt\/en\/product\/ausines-belaides-dodiax-baltos-mkto-20295\/\" \/>\n<meta property=\"og:locale\" content=\"en_US\" \/>\n<meta property=\"og:type\" content=\"article\" \/>\n<meta property=\"og:title\" content=\"Ausin\u0117s belaid\u0117s &quot;Dodiax&quot; baltos MKTO 20295 - Rutana - Ra\u0161tin\u0117s reikmenys\" \/>\n<meta property=\"og:description\" content=\"Ausin\u0117s su \u201eBluetooth\u00ae 5.3\u201c ry\u0161iu ir laisv\u0173 rank\u0173 \u012franga. Ergonomi\u0161ko dizaino, su ausin\u0117je integruotu jutikliniu valdymo mygtuku ir atitinkamu \u012fkrovimo pagrindu. Pateikiamos individualioje \u201ekraft\u201c dizaino d\u0117\u017eut\u0117je. Ant prek\u0117s galima u\u017ed\u0117ti reklamin\u012f \u012fmon\u0117s logotip\u0105 ar kitok\u012f u\u017era\u0161\u0105 jums pageidaujamoje vietoje bei j\u016bs\u0173 pasirinktu b\u016bdu. Kaina nurodyta tik prek\u0117s, be u\u017era\u0161o. U\u017era\u0161o kaina priklauso nuo u\u017esakomo kiekio [&hellip;]\" \/>\n<meta property=\"og:url\" content=\"https:\/\/rutana.lt\/en\/product\/ausines-belaides-dodiax-baltos-mkto-20295\/\" \/>\n<meta property=\"og:site_name\" content=\"Rutana - Ra\u0161tin\u0117s reikmenys\" \/>\n<meta property=\"article:publisher\" content=\"https:\/\/www.facebook.com\/RutanaKanceliarinesPrekes\/\" \/>\n<meta property=\"article:modified_time\" content=\"2025-10-13T14:00:09+00:00\" \/>\n<meta property=\"og:image\" content=\"https:\/\/rutana.lt\/wp-content\/uploads\/2025\/09\/B039-816.jpg\" \/>\n\t<meta property=\"og:image:width\" content=\"1000\" \/>\n\t<meta property=\"og:image:height\" content=\"1000\" \/>\n\t<meta property=\"og:image:type\" content=\"image\/jpeg\" \/>\n<meta name=\"twitter:card\" content=\"summary_large_image\" \/>\n<meta name=\"twitter:label1\" content=\"Est. reading time\" \/>\n\t<meta name=\"twitter:data1\" content=\"1 minute\" \/>\n<script type=\"application\/ld+json\" class=\"yoast-schema-graph\">{\"@context\":\"https:\\\/\\\/schema.org\",\"@graph\":[{\"@type\":\"WebPage\",\"@id\":\"https:\\\/\\\/rutana.lt\\\/produktas\\\/ausines-belaides-dodiax-baltos-mkto-20295\\\/\",\"url\":\"https:\\\/\\\/rutana.lt\\\/produktas\\\/ausines-belaides-dodiax-baltos-mkto-20295\\\/\",\"name\":\"Ausin\u0117s belaid\u0117s \\\"Dodiax\\\" baltos MKTO 20295 - Rutana - Ra\u0161tin\u0117s reikmenys\",\"isPartOf\":{\"@id\":\"https:\\\/\\\/rutana.lt\\\/#website\"},\"primaryImageOfPage\":{\"@id\":\"https:\\\/\\\/rutana.lt\\\/produktas\\\/ausines-belaides-dodiax-baltos-mkto-20295\\\/#primaryimage\"},\"image\":{\"@id\":\"https:\\\/\\\/rutana.lt\\\/produktas\\\/ausines-belaides-dodiax-baltos-mkto-20295\\\/#primaryimage\"},\"thumbnailUrl\":\"https:\\\/\\\/rutana.lt\\\/wp-content\\\/uploads\\\/2025\\\/09\\\/B039-816-3.jpg?v=1763563355\",\"datePublished\":\"2025-09-03T08:08:33+00:00\",\"dateModified\":\"2025-10-13T14:00:09+00:00\",\"breadcrumb\":{\"@id\":\"https:\\\/\\\/rutana.lt\\\/produktas\\\/ausines-belaides-dodiax-baltos-mkto-20295\\\/#breadcrumb\"},\"inLanguage\":\"en-US\",\"potentialAction\":[{\"@type\":\"ReadAction\",\"target\":[\"https:\\\/\\\/rutana.lt\\\/produktas\\\/ausines-belaides-dodiax-baltos-mkto-20295\\\/\"]}]},{\"@type\":\"ImageObject\",\"inLanguage\":\"en-US\",\"@id\":\"https:\\\/\\\/rutana.lt\\\/produktas\\\/ausines-belaides-dodiax-baltos-mkto-20295\\\/#primaryimage\",\"url\":\"https:\\\/\\\/rutana.lt\\\/wp-content\\\/uploads\\\/2025\\\/09\\\/B039-816-3.jpg?v=1763563355\",\"contentUrl\":\"https:\\\/\\\/rutana.lt\\\/wp-content\\\/uploads\\\/2025\\\/09\\\/B039-816-3.jpg?v=1763563355\",\"width\":1000,\"height\":1000},{\"@type\":\"BreadcrumbList\",\"@id\":\"https:\\\/\\\/rutana.lt\\\/produktas\\\/ausines-belaides-dodiax-baltos-mkto-20295\\\/#breadcrumb\",\"itemListElement\":[{\"@type\":\"ListItem\",\"position\":1,\"name\":\"Home\",\"item\":\"https:\\\/\\\/rutana.lt\\\/\"},{\"@type\":\"ListItem\",\"position\":2,\"name\":\"Parduotuv\u0117\",\"item\":\"https:\\\/\\\/rutana.lt\\\/parduotuve\\\/\"},{\"@type\":\"ListItem\",\"position\":3,\"name\":\"Ausin\u0117s belaid\u0117s &#8222;Dodiax&#8221; baltos MKTO 20295\"}]},{\"@type\":\"WebSite\",\"@id\":\"https:\\\/\\\/rutana.lt\\\/#website\",\"url\":\"https:\\\/\\\/rutana.lt\\\/\",\"name\":\"Rutana - Ra\u0161tin\u0117s reikmenys\",\"description\":\"Prekiaujame pasaulin\u0117je rinkoje pripa\u017eintomis, kokybi\u0161komis biuro prek\u0117mis toki\u0173  gamintoj\u0173 kaip: Schneider, Esselte, Novus, 3M, Faber-Castell, Citizen, Milan, Leitz, Colop, Zebra, Staedtler, Durable, Tork, Parker, Waterman ir kt.\",\"publisher\":{\"@id\":\"https:\\\/\\\/rutana.lt\\\/#organization\"},\"potentialAction\":[{\"@type\":\"SearchAction\",\"target\":{\"@type\":\"EntryPoint\",\"urlTemplate\":\"https:\\\/\\\/rutana.lt\\\/?s={search_term_string}\"},\"query-input\":{\"@type\":\"PropertyValueSpecification\",\"valueRequired\":true,\"valueName\":\"search_term_string\"}}],\"inLanguage\":\"en-US\"},{\"@type\":\"Organization\",\"@id\":\"https:\\\/\\\/rutana.lt\\\/#organization\",\"name\":\"Rutana - Ra\u0161tin\u0117s reikmenys\",\"url\":\"https:\\\/\\\/rutana.lt\\\/\",\"logo\":{\"@type\":\"ImageObject\",\"inLanguage\":\"en-US\",\"@id\":\"https:\\\/\\\/rutana.lt\\\/#\\\/schema\\\/logo\\\/image\\\/\",\"url\":\"https:\\\/\\\/rutana.lt\\\/wp-content\\\/uploads\\\/2025\\\/10\\\/Asset-32.png\",\"contentUrl\":\"https:\\\/\\\/rutana.lt\\\/wp-content\\\/uploads\\\/2025\\\/10\\\/Asset-32.png\",\"width\":433,\"height\":119,\"caption\":\"Rutana - Ra\u0161tin\u0117s reikmenys\"},\"image\":{\"@id\":\"https:\\\/\\\/rutana.lt\\\/#\\\/schema\\\/logo\\\/image\\\/\"},\"sameAs\":[\"https:\\\/\\\/www.facebook.com\\\/RutanaKanceliarinesPrekes\\\/\"]}]}<\/script>\n<!-- \/ Yoast SEO plugin. -->","yoast_head_json":{"title":"Ausin\u0117s belaid\u0117s \"Dodiax\" baltos MKTO 20295 - Rutana - Ra\u0161tin\u0117s reikmenys","robots":{"index":"index","follow":"follow","max-snippet":"max-snippet:-1","max-image-preview":"max-image-preview:large","max-video-preview":"max-video-preview:-1"},"canonical":"https:\/\/rutana.lt\/en\/product\/ausines-belaides-dodiax-baltos-mkto-20295\/","og_locale":"en_US","og_type":"article","og_title":"Ausin\u0117s belaid\u0117s \"Dodiax\" baltos MKTO 20295 - Rutana - Ra\u0161tin\u0117s reikmenys","og_description":"Ausin\u0117s su \u201eBluetooth\u00ae 5.3\u201c ry\u0161iu ir laisv\u0173 rank\u0173 \u012franga. Ergonomi\u0161ko dizaino, su ausin\u0117je integruotu jutikliniu valdymo mygtuku ir atitinkamu \u012fkrovimo pagrindu. Pateikiamos individualioje \u201ekraft\u201c dizaino d\u0117\u017eut\u0117je. Ant prek\u0117s galima u\u017ed\u0117ti reklamin\u012f \u012fmon\u0117s logotip\u0105 ar kitok\u012f u\u017era\u0161\u0105 jums pageidaujamoje vietoje bei j\u016bs\u0173 pasirinktu b\u016bdu. Kaina nurodyta tik prek\u0117s, be u\u017era\u0161o. U\u017era\u0161o kaina priklauso nuo u\u017esakomo kiekio [&hellip;]","og_url":"https:\/\/rutana.lt\/en\/product\/ausines-belaides-dodiax-baltos-mkto-20295\/","og_site_name":"Rutana - Ra\u0161tin\u0117s reikmenys","article_publisher":"https:\/\/www.facebook.com\/RutanaKanceliarinesPrekes\/","article_modified_time":"2025-10-13T14:00:09+00:00","og_image":[{"width":1000,"height":1000,"url":"https:\/\/rutana.lt\/wp-content\/uploads\/2025\/09\/B039-816.jpg","type":"image\/jpeg"}],"twitter_card":"summary_large_image","twitter_misc":{"Est. reading time":"1 minute"},"schema":{"@context":"https:\/\/schema.org","@graph":[{"@type":"WebPage","@id":"https:\/\/rutana.lt\/produktas\/ausines-belaides-dodiax-baltos-mkto-20295\/","url":"https:\/\/rutana.lt\/produktas\/ausines-belaides-dodiax-baltos-mkto-20295\/","name":"Ausin\u0117s belaid\u0117s \"Dodiax\" baltos MKTO 20295 - Rutana - Ra\u0161tin\u0117s reikmenys","isPartOf":{"@id":"https:\/\/rutana.lt\/#website"},"primaryImageOfPage":{"@id":"https:\/\/rutana.lt\/produktas\/ausines-belaides-dodiax-baltos-mkto-20295\/#primaryimage"},"image":{"@id":"https:\/\/rutana.lt\/produktas\/ausines-belaides-dodiax-baltos-mkto-20295\/#primaryimage"},"thumbnailUrl":"https:\/\/rutana.lt\/wp-content\/uploads\/2025\/09\/B039-816-3.jpg?v=1763563355","datePublished":"2025-09-03T08:08:33+00:00","dateModified":"2025-10-13T14:00:09+00:00","breadcrumb":{"@id":"https:\/\/rutana.lt\/produktas\/ausines-belaides-dodiax-baltos-mkto-20295\/#breadcrumb"},"inLanguage":"en-US","potentialAction":[{"@type":"ReadAction","target":["https:\/\/rutana.lt\/produktas\/ausines-belaides-dodiax-baltos-mkto-20295\/"]}]},{"@type":"ImageObject","inLanguage":"en-US","@id":"https:\/\/rutana.lt\/produktas\/ausines-belaides-dodiax-baltos-mkto-20295\/#primaryimage","url":"https:\/\/rutana.lt\/wp-content\/uploads\/2025\/09\/B039-816-3.jpg?v=1763563355","contentUrl":"https:\/\/rutana.lt\/wp-content\/uploads\/2025\/09\/B039-816-3.jpg?v=1763563355","width":1000,"height":1000},{"@type":"BreadcrumbList","@id":"https:\/\/rutana.lt\/produktas\/ausines-belaides-dodiax-baltos-mkto-20295\/#breadcrumb","itemListElement":[{"@type":"ListItem","position":1,"name":"Home","item":"https:\/\/rutana.lt\/"},{"@type":"ListItem","position":2,"name":"Parduotuv\u0117","item":"https:\/\/rutana.lt\/parduotuve\/"},{"@type":"ListItem","position":3,"name":"Ausin\u0117s belaid\u0117s &#8222;Dodiax&#8221; baltos MKTO 20295"}]},{"@type":"WebSite","@id":"https:\/\/rutana.lt\/#website","url":"https:\/\/rutana.lt\/","name":"Rutana - Ra\u0161tin\u0117s reikmenys","description":"Prekiaujame pasaulin\u0117je rinkoje pripa\u017eintomis, kokybi\u0161komis biuro prek\u0117mis toki\u0173  gamintoj\u0173 kaip: Schneider, Esselte, Novus, 3M, Faber-Castell, Citizen, Milan, Leitz, Colop, Zebra, Staedtler, Durable, Tork, Parker, Waterman ir kt.","publisher":{"@id":"https:\/\/rutana.lt\/#organization"},"potentialAction":[{"@type":"SearchAction","target":{"@type":"EntryPoint","urlTemplate":"https:\/\/rutana.lt\/?s={search_term_string}"},"query-input":{"@type":"PropertyValueSpecification","valueRequired":true,"valueName":"search_term_string"}}],"inLanguage":"en-US"},{"@type":"Organization","@id":"https:\/\/rutana.lt\/#organization","name":"Rutana - Ra\u0161tin\u0117s reikmenys","url":"https:\/\/rutana.lt\/","logo":{"@type":"ImageObject","inLanguage":"en-US","@id":"https:\/\/rutana.lt\/#\/schema\/logo\/image\/","url":"https:\/\/rutana.lt\/wp-content\/uploads\/2025\/10\/Asset-32.png","contentUrl":"https:\/\/rutana.lt\/wp-content\/uploads\/2025\/10\/Asset-32.png","width":433,"height":119,"caption":"Rutana - Ra\u0161tin\u0117s reikmenys"},"image":{"@id":"https:\/\/rutana.lt\/#\/schema\/logo\/image\/"},"sameAs":["https:\/\/www.facebook.com\/RutanaKanceliarinesPrekes\/"]}]}},"_links":{"self":[{"href":"https:\/\/rutana.lt\/en\/wp-json\/wp\/v2\/product\/19763","targetHints":{"allow":["GET"]}}],"collection":[{"href":"https:\/\/rutana.lt\/en\/wp-json\/wp\/v2\/product"}],"about":[{"href":"https:\/\/rutana.lt\/en\/wp-json\/wp\/v2\/types\/product"}],"replies":[{"embeddable":true,"href":"https:\/\/rutana.lt\/en\/wp-json\/wp\/v2\/comments?post=19763"}],"version-history":[{"count":1,"href":"https:\/\/rutana.lt\/en\/wp-json\/wp\/v2\/product\/19763\/revisions"}],"predecessor-version":[{"id":19796,"href":"https:\/\/rutana.lt\/en\/wp-json\/wp\/v2\/product\/19763\/revisions\/19796"}],"wp:featuredmedia":[{"embeddable":true,"href":"https:\/\/rutana.lt\/en\/wp-json\/wp\/v2\/media\/30169"}],"wp:attachment":[{"href":"https:\/\/rutana.lt\/en\/wp-json\/wp\/v2\/media?parent=19763"}],"wp:term":[{"taxonomy":"product_brand","embeddable":true,"href":"https:\/\/rutana.lt\/en\/wp-json\/wp\/v2\/product_brand?post=19763"},{"taxonomy":"product_cat","embeddable":true,"href":"https:\/\/rutana.lt\/en\/wp-json\/wp\/v2\/product_cat?post=19763"},{"taxonomy":"product_tag","embeddable":true,"href":"https:\/\/rutana.lt\/en\/wp-json\/wp\/v2\/product_tag?post=19763"}],"curies":[{"name":"wp","href":"https:\/\/api.w.org\/{rel}","templated":true}]}}