{"id":19662,"date":"2025-09-03T10:07:44","date_gmt":"2025-09-03T08:07:44","guid":{"rendered":"https:\/\/rutana.webdemo.lt\/?post_type=product&#038;p=19662"},"modified":"2025-10-13T15:59:56","modified_gmt":"2025-10-13T13:59:56","slug":"naturalus-vanduo-melt-water-330-ml-gazuotas-stikliniame-butelyje","status":"publish","type":"product","link":"https:\/\/rutana.lt\/en\/product\/naturalus-vanduo-melt-water-330-ml-gazuotas-stikliniame-butelyje\/","title":{"rendered":"Nat\u016bralus vanduo &#8222;Melt Water&#8221; 330 ml gazuotas stikliniame butelyje"},"content":{"rendered":"<p style=\"outline: none; margin-bottom: 1.75em; line-height: 1.8;\"><span style=\"caret-color: rgb(51, 51, 51);\">MELT WATER<\/span><span class=\"apple-converted-space\" style=\"caret-color: rgb(51, 51, 51);\"> <\/span><span style=\"caret-color: rgb(51, 51, 51);\">&#8211; tai i\u0161skirtin\u0117s kokyb\u0117s vanduo, sukurtas pasitelkiant unikali\u0105 ledo tirpsmo technologij\u0105.<\/span><span class=\"apple-converted-space\" style=\"caret-color: rgb(51, 51, 51);\"> <\/span><span style=\"caret-color: rgb(51, 51, 51);\">MELT WATER<\/span><span class=\"apple-converted-space\" style=\"caret-color: rgb(51, 51, 51);\"> <\/span><span style=\"caret-color: rgb(51, 51, 51);\">vanduo i\u0161gaunamas i\u0161 artezinio gr\u0119\u017einio ir pasitelkiant speciali\u0105 formul\u0119, yra i\u0161gryninamas daugiapakopi\u0173 \u0161aldymo bei tirpinimo proces\u0173 metu.<\/span><span class=\"apple-converted-space\" style=\"caret-color: rgb(51, 51, 51);\"> Gamintojas a<\/span><span style=\"caret-color: rgb(51, 51, 51);\">tkartodamas nat\u016bralius ledyn\u0173 formavimosi ir tirpsmo etapus, Jums suk\u016br\u0117 \u0161al\u010diu i\u0161grynint\u0105 premium kokyb\u0117s vanden\u012f. <\/span><br \/><span style=\"text-align: justify;\">Talpa: 330 ml<\/span><br \/>Tara: stiklas<br \/>Vanduo: gazuotas<br \/>Depozitas: kaina nurodyta su depozitu<br \/>Kilm\u0117s \u0161alis: Lietuva<\/p>\n<p style=\"outline: none; margin-bottom: 1.75em; line-height: 1.8;\"><\/p>\n<p><iframe src=\"\/\/www.youtube.com\/embed\/8HXAkV2SPLo\" width=\"640\" height=\"360\" frameborder=\"0\"><\/iframe><\/p>\n<p style=\"outline: none; margin-bottom: 1.75em; line-height: 1.8;\"><\/p>\n<p style=\"text-align: justify;\"><span style=\"color: rgb(85, 96, 98); font-family: Arial, Tahoma, Verdana, sans-serif;\"><br \/><\/span><\/p>\n<p><\/p>","protected":false},"excerpt":{"rendered":"<p>MELT WATER &#8211; tai i\u0161skirtin\u0117s kokyb\u0117s vanduo, sukurtas pasitelkiant unikali\u0105 ledo tirpsmo technologij\u0105. MELT WATER vanduo i\u0161gaunamas i\u0161 artezinio gr\u0119\u017einio ir pasitelkiant speciali\u0105 formul\u0119, yra i\u0161gryninamas daugiapakopi\u0173 \u0161aldymo bei tirpinimo proces\u0173 metu. Gamintojas atkartodamas nat\u016bralius ledyn\u0173 formavimosi ir tirpsmo etapus, Jums suk\u016br\u0117 \u0161al\u010diu i\u0161grynint\u0105 premium kokyb\u0117s vanden\u012f. Talpa: 330 mlTara: stiklasVanduo: gazuotasDepozitas: kaina nurodyta su [&hellip;]<\/p>","protected":false},"featured_media":30142,"comment_status":"open","ping_status":"closed","template":"","meta":{"_season_start":"","_season_end":"","_season_days":"","_season_months":"","_season_auto_visibility":""},"product_brand":[1116],"product_cat":[1817],"product_tag":[],"class_list":{"0":"post-19662","1":"product","2":"type-product","3":"status-publish","4":"has-post-thumbnail","6":"product_brand-melt-water","7":"product_cat-mineralinis-vanduo","9":"first","10":"instock","11":"taxable","12":"shipping-taxable","13":"purchasable","14":"product-type-simple"},"yoast_head":"<!-- This site is optimized with the Yoast SEO plugin v26.1.1 - https:\/\/yoast.com\/wordpress\/plugins\/seo\/ -->\n<title>Nat\u016bralus vanduo &quot;Melt Water&quot; 330 ml gazuotas stikliniame butelyje - Rutana - Ra\u0161tin\u0117s reikmenys<\/title>\n<meta name=\"robots\" content=\"index, follow, max-snippet:-1, max-image-preview:large, max-video-preview:-1\" \/>\n<link rel=\"canonical\" href=\"https:\/\/rutana.lt\/en\/product\/naturalus-vanduo-melt-water-330-ml-gazuotas-stikliniame-butelyje\/\" \/>\n<meta property=\"og:locale\" content=\"en_US\" \/>\n<meta property=\"og:type\" content=\"article\" \/>\n<meta property=\"og:title\" content=\"Nat\u016bralus vanduo &quot;Melt Water&quot; 330 ml gazuotas stikliniame butelyje - Rutana - Ra\u0161tin\u0117s reikmenys\" \/>\n<meta property=\"og:description\" content=\"MELT WATER &#8211; tai i\u0161skirtin\u0117s kokyb\u0117s vanduo, sukurtas pasitelkiant unikali\u0105 ledo tirpsmo technologij\u0105. MELT WATER vanduo i\u0161gaunamas i\u0161 artezinio gr\u0119\u017einio ir pasitelkiant speciali\u0105 formul\u0119, yra i\u0161gryninamas daugiapakopi\u0173 \u0161aldymo bei tirpinimo proces\u0173 metu. Gamintojas atkartodamas nat\u016bralius ledyn\u0173 formavimosi ir tirpsmo etapus, Jums suk\u016br\u0117 \u0161al\u010diu i\u0161grynint\u0105 premium kokyb\u0117s vanden\u012f. Talpa: 330 mlTara: stiklasVanduo: gazuotasDepozitas: kaina nurodyta su [&hellip;]\" \/>\n<meta property=\"og:url\" content=\"https:\/\/rutana.lt\/en\/product\/naturalus-vanduo-melt-water-330-ml-gazuotas-stikliniame-butelyje\/\" \/>\n<meta property=\"og:site_name\" content=\"Rutana - Ra\u0161tin\u0117s reikmenys\" \/>\n<meta property=\"article:publisher\" content=\"https:\/\/www.facebook.com\/RutanaKanceliarinesPrekes\/\" \/>\n<meta property=\"article:modified_time\" content=\"2025-10-13T13:59:56+00:00\" \/>\n<meta property=\"og:image\" content=\"https:\/\/rutana.lt\/wp-content\/uploads\/2025\/09\/B091-804.jpg\" \/>\n\t<meta property=\"og:image:width\" content=\"1429\" \/>\n\t<meta property=\"og:image:height\" content=\"2000\" \/>\n\t<meta property=\"og:image:type\" content=\"image\/jpeg\" \/>\n<meta name=\"twitter:card\" content=\"summary_large_image\" \/>\n<script type=\"application\/ld+json\" class=\"yoast-schema-graph\">{\"@context\":\"https:\/\/schema.org\",\"@graph\":[{\"@type\":\"WebPage\",\"@id\":\"https:\/\/rutana.lt\/produktas\/naturalus-vanduo-melt-water-330-ml-gazuotas-stikliniame-butelyje\/\",\"url\":\"https:\/\/rutana.lt\/produktas\/naturalus-vanduo-melt-water-330-ml-gazuotas-stikliniame-butelyje\/\",\"name\":\"Nat\u016bralus vanduo \\\"Melt Water\\\" 330 ml gazuotas stikliniame butelyje - Rutana - Ra\u0161tin\u0117s reikmenys\",\"isPartOf\":{\"@id\":\"https:\/\/rutana.lt\/#website\"},\"primaryImageOfPage\":{\"@id\":\"https:\/\/rutana.lt\/produktas\/naturalus-vanduo-melt-water-330-ml-gazuotas-stikliniame-butelyje\/#primaryimage\"},\"image\":{\"@id\":\"https:\/\/rutana.lt\/produktas\/naturalus-vanduo-melt-water-330-ml-gazuotas-stikliniame-butelyje\/#primaryimage\"},\"thumbnailUrl\":\"https:\/\/rutana.lt\/wp-content\/uploads\/2025\/09\/B091-804-1.jpg?v=1763563410\",\"datePublished\":\"2025-09-03T08:07:44+00:00\",\"dateModified\":\"2025-10-13T13:59:56+00:00\",\"breadcrumb\":{\"@id\":\"https:\/\/rutana.lt\/produktas\/naturalus-vanduo-melt-water-330-ml-gazuotas-stikliniame-butelyje\/#breadcrumb\"},\"inLanguage\":\"en-US\",\"potentialAction\":[{\"@type\":\"ReadAction\",\"target\":[\"https:\/\/rutana.lt\/produktas\/naturalus-vanduo-melt-water-330-ml-gazuotas-stikliniame-butelyje\/\"]}]},{\"@type\":\"ImageObject\",\"inLanguage\":\"en-US\",\"@id\":\"https:\/\/rutana.lt\/produktas\/naturalus-vanduo-melt-water-330-ml-gazuotas-stikliniame-butelyje\/#primaryimage\",\"url\":\"https:\/\/rutana.lt\/wp-content\/uploads\/2025\/09\/B091-804-1.jpg?v=1763563410\",\"contentUrl\":\"https:\/\/rutana.lt\/wp-content\/uploads\/2025\/09\/B091-804-1.jpg?v=1763563410\",\"width\":1429,\"height\":2000},{\"@type\":\"BreadcrumbList\",\"@id\":\"https:\/\/rutana.lt\/produktas\/naturalus-vanduo-melt-water-330-ml-gazuotas-stikliniame-butelyje\/#breadcrumb\",\"itemListElement\":[{\"@type\":\"ListItem\",\"position\":1,\"name\":\"Home\",\"item\":\"https:\/\/rutana.lt\/\"},{\"@type\":\"ListItem\",\"position\":2,\"name\":\"Parduotuv\u0117\",\"item\":\"https:\/\/rutana.lt\/parduotuve\/\"},{\"@type\":\"ListItem\",\"position\":3,\"name\":\"Nat\u016bralus vanduo &#8222;Melt Water&#8221; 330 ml gazuotas stikliniame butelyje\"}]},{\"@type\":\"WebSite\",\"@id\":\"https:\/\/rutana.lt\/#website\",\"url\":\"https:\/\/rutana.lt\/\",\"name\":\"Rutana - Ra\u0161tin\u0117s reikmenys\",\"description\":\"Prekiaujame pasaulin\u0117je rinkoje pripa\u017eintomis, kokybi\u0161komis biuro prek\u0117mis toki\u0173  gamintoj\u0173 kaip: Schneider, Esselte, Novus, 3M, Faber-Castell, Citizen, Milan, Leitz, Colop, Zebra, Staedtler, Durable, Tork, Parker, Waterman ir kt.\",\"publisher\":{\"@id\":\"https:\/\/rutana.lt\/#organization\"},\"potentialAction\":[{\"@type\":\"SearchAction\",\"target\":{\"@type\":\"EntryPoint\",\"urlTemplate\":\"https:\/\/rutana.lt\/?s={search_term_string}\"},\"query-input\":{\"@type\":\"PropertyValueSpecification\",\"valueRequired\":true,\"valueName\":\"search_term_string\"}}],\"inLanguage\":\"en-US\"},{\"@type\":\"Organization\",\"@id\":\"https:\/\/rutana.lt\/#organization\",\"name\":\"Rutana - Ra\u0161tin\u0117s reikmenys\",\"url\":\"https:\/\/rutana.lt\/\",\"logo\":{\"@type\":\"ImageObject\",\"inLanguage\":\"en-US\",\"@id\":\"https:\/\/rutana.lt\/#\/schema\/logo\/image\/\",\"url\":\"https:\/\/rutana.lt\/wp-content\/uploads\/2025\/10\/Asset-32.png\",\"contentUrl\":\"https:\/\/rutana.lt\/wp-content\/uploads\/2025\/10\/Asset-32.png\",\"width\":433,\"height\":119,\"caption\":\"Rutana - Ra\u0161tin\u0117s reikmenys\"},\"image\":{\"@id\":\"https:\/\/rutana.lt\/#\/schema\/logo\/image\/\"},\"sameAs\":[\"https:\/\/www.facebook.com\/RutanaKanceliarinesPrekes\/\"]}]}<\/script>\n<!-- \/ Yoast SEO plugin. -->","yoast_head_json":{"title":"Nat\u016bralus vanduo \"Melt Water\" 330 ml gazuotas stikliniame butelyje - Rutana - Ra\u0161tin\u0117s reikmenys","robots":{"index":"index","follow":"follow","max-snippet":"max-snippet:-1","max-image-preview":"max-image-preview:large","max-video-preview":"max-video-preview:-1"},"canonical":"https:\/\/rutana.lt\/en\/product\/naturalus-vanduo-melt-water-330-ml-gazuotas-stikliniame-butelyje\/","og_locale":"en_US","og_type":"article","og_title":"Nat\u016bralus vanduo \"Melt Water\" 330 ml gazuotas stikliniame butelyje - Rutana - Ra\u0161tin\u0117s reikmenys","og_description":"MELT WATER &#8211; tai i\u0161skirtin\u0117s kokyb\u0117s vanduo, sukurtas pasitelkiant unikali\u0105 ledo tirpsmo technologij\u0105. MELT WATER vanduo i\u0161gaunamas i\u0161 artezinio gr\u0119\u017einio ir pasitelkiant speciali\u0105 formul\u0119, yra i\u0161gryninamas daugiapakopi\u0173 \u0161aldymo bei tirpinimo proces\u0173 metu. Gamintojas atkartodamas nat\u016bralius ledyn\u0173 formavimosi ir tirpsmo etapus, Jums suk\u016br\u0117 \u0161al\u010diu i\u0161grynint\u0105 premium kokyb\u0117s vanden\u012f. Talpa: 330 mlTara: stiklasVanduo: gazuotasDepozitas: kaina nurodyta su [&hellip;]","og_url":"https:\/\/rutana.lt\/en\/product\/naturalus-vanduo-melt-water-330-ml-gazuotas-stikliniame-butelyje\/","og_site_name":"Rutana - Ra\u0161tin\u0117s reikmenys","article_publisher":"https:\/\/www.facebook.com\/RutanaKanceliarinesPrekes\/","article_modified_time":"2025-10-13T13:59:56+00:00","og_image":[{"width":1429,"height":2000,"url":"https:\/\/rutana.lt\/wp-content\/uploads\/2025\/09\/B091-804.jpg","type":"image\/jpeg"}],"twitter_card":"summary_large_image","schema":{"@context":"https:\/\/schema.org","@graph":[{"@type":"WebPage","@id":"https:\/\/rutana.lt\/produktas\/naturalus-vanduo-melt-water-330-ml-gazuotas-stikliniame-butelyje\/","url":"https:\/\/rutana.lt\/produktas\/naturalus-vanduo-melt-water-330-ml-gazuotas-stikliniame-butelyje\/","name":"Nat\u016bralus vanduo \"Melt Water\" 330 ml gazuotas stikliniame butelyje - Rutana - Ra\u0161tin\u0117s reikmenys","isPartOf":{"@id":"https:\/\/rutana.lt\/#website"},"primaryImageOfPage":{"@id":"https:\/\/rutana.lt\/produktas\/naturalus-vanduo-melt-water-330-ml-gazuotas-stikliniame-butelyje\/#primaryimage"},"image":{"@id":"https:\/\/rutana.lt\/produktas\/naturalus-vanduo-melt-water-330-ml-gazuotas-stikliniame-butelyje\/#primaryimage"},"thumbnailUrl":"https:\/\/rutana.lt\/wp-content\/uploads\/2025\/09\/B091-804-1.jpg?v=1763563410","datePublished":"2025-09-03T08:07:44+00:00","dateModified":"2025-10-13T13:59:56+00:00","breadcrumb":{"@id":"https:\/\/rutana.lt\/produktas\/naturalus-vanduo-melt-water-330-ml-gazuotas-stikliniame-butelyje\/#breadcrumb"},"inLanguage":"en-US","potentialAction":[{"@type":"ReadAction","target":["https:\/\/rutana.lt\/produktas\/naturalus-vanduo-melt-water-330-ml-gazuotas-stikliniame-butelyje\/"]}]},{"@type":"ImageObject","inLanguage":"en-US","@id":"https:\/\/rutana.lt\/produktas\/naturalus-vanduo-melt-water-330-ml-gazuotas-stikliniame-butelyje\/#primaryimage","url":"https:\/\/rutana.lt\/wp-content\/uploads\/2025\/09\/B091-804-1.jpg?v=1763563410","contentUrl":"https:\/\/rutana.lt\/wp-content\/uploads\/2025\/09\/B091-804-1.jpg?v=1763563410","width":1429,"height":2000},{"@type":"BreadcrumbList","@id":"https:\/\/rutana.lt\/produktas\/naturalus-vanduo-melt-water-330-ml-gazuotas-stikliniame-butelyje\/#breadcrumb","itemListElement":[{"@type":"ListItem","position":1,"name":"Home","item":"https:\/\/rutana.lt\/"},{"@type":"ListItem","position":2,"name":"Parduotuv\u0117","item":"https:\/\/rutana.lt\/parduotuve\/"},{"@type":"ListItem","position":3,"name":"Nat\u016bralus vanduo &#8222;Melt Water&#8221; 330 ml gazuotas stikliniame butelyje"}]},{"@type":"WebSite","@id":"https:\/\/rutana.lt\/#website","url":"https:\/\/rutana.lt\/","name":"Rutana - Ra\u0161tin\u0117s reikmenys","description":"Prekiaujame pasaulin\u0117je rinkoje pripa\u017eintomis, kokybi\u0161komis biuro prek\u0117mis toki\u0173  gamintoj\u0173 kaip: Schneider, Esselte, Novus, 3M, Faber-Castell, Citizen, Milan, Leitz, Colop, Zebra, Staedtler, Durable, Tork, Parker, Waterman ir kt.","publisher":{"@id":"https:\/\/rutana.lt\/#organization"},"potentialAction":[{"@type":"SearchAction","target":{"@type":"EntryPoint","urlTemplate":"https:\/\/rutana.lt\/?s={search_term_string}"},"query-input":{"@type":"PropertyValueSpecification","valueRequired":true,"valueName":"search_term_string"}}],"inLanguage":"en-US"},{"@type":"Organization","@id":"https:\/\/rutana.lt\/#organization","name":"Rutana - Ra\u0161tin\u0117s reikmenys","url":"https:\/\/rutana.lt\/","logo":{"@type":"ImageObject","inLanguage":"en-US","@id":"https:\/\/rutana.lt\/#\/schema\/logo\/image\/","url":"https:\/\/rutana.lt\/wp-content\/uploads\/2025\/10\/Asset-32.png","contentUrl":"https:\/\/rutana.lt\/wp-content\/uploads\/2025\/10\/Asset-32.png","width":433,"height":119,"caption":"Rutana - Ra\u0161tin\u0117s reikmenys"},"image":{"@id":"https:\/\/rutana.lt\/#\/schema\/logo\/image\/"},"sameAs":["https:\/\/www.facebook.com\/RutanaKanceliarinesPrekes\/"]}]}},"_links":{"self":[{"href":"https:\/\/rutana.lt\/en\/wp-json\/wp\/v2\/product\/19662","targetHints":{"allow":["GET"]}}],"collection":[{"href":"https:\/\/rutana.lt\/en\/wp-json\/wp\/v2\/product"}],"about":[{"href":"https:\/\/rutana.lt\/en\/wp-json\/wp\/v2\/types\/product"}],"replies":[{"embeddable":true,"href":"https:\/\/rutana.lt\/en\/wp-json\/wp\/v2\/comments?post=19662"}],"version-history":[{"count":1,"href":"https:\/\/rutana.lt\/en\/wp-json\/wp\/v2\/product\/19662\/revisions"}],"predecessor-version":[{"id":19701,"href":"https:\/\/rutana.lt\/en\/wp-json\/wp\/v2\/product\/19662\/revisions\/19701"}],"wp:featuredmedia":[{"embeddable":true,"href":"https:\/\/rutana.lt\/en\/wp-json\/wp\/v2\/media\/30142"}],"wp:attachment":[{"href":"https:\/\/rutana.lt\/en\/wp-json\/wp\/v2\/media?parent=19662"}],"wp:term":[{"taxonomy":"product_brand","embeddable":true,"href":"https:\/\/rutana.lt\/en\/wp-json\/wp\/v2\/product_brand?post=19662"},{"taxonomy":"product_cat","embeddable":true,"href":"https:\/\/rutana.lt\/en\/wp-json\/wp\/v2\/product_cat?post=19662"},{"taxonomy":"product_tag","embeddable":true,"href":"https:\/\/rutana.lt\/en\/wp-json\/wp\/v2\/product_tag?post=19662"}],"curies":[{"name":"wp","href":"https:\/\/api.w.org\/{rel}","templated":true}]}}