{"id":19655,"date":"2025-09-03T10:07:44","date_gmt":"2025-09-03T08:07:44","guid":{"rendered":"https:\/\/rutana.webdemo.lt\/?post_type=product&#038;p=19655"},"modified":"2025-10-13T15:59:52","modified_gmt":"2025-10-13T13:59:52","slug":"foto-popierius-blizgus-a4-230g-60-lapu-barva-ip-ce230-229","status":"publish","type":"product","link":"https:\/\/rutana.lt\/en\/product\/foto-popierius-blizgus-a4-230g-60-lapu-barva-ip-ce230-229\/","title":{"rendered":"Foto popierius blizgus A4 230g 60 lap\u0173 Barva IP-CE230-229"},"content":{"rendered":"<p>Blizgus fotopopierius pasi\u017eymi puikiu spalv\u0173 atk\u016brimu ir dideliu kontrastu, tod\u0117l da\u017enai tai yra pirmasis pasirinkimas spausdinant ry\u0161kias, detalias nuotraukas su daugybe ton\u0173 ir skland\u017eiais per\u0117jimais. Greitas ra\u0161alo d\u017ei\u016bvimas pagreitina spausdinim\u0105 ir apsaugo nuo da\u017e\u0173 i\u0161sitepimo.<\/p>\n<p>Formatas: A4<\/p>\n<p>Popieriaus storis: 230 g \/ m<span style=\"vertical-align: super;\">2<\/span><\/p>\n<p><span style=\"vertical-align: super;\">Popieriaus pavir\u0161ius: blizgus<\/span><\/p>\n<p><span style=\"vertical-align: super;\">Lap\u0173 kiekis pakuot\u0117je: 60 lap\u0173<\/span><\/p>\n<p><\/p>","protected":false},"excerpt":{"rendered":"<p>Blizgus fotopopierius pasi\u017eymi puikiu spalv\u0173 atk\u016brimu ir dideliu kontrastu, tod\u0117l da\u017enai tai yra pirmasis pasirinkimas spausdinant ry\u0161kias, detalias nuotraukas su daugybe ton\u0173 ir skland\u017eiais per\u0117jimais. Greitas ra\u0161alo d\u017ei\u016bvimas pagreitina spausdinim\u0105 ir apsaugo nuo da\u017e\u0173 i\u0161sitepimo. Formatas: A4 Popieriaus storis: 230 g \/ m2 Popieriaus pavir\u0161ius: blizgus Lap\u0173 kiekis pakuot\u0117je: 60 lap\u0173<\/p>","protected":false},"featured_media":30135,"comment_status":"open","ping_status":"closed","template":"","meta":{"_season_start":"","_season_end":"","_season_days":"","_season_months":"","_season_auto_visibility":""},"product_brand":[626],"product_cat":[1678],"product_tag":[],"class_list":{"0":"post-19655","1":"product","2":"type-product","3":"status-publish","4":"has-post-thumbnail","6":"product_brand-barva","7":"product_cat-foto-popierius","9":"first","10":"instock","11":"taxable","12":"shipping-taxable","13":"purchasable","14":"product-type-simple"},"yoast_head":"<!-- This site is optimized with the Yoast SEO plugin v27.4 - https:\/\/yoast.com\/product\/yoast-seo-wordpress\/ -->\n<title>Foto popierius blizgus A4 230g 60 lap\u0173 Barva IP-CE230-229 - Rutana - Ra\u0161tin\u0117s reikmenys<\/title>\n<meta name=\"robots\" content=\"index, follow, max-snippet:-1, max-image-preview:large, max-video-preview:-1\" \/>\n<link rel=\"canonical\" href=\"https:\/\/rutana.lt\/en\/product\/foto-popierius-blizgus-a4-230g-60-lapu-barva-ip-ce230-229\/\" \/>\n<meta property=\"og:locale\" content=\"en_US\" \/>\n<meta property=\"og:type\" content=\"article\" \/>\n<meta property=\"og:title\" content=\"Foto popierius blizgus A4 230g 60 lap\u0173 Barva IP-CE230-229 - Rutana - Ra\u0161tin\u0117s reikmenys\" \/>\n<meta property=\"og:description\" content=\"Blizgus fotopopierius pasi\u017eymi puikiu spalv\u0173 atk\u016brimu ir dideliu kontrastu, tod\u0117l da\u017enai tai yra pirmasis pasirinkimas spausdinant ry\u0161kias, detalias nuotraukas su daugybe ton\u0173 ir skland\u017eiais per\u0117jimais. Greitas ra\u0161alo d\u017ei\u016bvimas pagreitina spausdinim\u0105 ir apsaugo nuo da\u017e\u0173 i\u0161sitepimo. Formatas: A4 Popieriaus storis: 230 g \/ m2 Popieriaus pavir\u0161ius: blizgus Lap\u0173 kiekis pakuot\u0117je: 60 lap\u0173\" \/>\n<meta property=\"og:url\" content=\"https:\/\/rutana.lt\/en\/product\/foto-popierius-blizgus-a4-230g-60-lapu-barva-ip-ce230-229\/\" \/>\n<meta property=\"og:site_name\" content=\"Rutana - Ra\u0161tin\u0117s reikmenys\" \/>\n<meta property=\"article:publisher\" content=\"https:\/\/www.facebook.com\/RutanaKanceliarinesPrekes\/\" \/>\n<meta property=\"article:modified_time\" content=\"2025-10-13T13:59:52+00:00\" \/>\n<meta property=\"og:image\" content=\"https:\/\/rutana.lt\/wp-content\/uploads\/2025\/09\/A057-033.jpg\" \/>\n\t<meta property=\"og:image:width\" content=\"1000\" \/>\n\t<meta property=\"og:image:height\" content=\"1000\" \/>\n\t<meta property=\"og:image:type\" content=\"image\/jpeg\" \/>\n<meta name=\"twitter:card\" content=\"summary_large_image\" \/>\n<script type=\"application\/ld+json\" class=\"yoast-schema-graph\">{\"@context\":\"https:\\\/\\\/schema.org\",\"@graph\":[{\"@type\":\"WebPage\",\"@id\":\"https:\\\/\\\/rutana.lt\\\/produktas\\\/foto-popierius-blizgus-a4-230g-60-lapu-barva-ip-ce230-229\\\/\",\"url\":\"https:\\\/\\\/rutana.lt\\\/produktas\\\/foto-popierius-blizgus-a4-230g-60-lapu-barva-ip-ce230-229\\\/\",\"name\":\"Foto popierius blizgus A4 230g 60 lap\u0173 Barva IP-CE230-229 - Rutana - Ra\u0161tin\u0117s reikmenys\",\"isPartOf\":{\"@id\":\"https:\\\/\\\/rutana.lt\\\/#website\"},\"primaryImageOfPage\":{\"@id\":\"https:\\\/\\\/rutana.lt\\\/produktas\\\/foto-popierius-blizgus-a4-230g-60-lapu-barva-ip-ce230-229\\\/#primaryimage\"},\"image\":{\"@id\":\"https:\\\/\\\/rutana.lt\\\/produktas\\\/foto-popierius-blizgus-a4-230g-60-lapu-barva-ip-ce230-229\\\/#primaryimage\"},\"thumbnailUrl\":\"https:\\\/\\\/rutana.lt\\\/wp-content\\\/uploads\\\/2025\\\/09\\\/A057-033-1.jpg?v=1763563425\",\"datePublished\":\"2025-09-03T08:07:44+00:00\",\"dateModified\":\"2025-10-13T13:59:52+00:00\",\"breadcrumb\":{\"@id\":\"https:\\\/\\\/rutana.lt\\\/produktas\\\/foto-popierius-blizgus-a4-230g-60-lapu-barva-ip-ce230-229\\\/#breadcrumb\"},\"inLanguage\":\"en-US\",\"potentialAction\":[{\"@type\":\"ReadAction\",\"target\":[\"https:\\\/\\\/rutana.lt\\\/produktas\\\/foto-popierius-blizgus-a4-230g-60-lapu-barva-ip-ce230-229\\\/\"]}]},{\"@type\":\"ImageObject\",\"inLanguage\":\"en-US\",\"@id\":\"https:\\\/\\\/rutana.lt\\\/produktas\\\/foto-popierius-blizgus-a4-230g-60-lapu-barva-ip-ce230-229\\\/#primaryimage\",\"url\":\"https:\\\/\\\/rutana.lt\\\/wp-content\\\/uploads\\\/2025\\\/09\\\/A057-033-1.jpg?v=1763563425\",\"contentUrl\":\"https:\\\/\\\/rutana.lt\\\/wp-content\\\/uploads\\\/2025\\\/09\\\/A057-033-1.jpg?v=1763563425\",\"width\":1000,\"height\":1000},{\"@type\":\"BreadcrumbList\",\"@id\":\"https:\\\/\\\/rutana.lt\\\/produktas\\\/foto-popierius-blizgus-a4-230g-60-lapu-barva-ip-ce230-229\\\/#breadcrumb\",\"itemListElement\":[{\"@type\":\"ListItem\",\"position\":1,\"name\":\"Home\",\"item\":\"https:\\\/\\\/rutana.lt\\\/\"},{\"@type\":\"ListItem\",\"position\":2,\"name\":\"Parduotuv\u0117\",\"item\":\"https:\\\/\\\/rutana.lt\\\/parduotuve\\\/\"},{\"@type\":\"ListItem\",\"position\":3,\"name\":\"Foto popierius blizgus A4 230g 60 lap\u0173 Barva IP-CE230-229\"}]},{\"@type\":\"WebSite\",\"@id\":\"https:\\\/\\\/rutana.lt\\\/#website\",\"url\":\"https:\\\/\\\/rutana.lt\\\/\",\"name\":\"Rutana - Ra\u0161tin\u0117s reikmenys\",\"description\":\"Prekiaujame pasaulin\u0117je rinkoje pripa\u017eintomis, kokybi\u0161komis biuro prek\u0117mis toki\u0173  gamintoj\u0173 kaip: Schneider, Esselte, Novus, 3M, Faber-Castell, Citizen, Milan, Leitz, Colop, Zebra, Staedtler, Durable, Tork, Parker, Waterman ir kt.\",\"publisher\":{\"@id\":\"https:\\\/\\\/rutana.lt\\\/#organization\"},\"potentialAction\":[{\"@type\":\"SearchAction\",\"target\":{\"@type\":\"EntryPoint\",\"urlTemplate\":\"https:\\\/\\\/rutana.lt\\\/?s={search_term_string}\"},\"query-input\":{\"@type\":\"PropertyValueSpecification\",\"valueRequired\":true,\"valueName\":\"search_term_string\"}}],\"inLanguage\":\"en-US\"},{\"@type\":\"Organization\",\"@id\":\"https:\\\/\\\/rutana.lt\\\/#organization\",\"name\":\"Rutana - Ra\u0161tin\u0117s reikmenys\",\"url\":\"https:\\\/\\\/rutana.lt\\\/\",\"logo\":{\"@type\":\"ImageObject\",\"inLanguage\":\"en-US\",\"@id\":\"https:\\\/\\\/rutana.lt\\\/#\\\/schema\\\/logo\\\/image\\\/\",\"url\":\"https:\\\/\\\/rutana.lt\\\/wp-content\\\/uploads\\\/2025\\\/10\\\/Asset-32.png\",\"contentUrl\":\"https:\\\/\\\/rutana.lt\\\/wp-content\\\/uploads\\\/2025\\\/10\\\/Asset-32.png\",\"width\":433,\"height\":119,\"caption\":\"Rutana - Ra\u0161tin\u0117s reikmenys\"},\"image\":{\"@id\":\"https:\\\/\\\/rutana.lt\\\/#\\\/schema\\\/logo\\\/image\\\/\"},\"sameAs\":[\"https:\\\/\\\/www.facebook.com\\\/RutanaKanceliarinesPrekes\\\/\"]}]}<\/script>\n<!-- \/ Yoast SEO plugin. -->","yoast_head_json":{"title":"Foto popierius blizgus A4 230g 60 lap\u0173 Barva IP-CE230-229 - Rutana - Ra\u0161tin\u0117s reikmenys","robots":{"index":"index","follow":"follow","max-snippet":"max-snippet:-1","max-image-preview":"max-image-preview:large","max-video-preview":"max-video-preview:-1"},"canonical":"https:\/\/rutana.lt\/en\/product\/foto-popierius-blizgus-a4-230g-60-lapu-barva-ip-ce230-229\/","og_locale":"en_US","og_type":"article","og_title":"Foto popierius blizgus A4 230g 60 lap\u0173 Barva IP-CE230-229 - Rutana - Ra\u0161tin\u0117s reikmenys","og_description":"Blizgus fotopopierius pasi\u017eymi puikiu spalv\u0173 atk\u016brimu ir dideliu kontrastu, tod\u0117l da\u017enai tai yra pirmasis pasirinkimas spausdinant ry\u0161kias, detalias nuotraukas su daugybe ton\u0173 ir skland\u017eiais per\u0117jimais. Greitas ra\u0161alo d\u017ei\u016bvimas pagreitina spausdinim\u0105 ir apsaugo nuo da\u017e\u0173 i\u0161sitepimo. Formatas: A4 Popieriaus storis: 230 g \/ m2 Popieriaus pavir\u0161ius: blizgus Lap\u0173 kiekis pakuot\u0117je: 60 lap\u0173","og_url":"https:\/\/rutana.lt\/en\/product\/foto-popierius-blizgus-a4-230g-60-lapu-barva-ip-ce230-229\/","og_site_name":"Rutana - Ra\u0161tin\u0117s reikmenys","article_publisher":"https:\/\/www.facebook.com\/RutanaKanceliarinesPrekes\/","article_modified_time":"2025-10-13T13:59:52+00:00","og_image":[{"width":1000,"height":1000,"url":"https:\/\/rutana.lt\/wp-content\/uploads\/2025\/09\/A057-033.jpg","type":"image\/jpeg"}],"twitter_card":"summary_large_image","schema":{"@context":"https:\/\/schema.org","@graph":[{"@type":"WebPage","@id":"https:\/\/rutana.lt\/produktas\/foto-popierius-blizgus-a4-230g-60-lapu-barva-ip-ce230-229\/","url":"https:\/\/rutana.lt\/produktas\/foto-popierius-blizgus-a4-230g-60-lapu-barva-ip-ce230-229\/","name":"Foto popierius blizgus A4 230g 60 lap\u0173 Barva IP-CE230-229 - Rutana - Ra\u0161tin\u0117s reikmenys","isPartOf":{"@id":"https:\/\/rutana.lt\/#website"},"primaryImageOfPage":{"@id":"https:\/\/rutana.lt\/produktas\/foto-popierius-blizgus-a4-230g-60-lapu-barva-ip-ce230-229\/#primaryimage"},"image":{"@id":"https:\/\/rutana.lt\/produktas\/foto-popierius-blizgus-a4-230g-60-lapu-barva-ip-ce230-229\/#primaryimage"},"thumbnailUrl":"https:\/\/rutana.lt\/wp-content\/uploads\/2025\/09\/A057-033-1.jpg?v=1763563425","datePublished":"2025-09-03T08:07:44+00:00","dateModified":"2025-10-13T13:59:52+00:00","breadcrumb":{"@id":"https:\/\/rutana.lt\/produktas\/foto-popierius-blizgus-a4-230g-60-lapu-barva-ip-ce230-229\/#breadcrumb"},"inLanguage":"en-US","potentialAction":[{"@type":"ReadAction","target":["https:\/\/rutana.lt\/produktas\/foto-popierius-blizgus-a4-230g-60-lapu-barva-ip-ce230-229\/"]}]},{"@type":"ImageObject","inLanguage":"en-US","@id":"https:\/\/rutana.lt\/produktas\/foto-popierius-blizgus-a4-230g-60-lapu-barva-ip-ce230-229\/#primaryimage","url":"https:\/\/rutana.lt\/wp-content\/uploads\/2025\/09\/A057-033-1.jpg?v=1763563425","contentUrl":"https:\/\/rutana.lt\/wp-content\/uploads\/2025\/09\/A057-033-1.jpg?v=1763563425","width":1000,"height":1000},{"@type":"BreadcrumbList","@id":"https:\/\/rutana.lt\/produktas\/foto-popierius-blizgus-a4-230g-60-lapu-barva-ip-ce230-229\/#breadcrumb","itemListElement":[{"@type":"ListItem","position":1,"name":"Home","item":"https:\/\/rutana.lt\/"},{"@type":"ListItem","position":2,"name":"Parduotuv\u0117","item":"https:\/\/rutana.lt\/parduotuve\/"},{"@type":"ListItem","position":3,"name":"Foto popierius blizgus A4 230g 60 lap\u0173 Barva IP-CE230-229"}]},{"@type":"WebSite","@id":"https:\/\/rutana.lt\/#website","url":"https:\/\/rutana.lt\/","name":"Rutana - Ra\u0161tin\u0117s reikmenys","description":"Prekiaujame pasaulin\u0117je rinkoje pripa\u017eintomis, kokybi\u0161komis biuro prek\u0117mis toki\u0173  gamintoj\u0173 kaip: Schneider, Esselte, Novus, 3M, Faber-Castell, Citizen, Milan, Leitz, Colop, Zebra, Staedtler, Durable, Tork, Parker, Waterman ir kt.","publisher":{"@id":"https:\/\/rutana.lt\/#organization"},"potentialAction":[{"@type":"SearchAction","target":{"@type":"EntryPoint","urlTemplate":"https:\/\/rutana.lt\/?s={search_term_string}"},"query-input":{"@type":"PropertyValueSpecification","valueRequired":true,"valueName":"search_term_string"}}],"inLanguage":"en-US"},{"@type":"Organization","@id":"https:\/\/rutana.lt\/#organization","name":"Rutana - Ra\u0161tin\u0117s reikmenys","url":"https:\/\/rutana.lt\/","logo":{"@type":"ImageObject","inLanguage":"en-US","@id":"https:\/\/rutana.lt\/#\/schema\/logo\/image\/","url":"https:\/\/rutana.lt\/wp-content\/uploads\/2025\/10\/Asset-32.png","contentUrl":"https:\/\/rutana.lt\/wp-content\/uploads\/2025\/10\/Asset-32.png","width":433,"height":119,"caption":"Rutana - Ra\u0161tin\u0117s reikmenys"},"image":{"@id":"https:\/\/rutana.lt\/#\/schema\/logo\/image\/"},"sameAs":["https:\/\/www.facebook.com\/RutanaKanceliarinesPrekes\/"]}]}},"_links":{"self":[{"href":"https:\/\/rutana.lt\/en\/wp-json\/wp\/v2\/product\/19655","targetHints":{"allow":["GET"]}}],"collection":[{"href":"https:\/\/rutana.lt\/en\/wp-json\/wp\/v2\/product"}],"about":[{"href":"https:\/\/rutana.lt\/en\/wp-json\/wp\/v2\/types\/product"}],"replies":[{"embeddable":true,"href":"https:\/\/rutana.lt\/en\/wp-json\/wp\/v2\/comments?post=19655"}],"version-history":[{"count":1,"href":"https:\/\/rutana.lt\/en\/wp-json\/wp\/v2\/product\/19655\/revisions"}],"predecessor-version":[{"id":19687,"href":"https:\/\/rutana.lt\/en\/wp-json\/wp\/v2\/product\/19655\/revisions\/19687"}],"wp:featuredmedia":[{"embeddable":true,"href":"https:\/\/rutana.lt\/en\/wp-json\/wp\/v2\/media\/30135"}],"wp:attachment":[{"href":"https:\/\/rutana.lt\/en\/wp-json\/wp\/v2\/media?parent=19655"}],"wp:term":[{"taxonomy":"product_brand","embeddable":true,"href":"https:\/\/rutana.lt\/en\/wp-json\/wp\/v2\/product_brand?post=19655"},{"taxonomy":"product_cat","embeddable":true,"href":"https:\/\/rutana.lt\/en\/wp-json\/wp\/v2\/product_cat?post=19655"},{"taxonomy":"product_tag","embeddable":true,"href":"https:\/\/rutana.lt\/en\/wp-json\/wp\/v2\/product_tag?post=19655"}],"curies":[{"name":"wp","href":"https:\/\/api.w.org\/{rel}","templated":true}]}}