{"id":19621,"date":"2025-09-03T10:07:22","date_gmt":"2025-09-03T08:07:22","guid":{"rendered":"https:\/\/rutana.webdemo.lt\/?post_type=product&#038;p=19621"},"modified":"2025-10-13T15:59:50","modified_gmt":"2025-10-13T13:59:50","slug":"vizitiniu-korteliu-stovelis-skaidrus-kejea-k-040","status":"publish","type":"product","link":"https:\/\/rutana.lt\/en\/product\/vizitiniu-korteliu-stovelis-skaidrus-kejea-k-040\/","title":{"rendered":"Vizitini\u0173 korteli\u0173 stovelis skaidrus Kejea K-040"},"content":{"rendered":"<p>Viengubas vizitini\u0173 korteli\u0173 stovelis \/ d\u0117kliukas pagamintas i\u0161 labai tvirto ir skaidraus plastiko. Specialus apdirbimo b\u016bdas nepalieka a\u0161tri\u0173 briaun\u0173 ir sukuria malon\u0173 poj\u016bt\u012f lie\u010diant. Universalus vizitini\u0173 korteli\u0173 stovelis \u2013 optimalaus dyd\u017eio, puikiai tinka naudoti kaip d\u0117kliuk\u0105 ( ne\u0161iojantis ki\u0161en\u0117je ar rankin\u0117je ) ir gali transformuotis \u012f stovel\u012f ( naudoti seminaruose ar kituose renginiuose ). Paskirtis: vizitin\u0117ms ar informacin\u0117ms kortel\u0117ms sud\u0117ti.<\/p>\n<p>Spalva: skaidri<\/p>\n<p>Matmenys: 108 x 65 x 15 mm<\/p>\n<p>Talpa: 12 korteli\u0173<\/p>\n<p><\/p>\n<p><\/p>","protected":false},"excerpt":{"rendered":"<p>Viengubas vizitini\u0173 korteli\u0173 stovelis \/ d\u0117kliukas pagamintas i\u0161 labai tvirto ir skaidraus plastiko. Specialus apdirbimo b\u016bdas nepalieka a\u0161tri\u0173 briaun\u0173 ir sukuria malon\u0173 poj\u016bt\u012f lie\u010diant. Universalus vizitini\u0173 korteli\u0173 stovelis \u2013 optimalaus dyd\u017eio, puikiai tinka naudoti kaip d\u0117kliuk\u0105 ( ne\u0161iojantis ki\u0161en\u0117je ar rankin\u0117je ) ir gali transformuotis \u012f stovel\u012f ( naudoti seminaruose ar kituose renginiuose ). Paskirtis: [&hellip;]<\/p>","protected":false},"featured_media":30131,"comment_status":"open","ping_status":"closed","template":"","meta":{"_season_start":"","_season_end":"","_season_days":"","_season_months":"","_season_auto_visibility":""},"product_brand":[494],"product_cat":[1605],"product_tag":[],"class_list":{"0":"post-19621","1":"product","2":"type-product","3":"status-publish","4":"has-post-thumbnail","6":"product_brand-kejea","7":"product_cat-vizitiniu-korteliu-deklai","9":"first","10":"instock","11":"taxable","12":"shipping-taxable","13":"purchasable","14":"product-type-simple"},"yoast_head":"<!-- This site is optimized with the Yoast SEO plugin v26.1.1 - https:\/\/yoast.com\/wordpress\/plugins\/seo\/ -->\n<title>Vizitini\u0173 korteli\u0173 stovelis skaidrus Kejea K-040 - Rutana - Ra\u0161tin\u0117s reikmenys<\/title>\n<meta name=\"robots\" content=\"index, follow, max-snippet:-1, max-image-preview:large, max-video-preview:-1\" \/>\n<link rel=\"canonical\" href=\"https:\/\/rutana.lt\/en\/product\/vizitiniu-korteliu-stovelis-skaidrus-kejea-k-040\/\" \/>\n<meta property=\"og:locale\" content=\"en_US\" \/>\n<meta property=\"og:type\" content=\"article\" \/>\n<meta property=\"og:title\" content=\"Vizitini\u0173 korteli\u0173 stovelis skaidrus Kejea K-040 - Rutana - Ra\u0161tin\u0117s reikmenys\" \/>\n<meta property=\"og:description\" content=\"Viengubas vizitini\u0173 korteli\u0173 stovelis \/ d\u0117kliukas pagamintas i\u0161 labai tvirto ir skaidraus plastiko. Specialus apdirbimo b\u016bdas nepalieka a\u0161tri\u0173 briaun\u0173 ir sukuria malon\u0173 poj\u016bt\u012f lie\u010diant. Universalus vizitini\u0173 korteli\u0173 stovelis \u2013 optimalaus dyd\u017eio, puikiai tinka naudoti kaip d\u0117kliuk\u0105 ( ne\u0161iojantis ki\u0161en\u0117je ar rankin\u0117je ) ir gali transformuotis \u012f stovel\u012f ( naudoti seminaruose ar kituose renginiuose ). Paskirtis: [&hellip;]\" \/>\n<meta property=\"og:url\" content=\"https:\/\/rutana.lt\/en\/product\/vizitiniu-korteliu-stovelis-skaidrus-kejea-k-040\/\" \/>\n<meta property=\"og:site_name\" content=\"Rutana - Ra\u0161tin\u0117s reikmenys\" \/>\n<meta property=\"article:publisher\" content=\"https:\/\/www.facebook.com\/RutanaKanceliarinesPrekes\/\" \/>\n<meta property=\"article:modified_time\" content=\"2025-10-13T13:59:50+00:00\" \/>\n<meta property=\"og:image\" content=\"https:\/\/rutana.lt\/wp-content\/uploads\/2025\/09\/C022-010.jpg\" \/>\n\t<meta property=\"og:image:width\" content=\"1000\" \/>\n\t<meta property=\"og:image:height\" content=\"1000\" \/>\n\t<meta property=\"og:image:type\" content=\"image\/jpeg\" \/>\n<meta name=\"twitter:card\" content=\"summary_large_image\" \/>\n<script type=\"application\/ld+json\" class=\"yoast-schema-graph\">{\"@context\":\"https:\/\/schema.org\",\"@graph\":[{\"@type\":\"WebPage\",\"@id\":\"https:\/\/rutana.lt\/produktas\/vizitiniu-korteliu-stovelis-skaidrus-kejea-k-040\/\",\"url\":\"https:\/\/rutana.lt\/produktas\/vizitiniu-korteliu-stovelis-skaidrus-kejea-k-040\/\",\"name\":\"Vizitini\u0173 korteli\u0173 stovelis skaidrus Kejea K-040 - Rutana - Ra\u0161tin\u0117s reikmenys\",\"isPartOf\":{\"@id\":\"https:\/\/rutana.lt\/#website\"},\"primaryImageOfPage\":{\"@id\":\"https:\/\/rutana.lt\/produktas\/vizitiniu-korteliu-stovelis-skaidrus-kejea-k-040\/#primaryimage\"},\"image\":{\"@id\":\"https:\/\/rutana.lt\/produktas\/vizitiniu-korteliu-stovelis-skaidrus-kejea-k-040\/#primaryimage\"},\"thumbnailUrl\":\"https:\/\/rutana.lt\/wp-content\/uploads\/2025\/09\/C022-010-1.jpg?v=1763563428\",\"datePublished\":\"2025-09-03T08:07:22+00:00\",\"dateModified\":\"2025-10-13T13:59:50+00:00\",\"breadcrumb\":{\"@id\":\"https:\/\/rutana.lt\/produktas\/vizitiniu-korteliu-stovelis-skaidrus-kejea-k-040\/#breadcrumb\"},\"inLanguage\":\"en-US\",\"potentialAction\":[{\"@type\":\"ReadAction\",\"target\":[\"https:\/\/rutana.lt\/produktas\/vizitiniu-korteliu-stovelis-skaidrus-kejea-k-040\/\"]}]},{\"@type\":\"ImageObject\",\"inLanguage\":\"en-US\",\"@id\":\"https:\/\/rutana.lt\/produktas\/vizitiniu-korteliu-stovelis-skaidrus-kejea-k-040\/#primaryimage\",\"url\":\"https:\/\/rutana.lt\/wp-content\/uploads\/2025\/09\/C022-010-1.jpg?v=1763563428\",\"contentUrl\":\"https:\/\/rutana.lt\/wp-content\/uploads\/2025\/09\/C022-010-1.jpg?v=1763563428\",\"width\":1000,\"height\":1000},{\"@type\":\"BreadcrumbList\",\"@id\":\"https:\/\/rutana.lt\/produktas\/vizitiniu-korteliu-stovelis-skaidrus-kejea-k-040\/#breadcrumb\",\"itemListElement\":[{\"@type\":\"ListItem\",\"position\":1,\"name\":\"Home\",\"item\":\"https:\/\/rutana.lt\/\"},{\"@type\":\"ListItem\",\"position\":2,\"name\":\"Parduotuv\u0117\",\"item\":\"https:\/\/rutana.lt\/parduotuve\/\"},{\"@type\":\"ListItem\",\"position\":3,\"name\":\"Vizitini\u0173 korteli\u0173 stovelis skaidrus Kejea K-040\"}]},{\"@type\":\"WebSite\",\"@id\":\"https:\/\/rutana.lt\/#website\",\"url\":\"https:\/\/rutana.lt\/\",\"name\":\"Rutana - Ra\u0161tin\u0117s reikmenys\",\"description\":\"Prekiaujame pasaulin\u0117je rinkoje pripa\u017eintomis, kokybi\u0161komis biuro prek\u0117mis toki\u0173  gamintoj\u0173 kaip: Schneider, Esselte, Novus, 3M, Faber-Castell, Citizen, Milan, Leitz, Colop, Zebra, Staedtler, Durable, Tork, Parker, Waterman ir kt.\",\"publisher\":{\"@id\":\"https:\/\/rutana.lt\/#organization\"},\"potentialAction\":[{\"@type\":\"SearchAction\",\"target\":{\"@type\":\"EntryPoint\",\"urlTemplate\":\"https:\/\/rutana.lt\/?s={search_term_string}\"},\"query-input\":{\"@type\":\"PropertyValueSpecification\",\"valueRequired\":true,\"valueName\":\"search_term_string\"}}],\"inLanguage\":\"en-US\"},{\"@type\":\"Organization\",\"@id\":\"https:\/\/rutana.lt\/#organization\",\"name\":\"Rutana - Ra\u0161tin\u0117s reikmenys\",\"url\":\"https:\/\/rutana.lt\/\",\"logo\":{\"@type\":\"ImageObject\",\"inLanguage\":\"en-US\",\"@id\":\"https:\/\/rutana.lt\/#\/schema\/logo\/image\/\",\"url\":\"https:\/\/rutana.lt\/wp-content\/uploads\/2025\/10\/Asset-32.png\",\"contentUrl\":\"https:\/\/rutana.lt\/wp-content\/uploads\/2025\/10\/Asset-32.png\",\"width\":433,\"height\":119,\"caption\":\"Rutana - Ra\u0161tin\u0117s reikmenys\"},\"image\":{\"@id\":\"https:\/\/rutana.lt\/#\/schema\/logo\/image\/\"},\"sameAs\":[\"https:\/\/www.facebook.com\/RutanaKanceliarinesPrekes\/\"]}]}<\/script>\n<!-- \/ Yoast SEO plugin. -->","yoast_head_json":{"title":"Vizitini\u0173 korteli\u0173 stovelis skaidrus Kejea K-040 - Rutana - Ra\u0161tin\u0117s reikmenys","robots":{"index":"index","follow":"follow","max-snippet":"max-snippet:-1","max-image-preview":"max-image-preview:large","max-video-preview":"max-video-preview:-1"},"canonical":"https:\/\/rutana.lt\/en\/product\/vizitiniu-korteliu-stovelis-skaidrus-kejea-k-040\/","og_locale":"en_US","og_type":"article","og_title":"Vizitini\u0173 korteli\u0173 stovelis skaidrus Kejea K-040 - Rutana - Ra\u0161tin\u0117s reikmenys","og_description":"Viengubas vizitini\u0173 korteli\u0173 stovelis \/ d\u0117kliukas pagamintas i\u0161 labai tvirto ir skaidraus plastiko. Specialus apdirbimo b\u016bdas nepalieka a\u0161tri\u0173 briaun\u0173 ir sukuria malon\u0173 poj\u016bt\u012f lie\u010diant. Universalus vizitini\u0173 korteli\u0173 stovelis \u2013 optimalaus dyd\u017eio, puikiai tinka naudoti kaip d\u0117kliuk\u0105 ( ne\u0161iojantis ki\u0161en\u0117je ar rankin\u0117je ) ir gali transformuotis \u012f stovel\u012f ( naudoti seminaruose ar kituose renginiuose ). Paskirtis: [&hellip;]","og_url":"https:\/\/rutana.lt\/en\/product\/vizitiniu-korteliu-stovelis-skaidrus-kejea-k-040\/","og_site_name":"Rutana - Ra\u0161tin\u0117s reikmenys","article_publisher":"https:\/\/www.facebook.com\/RutanaKanceliarinesPrekes\/","article_modified_time":"2025-10-13T13:59:50+00:00","og_image":[{"width":1000,"height":1000,"url":"https:\/\/rutana.lt\/wp-content\/uploads\/2025\/09\/C022-010.jpg","type":"image\/jpeg"}],"twitter_card":"summary_large_image","schema":{"@context":"https:\/\/schema.org","@graph":[{"@type":"WebPage","@id":"https:\/\/rutana.lt\/produktas\/vizitiniu-korteliu-stovelis-skaidrus-kejea-k-040\/","url":"https:\/\/rutana.lt\/produktas\/vizitiniu-korteliu-stovelis-skaidrus-kejea-k-040\/","name":"Vizitini\u0173 korteli\u0173 stovelis skaidrus Kejea K-040 - Rutana - Ra\u0161tin\u0117s reikmenys","isPartOf":{"@id":"https:\/\/rutana.lt\/#website"},"primaryImageOfPage":{"@id":"https:\/\/rutana.lt\/produktas\/vizitiniu-korteliu-stovelis-skaidrus-kejea-k-040\/#primaryimage"},"image":{"@id":"https:\/\/rutana.lt\/produktas\/vizitiniu-korteliu-stovelis-skaidrus-kejea-k-040\/#primaryimage"},"thumbnailUrl":"https:\/\/rutana.lt\/wp-content\/uploads\/2025\/09\/C022-010-1.jpg?v=1763563428","datePublished":"2025-09-03T08:07:22+00:00","dateModified":"2025-10-13T13:59:50+00:00","breadcrumb":{"@id":"https:\/\/rutana.lt\/produktas\/vizitiniu-korteliu-stovelis-skaidrus-kejea-k-040\/#breadcrumb"},"inLanguage":"en-US","potentialAction":[{"@type":"ReadAction","target":["https:\/\/rutana.lt\/produktas\/vizitiniu-korteliu-stovelis-skaidrus-kejea-k-040\/"]}]},{"@type":"ImageObject","inLanguage":"en-US","@id":"https:\/\/rutana.lt\/produktas\/vizitiniu-korteliu-stovelis-skaidrus-kejea-k-040\/#primaryimage","url":"https:\/\/rutana.lt\/wp-content\/uploads\/2025\/09\/C022-010-1.jpg?v=1763563428","contentUrl":"https:\/\/rutana.lt\/wp-content\/uploads\/2025\/09\/C022-010-1.jpg?v=1763563428","width":1000,"height":1000},{"@type":"BreadcrumbList","@id":"https:\/\/rutana.lt\/produktas\/vizitiniu-korteliu-stovelis-skaidrus-kejea-k-040\/#breadcrumb","itemListElement":[{"@type":"ListItem","position":1,"name":"Home","item":"https:\/\/rutana.lt\/"},{"@type":"ListItem","position":2,"name":"Parduotuv\u0117","item":"https:\/\/rutana.lt\/parduotuve\/"},{"@type":"ListItem","position":3,"name":"Vizitini\u0173 korteli\u0173 stovelis skaidrus Kejea K-040"}]},{"@type":"WebSite","@id":"https:\/\/rutana.lt\/#website","url":"https:\/\/rutana.lt\/","name":"Rutana - Ra\u0161tin\u0117s reikmenys","description":"Prekiaujame pasaulin\u0117je rinkoje pripa\u017eintomis, kokybi\u0161komis biuro prek\u0117mis toki\u0173  gamintoj\u0173 kaip: Schneider, Esselte, Novus, 3M, Faber-Castell, Citizen, Milan, Leitz, Colop, Zebra, Staedtler, Durable, Tork, Parker, Waterman ir kt.","publisher":{"@id":"https:\/\/rutana.lt\/#organization"},"potentialAction":[{"@type":"SearchAction","target":{"@type":"EntryPoint","urlTemplate":"https:\/\/rutana.lt\/?s={search_term_string}"},"query-input":{"@type":"PropertyValueSpecification","valueRequired":true,"valueName":"search_term_string"}}],"inLanguage":"en-US"},{"@type":"Organization","@id":"https:\/\/rutana.lt\/#organization","name":"Rutana - Ra\u0161tin\u0117s reikmenys","url":"https:\/\/rutana.lt\/","logo":{"@type":"ImageObject","inLanguage":"en-US","@id":"https:\/\/rutana.lt\/#\/schema\/logo\/image\/","url":"https:\/\/rutana.lt\/wp-content\/uploads\/2025\/10\/Asset-32.png","contentUrl":"https:\/\/rutana.lt\/wp-content\/uploads\/2025\/10\/Asset-32.png","width":433,"height":119,"caption":"Rutana - Ra\u0161tin\u0117s reikmenys"},"image":{"@id":"https:\/\/rutana.lt\/#\/schema\/logo\/image\/"},"sameAs":["https:\/\/www.facebook.com\/RutanaKanceliarinesPrekes\/"]}]}},"_links":{"self":[{"href":"https:\/\/rutana.lt\/en\/wp-json\/wp\/v2\/product\/19621","targetHints":{"allow":["GET"]}}],"collection":[{"href":"https:\/\/rutana.lt\/en\/wp-json\/wp\/v2\/product"}],"about":[{"href":"https:\/\/rutana.lt\/en\/wp-json\/wp\/v2\/types\/product"}],"replies":[{"embeddable":true,"href":"https:\/\/rutana.lt\/en\/wp-json\/wp\/v2\/comments?post=19621"}],"version-history":[{"count":1,"href":"https:\/\/rutana.lt\/en\/wp-json\/wp\/v2\/product\/19621\/revisions"}],"predecessor-version":[{"id":19679,"href":"https:\/\/rutana.lt\/en\/wp-json\/wp\/v2\/product\/19621\/revisions\/19679"}],"wp:featuredmedia":[{"embeddable":true,"href":"https:\/\/rutana.lt\/en\/wp-json\/wp\/v2\/media\/30131"}],"wp:attachment":[{"href":"https:\/\/rutana.lt\/en\/wp-json\/wp\/v2\/media?parent=19621"}],"wp:term":[{"taxonomy":"product_brand","embeddable":true,"href":"https:\/\/rutana.lt\/en\/wp-json\/wp\/v2\/product_brand?post=19621"},{"taxonomy":"product_cat","embeddable":true,"href":"https:\/\/rutana.lt\/en\/wp-json\/wp\/v2\/product_cat?post=19621"},{"taxonomy":"product_tag","embeddable":true,"href":"https:\/\/rutana.lt\/en\/wp-json\/wp\/v2\/product_tag?post=19621"}],"curies":[{"name":"wp","href":"https:\/\/api.w.org\/{rel}","templated":true}]}}