{"id":19554,"date":"2025-09-03T10:06:58","date_gmt":"2025-09-03T08:06:58","guid":{"rendered":"https:\/\/rutana.webdemo.lt\/?post_type=product&#038;p=19554"},"modified":"2025-10-13T15:59:40","modified_gmt":"2025-10-13T13:59:40","slug":"skystas-ranku-ir-kuno-muilas-berry-soap-500-ml-agafia","status":"publish","type":"product","link":"https:\/\/rutana.lt\/en\/product\/skystas-ranku-ir-kuno-muilas-berry-soap-500-ml-agafia\/","title":{"rendered":"Skystas rank\u0173 ir k\u016bno muilas &#8222;Berry Soap&#8221; 500 ml Agafia"},"content":{"rendered":"<p>Agafijos uog\u0173 muilas, pagamintas su prinokusi\u0173 taigos spanguoli\u0173 ekstraktu, ekologi\u0161kais \u0161alavij\u0173 aliejais ir avie\u010di\u0173 ekstraktu, puikiai tinka rank\u0173 ir k\u016bno odai valyti, \u0161velniai ir su meile j\u0105 pri\u017ei\u016br\u0117damas. Sibiro spanguol\u0117s ir \u0161alavij\u0173 aliejus \u2013 unikalios gamtos dovanos, kurios d\u0117l savo nauding\u0173 savybi\u0173 vertinamos nuo seniausi\u0173 laik\u0173. Organiniai muilo ingredientai ir sveikas septyniolikos Sibiro \u017eoleli\u0173, surinkt\u0173 ekologi\u0161kai \u0161variuose Altajaus kra\u0161to regionuose, u\u017epilas nukels jus \u012f ypating\u0105 taigos pasaul\u012f, apgaubdamas laukini\u0173 \u017eoleli\u0173 ir prinokusi\u0173 uog\u0173 kvapu, suteikdamas j\u016bs\u0173 odai \u0161velnumo ir komforto.<\/p>\n<p>Talpa: 500 ml<\/p>\n<p>Dozatorius: Yra<\/p>\n<p>Buteliukas: PET <\/p>\n<p>Kilm\u0117s \u0161alis: EU<\/p>\n<p><\/p><\/p>","protected":false},"excerpt":{"rendered":"<p>Agafijos uog\u0173 muilas, pagamintas su prinokusi\u0173 taigos spanguoli\u0173 ekstraktu, ekologi\u0161kais \u0161alavij\u0173 aliejais ir avie\u010di\u0173 ekstraktu, puikiai tinka rank\u0173 ir k\u016bno odai valyti, \u0161velniai ir su meile j\u0105 pri\u017ei\u016br\u0117damas. Sibiro spanguol\u0117s ir \u0161alavij\u0173 aliejus \u2013 unikalios gamtos dovanos, kurios d\u0117l savo nauding\u0173 savybi\u0173 vertinamos nuo seniausi\u0173 laik\u0173. Organiniai muilo ingredientai ir sveikas septyniolikos Sibiro \u017eoleli\u0173, surinkt\u0173 [&hellip;]<\/p>","protected":false},"featured_media":30106,"comment_status":"open","ping_status":"closed","template":"","meta":{"_season_start":"","_season_end":"","_season_days":"","_season_months":"","_season_auto_visibility":""},"product_brand":[83],"product_cat":[1696],"product_tag":[],"class_list":{"0":"post-19554","1":"product","2":"type-product","3":"status-publish","4":"has-post-thumbnail","6":"product_brand-null","7":"product_cat-muilas-ir-laikikliai","9":"first","10":"instock","11":"taxable","12":"shipping-taxable","13":"purchasable","14":"product-type-simple"},"yoast_head":"<!-- This site is optimized with the Yoast SEO plugin v26.1.1 - https:\/\/yoast.com\/wordpress\/plugins\/seo\/ -->\n<title>Skystas rank\u0173 ir k\u016bno muilas &quot;Berry Soap&quot; 500 ml Agafia - Rutana - Ra\u0161tin\u0117s reikmenys<\/title>\n<meta name=\"robots\" content=\"index, follow, max-snippet:-1, max-image-preview:large, max-video-preview:-1\" \/>\n<link rel=\"canonical\" href=\"https:\/\/rutana.lt\/en\/product\/skystas-ranku-ir-kuno-muilas-berry-soap-500-ml-agafia\/\" \/>\n<meta property=\"og:locale\" content=\"en_US\" \/>\n<meta property=\"og:type\" content=\"article\" \/>\n<meta property=\"og:title\" content=\"Skystas rank\u0173 ir k\u016bno muilas &quot;Berry Soap&quot; 500 ml Agafia - Rutana - Ra\u0161tin\u0117s reikmenys\" \/>\n<meta property=\"og:description\" content=\"Agafijos uog\u0173 muilas, pagamintas su prinokusi\u0173 taigos spanguoli\u0173 ekstraktu, ekologi\u0161kais \u0161alavij\u0173 aliejais ir avie\u010di\u0173 ekstraktu, puikiai tinka rank\u0173 ir k\u016bno odai valyti, \u0161velniai ir su meile j\u0105 pri\u017ei\u016br\u0117damas. Sibiro spanguol\u0117s ir \u0161alavij\u0173 aliejus \u2013 unikalios gamtos dovanos, kurios d\u0117l savo nauding\u0173 savybi\u0173 vertinamos nuo seniausi\u0173 laik\u0173. Organiniai muilo ingredientai ir sveikas septyniolikos Sibiro \u017eoleli\u0173, surinkt\u0173 [&hellip;]\" \/>\n<meta property=\"og:url\" content=\"https:\/\/rutana.lt\/en\/product\/skystas-ranku-ir-kuno-muilas-berry-soap-500-ml-agafia\/\" \/>\n<meta property=\"og:site_name\" content=\"Rutana - Ra\u0161tin\u0117s reikmenys\" \/>\n<meta property=\"article:publisher\" content=\"https:\/\/www.facebook.com\/RutanaKanceliarinesPrekes\/\" \/>\n<meta property=\"article:modified_time\" content=\"2025-10-13T13:59:40+00:00\" \/>\n<meta property=\"og:image\" content=\"https:\/\/rutana.lt\/wp-content\/uploads\/2025\/09\/B095-422.jpg\" \/>\n\t<meta property=\"og:image:width\" content=\"1000\" \/>\n\t<meta property=\"og:image:height\" content=\"1000\" \/>\n\t<meta property=\"og:image:type\" content=\"image\/jpeg\" \/>\n<meta name=\"twitter:card\" content=\"summary_large_image\" \/>\n<script type=\"application\/ld+json\" class=\"yoast-schema-graph\">{\"@context\":\"https:\/\/schema.org\",\"@graph\":[{\"@type\":\"WebPage\",\"@id\":\"https:\/\/rutana.lt\/produktas\/skystas-ranku-ir-kuno-muilas-berry-soap-500-ml-agafia\/\",\"url\":\"https:\/\/rutana.lt\/produktas\/skystas-ranku-ir-kuno-muilas-berry-soap-500-ml-agafia\/\",\"name\":\"Skystas rank\u0173 ir k\u016bno muilas \\\"Berry Soap\\\" 500 ml Agafia - Rutana - Ra\u0161tin\u0117s reikmenys\",\"isPartOf\":{\"@id\":\"https:\/\/rutana.lt\/#website\"},\"primaryImageOfPage\":{\"@id\":\"https:\/\/rutana.lt\/produktas\/skystas-ranku-ir-kuno-muilas-berry-soap-500-ml-agafia\/#primaryimage\"},\"image\":{\"@id\":\"https:\/\/rutana.lt\/produktas\/skystas-ranku-ir-kuno-muilas-berry-soap-500-ml-agafia\/#primaryimage\"},\"thumbnailUrl\":\"https:\/\/rutana.lt\/wp-content\/uploads\/2025\/09\/B095-422-1.jpg?v=1763563471\",\"datePublished\":\"2025-09-03T08:06:58+00:00\",\"dateModified\":\"2025-10-13T13:59:40+00:00\",\"breadcrumb\":{\"@id\":\"https:\/\/rutana.lt\/produktas\/skystas-ranku-ir-kuno-muilas-berry-soap-500-ml-agafia\/#breadcrumb\"},\"inLanguage\":\"en-US\",\"potentialAction\":[{\"@type\":\"ReadAction\",\"target\":[\"https:\/\/rutana.lt\/produktas\/skystas-ranku-ir-kuno-muilas-berry-soap-500-ml-agafia\/\"]}]},{\"@type\":\"ImageObject\",\"inLanguage\":\"en-US\",\"@id\":\"https:\/\/rutana.lt\/produktas\/skystas-ranku-ir-kuno-muilas-berry-soap-500-ml-agafia\/#primaryimage\",\"url\":\"https:\/\/rutana.lt\/wp-content\/uploads\/2025\/09\/B095-422-1.jpg?v=1763563471\",\"contentUrl\":\"https:\/\/rutana.lt\/wp-content\/uploads\/2025\/09\/B095-422-1.jpg?v=1763563471\",\"width\":1000,\"height\":1000},{\"@type\":\"BreadcrumbList\",\"@id\":\"https:\/\/rutana.lt\/produktas\/skystas-ranku-ir-kuno-muilas-berry-soap-500-ml-agafia\/#breadcrumb\",\"itemListElement\":[{\"@type\":\"ListItem\",\"position\":1,\"name\":\"Home\",\"item\":\"https:\/\/rutana.lt\/\"},{\"@type\":\"ListItem\",\"position\":2,\"name\":\"Parduotuv\u0117\",\"item\":\"https:\/\/rutana.lt\/parduotuve\/\"},{\"@type\":\"ListItem\",\"position\":3,\"name\":\"Skystas rank\u0173 ir k\u016bno muilas &#8222;Berry Soap&#8221; 500 ml Agafia\"}]},{\"@type\":\"WebSite\",\"@id\":\"https:\/\/rutana.lt\/#website\",\"url\":\"https:\/\/rutana.lt\/\",\"name\":\"Rutana - Ra\u0161tin\u0117s reikmenys\",\"description\":\"Prekiaujame pasaulin\u0117je rinkoje pripa\u017eintomis, kokybi\u0161komis biuro prek\u0117mis toki\u0173  gamintoj\u0173 kaip: Schneider, Esselte, Novus, 3M, Faber-Castell, Citizen, Milan, Leitz, Colop, Zebra, Staedtler, Durable, Tork, Parker, Waterman ir kt.\",\"publisher\":{\"@id\":\"https:\/\/rutana.lt\/#organization\"},\"potentialAction\":[{\"@type\":\"SearchAction\",\"target\":{\"@type\":\"EntryPoint\",\"urlTemplate\":\"https:\/\/rutana.lt\/?s={search_term_string}\"},\"query-input\":{\"@type\":\"PropertyValueSpecification\",\"valueRequired\":true,\"valueName\":\"search_term_string\"}}],\"inLanguage\":\"en-US\"},{\"@type\":\"Organization\",\"@id\":\"https:\/\/rutana.lt\/#organization\",\"name\":\"Rutana - Ra\u0161tin\u0117s reikmenys\",\"url\":\"https:\/\/rutana.lt\/\",\"logo\":{\"@type\":\"ImageObject\",\"inLanguage\":\"en-US\",\"@id\":\"https:\/\/rutana.lt\/#\/schema\/logo\/image\/\",\"url\":\"https:\/\/rutana.lt\/wp-content\/uploads\/2025\/10\/Asset-32.png\",\"contentUrl\":\"https:\/\/rutana.lt\/wp-content\/uploads\/2025\/10\/Asset-32.png\",\"width\":433,\"height\":119,\"caption\":\"Rutana - Ra\u0161tin\u0117s reikmenys\"},\"image\":{\"@id\":\"https:\/\/rutana.lt\/#\/schema\/logo\/image\/\"},\"sameAs\":[\"https:\/\/www.facebook.com\/RutanaKanceliarinesPrekes\/\"]}]}<\/script>\n<!-- \/ Yoast SEO plugin. -->","yoast_head_json":{"title":"Skystas rank\u0173 ir k\u016bno muilas \"Berry Soap\" 500 ml Agafia - Rutana - Ra\u0161tin\u0117s reikmenys","robots":{"index":"index","follow":"follow","max-snippet":"max-snippet:-1","max-image-preview":"max-image-preview:large","max-video-preview":"max-video-preview:-1"},"canonical":"https:\/\/rutana.lt\/en\/product\/skystas-ranku-ir-kuno-muilas-berry-soap-500-ml-agafia\/","og_locale":"en_US","og_type":"article","og_title":"Skystas rank\u0173 ir k\u016bno muilas \"Berry Soap\" 500 ml Agafia - Rutana - Ra\u0161tin\u0117s reikmenys","og_description":"Agafijos uog\u0173 muilas, pagamintas su prinokusi\u0173 taigos spanguoli\u0173 ekstraktu, ekologi\u0161kais \u0161alavij\u0173 aliejais ir avie\u010di\u0173 ekstraktu, puikiai tinka rank\u0173 ir k\u016bno odai valyti, \u0161velniai ir su meile j\u0105 pri\u017ei\u016br\u0117damas. Sibiro spanguol\u0117s ir \u0161alavij\u0173 aliejus \u2013 unikalios gamtos dovanos, kurios d\u0117l savo nauding\u0173 savybi\u0173 vertinamos nuo seniausi\u0173 laik\u0173. Organiniai muilo ingredientai ir sveikas septyniolikos Sibiro \u017eoleli\u0173, surinkt\u0173 [&hellip;]","og_url":"https:\/\/rutana.lt\/en\/product\/skystas-ranku-ir-kuno-muilas-berry-soap-500-ml-agafia\/","og_site_name":"Rutana - Ra\u0161tin\u0117s reikmenys","article_publisher":"https:\/\/www.facebook.com\/RutanaKanceliarinesPrekes\/","article_modified_time":"2025-10-13T13:59:40+00:00","og_image":[{"width":1000,"height":1000,"url":"https:\/\/rutana.lt\/wp-content\/uploads\/2025\/09\/B095-422.jpg","type":"image\/jpeg"}],"twitter_card":"summary_large_image","schema":{"@context":"https:\/\/schema.org","@graph":[{"@type":"WebPage","@id":"https:\/\/rutana.lt\/produktas\/skystas-ranku-ir-kuno-muilas-berry-soap-500-ml-agafia\/","url":"https:\/\/rutana.lt\/produktas\/skystas-ranku-ir-kuno-muilas-berry-soap-500-ml-agafia\/","name":"Skystas rank\u0173 ir k\u016bno muilas \"Berry Soap\" 500 ml Agafia - Rutana - Ra\u0161tin\u0117s reikmenys","isPartOf":{"@id":"https:\/\/rutana.lt\/#website"},"primaryImageOfPage":{"@id":"https:\/\/rutana.lt\/produktas\/skystas-ranku-ir-kuno-muilas-berry-soap-500-ml-agafia\/#primaryimage"},"image":{"@id":"https:\/\/rutana.lt\/produktas\/skystas-ranku-ir-kuno-muilas-berry-soap-500-ml-agafia\/#primaryimage"},"thumbnailUrl":"https:\/\/rutana.lt\/wp-content\/uploads\/2025\/09\/B095-422-1.jpg?v=1763563471","datePublished":"2025-09-03T08:06:58+00:00","dateModified":"2025-10-13T13:59:40+00:00","breadcrumb":{"@id":"https:\/\/rutana.lt\/produktas\/skystas-ranku-ir-kuno-muilas-berry-soap-500-ml-agafia\/#breadcrumb"},"inLanguage":"en-US","potentialAction":[{"@type":"ReadAction","target":["https:\/\/rutana.lt\/produktas\/skystas-ranku-ir-kuno-muilas-berry-soap-500-ml-agafia\/"]}]},{"@type":"ImageObject","inLanguage":"en-US","@id":"https:\/\/rutana.lt\/produktas\/skystas-ranku-ir-kuno-muilas-berry-soap-500-ml-agafia\/#primaryimage","url":"https:\/\/rutana.lt\/wp-content\/uploads\/2025\/09\/B095-422-1.jpg?v=1763563471","contentUrl":"https:\/\/rutana.lt\/wp-content\/uploads\/2025\/09\/B095-422-1.jpg?v=1763563471","width":1000,"height":1000},{"@type":"BreadcrumbList","@id":"https:\/\/rutana.lt\/produktas\/skystas-ranku-ir-kuno-muilas-berry-soap-500-ml-agafia\/#breadcrumb","itemListElement":[{"@type":"ListItem","position":1,"name":"Home","item":"https:\/\/rutana.lt\/"},{"@type":"ListItem","position":2,"name":"Parduotuv\u0117","item":"https:\/\/rutana.lt\/parduotuve\/"},{"@type":"ListItem","position":3,"name":"Skystas rank\u0173 ir k\u016bno muilas &#8222;Berry Soap&#8221; 500 ml Agafia"}]},{"@type":"WebSite","@id":"https:\/\/rutana.lt\/#website","url":"https:\/\/rutana.lt\/","name":"Rutana - Ra\u0161tin\u0117s reikmenys","description":"Prekiaujame pasaulin\u0117je rinkoje pripa\u017eintomis, kokybi\u0161komis biuro prek\u0117mis toki\u0173  gamintoj\u0173 kaip: Schneider, Esselte, Novus, 3M, Faber-Castell, Citizen, Milan, Leitz, Colop, Zebra, Staedtler, Durable, Tork, Parker, Waterman ir kt.","publisher":{"@id":"https:\/\/rutana.lt\/#organization"},"potentialAction":[{"@type":"SearchAction","target":{"@type":"EntryPoint","urlTemplate":"https:\/\/rutana.lt\/?s={search_term_string}"},"query-input":{"@type":"PropertyValueSpecification","valueRequired":true,"valueName":"search_term_string"}}],"inLanguage":"en-US"},{"@type":"Organization","@id":"https:\/\/rutana.lt\/#organization","name":"Rutana - Ra\u0161tin\u0117s reikmenys","url":"https:\/\/rutana.lt\/","logo":{"@type":"ImageObject","inLanguage":"en-US","@id":"https:\/\/rutana.lt\/#\/schema\/logo\/image\/","url":"https:\/\/rutana.lt\/wp-content\/uploads\/2025\/10\/Asset-32.png","contentUrl":"https:\/\/rutana.lt\/wp-content\/uploads\/2025\/10\/Asset-32.png","width":433,"height":119,"caption":"Rutana - Ra\u0161tin\u0117s reikmenys"},"image":{"@id":"https:\/\/rutana.lt\/#\/schema\/logo\/image\/"},"sameAs":["https:\/\/www.facebook.com\/RutanaKanceliarinesPrekes\/"]}]}},"_links":{"self":[{"href":"https:\/\/rutana.lt\/en\/wp-json\/wp\/v2\/product\/19554","targetHints":{"allow":["GET"]}}],"collection":[{"href":"https:\/\/rutana.lt\/en\/wp-json\/wp\/v2\/product"}],"about":[{"href":"https:\/\/rutana.lt\/en\/wp-json\/wp\/v2\/types\/product"}],"replies":[{"embeddable":true,"href":"https:\/\/rutana.lt\/en\/wp-json\/wp\/v2\/comments?post=19554"}],"version-history":[{"count":1,"href":"https:\/\/rutana.lt\/en\/wp-json\/wp\/v2\/product\/19554\/revisions"}],"predecessor-version":[{"id":19591,"href":"https:\/\/rutana.lt\/en\/wp-json\/wp\/v2\/product\/19554\/revisions\/19591"}],"wp:featuredmedia":[{"embeddable":true,"href":"https:\/\/rutana.lt\/en\/wp-json\/wp\/v2\/media\/30106"}],"wp:attachment":[{"href":"https:\/\/rutana.lt\/en\/wp-json\/wp\/v2\/media?parent=19554"}],"wp:term":[{"taxonomy":"product_brand","embeddable":true,"href":"https:\/\/rutana.lt\/en\/wp-json\/wp\/v2\/product_brand?post=19554"},{"taxonomy":"product_cat","embeddable":true,"href":"https:\/\/rutana.lt\/en\/wp-json\/wp\/v2\/product_cat?post=19554"},{"taxonomy":"product_tag","embeddable":true,"href":"https:\/\/rutana.lt\/en\/wp-json\/wp\/v2\/product_tag?post=19554"}],"curies":[{"name":"wp","href":"https:\/\/api.w.org\/{rel}","templated":true}]}}