{"id":19551,"date":"2025-09-03T10:06:58","date_gmt":"2025-09-03T08:06:58","guid":{"rendered":"https:\/\/rutana.webdemo.lt\/?post_type=product&#038;p=19551"},"modified":"2025-10-13T15:59:39","modified_gmt":"2025-10-13T13:59:39","slug":"skystas-ranku-muilas-mintwild-jasmine-500-ml-organic-shop","status":"publish","type":"product","link":"https:\/\/rutana.lt\/en\/product\/skystas-ranku-muilas-mintwild-jasmine-500-ml-organic-shop\/","title":{"rendered":"Skystas rank\u0173 muilas &#8222;Mint&#038;Wild Jasmine&#8221; 500 ml Organic Shop"},"content":{"rendered":"<p>\u0160is dr\u0117kinamasis rank\u0173 muilas pagamintas su organini\u0173 m\u0117t\u0173 ir organini\u0173 jazmin\u0173 ekstraktais, kurie intensyviai maitina, mink\u0161tina ir atjaunina j\u016bs\u0173 rankas, tuo pa\u010diu suteikdami joms mink\u0161tumo ir \u0161velnumo. Tinka veganams.<\/p>\n<p>Talpa: 500 ml<\/p>\n<p>Dozatorius: Yra<\/p>\n<p>Buteliukas: PET ( perdirbamas )<\/p>\n<p>Kilm\u0117s \u0161alis: EU<\/p>\n<p><\/p><\/p>","protected":false},"excerpt":{"rendered":"<p>\u0160is dr\u0117kinamasis rank\u0173 muilas pagamintas su organini\u0173 m\u0117t\u0173 ir organini\u0173 jazmin\u0173 ekstraktais, kurie intensyviai maitina, mink\u0161tina ir atjaunina j\u016bs\u0173 rankas, tuo pa\u010diu suteikdami joms mink\u0161tumo ir \u0161velnumo. Tinka veganams. Talpa: 500 ml Dozatorius: Yra Buteliukas: PET ( perdirbamas ) Kilm\u0117s \u0161alis: EU<\/p>","protected":false},"featured_media":30103,"comment_status":"open","ping_status":"closed","template":"","meta":{"_season_start":"","_season_end":"","_season_days":"","_season_months":"","_season_auto_visibility":""},"product_brand":[1112],"product_cat":[1696],"product_tag":[],"class_list":{"0":"post-19551","1":"product","2":"type-product","3":"status-publish","4":"has-post-thumbnail","6":"product_brand-organic-shop","7":"product_cat-muilas-ir-laikikliai","9":"first","10":"instock","11":"taxable","12":"shipping-taxable","13":"purchasable","14":"product-type-simple"},"yoast_head":"<!-- This site is optimized with the Yoast SEO plugin v26.1.1 - https:\/\/yoast.com\/wordpress\/plugins\/seo\/ -->\n<title>Skystas rank\u0173 muilas &quot;Mint&amp;Wild Jasmine&quot; 500 ml Organic Shop - Rutana - Ra\u0161tin\u0117s reikmenys<\/title>\n<meta name=\"robots\" content=\"index, follow, max-snippet:-1, max-image-preview:large, max-video-preview:-1\" \/>\n<link rel=\"canonical\" href=\"https:\/\/rutana.lt\/en\/product\/skystas-ranku-muilas-mintwild-jasmine-500-ml-organic-shop\/\" \/>\n<meta property=\"og:locale\" content=\"en_US\" \/>\n<meta property=\"og:type\" content=\"article\" \/>\n<meta property=\"og:title\" content=\"Skystas rank\u0173 muilas &quot;Mint&amp;Wild Jasmine&quot; 500 ml Organic Shop - Rutana - Ra\u0161tin\u0117s reikmenys\" \/>\n<meta property=\"og:description\" content=\"\u0160is dr\u0117kinamasis rank\u0173 muilas pagamintas su organini\u0173 m\u0117t\u0173 ir organini\u0173 jazmin\u0173 ekstraktais, kurie intensyviai maitina, mink\u0161tina ir atjaunina j\u016bs\u0173 rankas, tuo pa\u010diu suteikdami joms mink\u0161tumo ir \u0161velnumo. Tinka veganams. Talpa: 500 ml Dozatorius: Yra Buteliukas: PET ( perdirbamas ) Kilm\u0117s \u0161alis: EU\" \/>\n<meta property=\"og:url\" content=\"https:\/\/rutana.lt\/en\/product\/skystas-ranku-muilas-mintwild-jasmine-500-ml-organic-shop\/\" \/>\n<meta property=\"og:site_name\" content=\"Rutana - Ra\u0161tin\u0117s reikmenys\" \/>\n<meta property=\"article:publisher\" content=\"https:\/\/www.facebook.com\/RutanaKanceliarinesPrekes\/\" \/>\n<meta property=\"article:modified_time\" content=\"2025-10-13T13:59:39+00:00\" \/>\n<meta property=\"og:image\" content=\"https:\/\/rutana.lt\/wp-content\/uploads\/2025\/09\/B095-423.jpg\" \/>\n\t<meta property=\"og:image:width\" content=\"1000\" \/>\n\t<meta property=\"og:image:height\" content=\"1000\" \/>\n\t<meta property=\"og:image:type\" content=\"image\/jpeg\" \/>\n<meta name=\"twitter:card\" content=\"summary_large_image\" \/>\n<script type=\"application\/ld+json\" class=\"yoast-schema-graph\">{\"@context\":\"https:\/\/schema.org\",\"@graph\":[{\"@type\":\"WebPage\",\"@id\":\"https:\/\/rutana.lt\/produktas\/skystas-ranku-muilas-mintwild-jasmine-500-ml-organic-shop\/\",\"url\":\"https:\/\/rutana.lt\/produktas\/skystas-ranku-muilas-mintwild-jasmine-500-ml-organic-shop\/\",\"name\":\"Skystas rank\u0173 muilas \\\"Mint&Wild Jasmine\\\" 500 ml Organic Shop - Rutana - Ra\u0161tin\u0117s reikmenys\",\"isPartOf\":{\"@id\":\"https:\/\/rutana.lt\/#website\"},\"primaryImageOfPage\":{\"@id\":\"https:\/\/rutana.lt\/produktas\/skystas-ranku-muilas-mintwild-jasmine-500-ml-organic-shop\/#primaryimage\"},\"image\":{\"@id\":\"https:\/\/rutana.lt\/produktas\/skystas-ranku-muilas-mintwild-jasmine-500-ml-organic-shop\/#primaryimage\"},\"thumbnailUrl\":\"https:\/\/rutana.lt\/wp-content\/uploads\/2025\/09\/B095-423-2.jpg?v=1763563477\",\"datePublished\":\"2025-09-03T08:06:58+00:00\",\"dateModified\":\"2025-10-13T13:59:39+00:00\",\"breadcrumb\":{\"@id\":\"https:\/\/rutana.lt\/produktas\/skystas-ranku-muilas-mintwild-jasmine-500-ml-organic-shop\/#breadcrumb\"},\"inLanguage\":\"en-US\",\"potentialAction\":[{\"@type\":\"ReadAction\",\"target\":[\"https:\/\/rutana.lt\/produktas\/skystas-ranku-muilas-mintwild-jasmine-500-ml-organic-shop\/\"]}]},{\"@type\":\"ImageObject\",\"inLanguage\":\"en-US\",\"@id\":\"https:\/\/rutana.lt\/produktas\/skystas-ranku-muilas-mintwild-jasmine-500-ml-organic-shop\/#primaryimage\",\"url\":\"https:\/\/rutana.lt\/wp-content\/uploads\/2025\/09\/B095-423-2.jpg?v=1763563477\",\"contentUrl\":\"https:\/\/rutana.lt\/wp-content\/uploads\/2025\/09\/B095-423-2.jpg?v=1763563477\",\"width\":1000,\"height\":1000},{\"@type\":\"BreadcrumbList\",\"@id\":\"https:\/\/rutana.lt\/produktas\/skystas-ranku-muilas-mintwild-jasmine-500-ml-organic-shop\/#breadcrumb\",\"itemListElement\":[{\"@type\":\"ListItem\",\"position\":1,\"name\":\"Home\",\"item\":\"https:\/\/rutana.lt\/\"},{\"@type\":\"ListItem\",\"position\":2,\"name\":\"Parduotuv\u0117\",\"item\":\"https:\/\/rutana.lt\/parduotuve\/\"},{\"@type\":\"ListItem\",\"position\":3,\"name\":\"Skystas rank\u0173 muilas &#8222;Mint&#038;Wild Jasmine&#8221; 500 ml Organic Shop\"}]},{\"@type\":\"WebSite\",\"@id\":\"https:\/\/rutana.lt\/#website\",\"url\":\"https:\/\/rutana.lt\/\",\"name\":\"Rutana - Ra\u0161tin\u0117s reikmenys\",\"description\":\"Prekiaujame pasaulin\u0117je rinkoje pripa\u017eintomis, kokybi\u0161komis biuro prek\u0117mis toki\u0173  gamintoj\u0173 kaip: Schneider, Esselte, Novus, 3M, Faber-Castell, Citizen, Milan, Leitz, Colop, Zebra, Staedtler, Durable, Tork, Parker, Waterman ir kt.\",\"publisher\":{\"@id\":\"https:\/\/rutana.lt\/#organization\"},\"potentialAction\":[{\"@type\":\"SearchAction\",\"target\":{\"@type\":\"EntryPoint\",\"urlTemplate\":\"https:\/\/rutana.lt\/?s={search_term_string}\"},\"query-input\":{\"@type\":\"PropertyValueSpecification\",\"valueRequired\":true,\"valueName\":\"search_term_string\"}}],\"inLanguage\":\"en-US\"},{\"@type\":\"Organization\",\"@id\":\"https:\/\/rutana.lt\/#organization\",\"name\":\"Rutana - Ra\u0161tin\u0117s reikmenys\",\"url\":\"https:\/\/rutana.lt\/\",\"logo\":{\"@type\":\"ImageObject\",\"inLanguage\":\"en-US\",\"@id\":\"https:\/\/rutana.lt\/#\/schema\/logo\/image\/\",\"url\":\"https:\/\/rutana.lt\/wp-content\/uploads\/2025\/10\/Asset-32.png\",\"contentUrl\":\"https:\/\/rutana.lt\/wp-content\/uploads\/2025\/10\/Asset-32.png\",\"width\":433,\"height\":119,\"caption\":\"Rutana - Ra\u0161tin\u0117s reikmenys\"},\"image\":{\"@id\":\"https:\/\/rutana.lt\/#\/schema\/logo\/image\/\"},\"sameAs\":[\"https:\/\/www.facebook.com\/RutanaKanceliarinesPrekes\/\"]}]}<\/script>\n<!-- \/ Yoast SEO plugin. -->","yoast_head_json":{"title":"Skystas rank\u0173 muilas \"Mint&Wild Jasmine\" 500 ml Organic Shop - Rutana - Ra\u0161tin\u0117s reikmenys","robots":{"index":"index","follow":"follow","max-snippet":"max-snippet:-1","max-image-preview":"max-image-preview:large","max-video-preview":"max-video-preview:-1"},"canonical":"https:\/\/rutana.lt\/en\/product\/skystas-ranku-muilas-mintwild-jasmine-500-ml-organic-shop\/","og_locale":"en_US","og_type":"article","og_title":"Skystas rank\u0173 muilas \"Mint&Wild Jasmine\" 500 ml Organic Shop - Rutana - Ra\u0161tin\u0117s reikmenys","og_description":"\u0160is dr\u0117kinamasis rank\u0173 muilas pagamintas su organini\u0173 m\u0117t\u0173 ir organini\u0173 jazmin\u0173 ekstraktais, kurie intensyviai maitina, mink\u0161tina ir atjaunina j\u016bs\u0173 rankas, tuo pa\u010diu suteikdami joms mink\u0161tumo ir \u0161velnumo. Tinka veganams. Talpa: 500 ml Dozatorius: Yra Buteliukas: PET ( perdirbamas ) Kilm\u0117s \u0161alis: EU","og_url":"https:\/\/rutana.lt\/en\/product\/skystas-ranku-muilas-mintwild-jasmine-500-ml-organic-shop\/","og_site_name":"Rutana - Ra\u0161tin\u0117s reikmenys","article_publisher":"https:\/\/www.facebook.com\/RutanaKanceliarinesPrekes\/","article_modified_time":"2025-10-13T13:59:39+00:00","og_image":[{"width":1000,"height":1000,"url":"https:\/\/rutana.lt\/wp-content\/uploads\/2025\/09\/B095-423.jpg","type":"image\/jpeg"}],"twitter_card":"summary_large_image","schema":{"@context":"https:\/\/schema.org","@graph":[{"@type":"WebPage","@id":"https:\/\/rutana.lt\/produktas\/skystas-ranku-muilas-mintwild-jasmine-500-ml-organic-shop\/","url":"https:\/\/rutana.lt\/produktas\/skystas-ranku-muilas-mintwild-jasmine-500-ml-organic-shop\/","name":"Skystas rank\u0173 muilas \"Mint&Wild Jasmine\" 500 ml Organic Shop - Rutana - Ra\u0161tin\u0117s reikmenys","isPartOf":{"@id":"https:\/\/rutana.lt\/#website"},"primaryImageOfPage":{"@id":"https:\/\/rutana.lt\/produktas\/skystas-ranku-muilas-mintwild-jasmine-500-ml-organic-shop\/#primaryimage"},"image":{"@id":"https:\/\/rutana.lt\/produktas\/skystas-ranku-muilas-mintwild-jasmine-500-ml-organic-shop\/#primaryimage"},"thumbnailUrl":"https:\/\/rutana.lt\/wp-content\/uploads\/2025\/09\/B095-423-2.jpg?v=1763563477","datePublished":"2025-09-03T08:06:58+00:00","dateModified":"2025-10-13T13:59:39+00:00","breadcrumb":{"@id":"https:\/\/rutana.lt\/produktas\/skystas-ranku-muilas-mintwild-jasmine-500-ml-organic-shop\/#breadcrumb"},"inLanguage":"en-US","potentialAction":[{"@type":"ReadAction","target":["https:\/\/rutana.lt\/produktas\/skystas-ranku-muilas-mintwild-jasmine-500-ml-organic-shop\/"]}]},{"@type":"ImageObject","inLanguage":"en-US","@id":"https:\/\/rutana.lt\/produktas\/skystas-ranku-muilas-mintwild-jasmine-500-ml-organic-shop\/#primaryimage","url":"https:\/\/rutana.lt\/wp-content\/uploads\/2025\/09\/B095-423-2.jpg?v=1763563477","contentUrl":"https:\/\/rutana.lt\/wp-content\/uploads\/2025\/09\/B095-423-2.jpg?v=1763563477","width":1000,"height":1000},{"@type":"BreadcrumbList","@id":"https:\/\/rutana.lt\/produktas\/skystas-ranku-muilas-mintwild-jasmine-500-ml-organic-shop\/#breadcrumb","itemListElement":[{"@type":"ListItem","position":1,"name":"Home","item":"https:\/\/rutana.lt\/"},{"@type":"ListItem","position":2,"name":"Parduotuv\u0117","item":"https:\/\/rutana.lt\/parduotuve\/"},{"@type":"ListItem","position":3,"name":"Skystas rank\u0173 muilas &#8222;Mint&#038;Wild Jasmine&#8221; 500 ml Organic Shop"}]},{"@type":"WebSite","@id":"https:\/\/rutana.lt\/#website","url":"https:\/\/rutana.lt\/","name":"Rutana - Ra\u0161tin\u0117s reikmenys","description":"Prekiaujame pasaulin\u0117je rinkoje pripa\u017eintomis, kokybi\u0161komis biuro prek\u0117mis toki\u0173  gamintoj\u0173 kaip: Schneider, Esselte, Novus, 3M, Faber-Castell, Citizen, Milan, Leitz, Colop, Zebra, Staedtler, Durable, Tork, Parker, Waterman ir kt.","publisher":{"@id":"https:\/\/rutana.lt\/#organization"},"potentialAction":[{"@type":"SearchAction","target":{"@type":"EntryPoint","urlTemplate":"https:\/\/rutana.lt\/?s={search_term_string}"},"query-input":{"@type":"PropertyValueSpecification","valueRequired":true,"valueName":"search_term_string"}}],"inLanguage":"en-US"},{"@type":"Organization","@id":"https:\/\/rutana.lt\/#organization","name":"Rutana - Ra\u0161tin\u0117s reikmenys","url":"https:\/\/rutana.lt\/","logo":{"@type":"ImageObject","inLanguage":"en-US","@id":"https:\/\/rutana.lt\/#\/schema\/logo\/image\/","url":"https:\/\/rutana.lt\/wp-content\/uploads\/2025\/10\/Asset-32.png","contentUrl":"https:\/\/rutana.lt\/wp-content\/uploads\/2025\/10\/Asset-32.png","width":433,"height":119,"caption":"Rutana - Ra\u0161tin\u0117s reikmenys"},"image":{"@id":"https:\/\/rutana.lt\/#\/schema\/logo\/image\/"},"sameAs":["https:\/\/www.facebook.com\/RutanaKanceliarinesPrekes\/"]}]}},"_links":{"self":[{"href":"https:\/\/rutana.lt\/en\/wp-json\/wp\/v2\/product\/19551","targetHints":{"allow":["GET"]}}],"collection":[{"href":"https:\/\/rutana.lt\/en\/wp-json\/wp\/v2\/product"}],"about":[{"href":"https:\/\/rutana.lt\/en\/wp-json\/wp\/v2\/types\/product"}],"replies":[{"embeddable":true,"href":"https:\/\/rutana.lt\/en\/wp-json\/wp\/v2\/comments?post=19551"}],"version-history":[{"count":1,"href":"https:\/\/rutana.lt\/en\/wp-json\/wp\/v2\/product\/19551\/revisions"}],"predecessor-version":[{"id":19585,"href":"https:\/\/rutana.lt\/en\/wp-json\/wp\/v2\/product\/19551\/revisions\/19585"}],"wp:featuredmedia":[{"embeddable":true,"href":"https:\/\/rutana.lt\/en\/wp-json\/wp\/v2\/media\/30103"}],"wp:attachment":[{"href":"https:\/\/rutana.lt\/en\/wp-json\/wp\/v2\/media?parent=19551"}],"wp:term":[{"taxonomy":"product_brand","embeddable":true,"href":"https:\/\/rutana.lt\/en\/wp-json\/wp\/v2\/product_brand?post=19551"},{"taxonomy":"product_cat","embeddable":true,"href":"https:\/\/rutana.lt\/en\/wp-json\/wp\/v2\/product_cat?post=19551"},{"taxonomy":"product_tag","embeddable":true,"href":"https:\/\/rutana.lt\/en\/wp-json\/wp\/v2\/product_tag?post=19551"}],"curies":[{"name":"wp","href":"https:\/\/api.w.org\/{rel}","templated":true}]}}