{"id":19549,"date":"2025-09-03T10:06:58","date_gmt":"2025-09-03T08:06:58","guid":{"rendered":"https:\/\/rutana.webdemo.lt\/?post_type=product&#038;p=19549"},"modified":"2025-10-13T15:59:38","modified_gmt":"2025-10-13T13:59:38","slug":"tualetinis-popierius-3-sluoksniu-classic-24-vnt-ooops","status":"publish","type":"product","link":"https:\/\/rutana.lt\/en\/product\/tualetinis-popierius-3-sluoksniu-classic-24-vnt-ooops\/","title":{"rendered":"Tualetinis popierius 3 sluoksni\u0173 &#8222;Classic&#8221; 24 vnt. Ooops!"},"content":{"rendered":"<p><span style=\"-webkit-font-smoothing: antialiased; line-height: 1em; vertical-align: inherit;\">Auk\u0161\u010diausios kokyb\u0117s, trij\u0173 sluoksni\u0173 tualetinis popierius. <\/span><span style=\"-webkit-font-smoothing: antialiased; line-height: 1em; vertical-align: inherit;\">Auk\u0161\u010diausios kokyb\u0117s mink\u0161tumo, standartinio ritin\u0117lio ilgio ir lapo dyd\u017eio produktas. <\/span><span style=\"-webkit-font-smoothing: antialiased; line-height: 1em; vertical-align: inherit;\">Pakuot\u0117s turi lengvai atidaromus kampus. <\/span><span style=\"-webkit-font-smoothing: antialiased; line-height: 1em; vertical-align: inherit;\">D\u0117l kompakti\u0161ko ritin\u0117lio ir ma\u017eesnio skersmens sunaudojama ma\u017eiau pakavimo med\u017eiagos. <\/span><span style=\"-webkit-font-smoothing: antialiased; line-height: 1em; vertical-align: inherit;\">Pakuot\u0117 pagaminta i\u0161 60 % perdirbto plastiko, tausojant aplink\u0105.<\/span><\/p>\n<p>Rulon\u0117li\u0173 kiekis pakuot\u0117je: 24<\/p>\n<p>Sluoksniai: 3<\/p>\n<p>Spalva: balta<\/p>\n<p>Perforacija: taip<\/p>\n<p>Kilm\u0117s \u0161alis: Vengrija<\/p>\n<p><\/p>\n<p><\/p>","protected":false},"excerpt":{"rendered":"<p>Auk\u0161\u010diausios kokyb\u0117s, trij\u0173 sluoksni\u0173 tualetinis popierius. Auk\u0161\u010diausios kokyb\u0117s mink\u0161tumo, standartinio ritin\u0117lio ilgio ir lapo dyd\u017eio produktas. Pakuot\u0117s turi lengvai atidaromus kampus. D\u0117l kompakti\u0161ko ritin\u0117lio ir ma\u017eesnio skersmens sunaudojama ma\u017eiau pakavimo med\u017eiagos. Pakuot\u0117 pagaminta i\u0161 60 % perdirbto plastiko, tausojant aplink\u0105. Rulon\u0117li\u0173 kiekis pakuot\u0117je: 24 Sluoksniai: 3 Spalva: balta Perforacija: taip Kilm\u0117s \u0161alis: Vengrija<\/p>","protected":false},"featured_media":30101,"comment_status":"open","ping_status":"closed","template":"","meta":{"_season_start":"","_season_end":"","_season_days":"","_season_months":"","_season_auto_visibility":""},"product_brand":[1111],"product_cat":[1622],"product_tag":[],"class_list":{"0":"post-19549","1":"product","2":"type-product","3":"status-publish","4":"has-post-thumbnail","6":"product_brand-ooops","7":"product_cat-tualetinis-popierius","9":"first","10":"instock","11":"taxable","12":"shipping-taxable","13":"purchasable","14":"product-type-simple"},"yoast_head":"<!-- This site is optimized with the Yoast SEO plugin v26.1.1 - https:\/\/yoast.com\/wordpress\/plugins\/seo\/ -->\n<title>Tualetinis popierius 3 sluoksni\u0173 &quot;Classic&quot; 24 vnt. Ooops! - Rutana - Ra\u0161tin\u0117s reikmenys<\/title>\n<meta name=\"robots\" content=\"index, follow, max-snippet:-1, max-image-preview:large, max-video-preview:-1\" \/>\n<link rel=\"canonical\" href=\"https:\/\/rutana.lt\/en\/product\/tualetinis-popierius-3-sluoksniu-classic-24-vnt-ooops\/\" \/>\n<meta property=\"og:locale\" content=\"en_US\" \/>\n<meta property=\"og:type\" content=\"article\" \/>\n<meta property=\"og:title\" content=\"Tualetinis popierius 3 sluoksni\u0173 &quot;Classic&quot; 24 vnt. Ooops! - Rutana - Ra\u0161tin\u0117s reikmenys\" \/>\n<meta property=\"og:description\" content=\"Auk\u0161\u010diausios kokyb\u0117s, trij\u0173 sluoksni\u0173 tualetinis popierius. Auk\u0161\u010diausios kokyb\u0117s mink\u0161tumo, standartinio ritin\u0117lio ilgio ir lapo dyd\u017eio produktas. Pakuot\u0117s turi lengvai atidaromus kampus. D\u0117l kompakti\u0161ko ritin\u0117lio ir ma\u017eesnio skersmens sunaudojama ma\u017eiau pakavimo med\u017eiagos. Pakuot\u0117 pagaminta i\u0161 60 % perdirbto plastiko, tausojant aplink\u0105. Rulon\u0117li\u0173 kiekis pakuot\u0117je: 24 Sluoksniai: 3 Spalva: balta Perforacija: taip Kilm\u0117s \u0161alis: Vengrija\" \/>\n<meta property=\"og:url\" content=\"https:\/\/rutana.lt\/en\/product\/tualetinis-popierius-3-sluoksniu-classic-24-vnt-ooops\/\" \/>\n<meta property=\"og:site_name\" content=\"Rutana - Ra\u0161tin\u0117s reikmenys\" \/>\n<meta property=\"article:publisher\" content=\"https:\/\/www.facebook.com\/RutanaKanceliarinesPrekes\/\" \/>\n<meta property=\"article:modified_time\" content=\"2025-10-13T13:59:38+00:00\" \/>\n<meta property=\"og:image\" content=\"https:\/\/rutana.lt\/wp-content\/uploads\/2025\/09\/A081-002.jpg\" \/>\n\t<meta property=\"og:image:width\" content=\"1000\" \/>\n\t<meta property=\"og:image:height\" content=\"1000\" \/>\n\t<meta property=\"og:image:type\" content=\"image\/jpeg\" \/>\n<meta name=\"twitter:card\" content=\"summary_large_image\" \/>\n<script type=\"application\/ld+json\" class=\"yoast-schema-graph\">{\"@context\":\"https:\/\/schema.org\",\"@graph\":[{\"@type\":\"WebPage\",\"@id\":\"https:\/\/rutana.lt\/produktas\/tualetinis-popierius-3-sluoksniu-classic-24-vnt-ooops\/\",\"url\":\"https:\/\/rutana.lt\/produktas\/tualetinis-popierius-3-sluoksniu-classic-24-vnt-ooops\/\",\"name\":\"Tualetinis popierius 3 sluoksni\u0173 \\\"Classic\\\" 24 vnt. Ooops! - Rutana - Ra\u0161tin\u0117s reikmenys\",\"isPartOf\":{\"@id\":\"https:\/\/rutana.lt\/#website\"},\"primaryImageOfPage\":{\"@id\":\"https:\/\/rutana.lt\/produktas\/tualetinis-popierius-3-sluoksniu-classic-24-vnt-ooops\/#primaryimage\"},\"image\":{\"@id\":\"https:\/\/rutana.lt\/produktas\/tualetinis-popierius-3-sluoksniu-classic-24-vnt-ooops\/#primaryimage\"},\"thumbnailUrl\":\"https:\/\/rutana.lt\/wp-content\/uploads\/2025\/09\/A081-002-1.jpg?v=1763563480\",\"datePublished\":\"2025-09-03T08:06:58+00:00\",\"dateModified\":\"2025-10-13T13:59:38+00:00\",\"breadcrumb\":{\"@id\":\"https:\/\/rutana.lt\/produktas\/tualetinis-popierius-3-sluoksniu-classic-24-vnt-ooops\/#breadcrumb\"},\"inLanguage\":\"en-US\",\"potentialAction\":[{\"@type\":\"ReadAction\",\"target\":[\"https:\/\/rutana.lt\/produktas\/tualetinis-popierius-3-sluoksniu-classic-24-vnt-ooops\/\"]}]},{\"@type\":\"ImageObject\",\"inLanguage\":\"en-US\",\"@id\":\"https:\/\/rutana.lt\/produktas\/tualetinis-popierius-3-sluoksniu-classic-24-vnt-ooops\/#primaryimage\",\"url\":\"https:\/\/rutana.lt\/wp-content\/uploads\/2025\/09\/A081-002-1.jpg?v=1763563480\",\"contentUrl\":\"https:\/\/rutana.lt\/wp-content\/uploads\/2025\/09\/A081-002-1.jpg?v=1763563480\",\"width\":1000,\"height\":1000},{\"@type\":\"BreadcrumbList\",\"@id\":\"https:\/\/rutana.lt\/produktas\/tualetinis-popierius-3-sluoksniu-classic-24-vnt-ooops\/#breadcrumb\",\"itemListElement\":[{\"@type\":\"ListItem\",\"position\":1,\"name\":\"Home\",\"item\":\"https:\/\/rutana.lt\/\"},{\"@type\":\"ListItem\",\"position\":2,\"name\":\"Parduotuv\u0117\",\"item\":\"https:\/\/rutana.lt\/parduotuve\/\"},{\"@type\":\"ListItem\",\"position\":3,\"name\":\"Tualetinis popierius 3 sluoksni\u0173 &#8222;Classic&#8221; 24 vnt. Ooops!\"}]},{\"@type\":\"WebSite\",\"@id\":\"https:\/\/rutana.lt\/#website\",\"url\":\"https:\/\/rutana.lt\/\",\"name\":\"Rutana - Ra\u0161tin\u0117s reikmenys\",\"description\":\"Prekiaujame pasaulin\u0117je rinkoje pripa\u017eintomis, kokybi\u0161komis biuro prek\u0117mis toki\u0173  gamintoj\u0173 kaip: Schneider, Esselte, Novus, 3M, Faber-Castell, Citizen, Milan, Leitz, Colop, Zebra, Staedtler, Durable, Tork, Parker, Waterman ir kt.\",\"publisher\":{\"@id\":\"https:\/\/rutana.lt\/#organization\"},\"potentialAction\":[{\"@type\":\"SearchAction\",\"target\":{\"@type\":\"EntryPoint\",\"urlTemplate\":\"https:\/\/rutana.lt\/?s={search_term_string}\"},\"query-input\":{\"@type\":\"PropertyValueSpecification\",\"valueRequired\":true,\"valueName\":\"search_term_string\"}}],\"inLanguage\":\"en-US\"},{\"@type\":\"Organization\",\"@id\":\"https:\/\/rutana.lt\/#organization\",\"name\":\"Rutana - Ra\u0161tin\u0117s reikmenys\",\"url\":\"https:\/\/rutana.lt\/\",\"logo\":{\"@type\":\"ImageObject\",\"inLanguage\":\"en-US\",\"@id\":\"https:\/\/rutana.lt\/#\/schema\/logo\/image\/\",\"url\":\"https:\/\/rutana.lt\/wp-content\/uploads\/2025\/10\/Asset-32.png\",\"contentUrl\":\"https:\/\/rutana.lt\/wp-content\/uploads\/2025\/10\/Asset-32.png\",\"width\":433,\"height\":119,\"caption\":\"Rutana - Ra\u0161tin\u0117s reikmenys\"},\"image\":{\"@id\":\"https:\/\/rutana.lt\/#\/schema\/logo\/image\/\"},\"sameAs\":[\"https:\/\/www.facebook.com\/RutanaKanceliarinesPrekes\/\"]}]}<\/script>\n<!-- \/ Yoast SEO plugin. -->","yoast_head_json":{"title":"Tualetinis popierius 3 sluoksni\u0173 \"Classic\" 24 vnt. Ooops! - Rutana - Ra\u0161tin\u0117s reikmenys","robots":{"index":"index","follow":"follow","max-snippet":"max-snippet:-1","max-image-preview":"max-image-preview:large","max-video-preview":"max-video-preview:-1"},"canonical":"https:\/\/rutana.lt\/en\/product\/tualetinis-popierius-3-sluoksniu-classic-24-vnt-ooops\/","og_locale":"en_US","og_type":"article","og_title":"Tualetinis popierius 3 sluoksni\u0173 \"Classic\" 24 vnt. Ooops! - Rutana - Ra\u0161tin\u0117s reikmenys","og_description":"Auk\u0161\u010diausios kokyb\u0117s, trij\u0173 sluoksni\u0173 tualetinis popierius. Auk\u0161\u010diausios kokyb\u0117s mink\u0161tumo, standartinio ritin\u0117lio ilgio ir lapo dyd\u017eio produktas. Pakuot\u0117s turi lengvai atidaromus kampus. D\u0117l kompakti\u0161ko ritin\u0117lio ir ma\u017eesnio skersmens sunaudojama ma\u017eiau pakavimo med\u017eiagos. Pakuot\u0117 pagaminta i\u0161 60 % perdirbto plastiko, tausojant aplink\u0105. Rulon\u0117li\u0173 kiekis pakuot\u0117je: 24 Sluoksniai: 3 Spalva: balta Perforacija: taip Kilm\u0117s \u0161alis: Vengrija","og_url":"https:\/\/rutana.lt\/en\/product\/tualetinis-popierius-3-sluoksniu-classic-24-vnt-ooops\/","og_site_name":"Rutana - Ra\u0161tin\u0117s reikmenys","article_publisher":"https:\/\/www.facebook.com\/RutanaKanceliarinesPrekes\/","article_modified_time":"2025-10-13T13:59:38+00:00","og_image":[{"width":1000,"height":1000,"url":"https:\/\/rutana.lt\/wp-content\/uploads\/2025\/09\/A081-002.jpg","type":"image\/jpeg"}],"twitter_card":"summary_large_image","schema":{"@context":"https:\/\/schema.org","@graph":[{"@type":"WebPage","@id":"https:\/\/rutana.lt\/produktas\/tualetinis-popierius-3-sluoksniu-classic-24-vnt-ooops\/","url":"https:\/\/rutana.lt\/produktas\/tualetinis-popierius-3-sluoksniu-classic-24-vnt-ooops\/","name":"Tualetinis popierius 3 sluoksni\u0173 \"Classic\" 24 vnt. Ooops! - Rutana - Ra\u0161tin\u0117s reikmenys","isPartOf":{"@id":"https:\/\/rutana.lt\/#website"},"primaryImageOfPage":{"@id":"https:\/\/rutana.lt\/produktas\/tualetinis-popierius-3-sluoksniu-classic-24-vnt-ooops\/#primaryimage"},"image":{"@id":"https:\/\/rutana.lt\/produktas\/tualetinis-popierius-3-sluoksniu-classic-24-vnt-ooops\/#primaryimage"},"thumbnailUrl":"https:\/\/rutana.lt\/wp-content\/uploads\/2025\/09\/A081-002-1.jpg?v=1763563480","datePublished":"2025-09-03T08:06:58+00:00","dateModified":"2025-10-13T13:59:38+00:00","breadcrumb":{"@id":"https:\/\/rutana.lt\/produktas\/tualetinis-popierius-3-sluoksniu-classic-24-vnt-ooops\/#breadcrumb"},"inLanguage":"en-US","potentialAction":[{"@type":"ReadAction","target":["https:\/\/rutana.lt\/produktas\/tualetinis-popierius-3-sluoksniu-classic-24-vnt-ooops\/"]}]},{"@type":"ImageObject","inLanguage":"en-US","@id":"https:\/\/rutana.lt\/produktas\/tualetinis-popierius-3-sluoksniu-classic-24-vnt-ooops\/#primaryimage","url":"https:\/\/rutana.lt\/wp-content\/uploads\/2025\/09\/A081-002-1.jpg?v=1763563480","contentUrl":"https:\/\/rutana.lt\/wp-content\/uploads\/2025\/09\/A081-002-1.jpg?v=1763563480","width":1000,"height":1000},{"@type":"BreadcrumbList","@id":"https:\/\/rutana.lt\/produktas\/tualetinis-popierius-3-sluoksniu-classic-24-vnt-ooops\/#breadcrumb","itemListElement":[{"@type":"ListItem","position":1,"name":"Home","item":"https:\/\/rutana.lt\/"},{"@type":"ListItem","position":2,"name":"Parduotuv\u0117","item":"https:\/\/rutana.lt\/parduotuve\/"},{"@type":"ListItem","position":3,"name":"Tualetinis popierius 3 sluoksni\u0173 &#8222;Classic&#8221; 24 vnt. Ooops!"}]},{"@type":"WebSite","@id":"https:\/\/rutana.lt\/#website","url":"https:\/\/rutana.lt\/","name":"Rutana - Ra\u0161tin\u0117s reikmenys","description":"Prekiaujame pasaulin\u0117je rinkoje pripa\u017eintomis, kokybi\u0161komis biuro prek\u0117mis toki\u0173  gamintoj\u0173 kaip: Schneider, Esselte, Novus, 3M, Faber-Castell, Citizen, Milan, Leitz, Colop, Zebra, Staedtler, Durable, Tork, Parker, Waterman ir kt.","publisher":{"@id":"https:\/\/rutana.lt\/#organization"},"potentialAction":[{"@type":"SearchAction","target":{"@type":"EntryPoint","urlTemplate":"https:\/\/rutana.lt\/?s={search_term_string}"},"query-input":{"@type":"PropertyValueSpecification","valueRequired":true,"valueName":"search_term_string"}}],"inLanguage":"en-US"},{"@type":"Organization","@id":"https:\/\/rutana.lt\/#organization","name":"Rutana - Ra\u0161tin\u0117s reikmenys","url":"https:\/\/rutana.lt\/","logo":{"@type":"ImageObject","inLanguage":"en-US","@id":"https:\/\/rutana.lt\/#\/schema\/logo\/image\/","url":"https:\/\/rutana.lt\/wp-content\/uploads\/2025\/10\/Asset-32.png","contentUrl":"https:\/\/rutana.lt\/wp-content\/uploads\/2025\/10\/Asset-32.png","width":433,"height":119,"caption":"Rutana - Ra\u0161tin\u0117s reikmenys"},"image":{"@id":"https:\/\/rutana.lt\/#\/schema\/logo\/image\/"},"sameAs":["https:\/\/www.facebook.com\/RutanaKanceliarinesPrekes\/"]}]}},"_links":{"self":[{"href":"https:\/\/rutana.lt\/en\/wp-json\/wp\/v2\/product\/19549","targetHints":{"allow":["GET"]}}],"collection":[{"href":"https:\/\/rutana.lt\/en\/wp-json\/wp\/v2\/product"}],"about":[{"href":"https:\/\/rutana.lt\/en\/wp-json\/wp\/v2\/types\/product"}],"replies":[{"embeddable":true,"href":"https:\/\/rutana.lt\/en\/wp-json\/wp\/v2\/comments?post=19549"}],"version-history":[{"count":1,"href":"https:\/\/rutana.lt\/en\/wp-json\/wp\/v2\/product\/19549\/revisions"}],"predecessor-version":[{"id":19581,"href":"https:\/\/rutana.lt\/en\/wp-json\/wp\/v2\/product\/19549\/revisions\/19581"}],"wp:featuredmedia":[{"embeddable":true,"href":"https:\/\/rutana.lt\/en\/wp-json\/wp\/v2\/media\/30101"}],"wp:attachment":[{"href":"https:\/\/rutana.lt\/en\/wp-json\/wp\/v2\/media?parent=19549"}],"wp:term":[{"taxonomy":"product_brand","embeddable":true,"href":"https:\/\/rutana.lt\/en\/wp-json\/wp\/v2\/product_brand?post=19549"},{"taxonomy":"product_cat","embeddable":true,"href":"https:\/\/rutana.lt\/en\/wp-json\/wp\/v2\/product_cat?post=19549"},{"taxonomy":"product_tag","embeddable":true,"href":"https:\/\/rutana.lt\/en\/wp-json\/wp\/v2\/product_tag?post=19549"}],"curies":[{"name":"wp","href":"https:\/\/api.w.org\/{rel}","templated":true}]}}