{"id":19437,"date":"2025-09-03T10:06:12","date_gmt":"2025-09-03T08:06:12","guid":{"rendered":"https:\/\/rutana.webdemo.lt\/?post_type=product&#038;p=19437"},"modified":"2025-10-13T15:59:25","modified_gmt":"2025-10-13T13:59:25","slug":"purskiamu-kvapu-meginuku-rinkinys-24-vnt-aromatic-89","status":"publish","type":"product","link":"https:\/\/rutana.lt\/en\/product\/purskiamu-kvapu-meginuku-rinkinys-24-vnt-aromatic-89\/","title":{"rendered":"Pur\u0161kiam\u0173 kvap\u0173 m\u0117ginuk\u0173 rinkinys 24 vnt. Aromatic 89"},"content":{"rendered":"<p>Ar nesate tikri, kuris kvapas yra tinkamiausias j\u016bs\u0173 namams? Si\u016blome pur\u0161kiam\u0173 kvap\u0173 m\u0117ginuk\u0173 rinkin\u012f, kuriame rasite 24 i\u0161skirtinius kvapus.<\/p>\n<p style=\"box-sizing: inherit; margin-bottom: 1rem; padding: 0px; transition: 0.3s;\"><span class=\"x4k7w5x x1h91t0o x1h9r5lt xv2umb2 x1beo9mf xaigb6o x12ejxvf x3igimt xarpa2k xedcshv x1lytzrv x1t2pt76 x7ja8zs x1qrby5j x1jfb8zj\" style=\"box-sizing: inherit; margin: 0px; padding: 0px; transition: 0.3s;\">Puikus b\u016bdas atrasti tinkam\u0105 kvap\u0105 savo namams yra m\u016bs\u0173 rinkinys, kuriame rasite 24 i\u0161skirtinius kvapus. Patog\u016bs pur\u0161kiami buteliukai leid\u017eia jums i\u0161bandyti kvapus j\u016bs\u0173 erdv\u0117je, prie\u0161 pasirenkant nam\u0173 kvap\u0173 ar \u017evak\u0117s kvap\u0105. A<\/span>sortimente yra platus kvap\u0173 nat\u0173 pasirinkimas, pradedant nuo vaisi\u0173 ir g\u0117li\u0173 iki med\u017ei\u0173 ir prieskoni\u0173, tod\u0117l tikrai rasite tinkam\u0105 ir \u0161veln\u0173 aromat\u0105 savo namams, kuris puikiai papildys j\u016bs\u0173 nam\u0173 dekor\u0105 ir sukurs norim\u0105 nam\u0173 atmosfer\u0105!<\/p>\n<p class=\"MsoNoSpacing\">Talpa: 5 ml<\/p>\n<p class=\"MsoNoSpacing\">Kiekis: 24 vnt.<\/p>\n<p>Kilm\u0117s \u0161alis: Lietuva<\/p>\n<p><\/p>\n<p><iframe src=\"\/\/www.youtube.com\/embed\/kSkUoYJDbVQ\" width=\"640\" height=\"360\" frameborder=\"0\"><\/iframe><\/p>\n<p><\/p>\n<p class=\"MsoNoSpacing\"><o:p><br \/><\/o:p><\/p>","protected":false},"excerpt":{"rendered":"<p>Ar nesate tikri, kuris kvapas yra tinkamiausias j\u016bs\u0173 namams? Si\u016blome pur\u0161kiam\u0173 kvap\u0173 m\u0117ginuk\u0173 rinkin\u012f, kuriame rasite 24 i\u0161skirtinius kvapus. Puikus b\u016bdas atrasti tinkam\u0105 kvap\u0105 savo namams yra m\u016bs\u0173 rinkinys, kuriame rasite 24 i\u0161skirtinius kvapus. Patog\u016bs pur\u0161kiami buteliukai leid\u017eia jums i\u0161bandyti kvapus j\u016bs\u0173 erdv\u0117je, prie\u0161 pasirenkant nam\u0173 kvap\u0173 ar \u017evak\u0117s kvap\u0105. Asortimente yra platus kvap\u0173 nat\u0173 [&hellip;]<\/p>","protected":false},"featured_media":30067,"comment_status":"open","ping_status":"closed","template":"","meta":{"_season_start":"","_season_end":"","_season_days":"","_season_months":"","_season_auto_visibility":""},"product_brand":[789],"product_cat":[1703],"product_tag":[],"class_list":{"0":"post-19437","1":"product","2":"type-product","3":"status-publish","4":"has-post-thumbnail","6":"product_brand-aromatic-89","7":"product_cat-parfumuoti-kvapai","9":"first","10":"instock","11":"taxable","12":"shipping-taxable","13":"purchasable","14":"product-type-simple"},"yoast_head":"<!-- This site is optimized with the Yoast SEO plugin v27.4 - https:\/\/yoast.com\/product\/yoast-seo-wordpress\/ -->\n<title>Pur\u0161kiam\u0173 kvap\u0173 m\u0117ginuk\u0173 rinkinys 24 vnt. Aromatic 89 - Rutana - Ra\u0161tin\u0117s reikmenys<\/title>\n<meta name=\"robots\" content=\"index, follow, max-snippet:-1, max-image-preview:large, max-video-preview:-1\" \/>\n<link rel=\"canonical\" href=\"https:\/\/rutana.lt\/en\/product\/purskiamu-kvapu-meginuku-rinkinys-24-vnt-aromatic-89\/\" \/>\n<meta property=\"og:locale\" content=\"en_US\" \/>\n<meta property=\"og:type\" content=\"article\" \/>\n<meta property=\"og:title\" content=\"Pur\u0161kiam\u0173 kvap\u0173 m\u0117ginuk\u0173 rinkinys 24 vnt. Aromatic 89 - Rutana - Ra\u0161tin\u0117s reikmenys\" \/>\n<meta property=\"og:description\" content=\"Ar nesate tikri, kuris kvapas yra tinkamiausias j\u016bs\u0173 namams? Si\u016blome pur\u0161kiam\u0173 kvap\u0173 m\u0117ginuk\u0173 rinkin\u012f, kuriame rasite 24 i\u0161skirtinius kvapus. Puikus b\u016bdas atrasti tinkam\u0105 kvap\u0105 savo namams yra m\u016bs\u0173 rinkinys, kuriame rasite 24 i\u0161skirtinius kvapus. Patog\u016bs pur\u0161kiami buteliukai leid\u017eia jums i\u0161bandyti kvapus j\u016bs\u0173 erdv\u0117je, prie\u0161 pasirenkant nam\u0173 kvap\u0173 ar \u017evak\u0117s kvap\u0105. Asortimente yra platus kvap\u0173 nat\u0173 [&hellip;]\" \/>\n<meta property=\"og:url\" content=\"https:\/\/rutana.lt\/en\/product\/purskiamu-kvapu-meginuku-rinkinys-24-vnt-aromatic-89\/\" \/>\n<meta property=\"og:site_name\" content=\"Rutana - Ra\u0161tin\u0117s reikmenys\" \/>\n<meta property=\"article:publisher\" content=\"https:\/\/www.facebook.com\/RutanaKanceliarinesPrekes\/\" \/>\n<meta property=\"article:modified_time\" content=\"2025-10-13T13:59:25+00:00\" \/>\n<meta property=\"og:image\" content=\"https:\/\/rutana.lt\/wp-content\/uploads\/2025\/09\/B196-364.jpg\" \/>\n\t<meta property=\"og:image:width\" content=\"1000\" \/>\n\t<meta property=\"og:image:height\" content=\"1000\" \/>\n\t<meta property=\"og:image:type\" content=\"image\/jpeg\" \/>\n<meta name=\"twitter:card\" content=\"summary_large_image\" \/>\n<meta name=\"twitter:label1\" content=\"Est. reading time\" \/>\n\t<meta name=\"twitter:data1\" content=\"1 minute\" \/>\n<script type=\"application\/ld+json\" class=\"yoast-schema-graph\">{\"@context\":\"https:\\\/\\\/schema.org\",\"@graph\":[{\"@type\":\"WebPage\",\"@id\":\"https:\\\/\\\/rutana.lt\\\/produktas\\\/purskiamu-kvapu-meginuku-rinkinys-24-vnt-aromatic-89\\\/\",\"url\":\"https:\\\/\\\/rutana.lt\\\/produktas\\\/purskiamu-kvapu-meginuku-rinkinys-24-vnt-aromatic-89\\\/\",\"name\":\"Pur\u0161kiam\u0173 kvap\u0173 m\u0117ginuk\u0173 rinkinys 24 vnt. Aromatic 89 - Rutana - Ra\u0161tin\u0117s reikmenys\",\"isPartOf\":{\"@id\":\"https:\\\/\\\/rutana.lt\\\/#website\"},\"primaryImageOfPage\":{\"@id\":\"https:\\\/\\\/rutana.lt\\\/produktas\\\/purskiamu-kvapu-meginuku-rinkinys-24-vnt-aromatic-89\\\/#primaryimage\"},\"image\":{\"@id\":\"https:\\\/\\\/rutana.lt\\\/produktas\\\/purskiamu-kvapu-meginuku-rinkinys-24-vnt-aromatic-89\\\/#primaryimage\"},\"thumbnailUrl\":\"https:\\\/\\\/rutana.lt\\\/wp-content\\\/uploads\\\/2025\\\/09\\\/B196-364-1.jpg?v=1763563541\",\"datePublished\":\"2025-09-03T08:06:12+00:00\",\"dateModified\":\"2025-10-13T13:59:25+00:00\",\"breadcrumb\":{\"@id\":\"https:\\\/\\\/rutana.lt\\\/produktas\\\/purskiamu-kvapu-meginuku-rinkinys-24-vnt-aromatic-89\\\/#breadcrumb\"},\"inLanguage\":\"en-US\",\"potentialAction\":[{\"@type\":\"ReadAction\",\"target\":[\"https:\\\/\\\/rutana.lt\\\/produktas\\\/purskiamu-kvapu-meginuku-rinkinys-24-vnt-aromatic-89\\\/\"]}]},{\"@type\":\"ImageObject\",\"inLanguage\":\"en-US\",\"@id\":\"https:\\\/\\\/rutana.lt\\\/produktas\\\/purskiamu-kvapu-meginuku-rinkinys-24-vnt-aromatic-89\\\/#primaryimage\",\"url\":\"https:\\\/\\\/rutana.lt\\\/wp-content\\\/uploads\\\/2025\\\/09\\\/B196-364-1.jpg?v=1763563541\",\"contentUrl\":\"https:\\\/\\\/rutana.lt\\\/wp-content\\\/uploads\\\/2025\\\/09\\\/B196-364-1.jpg?v=1763563541\",\"width\":1000,\"height\":1000},{\"@type\":\"BreadcrumbList\",\"@id\":\"https:\\\/\\\/rutana.lt\\\/produktas\\\/purskiamu-kvapu-meginuku-rinkinys-24-vnt-aromatic-89\\\/#breadcrumb\",\"itemListElement\":[{\"@type\":\"ListItem\",\"position\":1,\"name\":\"Home\",\"item\":\"https:\\\/\\\/rutana.lt\\\/\"},{\"@type\":\"ListItem\",\"position\":2,\"name\":\"Parduotuv\u0117\",\"item\":\"https:\\\/\\\/rutana.lt\\\/parduotuve\\\/\"},{\"@type\":\"ListItem\",\"position\":3,\"name\":\"Pur\u0161kiam\u0173 kvap\u0173 m\u0117ginuk\u0173 rinkinys 24 vnt. Aromatic 89\"}]},{\"@type\":\"WebSite\",\"@id\":\"https:\\\/\\\/rutana.lt\\\/#website\",\"url\":\"https:\\\/\\\/rutana.lt\\\/\",\"name\":\"Rutana - Ra\u0161tin\u0117s reikmenys\",\"description\":\"Prekiaujame pasaulin\u0117je rinkoje pripa\u017eintomis, kokybi\u0161komis biuro prek\u0117mis toki\u0173  gamintoj\u0173 kaip: Schneider, Esselte, Novus, 3M, Faber-Castell, Citizen, Milan, Leitz, Colop, Zebra, Staedtler, Durable, Tork, Parker, Waterman ir kt.\",\"publisher\":{\"@id\":\"https:\\\/\\\/rutana.lt\\\/#organization\"},\"potentialAction\":[{\"@type\":\"SearchAction\",\"target\":{\"@type\":\"EntryPoint\",\"urlTemplate\":\"https:\\\/\\\/rutana.lt\\\/?s={search_term_string}\"},\"query-input\":{\"@type\":\"PropertyValueSpecification\",\"valueRequired\":true,\"valueName\":\"search_term_string\"}}],\"inLanguage\":\"en-US\"},{\"@type\":\"Organization\",\"@id\":\"https:\\\/\\\/rutana.lt\\\/#organization\",\"name\":\"Rutana - Ra\u0161tin\u0117s reikmenys\",\"url\":\"https:\\\/\\\/rutana.lt\\\/\",\"logo\":{\"@type\":\"ImageObject\",\"inLanguage\":\"en-US\",\"@id\":\"https:\\\/\\\/rutana.lt\\\/#\\\/schema\\\/logo\\\/image\\\/\",\"url\":\"https:\\\/\\\/rutana.lt\\\/wp-content\\\/uploads\\\/2025\\\/10\\\/Asset-32.png\",\"contentUrl\":\"https:\\\/\\\/rutana.lt\\\/wp-content\\\/uploads\\\/2025\\\/10\\\/Asset-32.png\",\"width\":433,\"height\":119,\"caption\":\"Rutana - Ra\u0161tin\u0117s reikmenys\"},\"image\":{\"@id\":\"https:\\\/\\\/rutana.lt\\\/#\\\/schema\\\/logo\\\/image\\\/\"},\"sameAs\":[\"https:\\\/\\\/www.facebook.com\\\/RutanaKanceliarinesPrekes\\\/\"]}]}<\/script>\n<!-- \/ Yoast SEO plugin. -->","yoast_head_json":{"title":"Pur\u0161kiam\u0173 kvap\u0173 m\u0117ginuk\u0173 rinkinys 24 vnt. Aromatic 89 - Rutana - Ra\u0161tin\u0117s reikmenys","robots":{"index":"index","follow":"follow","max-snippet":"max-snippet:-1","max-image-preview":"max-image-preview:large","max-video-preview":"max-video-preview:-1"},"canonical":"https:\/\/rutana.lt\/en\/product\/purskiamu-kvapu-meginuku-rinkinys-24-vnt-aromatic-89\/","og_locale":"en_US","og_type":"article","og_title":"Pur\u0161kiam\u0173 kvap\u0173 m\u0117ginuk\u0173 rinkinys 24 vnt. Aromatic 89 - Rutana - Ra\u0161tin\u0117s reikmenys","og_description":"Ar nesate tikri, kuris kvapas yra tinkamiausias j\u016bs\u0173 namams? Si\u016blome pur\u0161kiam\u0173 kvap\u0173 m\u0117ginuk\u0173 rinkin\u012f, kuriame rasite 24 i\u0161skirtinius kvapus. Puikus b\u016bdas atrasti tinkam\u0105 kvap\u0105 savo namams yra m\u016bs\u0173 rinkinys, kuriame rasite 24 i\u0161skirtinius kvapus. Patog\u016bs pur\u0161kiami buteliukai leid\u017eia jums i\u0161bandyti kvapus j\u016bs\u0173 erdv\u0117je, prie\u0161 pasirenkant nam\u0173 kvap\u0173 ar \u017evak\u0117s kvap\u0105. Asortimente yra platus kvap\u0173 nat\u0173 [&hellip;]","og_url":"https:\/\/rutana.lt\/en\/product\/purskiamu-kvapu-meginuku-rinkinys-24-vnt-aromatic-89\/","og_site_name":"Rutana - Ra\u0161tin\u0117s reikmenys","article_publisher":"https:\/\/www.facebook.com\/RutanaKanceliarinesPrekes\/","article_modified_time":"2025-10-13T13:59:25+00:00","og_image":[{"width":1000,"height":1000,"url":"https:\/\/rutana.lt\/wp-content\/uploads\/2025\/09\/B196-364.jpg","type":"image\/jpeg"}],"twitter_card":"summary_large_image","twitter_misc":{"Est. reading time":"1 minute"},"schema":{"@context":"https:\/\/schema.org","@graph":[{"@type":"WebPage","@id":"https:\/\/rutana.lt\/produktas\/purskiamu-kvapu-meginuku-rinkinys-24-vnt-aromatic-89\/","url":"https:\/\/rutana.lt\/produktas\/purskiamu-kvapu-meginuku-rinkinys-24-vnt-aromatic-89\/","name":"Pur\u0161kiam\u0173 kvap\u0173 m\u0117ginuk\u0173 rinkinys 24 vnt. Aromatic 89 - Rutana - Ra\u0161tin\u0117s reikmenys","isPartOf":{"@id":"https:\/\/rutana.lt\/#website"},"primaryImageOfPage":{"@id":"https:\/\/rutana.lt\/produktas\/purskiamu-kvapu-meginuku-rinkinys-24-vnt-aromatic-89\/#primaryimage"},"image":{"@id":"https:\/\/rutana.lt\/produktas\/purskiamu-kvapu-meginuku-rinkinys-24-vnt-aromatic-89\/#primaryimage"},"thumbnailUrl":"https:\/\/rutana.lt\/wp-content\/uploads\/2025\/09\/B196-364-1.jpg?v=1763563541","datePublished":"2025-09-03T08:06:12+00:00","dateModified":"2025-10-13T13:59:25+00:00","breadcrumb":{"@id":"https:\/\/rutana.lt\/produktas\/purskiamu-kvapu-meginuku-rinkinys-24-vnt-aromatic-89\/#breadcrumb"},"inLanguage":"en-US","potentialAction":[{"@type":"ReadAction","target":["https:\/\/rutana.lt\/produktas\/purskiamu-kvapu-meginuku-rinkinys-24-vnt-aromatic-89\/"]}]},{"@type":"ImageObject","inLanguage":"en-US","@id":"https:\/\/rutana.lt\/produktas\/purskiamu-kvapu-meginuku-rinkinys-24-vnt-aromatic-89\/#primaryimage","url":"https:\/\/rutana.lt\/wp-content\/uploads\/2025\/09\/B196-364-1.jpg?v=1763563541","contentUrl":"https:\/\/rutana.lt\/wp-content\/uploads\/2025\/09\/B196-364-1.jpg?v=1763563541","width":1000,"height":1000},{"@type":"BreadcrumbList","@id":"https:\/\/rutana.lt\/produktas\/purskiamu-kvapu-meginuku-rinkinys-24-vnt-aromatic-89\/#breadcrumb","itemListElement":[{"@type":"ListItem","position":1,"name":"Home","item":"https:\/\/rutana.lt\/"},{"@type":"ListItem","position":2,"name":"Parduotuv\u0117","item":"https:\/\/rutana.lt\/parduotuve\/"},{"@type":"ListItem","position":3,"name":"Pur\u0161kiam\u0173 kvap\u0173 m\u0117ginuk\u0173 rinkinys 24 vnt. Aromatic 89"}]},{"@type":"WebSite","@id":"https:\/\/rutana.lt\/#website","url":"https:\/\/rutana.lt\/","name":"Rutana - Ra\u0161tin\u0117s reikmenys","description":"Prekiaujame pasaulin\u0117je rinkoje pripa\u017eintomis, kokybi\u0161komis biuro prek\u0117mis toki\u0173  gamintoj\u0173 kaip: Schneider, Esselte, Novus, 3M, Faber-Castell, Citizen, Milan, Leitz, Colop, Zebra, Staedtler, Durable, Tork, Parker, Waterman ir kt.","publisher":{"@id":"https:\/\/rutana.lt\/#organization"},"potentialAction":[{"@type":"SearchAction","target":{"@type":"EntryPoint","urlTemplate":"https:\/\/rutana.lt\/?s={search_term_string}"},"query-input":{"@type":"PropertyValueSpecification","valueRequired":true,"valueName":"search_term_string"}}],"inLanguage":"en-US"},{"@type":"Organization","@id":"https:\/\/rutana.lt\/#organization","name":"Rutana - Ra\u0161tin\u0117s reikmenys","url":"https:\/\/rutana.lt\/","logo":{"@type":"ImageObject","inLanguage":"en-US","@id":"https:\/\/rutana.lt\/#\/schema\/logo\/image\/","url":"https:\/\/rutana.lt\/wp-content\/uploads\/2025\/10\/Asset-32.png","contentUrl":"https:\/\/rutana.lt\/wp-content\/uploads\/2025\/10\/Asset-32.png","width":433,"height":119,"caption":"Rutana - Ra\u0161tin\u0117s reikmenys"},"image":{"@id":"https:\/\/rutana.lt\/#\/schema\/logo\/image\/"},"sameAs":["https:\/\/www.facebook.com\/RutanaKanceliarinesPrekes\/"]}]}},"_links":{"self":[{"href":"https:\/\/rutana.lt\/en\/wp-json\/wp\/v2\/product\/19437","targetHints":{"allow":["GET"]}}],"collection":[{"href":"https:\/\/rutana.lt\/en\/wp-json\/wp\/v2\/product"}],"about":[{"href":"https:\/\/rutana.lt\/en\/wp-json\/wp\/v2\/types\/product"}],"replies":[{"embeddable":true,"href":"https:\/\/rutana.lt\/en\/wp-json\/wp\/v2\/comments?post=19437"}],"version-history":[{"count":1,"href":"https:\/\/rutana.lt\/en\/wp-json\/wp\/v2\/product\/19437\/revisions"}],"predecessor-version":[{"id":19474,"href":"https:\/\/rutana.lt\/en\/wp-json\/wp\/v2\/product\/19437\/revisions\/19474"}],"wp:featuredmedia":[{"embeddable":true,"href":"https:\/\/rutana.lt\/en\/wp-json\/wp\/v2\/media\/30067"}],"wp:attachment":[{"href":"https:\/\/rutana.lt\/en\/wp-json\/wp\/v2\/media?parent=19437"}],"wp:term":[{"taxonomy":"product_brand","embeddable":true,"href":"https:\/\/rutana.lt\/en\/wp-json\/wp\/v2\/product_brand?post=19437"},{"taxonomy":"product_cat","embeddable":true,"href":"https:\/\/rutana.lt\/en\/wp-json\/wp\/v2\/product_cat?post=19437"},{"taxonomy":"product_tag","embeddable":true,"href":"https:\/\/rutana.lt\/en\/wp-json\/wp\/v2\/product_tag?post=19437"}],"curies":[{"name":"wp","href":"https:\/\/api.w.org\/{rel}","templated":true}]}}